{"id":3898,"date":"2025-03-19T07:31:04","date_gmt":"2025-03-19T07:31:04","guid":{"rendered":"https:\/\/vapestornado.com\/?post_type=product&#038;p=3898"},"modified":"2025-08-23T11:44:33","modified_gmt":"2025-08-23T11:44:33","slug":"zooy-zero-45000-45k-puff-touch-screen-disposable-vape-wholesale","status":"publish","type":"product","link":"https:\/\/vapestornado.com\/da\/product\/zooy-zero-45000-45k-puff-touch-screen-disposable-vape-wholesale\/","title":{"rendered":"ZOOY Zero 45000 45K Puff Touch Screen engangs vape engros"},"content":{"rendered":"<h1 data-pm-slice=\"1 1 []\">ZOOY Zero 45000 45K Puff Touch Screen engangs vape engros<\/h1>\n<p data-start=\"184\" data-end=\"550\">Den <strong data-start=\"188\" data-end=\"242\">ZOOY Zero 45000 Pust Touchscreen Engangs-Vape<\/strong> kombinerer banebrydende teknologi og langvarig ydeevne, hvilket g\u00f8r den til et st\u00e6rkt valg for <strong data-start=\"343\" data-end=\"383\">grossister og detailhandlere<\/strong>. Med en imponerende <strong data-start=\"404\" data-end=\"428\">45.000 puffs kapacitet<\/strong> og en stor <strong data-start=\"441\" data-end=\"468\">35 ml e-v\u00e6ske reservoir<\/strong>leverer den enest\u00e5ende v\u00e6rdi for kunder, der s\u00f8ger udholdenhed og p\u00e5lidelighed.<\/p>\n<p data-start=\"552\" data-end=\"880\">En indbygget <strong data-start=\"563\" data-end=\"585\">smart touchsk\u00e6rm<\/strong> adskiller denne enhed, hvilket giver brugerne realtidsvisning af puffantal, batteriniveau og resterende e-v\u00e6ske. Drevet af en holdbar <strong data-start=\"719\" data-end=\"743\">genopladeligt batteri<\/strong> med <strong data-start=\"749\" data-end=\"773\">Type-C hurtigopladning<\/strong>, minimerer ZOOY Zero nedetid og sikrer en ensartet oplevelse for b\u00e5de tunge og afslappede dampere.<\/p>\n<p data-start=\"882\" data-end=\"1248\">Med <strong data-start=\"887\" data-end=\"930\">nikotinsalt muligheder p\u00e5 2%, 3% og 5%<\/strong>, tilpasser ZOOY Zero sig til forskellige pr\u00e6ferencer. Den <strong data-start=\"983\" data-end=\"1012\">justerbare luftstr\u00f8mssystem<\/strong> giver brugerne mulighed for at skifte mellem j\u00e6vne sug og t\u00e6tte skyer, der im\u00f8dekommer b\u00e5de MTL- og DTL-dampningsstile. Stilfuld, kompakt og b\u00e6rbar, den kombinerer praktisk anvendelighed med f\u00f8rsteklasses \u00e6stetik - ideel til butikker, der er m\u00e5lrettet det europ\u00e6iske marked.<\/p>\n<p data-start=\"1250\" data-end=\"1445\">For grossister tilbyder <strong data-start=\"1271\" data-end=\"1306\">ZOOY Zero 45K Touch Sk\u00e6rm Vape<\/strong> tilbyder en overbevisende blanding af <strong data-start=\"1334\" data-end=\"1392\">innovation, bulk-venlige priser og forbrugerappel<\/strong>, hvilket g\u00f8r det til en rentabel tilf\u00f8jelse til ethvert lager.<\/p>\n<p data-start=\"666\" data-end=\"1235\"><strong style=\"font-size: 16px;\"><span style=\"color: #ff0000;\">Tilf\u00f8j Amy's WhatsApp for at f\u00e5 et direkte svar og en god pris!<\/span><\/strong><\/p>\n<p><img fetchpriority=\"high\" decoding=\"async\" class=\"size-full wp-image-2932\" src=\"https:\/\/vapestornado.com\/wp-content\/uploads\/2024\/12\/Vape-Wholesale.jpg\" alt=\"Vape Engros\" width=\"229\" height=\"300\" \/><\/p>\n<h3><a href=\"https:\/\/wa.me\/8617776015835\" target=\"_blank\" rel=\"noopener\"><span style=\"color: #ff0000;\"><strong>WhatsApp: +86 17776015835<\/strong><\/span><\/a><\/h3>\n<p>&nbsp;<\/p>\n<h2><strong>ZOOY Zero 45000 Puff Crystal Vape N\u00f8gleproduktfunktioner<\/strong><\/h2>\n<p>M\u00e6rke: ZOOY Vape<br \/>\nPuff kapacitet: Op til 45000 pust<br \/>\nE-v\u00e6ske: 35mL<br \/>\nNikotinstyrker: 0%, 2%, 3%, 5%<br \/>\nBatteri: 1000mAh genopladeligt batteri<br \/>\nOpladning: Type-C hurtigopladning<br \/>\nSpole type: Dobbelt mesh-spole for forbedret damp- og smagsproduktion<br \/>\nDisplay: Digitalt display for batterilevetid og e-v\u00e6ske niveauer<\/p>\n<h2 class=\"product-title\"><strong>ZOOY Zero 45k Puff Box Vape smagsliste<\/strong><\/h2>\n<article class=\"w-full text-token-text-primary focus-visible:outline-2 focus-visible:outline-offset-[-4px]\" dir=\"auto\" data-testid=\"conversation-turn-32\" data-scroll-anchor=\"false\">\n<div class=\"m-auto text-base py-[18px] px-6\">\n<div class=\"mx-auto flex flex-1 text-base gap-4 md:gap-5 lg:gap-6 md:max-w-3xl lg:max-w-[40rem] xl:max-w-[48rem]\">\n<div class=\"group\/conversation-turn relative flex w-full min-w-0 flex-col @xs\/thread:px-0 @sm\/thread:px-1.5 @md\/thread:px-4\">\n<div class=\"flex-col gap-1 md:gap-3\">\n<div class=\"flex max-w-full flex-col flex-grow\">\n<div class=\"min-h-8 text-message flex w-full flex-col items-end gap-2 whitespace-normal break-words text-start [.text-message+&amp;]:mt-5\" dir=\"auto\" data-message-author-role=\"user\" data-message-id=\"ffac41ca-1db4-431b-873a-32c4052956f1\">\n<div class=\"flex w-full flex-col gap-1 empty:hidden items-end rtl:items-start\">\n<div class=\"relative max-w-[var(--user-chat-width,70%)] rounded-3xl bg-token-message-surface px-5 py-2.5\">\n<div class=\"absolute bottom-0 right-full top-0 -mr-3.5 hidden pr-5 pt-2 [.group\/conversation-turn:hover_&amp;]:flex\">\n<div class=\"flex\">\n<article class=\"w-full text-token-text-primary focus-visible:outline-2 focus-visible:outline-offset-[-4px]\" dir=\"auto\" data-testid=\"conversation-turn-39\" data-scroll-anchor=\"true\">\n<div class=\"m-auto text-base py-[18px] px-6\">\n<div class=\"mx-auto flex flex-1 text-base gap-4 md:gap-5 lg:gap-6 md:max-w-3xl lg:max-w-[40rem] xl:max-w-[48rem]\">\n<div class=\"group\/conversation-turn relative flex w-full min-w-0 flex-col agent-turn @xs\/thread:px-0 @sm\/thread:px-1.5 @md\/thread:px-4\">\n<div class=\"flex-col gap-1 md:gap-3\">\n<div class=\"flex max-w-full flex-col flex-grow\">\n<div class=\"min-h-8 text-message flex w-full flex-col items-end gap-2 whitespace-normal break-words text-start [.text-message+&amp;]:mt-5\" dir=\"auto\" data-message-author-role=\"assistant\" data-message-id=\"55a23854-ec57-48dd-bd4f-6118f43d6241\" data-message-model-slug=\"gpt-4o\">\n<div class=\"flex w-full flex-col gap-1 empty:hidden first:pt-[3px]\">\n<div class=\"markdown prose w-full break-words dark:prose-invert light\">\n<p>1.Vandmelon is<br \/>\n2.Bl\u00e5b\u00e6r is <strong><span style=\"color: #ff0000;\">&gt;&gt;&gt;&gt; Hot!<\/span><\/strong><br \/>\n3.Jordb\u00e6r vandmelon<br \/>\n4.Citron Cola<br \/>\n5.Jordb\u00e6r Kiwi <strong><span style=\"color: #ff0000;\">&gt;&gt;&gt;&gt; Hot!<\/span><\/strong><br \/>\n6.Drue \u00e6ble<br \/>\n7.Jordb\u00e6r Appelsin Sodavand<br \/>\n8.Bl\u00e5 Razz Is <strong><span style=\"color: #ff0000;\">&gt;&gt;&gt;&gt; Hot!<\/span><\/strong><br \/>\n9. Bl\u00e5b\u00e6r Vandmelon <strong><span style=\"color: #ff0000;\">&gt;&gt;&gt;&gt; Bedst!<\/span><\/strong><br \/>\n10.Mango Passion Guava<\/p>\n<figure id=\"attachment_3895\" aria-describedby=\"caption-attachment-3895\" style=\"width: 800px\" class=\"wp-caption alignnone\"><img decoding=\"async\" class=\"wp-image-3895 size-full\" src=\"https:\/\/vapestornado.com\/wp-content\/uploads\/2025\/03\/Zooy-Zero-45000-Puff-Vape-Bulk-Buy.webp\" alt=\"Zooy Zero 45000 Puff Vape engrosk\u00f8b\" width=\"800\" height=\"800\" srcset=\"https:\/\/vapestornado.com\/wp-content\/uploads\/2025\/03\/Zooy-Zero-45000-Puff-Vape-Bulk-Buy.webp 800w, https:\/\/vapestornado.com\/wp-content\/uploads\/2025\/03\/Zooy-Zero-45000-Puff-Vape-Bulk-Buy-300x300.webp 300w, https:\/\/vapestornado.com\/wp-content\/uploads\/2025\/03\/Zooy-Zero-45000-Puff-Vape-Bulk-Buy-150x150.webp 150w, https:\/\/vapestornado.com\/wp-content\/uploads\/2025\/03\/Zooy-Zero-45000-Puff-Vape-Bulk-Buy-768x768.webp 768w, https:\/\/vapestornado.com\/wp-content\/uploads\/2025\/03\/Zooy-Zero-45000-Puff-Vape-Bulk-Buy-600x600.webp 600w, https:\/\/vapestornado.com\/wp-content\/uploads\/2025\/03\/Zooy-Zero-45000-Puff-Vape-Bulk-Buy-100x100.webp 100w\" sizes=\"(max-width: 800px) 100vw, 800px\" \/><figcaption id=\"caption-attachment-3895\" class=\"wp-caption-text\">Zooy Zero 45000 Puff Vape engrosk\u00f8b<\/figcaption><\/figure>\n<\/div>\n<\/div>\n<\/div>\n<\/div>\n<\/div>\n<\/div>\n<\/div>\n<\/div>\n<\/article>\n<\/div>\n<\/div>\n<\/div>\n<\/div>\n<\/div>\n<\/div>\n<\/div>\n<\/div>\n<\/div>\n<\/div>\n<\/article>\n<h3>Hvorfor v\u00e6lge Vapestornado til ZOOY Zero 45000 45K Puffs Digital Vape engrosk\u00f8b?<\/h3>\n<div class=\"flex-shrink-0 flex flex-col relative items-end\">\n<div class=\"pt-0\">\n<div class=\"gizmo-bot-avatar flex h-8 w-8 items-center justify-center overflow-hidden rounded-full\">\n<div class=\"relative p-1 rounded-sm flex items-center justify-center bg-token-main-surface-primary text-token-text-primary h-8 w-8\">\n<p data-start=\"88\" data-end=\"557\">N\u00e5r det kommer til <strong data-start=\"105\" data-end=\"154\">\u00a0k\u00f8b af h\u00f8jkvalitets engangs vapes<\/strong>, <strong data-start=\"156\" data-end=\"172\">Vapestornado<\/strong> er den foretrukne kilde til uovertrufne <strong data-start=\"208\" data-end=\"271\">fabrikspriser, hurtig forsendelse og f\u00f8rsteklasses kundeservice<\/strong>K\u00f8b af <strong data-start=\"284\" data-end=\"322\">ZOOY Zero 45000 Puffs Digital Vape<\/strong> i store partier fra Vapestornado betyder, at du f\u00e5r <strong data-start=\"363\" data-end=\"400\">autentiske, 100% originale produkter<\/strong> med den nyeste <strong data-start=\"417\" data-end=\"515\">digital sk\u00e6rmteknologi, genopladelig Type-C-bekvemmelighed og en massiv kapacitet p\u00e5 45000 sug<\/strong>\u2014alt sammen til de <strong data-start=\"527\" data-end=\"554\">laveste engrospriser<\/strong>.<\/p>\n<p data-start=\"559\" data-end=\"933\" data-is-last-node=\"\" data-is-only-node=\"\">Med <strong data-start=\"564\" data-end=\"641\">m\u00e6ngderabatter, p\u00e5lideligt lager og en problemfri bestillingsproces<\/strong>, Vapestornado sikrer, at <strong data-start=\"664\" data-end=\"713\">ejere af vape-butikker, distribut\u00f8rer og forhandlere<\/strong> f\u00e5r en <strong data-start=\"720\" data-end=\"760\">rentabel aftale p\u00e5 topkvalitetsprodukter<\/strong>. G\u00e5 ikke glip af <strong data-start=\"780\" data-end=\"839\">en af de mest efterspurgte genopladelige engangsvapes<\/strong>\u2014bestil din <strong data-start=\"851\" data-end=\"884\">ZOOY Zero 45000 i store partier i dag<\/strong> og f\u00e5 dine kunder til at vende tilbage efter mere!<\/p>\n<p data-start=\"559\" data-end=\"933\" data-is-last-node=\"\" data-is-only-node=\"\">Vi har ogs\u00e5 nogle andre hot sale vapes med sk\u00e6rm som <a href=\"https:\/\/vapestornado.com\/da\/product\/waspe-fihp-30000-puffs-smart-screen-vape-2-5-nicotine-wholesal\/\">WASPE 30K Dobbelt Vape-tilstand<\/a>, <a href=\"https:\/\/vapestornado.com\/da\/product\/vopk-ultra-40000-puffs-2-in-1-digital-screen-rechargeable-disposable-vape\/\">VOPK 40000 Pust Engangs Vape<\/a>, <a href=\"https:\/\/vapestornado.com\/da\/product\/vapsolo-galaxy-30000-vapers-30k-puff-disposable-vape-e-cigarette-with-smart-screen\/\">Vapsolo Galaxy 30000<\/a>, og mere.<\/p>\n<\/div>\n<div class=\"relative p-1 rounded-sm flex items-center justify-center bg-token-main-surface-primary text-token-text-primary h-8 w-8\">\n<h3>FAQS for Bang Leader 50k Puffs Engangs Vaper<\/h3>\n<p data-start=\"1367\" data-end=\"1549\"><strong data-start=\"1367\" data-end=\"1413\">1. Hvor l\u00e6nge holder ZOOY Zero 45000?<\/strong><br data-start=\"1413\" data-end=\"1416\" \/>Med et <strong data-start=\"1423\" data-end=\"1446\">45000 sug kapacitet<\/strong> og <strong data-start=\"1451\" data-end=\"1471\">35 ml e-v\u00e6ske<\/strong>, er denne vape bygget til at holde betydeligt l\u00e6ngere end standard engangsvapes.<\/p>\n<p data-start=\"1551\" data-end=\"1775\"><strong data-start=\"1551\" data-end=\"1602\">2. Hvad g\u00f8r den smarte sk\u00e6rm speciel?<\/strong><br data-start=\"1602\" data-end=\"1605\" \/>Den <strong data-start=\"1609\" data-end=\"1633\">touch-sk\u00e6rmdisplay<\/strong> giver realtidsopdateringer om <strong data-start=\"1664\" data-end=\"1715\">batteristatus, puff-antal og e-v\u00e6ske-niveauer<\/strong>, hvilket giver dig fuld kontrol over din dampoplevelse.<\/p>\n<p data-start=\"1777\" data-end=\"1934\"><strong data-start=\"1777\" data-end=\"1820\">3. Kan ZOOY Zero 45000 genoplades?<\/strong><br data-start=\"1820\" data-end=\"1823\" \/>Ja! Den har en <strong data-start=\"1842\" data-end=\"1873\">Type-C hurtigopladningssystem<\/strong>, s\u00e5 du hurtigt kan genoplade og forl\u00e6nge dens levetid.<\/p>\n<p data-start=\"1936\" data-end=\"2093\"><strong data-start=\"1936\" data-end=\"1978\">4. Hvilke nikotinniveauer er tilg\u00e6ngelige?<\/strong><br data-start=\"1978\" data-end=\"1981\" \/>Denne enhed kommer i <strong data-start=\"2002\" data-end=\"2039\">2%, 3% og 5% nikotinsaltstyrker<\/strong>, hvilket sikrer muligheder for forskellige dampningspr\u00e6ferencer.<\/p>\n<p data-start=\"2095\" data-end=\"2317\"><strong data-start=\"2095\" data-end=\"2158\">5. Hvor kan jeg k\u00f8be ZOOY Zero 45000 til engrospriser?<\/strong><br data-start=\"2158\" data-end=\"2161\" \/>For <strong data-start=\"2165\" data-end=\"2202\">masseordrer og engrospriser<\/strong>, bes\u00f8g <strong data-start=\"2210\" data-end=\"2243\">Vapestornado online vape butik<\/strong>er din p\u00e5lidelige kilde til <strong data-start=\"2269\" data-end=\"2314\">prisvenlige engangs vapes af h\u00f8j kvalitet<\/strong>.<\/p>\n<\/div>\n<\/div>\n<\/div>\n<\/div>","protected":false},"excerpt":{"rendered":"<p>Den <strong data-start=\"1489\" data-end=\"1513\">ZOOY Zero 45000 Vape<\/strong> leverer massiv puffkapacitet, smart touchsk\u00e6rm og Type-C genopladelig str\u00f8m. En f\u00f8rsteklasses engangs vape bygget til <strong data-start=\"1628\" data-end=\"1663\">bulk engrosk\u00f8bere i Europa<\/strong>.<\/p>\n<p><strong>Tilf\u00f8j Amys whatsapp for at f\u00e5 korrekt svar og rabatpris!<\/strong><\/p>\n<p><img fetchpriority=\"high\" decoding=\"async\" class=\"size-full wp-image-2932\" src=\"https:\/\/vapestornado.com\/wp-content\/uploads\/2024\/12\/Vape-Wholesale.jpg\" alt=\"Vape Engros\" width=\"229\" height=\"300\" \/><\/p>\n<h3><a href=\"https:\/\/wa.me\/8617776015835\"><span style=\"color: #ff0000;\"><strong>WhatsApp: +86 17776015835<\/strong><\/span><\/a><\/h3>\n<p>&nbsp;<\/p>","protected":false},"featured_media":3897,"comment_status":"open","ping_status":"closed","template":"","meta":{"_acf_changed":false,"_uag_custom_page_level_css":"","_lmt_disableupdate":"no","_lmt_disable":"","_monsterinsights_skip_tracking":false,"_monsterinsights_sitenote_active":false,"_monsterinsights_sitenote_note":"","_monsterinsights_sitenote_category":0,"site-sidebar-layout":"default","site-content-layout":"","ast-site-content-layout":"default","site-content-style":"default","site-sidebar-style":"default","ast-global-header-display":"","ast-banner-title-visibility":"","ast-main-header-display":"","ast-hfb-above-header-display":"","ast-hfb-below-header-display":"","ast-hfb-mobile-header-display":"","site-post-title":"","ast-breadcrumbs-content":"","ast-featured-img":"","footer-sml-layout":"","ast-disable-related-posts":"","theme-transparent-header-meta":"default","adv-header-id-meta":"","stick-header-meta":"","header-above-stick-meta":"","header-main-stick-meta":"","header-below-stick-meta":"","astra-migrate-meta-layouts":"set","ast-page-background-enabled":"default","ast-page-background-meta":{"desktop":{"background-color":"","background-image":"","background-repeat":"repeat","background-position":"center center","background-size":"auto","background-attachment":"scroll","background-type":"","background-media":"","overlay-type":"","overlay-color":"","overlay-opacity":"","overlay-gradient":""},"tablet":{"background-color":"","background-image":"","background-repeat":"repeat","background-position":"center center","background-size":"auto","background-attachment":"scroll","background-type":"","background-media":"","overlay-type":"","overlay-color":"","overlay-opacity":"","overlay-gradient":""},"mobile":{"background-color":"","background-image":"","background-repeat":"repeat","background-position":"center center","background-size":"auto","background-attachment":"scroll","background-type":"","background-media":"","overlay-type":"","overlay-color":"","overlay-opacity":"","overlay-gradient":""}},"ast-content-background-meta":{"desktop":{"background-color":"var(--ast-global-color-5)","background-image":"","background-repeat":"repeat","background-position":"center center","background-size":"auto","background-attachment":"scroll","background-type":"","background-media":"","overlay-type":"","overlay-color":"","overlay-opacity":"","overlay-gradient":""},"tablet":{"background-color":"var(--ast-global-color-5)","background-image":"","background-repeat":"repeat","background-position":"center center","background-size":"auto","background-attachment":"scroll","background-type":"","background-media":"","overlay-type":"","overlay-color":"","overlay-opacity":"","overlay-gradient":""},"mobile":{"background-color":"var(--ast-global-color-5)","background-image":"","background-repeat":"repeat","background-position":"center center","background-size":"auto","background-attachment":"scroll","background-type":"","background-media":"","overlay-type":"","overlay-color":"","overlay-opacity":"","overlay-gradient":""}},"_joinchat":{"telephone":"17776015835"}},"product_brand":[],"product_cat":[265,154,155,142,283],"product_tag":[94,268,267,93,269,266],"class_list":{"0":"post-3898","1":"product","2":"type-product","3":"status-publish","4":"has-post-thumbnail","6":"product_cat-45000-puff","7":"product_cat-buy-disposable-vapes-in-netherlands","8":"product_cat-buy-disposable-vapes-in-norway","9":"product_cat-digital-box-disposable-vapes","10":"product_cat-zooy-vape","11":"product_tag-rechargeable-disposable-vape","12":"product_tag-touch-screen-vape","13":"product_tag-vape-from-eu-warehouse","14":"product_tag-vape-wholesale","15":"product_tag-vape-with-screen","16":"product_tag-zooy-zero-45k","17":"desktop-align-left","18":"tablet-align-left","19":"mobile-align-left","21":"first","22":"instock","23":"sale","24":"shipping-taxable","25":"purchasable","26":"product-type-simple"},"acf":[],"uagb_featured_image_src":{"full":["https:\/\/vapestornado.com\/wp-content\/uploads\/2025\/03\/ZOOY-ZERO-45000-Puffs-Wholesale-Good-Price.webp",800,800,false],"thumbnail":["https:\/\/vapestornado.com\/wp-content\/uploads\/2025\/03\/ZOOY-ZERO-45000-Puffs-Wholesale-Good-Price-150x150.webp",150,150,true],"medium":["https:\/\/vapestornado.com\/wp-content\/uploads\/2025\/03\/ZOOY-ZERO-45000-Puffs-Wholesale-Good-Price-300x300.webp",300,300,true],"medium_large":["https:\/\/vapestornado.com\/wp-content\/uploads\/2025\/03\/ZOOY-ZERO-45000-Puffs-Wholesale-Good-Price-768x768.webp",768,768,true],"large":["https:\/\/vapestornado.com\/wp-content\/uploads\/2025\/03\/ZOOY-ZERO-45000-Puffs-Wholesale-Good-Price.webp",800,800,false],"1536x1536":["https:\/\/vapestornado.com\/wp-content\/uploads\/2025\/03\/ZOOY-ZERO-45000-Puffs-Wholesale-Good-Price.webp",800,800,false],"2048x2048":["https:\/\/vapestornado.com\/wp-content\/uploads\/2025\/03\/ZOOY-ZERO-45000-Puffs-Wholesale-Good-Price.webp",800,800,false],"trp-custom-language-flag":["https:\/\/vapestornado.com\/wp-content\/uploads\/2025\/03\/ZOOY-ZERO-45000-Puffs-Wholesale-Good-Price.webp",12,12,false],"woocommerce_thumbnail":["https:\/\/vapestornado.com\/wp-content\/uploads\/2025\/03\/ZOOY-ZERO-45000-Puffs-Wholesale-Good-Price-300x300.webp",300,300,true],"woocommerce_single":["https:\/\/vapestornado.com\/wp-content\/uploads\/2025\/03\/ZOOY-ZERO-45000-Puffs-Wholesale-Good-Price-600x600.webp",600,600,true],"woocommerce_gallery_thumbnail":["https:\/\/vapestornado.com\/wp-content\/uploads\/2025\/03\/ZOOY-ZERO-45000-Puffs-Wholesale-Good-Price-100x100.webp",100,100,true]},"uagb_author_info":{"display_name":"ESAMY","author_link":"https:\/\/vapestornado.com\/da\/author\/"},"uagb_comment_info":0,"uagb_excerpt":"The ZOOY Zero 45000 Vape delivers massive puff capacity, smart touch screen, and Type-C rechargeable power. A premium disposable built for bulk wholesale buyers in Europe. Add Amy's whatsapp to get right reply and discount price! WhatsApp: +86 17776015835 &nbsp;","_links":{"self":[{"href":"https:\/\/vapestornado.com\/da\/wp-json\/wp\/v2\/product\/3898","targetHints":{"allow":["GET"]}}],"collection":[{"href":"https:\/\/vapestornado.com\/da\/wp-json\/wp\/v2\/product"}],"about":[{"href":"https:\/\/vapestornado.com\/da\/wp-json\/wp\/v2\/types\/product"}],"replies":[{"embeddable":true,"href":"https:\/\/vapestornado.com\/da\/wp-json\/wp\/v2\/comments?post=3898"}],"wp:featuredmedia":[{"embeddable":true,"href":"https:\/\/vapestornado.com\/da\/wp-json\/wp\/v2\/media\/3897"}],"wp:attachment":[{"href":"https:\/\/vapestornado.com\/da\/wp-json\/wp\/v2\/media?parent=3898"}],"wp:term":[{"taxonomy":"product_brand","embeddable":true,"href":"https:\/\/vapestornado.com\/da\/wp-json\/wp\/v2\/product_brand?post=3898"},{"taxonomy":"product_cat","embeddable":true,"href":"https:\/\/vapestornado.com\/da\/wp-json\/wp\/v2\/product_cat?post=3898"},{"taxonomy":"product_tag","embeddable":true,"href":"https:\/\/vapestornado.com\/da\/wp-json\/wp\/v2\/product_tag?post=3898"}],"curies":[{"name":"wp","href":"https:\/\/api.w.org\/{rel}","templated":true}]}}