{"id":3863,"date":"2025-03-17T02:44:11","date_gmt":"2025-03-17T02:44:11","guid":{"rendered":"https:\/\/vapestornado.com\/?post_type=product&#038;p=3863"},"modified":"2025-08-22T11:44:19","modified_gmt":"2025-08-22T11:44:19","slug":"factory-wholesale-waspe-tornado-15000-puff-15k-vape-pen-kit","status":"publish","type":"product","link":"https:\/\/vapestornado.com\/da\/product\/factory-wholesale-waspe-tornado-15000-puff-15k-vape-pen-kit\/","title":{"rendered":"Fabriks Engros Waspe Tornado 15000 Pust 15K Vape Pen S\u00e6t"},"content":{"rendered":"<h1 data-pm-slice=\"1 1 []\">Fabriks Engros Waspe Tornado 15000 Pust 15K Vape Pen S\u00e6t<\/h1>\n<h3 data-start=\"0\" data-end=\"98\"><strong data-start=\"4\" data-end=\"96\">Fabriks Engros Waspe Tornado Pust 15000 Vape Pen Kit \u2013 Genopladelig<\/strong><\/h3>\n<p data-start=\"100\" data-end=\"562\">Den <strong data-start=\"302\" data-end=\"343\">Waspe Tornado 15000 Pust Vape Pen Kit<\/strong> er konstrueret til ydeevne, bekvemmelighed og engrosv\u00e6rdi. Med en <strong data-start=\"416\" data-end=\"442\">22 ml e-v\u00e6ske kapacitet<\/strong> og op til <strong data-start=\"453\" data-end=\"469\">15.000 sug<\/strong>sikrer den forl\u00e6nget brug, hvilket g\u00f8r den til et st\u00e6rkt valg for b\u00e5de forhandlere og slutbrugere.<\/p>\n<h4 data-start=\"564\" data-end=\"618\"><strong data-start=\"569\" data-end=\"616\">15000 Pust \u2013 Udvidet Vaping Tilfredshed<\/strong><\/h4>\n<p data-start=\"619\" data-end=\"834\">Med en imponerende <strong data-start=\"638\" data-end=\"665\">15.000 pust pr. enhed<\/strong>, sikrer Waspe Tornado 15K <strong data-start=\"697\" data-end=\"717\">langvarig brug<\/strong>, hvilket g\u00f8r det til et omkostningseffektivt valg for begge <strong data-start=\"762\" data-end=\"793\">casual dampere og forhandlere<\/strong> der leder efter <strong data-start=\"806\" data-end=\"831\">engangs-vapes i bulk<\/strong>.<\/p>\n<h4 data-start=\"836\" data-end=\"895\"><strong data-start=\"841\" data-end=\"893\">Genopladeligt 850mAh batteri \u2013 Ingen spildt E-v\u00e6ske<\/strong><\/h4>\n<p data-start=\"896\" data-end=\"1166\">I mods\u00e6tning til traditionelle engangsdampe er denne <strong data-start=\"933\" data-end=\"961\">vape pen genopladelig<\/strong>, hvilket giver dig mulighed for at nyde hver dr\u00e5be af <strong data-start=\"999\" data-end=\"1027\">22 ml forfyldt e-v\u00e6ske<\/strong>. Den <strong data-start=\"1033\" data-end=\"1051\">850mAh batteri<\/strong> giver p\u00e5lidelig str\u00f8m, og med <strong data-start=\"1086\" data-end=\"1110\">Type-C hurtigopladning<\/strong>, vil du bruge mindre tid p\u00e5 at vente og mere tid p\u00e5 at dampe.<\/p>\n<h4 data-start=\"1168\" data-end=\"1216\"><strong data-start=\"1173\" data-end=\"1214\">LCD Digital Display \u2013 Bevar Kontrollen<\/strong><\/h4>\n<p data-start=\"1217\" data-end=\"1406\">Glem alt om at g\u00e6tte, hvorn\u00e5r det er tid til at genoplade! Den indbyggede <strong data-start=\"1274\" data-end=\"1288\">LCD-sk\u00e6rm<\/strong> giver dig realtidsopdateringer om din <strong data-start=\"1325\" data-end=\"1361\">batterilevetid og e-v\u00e6skeniveauer<\/strong>, hvilket sikrer en problemfri dampeoplevelse.<\/p>\n<h4 data-start=\"1408\" data-end=\"1475\"><strong data-start=\"1413\" data-end=\"1473\">Mesh Coil Teknologi \u2013 Maksimal Smag<\/strong><\/h4>\n<p data-start=\"1476\" data-end=\"1716\">Udstyret med et <strong data-start=\"1493\" data-end=\"1515\">avanceret mesh coil<\/strong>leverer Waspe 15000 <strong data-start=\"1542\" data-end=\"1571\">rige, fyldige smagsoplevelser<\/strong> med hvert sug. Uanset om du elsker <strong data-start=\"1606\" data-end=\"1645\">frugtagtige, iskolde eller sodavandsinspirerede vapes<\/strong>, <strong data-start=\"1651\" data-end=\"1674\">12-smagsvarianter<\/strong> sikrer, at der er noget for enhver smag.<\/p>\n<h4 data-start=\"1718\" data-end=\"1773\"><strong data-start=\"1723\" data-end=\"1771\">Nikotinstyrke-muligheder \u2013 0 mg, 20 mg, 30 mg,<\/strong><\/h4>\n<p data-start=\"1774\" data-end=\"1901\">Waspe Tornado 15000 henvender sig til alle dampere og tilbyder <strong data-start=\"1829\" data-end=\"1867\">flere nikotinstyrke-muligheder<\/strong> for at matche forskellige pr\u00e6ferencer:<\/p>\n<ul data-start=\"1902\" data-end=\"2150\">\n<li data-start=\"1902\" data-end=\"1992\"><strong data-start=\"1904\" data-end=\"1926\">0 mg (Nikotinfri)<\/strong> \u2013 Ideel til smagselskere, der foretr\u00e6kker en ren, bl\u00f8d oplevelse.<\/li>\n<li data-start=\"1993\" data-end=\"2059\"><strong data-start=\"1995\" data-end=\"2006\">20 mg<\/strong> \u2013 Balancerede nikotinstyrker til moderate dampere.<\/li>\n<li data-start=\"2060\" data-end=\"2150\"><strong data-start=\"2062\" data-end=\"2075\">50 mg<\/strong> \u2013 St\u00e6rkt nikotinpust for dem, der nyder en mere intens vape-session.<\/li>\n<\/ul>\n<h4 data-start=\"2152\" data-end=\"2204\"><strong data-start=\"2157\" data-end=\"2202\">Engrospriser<\/strong><\/h4>\n<p data-start=\"2205\" data-end=\"2410\">Perfekt til vape butiksejere, distribut\u00f8rer og stork\u00f8bere, Waspe Tornado Puff 15000 f\u00e5s til <strong data-start=\"2311\" data-end=\"2335\">lave engrospriser<\/strong>. Bestil i bulk og <strong data-start=\"2355\" data-end=\"2407\">f\u00e5 f\u00f8rsteklasses engangs vapes til uovertrufne priser<\/strong>.<\/p>\n<p><strong><span style=\"color: #ff0000;\">Tilf\u00f8j Amy's WhatsApp for at f\u00e5 et direkte svar og en god pris!<\/span><\/strong><\/p>\n<p><img fetchpriority=\"high\" decoding=\"async\" class=\"size-full wp-image-2932\" src=\"https:\/\/vapestornado.com\/wp-content\/uploads\/2024\/12\/Vape-Wholesale.jpg\" alt=\"Vape Engros\" width=\"229\" height=\"300\" \/><\/p>\n<h3><a href=\"https:\/\/wa.me\/8617776015835\" target=\"_blank\" rel=\"noopener\"><span style=\"color: #ff0000;\"><strong>WhatsApp: +86 17776015835<\/strong><\/span><\/a><\/h3>\n<p>&nbsp;<\/p>\n<h2><strong>Waspe Tornado 15000 Puff Vigtigste Produktfunktioner<\/strong><\/h2>\n<p>M\u00e6rke: WASPE<br \/>\nPust: 15000<br \/>\nBatteri: 850mah Genopladeligt<br \/>\nDisplay: LED Digital Display<br \/>\nNikotin: 0% 2% 3% 5%<br \/>\nV\u00e6skekapacitet: 22ml<br \/>\nSpole: Mesh Spole<\/p>\n<figure id=\"attachment_3847\" aria-describedby=\"caption-attachment-3847\" style=\"width: 800px\" class=\"wp-caption alignnone\"><img decoding=\"async\" class=\"wp-image-3847 size-full\" src=\"https:\/\/vapestornado.com\/wp-content\/uploads\/2025\/03\/Tornado-15k-Puff-Waspe-Vape.webp\" alt=\"Tornado 15k Pust Waspe Vape\" width=\"800\" height=\"800\" srcset=\"https:\/\/vapestornado.com\/wp-content\/uploads\/2025\/03\/Tornado-15k-Puff-Waspe-Vape.webp 800w, https:\/\/vapestornado.com\/wp-content\/uploads\/2025\/03\/Tornado-15k-Puff-Waspe-Vape-300x300.webp 300w, https:\/\/vapestornado.com\/wp-content\/uploads\/2025\/03\/Tornado-15k-Puff-Waspe-Vape-150x150.webp 150w, https:\/\/vapestornado.com\/wp-content\/uploads\/2025\/03\/Tornado-15k-Puff-Waspe-Vape-768x768.webp 768w, https:\/\/vapestornado.com\/wp-content\/uploads\/2025\/03\/Tornado-15k-Puff-Waspe-Vape-600x600.webp 600w, https:\/\/vapestornado.com\/wp-content\/uploads\/2025\/03\/Tornado-15k-Puff-Waspe-Vape-100x100.webp 100w\" sizes=\"(max-width: 800px) 100vw, 800px\" \/><figcaption id=\"caption-attachment-3847\" class=\"wp-caption-text\">Tornado 15k Pust Waspe Vape<\/figcaption><\/figure>\n<h2 class=\"product-title\"><strong>Waspe Tornado 15k Smart Vape Smagsliste<\/strong><\/h2>\n<article class=\"group\/turn w-full text-token-text-primary focus-visible:outline-2 focus-visible:outline-offset-[-4px]\" dir=\"auto\" data-testid=\"conversation-turn-61\" data-scroll-anchor=\"true\">\n<div class=\"text-base my-auto mx-auto py-[18px] px-6\">\n<div class=\"mx-auto flex flex-1 text-base gap-4 md:gap-5 lg:gap-6 md:max-w-3xl lg:max-w-[40rem] xl:max-w-[48rem]\">\n<div class=\"group\/conversation-turn relative flex w-full min-w-0 flex-col agent-turn @xs\/thread:px-0 @sm\/thread:px-1.5 @md\/thread:px-4\">\n<div class=\"flex-col gap-1 md:gap-3\">\n<div class=\"flex max-w-full flex-col flex-grow\">\n<div class=\"min-h-8 text-message relative flex w-full flex-col items-end gap-2 whitespace-normal break-words text-start [.text-message+&amp;]:mt-5\" dir=\"auto\" data-message-author-role=\"assistant\" data-message-id=\"762d7e41-70d5-4ddf-94cb-85ef5025d3a8\" data-message-model-slug=\"gpt-4o\">\n<div class=\"flex w-full flex-col gap-1 empty:hidden first:pt-[3px]\">\n<div class=\"markdown prose w-full break-words dark:prose-invert light\">\n<p>1. Vandmelon Is <strong><span style=\"color: #ff0000;\">&gt;&gt;&gt;&gt; Hot!<\/span><\/strong><br \/>\n2. Jordb\u00e6r Vandmelon <strong><span style=\"color: #ff0000;\">&gt;&gt;&gt;&gt; Hot!<\/span><\/strong><br \/>\n3. Appelsinsodavand<br \/>\n4. Dobbelt \u00c6ble<br \/>\n5. Jordb\u00e6r Kiwi <strong><span style=\"color: #ff0000;\">&gt;&gt;&gt;&gt; Hot!<\/span><\/strong><br \/>\n6. Kirseb\u00e6ris<br \/>\n7. Aloe Drue<br \/>\n8. Blandede b\u00e6r <strong><span style=\"color: #ff0000;\">&gt;&gt;&gt;&gt; Bedst!<\/span><\/strong><br \/>\n9. Bl\u00e5b\u00e6r Is<br \/>\n10. Jordb\u00e6r Mango <strong><span style=\"color: #ff0000;\">&gt;&gt;&gt;&gt; Hot!<\/span><\/strong><br \/>\n11. Bl\u00e5 Hindb\u00e6r Lemon<br \/>\n12. Fersken Is <strong><span style=\"color: #ff0000;\">&gt;&gt;&gt;&gt; Hot!<\/span><\/strong><\/p>\n<\/div>\n<\/div>\n<\/div>\n<\/div>\n<\/div>\n<\/div>\n<\/div>\n<\/div>\n<\/article>\n<article class=\"w-full text-token-text-primary focus-visible:outline-2 focus-visible:outline-offset-[-4px]\" dir=\"auto\" data-testid=\"conversation-turn-32\" data-scroll-anchor=\"false\">\n<div class=\"m-auto text-base py-[18px] px-6\">\n<div class=\"mx-auto flex flex-1 text-base gap-4 md:gap-5 lg:gap-6 md:max-w-3xl lg:max-w-[40rem] xl:max-w-[48rem]\">\n<div class=\"group\/conversation-turn relative flex w-full min-w-0 flex-col @xs\/thread:px-0 @sm\/thread:px-1.5 @md\/thread:px-4\">\n<div class=\"flex-col gap-1 md:gap-3\">\n<div class=\"flex max-w-full flex-col flex-grow\">\n<div class=\"min-h-8 text-message flex w-full flex-col items-end gap-2 whitespace-normal break-words text-start [.text-message+&amp;]:mt-5\" dir=\"auto\" data-message-author-role=\"user\" data-message-id=\"ffac41ca-1db4-431b-873a-32c4052956f1\">\n<div class=\"flex w-full flex-col gap-1 empty:hidden items-end rtl:items-start\">\n<div class=\"relative max-w-[var(--user-chat-width,70%)] rounded-3xl bg-token-message-surface px-5 py-2.5\">\n<div class=\"absolute bottom-0 right-full top-0 -mr-3.5 hidden pr-5 pt-2 [.group\/conversation-turn:hover_&amp;]:flex\">\n<div class=\"flex\">\n<article class=\"w-full text-token-text-primary focus-visible:outline-2 focus-visible:outline-offset-[-4px]\" dir=\"auto\" data-testid=\"conversation-turn-39\" data-scroll-anchor=\"true\">\n<div class=\"m-auto text-base py-[18px] px-6\">\n<div class=\"mx-auto flex flex-1 text-base gap-4 md:gap-5 lg:gap-6 md:max-w-3xl lg:max-w-[40rem] xl:max-w-[48rem]\">\n<div class=\"group\/conversation-turn relative flex w-full min-w-0 flex-col agent-turn @xs\/thread:px-0 @sm\/thread:px-1.5 @md\/thread:px-4\">\n<div class=\"flex-col gap-1 md:gap-3\">\n<div class=\"flex max-w-full flex-col flex-grow\">\n<div class=\"min-h-8 text-message flex w-full flex-col items-end gap-2 whitespace-normal break-words text-start [.text-message+&amp;]:mt-5\" dir=\"auto\" data-message-author-role=\"assistant\" data-message-id=\"55a23854-ec57-48dd-bd4f-6118f43d6241\" data-message-model-slug=\"gpt-4o\">\n<div class=\"flex w-full flex-col gap-1 empty:hidden first:pt-[3px]\">\n<div class=\"markdown prose w-full break-words dark:prose-invert light\"><\/div>\n<\/div>\n<\/div>\n<\/div>\n<\/div>\n<\/div>\n<\/div>\n<\/div>\n<\/article>\n<\/div>\n<\/div>\n<\/div>\n<\/div>\n<\/div>\n<\/div>\n<\/div>\n<\/div>\n<\/div>\n<\/div>\n<\/article>\n<h3>Hvorfor v\u00e6lge Vapestornado til Waspe Tornado 15k Digital Vape Bulk Order?<\/h3>\n<div class=\"flex-shrink-0 flex flex-col relative items-end\">\n<div class=\"pt-0\">\n<div class=\"gizmo-bot-avatar flex h-8 w-8 items-center justify-center overflow-hidden rounded-full\">\n<div class=\"relative p-1 rounded-sm flex items-center justify-center bg-token-main-surface-primary text-token-text-primary h-8 w-8\">\n<p data-start=\"75\" data-end=\"479\">N\u00e5r det kommer til <strong data-start=\"92\" data-end=\"117\">engangs-vapes i bulk<\/strong>, <strong data-start=\"119\" data-end=\"152\">Vapestornado online vape butik<\/strong> er den foretrukne destination for <strong data-start=\"182\" data-end=\"202\">engrosk\u00f8bere<\/strong> der leder efter <strong data-start=\"215\" data-end=\"257\">overkommelige priser og topkvalitet<\/strong>. Vi tilbyder <strong data-start=\"268\" data-end=\"299\">eksklusive engrospriser<\/strong> p\u00e5 <strong data-start=\"307\" data-end=\"333\">WASPE 15000 Puffs Vape<\/strong>, hvilket giver detailhandlere og distribut\u00f8rer mulighed for at fylde op med en af de mest efterspurgte <strong data-start=\"412\" data-end=\"445\">genopladelige engangs vapes<\/strong> med en <strong data-start=\"453\" data-end=\"476\">digitalt LCD-display<\/strong>.<\/p>\n<\/div>\n<div class=\"relative p-1 rounded-sm flex items-center justify-center bg-token-main-surface-primary text-token-text-primary h-8 w-8\">\n<h3>FAQS for Waspe Tornado 15k Engangs E-Cigaret<\/h3>\n<p data-start=\"2462\" data-end=\"2654\"><strong data-start=\"2462\" data-end=\"2522\">1. Hvor l\u00e6nge holder Waspe Tornado Puff 15000 Vape?<\/strong><br data-start=\"2522\" data-end=\"2525\" \/>Med <strong data-start=\"2530\" data-end=\"2557\">15.000 pust pr. enhed<\/strong>, denne vape er designet til forl\u00e6nget brug. Den faktiske levetid afh\u00e6nger af din vaping-frekvens.<\/p>\n<p data-start=\"2656\" data-end=\"2835\"><strong data-start=\"2656\" data-end=\"2706\">2. Er Waspe 15000 Puffs Vape genopladelig?<\/strong><br data-start=\"2706\" data-end=\"2709\" \/>Ja! Den har en <strong data-start=\"2729\" data-end=\"2760\">850mAh genopladelige batteri<\/strong> med <strong data-start=\"2766\" data-end=\"2785\">Type-C opladning<\/strong>, hvilket sikrer maksimal effektivitet og minimalt spild.<\/p>\n<p data-start=\"2837\" data-end=\"3005\"><strong data-start=\"2837\" data-end=\"2875\">3. Hvad viser LCD-displayet?<\/strong><br data-start=\"2875\" data-end=\"2878\" \/>Den <strong data-start=\"2882\" data-end=\"2896\">LCD-sk\u00e6rm<\/strong> giver realtidsopdateringer om <strong data-start=\"2927\" data-end=\"2963\">batterilevetid og e-v\u00e6skeniveauer<\/strong>, hvilket g\u00f8r det nemt at overv\u00e5ge din enhed.<\/p>\n<p data-start=\"3007\" data-end=\"3175\"><strong data-start=\"3007\" data-end=\"3052\">4. Hvilke nikotinstyrker er tilg\u00e6ngelige?<\/strong><br data-start=\"3052\" data-end=\"3055\" \/>Denne vape kommer i <strong data-start=\"3074\" data-end=\"3115\">0%, 2%, 3% og 5% nikotinstyrker<\/strong>, hvilket giver brugerne mulighed for at v\u00e6lge deres foretrukne nikotinniveau.<\/p>\n<p data-start=\"3177\" data-end=\"3407\"><strong data-start=\"3177\" data-end=\"3244\">5. Hvor kan jeg k\u00f8be Waspe Tornado 15000 til engrospriser?<\/strong><br data-start=\"3244\" data-end=\"3247\" \/>For <strong data-start=\"3251\" data-end=\"3293\">bulkk\u00f8b og engrosrabatter<\/strong>, bes\u00f8g <strong data-start=\"3301\" data-end=\"3334\">Vapestornado online vape butik<\/strong>er din p\u00e5lidelige kilde til <strong data-start=\"3360\" data-end=\"3404\">prisvenlige genopladelige engangs-vapes<\/strong>.<\/p>\n<\/div>\n<\/div>\n<\/div>\n<\/div>","protected":false},"excerpt":{"rendered":"<p>Engros Waspe Tornado 15000 Pust Lav Nikotin Engangs Vape<br \/>\nWaspe Tornado 15K Engangs Vape Pen Kit Fabrikspris<br \/>\nWASPE 15000 Digital Sk\u00e6rm Engangs Pod Bedste Smag p\u00e5 Udsalg<\/p>\n<p><strong>Tilf\u00f8j Amys whatsapp for at f\u00e5 korrekt svar og rabatpris!<\/strong><\/p>\n<p><img fetchpriority=\"high\" decoding=\"async\" class=\"size-full wp-image-2932\" src=\"https:\/\/vapestornado.com\/wp-content\/uploads\/2024\/12\/Vape-Wholesale.jpg\" alt=\"Vape Engros\" width=\"229\" height=\"300\" \/><\/p>\n<h3><a href=\"https:\/\/wa.me\/8617776015835\"><span style=\"color: #ff0000;\"><strong>WhatsApp: +86 17776015835<\/strong><\/span><\/a><\/h3>\n<p>&nbsp;<\/p>","protected":false},"featured_media":3846,"comment_status":"open","ping_status":"closed","template":"","meta":{"_acf_changed":false,"_uag_custom_page_level_css":"","_lmt_disableupdate":"no","_lmt_disable":"","_monsterinsights_skip_tracking":false,"_monsterinsights_sitenote_active":false,"_monsterinsights_sitenote_note":"","_monsterinsights_sitenote_category":0,"site-sidebar-layout":"default","site-content-layout":"","ast-site-content-layout":"default","site-content-style":"default","site-sidebar-style":"default","ast-global-header-display":"","ast-banner-title-visibility":"","ast-main-header-display":"","ast-hfb-above-header-display":"","ast-hfb-below-header-display":"","ast-hfb-mobile-header-display":"","site-post-title":"","ast-breadcrumbs-content":"","ast-featured-img":"","footer-sml-layout":"","ast-disable-related-posts":"","theme-transparent-header-meta":"default","adv-header-id-meta":"","stick-header-meta":"","header-above-stick-meta":"","header-main-stick-meta":"","header-below-stick-meta":"","astra-migrate-meta-layouts":"set","ast-page-background-enabled":"default","ast-page-background-meta":{"desktop":{"background-color":"","background-image":"","background-repeat":"repeat","background-position":"center center","background-size":"auto","background-attachment":"scroll","background-type":"","background-media":"","overlay-type":"","overlay-color":"","overlay-opacity":"","overlay-gradient":""},"tablet":{"background-color":"","background-image":"","background-repeat":"repeat","background-position":"center center","background-size":"auto","background-attachment":"scroll","background-type":"","background-media":"","overlay-type":"","overlay-color":"","overlay-opacity":"","overlay-gradient":""},"mobile":{"background-color":"","background-image":"","background-repeat":"repeat","background-position":"center center","background-size":"auto","background-attachment":"scroll","background-type":"","background-media":"","overlay-type":"","overlay-color":"","overlay-opacity":"","overlay-gradient":""}},"ast-content-background-meta":{"desktop":{"background-color":"var(--ast-global-color-5)","background-image":"","background-repeat":"repeat","background-position":"center center","background-size":"auto","background-attachment":"scroll","background-type":"","background-media":"","overlay-type":"","overlay-color":"","overlay-opacity":"","overlay-gradient":""},"tablet":{"background-color":"var(--ast-global-color-5)","background-image":"","background-repeat":"repeat","background-position":"center center","background-size":"auto","background-attachment":"scroll","background-type":"","background-media":"","overlay-type":"","overlay-color":"","overlay-opacity":"","overlay-gradient":""},"mobile":{"background-color":"var(--ast-global-color-5)","background-image":"","background-repeat":"repeat","background-position":"center center","background-size":"auto","background-attachment":"scroll","background-type":"","background-media":"","overlay-type":"","overlay-color":"","overlay-opacity":"","overlay-gradient":""}},"_joinchat":{"telephone":"17776015835"}},"product_brand":[],"product_cat":[19,71,152,154,142,148],"product_tag":[97,94,241,93,259,258],"class_list":{"0":"post-3863","1":"product","2":"type-product","3":"status-publish","4":"has-post-thumbnail","6":"product_cat-vapes","7":"product_cat-15000-puff","8":"product_cat-buy-disposable-vapes-in-cermany","9":"product_cat-buy-disposable-vapes-in-netherlands","10":"product_cat-digital-box-disposable-vapes","11":"product_cat-tornado-disposable-vapes","12":"product_tag-hot-sale-disposable-vape","13":"product_tag-rechargeable-disposable-vape","14":"product_tag-smart-screen-disposable-vape","15":"product_tag-vape-wholesale","16":"product_tag-waspe-tornado-15000","17":"product_tag-waspe-tornado-15k","18":"desktop-align-left","19":"tablet-align-left","20":"mobile-align-left","22":"first","23":"instock","24":"sale","25":"shipping-taxable","26":"purchasable","27":"product-type-simple"},"acf":[],"uagb_featured_image_src":{"full":["https:\/\/vapestornado.com\/wp-content\/uploads\/2025\/03\/Best-Selling-Disposable-Vape-Waspe-15000-Puffs.webp",800,800,false],"thumbnail":["https:\/\/vapestornado.com\/wp-content\/uploads\/2025\/03\/Best-Selling-Disposable-Vape-Waspe-15000-Puffs-150x150.webp",150,150,true],"medium":["https:\/\/vapestornado.com\/wp-content\/uploads\/2025\/03\/Best-Selling-Disposable-Vape-Waspe-15000-Puffs-300x300.webp",300,300,true],"medium_large":["https:\/\/vapestornado.com\/wp-content\/uploads\/2025\/03\/Best-Selling-Disposable-Vape-Waspe-15000-Puffs-768x768.webp",768,768,true],"large":["https:\/\/vapestornado.com\/wp-content\/uploads\/2025\/03\/Best-Selling-Disposable-Vape-Waspe-15000-Puffs.webp",800,800,false],"1536x1536":["https:\/\/vapestornado.com\/wp-content\/uploads\/2025\/03\/Best-Selling-Disposable-Vape-Waspe-15000-Puffs.webp",800,800,false],"2048x2048":["https:\/\/vapestornado.com\/wp-content\/uploads\/2025\/03\/Best-Selling-Disposable-Vape-Waspe-15000-Puffs.webp",800,800,false],"trp-custom-language-flag":["https:\/\/vapestornado.com\/wp-content\/uploads\/2025\/03\/Best-Selling-Disposable-Vape-Waspe-15000-Puffs.webp",12,12,false],"woocommerce_thumbnail":["https:\/\/vapestornado.com\/wp-content\/uploads\/2025\/03\/Best-Selling-Disposable-Vape-Waspe-15000-Puffs-300x300.webp",300,300,true],"woocommerce_single":["https:\/\/vapestornado.com\/wp-content\/uploads\/2025\/03\/Best-Selling-Disposable-Vape-Waspe-15000-Puffs-600x600.webp",600,600,true],"woocommerce_gallery_thumbnail":["https:\/\/vapestornado.com\/wp-content\/uploads\/2025\/03\/Best-Selling-Disposable-Vape-Waspe-15000-Puffs-100x100.webp",100,100,true]},"uagb_author_info":{"display_name":"ESAMY","author_link":"https:\/\/vapestornado.com\/da\/author\/"},"uagb_comment_info":0,"uagb_excerpt":"Wholesale Waspe Tornado 15000 Puff Low Nicotine Disposable Vape Waspe Tornado 15K Disposable Vape Pen Kit\u00a0 Factory Price WASPE 15000 Digital Screen Disposable Pod Best Flavor on Sale Add Amy's whatsapp to get right reply and discount price! WhatsApp: +86 17776015835 &nbsp;","_links":{"self":[{"href":"https:\/\/vapestornado.com\/da\/wp-json\/wp\/v2\/product\/3863","targetHints":{"allow":["GET"]}}],"collection":[{"href":"https:\/\/vapestornado.com\/da\/wp-json\/wp\/v2\/product"}],"about":[{"href":"https:\/\/vapestornado.com\/da\/wp-json\/wp\/v2\/types\/product"}],"replies":[{"embeddable":true,"href":"https:\/\/vapestornado.com\/da\/wp-json\/wp\/v2\/comments?post=3863"}],"wp:featuredmedia":[{"embeddable":true,"href":"https:\/\/vapestornado.com\/da\/wp-json\/wp\/v2\/media\/3846"}],"wp:attachment":[{"href":"https:\/\/vapestornado.com\/da\/wp-json\/wp\/v2\/media?parent=3863"}],"wp:term":[{"taxonomy":"product_brand","embeddable":true,"href":"https:\/\/vapestornado.com\/da\/wp-json\/wp\/v2\/product_brand?post=3863"},{"taxonomy":"product_cat","embeddable":true,"href":"https:\/\/vapestornado.com\/da\/wp-json\/wp\/v2\/product_cat?post=3863"},{"taxonomy":"product_tag","embeddable":true,"href":"https:\/\/vapestornado.com\/da\/wp-json\/wp\/v2\/product_tag?post=3863"}],"curies":[{"name":"wp","href":"https:\/\/api.w.org\/{rel}","templated":true}]}}