{"id":3861,"date":"2025-03-16T09:21:11","date_gmt":"2025-03-16T09:21:11","guid":{"rendered":"https:\/\/vapestornado.com\/?post_type=product&#038;p=3861"},"modified":"2025-08-23T10:42:12","modified_gmt":"2025-08-23T10:42:12","slug":"waspe-fihp-30000-puffs-smart-screen-vape-2-5-nicotine-wholesal","status":"publish","type":"product","link":"https:\/\/vapestornado.com\/da\/product\/waspe-fihp-30000-puffs-smart-screen-vape-2-5-nicotine-wholesal\/","title":{"rendered":"WASPE FIHP 30000 Puffs Smart Sk\u00e6rm Vape 2% 5% Nikotin Engros"},"content":{"rendered":"<h1 data-pm-slice=\"1 1 []\">WASPE FIHP 30000 Puffs Smart Sk\u00e6rm Vape 2% 5% Nikotin Engros<\/h1>\n<p data-start=\"293\" data-end=\"589\">Den <strong data-start=\"297\" data-end=\"341\">WASPE FIHP 30000 Pust Smart Sk\u00e6rm Vape<\/strong> er designet til europ\u00e6iske grossister og detailhandlere, der s\u00f8ger en funktionsrig, langtidsholdbar engangsvape. Med op til <strong data-start=\"453\" data-end=\"469\">30.000 sug<\/strong>, en <strong data-start=\"473\" data-end=\"495\">28 ml e-v\u00e6ske tank<\/strong>, og <strong data-start=\"501\" data-end=\"530\">dual mesh coil-teknologi<\/strong>sikrer den ensartet damp og j\u00e6vn smagslevering.<\/p>\n<p data-start=\"591\" data-end=\"734\">Drevet af en <strong data-start=\"605\" data-end=\"636\">850mAh genopladelige batteri<\/strong> med <strong data-start=\"642\" data-end=\"666\">Type-C hurtigopladning<\/strong>minimerer FIHP 30K nedetid. Den tilbyder <strong data-start=\"711\" data-end=\"731\">to dampningstilstande<\/strong>:<\/p>\n<ul data-start=\"735\" data-end=\"875\">\n<li data-start=\"735\" data-end=\"791\">\n<p data-start=\"737\" data-end=\"791\"><strong data-start=\"737\" data-end=\"753\">Almindelig tilstand<\/strong> for maksimalt antal pust (op til 30K).<\/p>\n<\/li>\n<li data-start=\"792\" data-end=\"875\">\n<p data-start=\"794\" data-end=\"875\"><strong data-start=\"794\" data-end=\"808\">Puls-tilstand<\/strong> for forbedret dampt\u00e6thed og rigere smag (ca. 15K pust).<\/p>\n<\/li>\n<\/ul>\n<p data-start=\"877\" data-end=\"1104\">Den <strong data-start=\"881\" data-end=\"902\">LED smart display<\/strong> holder brugerne opdateret om batterilevetid, e-v\u00e6skeniveauer og indstillinger for tilstand. Med <strong data-start=\"981\" data-end=\"1003\">justerbart luftflow<\/strong>kan vapers v\u00e6lge mellem strammere tr\u00e6k eller en mere \u00e5ben inhalering, der im\u00f8dekommer forskellige pr\u00e6ferencer.<\/p>\n<p data-start=\"1106\" data-end=\"1387\">Tilg\u00e6ngelig i <strong data-start=\"1119\" data-end=\"1151\">2% og 5% nikotinstyrker<\/strong> og <strong data-start=\"1156\" data-end=\"1177\">16 smagsvarianter<\/strong>, <strong data-start=\"1183\" data-end=\"1206\">WASPE FIHP 30K Vape<\/strong> er velegnet til forskellige kundebehov. For distribut\u00f8rer er dens kombination af <strong data-start=\"1284\" data-end=\"1347\">kapacitet, smarte funktioner og konkurrencedygtige engrospriser<\/strong> g\u00f8r det til et rentabelt valg i 2025.<\/p>\n<p><strong><span style=\"color: #ff0000;\">Tilf\u00f8j Amy's WhatsApp for at f\u00e5 et direkte svar og en god pris!<\/span><\/strong><\/p>\n<p><img fetchpriority=\"high\" decoding=\"async\" class=\"size-full wp-image-2932\" src=\"https:\/\/vapestornado.com\/wp-content\/uploads\/2024\/12\/Vape-Wholesale.jpg\" alt=\"Vape Engros\" width=\"229\" height=\"300\" \/><\/p>\n<h3><a href=\"https:\/\/wa.me\/8617776015835\" target=\"_blank\" rel=\"noopener\"><span style=\"color: #ff0000;\"><strong>WhatsApp: +86 17776015835<\/strong><\/span><\/a><\/h3>\n<p>&nbsp;<\/p>\n<h2><strong>WASPE FIHP 30000 Puffs Vigtige produktfunktioner<\/strong><\/h2>\n<p>\u2022 Forfyldt 28ml E-v\u00e6ske<br \/>\n\u2022 Dobbeltfunktion: Standard (30000 sug vape)<br \/>\n\u2022 Indbygget 850mAh batteri (genopladeligt via Type-C)<br \/>\n\u2022 Dobbelte mesh-spoler (1ohm+1ohm)<br \/>\n\u2022 LED-sk\u00e6rm, der viser batteri og e-v\u00e6ske<br \/>\n\u2022 Justerbart luftflow<br \/>\n\u2022 16 tilg\u00e6ngelige smagsvarianter<\/p>\n<figure id=\"attachment_3844\" aria-describedby=\"caption-attachment-3844\" style=\"width: 800px\" class=\"wp-caption alignnone\"><img decoding=\"async\" class=\"wp-image-3844 size-full\" src=\"https:\/\/vapestornado.com\/wp-content\/uploads\/2025\/03\/WASPE-FIHP-30000-Puffs-Rechargeable-Disposable-Vape.jpg\" alt=\"WASPE FIHP 30000 Sug Genopladelig Engangs Vape\" width=\"800\" height=\"800\" srcset=\"https:\/\/vapestornado.com\/wp-content\/uploads\/2025\/03\/WASPE-FIHP-30000-Puffs-Rechargeable-Disposable-Vape.jpg 800w, https:\/\/vapestornado.com\/wp-content\/uploads\/2025\/03\/WASPE-FIHP-30000-Puffs-Rechargeable-Disposable-Vape-300x300.jpg 300w, https:\/\/vapestornado.com\/wp-content\/uploads\/2025\/03\/WASPE-FIHP-30000-Puffs-Rechargeable-Disposable-Vape-150x150.jpg 150w, https:\/\/vapestornado.com\/wp-content\/uploads\/2025\/03\/WASPE-FIHP-30000-Puffs-Rechargeable-Disposable-Vape-768x768.jpg 768w, https:\/\/vapestornado.com\/wp-content\/uploads\/2025\/03\/WASPE-FIHP-30000-Puffs-Rechargeable-Disposable-Vape-600x600.jpg 600w, https:\/\/vapestornado.com\/wp-content\/uploads\/2025\/03\/WASPE-FIHP-30000-Puffs-Rechargeable-Disposable-Vape-100x100.jpg 100w\" sizes=\"(max-width: 800px) 100vw, 800px\" \/><figcaption id=\"caption-attachment-3844\" class=\"wp-caption-text\">WASPE FIHP 30000 Sug Genopladelig Engangs Vape<\/figcaption><\/figure>\n<h2 class=\"product-title\"><strong>WASPE FIHP 30K Sug Smart Vape Smagsliste<\/strong><\/h2>\n<article class=\"group\/turn w-full text-token-text-primary focus-visible:outline-2 focus-visible:outline-offset-[-4px]\" dir=\"auto\" data-testid=\"conversation-turn-61\" data-scroll-anchor=\"true\">\n<div class=\"text-base my-auto mx-auto py-[18px] px-6\">\n<div class=\"mx-auto flex flex-1 text-base gap-4 md:gap-5 lg:gap-6 md:max-w-3xl lg:max-w-[40rem] xl:max-w-[48rem]\">\n<div class=\"group\/conversation-turn relative flex w-full min-w-0 flex-col agent-turn @xs\/thread:px-0 @sm\/thread:px-1.5 @md\/thread:px-4\">\n<div class=\"flex-col gap-1 md:gap-3\">\n<div class=\"flex max-w-full flex-col flex-grow\">\n<div class=\"min-h-8 text-message relative flex w-full flex-col items-end gap-2 whitespace-normal break-words text-start [.text-message+&amp;]:mt-5\" dir=\"auto\" data-message-author-role=\"assistant\" data-message-id=\"762d7e41-70d5-4ddf-94cb-85ef5025d3a8\" data-message-model-slug=\"gpt-4o\">\n<div class=\"flex w-full flex-col gap-1 empty:hidden first:pt-[3px]\">\n<div class=\"markdown prose w-full break-words dark:prose-invert light\">\n<p>1.Vandmelon Is <strong><span style=\"color: #ff0000;\">&gt;&gt;&gt;&gt; Hot!<\/span><\/strong><br \/>\n2.Kirseb\u00e6r Is<br \/>\n3.Drue Is<br \/>\n4.Fersken B\u00e6r <strong><span style=\"color: #ff0000;\">&gt;&gt;&gt;&gt; Hot!<\/span><\/strong><br \/>\n5.Jordb\u00e6r Mango<br \/>\n6.Jordb\u00e6r Kiwi<br \/>\n7.Blandet B\u00e6r<br \/>\n8.Bl\u00e5b\u00e6r Hindb\u00e6r <strong><span style=\"color: #ff0000;\">&gt;&gt;&gt;&gt; Hot!<\/span><\/strong><br \/>\n9.Jordb\u00e6r Vandmelon <strong><span style=\"color: #ff0000;\">&gt;&gt;&gt;&gt; Bedst!<\/span><\/strong><br \/>\n10.Kiwi Passionsfrugt Guava<br \/>\n11.Jordb\u00e6r Red Bull<br \/>\n12.Vandmelon Mango Fersken <strong><span style=\"color: #ff0000;\">&gt;&gt;&gt;&gt; Hot!<\/span><\/strong><br \/>\n13.Dobbelt \u00c6ble Is<br \/>\n14.Vandmelon Bubblegum<br \/>\n15.Jordb\u00e6r Hindb\u00e6r Kirseb\u00e6r <strong><span style=\"color: #ff0000;\">&gt;&gt;&gt;&gt; Hot!<\/span><\/strong><br \/>\n16.Bl\u00e5b\u00e6r Is<\/p>\n<\/div>\n<\/div>\n<\/div>\n<\/div>\n<\/div>\n<\/div>\n<\/div>\n<\/div>\n<\/article>\n<article class=\"w-full text-token-text-primary focus-visible:outline-2 focus-visible:outline-offset-[-4px]\" dir=\"auto\" data-testid=\"conversation-turn-32\" data-scroll-anchor=\"false\">\n<div class=\"m-auto text-base py-[18px] px-6\">\n<div class=\"mx-auto flex flex-1 text-base gap-4 md:gap-5 lg:gap-6 md:max-w-3xl lg:max-w-[40rem] xl:max-w-[48rem]\">\n<div class=\"group\/conversation-turn relative flex w-full min-w-0 flex-col @xs\/thread:px-0 @sm\/thread:px-1.5 @md\/thread:px-4\">\n<div class=\"flex-col gap-1 md:gap-3\">\n<div class=\"flex max-w-full flex-col flex-grow\">\n<div class=\"min-h-8 text-message flex w-full flex-col items-end gap-2 whitespace-normal break-words text-start [.text-message+&amp;]:mt-5\" dir=\"auto\" data-message-author-role=\"user\" data-message-id=\"ffac41ca-1db4-431b-873a-32c4052956f1\">\n<div class=\"flex w-full flex-col gap-1 empty:hidden items-end rtl:items-start\">\n<div class=\"relative max-w-[var(--user-chat-width,70%)] rounded-3xl bg-token-message-surface px-5 py-2.5\">\n<div class=\"absolute bottom-0 right-full top-0 -mr-3.5 hidden pr-5 pt-2 [.group\/conversation-turn:hover_&amp;]:flex\">\n<div class=\"flex\">\n<article class=\"w-full text-token-text-primary focus-visible:outline-2 focus-visible:outline-offset-[-4px]\" dir=\"auto\" data-testid=\"conversation-turn-39\" data-scroll-anchor=\"true\">\n<div class=\"m-auto text-base py-[18px] px-6\">\n<div class=\"mx-auto flex flex-1 text-base gap-4 md:gap-5 lg:gap-6 md:max-w-3xl lg:max-w-[40rem] xl:max-w-[48rem]\">\n<div class=\"group\/conversation-turn relative flex w-full min-w-0 flex-col agent-turn @xs\/thread:px-0 @sm\/thread:px-1.5 @md\/thread:px-4\">\n<div class=\"flex-col gap-1 md:gap-3\">\n<div class=\"flex max-w-full flex-col flex-grow\">\n<div class=\"min-h-8 text-message flex w-full flex-col items-end gap-2 whitespace-normal break-words text-start [.text-message+&amp;]:mt-5\" dir=\"auto\" data-message-author-role=\"assistant\" data-message-id=\"55a23854-ec57-48dd-bd4f-6118f43d6241\" data-message-model-slug=\"gpt-4o\">\n<div class=\"flex w-full flex-col gap-1 empty:hidden first:pt-[3px]\">\n<div class=\"markdown prose w-full break-words dark:prose-invert light\"><\/div>\n<\/div>\n<\/div>\n<\/div>\n<\/div>\n<\/div>\n<\/div>\n<\/div>\n<\/article>\n<\/div>\n<\/div>\n<\/div>\n<\/div>\n<\/div>\n<\/div>\n<\/div>\n<\/div>\n<\/div>\n<\/div>\n<\/article>\n<h2>Hvorfor v\u00e6lge Vapestornado til FIHP 30000 Puffs Smart Vape Massebestilling?<\/h2>\n<div class=\"flex-shrink-0 flex flex-col relative items-end\">\n<div class=\"pt-0\">\n<div class=\"gizmo-bot-avatar flex h-8 w-8 items-center justify-center overflow-hidden rounded-full\">\n<div class=\"relative p-1 rounded-sm flex items-center justify-center bg-token-main-surface-primary text-token-text-primary h-8 w-8\">\n<p>N\u00e5r det kommer til <strong data-start=\"97\" data-end=\"127\">engros engangs vapes<\/strong>, <strong data-start=\"129\" data-end=\"162\">Vapestornado online vape butik<\/strong> er din ultimative destination! Vi tilbyder <strong data-start=\"202\" data-end=\"230\">konkurrencedygtige massepriser<\/strong>, hvilket sikrer dig de bedste tilbud p\u00e5 <strong data-start=\"271\" data-end=\"302\">FIHP 30000 Puffs Smart Vape<\/strong> uden at g\u00e5 p\u00e5 kompromis med kvaliteten. Med <strong data-start=\"338\" data-end=\"355\">hurtig forsendelse<\/strong>, <strong data-start=\"357\" data-end=\"380\">sikre transaktioner<\/strong>, og et bredt udvalg af <strong data-start=\"406\" data-end=\"434\">popul\u00e6re engangs vapes<\/strong>, g\u00f8r vi massek\u00f8b problemfrit. Desuden er vores <strong data-start=\"483\" data-end=\"508\">kundesupportteam<\/strong> altid klar til at hj\u00e6lpe med dine engrosforesp\u00f8rgsler. Uanset om du er forhandler eller distribut\u00f8r, <strong data-start=\"608\" data-end=\"650\">Vapestornado giver uovertruffen v\u00e6rdi<\/strong> p\u00e5 genopladelige vapes <strong data-start=\"667\" data-end=\"708\">af h\u00f8j kvalitet med smarte sk\u00e6rme<\/strong>. Bestil i dag og fyld op p\u00e5 de nyeste <strong data-start=\"749\" data-end=\"782\">langtidsholdbare engangsvapes<\/strong> til de bedste priser!<\/p>\n<\/div>\n<h3><\/h3>\n<div class=\"relative p-1 rounded-sm flex items-center justify-center bg-token-main-surface-primary text-token-text-primary h-8 w-8\">\n<h2>FAQS for WASPE30000 Puffs Smart Disposable E-Cigaret<\/h2>\n<p data-start=\"1945\" data-end=\"2182\"><strong data-start=\"1945\" data-end=\"2010\">1. Hvor l\u00e6nge holder FIHP 30000 Puffs Smart Screen Vape?<\/strong><br data-start=\"2010\" data-end=\"2013\" \/>Levetiden afh\u00e6nger af din dampstil. I gennemsnit <strong data-start=\"2059\" data-end=\"2075\">Almindelig tilstand<\/strong>f\u00e5r du op til <strong data-start=\"2091\" data-end=\"2107\">30.000 sug<\/strong>, mens <strong data-start=\"2115\" data-end=\"2129\">Puls-tilstand<\/strong> giver <strong data-start=\"2139\" data-end=\"2155\">15.000 sug<\/strong> med en intensiveret smag.<\/p>\n<p data-start=\"2184\" data-end=\"2353\"><strong data-start=\"2184\" data-end=\"2221\">2. Kan jeg genoplade FIHP 30000?<\/strong><br data-start=\"2221\" data-end=\"2224\" \/>Ja! Denne vape har et <strong data-start=\"2251\" data-end=\"2282\">850mAh genopladelige batteri<\/strong> og bruger et <strong data-start=\"2294\" data-end=\"2318\">Type-C opladningsporten<\/strong> til hurtig og effektiv opladning.<\/p>\n<p data-start=\"2355\" data-end=\"2561\"><strong data-start=\"2355\" data-end=\"2402\">3. Hvad er fordelen ved den smarte sk\u00e6rm?<\/strong><br data-start=\"2402\" data-end=\"2405\" \/>Den <strong data-start=\"2409\" data-end=\"2430\">LED smart display<\/strong> holder styr p\u00e5 din <strong data-start=\"2451\" data-end=\"2499\">batterilevetid, e-v\u00e6skeniveau og antal sug<\/strong>, hvilket giver realtidsdata for en problemfri dampoplevelse.<\/p>\n<p data-start=\"2563\" data-end=\"2758\"><strong data-start=\"2563\" data-end=\"2614\">4. Har FIHP 30000 justerbar luftstr\u00f8m?<\/strong><br data-start=\"2614\" data-end=\"2617\" \/>Ja! Du kan \u00e6ndre <strong data-start=\"2641\" data-end=\"2660\">luftstr\u00f8msindstilling<\/strong> for at f\u00e5 et <strong data-start=\"2670\" data-end=\"2696\">strammere eller l\u00f8sere sug<\/strong>, hvilket forbedrer din dampoplevelse, s\u00e5 den passer til dine pr\u00e6ferencer.<\/p>\n<p data-start=\"2760\" data-end=\"2995\"><strong data-start=\"2760\" data-end=\"2818\">5. Hvor kan jeg k\u00f8be FIHP 30000 til engrospriser?<\/strong><br data-start=\"2818\" data-end=\"2821\" \/>For <strong data-start=\"2825\" data-end=\"2863\">massek\u00f8b og engrostilbud<\/strong>, bes\u00f8g <strong data-start=\"2871\" data-end=\"2904\">Vapestornado online vape butik<\/strong> \u2013 din betroede kilde til <strong data-start=\"2931\" data-end=\"2962\">overkommelige engangs vapes<\/strong> med <strong data-start=\"2968\" data-end=\"2992\">fremragende ydeevne<\/strong>.<\/p>\n<\/div>\n<\/div>\n<\/div>\n<\/div>","protected":false},"excerpt":{"rendered":"<p>Den <strong data-start=\"1431\" data-end=\"1462\">WASPE FIHP 30000 Pust Vape<\/strong> har dobbelte vaping-tilstande, smart sk\u00e6rmoverv\u00e5gning og 28 ml e-v\u00e6ske. En kraftfuld genopladelig mulighed for <strong data-start=\"1570\" data-end=\"1606\">engros vape-markeder i Europa<\/strong>.<\/p>\n<p><strong>Tilf\u00f8j Amys whatsapp for at f\u00e5 korrekt svar og rabatpris!<\/strong><\/p>\n<p><img fetchpriority=\"high\" decoding=\"async\" class=\"size-full wp-image-2932\" src=\"https:\/\/vapestornado.com\/wp-content\/uploads\/2024\/12\/Vape-Wholesale.jpg\" alt=\"Vape Engros\" width=\"229\" height=\"300\" \/><\/p>\n<h3><a href=\"https:\/\/wa.me\/8617776015835\"><span style=\"color: #ff0000;\"><strong>WhatsApp: +86 17776015835<\/strong><\/span><\/a><\/h3>\n<p>&nbsp;<\/p>","protected":false},"featured_media":3840,"comment_status":"open","ping_status":"closed","template":"","meta":{"_acf_changed":false,"_uag_custom_page_level_css":"","_lmt_disableupdate":"no","_lmt_disable":"","_monsterinsights_skip_tracking":false,"_monsterinsights_sitenote_active":false,"_monsterinsights_sitenote_note":"","_monsterinsights_sitenote_category":0,"site-sidebar-layout":"default","site-content-layout":"","ast-site-content-layout":"default","site-content-style":"default","site-sidebar-style":"default","ast-global-header-display":"","ast-banner-title-visibility":"","ast-main-header-display":"","ast-hfb-above-header-display":"","ast-hfb-below-header-display":"","ast-hfb-mobile-header-display":"","site-post-title":"","ast-breadcrumbs-content":"","ast-featured-img":"","footer-sml-layout":"","ast-disable-related-posts":"","theme-transparent-header-meta":"default","adv-header-id-meta":"","stick-header-meta":"","header-above-stick-meta":"","header-main-stick-meta":"","header-below-stick-meta":"","astra-migrate-meta-layouts":"set","ast-page-background-enabled":"default","ast-page-background-meta":{"desktop":{"background-color":"","background-image":"","background-repeat":"repeat","background-position":"center center","background-size":"auto","background-attachment":"scroll","background-type":"","background-media":"","overlay-type":"","overlay-color":"","overlay-opacity":"","overlay-gradient":""},"tablet":{"background-color":"","background-image":"","background-repeat":"repeat","background-position":"center center","background-size":"auto","background-attachment":"scroll","background-type":"","background-media":"","overlay-type":"","overlay-color":"","overlay-opacity":"","overlay-gradient":""},"mobile":{"background-color":"","background-image":"","background-repeat":"repeat","background-position":"center center","background-size":"auto","background-attachment":"scroll","background-type":"","background-media":"","overlay-type":"","overlay-color":"","overlay-opacity":"","overlay-gradient":""}},"ast-content-background-meta":{"desktop":{"background-color":"var(--ast-global-color-5)","background-image":"","background-repeat":"repeat","background-position":"center center","background-size":"auto","background-attachment":"scroll","background-type":"","background-media":"","overlay-type":"","overlay-color":"","overlay-opacity":"","overlay-gradient":""},"tablet":{"background-color":"var(--ast-global-color-5)","background-image":"","background-repeat":"repeat","background-position":"center center","background-size":"auto","background-attachment":"scroll","background-type":"","background-media":"","overlay-type":"","overlay-color":"","overlay-opacity":"","overlay-gradient":""},"mobile":{"background-color":"var(--ast-global-color-5)","background-image":"","background-repeat":"repeat","background-position":"center center","background-size":"auto","background-attachment":"scroll","background-type":"","background-media":"","overlay-type":"","overlay-color":"","overlay-opacity":"","overlay-gradient":""}},"_joinchat":{"telephone":"17776015835"}},"product_brand":[],"product_cat":[19,67,151,154,142,146,60],"product_tag":[105,97,250,94,241,93,101,255],"class_list":{"0":"post-3861","1":"product","2":"type-product","3":"status-publish","4":"has-post-thumbnail","6":"product_cat-vapes","7":"product_cat-30000-puff","8":"product_cat-buy-disposable-vapes-in-france","9":"product_cat-buy-disposable-vapes-in-netherlands","10":"product_cat-digital-box-disposable-vapes","11":"product_cat-rechargeable-disposable-vapes","12":"product_cat-waspe-fihp-vape","13":"product_tag-digital-disposable-vape","14":"product_tag-hot-sale-disposable-vape","15":"product_tag-puff-30k","16":"product_tag-rechargeable-disposable-vape","17":"product_tag-smart-screen-disposable-vape","18":"product_tag-vape-wholesale","19":"product_tag-waspe-30k","20":"product_tag-waspe-fihp-30000","21":"desktop-align-left","22":"tablet-align-left","23":"mobile-align-left","25":"first","26":"instock","27":"sale","28":"shipping-taxable","29":"purchasable","30":"product-type-simple"},"acf":[],"uagb_featured_image_src":{"full":["https:\/\/vapestornado.com\/wp-content\/uploads\/2025\/03\/Wasp-FIHP-30000-Puffs-Vape-30k-Popular-Flavours.jpg",800,800,false],"thumbnail":["https:\/\/vapestornado.com\/wp-content\/uploads\/2025\/03\/Wasp-FIHP-30000-Puffs-Vape-30k-Popular-Flavours-150x150.jpg",150,150,true],"medium":["https:\/\/vapestornado.com\/wp-content\/uploads\/2025\/03\/Wasp-FIHP-30000-Puffs-Vape-30k-Popular-Flavours-300x300.jpg",300,300,true],"medium_large":["https:\/\/vapestornado.com\/wp-content\/uploads\/2025\/03\/Wasp-FIHP-30000-Puffs-Vape-30k-Popular-Flavours-768x768.jpg",768,768,true],"large":["https:\/\/vapestornado.com\/wp-content\/uploads\/2025\/03\/Wasp-FIHP-30000-Puffs-Vape-30k-Popular-Flavours.jpg",800,800,false],"1536x1536":["https:\/\/vapestornado.com\/wp-content\/uploads\/2025\/03\/Wasp-FIHP-30000-Puffs-Vape-30k-Popular-Flavours.jpg",800,800,false],"2048x2048":["https:\/\/vapestornado.com\/wp-content\/uploads\/2025\/03\/Wasp-FIHP-30000-Puffs-Vape-30k-Popular-Flavours.jpg",800,800,false],"trp-custom-language-flag":["https:\/\/vapestornado.com\/wp-content\/uploads\/2025\/03\/Wasp-FIHP-30000-Puffs-Vape-30k-Popular-Flavours.jpg",12,12,false],"woocommerce_thumbnail":["https:\/\/vapestornado.com\/wp-content\/uploads\/2025\/03\/Wasp-FIHP-30000-Puffs-Vape-30k-Popular-Flavours-300x300.jpg",300,300,true],"woocommerce_single":["https:\/\/vapestornado.com\/wp-content\/uploads\/2025\/03\/Wasp-FIHP-30000-Puffs-Vape-30k-Popular-Flavours-600x600.jpg",600,600,true],"woocommerce_gallery_thumbnail":["https:\/\/vapestornado.com\/wp-content\/uploads\/2025\/03\/Wasp-FIHP-30000-Puffs-Vape-30k-Popular-Flavours-100x100.jpg",100,100,true]},"uagb_author_info":{"display_name":"ESAMY","author_link":"https:\/\/vapestornado.com\/da\/author\/"},"uagb_comment_info":0,"uagb_excerpt":"The WASPE FIHP 30000 Puffs Vape features dual vaping modes, smart screen monitoring, and 28ml e-liquid. A powerful rechargeable option for wholesale vape markets in Europe. Add Amy's whatsapp to get right reply and discount price! WhatsApp: +86 17776015835 &nbsp;","_links":{"self":[{"href":"https:\/\/vapestornado.com\/da\/wp-json\/wp\/v2\/product\/3861","targetHints":{"allow":["GET"]}}],"collection":[{"href":"https:\/\/vapestornado.com\/da\/wp-json\/wp\/v2\/product"}],"about":[{"href":"https:\/\/vapestornado.com\/da\/wp-json\/wp\/v2\/types\/product"}],"replies":[{"embeddable":true,"href":"https:\/\/vapestornado.com\/da\/wp-json\/wp\/v2\/comments?post=3861"}],"wp:featuredmedia":[{"embeddable":true,"href":"https:\/\/vapestornado.com\/da\/wp-json\/wp\/v2\/media\/3840"}],"wp:attachment":[{"href":"https:\/\/vapestornado.com\/da\/wp-json\/wp\/v2\/media?parent=3861"}],"wp:term":[{"taxonomy":"product_brand","embeddable":true,"href":"https:\/\/vapestornado.com\/da\/wp-json\/wp\/v2\/product_brand?post=3861"},{"taxonomy":"product_cat","embeddable":true,"href":"https:\/\/vapestornado.com\/da\/wp-json\/wp\/v2\/product_cat?post=3861"},{"taxonomy":"product_tag","embeddable":true,"href":"https:\/\/vapestornado.com\/da\/wp-json\/wp\/v2\/product_tag?post=3861"}],"curies":[{"name":"wp","href":"https:\/\/api.w.org\/{rel}","templated":true}]}}