{"id":3796,"date":"2025-02-19T07:21:03","date_gmt":"2025-02-19T07:21:03","guid":{"rendered":"https:\/\/vapestornado.com\/?post_type=product&#038;p=3796"},"modified":"2025-08-23T09:18:00","modified_gmt":"2025-08-23T09:18:00","slug":"waspe-12000-digital-box-12k-puff-vapes-disposable-wholesale-price","status":"publish","type":"product","link":"https:\/\/vapestornado.com\/da\/product\/waspe-12000-digital-box-12k-puff-vapes-disposable-wholesale-price\/","title":{"rendered":"Waspe 12000 Digital Box 12k Pust Vapes Engangs Engros Pris"},"content":{"rendered":"<h1 data-pm-slice=\"1 1 []\">Waspe 12000 Digital Box 12k Pust Vapes Engangs Engros Pris<del><br \/>\n<\/del><\/h1>\n<p data-start=\"235\" data-end=\"489\">Den <strong data-start=\"239\" data-end=\"282\">Waspe 12000 Digital Box Engangs Vape<\/strong> kombinerer kapacitet, ydeevne og bekvemmelighed i \u00e9n elegant enhed. Med op til <strong data-start=\"363\" data-end=\"379\">12.000 sug<\/strong> og et <strong data-start=\"386\" data-end=\"408\">25 ml e-v\u00e6ske tank<\/strong>leverer den langvarige sessioner, der appellerer til b\u00e5de lejlighedsvise og tunge brugere.<\/p>\n<p data-start=\"491\" data-end=\"721\">Udstyret med et <strong data-start=\"508\" data-end=\"538\">integrerede digitale display<\/strong>kan brugerne nemt overv\u00e5ge antal sug og batterilevetid i realtid. Den <strong data-start=\"611\" data-end=\"642\">650mAh genopladelige batteri<\/strong> med <strong data-start=\"648\" data-end=\"672\">Type-C hurtigopladning<\/strong> sikrer effektiv brug uden spildt e-v\u00e6ske.<\/p>\n<p data-start=\"723\" data-end=\"948\">Bruger <strong data-start=\"729\" data-end=\"758\">dual mesh coil-teknologi<\/strong>giver Waspe 12K en j\u00e6vn damp produktion og rig smag p\u00e5 tv\u00e6rs af et bredt udvalg af blandinger. F\u00e5s i nikotinniveauer p\u00e5 <strong data-start=\"890\" data-end=\"908\">0%, 2%, og 5%<\/strong>den im\u00f8dekommer alle vaping-pr\u00e6ferencer.<\/p>\n<p data-start=\"950\" data-end=\"1150\">For grossister og forhandlere leverer <strong data-start=\"985\" data-end=\"1017\">Waspe 12000 Digital Boks Vape<\/strong> tilbyder st\u00e6rkt videresalgspotentiale takket v\u00e6re dens kombination af h\u00f8jt antal sug, avancerede funktioner og konkurrencedygtige engrospriser.<\/p>\n<p><strong><span style=\"color: #ff0000;\">Tilf\u00f8j Amys whatsapp, f\u00e5 et hurtigt svar og en vape-kupon!<\/span><\/strong><\/p>\n<p><img fetchpriority=\"high\" decoding=\"async\" class=\"size-full wp-image-2932\" src=\"https:\/\/vapestornado.com\/wp-content\/uploads\/2024\/12\/Vape-Wholesale.jpg\" alt=\"Vape Engros\" width=\"229\" height=\"300\" \/><\/p>\n<h3><a href=\"https:\/\/wa.me\/8617776015835\" target=\"_blank\" rel=\"noopener\"><span style=\"color: #ff0000;\"><strong>WhatsApp: +86 17776015835<\/strong><\/span><\/a><\/h3>\n<p>&nbsp;<\/p>\n<h2><strong>Waspe 12000 Digital Box 12k Produktfunktioner<\/strong><\/h2>\n<p>Pust: 12000 pust<br \/>\nDobbelt Mesh Coil 1.0ohm<br \/>\nBatteri: A650mAh<br \/>\nE-v\u00e6ske: 20ml<br \/>\nNikotin: 2%\/5% Nikotin<br \/>\nType-c genopladelig<br \/>\nSk\u00e6rmvisninger for olie og batteri<\/p>\n<h2 class=\"product-title\"><strong>Waspe Digital Box 12k Smagsliste<\/strong><\/h2>\n<p>1 Vandmelon Is<strong> <span style=\"color: #ff0000;\">&gt;&gt;&gt;&gt; Hot!<\/span><\/strong><br \/>\n2 Bl\u00e5 Razz Is <strong><span style=\"color: #ff0000;\">&gt;&gt;&gt;&gt; Hot!<\/span><\/strong><br \/>\n3 Drue Is<br \/>\n4 Jordb\u00e6r Vandmelon <strong><span style=\"color: #ff0000;\">&gt;&gt;&gt;&gt; Hot!<\/span><\/strong><br \/>\n5 Blandede B\u00e6r <strong><span style=\"color: #ff0000;\">&gt;&gt;&gt;&gt; Bedst!<\/span><\/strong><br \/>\n6 Jordb\u00e6r Donuts<br \/>\n7 Bl\u00e5b\u00e6r Hindb\u00e6r <strong><span style=\"color: #ff0000;\">&gt;&gt;&gt;&gt; Hot!<\/span><\/strong><br \/>\n8 Jordb\u00e6r Hindb\u00e6r Kirseb\u00e6r <strong><span style=\"color: #ff0000;\">&gt;&gt;&gt;&gt; Hot!<\/span><\/strong><br \/>\n9 Vandmelon Mango Fersken<br \/>\n10 R\u00f8dvins P\u00e6rejuice<\/p>\n<article class=\"w-full text-token-text-primary focus-visible:outline-2 focus-visible:outline-offset-[-4px]\" dir=\"auto\" data-testid=\"conversation-turn-32\" data-scroll-anchor=\"false\">\n<div class=\"m-auto text-base py-[18px] px-6\">\n<div class=\"mx-auto flex flex-1 text-base gap-4 md:gap-5 lg:gap-6 md:max-w-3xl lg:max-w-[40rem] xl:max-w-[48rem]\">\n<div class=\"group\/conversation-turn relative flex w-full min-w-0 flex-col @xs\/thread:px-0 @sm\/thread:px-1.5 @md\/thread:px-4\">\n<div class=\"flex-col gap-1 md:gap-3\">\n<div class=\"flex max-w-full flex-col flex-grow\">\n<div class=\"min-h-8 text-message flex w-full flex-col items-end gap-2 whitespace-normal break-words text-start [.text-message+&amp;]:mt-5\" dir=\"auto\" data-message-author-role=\"user\" data-message-id=\"ffac41ca-1db4-431b-873a-32c4052956f1\">\n<div class=\"flex w-full flex-col gap-1 empty:hidden items-end rtl:items-start\">\n<div class=\"relative max-w-[var(--user-chat-width,70%)] rounded-3xl bg-token-message-surface px-5 py-2.5\">\n<div class=\"absolute bottom-0 right-full top-0 -mr-3.5 hidden pr-5 pt-2 [.group\/conversation-turn:hover_&amp;]:flex\">\n<div class=\"flex\">\n<article class=\"w-full text-token-text-primary focus-visible:outline-2 focus-visible:outline-offset-[-4px]\" dir=\"auto\" data-testid=\"conversation-turn-39\" data-scroll-anchor=\"true\">\n<div class=\"m-auto text-base py-[18px] px-6\">\n<div class=\"mx-auto flex flex-1 text-base gap-4 md:gap-5 lg:gap-6 md:max-w-3xl lg:max-w-[40rem] xl:max-w-[48rem]\">\n<div class=\"group\/conversation-turn relative flex w-full min-w-0 flex-col agent-turn @xs\/thread:px-0 @sm\/thread:px-1.5 @md\/thread:px-4\">\n<div class=\"flex-col gap-1 md:gap-3\">\n<div class=\"flex max-w-full flex-col flex-grow\">\n<div class=\"min-h-8 text-message flex w-full flex-col items-end gap-2 whitespace-normal break-words text-start [.text-message+&amp;]:mt-5\" dir=\"auto\" data-message-author-role=\"assistant\" data-message-id=\"55a23854-ec57-48dd-bd4f-6118f43d6241\" data-message-model-slug=\"gpt-4o\">\n<div class=\"flex w-full flex-col gap-1 empty:hidden first:pt-[3px]\">\n<div class=\"markdown prose w-full break-words dark:prose-invert light\">\n<figure id=\"attachment_3816\" aria-describedby=\"caption-attachment-3816\" style=\"width: 800px\" class=\"wp-caption alignnone\"><img decoding=\"async\" class=\"wp-image-3816 size-full\" src=\"https:\/\/vapestornado.com\/wp-content\/uploads\/2025\/03\/Waspe-12k-Puffs-Digital-Box.webp\" alt=\"Waspe 12k Pust Digital Box\" width=\"800\" height=\"800\" srcset=\"https:\/\/vapestornado.com\/wp-content\/uploads\/2025\/03\/Waspe-12k-Puffs-Digital-Box.webp 800w, https:\/\/vapestornado.com\/wp-content\/uploads\/2025\/03\/Waspe-12k-Puffs-Digital-Box-300x300.webp 300w, https:\/\/vapestornado.com\/wp-content\/uploads\/2025\/03\/Waspe-12k-Puffs-Digital-Box-150x150.webp 150w, https:\/\/vapestornado.com\/wp-content\/uploads\/2025\/03\/Waspe-12k-Puffs-Digital-Box-768x768.webp 768w, https:\/\/vapestornado.com\/wp-content\/uploads\/2025\/03\/Waspe-12k-Puffs-Digital-Box-600x600.webp 600w, https:\/\/vapestornado.com\/wp-content\/uploads\/2025\/03\/Waspe-12k-Puffs-Digital-Box-100x100.webp 100w\" sizes=\"(max-width: 800px) 100vw, 800px\" \/><figcaption id=\"caption-attachment-3816\" class=\"wp-caption-text\">Waspe 12k Pust Digital Box<\/figcaption><\/figure>\n<\/div>\n<\/div>\n<\/div>\n<\/div>\n<\/div>\n<\/div>\n<\/div>\n<\/div>\n<\/article>\n<\/div>\n<\/div>\n<\/div>\n<\/div>\n<\/div>\n<\/div>\n<\/div>\n<\/div>\n<\/div>\n<\/div>\n<\/article>\n<h3>Hvorfor v\u00e6lge vapestornado til Waspe Digital Box 12000 Puff Disposable Vape Engros?<\/h3>\n<div class=\"flex-shrink-0 flex flex-col relative items-end\">\n<div class=\"pt-0\">\n<div class=\"gizmo-bot-avatar flex h-8 w-8 items-center justify-center overflow-hidden rounded-full\">\n<div class=\"relative p-1 rounded-sm flex items-center justify-center bg-token-main-surface-primary text-token-text-primary h-8 w-8\">\n<p>Velkommen til vapestornado, din betroede online vape shop for premium engangs vapes. Med mere end 5 \u00e5rs ekspertise tilbyder vi dig popul\u00e6re engangs vape-m\u00e6rker som Fumot RandM Vape, Vapme, Bang Vape, Waspe Vape og WGA Vape, m.m.<\/p>\n<p>Vores sortiment omfatter popul\u00e6re engangs vapes med dobbelt smag som f.eks. <a href=\"https:\/\/vapestornado.com\/da\/product\/waspe-fihp-36000-36k-puff-twins-flavor-rechargeable-disposable-vape-bulk-buy-at-wholesale-prices\/\">FIHP 36K Pust Twins Smag<\/a>, <a href=\"https:\/\/vapestornado.com\/da\/product\/waspe-crystal-40000-puffs-40k-double-flavor-rechargeable-disposable-vapes-cheap-price\/\">WASPE Crystal 40k Dobbelt Smag<\/a> og smagsrige valg som <a href=\"https:\/\/vapestornado.com\/da\/product\/razzbar-15000-puffs-rechargeable-disposable-vape-bulk-buy-at-cheap-prices\/\">RAZZBAR 15000 Pust<\/a>. Hvert produkt er valgt med fokus p\u00e5 kvalitet, v\u00e6rdi og variation, hvilket sikrer, at du finder det perfekte match til dine behov. Oplev enest\u00e5ende service og et bredt udvalg af topprodukter til engrospris hos vapestornado.<\/p>\n<\/div>\n<h3><\/h3>\n<div class=\"relative p-1 rounded-sm flex items-center justify-center bg-token-main-surface-primary text-token-text-primary h-8 w-8\">\n<h3>FAQS for Waspe 12000 Puffs Engangs Vape<\/h3>\n<\/div>\n<\/div>\n<\/div>\n<\/div>\n<div class=\"flex-shrink-0 flex flex-col relative items-end\">\n<div class=\"pt-0\">\n<div class=\"gizmo-bot-avatar flex h-8 w-8 items-center justify-center overflow-hidden rounded-full\">\n<div class=\"relative p-1 rounded-sm flex items-center justify-center bg-token-main-surface-primary text-token-text-primary h-8 w-8\">\n<div class=\"mb-2 flex gap-3 empty:hidden -ml-2\">\n<p data-pm-slice=\"1 1 []\"><strong>1. Hvor l\u00e6nge holder Waspe 12000?<\/strong><\/p>\n<p data-pm-slice=\"1 1 []\">Waspe 12000 giver <strong>12.000 pust<\/strong>, hvilket g\u00f8r den til en af de l\u00e6ngstvarende engangs vapes p\u00e5 markedet. Med dens <strong>genopladeligt batteri<\/strong>, kan du nyde uafbrudt dampning i en l\u00e6ngere periode.<\/p>\n<p><strong>2. Har Waspe 12000 en digital sk\u00e6rm?<\/strong><\/p>\n<p>Ja! Den indbyggede <strong>digitale display<\/strong> lader dig spore din batterilevetid og puff-t\u00e6ller i realtid, hvilket giver en problemfri dampoplevelse.<\/p>\n<p><strong>3. Hvilke smagsvarianter er tilg\u00e6ngelige for Waspe 12000?<\/strong><\/p>\n<p>Denne vape kommer i en <strong>bred vifte af smagsvarianter<\/strong>, herunder frugtige, menthol- og klassiske tobaksmuligheder. Der er noget for enhver smagspr\u00e6ference!<\/p>\n<p><strong>4. Er Waspe 12000 genopladelig?<\/strong><\/p>\n<p>Absolut! Waspe 12000 har en <strong>Type-C hurtigopladning<\/strong> -port, s\u00e5 du hurtigt kan genoplade og forts\u00e6tte med at dampe uden lange ventetider.<\/p>\n<p><strong>5. Hvor kan jeg k\u00f8be Waspe 12000 til engrospriser?<\/strong><\/p>\n<p>For de bedste <strong>engrospriser<\/strong>, tjek <strong>Vapestornado online vape butik<\/strong>er din p\u00e5lidelige kilde til <strong>billige engangs vapes<\/strong> og stork\u00f8b.<\/p>\n<h4>Hvordan bestiller man?<\/h4>\n<p><strong>1. Hvilke betalingsmetoder accepterer I?<\/strong><br \/>\nVi accepterer IBAN overf\u00f8rsel og <span style=\"font-size: 16px;\">Western Union<\/span>\u00a0for sikre og bekvemme transaktioner.<\/p>\n<p><strong>2. Hvordan kan jeg spore min ordre?<\/strong><br \/>\nEfter din ordre er afsendt, <span class=\"selectable-text copyable-text false\">vil vi l\u00f8bende opdatere sporingen af fragten, indtil du har modtaget varerne<\/span>.<\/p>\n<p><strong>3. Hvad er den forventede leveringstid?<\/strong><\/p>\n<ul>\n<li>Forsendelse fra <strong>lagre i Kina<\/strong> tager cirka <strong>7-14 arbejdsdage<\/strong>.<\/li>\n<li>Forsendelse fra <strong>Europ\u00e6iske varehuse<\/strong> tager normalt <strong>3-6 hverdage<\/strong>.<\/li>\n<\/ul>\n<p><strong>4. Hvordan kan jeg f\u00e5 hurtigere levering?<\/strong><br \/>\nFor hurtigere levering anbefaler vi at bestille fra vores <strong>europ\u00e6iske varehus<\/strong>, som tilbyder hurtigere leveringstider.<\/p>\n<p><strong>5. Hvordan returnerer jeg en vare?<\/strong><br \/>\nFor at returnere en vare, kontakt vores kundeserviceteam for detaljerede instruktioner om returneringsprocessen.<\/p>\n<p><strong>6. Tilbyder I international forsendelse?<\/strong><br \/>\nJa, vi sender til de fleste lande og h\u00e5ndterer <strong>toldbehandling<\/strong> for en problemfri leveringsoplevelse.<\/p>\n<p><strong>7. Hvad hvis jeg modtager et beskadiget eller defekt produkt?<\/strong><br \/>\nHvis din vare er beskadiget eller defekt, kontakt kundeservice for en <strong>erstatning eller tilbagebetaling<\/strong>.<\/p>\n<p><strong>8. Hvordan kan jeg kontakte kundeservice?<\/strong><br \/>\nDu kan kontakte os via <strong>e-mail, WhatsApp eller live chat<\/strong> p\u00e5 vores hjemmeside for assistance.<\/p>\n<\/div>\n<\/div>\n<\/div>\n<\/div>\n<\/div>","protected":false},"excerpt":{"rendered":"<p><strong>Massive 12000 sug<\/strong> til forl\u00e6nget brug \u2714 <strong>Genopladelig<\/strong> med <strong>hurtigopladende Type-C-port<\/strong> \u2714 <strong>Digitalt display<\/strong> til realtidsoverv\u00e5gning af batteri <strong>Forskellige smagsvarianter<\/strong> der passer til enhver smagspr\u00e6ference \u2714 <strong>H\u00f8jkvalitets dobbelt mesh-spole<\/strong> for forbedret damp produktion \u2714 <strong>Lave engrospriser<\/strong> for stork\u00f8bere<\/p>\n<p>F\u00e5 de bedste tilbud p\u00e5 <strong>Waspe 12000 Digital Box 12K Puf Vapes<\/strong> lige nu! <strong>Engros engangsvapes<\/strong> har aldrig v\u00e6ret mere overkommelige!<\/p>\n<p><strong>Tilf\u00f8j Amys whatsapp, f\u00e5 et hurtigt svar og en vape-kupon!<\/strong><\/p>\n<p><img fetchpriority=\"high\" decoding=\"async\" class=\"size-full wp-image-2932\" src=\"https:\/\/vapestornado.com\/wp-content\/uploads\/2024\/12\/Vape-Wholesale.jpg\" alt=\"Vape Engros\" width=\"229\" height=\"300\" \/><\/p>\n<h3><a href=\"https:\/\/wa.me\/8617776015835\"><span style=\"color: #ff0000;\"><strong>WhatsApp: +86 17776015835<\/strong><\/span><\/a><\/h3>\n<p>&nbsp;<\/p>","protected":false},"featured_media":3815,"comment_status":"open","ping_status":"closed","template":"","meta":{"_acf_changed":false,"_uag_custom_page_level_css":"","_lmt_disableupdate":"no","_lmt_disable":"","_monsterinsights_skip_tracking":false,"_monsterinsights_sitenote_active":false,"_monsterinsights_sitenote_note":"","_monsterinsights_sitenote_category":0,"site-sidebar-layout":"default","site-content-layout":"","ast-site-content-layout":"default","site-content-style":"default","site-sidebar-style":"default","ast-global-header-display":"","ast-banner-title-visibility":"","ast-main-header-display":"","ast-hfb-above-header-display":"","ast-hfb-below-header-display":"","ast-hfb-mobile-header-display":"","site-post-title":"","ast-breadcrumbs-content":"","ast-featured-img":"","footer-sml-layout":"","ast-disable-related-posts":"","theme-transparent-header-meta":"default","adv-header-id-meta":"","stick-header-meta":"","header-above-stick-meta":"","header-main-stick-meta":"","header-below-stick-meta":"","astra-migrate-meta-layouts":"set","ast-page-background-enabled":"default","ast-page-background-meta":{"desktop":{"background-color":"","background-image":"","background-repeat":"repeat","background-position":"center center","background-size":"auto","background-attachment":"scroll","background-type":"","background-media":"","overlay-type":"","overlay-color":"","overlay-opacity":"","overlay-gradient":""},"tablet":{"background-color":"","background-image":"","background-repeat":"repeat","background-position":"center center","background-size":"auto","background-attachment":"scroll","background-type":"","background-media":"","overlay-type":"","overlay-color":"","overlay-opacity":"","overlay-gradient":""},"mobile":{"background-color":"","background-image":"","background-repeat":"repeat","background-position":"center center","background-size":"auto","background-attachment":"scroll","background-type":"","background-media":"","overlay-type":"","overlay-color":"","overlay-opacity":"","overlay-gradient":""}},"ast-content-background-meta":{"desktop":{"background-color":"var(--ast-global-color-5)","background-image":"","background-repeat":"repeat","background-position":"center center","background-size":"auto","background-attachment":"scroll","background-type":"","background-media":"","overlay-type":"","overlay-color":"","overlay-opacity":"","overlay-gradient":""},"tablet":{"background-color":"var(--ast-global-color-5)","background-image":"","background-repeat":"repeat","background-position":"center center","background-size":"auto","background-attachment":"scroll","background-type":"","background-media":"","overlay-type":"","overlay-color":"","overlay-opacity":"","overlay-gradient":""},"mobile":{"background-color":"var(--ast-global-color-5)","background-image":"","background-repeat":"repeat","background-position":"center center","background-size":"auto","background-attachment":"scroll","background-type":"","background-media":"","overlay-type":"","overlay-color":"","overlay-opacity":"","overlay-gradient":""}},"_joinchat":{"telephone":"17776015835"}},"product_brand":[],"product_cat":[19,72,151,155,160,142,146,60],"product_tag":[247,105,97,94,241,93,248],"class_list":{"0":"post-3796","1":"product","2":"type-product","3":"status-publish","4":"has-post-thumbnail","6":"product_cat-vapes","7":"product_cat-12000-puff","8":"product_cat-buy-disposable-vapes-in-france","9":"product_cat-buy-disposable-vapes-in-norway","10":"product_cat-buy-disposable-vapes-in-switzerland","11":"product_cat-digital-box-disposable-vapes","12":"product_cat-rechargeable-disposable-vapes","13":"product_cat-waspe-fihp-vape","14":"product_tag-12k-puff","15":"product_tag-digital-disposable-vape","16":"product_tag-hot-sale-disposable-vape","17":"product_tag-rechargeable-disposable-vape","18":"product_tag-smart-screen-disposable-vape","19":"product_tag-vape-wholesale","20":"product_tag-waspe-12000-digital-box","21":"desktop-align-left","22":"tablet-align-left","23":"mobile-align-left","25":"first","26":"instock","27":"sale","28":"shipping-taxable","29":"purchasable","30":"product-type-simple"},"acf":[],"uagb_featured_image_src":{"full":["https:\/\/vapestornado.com\/wp-content\/uploads\/2025\/03\/WASPE-12k-Puff-Disposable-Vape-Bulk-Buy.webp",800,800,false],"thumbnail":["https:\/\/vapestornado.com\/wp-content\/uploads\/2025\/03\/WASPE-12k-Puff-Disposable-Vape-Bulk-Buy-150x150.webp",150,150,true],"medium":["https:\/\/vapestornado.com\/wp-content\/uploads\/2025\/03\/WASPE-12k-Puff-Disposable-Vape-Bulk-Buy-300x300.webp",300,300,true],"medium_large":["https:\/\/vapestornado.com\/wp-content\/uploads\/2025\/03\/WASPE-12k-Puff-Disposable-Vape-Bulk-Buy-768x768.webp",768,768,true],"large":["https:\/\/vapestornado.com\/wp-content\/uploads\/2025\/03\/WASPE-12k-Puff-Disposable-Vape-Bulk-Buy.webp",800,800,false],"1536x1536":["https:\/\/vapestornado.com\/wp-content\/uploads\/2025\/03\/WASPE-12k-Puff-Disposable-Vape-Bulk-Buy.webp",800,800,false],"2048x2048":["https:\/\/vapestornado.com\/wp-content\/uploads\/2025\/03\/WASPE-12k-Puff-Disposable-Vape-Bulk-Buy.webp",800,800,false],"trp-custom-language-flag":["https:\/\/vapestornado.com\/wp-content\/uploads\/2025\/03\/WASPE-12k-Puff-Disposable-Vape-Bulk-Buy.webp",12,12,false],"woocommerce_thumbnail":["https:\/\/vapestornado.com\/wp-content\/uploads\/2025\/03\/WASPE-12k-Puff-Disposable-Vape-Bulk-Buy-300x300.webp",300,300,true],"woocommerce_single":["https:\/\/vapestornado.com\/wp-content\/uploads\/2025\/03\/WASPE-12k-Puff-Disposable-Vape-Bulk-Buy-600x600.webp",600,600,true],"woocommerce_gallery_thumbnail":["https:\/\/vapestornado.com\/wp-content\/uploads\/2025\/03\/WASPE-12k-Puff-Disposable-Vape-Bulk-Buy-100x100.webp",100,100,true]},"uagb_author_info":{"display_name":"ESAMY","author_link":"https:\/\/vapestornado.com\/da\/author\/"},"uagb_comment_info":0,"uagb_excerpt":"Massive 12000 puffs for extended usage \u2714 Rechargeable with fast-charging Type-C port \u2714 Digital display for real-time monitoring of battery &amp; puffs \u2714 Variety of flavors to suit all taste preferences \u2714 High-quality dual mesh coil for enhanced vapor production \u2714 Low wholesale prices for bulk buyers Get the best deals on Waspe 12000 Digital&hellip;","_links":{"self":[{"href":"https:\/\/vapestornado.com\/da\/wp-json\/wp\/v2\/product\/3796","targetHints":{"allow":["GET"]}}],"collection":[{"href":"https:\/\/vapestornado.com\/da\/wp-json\/wp\/v2\/product"}],"about":[{"href":"https:\/\/vapestornado.com\/da\/wp-json\/wp\/v2\/types\/product"}],"replies":[{"embeddable":true,"href":"https:\/\/vapestornado.com\/da\/wp-json\/wp\/v2\/comments?post=3796"}],"wp:featuredmedia":[{"embeddable":true,"href":"https:\/\/vapestornado.com\/da\/wp-json\/wp\/v2\/media\/3815"}],"wp:attachment":[{"href":"https:\/\/vapestornado.com\/da\/wp-json\/wp\/v2\/media?parent=3796"}],"wp:term":[{"taxonomy":"product_brand","embeddable":true,"href":"https:\/\/vapestornado.com\/da\/wp-json\/wp\/v2\/product_brand?post=3796"},{"taxonomy":"product_cat","embeddable":true,"href":"https:\/\/vapestornado.com\/da\/wp-json\/wp\/v2\/product_cat?post=3796"},{"taxonomy":"product_tag","embeddable":true,"href":"https:\/\/vapestornado.com\/da\/wp-json\/wp\/v2\/product_tag?post=3796"}],"curies":[{"name":"wp","href":"https:\/\/api.w.org\/{rel}","templated":true}]}}