{"id":3788,"date":"2025-02-18T03:50:57","date_gmt":"2025-02-18T03:50:57","guid":{"rendered":"https:\/\/vapestornado.com\/?post_type=product&#038;p=3788"},"modified":"2025-08-23T09:28:52","modified_gmt":"2025-08-23T09:28:52","slug":"jnr-nicotine-pouches-25mg-15-flavours-shop-online-lower-price","status":"publish","type":"product","link":"https:\/\/vapestornado.com\/da\/product\/jnr-nicotine-pouches-25mg-15-flavours-shop-online-lower-price\/","title":{"rendered":"JNR Nikotinposer 25mg 15+ Smag K\u00f8b Online Lavere Pris"},"content":{"rendered":"<h1 class=\"product-title\">JNR Nikotinposer 25mg 15+ Smag K\u00f8b Online Lavere Pris<\/h1>\n<p data-start=\"263\" data-end=\"535\">Den <strong data-start=\"267\" data-end=\"296\">JNR Nikotinposer 25mg<\/strong> er designet til brugere, der \u00f8nsker en st\u00e6rk og effektiv nikotinoplevelse uden rygning eller vaping. Hver pose indeholder <strong data-start=\"419\" data-end=\"439\">25 mg nikotin<\/strong>, hvilket giver en hurtig og kraftfuld frigivelse, der er ideel til erfarne brugere, der s\u00f8ger intensitet og fokus.<\/p>\n<p data-start=\"537\" data-end=\"781\">Fremstillet af <strong data-start=\"547\" data-end=\"583\">tobaksfrie, plantebaserede fibre<\/strong>, disse slanke poser passer komfortabelt under overl\u00e6ben uden spild, spyt eller vedvarende lugt. Det diskrete design g\u00f8r dem nemme at bruge n\u00e5r som helst \u2013 p\u00e5 arbejde, p\u00e5 farten eller i sociale sammenh\u00e6nge.<\/p>\n<p data-start=\"783\" data-end=\"1056\">Tilg\u00e6ngelig i <strong data-start=\"796\" data-end=\"811\">15+ smagsvarianter<\/strong> inklusive Mint, Citrus og Berry, kombinerer <strong data-start=\"851\" data-end=\"880\">JNR 25mg Nikotin Pouches<\/strong> styrke med forfriskende smag. De tilbyder et praktisk, r\u00f8gfrit alternativ for alle, der leder efter en potent nikotinmulighed af h\u00f8j kvalitet til en konkurrencedygtig pris.<\/p>\n<p><strong>Tilf\u00f8j Amys whatsapp for at f\u00e5 korrekt svar og rabatpris!<\/strong><\/p>\n<p><img fetchpriority=\"high\" decoding=\"async\" class=\"size-full wp-image-2932\" src=\"https:\/\/vapestornado.com\/wp-content\/uploads\/2024\/12\/Vape-Wholesale.jpg\" alt=\"Vape Engros\" width=\"229\" height=\"300\" \/><\/p>\n<h3><a href=\"https:\/\/wa.me\/8617776015835\" target=\"_blank\" rel=\"noopener\"><span style=\"color: #ff0000;\"><strong>WhatsApp: +86 17776015835<\/strong><\/span><\/a><\/h3>\n<p>&nbsp;<\/p>\n<h2><strong>JNR Nikotinposer 25mg Produktegenskaber<\/strong><\/h2>\n<p>M\u00e6rke: JNR<br \/>\nNikotinstyrke: 25 mg per pose<br \/>\nAntal poser: 20 stk. per d\u00e5se<\/p>\n<figure id=\"attachment_3773\" aria-describedby=\"caption-attachment-3773\" style=\"width: 1000px\" class=\"wp-caption alignnone\"><img decoding=\"async\" class=\"wp-image-3773 size-full\" src=\"https:\/\/vapestornado.com\/wp-content\/uploads\/2025\/02\/Hot-Selling-JNR-Nicotine-Pouches-25mg.webp\" alt=\"Popul\u00e6re JNR Nikotinposer 25mg\" width=\"1000\" height=\"1000\" srcset=\"https:\/\/vapestornado.com\/wp-content\/uploads\/2025\/02\/Hot-Selling-JNR-Nicotine-Pouches-25mg.webp 1000w, https:\/\/vapestornado.com\/wp-content\/uploads\/2025\/02\/Hot-Selling-JNR-Nicotine-Pouches-25mg-300x300.webp 300w, https:\/\/vapestornado.com\/wp-content\/uploads\/2025\/02\/Hot-Selling-JNR-Nicotine-Pouches-25mg-150x150.webp 150w, https:\/\/vapestornado.com\/wp-content\/uploads\/2025\/02\/Hot-Selling-JNR-Nicotine-Pouches-25mg-768x768.webp 768w, https:\/\/vapestornado.com\/wp-content\/uploads\/2025\/02\/Hot-Selling-JNR-Nicotine-Pouches-25mg-600x600.webp 600w, https:\/\/vapestornado.com\/wp-content\/uploads\/2025\/02\/Hot-Selling-JNR-Nicotine-Pouches-25mg-100x100.webp 100w\" sizes=\"(max-width: 1000px) 100vw, 1000px\" \/><figcaption id=\"caption-attachment-3773\" class=\"wp-caption-text\">Popul\u00e6re JNR Nikotinposer 25mg<\/figcaption><\/figure>\n<h2 class=\"product-title\"><strong>JNR Nikotinposer 25mg Smagsvarianter<\/strong><\/h2>\n<ol data-start=\"59\" data-end=\"318\" data-is-last-node=\"\">\n<li data-start=\"59\" data-end=\"76\">Sort Kirseb\u00e6r<\/li>\n<li data-start=\"77\" data-end=\"95\">Bl\u00e5 Razz Is<\/li>\n<li data-start=\"96\" data-end=\"115\">Bl\u00e5b\u00e6r Mint<\/li>\n<li data-start=\"116\" data-end=\"135\">Citrus K\u00f8ling<\/li>\n<li data-start=\"136\" data-end=\"151\">Brusende Cola<\/li>\n<li data-start=\"152\" data-end=\"163\">Frys<\/li>\n<li data-start=\"164\" data-end=\"177\">Iskold<\/li>\n<li data-start=\"178\" data-end=\"191\">Is Mint<\/li>\n<li data-start=\"192\" data-end=\"210\">Is Spearmint<\/li>\n<li data-start=\"211\" data-end=\"228\">Blandede B\u00e6r<\/li>\n<li data-start=\"229\" data-end=\"246\">Bl\u00f8d Toffee<\/li>\n<li data-start=\"247\" data-end=\"267\">Jordb\u00e6ris<\/li>\n<li data-start=\"268\" data-end=\"282\">Tropisk<\/li>\n<li data-start=\"283\" data-end=\"299\">Dobbelt \u00c6ble<\/li>\n<li data-start=\"300\" data-end=\"318\" data-is-last-node=\"\">Vandmelon Is<\/li>\n<\/ol>\n<h3 class=\"product-title\">Er nikotinposer gavnlige?<\/h3>\n<article class=\"w-full text-token-text-primary focus-visible:outline-2 focus-visible:outline-offset-[-4px]\" dir=\"auto\" data-testid=\"conversation-turn-32\" data-scroll-anchor=\"false\">\n<div class=\"m-auto text-base py-[18px] px-6\">\n<div class=\"mx-auto flex flex-1 text-base gap-4 md:gap-5 lg:gap-6 md:max-w-3xl lg:max-w-[40rem] xl:max-w-[48rem]\">\n<div class=\"group\/conversation-turn relative flex w-full min-w-0 flex-col @xs\/thread:px-0 @sm\/thread:px-1.5 @md\/thread:px-4\">\n<div class=\"flex-col gap-1 md:gap-3\">\n<div class=\"flex max-w-full flex-col flex-grow\">\n<div class=\"min-h-8 text-message flex w-full flex-col items-end gap-2 whitespace-normal break-words text-start [.text-message+&amp;]:mt-5\" dir=\"auto\" data-message-author-role=\"user\" data-message-id=\"ffac41ca-1db4-431b-873a-32c4052956f1\">\n<div class=\"flex w-full flex-col gap-1 empty:hidden items-end rtl:items-start\">\n<div class=\"relative max-w-[var(--user-chat-width,70%)] rounded-3xl bg-token-message-surface px-5 py-2.5\">\n<div class=\"absolute bottom-0 right-full top-0 -mr-3.5 hidden pr-5 pt-2 [.group\/conversation-turn:hover_&amp;]:flex\">\n<div class=\"flex\"><\/div>\n<\/div>\n<\/div>\n<\/div>\n<\/div>\n<\/div>\n<\/div>\n<\/div>\n<\/div>\n<\/div>\n<\/article>\n<article class=\"w-full text-token-text-primary focus-visible:outline-2 focus-visible:outline-offset-[-4px]\" dir=\"auto\" data-testid=\"conversation-turn-33\" data-scroll-anchor=\"true\">\n<div class=\"m-auto text-base py-[18px] px-6\">\n<div class=\"mx-auto flex flex-1 text-base gap-4 md:gap-5 lg:gap-6 md:max-w-3xl lg:max-w-[40rem] xl:max-w-[48rem]\">\n<div class=\"group\/conversation-turn relative flex w-full min-w-0 flex-col agent-turn @xs\/thread:px-0 @sm\/thread:px-1.5 @md\/thread:px-4\">\n<div class=\"flex-col gap-1 md:gap-3\">\n<div class=\"flex max-w-full flex-col flex-grow\">\n<div class=\"min-h-8 text-message flex w-full flex-col items-end gap-2 whitespace-normal break-words text-start [.text-message+&amp;]:mt-5\" dir=\"auto\" data-message-author-role=\"assistant\" data-message-id=\"e542e950-e3a5-4b1a-98f8-7584a2f9bc41\" data-message-model-slug=\"gpt-4o\">\n<div class=\"flex w-full flex-col gap-1 empty:hidden first:pt-[3px]\">\n<div class=\"markdown prose w-full break-words dark:prose-invert light\">\n<article class=\"w-full text-token-text-primary focus-visible:outline-2 focus-visible:outline-offset-[-4px]\" dir=\"auto\" data-testid=\"conversation-turn-35\" data-scroll-anchor=\"true\">\n<div class=\"m-auto text-base py-[18px] px-6\">\n<div class=\"mx-auto flex flex-1 text-base gap-4 md:gap-5 lg:gap-6 md:max-w-3xl lg:max-w-[40rem] xl:max-w-[48rem]\">\n<div class=\"group\/conversation-turn relative flex w-full min-w-0 flex-col agent-turn @xs\/thread:px-0 @sm\/thread:px-1.5 @md\/thread:px-4\">\n<div class=\"flex-col gap-1 md:gap-3\">\n<div class=\"flex max-w-full flex-col flex-grow\">\n<div class=\"min-h-8 text-message flex w-full flex-col items-end gap-2 whitespace-normal break-words text-start [.text-message+&amp;]:mt-5\" dir=\"auto\" data-message-author-role=\"assistant\" data-message-id=\"19ad7ab6-95d5-4367-834a-f160e402f0d6\" data-message-model-slug=\"gpt-4o\">\n<div class=\"flex w-full flex-col gap-1 empty:hidden first:pt-[3px]\">\n<div class=\"markdown prose w-full break-words dark:prose-invert light\">\n<p>For rygere, der fors\u00f8ger at stoppe, er nikotinposer et renere, tobaksfrit alternativ. Mens nikotin i sig selv kan have sundhedsrisici, eliminerer poserne de skadelige virkninger af rygning, hvilket g\u00f8r dem til en sundere l\u00f8sning for nuv\u00e6rende rygere, der \u00f8nsker at reducere skaderne. Rygning anses for at v\u00e6re den usundeste m\u00e5de at indtage nikotin p\u00e5, s\u00e5 et skift til nikotinposer kan v\u00e6re et positivt skridt for sundhedsbevidste brugere.<\/p>\n<\/div>\n<\/div>\n<\/div>\n<\/div>\n<\/div>\n<\/div>\n<\/div>\n<\/div>\n<\/article>\n<\/div>\n<\/div>\n<\/div>\n<\/div>\n<\/div>\n<\/div>\n<\/div>\n<\/div>\n<\/article>\n<h3>Hvorfor v\u00e6lge vapestornado til engroshandel med JNR Nikotinposer?<\/h3>\n<div class=\"flex-shrink-0 flex flex-col relative items-end\">\n<div class=\"pt-0\">\n<div class=\"gizmo-bot-avatar flex h-8 w-8 items-center justify-center overflow-hidden rounded-full\">\n<div class=\"relative p-1 rounded-sm flex items-center justify-center bg-token-main-surface-primary text-token-text-primary h-8 w-8\">\n<p>Velkommen til vapestornado, din betroede online vape shop for premium engangs vapes. Med mere end 5 \u00e5rs ekspertise tilbyder vi dig popul\u00e6re engangs vape-m\u00e6rker som Fumot RandM Vape, Vapme, Bang Vape, Waspe Vape og WGA Vape, m.m.<\/p>\n<p>Vores sortiment omfatter popul\u00e6re engangs vapes med dobbelt smag som f.eks. <a href=\"https:\/\/vapestornado.com\/da\/product\/bang-king-35k-35000-puffs-2-in-1-dual-flavour-disposable-vape-wholesale-cheap-price\/\">Bang King 35k 35000 sug<\/a>, <a href=\"https:\/\/vapestornado.com\/da\/product\/waspe-crystal-40000-puffs-40k-double-flavor-rechargeable-disposable-vapes-cheap-price\/\">WASPE Crystal 40k Dobbelt Smag<\/a> og smagsrige valg som <a href=\"https:\/\/vapestornado.com\/da\/product\/razzbar-15000-puffs-rechargeable-disposable-vape-bulk-buy-at-cheap-prices\/\">RAZZBAR 15000 Sug<\/a>. Hvert produkt er valgt med fokus p\u00e5 kvalitet, v\u00e6rdi og variation, hvilket sikrer, at du finder det perfekte match til dine behov. Oplev enest\u00e5ende service og et bredt udvalg af topprodukter til engrospris hos vapestornado.<\/p>\n<\/div>\n<h3><\/h3>\n<div class=\"relative p-1 rounded-sm flex items-center justify-center bg-token-main-surface-primary text-token-text-primary h-8 w-8\">\n<h3>Ofte stillede sp\u00f8rgsm\u00e5l om JNR Nikotinposer<\/h3>\n<\/div>\n<\/div>\n<\/div>\n<\/div>\n<div class=\"flex-shrink-0 flex flex-col relative items-end\">\n<div class=\"pt-0\">\n<div class=\"gizmo-bot-avatar flex h-8 w-8 items-center justify-center overflow-hidden rounded-full\">\n<div class=\"relative p-1 rounded-sm flex items-center justify-center bg-token-main-surface-primary text-token-text-primary h-8 w-8\">\n<div class=\"mb-2 flex gap-3 empty:hidden -ml-2\">\n<p data-start=\"42\" data-end=\"510\"><strong data-start=\"42\" data-end=\"152\">1. Hvad er de prim\u00e6re fordele ved at bruge JNR 25mg Nikotinposer sammenlignet med traditionel rygning eller vaping?<\/strong><br data-start=\"152\" data-end=\"155\" \/>JNR 25mg Nikotinposer giver en renere og mere diskret nikotinoplevelse uden at skulle ryge eller vape. De er fremstillet af tobaksfrie ingredienser og er en r\u00f8gfri og duftfri mulighed for nikotinindtag. De slanke og b\u00e6rbare poser kan bruges n\u00e5r som helst, hvor som helst, hvilket g\u00f8r dem til et praktisk alternativ til traditionelle tobaksprodukter.<\/p>\n<p data-start=\"512\" data-end=\"893\"><strong data-start=\"512\" data-end=\"625\">2. Hvor l\u00e6nge varer den prikkende fornemmelse, n\u00e5r man bruger en JNR Nikotinpose, og hvad indikerer den?<\/strong><br data-start=\"625\" data-end=\"628\" \/>N\u00e5r du placerer en JNR 25mg Nikotinpose under din l\u00e6be, vil du f\u00f8le en prikkende fornemmelse, der typisk varer omkring 15 minutter. Denne fornemmelse indikerer frigivelsen af nikotin og er et tegn p\u00e5, at posen virker som forventet og leverer et st\u00e6rkt nikotinhit.<\/p>\n<p data-start=\"895\" data-end=\"1290\"><strong data-start=\"895\" data-end=\"995\">3. Kan JNR 25mg Nikotinposer hj\u00e6lpe rygere med at stoppe, og hvad g\u00f8r dem til et sundere alternativ?<\/strong><br data-start=\"995\" data-end=\"998\" \/>Ja, JNR Nikotinposer kan hj\u00e6lpe rygere med at stoppe ved at tilbyde en tobaksfri, r\u00f8gfri mulighed for nikotinindtag. Da de ikke indeholder tobak, eliminerer de de skadelige virkninger af rygning, hvilket g\u00f8r dem til et sundere alternativ for dem, der fors\u00f8ger at reducere eller stoppe deres tobaksforbrug.<\/p>\n<p data-start=\"1292\" data-end=\"1826\"><strong data-start=\"1292\" data-end=\"1409\">4. Hvilke smagsvarianter er tilg\u00e6ngelige for JNR 25mg Nikotinposer, og hvilken giver den mest forfriskende oplevelse?<\/strong><br data-start=\"1409\" data-end=\"1412\" \/>JNR Nikotinposer f\u00e5s i en r\u00e6kke forfriskende smagsvarianter, herunder Sort Kirseb\u00e6r, Bl\u00e5 Hindb\u00e6r Is, Bl\u00e5b\u00e6r Mynte, Citrus K\u00f8ling, Blandede B\u00e6r, Jordb\u00e6r Is og flere. For en forfriskende oplevelse nyder mange brugere den k\u00f8lende fornemmelse af smagsvarianter som Is Mynte, Bl\u00e5 Hindb\u00e6r Is og Jordb\u00e6r Is.<\/p>\n<p data-start=\"1828\" data-end=\"2274\" data-is-last-node=\"\"><strong data-start=\"1828\" data-end=\"1932\">5. Hvordan skal jeg placere en JNR Nikotinpose korrekt for den mest behagelige og effektive brug?<\/strong><br data-start=\"1932\" data-end=\"1935\" \/>For at bruge en JNR Nikotinpose skal du blot placere en pose under din over- eller underl\u00e6be. Du vil begynde at f\u00f8le effekten inden for f\u00e5 minutter. Det diskrete design giver dig mulighed for at nyde din nikotinoplevelse uden rod eller st\u00e6rk lugt.<\/p>\n<h2>Hvordan bestiller man?<\/h2>\n<p><strong>1. Hvilke betalingsmetoder accepterer I?<\/strong><br \/>\nVi accepterer IBAN overf\u00f8rsel og <span style=\"font-size: 16px;\">Western Union<\/span>\u00a0for sikre og bekvemme transaktioner.<\/p>\n<p><strong>2. Hvordan kan jeg spore min ordre?<\/strong><br \/>\nEfter din ordre er afsendt, <span class=\"selectable-text copyable-text false\">vil vi l\u00f8bende opdatere sporingen af fragten, indtil du har modtaget varerne<\/span>.<\/p>\n<p><strong>3. Hvad er den forventede leveringstid?<\/strong><\/p>\n<ul>\n<li>Forsendelse fra <strong>lagre i Kina<\/strong> tager cirka <strong>7-14 arbejdsdage<\/strong>.<\/li>\n<li>Forsendelse fra <strong>Europ\u00e6iske varehuse<\/strong> tager normalt <strong>3-6 hverdage<\/strong>.<\/li>\n<\/ul>\n<p><strong>4. Hvordan kan jeg f\u00e5 hurtigere levering?<\/strong><br \/>\nFor hurtigere levering anbefaler vi at bestille fra vores <strong>europ\u00e6iske varehus<\/strong>, som tilbyder hurtigere leveringstider.<\/p>\n<p><strong>5. Hvordan returnerer jeg en vare?<\/strong><br \/>\nFor at returnere en vare, kontakt vores kundeserviceteam for detaljerede instruktioner om returneringsprocessen.<\/p>\n<p><strong>6. Tilbyder I international forsendelse?<\/strong><br \/>\nJa, vi sender til de fleste lande og h\u00e5ndterer <strong>toldbehandling<\/strong> for en problemfri leveringsoplevelse.<\/p>\n<p><strong>7. Hvad hvis jeg modtager et beskadiget eller defekt produkt?<\/strong><br \/>\nHvis din vare er beskadiget eller defekt, kontakt kundeservice for en <strong>erstatning eller tilbagebetaling<\/strong>.<\/p>\n<p><strong>8. Hvordan kan jeg kontakte kundeservice?<\/strong><br \/>\nDu kan kontakte os via <strong>e-mail, WhatsApp eller live chat<\/strong> p\u00e5 vores hjemmeside for assistance.<\/p>\n<\/div>\n<\/div>\n<\/div>\n<\/div>\n<\/div>","protected":false},"excerpt":{"rendered":"<p>JNR Nikotinposer 25mg Engros<br \/>\nPopul\u00e6re JNR Nikotinposer 25mg K\u00f8b stort ind<br \/>\nBedste JNR Nikotinposer 25mg Billig Pris<\/p>\n<p><strong>Tilf\u00f8j Amys whatsapp, f\u00e5 et hurtigt svar og en vape-kupon!<\/strong><\/p>\n<p><img fetchpriority=\"high\" decoding=\"async\" class=\"size-full wp-image-2932\" src=\"https:\/\/vapestornado.com\/wp-content\/uploads\/2024\/12\/Vape-Wholesale.jpg\" alt=\"Vape Engros\" width=\"229\" height=\"300\" \/><\/p>\n<h3><a href=\"https:\/\/wa.me\/8617776015835\"><span style=\"color: #ff0000;\"><strong>WhatsApp: +86 17776015835<\/strong><\/span><\/a><\/h3>\n<p>&nbsp;<\/p>","protected":false},"featured_media":3777,"comment_status":"open","ping_status":"closed","template":"","meta":{"_acf_changed":false,"_uag_custom_page_level_css":"","_lmt_disableupdate":"no","_lmt_disable":"","_monsterinsights_skip_tracking":false,"_monsterinsights_sitenote_active":false,"_monsterinsights_sitenote_note":"","_monsterinsights_sitenote_category":0,"site-sidebar-layout":"default","site-content-layout":"","ast-site-content-layout":"default","site-content-style":"default","site-sidebar-style":"default","ast-global-header-display":"","ast-banner-title-visibility":"","ast-main-header-display":"","ast-hfb-above-header-display":"","ast-hfb-below-header-display":"","ast-hfb-mobile-header-display":"","site-post-title":"","ast-breadcrumbs-content":"","ast-featured-img":"","footer-sml-layout":"","ast-disable-related-posts":"","theme-transparent-header-meta":"default","adv-header-id-meta":"","stick-header-meta":"","header-above-stick-meta":"","header-main-stick-meta":"","header-below-stick-meta":"","astra-migrate-meta-layouts":"set","ast-page-background-enabled":"default","ast-page-background-meta":{"desktop":{"background-color":"","background-image":"","background-repeat":"repeat","background-position":"center center","background-size":"auto","background-attachment":"scroll","background-type":"","background-media":"","overlay-type":"","overlay-color":"","overlay-opacity":"","overlay-gradient":""},"tablet":{"background-color":"","background-image":"","background-repeat":"repeat","background-position":"center center","background-size":"auto","background-attachment":"scroll","background-type":"","background-media":"","overlay-type":"","overlay-color":"","overlay-opacity":"","overlay-gradient":""},"mobile":{"background-color":"","background-image":"","background-repeat":"repeat","background-position":"center center","background-size":"auto","background-attachment":"scroll","background-type":"","background-media":"","overlay-type":"","overlay-color":"","overlay-opacity":"","overlay-gradient":""}},"ast-content-background-meta":{"desktop":{"background-color":"var(--ast-global-color-5)","background-image":"","background-repeat":"repeat","background-position":"center center","background-size":"auto","background-attachment":"scroll","background-type":"","background-media":"","overlay-type":"","overlay-color":"","overlay-opacity":"","overlay-gradient":""},"tablet":{"background-color":"var(--ast-global-color-5)","background-image":"","background-repeat":"repeat","background-position":"center center","background-size":"auto","background-attachment":"scroll","background-type":"","background-media":"","overlay-type":"","overlay-color":"","overlay-opacity":"","overlay-gradient":""},"mobile":{"background-color":"var(--ast-global-color-5)","background-image":"","background-repeat":"repeat","background-position":"center center","background-size":"auto","background-attachment":"scroll","background-type":"","background-media":"","overlay-type":"","overlay-color":"","overlay-opacity":"","overlay-gradient":""}},"_joinchat":{"telephone":"17776015835"}},"product_brand":[],"product_cat":[19,140,149,150,152,157],"product_tag":[244,242,243],"class_list":{"0":"post-3788","1":"product","2":"type-product","3":"status-publish","4":"has-post-thumbnail","6":"product_cat-vapes","7":"product_cat-big-puffs-disposable-vapes","8":"product_cat-buy-disposable-vapes-in-austria","9":"product_cat-buy-disposable-vapes-in-belgium","10":"product_cat-buy-disposable-vapes-in-cermany","11":"product_cat-buy-disposable-vapes-in-portugal","12":"product_tag-jnr-nicotine-pouches","13":"product_tag-jnr-nicotine-pouches-25mg","14":"product_tag-nicotine-pouches","15":"desktop-align-left","16":"tablet-align-left","17":"mobile-align-left","19":"first","20":"instock","21":"sale","22":"shipping-taxable","23":"purchasable","24":"product-type-simple"},"acf":[],"uagb_featured_image_src":{"full":["https:\/\/vapestornado.com\/wp-content\/uploads\/2025\/02\/JNR-Nicotine-Pouches-Wholesale.webp",1000,1000,false],"thumbnail":["https:\/\/vapestornado.com\/wp-content\/uploads\/2025\/02\/JNR-Nicotine-Pouches-Wholesale-150x150.webp",150,150,true],"medium":["https:\/\/vapestornado.com\/wp-content\/uploads\/2025\/02\/JNR-Nicotine-Pouches-Wholesale-300x300.webp",300,300,true],"medium_large":["https:\/\/vapestornado.com\/wp-content\/uploads\/2025\/02\/JNR-Nicotine-Pouches-Wholesale-768x768.webp",768,768,true],"large":["https:\/\/vapestornado.com\/wp-content\/uploads\/2025\/02\/JNR-Nicotine-Pouches-Wholesale.webp",1000,1000,false],"1536x1536":["https:\/\/vapestornado.com\/wp-content\/uploads\/2025\/02\/JNR-Nicotine-Pouches-Wholesale.webp",1000,1000,false],"2048x2048":["https:\/\/vapestornado.com\/wp-content\/uploads\/2025\/02\/JNR-Nicotine-Pouches-Wholesale.webp",1000,1000,false],"trp-custom-language-flag":["https:\/\/vapestornado.com\/wp-content\/uploads\/2025\/02\/JNR-Nicotine-Pouches-Wholesale.webp",12,12,false],"woocommerce_thumbnail":["https:\/\/vapestornado.com\/wp-content\/uploads\/2025\/02\/JNR-Nicotine-Pouches-Wholesale-300x300.webp",300,300,true],"woocommerce_single":["https:\/\/vapestornado.com\/wp-content\/uploads\/2025\/02\/JNR-Nicotine-Pouches-Wholesale-600x600.webp",600,600,true],"woocommerce_gallery_thumbnail":["https:\/\/vapestornado.com\/wp-content\/uploads\/2025\/02\/JNR-Nicotine-Pouches-Wholesale-100x100.webp",100,100,true]},"uagb_author_info":{"display_name":"ESAMY","author_link":"https:\/\/vapestornado.com\/da\/author\/"},"uagb_comment_info":0,"uagb_excerpt":"JNR Nicotine Pouches 25mg Wholesale Hot Selling JNR Nicotine Pouches 25mg Bulk Buy Best JNR Nicotine Pouches 25mg Cheap Price Add Amy's whatsapp get right reply and vape vape coupon! WhatsApp: +86 17776015835 &nbsp;","_links":{"self":[{"href":"https:\/\/vapestornado.com\/da\/wp-json\/wp\/v2\/product\/3788","targetHints":{"allow":["GET"]}}],"collection":[{"href":"https:\/\/vapestornado.com\/da\/wp-json\/wp\/v2\/product"}],"about":[{"href":"https:\/\/vapestornado.com\/da\/wp-json\/wp\/v2\/types\/product"}],"replies":[{"embeddable":true,"href":"https:\/\/vapestornado.com\/da\/wp-json\/wp\/v2\/comments?post=3788"}],"wp:featuredmedia":[{"embeddable":true,"href":"https:\/\/vapestornado.com\/da\/wp-json\/wp\/v2\/media\/3777"}],"wp:attachment":[{"href":"https:\/\/vapestornado.com\/da\/wp-json\/wp\/v2\/media?parent=3788"}],"wp:term":[{"taxonomy":"product_brand","embeddable":true,"href":"https:\/\/vapestornado.com\/da\/wp-json\/wp\/v2\/product_brand?post=3788"},{"taxonomy":"product_cat","embeddable":true,"href":"https:\/\/vapestornado.com\/da\/wp-json\/wp\/v2\/product_cat?post=3788"},{"taxonomy":"product_tag","embeddable":true,"href":"https:\/\/vapestornado.com\/da\/wp-json\/wp\/v2\/product_tag?post=3788"}],"curies":[{"name":"wp","href":"https:\/\/api.w.org\/{rel}","templated":true}]}}