{"id":3745,"date":"2025-01-14T09:29:58","date_gmt":"2025-01-14T09:29:58","guid":{"rendered":"https:\/\/vapestornado.com\/?post_type=product&#038;p=3745"},"modified":"2025-08-23T09:30:57","modified_gmt":"2025-08-23T09:30:57","slug":"high-capacity-bang-28000-puffs-disposable-e-cigarette","status":"publish","type":"product","link":"https:\/\/vapestornado.com\/da\/product\/high-capacity-bang-28000-puffs-disposable-e-cigarette\/","title":{"rendered":"H\u00f8j-Kapacitet Bang 28000 Puffs Engangs E-Cigaret"},"content":{"rendered":"<h1>H\u00f8j-Kapacitet Bang 28000 Puffs Engangs E-Cigaret<\/h1>\n<p>&nbsp;<\/p>\n<div role=\"article\" data-tabster=\"{&quot;groupper&quot;:{&quot;tabbability&quot;:2},&quot;focusable&quot;:{}}\" data-content=\"ai-message\" aria-labelledby=\"64JRvXrTnY7mRmPkEQLLT-author 64JRvXrTnY7mRmPkEQLLT-content\">\n<div id=\"64JRvXrTnY7mRmPkEQLLT-content\">\n<p data-start=\"313\" data-end=\"602\">Den <strong data-start=\"317\" data-end=\"353\">Bang 28000 Puffs Engangs Vape<\/strong> leverer udvidet ydeevne og bekvemmelighed med en massiv <strong data-start=\"415\" data-end=\"439\">28.000 pust kapacitet<\/strong> og et <strong data-start=\"446\" data-end=\"479\">30 ml forfyldt e-v\u00e6skebeholder<\/strong>. Ved brug af <strong data-start=\"487\" data-end=\"520\">avanceret mesh coil-teknologi<\/strong>sikrer den ensartet smag og j\u00e6vn dampudvikling fra start til slut.<\/p>\n<p data-start=\"604\" data-end=\"814\">Tilg\u00e6ngelig i <strong data-start=\"617\" data-end=\"656\">0%, 2%, 3% og 5% nikotinmuligheder<\/strong>tilgodeser Bang 28K alle pr\u00e6ferencer, mens <strong data-start=\"708\" data-end=\"732\">justerbare is-niveau<\/strong> funktionen giver brugerne mulighed for at tilpasse k\u00f8leintensiteten for en forfriskende mentol-effekt.<\/p>\n<p data-start=\"816\" data-end=\"1116\">Drevet af en <strong data-start=\"829\" data-end=\"860\">650mAh genopladelige batteri<\/strong> med <strong data-start=\"866\" data-end=\"890\">Type-C hurtigopladning<\/strong>minimerer denne enhed nedetid og underst\u00f8tter p\u00e5lidelig brug hele dagen. Dens <strong data-start=\"962\" data-end=\"1001\">Direct-to-Lung (DTL) luftstr\u00f8msdesign<\/strong> producerer t\u00e6tte dampskyer og st\u00e6rke smagsoplevelser, hvilket g\u00f8r den ideel til dampere, der \u00f8nsker b\u00e5de kapacitet og ydeevne.<\/p>\n<p data-start=\"1118\" data-end=\"1279\">For grossister og distribut\u00f8rer kombinerer <strong data-start=\"1156\" data-end=\"1181\">Bang 28000 Pust Vape<\/strong> tilbyder st\u00e6rk appel med h\u00f8jt antal pust, tilpasningsmuligheder og p\u00e5lidelig byggekvalitet.<\/p>\n<hr data-start=\"1281\" data-end=\"1284\" \/>\n<h3 data-start=\"1286\" data-end=\"1312\">SEO Meta Beskrivelse<\/h3>\n<\/div>\n<\/div>\n<div class=\"flex max-w-full flex-col flex-grow\">\n<div class=\"min-h-8 text-message flex w-full flex-col items-end gap-2 whitespace-normal break-words text-start [.text-message+&amp;]:mt-5\" dir=\"auto\" data-message-author-role=\"assistant\" data-message-id=\"cdb991c0-f594-4bff-b2d5-fbbdd7ce9e54\" data-message-model-slug=\"gpt-4o-mini\">\n<div class=\"flex w-full flex-col gap-1 empty:hidden first:pt-[3px]\">\n<div class=\"markdown prose w-full break-words dark:prose-invert light\"><\/div>\n<\/div>\n<\/div>\n<\/div>\n<div class=\"mb-2 flex gap-3 empty:hidden -ml-2\">\n<h2 class=\"sr-proMainInfo-baseInfoH1 J-baseInfo-name\">Top salg 28000 sug bang engangs vapes N\u00f8glefunktioner:<\/h2>\n<ul>\n<li><strong>Massivt antal pust<\/strong>: Leverer op til <strong>28.000 sug<\/strong>, hvilket giver l\u00e6ngere dampningssessioner uden hyppige udskiftninger.<\/li>\n<li><strong>Gener\u00f8s E-V\u00e6ske Kapacitet<\/strong>: Forudfyldt med <strong>30 ml h\u00f8jkvalitets vape-juice<\/strong> for ensartet smag og j\u00e6vn damp produktion.<\/li>\n<li><strong>Tilpasselige Nikotinstyrker<\/strong>: Tilg\u00e6ngelig i <strong>0%, 2%, 3% eller 5% nikotin<\/strong>, der im\u00f8dekommer forskellige pr\u00e6ferencer og dampbehov.<\/li>\n<li><strong>Avanceret Mesh Coil<\/strong>: Har en <strong>1,0\u03a9 mesh coil<\/strong> for forbedret dampt\u00e6thed, dristige smage og j\u00e6vne sug.<\/li>\n<li><strong>Justerbart Isniveau<\/strong>: Tilpas din dampoplevelse med en <strong>justerbar k\u00f8leeffekt<\/strong>, perfekt til en forfriskende mentholfornemmelse.<\/li>\n<li><strong>Genopladeligt Batteri<\/strong>: Drevet af et <strong>650mAh genopladelige batteri<\/strong>, hvilket sikrer p\u00e5lidelig ydeevne i enhedens levetid.<\/li>\n<li><strong>Hurtig Type-C Opladning<\/strong>: Udstyret med <strong>Type-C hurtigopladningsteknologi<\/strong> for minimal nedetid og effektive genopladninger.<\/li>\n<li><strong>Direct-to-Lung (DTL) luftstr\u00f8m<\/strong>: Designet til <strong>DTL-vaping<\/strong>, der leverer t\u00e6tte skyer og intense smage.<\/li>\n<li><strong>B\u00e6rbart og Stilfuldt Design<\/strong>: Kompakt, let og elegant, hvilket g\u00f8r den ideel til rejser eller daglig brug.<\/li>\n<li><strong>Milj\u00f8venlig og engangs<\/strong>: Designet til bekvemmelighed og b\u00e6redygtighed, og tilbyder problemfri bortskaffelse efter brug.<\/li>\n<\/ul>\n<\/div>\n<p><img fetchpriority=\"high\" decoding=\"async\" class=\"wp-image-2951\" src=\"https:\/\/vapestornado.com\/wp-content\/uploads\/2024\/12\/Wholesale-Disposable-Vape-265x300.jpg\" alt=\"Engros Engangsvape\" width=\"313\" height=\"354\" srcset=\"https:\/\/vapestornado.com\/wp-content\/uploads\/2024\/12\/Wholesale-Disposable-Vape-265x300.jpg 265w, https:\/\/vapestornado.com\/wp-content\/uploads\/2024\/12\/Wholesale-Disposable-Vape-768x871.jpg 768w, https:\/\/vapestornado.com\/wp-content\/uploads\/2024\/12\/Wholesale-Disposable-Vape-600x680.jpg 600w, https:\/\/vapestornado.com\/wp-content\/uploads\/2024\/12\/Wholesale-Disposable-Vape.jpg 823w\" sizes=\"(max-width: 313px) 100vw, 313px\" \/><\/p>\n<h5>Kontakt venligst Mandy's WhatsApp for rabatpris:<a href=\"https:\/\/wa.me\/8618077105796\" target=\"_blank\" rel=\"noopener\">+8618077105796<\/a><\/h5>\n<p>&nbsp;<\/p>\n<h3 class=\"sr-proMainInfo-baseInfoH1 J-baseInfo-name\">bangvape 28k Puffs Engros Vapes Smag:<\/h3>\n<p>1.Jordb\u00e6r Vandmelon<br \/>\n2.Bl\u00e5b\u00e6r-is<br \/>\n3.Blod og Sand<br \/>\n4.Ananas Kokos<br \/>\n5. Jordb\u00e6r Banan<br \/>\n6.Blandet Frugt<br \/>\n7.Bl\u00e5b\u00e6r Hindb\u00e6r<br \/>\n8.Fersken Is<br \/>\n9.Mango Fersken<br \/>\n10.Vandmelon<br \/>\n11.Drue Is<br \/>\n12.Jordb\u00e6r Kiwi Frugt<\/p>\n<div role=\"article\" data-tabster=\"{&quot;groupper&quot;:{&quot;tabbability&quot;:2},&quot;focusable&quot;:{}}\" data-content=\"ai-message\" aria-labelledby=\"dARUyEWDoEYhnSPXFwx5A-author dARUyEWDoEYhnSPXFwx5A-content\">\n<div id=\"dARUyEWDoEYhnSPXFwx5A-content\">\n<h3><strong>Hvorfor k\u00f8be HQ Bang 28000 Pust <\/strong>\u00a0e-cigaretter\u00a0<strong>fra vapestornado?<\/strong><\/h3>\n<ul>\n<li><strong>Garanteret Autentiske Produkter<\/strong><br \/>\nvapestornado sikrer, at du modtager \u00e6gte <strong>Bang 28000 Pust e-cigaretter<\/strong>, der leverer f\u00f8rsteklasses kvalitet og p\u00e5lidelig ydeevne ved hvert k\u00f8b.<\/li>\n<li><strong>Uovertruffen Priss\u00e6tning<\/strong><br \/>\nNyd konkurrencedygtige priser og eksklusive tilbud p\u00e5 engangsvapes med h\u00f8j kapacitet, hvilket g\u00f8r vapestornado til det foretrukne sted for bulk- eller individuelle ordrer.<\/li>\n<li><strong>Hurtig Forsendelse Over Hele Europa<\/strong><br \/>\nMed fokus p\u00e5 kundens bekvemmelighed, tilbyder vapestornado <strong>hurtig og p\u00e5lidelig forsendelse<\/strong> til europ\u00e6iske lande, hvilket sikrer rettidig levering.<\/li>\n<li><strong>Kundecentreret Support<\/strong><br \/>\nDrag fordel af <strong>dedikeret kundeservice<\/strong> til at hj\u00e6lpe med foresp\u00f8rgsler, hvilket g\u00f8r din shoppingoplevelse glat og problemfri.<\/li>\n<li><strong>F\u00f8rsteklasses Dampoplevelse<\/strong><br \/>\nBang 28000 Puffs vapes har avancerede <strong>mesh coil-teknologi<\/strong>, <strong>justerbare is-niveauer<\/strong>, og <strong>Direkte-til-Lunge (DTL) luftstr\u00f8m<\/strong>, der garanterer dristige smage, t\u00e6tte skyer og personlige k\u00f8lefornemmelser.<\/li>\n<li><strong>Milj\u00f8bevidst og Praktisk<\/strong><br \/>\nvapestornado underst\u00f8tter milj\u00f8ansvarlig dampning med premium engangsvapes designet til problemfri brug og nem bortskaffelse.<\/li>\n<\/ul>\n<\/div>\n<\/div>\n<h3>Ofte Stillede Sp\u00f8rgsm\u00e5l om Ny Vape Bang 28000 Puffs<\/h3>\n<p><strong>1. Hvordan kan jeg spore min ordre for Bang 28000 Puffs?<\/strong><br \/>\nDet er let at spore din ordre. N\u00e5r din ordre er bekr\u00e6ftet, modtager du et sporingsnummer via WhatsApp. Brug dette nummer p\u00e5 den udpegede fragtfirma's hjemmeside for at overv\u00e5ge din pakkes leveringsfremskridt. For yderligere hj\u00e6lp, er du velkommen til at kontakte vores kundeserviceteam.<\/p>\n<p><strong>2. Kan jeg specificere smage for tilf\u00e6ldigt udvalgte produkter?<\/strong><br \/>\nJa, det kan du! Mens nogle produktbundter leveres med forudvalgte smage, g\u00f8r vi vores bedste for at im\u00f8dekomme specifikke smagspr\u00e6ferencer. Efterlad blot en note under checkout eller kontakt vores kundesupport med din anmodning. Vi vil sikre, at dine foretrukne smage er inkluderet, hvis de er p\u00e5 lager.<\/p>\n<p><strong>3. Hvad g\u00f8r Bang 28000 Puffs vapes unikke?<\/strong><br \/>\nDen <strong>Bang 28000 Puffs Engangs Vape<\/strong> tilbyder et massivt antal sug, <strong>30mL e-v\u00e6ske kapacitet<\/strong>, justerbare is-niveauer og avanceret mesh coil-teknologi. Den er designet til bekvemmelighed, langvarig brug og en tilpasselig dampoplevelse.<\/p>","protected":false},"excerpt":{"rendered":"<ul>\n<li>Premium Bang 28000 Puffs Engangs Vape Pen<\/li>\n<li>Langtidsholdbar Bang 28000 Puffs Genopladelig Vape<\/li>\n<li>Bang 28000 Puffs E-cigaret med Justerbare Ice Vape Pods<\/li>\n<\/ul>\n<figure id=\"attachment_2951\" aria-describedby=\"caption-attachment-2951\" style=\"width: 265px\" class=\"wp-caption alignnone\"><img decoding=\"async\" class=\"size-medium wp-image-2951\" src=\"https:\/\/vapestornado.com\/wp-content\/uploads\/2024\/12\/Wholesale-Disposable-Vape-265x300.jpg\" alt=\"Engros Engangsvape\" width=\"265\" height=\"300\" srcset=\"https:\/\/vapestornado.com\/wp-content\/uploads\/2024\/12\/Wholesale-Disposable-Vape-265x300.jpg 265w, https:\/\/vapestornado.com\/wp-content\/uploads\/2024\/12\/Wholesale-Disposable-Vape-768x871.jpg 768w, https:\/\/vapestornado.com\/wp-content\/uploads\/2024\/12\/Wholesale-Disposable-Vape-600x680.jpg 600w, https:\/\/vapestornado.com\/wp-content\/uploads\/2024\/12\/Wholesale-Disposable-Vape.jpg 823w\" sizes=\"(max-width: 265px) 100vw, 265px\" \/><figcaption id=\"caption-attachment-2951\" class=\"wp-caption-text\">Venligst kontakt Mandys WhatsApp for rabatpris\u00a0 <a href=\"https:\/\/wa.me\/8618077105796\">+8618077105796<\/a><\/figcaption><\/figure>\n<p>&nbsp;<\/p>","protected":false},"featured_media":3738,"comment_status":"open","ping_status":"closed","template":"","meta":{"_acf_changed":false,"_uag_custom_page_level_css":"","_lmt_disableupdate":"no","_lmt_disable":"","_monsterinsights_skip_tracking":false,"_monsterinsights_sitenote_active":false,"_monsterinsights_sitenote_note":"","_monsterinsights_sitenote_category":0,"site-sidebar-layout":"default","site-content-layout":"","ast-site-content-layout":"default","site-content-style":"default","site-sidebar-style":"default","ast-global-header-display":"","ast-banner-title-visibility":"","ast-main-header-display":"","ast-hfb-above-header-display":"","ast-hfb-below-header-display":"","ast-hfb-mobile-header-display":"","site-post-title":"","ast-breadcrumbs-content":"","ast-featured-img":"","footer-sml-layout":"","ast-disable-related-posts":"","theme-transparent-header-meta":"default","adv-header-id-meta":"","stick-header-meta":"","header-above-stick-meta":"","header-main-stick-meta":"","header-below-stick-meta":"","astra-migrate-meta-layouts":"set","ast-page-background-enabled":"default","ast-page-background-meta":{"desktop":{"background-color":"","background-image":"","background-repeat":"repeat","background-position":"center center","background-size":"auto","background-attachment":"scroll","background-type":"","background-media":"","overlay-type":"","overlay-color":"","overlay-opacity":"","overlay-gradient":""},"tablet":{"background-color":"","background-image":"","background-repeat":"repeat","background-position":"center center","background-size":"auto","background-attachment":"scroll","background-type":"","background-media":"","overlay-type":"","overlay-color":"","overlay-opacity":"","overlay-gradient":""},"mobile":{"background-color":"","background-image":"","background-repeat":"repeat","background-position":"center center","background-size":"auto","background-attachment":"scroll","background-type":"","background-media":"","overlay-type":"","overlay-color":"","overlay-opacity":"","overlay-gradient":""}},"ast-content-background-meta":{"desktop":{"background-color":"var(--ast-global-color-5)","background-image":"","background-repeat":"repeat","background-position":"center center","background-size":"auto","background-attachment":"scroll","background-type":"","background-media":"","overlay-type":"","overlay-color":"","overlay-opacity":"","overlay-gradient":""},"tablet":{"background-color":"var(--ast-global-color-5)","background-image":"","background-repeat":"repeat","background-position":"center center","background-size":"auto","background-attachment":"scroll","background-type":"","background-media":"","overlay-type":"","overlay-color":"","overlay-opacity":"","overlay-gradient":""},"mobile":{"background-color":"var(--ast-global-color-5)","background-image":"","background-repeat":"repeat","background-position":"center center","background-size":"auto","background-attachment":"scroll","background-type":"","background-media":"","overlay-type":"","overlay-color":"","overlay-opacity":"","overlay-gradient":""}},"_joinchat":{"telephone":"+8618077105796"}},"product_brand":[],"product_cat":[235,150,153,144],"product_tag":[236,97,98],"class_list":{"0":"post-3745","1":"product","2":"type-product","3":"status-publish","4":"has-post-thumbnail","6":"product_cat-28000-puff","7":"product_cat-buy-disposable-vapes-in-belgium","8":"product_cat-buy-disposable-vapes-in-italy","9":"product_cat-low-nicotine-disposable-vapes","10":"product_tag-bang-28000-puffs","11":"product_tag-hot-sale-disposable-vape","12":"product_tag-wholesale-price-disposable-vape","13":"desktop-align-left","14":"tablet-align-left","15":"mobile-align-left","17":"first","18":"instock","19":"sale","20":"shipping-taxable","21":"purchasable","22":"product-type-simple"},"acf":[],"uagb_featured_image_src":{"full":["https:\/\/vapestornado.com\/wp-content\/uploads\/2025\/01\/Bang-28000-Puffs-Ultimate-Long-Lasting-Vape.webp",800,800,false],"thumbnail":["https:\/\/vapestornado.com\/wp-content\/uploads\/2025\/01\/Bang-28000-Puffs-Ultimate-Long-Lasting-Vape-150x150.webp",150,150,true],"medium":["https:\/\/vapestornado.com\/wp-content\/uploads\/2025\/01\/Bang-28000-Puffs-Ultimate-Long-Lasting-Vape-300x300.webp",300,300,true],"medium_large":["https:\/\/vapestornado.com\/wp-content\/uploads\/2025\/01\/Bang-28000-Puffs-Ultimate-Long-Lasting-Vape-768x768.webp",768,768,true],"large":["https:\/\/vapestornado.com\/wp-content\/uploads\/2025\/01\/Bang-28000-Puffs-Ultimate-Long-Lasting-Vape.webp",800,800,false],"1536x1536":["https:\/\/vapestornado.com\/wp-content\/uploads\/2025\/01\/Bang-28000-Puffs-Ultimate-Long-Lasting-Vape.webp",800,800,false],"2048x2048":["https:\/\/vapestornado.com\/wp-content\/uploads\/2025\/01\/Bang-28000-Puffs-Ultimate-Long-Lasting-Vape.webp",800,800,false],"trp-custom-language-flag":["https:\/\/vapestornado.com\/wp-content\/uploads\/2025\/01\/Bang-28000-Puffs-Ultimate-Long-Lasting-Vape.webp",12,12,false],"woocommerce_thumbnail":["https:\/\/vapestornado.com\/wp-content\/uploads\/2025\/01\/Bang-28000-Puffs-Ultimate-Long-Lasting-Vape-300x300.webp",300,300,true],"woocommerce_single":["https:\/\/vapestornado.com\/wp-content\/uploads\/2025\/01\/Bang-28000-Puffs-Ultimate-Long-Lasting-Vape-600x600.webp",600,600,true],"woocommerce_gallery_thumbnail":["https:\/\/vapestornado.com\/wp-content\/uploads\/2025\/01\/Bang-28000-Puffs-Ultimate-Long-Lasting-Vape-100x100.webp",100,100,true]},"uagb_author_info":{"display_name":"ESMANDY","author_link":"https:\/\/vapestornado.com\/da\/author\/"},"uagb_comment_info":0,"uagb_excerpt":"Premium Bang 28000 Puffs Disposable Vape Pen Long-Lasting Bang 28000 Puff Rechargeable Vape Bang 28000 Puffs E-Cigarette with Adjustable Ice Vape Pods [caption id=\"attachment_2951\" align=\"alignnone\" width=\"265\"] Pls Contact Mandy's WhatsApp For Discount Price\u00a0 +8618077105796[\/caption] &nbsp;","_links":{"self":[{"href":"https:\/\/vapestornado.com\/da\/wp-json\/wp\/v2\/product\/3745","targetHints":{"allow":["GET"]}}],"collection":[{"href":"https:\/\/vapestornado.com\/da\/wp-json\/wp\/v2\/product"}],"about":[{"href":"https:\/\/vapestornado.com\/da\/wp-json\/wp\/v2\/types\/product"}],"replies":[{"embeddable":true,"href":"https:\/\/vapestornado.com\/da\/wp-json\/wp\/v2\/comments?post=3745"}],"wp:featuredmedia":[{"embeddable":true,"href":"https:\/\/vapestornado.com\/da\/wp-json\/wp\/v2\/media\/3738"}],"wp:attachment":[{"href":"https:\/\/vapestornado.com\/da\/wp-json\/wp\/v2\/media?parent=3745"}],"wp:term":[{"taxonomy":"product_brand","embeddable":true,"href":"https:\/\/vapestornado.com\/da\/wp-json\/wp\/v2\/product_brand?post=3745"},{"taxonomy":"product_cat","embeddable":true,"href":"https:\/\/vapestornado.com\/da\/wp-json\/wp\/v2\/product_cat?post=3745"},{"taxonomy":"product_tag","embeddable":true,"href":"https:\/\/vapestornado.com\/da\/wp-json\/wp\/v2\/product_tag?post=3745"}],"curies":[{"name":"wp","href":"https:\/\/api.w.org\/{rel}","templated":true}]}}