{"id":3734,"date":"2025-01-13T08:21:51","date_gmt":"2025-01-13T08:21:51","guid":{"rendered":"https:\/\/vapestornado.com\/?post_type=product&#038;p=3734"},"modified":"2025-08-23T09:32:47","modified_gmt":"2025-08-23T09:32:47","slug":"waspe-crystal-40000-puffs-40k-double-flavor-rechargeable-disposable-vapes-cheap-price","status":"publish","type":"product","link":"https:\/\/vapestornado.com\/da\/product\/waspe-crystal-40000-puffs-40k-double-flavor-rechargeable-disposable-vapes-cheap-price\/","title":{"rendered":"WASPE Crystal 40000 Puffs 40k Dobbelt Smag Genopladelige Engangs Vapes Billig Pris"},"content":{"rendered":"<h1 class=\"product-title\">WASPE Crystal 40000 Puffs 40k Dobbelt Smag Genopladelige Engangs Vapes Billig Pris<\/h1>\n<p>Den <strong>WASPE Crystal 40000 Puffs<\/strong> er et f\u00f8rsteklasses <strong>genopladelige engangs vape<\/strong> designet til dampere, der s\u00f8ger en udvidet, smagfuld og tilpasselig oplevelse. Med dens massive antal sug, <strong>justerbart luftflow<\/strong>, og innovative <strong>2-smag-i-1<\/strong> teknologi, skiller den sig ud blandt de <strong>bedste m\u00e6rker af engangs vapes<\/strong> til en utroligt <strong>billig engrospris<\/strong>.<\/p>\n<p>Med en imponerende <strong>40.000 sug<\/strong>, tilbyder denne enhed en af de h\u00f8jeste kapaciteter p\u00e5 markedet for engangs-vapes, hvilket sikrer langvarig nydelse uden hyppige udskiftninger. Den <strong>dobbelt-smag teknologi<\/strong> kombinerer to komplement\u00e6re smage i \u00e9n enhed, hvilket giver brugerne mulighed for ubesv\u00e6ret at skifte mellem dem og nyde en dynamisk dampoplevelse.<\/p>\n<p data-start=\"598\" data-end=\"841\">Den <strong data-start=\"602\" data-end=\"624\">dobbelt-smagssystem<\/strong> giver brugerne mulighed for at skifte mellem to blandinger i \u00e9n enhed, hvilket giver variation og friskhed i hver session. Sammen med <strong data-start=\"744\" data-end=\"766\">justerbart luftflow<\/strong>lader den vapers tilpasse deres sug\u2014fra stramme hits til bl\u00f8dere skyer.<\/p>\n<p data-start=\"843\" data-end=\"1081\">Udstyret med <strong data-start=\"857\" data-end=\"881\">dobbelte 0,9\u03a9 mesh coils<\/strong>forbedrer WASPE Crystal smagskonsistensen og dampdensiteten. Tilg\u00e6ngelig i <strong data-start=\"961\" data-end=\"998\">0%, 2% og 5% nikotinstyrker<\/strong>passer den til forskellige pr\u00e6ferencer, fra nikotinfri brug til st\u00e6rkere hals-hits.<\/p>\n<p data-start=\"1083\" data-end=\"1291\">Drevet af en <strong data-start=\"1097\" data-end=\"1128\">850mAh genopladelige batteri<\/strong> med <strong data-start=\"1134\" data-end=\"1158\">Type-C hurtigopladning<\/strong>minimerer denne enhed nedetiden. En <strong data-start=\"1194\" data-end=\"1217\">LED digitalt display<\/strong> viser batteri- og e-v\u00e6skeniveauer i realtid, hvilket giver brugerne fuld kontrol.<\/p>\n<p data-start=\"1293\" data-end=\"1484\">For grossister og forhandlere leverer <strong data-start=\"1328\" data-end=\"1354\">WASPE Crystal 40K Vape<\/strong> er pakket effektivt med <strong data-start=\"1384\" data-end=\"1424\">200 stykker pr. karton og 10 pr. \u00e6ske<\/strong>hvilket g\u00f8r det til en omkostningseffektiv bulk-mulighed for distribution.<\/p>\n<p>For dem, der \u00f8nsker at <strong>k\u00f8be i l\u00f8s v\u00e6gt<\/strong>, tilbyder WASPE Crystal fremragende engrosmuligheder med emballage p\u00e5 <strong>200 stykker pr. karton og 10 stykker pr. \u00e6ske<\/strong>, hvilket g\u00f8r den perfekt til detailhandlere og distribut\u00f8rer. Den samlede bruttov\u00e6gt p\u00e5 22,5 kg sikrer effektiv og omkostningseffektiv forsendelse for stork\u00f8bere.<\/p>\n<p><strong>Tilf\u00f8j Amys Whatsapp for at f\u00e5 hurtigt svar og vape-kupon!<\/strong><\/p>\n<p><img fetchpriority=\"high\" decoding=\"async\" class=\"size-full wp-image-2932\" src=\"https:\/\/vapestornado.com\/wp-content\/uploads\/2024\/12\/Vape-Wholesale.jpg\" alt=\"Vape Engros\" width=\"229\" height=\"300\" \/><\/p>\n<h3><a href=\"https:\/\/wa.me\/8617776015835\" target=\"_blank\" rel=\"noopener\"><span style=\"color: #ff0000;\"><strong>WhatsApp: +86 17776015835<\/strong><\/span><\/a><\/h3>\n<p>&nbsp;<\/p>\n<h2><strong>WASPE Crystal 40000 Produktfunktioner<\/strong><\/h2>\n<ol>\n<li><strong>Maks. sug<\/strong>: 40000<\/li>\n<li><strong>Dobbelt smag<\/strong>: 20000 sug + 20000 sug = 40000 sug<\/li>\n<li><strong>Nikotinstyrke<\/strong>: 0% \/ 2% \/ 3% \/ 5%<\/li>\n<li><strong>Forfyldt kapacitet<\/strong>: 32mL<\/li>\n<li><strong>Batterikapacitet<\/strong>: 850mAh<\/li>\n<li><strong>Opladningsport<\/strong>: USB Type-C<\/li>\n<li><strong>Drift<\/strong>: Tr\u00e6k-aktivering<\/li>\n<li><strong>0,9 ohm dobbelt mesh coil<\/strong><\/li>\n<li><strong>LED-sk\u00e6rm<\/strong><\/li>\n<li><strong>Batteriniveauindikator<\/strong><\/li>\n<li><strong>E-v\u00e6ske niveauindikator<\/strong><\/li>\n<\/ol>\n<h2 class=\"product-title\"><strong>WASPE Crystal 40000 Smagsliste<\/strong><\/h2>\n<p>1. Vandmelon is<br \/>\n2. Red Bull is<br \/>\n3. Jordb\u00e6r Red Bull<br \/>\n4. Bl\u00e5b\u00e6r slik<br \/>\n5. Jordb\u00e6r kiwi<br \/>\n6. Bl\u00e5b\u00e6r hindb\u00e6r<br \/>\n7. Jordb\u00e6r hindb\u00e6r kirseb\u00e6r<br \/>\n8. Fersken is<br \/>\n9. Jordb\u00e6r banan<br \/>\n10. Drue is<br \/>\n11. Blandede b\u00e6r<br \/>\n12. Bl\u00e5b\u00e6r is<\/p>\n<h3 class=\"product-title\"><strong>Dybdeg\u00e5ende anmeldelse af WASPE Crystal 40000 Pust Smagsliste<\/strong><\/h3>\n<ol>\n<li><strong>Vandmelon Is<\/strong> \u2013 En forfriskende blanding af k\u00f8lig vandmelon med et syrligt twist af citron-lime.<\/li>\n<li><strong>Bl\u00e5b\u00e6r Is<\/strong> \u2013 S\u00f8de bl\u00e5b\u00e6r m\u00f8der den brusende forn\u00f8jelse af kirseb\u00e6rcola med en iskold finish.<\/li>\n<li><strong>Blandede B\u00e6r<\/strong> \u2013 Et frugtigt potpourri af blandede b\u00e6r med den syrlige snert af hindb\u00e6rlemonade.<\/li>\n<li><strong>Drue Is<\/strong> \u2013 Saftig druesmag parret med den eksotiske kulde fra sort drageis.<\/li>\n<li><strong>Jordb\u00e6r Banan<\/strong> \u2013 En tropisk fusion af cremet banan, s\u00f8d jordb\u00e6r og iskold ananas-kokos.<\/li>\n<li><strong>Fersken Is<\/strong> \u2013 Bl\u00f8d ferskenis blandet med saftig vandmelon og mango.<\/li>\n<li><strong>Jordb\u00e6r Hindb\u00e6r Kirseb\u00e6r<\/strong> \u2013 En l\u00e6kker blanding af jordb\u00e6r, hindb\u00e6r, kirseb\u00e6r og den mystiske Love 666-smag.<\/li>\n<li><strong>Bl\u00e5b\u00e6r Hindb\u00e6r<\/strong> \u2013 S\u00f8de bl\u00e5b\u00e6r og hindb\u00e6r blandet med iskold ferskenb\u00e6r.<\/li>\n<li><strong>Jordb\u00e6r Kiwi<\/strong> \u2013 En dejlig blanding af s\u00f8de jordb\u00e6r med syrlig kiwi og kirseb\u00e6r.<\/li>\n<li><strong>Bl\u00e5b\u00e6r Candy<\/strong> \u2013 En slik-lignende bl\u00e5b\u00e6rs\u00f8dme kombineret med saftig jordb\u00e6r-vandmelon.<\/li>\n<li><strong>Strawberry Red Bull<\/strong> \u2013 En unik blanding af energigivende Red Bull-smag med s\u00f8d bl\u00e5b\u00e6r-kirseb\u00e6r.<\/li>\n<li><strong>Red Bull Ice<\/strong> \u2013 En forfriskende Red Bull-is parret med s\u00f8d jordb\u00e6r-mango.<\/li>\n<\/ol>\n<h3>Hvorfor v\u00e6lge vapestornado til WASPE Crystal 40000 Vape Engroshandel?<\/h3>\n<div class=\"flex-shrink-0 flex flex-col relative items-end\">\n<div class=\"pt-0\">\n<div class=\"gizmo-bot-avatar flex h-8 w-8 items-center justify-center overflow-hidden rounded-full\">\n<div class=\"relative p-1 rounded-sm flex items-center justify-center bg-token-main-surface-primary text-token-text-primary h-8 w-8\">\n<p>Velkommen til vapestornado, din betroede online vape-butik for f\u00f8rsteklasses engangsvapes. Med mere end 5 \u00e5rs ekspertise tilbyder vi dig popul\u00e6re engangsvape-m\u00e6rker som Fumot RandM Vape, <a href=\"https:\/\/vapestornado.com\/da\/product\/vapme-crystal-7000-puffs-rechargeable-disposable-vape-wholesale-cheap-price\/\">Vapme<\/a>, Bang Vape, Waspe Vape og WGA Vape, osv.<\/p>\n<p>Vores sortiment omfatter popul\u00e6re vapes som <a href=\"https:\/\/vapestornado.com\/da\/product\/fumot-randm-tornado-15000-puffs-rechargeable-disposable-vape-wholesale\/\">RandM Tornado 15000<\/a>, og smagsrige valg som <a href=\"https:\/\/vapestornado.com\/da\/product\/waspe-40000-puffs-double-flavour-led-display-disposable-vape-wholesale\/\">WASPE Dobbeltsmag 40000 sug<\/a> . Hvert produkt er valgt med fokus p\u00e5 kvalitet, v\u00e6rdi og variation, hvilket sikrer, at du finder det perfekte match til dine behov. Oplev enest\u00e5ende service og et bredt udvalg af topprodukter til engrospris hos vapestornado.<\/p>\n<\/div>\n<h3><\/h3>\n<div class=\"relative p-1 rounded-sm flex items-center justify-center bg-token-main-surface-primary text-token-text-primary h-8 w-8\">\n<h3>Ofte stillede sp\u00f8rgsm\u00e5l for WASPE Crystal 40000 Engangs Vape<\/h3>\n<\/div>\n<\/div>\n<\/div>\n<\/div>\n<div class=\"flex-shrink-0 flex flex-col relative items-end\">\n<div class=\"pt-0\">\n<div class=\"gizmo-bot-avatar flex h-8 w-8 items-center justify-center overflow-hidden rounded-full\">\n<div class=\"relative p-1 rounded-sm flex items-center justify-center bg-token-main-surface-primary text-token-text-primary h-8 w-8\">\n<div class=\"mb-2 flex gap-3 empty:hidden -ml-2\">\n<ol>\n<li><strong>Hvor lang tid tager det at oplade WASPE Crystal helt?<\/strong>\n<ul>\n<li>Med Type-C hurtigopladning tager det cirka 1 time at oplade enheden helt.<\/li>\n<\/ul>\n<\/li>\n<li><strong>Hvor kan jeg k\u00f8be WASPE Crystal til en engrospris?<\/strong>\n<ul>\n<li>Du kan k\u00f8be det til engrospriser fra vapestornado, som tilbyder gode tilbud og bulk-muligheder.<\/li>\n<\/ul>\n<\/li>\n<li><strong>Hvordan fungerer systemet med dobbelt smag?<\/strong>\n<ul>\n<li>Du skal blot justere luftstr\u00f8msindstillingerne for problemfrit at skifte mellem de to smage.<\/li>\n<\/ul>\n<\/li>\n<li><strong>Er WASPE Crystal egnet til begyndere?<\/strong>\n<ul>\n<li>Ja, den er nem at bruge og tilbyder en 0% nikotinmulighed, hvilket g\u00f8r den perfekt til begyndere.<\/li>\n<\/ul>\n<\/li>\n<li><strong>Hvilken type opladning underst\u00f8tter WASPE Crystal?<\/strong>\n<ul>\n<li>Den underst\u00f8tter Type-C opladning, hvilket g\u00f8r den kompatibel med de fleste moderne opladere.<\/li>\n<\/ul>\n<\/li>\n<\/ol>\n<h2>Hvordan bestiller man?<\/h2>\n<p><strong>1. Hvilke betalingsmetoder accepterer I?<\/strong><br \/>\nVi accepterer IBAN overf\u00f8rsel og <span style=\"font-size: 16px;\">Western Union<\/span>\u00a0for sikre og bekvemme transaktioner.<\/p>\n<p><strong>2. Hvordan kan jeg spore min ordre?<\/strong><br \/>\nEfter din ordre er afsendt, <span class=\"selectable-text copyable-text false\">vil vi l\u00f8bende opdatere sporingen af fragten, indtil du har modtaget varerne<\/span>.<\/p>\n<p><strong>3. Hvad er den forventede leveringstid?<\/strong><\/p>\n<ul>\n<li>Forsendelse fra <strong>lagre i Kina<\/strong> tager cirka <strong>7-14 arbejdsdage<\/strong>.<\/li>\n<li>Forsendelse fra <strong>Europ\u00e6iske varehuse<\/strong> tager normalt <strong>3-6 hverdage<\/strong>.<\/li>\n<\/ul>\n<p><strong>4. Hvordan kan jeg f\u00e5 hurtigere levering?<\/strong><br \/>\nFor hurtigere levering anbefaler vi at bestille fra vores <strong>europ\u00e6iske varehus<\/strong>, som tilbyder hurtigere leveringstider.<\/p>\n<p><strong>5. Hvordan returnerer jeg en vare?<\/strong><br \/>\nFor at returnere en vare, kontakt vores kundeserviceteam for detaljerede instruktioner om returneringsprocessen.<\/p>\n<p><strong>6. Tilbyder I international forsendelse?<\/strong><br \/>\nJa, vi sender til de fleste lande og h\u00e5ndterer <strong>toldbehandling<\/strong> for en problemfri leveringsoplevelse.<\/p>\n<p><strong>7. Hvad hvis jeg modtager et beskadiget eller defekt produkt?<\/strong><br \/>\nHvis din vare er beskadiget eller defekt, kontakt kundeservice for en <strong>erstatning eller tilbagebetaling<\/strong>.<\/p>\n<p><strong>8. Hvordan kan jeg kontakte kundeservice?<\/strong><br \/>\nDu kan kontakte os via <strong>e-mail, WhatsApp eller live chat<\/strong> p\u00e5 vores hjemmeside for assistance.<\/p>\n<\/div>\n<\/div>\n<\/div>\n<\/div>\n<\/div>","protected":false},"excerpt":{"rendered":"<p>Bedste Waspe Crystal Vape 40000 Puffs Dobbelt Smag Lav Nikotin Engangs Vape Engros<br \/>\nWASPE Crystal 40000 Puffs Dobbelt Smag LED Display Engangs Vape Engrosk\u00f8b<br \/>\nWASPE Crystal 40000 Puffs 2 i 1 Smag Genopladelige Engangs-vapes Billig Pris<\/p>\n<p><strong>Tilf\u00f8j Amys whatsapp, f\u00e5 et hurtigt svar og en vape-kupon!<\/strong><\/p>\n<p><img fetchpriority=\"high\" decoding=\"async\" class=\"size-full wp-image-2932\" src=\"https:\/\/vapestornado.com\/wp-content\/uploads\/2024\/12\/Vape-Wholesale.jpg\" alt=\"Vape Engros\" width=\"229\" height=\"300\" \/><\/p>\n<h3><a href=\"https:\/\/wa.me\/8617776015835\"><span style=\"color: #ff0000;\"><strong>WhatsApp: +86 17776015835<\/strong><\/span><\/a><\/h3>\n<p>&nbsp;<\/p>","protected":false},"featured_media":3756,"comment_status":"open","ping_status":"closed","template":"","meta":{"_acf_changed":false,"_uag_custom_page_level_css":"","_lmt_disableupdate":"no","_lmt_disable":"","_monsterinsights_skip_tracking":false,"_monsterinsights_sitenote_active":false,"_monsterinsights_sitenote_note":"","_monsterinsights_sitenote_category":0,"site-sidebar-layout":"default","site-content-layout":"","ast-site-content-layout":"default","site-content-style":"default","site-sidebar-style":"default","ast-global-header-display":"","ast-banner-title-visibility":"","ast-main-header-display":"","ast-hfb-above-header-display":"","ast-hfb-below-header-display":"","ast-hfb-mobile-header-display":"","site-post-title":"","ast-breadcrumbs-content":"","ast-featured-img":"","footer-sml-layout":"","ast-disable-related-posts":"","theme-transparent-header-meta":"default","adv-header-id-meta":"","stick-header-meta":"","header-above-stick-meta":"","header-main-stick-meta":"","header-below-stick-meta":"","astra-migrate-meta-layouts":"set","ast-page-background-enabled":"default","ast-page-background-meta":{"desktop":{"background-color":"","background-image":"","background-repeat":"repeat","background-position":"center center","background-size":"auto","background-attachment":"scroll","background-type":"","background-media":"","overlay-type":"","overlay-color":"","overlay-opacity":"","overlay-gradient":""},"tablet":{"background-color":"","background-image":"","background-repeat":"repeat","background-position":"center center","background-size":"auto","background-attachment":"scroll","background-type":"","background-media":"","overlay-type":"","overlay-color":"","overlay-opacity":"","overlay-gradient":""},"mobile":{"background-color":"","background-image":"","background-repeat":"repeat","background-position":"center center","background-size":"auto","background-attachment":"scroll","background-type":"","background-media":"","overlay-type":"","overlay-color":"","overlay-opacity":"","overlay-gradient":""}},"ast-content-background-meta":{"desktop":{"background-color":"var(--ast-global-color-5)","background-image":"","background-repeat":"repeat","background-position":"center center","background-size":"auto","background-attachment":"scroll","background-type":"","background-media":"","overlay-type":"","overlay-color":"","overlay-opacity":"","overlay-gradient":""},"tablet":{"background-color":"var(--ast-global-color-5)","background-image":"","background-repeat":"repeat","background-position":"center center","background-size":"auto","background-attachment":"scroll","background-type":"","background-media":"","overlay-type":"","overlay-color":"","overlay-opacity":"","overlay-gradient":""},"mobile":{"background-color":"var(--ast-global-color-5)","background-image":"","background-repeat":"repeat","background-position":"center center","background-size":"auto","background-attachment":"scroll","background-type":"","background-media":"","overlay-type":"","overlay-color":"","overlay-opacity":"","overlay-gradient":""}},"_joinchat":{"telephone":"+8617776015835"}},"product_brand":[],"product_cat":[19,65,140,153,155,141,142,60],"product_tag":[120,97,94,93,237,163],"class_list":{"0":"post-3734","1":"product","2":"type-product","3":"status-publish","4":"has-post-thumbnail","6":"product_cat-vapes","7":"product_cat-40000-puff","8":"product_cat-big-puffs-disposable-vapes","9":"product_cat-buy-disposable-vapes-in-italy","10":"product_cat-buy-disposable-vapes-in-norway","11":"product_cat-crystal-disposable-vapes","12":"product_cat-digital-box-disposable-vapes","13":"product_cat-waspe-fihp-vape","14":"product_tag-crystal-vape","15":"product_tag-hot-sale-disposable-vape","16":"product_tag-rechargeable-disposable-vape","17":"product_tag-vape-wholesale","18":"product_tag-waspe-crystal-40000","19":"product_tag-waspe-vape","20":"desktop-align-left","21":"tablet-align-left","22":"mobile-align-left","24":"first","25":"instock","26":"sale","27":"shipping-taxable","28":"purchasable","29":"product-type-simple"},"acf":[],"uagb_featured_image_src":{"full":["https:\/\/vapestornado.com\/wp-content\/uploads\/2025\/01\/WASPE-40000-Puffs-Crystal-Disposable-Vape-Wholesale-Price.webp",1000,1000,false],"thumbnail":["https:\/\/vapestornado.com\/wp-content\/uploads\/2025\/01\/WASPE-40000-Puffs-Crystal-Disposable-Vape-Wholesale-Price-150x150.webp",150,150,true],"medium":["https:\/\/vapestornado.com\/wp-content\/uploads\/2025\/01\/WASPE-40000-Puffs-Crystal-Disposable-Vape-Wholesale-Price-300x300.webp",300,300,true],"medium_large":["https:\/\/vapestornado.com\/wp-content\/uploads\/2025\/01\/WASPE-40000-Puffs-Crystal-Disposable-Vape-Wholesale-Price-768x768.webp",768,768,true],"large":["https:\/\/vapestornado.com\/wp-content\/uploads\/2025\/01\/WASPE-40000-Puffs-Crystal-Disposable-Vape-Wholesale-Price.webp",1000,1000,false],"1536x1536":["https:\/\/vapestornado.com\/wp-content\/uploads\/2025\/01\/WASPE-40000-Puffs-Crystal-Disposable-Vape-Wholesale-Price.webp",1000,1000,false],"2048x2048":["https:\/\/vapestornado.com\/wp-content\/uploads\/2025\/01\/WASPE-40000-Puffs-Crystal-Disposable-Vape-Wholesale-Price.webp",1000,1000,false],"trp-custom-language-flag":["https:\/\/vapestornado.com\/wp-content\/uploads\/2025\/01\/WASPE-40000-Puffs-Crystal-Disposable-Vape-Wholesale-Price.webp",12,12,false],"woocommerce_thumbnail":["https:\/\/vapestornado.com\/wp-content\/uploads\/2025\/01\/WASPE-40000-Puffs-Crystal-Disposable-Vape-Wholesale-Price-300x300.webp",300,300,true],"woocommerce_single":["https:\/\/vapestornado.com\/wp-content\/uploads\/2025\/01\/WASPE-40000-Puffs-Crystal-Disposable-Vape-Wholesale-Price-600x600.webp",600,600,true],"woocommerce_gallery_thumbnail":["https:\/\/vapestornado.com\/wp-content\/uploads\/2025\/01\/WASPE-40000-Puffs-Crystal-Disposable-Vape-Wholesale-Price-100x100.webp",100,100,true]},"uagb_author_info":{"display_name":"ESAMY","author_link":"https:\/\/vapestornado.com\/da\/author\/"},"uagb_comment_info":0,"uagb_excerpt":"Best Waspe Crystal Vape 40000 Puffs Dual Flavors Low Nicotine Disposable Vape Wholesale WASPE Crystal 40000 Puffs Double Flavor LED Display Disposable Vape Bulk Buy WASPE Crystal 40000 Puffs 2 in 1 Flavor Rechargeable Disposable Vapes Cheap Price Add Amy's whatsapp get right reply and vape vape coupon! WhatsApp: +86 17776015835 &nbsp;","_links":{"self":[{"href":"https:\/\/vapestornado.com\/da\/wp-json\/wp\/v2\/product\/3734","targetHints":{"allow":["GET"]}}],"collection":[{"href":"https:\/\/vapestornado.com\/da\/wp-json\/wp\/v2\/product"}],"about":[{"href":"https:\/\/vapestornado.com\/da\/wp-json\/wp\/v2\/types\/product"}],"replies":[{"embeddable":true,"href":"https:\/\/vapestornado.com\/da\/wp-json\/wp\/v2\/comments?post=3734"}],"wp:featuredmedia":[{"embeddable":true,"href":"https:\/\/vapestornado.com\/da\/wp-json\/wp\/v2\/media\/3756"}],"wp:attachment":[{"href":"https:\/\/vapestornado.com\/da\/wp-json\/wp\/v2\/media?parent=3734"}],"wp:term":[{"taxonomy":"product_brand","embeddable":true,"href":"https:\/\/vapestornado.com\/da\/wp-json\/wp\/v2\/product_brand?post=3734"},{"taxonomy":"product_cat","embeddable":true,"href":"https:\/\/vapestornado.com\/da\/wp-json\/wp\/v2\/product_cat?post=3734"},{"taxonomy":"product_tag","embeddable":true,"href":"https:\/\/vapestornado.com\/da\/wp-json\/wp\/v2\/product_tag?post=3734"}],"curies":[{"name":"wp","href":"https:\/\/api.w.org\/{rel}","templated":true}]}}