{"id":3726,"date":"2025-01-13T07:22:44","date_gmt":"2025-01-13T07:22:44","guid":{"rendered":"https:\/\/vapestornado.com\/?post_type=product&#038;p=3726"},"modified":"2025-08-23T12:33:57","modified_gmt":"2025-08-23T12:33:57","slug":"bang-king-35k-35000-puffs-2-in-1-dual-flavour-disposable-vape-wholesale-cheap-price","status":"publish","type":"product","link":"https:\/\/vapestornado.com\/da\/product\/bang-king-35k-35000-puffs-2-in-1-dual-flavour-disposable-vape-wholesale-cheap-price\/","title":{"rendered":"Bang King 35K 35000 Pust 2 i 1 Dobbelt Smag Engangs Vape Engros Billig Pris"},"content":{"rendered":"<h1 class=\"product-title\">Bang King 35K 35000 Pust 2 i 1 Dobbelt Smag Engangs Vape Engros Billig Pris<\/h1>\n<p>&nbsp;<\/p>\n<p>Hvorfor er <strong>Bang King 35K 35000 Pust 2 i 1 Dobbelt Smag Engangs Vape<\/strong> ved at blive popul\u00e6r? Denne enhed kombinerer bekvemmelighed, smag og overkommelighed. Med en elegant digital sk\u00e6rm, et imponerende antal pust og to forskellige smagsvarianter i \u00e9n enhed, omdefinerer denne vape, hvad engangs vapes kan tilbyde.<\/p>\n<p>Sig farvel til hyppige udskiftninger! Med hele <strong>35.000 pust<\/strong>sikrer Bang King 35K langvarig tilfredshed, hvilket g\u00f8r den til en af de mest <strong>popul\u00e6re engangs vapes<\/strong> p\u00e5 markedet. Hvorfor n\u00f8jes med \u00e9n smag, n\u00e5r du kan f\u00e5 to? Nyd det <strong>2 i 1 smagsdesign<\/strong>, der lader dig skifte mellem to utrolige smagsvarianter i en enkelt enhed. Nyd dobbelt s\u00e5 meget smag, alt sammen i en slank pakke. Bevar kontrollen med <strong>LED-ber\u00f8ringssk\u00e6rmen<\/strong>. Den viser batterilevetid, e-v\u00e6skeniveauer og giver dig mulighed for at justere luftstr\u00f8m og str\u00f8mindstillinger for en tilpasselig oplevelse.<\/p>\n<p>Med tre luftstr\u00f8msindstillinger kan du nemt justere tr\u00e6kket, s\u00e5 det passer til dine pr\u00e6ferencer. Uanset om du foretr\u00e6kker bl\u00f8de eller robuste sug, tilpasser denne vape sig til dig. Det <strong>700mAh genopladelige batteri<\/strong> og <strong>Type-C opladning<\/strong> sikrer hurtige og effektive genopladninger, der holder din enhed t\u00e6ndt hele dagen. Den <strong>35ML e-v\u00e6ske tank<\/strong> reducerer behovet for hyppige genopfyldninger og giver mere uafbrudt vaping. Perfekt til bulk-k\u00f8bere, den <strong>engrospris<\/strong> g\u00f8r den ideel til forhandlere og vape-entusiaster, der leder efter det bedste tilbud.<\/p>\n<p><span style=\"color: #ff0000;\"><strong>Tilf\u00f8j Amys Whatsapp for at f\u00e5 hurtigt svar og vape-kupon!<\/strong><\/span><\/p>\n<p><img fetchpriority=\"high\" decoding=\"async\" class=\"size-full wp-image-2932\" src=\"https:\/\/vapestornado.com\/wp-content\/uploads\/2024\/12\/Vape-Wholesale.jpg\" alt=\"Vape Engros\" width=\"229\" height=\"300\" \/><\/p>\n<h3><a href=\"https:\/\/wa.me\/8617776015835\" target=\"_blank\" rel=\"noopener\"><span style=\"color: #ff0000;\"><strong>WhatsApp: +86 17776015835<\/strong><\/span><\/a><\/h3>\n<p>&nbsp;<\/p>\n<h2 class=\"product-title\"><strong>Bang King 35K Produktfunktioner<\/strong><\/h2>\n<div role=\"article\" data-tabster=\"{&quot;groupper&quot;:{&quot;tabbability&quot;:2},&quot;focusable&quot;:{}}\" data-content=\"ai-message\" aria-labelledby=\"juhNTJ6o7Gk1cgwZMJgv2-author juhNTJ6o7Gk1cgwZMJgv2-content\">\n<div id=\"juhNTJ6o7Gk1cgwZMJgv2-content\">\n<div role=\"article\" data-tabster=\"{&quot;groupper&quot;:{&quot;tabbability&quot;:2},&quot;focusable&quot;:{}}\" data-content=\"ai-message\" aria-labelledby=\"x4EZuCZWrTbh3weWUt7CU-author x4EZuCZWrTbh3weWUt7CU-content\">\n<div id=\"x4EZuCZWrTbh3weWUt7CU-content\">\n<div class=\"flex max-w-full flex-col flex-grow\">\n<div class=\"min-h-8 text-message flex w-full flex-col items-end gap-2 whitespace-normal break-words text-start [.text-message+&amp;]:mt-5\" dir=\"auto\" data-message-author-role=\"assistant\" data-message-id=\"52c6e00a-252f-4104-805d-2f1a84739c71\" data-message-model-slug=\"gpt-4o\">\n<div class=\"flex w-full flex-col gap-1 empty:hidden first:pt-[3px]\">\n<div class=\"markdown prose w-full break-words dark:prose-invert light\">\n<div class=\"flex max-w-full flex-col flex-grow\">\n<div class=\"min-h-8 text-message flex w-full flex-col items-end gap-2 whitespace-normal break-words text-start [.text-message+&amp;]:mt-5\" dir=\"auto\" data-message-author-role=\"assistant\" data-message-id=\"3c321776-aace-4a97-95f3-35c104de1c0a\" data-message-model-slug=\"gpt-4o\">\n<div class=\"flex w-full flex-col gap-1 empty:hidden first:pt-[3px]\">\n<div class=\"markdown prose w-full break-words dark:prose-invert light\">\n<h3><\/h3>\n<ul>\n<li><strong>Pust:<\/strong> Op til 35.000<\/li>\n<li><strong>Batteri:<\/strong> 700mAh genopladeligt med Type-C opladning<\/li>\n<li><strong>Smagsvarianter:<\/strong> Dobbelt smag i \u00e9n enhed<\/li>\n<li><strong>Luftstr\u00f8m:<\/strong> Kan tilpasses med tre tilstande<\/li>\n<li><strong>E-v\u00e6ske kapacitet:<\/strong> 35ML<\/li>\n<li><strong>Digitalt display:<\/strong> LED-ber\u00f8ringssk\u00e6rm til overv\u00e5gning og justeringer<\/li>\n<li><strong>B\u00e6rbarhed:<\/strong> Letv\u00e6gtsdesign, perfekt til p\u00e5 farten<\/li>\n<\/ul>\n<\/div>\n<\/div>\n<\/div>\n<\/div>\n<\/div>\n<\/div>\n<\/div>\n<\/div>\n<div class=\"mb-2 flex gap-3 empty:hidden -ml-2\">\n<figure id=\"attachment_3733\" aria-describedby=\"caption-attachment-3733\" style=\"width: 800px\" class=\"wp-caption alignnone\"><img decoding=\"async\" class=\"wp-image-3733 size-full\" src=\"https:\/\/vapestornado.com\/wp-content\/uploads\/2025\/01\/Bangking-Vape-36000-Disposable-Vape-Wholesale.webp\" alt=\"Bangking Vape 35000 Engangs Vape Engros\" width=\"800\" height=\"800\" srcset=\"https:\/\/vapestornado.com\/wp-content\/uploads\/2025\/01\/Bangking-Vape-36000-Disposable-Vape-Wholesale.webp 800w, https:\/\/vapestornado.com\/wp-content\/uploads\/2025\/01\/Bangking-Vape-36000-Disposable-Vape-Wholesale-300x300.webp 300w, https:\/\/vapestornado.com\/wp-content\/uploads\/2025\/01\/Bangking-Vape-36000-Disposable-Vape-Wholesale-150x150.webp 150w, https:\/\/vapestornado.com\/wp-content\/uploads\/2025\/01\/Bangking-Vape-36000-Disposable-Vape-Wholesale-768x768.webp 768w, https:\/\/vapestornado.com\/wp-content\/uploads\/2025\/01\/Bangking-Vape-36000-Disposable-Vape-Wholesale-600x600.webp 600w, https:\/\/vapestornado.com\/wp-content\/uploads\/2025\/01\/Bangking-Vape-36000-Disposable-Vape-Wholesale-100x100.webp 100w\" sizes=\"(max-width: 800px) 100vw, 800px\" \/><figcaption id=\"caption-attachment-3733\" class=\"wp-caption-text\">Bangking Vape 35000 Engangs Vape Engros<\/figcaption><\/figure>\n<\/div>\n<\/div>\n<\/div>\n<\/div>\n<\/div>\n<h2 class=\"product-title\"><strong>Popul\u00e6r smag til Bang King 35K<\/strong><strong>\u00a0<\/strong><strong>Engangs Vapes<\/strong><\/h2>\n<p>Uanset om du foretr\u00e6kker en tropisk flugt eller en frostklar forn\u00f8jelse, <strong>Bangking 35000 Pust Dobbelt Smag Engangs Vape<\/strong> har den perfekte kombination til at holde dine smagsl\u00f8g tilfredse! Hvad er den popul\u00e6re smag for BANG KING 35000 Vape? Se hvad vores kunder siger.<\/p>\n<p>1. Blue Razz Ice + Juicy Peach Ice<br \/>\n2. Jordb\u00e6r Vandmelon + Vandmelon Is <span style=\"color: #ff0000;\"><strong>&gt;&gt;&gt;&gt; Hot!<\/strong><\/span><br \/>\n3. Jordb\u00e6r Banan + Dobbelt \u00c6ble<br \/>\n4. Triple Berry Ice + Tropisk Frugt<br \/>\n5. Cherry Bomb + Grape Ice <span style=\"color: #ff0000;\"><strong>&gt;&gt;&gt;&gt; Hot!<\/strong><\/span><br \/>\n6. Fersken Mango + Jordb\u00e6r Mango<br \/>\n7. Mango Lime + Cool Mint<br \/>\n8. Cherry Pop + Mr Blue<br \/>\n9. Black Dragon Ice + Jordb\u00e6r Kiwi<br \/>\n10. Red Bull + Fersken B\u00e6r <span style=\"color: #ff0000;\"><strong>&gt;&gt;&gt;&gt; Hot!<\/strong><\/span><br \/>\n11. Pink Lemon + Mr Blue<br \/>\n12. Kiwi Passionsfrugt Guava + Bl\u00e5 Kirseb\u00e6r Citron<\/p>\n<div class=\"flex-shrink-0 flex flex-col relative items-end\">\n<div class=\"pt-0\">\n<div class=\"gizmo-bot-avatar flex h-8 w-8 items-center justify-center overflow-hidden rounded-full\">\n<div class=\"relative p-1 rounded-sm flex items-center justify-center bg-token-main-surface-primary text-token-text-primary h-8 w-8\">\n<h3>Ofte stillede sp\u00f8rgsm\u00e5l om Bang King 35K Pust Genopladelig<strong>\u00a0<\/strong>Engangs Vape<\/h3>\n<h3><\/h3>\n<p><strong>1. Hvor kan jeg k\u00f8be Bang King 35K til engrospriser i Tyskland?<\/strong><br \/>\nDu kan k\u00f8be den hos Vapestornado<strong>\u00a0online vape butik<\/strong> eller tjekke med din lokale distribut\u00f8r for de bedste tilbud.<\/p>\n<p><strong>2. Hvordan ved jeg, hvorn\u00e5r e-v\u00e6sken er ved at l\u00f8be t\u00f8r?<\/strong><br \/>\nDen <strong>digitale display<\/strong> viser e-v\u00e6skeniveauer, s\u00e5 du altid er informeret.<\/p>\n<p><strong>3. Hvordan genoplader jeg Bang King 35000?<\/strong><br \/>\nBrug blot <strong>Type-C opladningsporten<\/strong> for en hurtig og problemfri genopladning.<\/p>\n<p><strong>4. Hvad f\u00e5r denne Bang King 35k vape til at skille sig ud blandt andre engangs vape m\u00e6rker?<\/strong><br \/>\nDen <strong>dobbelt smagsdesign<\/strong>, <strong>justerbar luftstr\u00f8m<\/strong>, og massiv <strong>35.000 pust<\/strong> adskiller den og g\u00f8r den til en af de <strong>mest popul\u00e6re engangs vapes<\/strong>.<\/p>\n<p><strong>5. Kan jeg justere luftstr\u00f8mmen efter min pr\u00e6ference?<\/strong><br \/>\nJa! Enheden tilbyder <strong>tre luftstr\u00f8msindstillinger<\/strong> for at sikre, at du f\u00e5r det perfekte sug hver gang.<\/p>\n<p><strong>6. Er smagene egnede til lav nikotin pr\u00e6ference?<\/strong><br \/>\nAbsolut. Bang King 35K tilbyder <strong>tilpasselige nikotinniveauer<\/strong> i 0%, 2% og 5%.<\/p>\n<div class=\"flex max-w-full flex-col flex-grow\">\n<div class=\"min-h-8 text-message flex w-full flex-col items-end gap-2 whitespace-normal break-words text-start [.text-message+&amp;]:mt-5\" dir=\"auto\" data-message-author-role=\"assistant\" data-message-id=\"4dc48248-df95-45bd-b800-6dedb43cf7f1\" data-message-model-slug=\"gpt-4o\">\n<div class=\"flex w-full flex-col gap-1 empty:hidden first:pt-[3px]\"><\/div>\n<\/div>\n<\/div>\n<\/div>\n<\/div>\n<\/div>\n<\/div>\n<div class=\"flex-shrink-0 flex flex-col relative items-end\">\n<div class=\"pt-0\">\n<div class=\"gizmo-bot-avatar flex h-8 w-8 items-center justify-center overflow-hidden rounded-full\">\n<div class=\"relative p-1 rounded-sm flex items-center justify-center bg-token-main-surface-primary text-token-text-primary h-8 w-8\">\n<div class=\"mb-2 flex gap-3 empty:hidden -ml-2\">\n<div role=\"article\" data-tabster=\"{&quot;groupper&quot;:{&quot;tabbability&quot;:2},&quot;focusable&quot;:{}}\" data-content=\"ai-message\" aria-labelledby=\"Vdt5ez4X7Tg813x6rFVha-author Vdt5ez4X7Tg813x6rFVha-content\">\n<div id=\"Vdt5ez4X7Tg813x6rFVha-content\">\n<div role=\"article\" data-tabster=\"{&quot;groupper&quot;:{&quot;tabbability&quot;:2},&quot;focusable&quot;:{}}\" data-content=\"ai-message\" aria-labelledby=\"o968oC7CEo2fGHsGdsRYC-author o968oC7CEo2fGHsGdsRYC-content\">\n<div id=\"o968oC7CEo2fGHsGdsRYC-content\">\n<h3>Hvorfor v\u00e6lge vapestornado til Uwin Crystal 20000 Shisha Hookah engangs vape engros?<\/h3>\n<div class=\"flex-shrink-0 flex flex-col relative items-end\">\n<div class=\"pt-0\">\n<div class=\"gizmo-bot-avatar flex h-8 w-8 items-center justify-center overflow-hidden rounded-full\">\n<div class=\"relative p-1 rounded-sm flex items-center justify-center bg-token-main-surface-primary text-token-text-primary h-8 w-8\">\n<p>I den voksende konkurrence i engangs vape-industrien er vapestornado en f\u00f8rende global platform for engros e-cigaretl\u00f8sninger, har introduceret den banebrydende Bang King 35K Puffs engangs vape. Med sit i\u00f8jnefaldende krystaldesign og multifunktionelle funktioner indeholder dette innovative produkt blanding af stil med funktionalitet. Med et bredt udvalg af frugtagtige smagsvarianter sigter det mod at tilfredsstille de forskellige smag for dampere.<\/p>\n<p>vapestornado er din betroede online vape shop for engangs vapes af h\u00f8j kvalitet. Vi bringer dig hot sale engangs vape m\u00e6rker som Waspe Vape og WGA Vape, Fumot RandM Vape, Vozol Vape, Bang Vape, ect.<\/p>\n<p>Vores sortiment omfatter de mest popul\u00e6re engangs vapes som <a href=\"https:\/\/vapestornado.com\/da\/product\/randm-tornado-30000-puffs-music-rechargeable-disposable-vape-pen-wholesale\/\">Randm Tornado 30000<\/a>, og smagsrige valg som <a href=\"https:\/\/vapestornado.com\/da\/product\/uwin-crystal-20000-shisha-hookah-20k-puffs-disposable-vape-factory-cheap-price\/\"> Uwin Crystal 20000 Pust<\/a> . Hvert produkt er valgt med fokus p\u00e5 kvalitet, v\u00e6rdi og variation, hvilket sikrer, at du finder det perfekte match til dine behov. Oplev enest\u00e5ende service og et bredt udvalg af topprodukter til engrospris hos vapestornado.<\/p>\n<\/div>\n<p>&nbsp;<\/p>\n<p><strong>Andre popul\u00e6re engangs vapes<\/strong><\/p>\n<p><a href=\"https:\/\/vapestornado.com\/da\/product\/fumot-randm-tornado-25000-puffs-touch-disposable-vape-wholesale-online\/\">Fumot 25000 Pust <span style=\"color: #ff0000;\"><strong>&gt;&gt;&gt;&gt; G\u00e5 !<\/strong><\/span><\/a><\/p>\n<p><a href=\"https:\/\/vapestornado.com\/da\/product\/bang-36000-smart-disposable-vape-wholesale-shop-online\/\">Bang 36000 Pust<span style=\"color: #ff0000;\"><strong>&gt;&gt;&gt;&gt; G\u00e5 !<\/strong><\/span><\/a><\/p>\n<p><a href=\"https:\/\/vapestornado.com\/da\/product\/randm-tornado-9000-puffs-rechargeable-disposable-vape-wholesale-online\/\">RandM Tornado 9000 <span style=\"color: #ff0000;\"><strong>&gt;&gt;&gt;&gt; G\u00e5 !<\/strong><\/span><\/a><\/p>\n<\/div>\n<\/div>\n<\/div>\n<p>&nbsp;<\/p>\n<\/div>\n<\/div>\n<\/div>\n<\/div>\n<\/div>\n<\/div>\n<\/div>\n<\/div>\n<\/div>","protected":false},"excerpt":{"rendered":"<p>Bang King 35000 Pust Smart Sk\u00e6rm Engros Engangs<br \/>\nBang King 35000 Pust Engangs Vape Bulk K\u00f8b<br \/>\nBang King Tornado 35000 35K Pust Engangs Vape Pen<\/p>\n<p><strong>Tilf\u00f8j Amys whatsapp, f\u00e5 et hurtigt svar og en vape-kupon!<\/strong><\/p>\n<p><img fetchpriority=\"high\" decoding=\"async\" class=\"size-full wp-image-2932\" src=\"https:\/\/vapestornado.com\/wp-content\/uploads\/2024\/12\/Vape-Wholesale.jpg\" alt=\"Vape Engros\" width=\"229\" height=\"300\" \/><\/p>\n<h3><a href=\"https:\/\/wa.me\/8617776015835\"><span style=\"color: #ff0000;\"><strong>WhatsApp: +86 17776015835<\/strong><\/span><\/a><\/h3>\n<p>&nbsp;<\/p>","protected":false},"featured_media":3731,"comment_status":"open","ping_status":"closed","template":"","meta":{"_acf_changed":false,"_uag_custom_page_level_css":"","_lmt_disableupdate":"no","_lmt_disable":"","_monsterinsights_skip_tracking":false,"_monsterinsights_sitenote_active":false,"_monsterinsights_sitenote_note":"","_monsterinsights_sitenote_category":0,"site-sidebar-layout":"default","site-content-layout":"","ast-site-content-layout":"default","site-content-style":"default","site-sidebar-style":"default","ast-global-header-display":"","ast-banner-title-visibility":"","ast-main-header-display":"","ast-hfb-above-header-display":"","ast-hfb-below-header-display":"","ast-hfb-mobile-header-display":"","site-post-title":"","ast-breadcrumbs-content":"","ast-featured-img":"","footer-sml-layout":"","ast-disable-related-posts":"","theme-transparent-header-meta":"default","adv-header-id-meta":"","stick-header-meta":"","header-above-stick-meta":"","header-main-stick-meta":"","header-below-stick-meta":"","astra-migrate-meta-layouts":"set","ast-page-background-enabled":"default","ast-page-background-meta":{"desktop":{"background-color":"","background-image":"","background-repeat":"repeat","background-position":"center center","background-size":"auto","background-attachment":"scroll","background-type":"","background-media":"","overlay-type":"","overlay-color":"","overlay-opacity":"","overlay-gradient":""},"tablet":{"background-color":"","background-image":"","background-repeat":"repeat","background-position":"center center","background-size":"auto","background-attachment":"scroll","background-type":"","background-media":"","overlay-type":"","overlay-color":"","overlay-opacity":"","overlay-gradient":""},"mobile":{"background-color":"","background-image":"","background-repeat":"repeat","background-position":"center center","background-size":"auto","background-attachment":"scroll","background-type":"","background-media":"","overlay-type":"","overlay-color":"","overlay-opacity":"","overlay-gradient":""}},"ast-content-background-meta":{"desktop":{"background-color":"var(--ast-global-color-5)","background-image":"","background-repeat":"repeat","background-position":"center center","background-size":"auto","background-attachment":"scroll","background-type":"","background-media":"","overlay-type":"","overlay-color":"","overlay-opacity":"","overlay-gradient":""},"tablet":{"background-color":"var(--ast-global-color-5)","background-image":"","background-repeat":"repeat","background-position":"center center","background-size":"auto","background-attachment":"scroll","background-type":"","background-media":"","overlay-type":"","overlay-color":"","overlay-opacity":"","overlay-gradient":""},"mobile":{"background-color":"var(--ast-global-color-5)","background-image":"","background-repeat":"repeat","background-position":"center center","background-size":"auto","background-attachment":"scroll","background-type":"","background-media":"","overlay-type":"","overlay-color":"","overlay-opacity":"","overlay-gradient":""}},"_joinchat":{"telephone":"+8617776015835"}},"product_brand":[],"product_cat":[175,63,153,155,159,143,146],"product_tag":[196,234,165,198,97,166,94],"class_list":{"0":"post-3726","1":"product","2":"type-product","3":"status-publish","4":"has-post-thumbnail","6":"product_cat-35000-puff","7":"product_cat-bangking","8":"product_cat-buy-disposable-vapes-in-italy","9":"product_cat-buy-disposable-vapes-in-norway","10":"product_cat-buy-disposable-vapes-in-sweden","11":"product_cat-dual-mesh-disposable-vapes","12":"product_cat-rechargeable-disposable-vapes","13":"product_tag-bang-vape","14":"product_tag-bangking-35000","15":"product_tag-cheap-vapes","16":"product_tag-double-flavor-disposable-vape","17":"product_tag-hot-sale-disposable-vape","18":"product_tag-low-nicotine-vape","19":"product_tag-rechargeable-disposable-vape","20":"desktop-align-left","21":"tablet-align-left","22":"mobile-align-left","24":"first","25":"instock","26":"sale","27":"shipping-taxable","28":"purchasable","29":"product-type-simple"},"acf":[],"uagb_featured_image_src":{"full":["https:\/\/vapestornado.com\/wp-content\/uploads\/2025\/01\/Bang-Vape-Bangking-36k-Disposable-Vape-Bulk-Price.webp",800,800,false],"thumbnail":["https:\/\/vapestornado.com\/wp-content\/uploads\/2025\/01\/Bang-Vape-Bangking-36k-Disposable-Vape-Bulk-Price-150x150.webp",150,150,true],"medium":["https:\/\/vapestornado.com\/wp-content\/uploads\/2025\/01\/Bang-Vape-Bangking-36k-Disposable-Vape-Bulk-Price-300x300.webp",300,300,true],"medium_large":["https:\/\/vapestornado.com\/wp-content\/uploads\/2025\/01\/Bang-Vape-Bangking-36k-Disposable-Vape-Bulk-Price-768x768.webp",768,768,true],"large":["https:\/\/vapestornado.com\/wp-content\/uploads\/2025\/01\/Bang-Vape-Bangking-36k-Disposable-Vape-Bulk-Price.webp",800,800,false],"1536x1536":["https:\/\/vapestornado.com\/wp-content\/uploads\/2025\/01\/Bang-Vape-Bangking-36k-Disposable-Vape-Bulk-Price.webp",800,800,false],"2048x2048":["https:\/\/vapestornado.com\/wp-content\/uploads\/2025\/01\/Bang-Vape-Bangking-36k-Disposable-Vape-Bulk-Price.webp",800,800,false],"trp-custom-language-flag":["https:\/\/vapestornado.com\/wp-content\/uploads\/2025\/01\/Bang-Vape-Bangking-36k-Disposable-Vape-Bulk-Price.webp",12,12,false],"woocommerce_thumbnail":["https:\/\/vapestornado.com\/wp-content\/uploads\/2025\/01\/Bang-Vape-Bangking-36k-Disposable-Vape-Bulk-Price-300x300.webp",300,300,true],"woocommerce_single":["https:\/\/vapestornado.com\/wp-content\/uploads\/2025\/01\/Bang-Vape-Bangking-36k-Disposable-Vape-Bulk-Price-600x600.webp",600,600,true],"woocommerce_gallery_thumbnail":["https:\/\/vapestornado.com\/wp-content\/uploads\/2025\/01\/Bang-Vape-Bangking-36k-Disposable-Vape-Bulk-Price-100x100.webp",100,100,true]},"uagb_author_info":{"display_name":"ESAMY","author_link":"https:\/\/vapestornado.com\/da\/author\/"},"uagb_comment_info":0,"uagb_excerpt":"Bang King 35000 Puffs Smart Screen Wholesale Disposable Bang King 35000 Puffs Disposable Vape Bulk Buy Bang King Tornado 35000 35K Puffs Disposable Vape Pen Add Amy's whatsapp get right reply and vape coupon! WhatsApp: +86 17776015835 &nbsp;","_links":{"self":[{"href":"https:\/\/vapestornado.com\/da\/wp-json\/wp\/v2\/product\/3726","targetHints":{"allow":["GET"]}}],"collection":[{"href":"https:\/\/vapestornado.com\/da\/wp-json\/wp\/v2\/product"}],"about":[{"href":"https:\/\/vapestornado.com\/da\/wp-json\/wp\/v2\/types\/product"}],"replies":[{"embeddable":true,"href":"https:\/\/vapestornado.com\/da\/wp-json\/wp\/v2\/comments?post=3726"}],"wp:featuredmedia":[{"embeddable":true,"href":"https:\/\/vapestornado.com\/da\/wp-json\/wp\/v2\/media\/3731"}],"wp:attachment":[{"href":"https:\/\/vapestornado.com\/da\/wp-json\/wp\/v2\/media?parent=3726"}],"wp:term":[{"taxonomy":"product_brand","embeddable":true,"href":"https:\/\/vapestornado.com\/da\/wp-json\/wp\/v2\/product_brand?post=3726"},{"taxonomy":"product_cat","embeddable":true,"href":"https:\/\/vapestornado.com\/da\/wp-json\/wp\/v2\/product_cat?post=3726"},{"taxonomy":"product_tag","embeddable":true,"href":"https:\/\/vapestornado.com\/da\/wp-json\/wp\/v2\/product_tag?post=3726"}],"curies":[{"name":"wp","href":"https:\/\/api.w.org\/{rel}","templated":true}]}}