{"id":3724,"date":"2025-01-11T02:00:22","date_gmt":"2025-01-11T02:00:22","guid":{"rendered":"https:\/\/vapestornado.com\/?post_type=product&#038;p=3724"},"modified":"2025-08-23T12:33:40","modified_gmt":"2025-08-23T12:33:40","slug":"uwin-crystal-20000-shisha-hookah-20k-puffs-disposable-vape-factory-cheap-price","status":"publish","type":"product","link":"https:\/\/vapestornado.com\/da\/product\/uwin-crystal-20000-shisha-hookah-20k-puffs-disposable-vape-factory-cheap-price\/","title":{"rendered":"Uwin Crystal 20000 Shisha Vandpibe 20K Pust Engangs Vape Fabrik Billig Pris"},"content":{"rendered":"<h1 class=\"product-title\">Uwin Crystal 20000 Shisha Vandpibe 20K Pust Engangs Vape Fabrik Billig Pris<\/h1>\n<p>Den <strong>Uwin Krystal 20000<\/strong> Pust er din ultimative vaping-l\u00f8sning, der tilbyder utrolig ydeevne, overkommelighed og variation. Med en slank <strong>krystaldesign<\/strong> og <strong>fabriks billig pris<\/strong>, denne <strong>engangs vape<\/strong> er perfekt til dem, der s\u00f8ger premium kvalitet til en budgetvenlig pris. F\u00e5 <strong>20.000 puffs<\/strong> pr. enhed, hvilket sikrer langsigtet tilfredshed uden behov for hyppige udskiftninger. Ideel til brugere, der \u00f8nsker maksimal v\u00e6rdi og minimal indsats.<\/p>\n<p>Leder du efter <strong>billige vapes<\/strong> med topkvalitet? Uwin Shisha Vandpibe 20K er tilg\u00e6ngelig til <strong>fabriks direkte priser<\/strong>, hvilket g\u00f8r det til et godt valg for grossister og individuelle k\u00f8bere. Den avancerede <strong>0,8\u03a9 mesh coil<\/strong> garanterer en smagfuld og j\u00e6vn vaping-oplevelse. Sammen med 12 smagsvarianter er den perfekt til smagsentusiaster.<\/p>\n<p>V\u00e6lg din ideelle nikotinstyrke, Uwin Krystal 20000 kommer med nikotinmuligheder, der sp\u00e6nder fra <strong>0%, 2% og 5%<\/strong>, hvilket g\u00f8r denne enhed alsidig for enhver vaper. Dens b\u00e6rbare og ergonomiske <strong>krystaldesign<\/strong> er perfekt til brugere, der v\u00e6rds\u00e6tter b\u00e5de form og funktion, hvilket g\u00f8r den til en af de <strong>mest popul\u00e6re engangs vapes<\/strong> i dag. F\u00e5 fingrene i din <strong>Uwin Crystal 20000 Pust Shisha Vandpibe <\/strong>\u00a0i dag og nyd den perfekte blanding af stil, smag og v\u00e6rdi!<\/p>\n<p><span style=\"color: #ff0000;\"><strong>Tilf\u00f8j Amys Whatsapp for at f\u00e5 hurtigt svar og vape-kupon!<\/strong><\/span><\/p>\n<p><img fetchpriority=\"high\" decoding=\"async\" class=\"size-full wp-image-2932\" src=\"https:\/\/vapestornado.com\/wp-content\/uploads\/2024\/12\/Vape-Wholesale.jpg\" alt=\"Vape Engros\" width=\"229\" height=\"300\" \/><\/p>\n<h3><a href=\"https:\/\/wa.me\/8617776015835\" target=\"_blank\" rel=\"noopener\"><span style=\"color: #ff0000;\"><strong>WhatsApp: +86 17776015835<\/strong><\/span><\/a><\/h3>\n<p>&nbsp;<\/p>\n<h2 class=\"product-title\"><strong>Uwin Crystal 20000 Produktfunktioner<\/strong><\/h2>\n<div role=\"article\" data-tabster=\"{&quot;groupper&quot;:{&quot;tabbability&quot;:2},&quot;focusable&quot;:{}}\" data-content=\"ai-message\" aria-labelledby=\"juhNTJ6o7Gk1cgwZMJgv2-author juhNTJ6o7Gk1cgwZMJgv2-content\">\n<div id=\"juhNTJ6o7Gk1cgwZMJgv2-content\">\n<div role=\"article\" data-tabster=\"{&quot;groupper&quot;:{&quot;tabbability&quot;:2},&quot;focusable&quot;:{}}\" data-content=\"ai-message\" aria-labelledby=\"x4EZuCZWrTbh3weWUt7CU-author x4EZuCZWrTbh3weWUt7CU-content\">\n<div id=\"x4EZuCZWrTbh3weWUt7CU-content\">\n<div class=\"flex max-w-full flex-col flex-grow\">\n<div class=\"min-h-8 text-message flex w-full flex-col items-end gap-2 whitespace-normal break-words text-start [.text-message+&amp;]:mt-5\" dir=\"auto\" data-message-author-role=\"assistant\" data-message-id=\"52c6e00a-252f-4104-805d-2f1a84739c71\" data-message-model-slug=\"gpt-4o\">\n<div class=\"flex w-full flex-col gap-1 empty:hidden first:pt-[3px]\">\n<div class=\"markdown prose w-full break-words dark:prose-invert light\">\n<div class=\"flex max-w-full flex-col flex-grow\">\n<div class=\"min-h-8 text-message flex w-full flex-col items-end gap-2 whitespace-normal break-words text-start [.text-message+&amp;]:mt-5\" dir=\"auto\" data-message-author-role=\"assistant\" data-message-id=\"3c321776-aace-4a97-95f3-35c104de1c0a\" data-message-model-slug=\"gpt-4o\">\n<div class=\"flex w-full flex-col gap-1 empty:hidden first:pt-[3px]\">\n<div class=\"markdown prose w-full break-words dark:prose-invert light\">\n<h3><\/h3>\n<ol>\n<li><strong>H\u00f8jt Pust Antal<\/strong>: Leverer op til 20.000 pust for forl\u00e6nget brug.<\/li>\n<li><strong>Nikotinmuligheder<\/strong>: F\u00e5s i 0%, 2%, 3% og 5% nikotinniveauer.<\/li>\n<li><strong>Krystaldesign<\/strong>: Stilfuldt, let og b\u00e6rbart ergonomisk design.<\/li>\n<li><strong>Mesh Coil Teknologi<\/strong>: 0,8\u03a9 mesh coil sikrer j\u00e6vn damp og rig smag.<\/li>\n<li><strong>Forskellige Smagsvarianter<\/strong>: Tilbyder 12 unikke smagsvarianter for at tilfredsstille forskellige smag.<\/li>\n<li><strong>Stor E-v\u00e6ske Kapacitet<\/strong>: 22 ml forfyldt e-v\u00e6ske reducerer hyppige genopfyldninger.<\/li>\n<li><strong>Genopladeligt Batteri<\/strong>: 650mAh cobalt batteri med Type-C hurtig opladning.<\/li>\n<li><strong>Overkommelige Engrospriser<\/strong>: Perfekt til bulk k\u00f8b med stor v\u00e6rdi.<\/li>\n<\/ol>\n<\/div>\n<\/div>\n<\/div>\n<\/div>\n<div class=\"mb-2 flex gap-3 empty:hidden -ml-2\">\n<div class=\"items-center justify-start rounded-xl p-1 flex\"><\/div>\n<\/div>\n<\/div>\n<\/div>\n<\/div>\n<\/div>\n<div class=\"mb-2 flex gap-3 empty:hidden -ml-2\">\n<figure id=\"attachment_3719\" aria-describedby=\"caption-attachment-3719\" style=\"width: 800px\" class=\"wp-caption alignnone\"><img decoding=\"async\" class=\"wp-image-3719 size-full\" src=\"https:\/\/vapestornado.com\/wp-content\/uploads\/2025\/01\/Hookah-Shisha-20k-20000-Puffs-E-Disposable-Vape.webp\" alt=\"Vandpibe Shisha 20k 20000 Pust E Engangs Vape\" width=\"800\" height=\"800\" srcset=\"https:\/\/vapestornado.com\/wp-content\/uploads\/2025\/01\/Hookah-Shisha-20k-20000-Puffs-E-Disposable-Vape.webp 800w, https:\/\/vapestornado.com\/wp-content\/uploads\/2025\/01\/Hookah-Shisha-20k-20000-Puffs-E-Disposable-Vape-300x300.webp 300w, https:\/\/vapestornado.com\/wp-content\/uploads\/2025\/01\/Hookah-Shisha-20k-20000-Puffs-E-Disposable-Vape-150x150.webp 150w, https:\/\/vapestornado.com\/wp-content\/uploads\/2025\/01\/Hookah-Shisha-20k-20000-Puffs-E-Disposable-Vape-768x768.webp 768w, https:\/\/vapestornado.com\/wp-content\/uploads\/2025\/01\/Hookah-Shisha-20k-20000-Puffs-E-Disposable-Vape-600x600.webp 600w, https:\/\/vapestornado.com\/wp-content\/uploads\/2025\/01\/Hookah-Shisha-20k-20000-Puffs-E-Disposable-Vape-100x100.webp 100w\" sizes=\"(max-width: 800px) 100vw, 800px\" \/><figcaption id=\"caption-attachment-3719\" class=\"wp-caption-text\">Vandpibe Shisha 20k 20000 Pust E Engangs Vape<\/figcaption><\/figure>\n<\/div>\n<\/div>\n<\/div>\n<\/div>\n<\/div>\n<h2 class=\"product-title\"><strong>Popul\u00e6r Smag til Uwin Crystal 20k<\/strong><strong>\u00a0<\/strong><strong>Engangs Vapes<\/strong><\/h2>\n<p>Uwin Crystal 20000 tilbyder et imponerende udvalg af 12 forskellige smagsvarianter, der im\u00f8dekommer enhver smagspr\u00e6ference. Hvad er de mest popul\u00e6re smagsvarianter til Uwin Crystal 20k? Hver smag leverer en unik vaping-oplevelse, men Mixed Berries og Lemon Mint er konsekvent blandt de bedste valg for deres levende, velafbalancerede og tilfredsstillende profiler. Disse smagsvarianter g\u00f8r Uwin Crystal 20000 til en fremtr\u00e6dende enhed i verden af engangs vapes. Udforsk alle 12 smagsvarianter og find din favorit i dag!<\/p>\n<ol>\n<li>Vandmelon<\/li>\n<li>Mango Is<\/li>\n<li>Bl\u00e5b\u00e6r Hindb\u00e6r <span style=\"color: #ff0000;\"><strong>&gt;&gt;&gt;&gt; Hot!<\/strong><\/span><\/li>\n<li>Drue Mint<\/li>\n<li>Passionsfrugt<\/li>\n<li>Jordb\u00e6r Kiwi<\/li>\n<li>Dobbelt \u00c6ble<\/li>\n<li>Fersken Is<\/li>\n<li>Ananas Kokosn\u00f8d<\/li>\n<li>Blandede B\u00e6r<span style=\"color: #ff0000;\"><strong>&gt;&gt;&gt;&gt; Bedst !<\/strong><\/span><\/li>\n<li>Citron Mynte <span style=\"color: #ff0000;\"><strong>&gt;&gt;&gt;&gt; Hot!<\/strong><\/span><\/li>\n<li>Orange Crush<\/li>\n<\/ol>\n<div class=\"flex-shrink-0 flex flex-col relative items-end\">\n<div class=\"pt-0\">\n<div class=\"gizmo-bot-avatar flex h-8 w-8 items-center justify-center overflow-hidden rounded-full\">\n<div class=\"relative p-1 rounded-sm flex items-center justify-center bg-token-main-surface-primary text-token-text-primary h-8 w-8\">\n<h3>Ofte stillede sp\u00f8rgsm\u00e5l om Uwin Crystal 20000 Shisha Hookah Genopladelig<strong>\u00a0<\/strong>Engangs Vape<\/h3>\n<h3><\/h3>\n<h4><strong>1. Hvorfor v\u00e6lge Uwin Shisha Hookah 20K?<\/strong><\/h4>\n<p>Med <strong>20.000 puffs<\/strong>, justerbare nikotinniveauer og et elegant krystaldesign, denne enhed er b\u00e5de praktisk og stilfuld.<\/p>\n<h4><strong>2. Er denne vape budgetvenlig?<\/strong><\/h4>\n<p>Ja! Den er tilg\u00e6ngelig til <strong>fabrikkens billige priser<\/strong>, perfekt til dem, der leder efter <strong>billige vapes<\/strong> uden at g\u00e5 p\u00e5 kompromis med kvaliteten.<\/p>\n<h4><strong>3. Hvilke smagsvarianter er tilg\u00e6ngelige?<\/strong><\/h4>\n<p>Uwin Shisha Hookah 20K tilbyder 12 unikke smagsvarianter, s\u00e5som <strong>Mango Is<\/strong>, <strong>Fersken Is<\/strong>, og <strong>Pink Lemonade<\/strong>.<\/p>\n<h4><strong>4. Hvem er denne enhed ideel til?<\/strong><\/h4>\n<p>Den er perfekt til alle brugere, fra afslappede dampere til erfarne entusiaster, takket v\u00e6re dens h\u00f8je antal sug, brede udvalg af smagsvarianter og overkommelige pris.<\/p>\n<h4><strong>5. Hvor kan man k\u00f8be engangs-vapes som denne?<\/strong><\/h4>\n<p>Shop hos <strong><a href=\"https:\/\/vapestornado.com\/da\/\" target=\"_new\" rel=\"noopener\">vapestornado online vape butik<\/a><\/strong>, en af de <strong>mest popul\u00e6re websteder for engangs-vapes<\/strong>, for at f\u00e5 de bedste tilbud p\u00e5 Uwin Shisha Hookah 20K.<\/p>\n<div class=\"flex max-w-full flex-col flex-grow\">\n<div class=\"min-h-8 text-message flex w-full flex-col items-end gap-2 whitespace-normal break-words text-start [.text-message+&amp;]:mt-5\" dir=\"auto\" data-message-author-role=\"assistant\" data-message-id=\"4dc48248-df95-45bd-b800-6dedb43cf7f1\" data-message-model-slug=\"gpt-4o\">\n<div class=\"flex w-full flex-col gap-1 empty:hidden first:pt-[3px]\"><\/div>\n<\/div>\n<\/div>\n<\/div>\n<\/div>\n<\/div>\n<\/div>\n<div class=\"flex-shrink-0 flex flex-col relative items-end\">\n<div class=\"pt-0\">\n<div class=\"gizmo-bot-avatar flex h-8 w-8 items-center justify-center overflow-hidden rounded-full\">\n<div class=\"relative p-1 rounded-sm flex items-center justify-center bg-token-main-surface-primary text-token-text-primary h-8 w-8\">\n<div class=\"mb-2 flex gap-3 empty:hidden -ml-2\">\n<div role=\"article\" data-tabster=\"{&quot;groupper&quot;:{&quot;tabbability&quot;:2},&quot;focusable&quot;:{}}\" data-content=\"ai-message\" aria-labelledby=\"Vdt5ez4X7Tg813x6rFVha-author Vdt5ez4X7Tg813x6rFVha-content\">\n<div id=\"Vdt5ez4X7Tg813x6rFVha-content\">\n<div role=\"article\" data-tabster=\"{&quot;groupper&quot;:{&quot;tabbability&quot;:2},&quot;focusable&quot;:{}}\" data-content=\"ai-message\" aria-labelledby=\"o968oC7CEo2fGHsGdsRYC-author o968oC7CEo2fGHsGdsRYC-content\">\n<div id=\"o968oC7CEo2fGHsGdsRYC-content\">\n<h3>Hvorfor v\u00e6lge vapestornado til Uwin Crystal 20000 Shisha Hookah engangs vape engros?<\/h3>\n<div class=\"flex-shrink-0 flex flex-col relative items-end\">\n<div class=\"pt-0\">\n<div class=\"gizmo-bot-avatar flex h-8 w-8 items-center justify-center overflow-hidden rounded-full\">\n<div class=\"relative p-1 rounded-sm flex items-center justify-center bg-token-main-surface-primary text-token-text-primary h-8 w-8\">\n<p>I den voksende konkurrence i engangs-vapeindustrien har vapestornado, en f\u00f8rende global platform for engros e-cigaretl\u00f8sninger, introduceret den banebrydende Uwin Shisha Hookah Crystal 20000 Puffs engangs-vape. Med sit i\u00f8jnefaldende krystaldesign og multifunktionelle funktioner blander dette innovative produkt problemfrit stil med funktionalitet. Med et bredt udvalg af frugtagtige smagsvarianter sigter det mod at tilfredsstille de forskellige smag af dampere.<\/p>\n<p>vapestornado er din betroede online vape shop for h\u00f8jkvalitets engangs vapes. Med mere end 5 \u00e5rs ekspertise bringer vi dig hot sale engangs vape m\u00e6rker som Waspe Vape og WGA Vape, Fumot RandM Vape, Vozol Vape, Bang Vape, ect.<\/p>\n<p>Vores sortiment omfatter de mest popul\u00e6re engangs vapes som <a href=\"https:\/\/vapestornado.com\/da\/product\/vapsolo-viking-12000-puffs-2-5-low-nicotine-bulk-buy-rechargeable-disposable-vapes-pen-wholesale-price\/\">VapSolo Viking 12000<\/a>, og smagsrige valg som <a href=\"https:\/\/vapestornado.com\/da\/product\/uwin-crystal-10000-puffs-wholesale-disposable-vape-puff-10k-low-nicotine-rechargeable-vapes-pen-bulk-buy-wholesalepuffs-disposable-vape-wholesale-price-copy\/\"> Uwin Crystal 10000 Puffs<\/a> . Hvert produkt er valgt med fokus p\u00e5 kvalitet, v\u00e6rdi og variation, hvilket sikrer, at du finder det perfekte match til dine behov. Oplev enest\u00e5ende service og et bredt udvalg af topprodukter til engrospris hos vapestornado.<\/p>\n<\/div>\n<p>&nbsp;<\/p>\n<p><strong>Andre popul\u00e6re engangs vapes<\/strong><\/p>\n<p><a href=\"https:\/\/vapestornado.com\/da\/product\/china-factory-vapsolo-super-15000-puffs-disposable-wholesale-price-disposable-vape-rechargeable-disposable-vapes-pen-bulk-buy-wholesale\/\">Vapsolo Super 15000 Puffs <span style=\"color: #ff0000;\"><strong>&gt;&gt;&gt;&gt; G\u00e5 !<\/strong><\/span><\/a><\/p>\n<p><a href=\"https:\/\/vapestornado.com\/da\/product\/jnr-falcon-x-18000-puffs-disposable-vape-wholesale-price\/\">JNR Falcon X 18000 Puffs<span style=\"color: #ff0000;\"><strong>&gt;&gt;&gt;&gt; G\u00e5 !<\/strong><\/span><\/a><\/p>\n<p><a href=\"https:\/\/vapestornado.com\/da\/product\/tornado-vape-uwin-35000-puff-35k-music-wholesale-price\/\">Tornado Vape Uwin 35000 <span style=\"color: #ff0000;\"><strong>&gt;&gt;&gt;&gt; G\u00e5 !<\/strong><\/span><\/a><\/p>\n<\/div>\n<\/div>\n<\/div>\n<p>&nbsp;<\/p>\n<\/div>\n<\/div>\n<\/div>\n<\/div>\n<\/div>\n<\/div>\n<\/div>\n<\/div>\n<\/div>","protected":false},"excerpt":{"rendered":"<p>Bedste Uwin Shisha Vandpibe Krystal 20000 Pust Engangs Vape<br \/>\nUwin Krystal 20k Pust Engangs Shisha Vandpibe Bulk Pris<br \/>\nUwin krystal 20000 Pust Billig Pris Engros Leverand\u00f8r<\/p>\n<p><strong>Tilf\u00f8j Amys whatsapp, f\u00e5 et hurtigt svar og en vape-kupon!<\/strong><\/p>\n<p><img fetchpriority=\"high\" decoding=\"async\" class=\"size-full wp-image-2932\" src=\"https:\/\/vapestornado.com\/wp-content\/uploads\/2024\/12\/Vape-Wholesale.jpg\" alt=\"Vape Engros\" width=\"229\" height=\"300\" \/><\/p>\n<h3><a href=\"https:\/\/wa.me\/8617776015835\"><span style=\"color: #ff0000;\"><strong>WhatsApp: +86 17776015835<\/strong><\/span><\/a><\/h3>\n<p>&nbsp;<\/p>","protected":false},"featured_media":3723,"comment_status":"open","ping_status":"closed","template":"","meta":{"_acf_changed":false,"_uag_custom_page_level_css":"","_lmt_disableupdate":"no","_lmt_disable":"","_monsterinsights_skip_tracking":false,"_monsterinsights_sitenote_active":false,"_monsterinsights_sitenote_note":"","_monsterinsights_sitenote_category":0,"site-sidebar-layout":"default","site-content-layout":"","ast-site-content-layout":"default","site-content-style":"default","site-sidebar-style":"default","ast-global-header-display":"","ast-banner-title-visibility":"","ast-main-header-display":"","ast-hfb-above-header-display":"","ast-hfb-below-header-display":"","ast-hfb-mobile-header-display":"","site-post-title":"","ast-breadcrumbs-content":"","ast-featured-img":"","footer-sml-layout":"","ast-disable-related-posts":"","theme-transparent-header-meta":"default","adv-header-id-meta":"","stick-header-meta":"","header-above-stick-meta":"","header-main-stick-meta":"","header-below-stick-meta":"","astra-migrate-meta-layouts":"set","ast-page-background-enabled":"default","ast-page-background-meta":{"desktop":{"background-color":"","background-image":"","background-repeat":"repeat","background-position":"center center","background-size":"auto","background-attachment":"scroll","background-type":"","background-media":"","overlay-type":"","overlay-color":"","overlay-opacity":"","overlay-gradient":""},"tablet":{"background-color":"","background-image":"","background-repeat":"repeat","background-position":"center center","background-size":"auto","background-attachment":"scroll","background-type":"","background-media":"","overlay-type":"","overlay-color":"","overlay-opacity":"","overlay-gradient":""},"mobile":{"background-color":"","background-image":"","background-repeat":"repeat","background-position":"center center","background-size":"auto","background-attachment":"scroll","background-type":"","background-media":"","overlay-type":"","overlay-color":"","overlay-opacity":"","overlay-gradient":""}},"ast-content-background-meta":{"desktop":{"background-color":"var(--ast-global-color-5)","background-image":"","background-repeat":"repeat","background-position":"center center","background-size":"auto","background-attachment":"scroll","background-type":"","background-media":"","overlay-type":"","overlay-color":"","overlay-opacity":"","overlay-gradient":""},"tablet":{"background-color":"var(--ast-global-color-5)","background-image":"","background-repeat":"repeat","background-position":"center center","background-size":"auto","background-attachment":"scroll","background-type":"","background-media":"","overlay-type":"","overlay-color":"","overlay-opacity":"","overlay-gradient":""},"mobile":{"background-color":"var(--ast-global-color-5)","background-image":"","background-repeat":"repeat","background-position":"center center","background-size":"auto","background-attachment":"scroll","background-type":"","background-media":"","overlay-type":"","overlay-color":"","overlay-opacity":"","overlay-gradient":""}},"_joinchat":{"telephone":"+8617776015835"}},"product_brand":[],"product_cat":[69,157,141,143,147,233],"product_tag":[165,120,97,166,94,232],"class_list":{"0":"post-3724","1":"product","2":"type-product","3":"status-publish","4":"has-post-thumbnail","6":"product_cat-20000-puff","7":"product_cat-buy-disposable-vapes-in-portugal","8":"product_cat-crystal-disposable-vapes","9":"product_cat-dual-mesh-disposable-vapes","10":"product_cat-shisha-hookah-disposable-vapes","11":"product_cat-uwin-vape","12":"product_tag-cheap-vapes","13":"product_tag-crystal-vape","14":"product_tag-hot-sale-disposable-vape","15":"product_tag-low-nicotine-vape","16":"product_tag-rechargeable-disposable-vape","17":"product_tag-uwin-crystal-20000","18":"desktop-align-left","19":"tablet-align-left","20":"mobile-align-left","22":"first","23":"instock","24":"sale","25":"shipping-taxable","26":"purchasable","27":"product-type-simple"},"acf":[],"uagb_featured_image_src":{"full":["https:\/\/vapestornado.com\/wp-content\/uploads\/2025\/01\/Uwin-Shisha-Hookah-Crystal-20000-Puffs-Disposable-Vape.webp",800,800,false],"thumbnail":["https:\/\/vapestornado.com\/wp-content\/uploads\/2025\/01\/Uwin-Shisha-Hookah-Crystal-20000-Puffs-Disposable-Vape-150x150.webp",150,150,true],"medium":["https:\/\/vapestornado.com\/wp-content\/uploads\/2025\/01\/Uwin-Shisha-Hookah-Crystal-20000-Puffs-Disposable-Vape-300x300.webp",300,300,true],"medium_large":["https:\/\/vapestornado.com\/wp-content\/uploads\/2025\/01\/Uwin-Shisha-Hookah-Crystal-20000-Puffs-Disposable-Vape-768x768.webp",768,768,true],"large":["https:\/\/vapestornado.com\/wp-content\/uploads\/2025\/01\/Uwin-Shisha-Hookah-Crystal-20000-Puffs-Disposable-Vape.webp",800,800,false],"1536x1536":["https:\/\/vapestornado.com\/wp-content\/uploads\/2025\/01\/Uwin-Shisha-Hookah-Crystal-20000-Puffs-Disposable-Vape.webp",800,800,false],"2048x2048":["https:\/\/vapestornado.com\/wp-content\/uploads\/2025\/01\/Uwin-Shisha-Hookah-Crystal-20000-Puffs-Disposable-Vape.webp",800,800,false],"trp-custom-language-flag":["https:\/\/vapestornado.com\/wp-content\/uploads\/2025\/01\/Uwin-Shisha-Hookah-Crystal-20000-Puffs-Disposable-Vape.webp",12,12,false],"woocommerce_thumbnail":["https:\/\/vapestornado.com\/wp-content\/uploads\/2025\/01\/Uwin-Shisha-Hookah-Crystal-20000-Puffs-Disposable-Vape-300x300.webp",300,300,true],"woocommerce_single":["https:\/\/vapestornado.com\/wp-content\/uploads\/2025\/01\/Uwin-Shisha-Hookah-Crystal-20000-Puffs-Disposable-Vape-600x600.webp",600,600,true],"woocommerce_gallery_thumbnail":["https:\/\/vapestornado.com\/wp-content\/uploads\/2025\/01\/Uwin-Shisha-Hookah-Crystal-20000-Puffs-Disposable-Vape-100x100.webp",100,100,true]},"uagb_author_info":{"display_name":"ESAMY","author_link":"https:\/\/vapestornado.com\/da\/author\/"},"uagb_comment_info":0,"uagb_excerpt":"Best Uwin Shisha Hookah Crystal 20000 Puffs Disposable Vape Uwin Crystal 20k Puff Disoisable Shisha Hookah Bulk Price Uwin crystal 20000 Puffs Cheap Price Wholesale Supplier Add Amy's whatsapp get right reply and vape coupon! WhatsApp: +86 17776015835 &nbsp;","_links":{"self":[{"href":"https:\/\/vapestornado.com\/da\/wp-json\/wp\/v2\/product\/3724","targetHints":{"allow":["GET"]}}],"collection":[{"href":"https:\/\/vapestornado.com\/da\/wp-json\/wp\/v2\/product"}],"about":[{"href":"https:\/\/vapestornado.com\/da\/wp-json\/wp\/v2\/types\/product"}],"replies":[{"embeddable":true,"href":"https:\/\/vapestornado.com\/da\/wp-json\/wp\/v2\/comments?post=3724"}],"wp:featuredmedia":[{"embeddable":true,"href":"https:\/\/vapestornado.com\/da\/wp-json\/wp\/v2\/media\/3723"}],"wp:attachment":[{"href":"https:\/\/vapestornado.com\/da\/wp-json\/wp\/v2\/media?parent=3724"}],"wp:term":[{"taxonomy":"product_brand","embeddable":true,"href":"https:\/\/vapestornado.com\/da\/wp-json\/wp\/v2\/product_brand?post=3724"},{"taxonomy":"product_cat","embeddable":true,"href":"https:\/\/vapestornado.com\/da\/wp-json\/wp\/v2\/product_cat?post=3724"},{"taxonomy":"product_tag","embeddable":true,"href":"https:\/\/vapestornado.com\/da\/wp-json\/wp\/v2\/product_tag?post=3724"}],"curies":[{"name":"wp","href":"https:\/\/api.w.org\/{rel}","templated":true}]}}