{"id":3700,"date":"2025-01-07T09:47:56","date_gmt":"2025-01-07T09:47:56","guid":{"rendered":"https:\/\/vapestornado.com\/?post_type=product&#038;p=3700"},"modified":"2025-08-23T09:34:23","modified_gmt":"2025-08-23T09:34:23","slug":"wholesale-price-bang-king-35000-puffs-tornado-vape","status":"publish","type":"product","link":"https:\/\/vapestornado.com\/da\/product\/wholesale-price-bang-king-35000-puffs-tornado-vape\/","title":{"rendered":"Engrospris Bang King 35000 Puffs Tornado Vape"},"content":{"rendered":"<h1>Engrospris Bang King 35000 Puffs Tornado Vape<\/h1>\n<p>&nbsp;<\/p>\n<div role=\"article\" data-tabster=\"{&quot;groupper&quot;:{&quot;tabbability&quot;:2},&quot;focusable&quot;:{}}\" data-content=\"ai-message\" aria-labelledby=\"64JRvXrTnY7mRmPkEQLLT-author 64JRvXrTnY7mRmPkEQLLT-content\">\n<div id=\"64JRvXrTnY7mRmPkEQLLT-content\">\n<p data-start=\"302\" data-end=\"548\">Den <strong data-start=\"306\" data-end=\"347\">Bang King 35000 Puffs Engangs Vape<\/strong> leverer kapacitet, ydeevne og j\u00e6vn smag i \u00e9n enhed. Med op til <strong data-start=\"424\" data-end=\"440\">35.000 pust<\/strong> og et <strong data-start=\"447\" data-end=\"480\">23 ml forudfyldt e-v\u00e6skebeholder<\/strong>giver den langvarig brug, samtidig med at den ensartede smag bevares.<\/p>\n<p data-start=\"550\" data-end=\"829\">Udstyret med en <strong data-start=\"566\" data-end=\"584\">0,6\u03a9 mesh coil<\/strong>sikrer Bang King 35K rig damp og stabil luftstr\u00f8m. En <strong data-start=\"645\" data-end=\"677\">1000mAh genopladeligt batteri<\/strong> med <strong data-start=\"683\" data-end=\"707\">Type-C hurtigopladning<\/strong> underst\u00f8tter uafbrudte sessioner, mens <strong data-start=\"747\" data-end=\"775\">\u2014denne vape henvender sig til b\u00e5de begyndere og erfarne dampere og giver fleksibilitet til at passe til individuelle pr\u00e6ferencer. Inkluderingen af<\/strong> forhindrer t\u00f8rre sug for en p\u00e5lidelig vaping-oplevelse.<\/p>\n<p data-start=\"831\" data-end=\"1092\">Tilg\u00e6ngelig i <strong data-start=\"844\" data-end=\"885\">0%, 2%, 3% og 5% nikotinstyrker<\/strong>passer den til b\u00e5de lette og tunge brugere. Emballeret <strong data-start=\"933\" data-end=\"972\">garanterer en problemfri damp oplevelse uden risiko for t\u00f8rre sug.<\/strong>er Bang King 35000 ideel til engrosdistribution og stork\u00f8bere, der s\u00f8ger en efterspurgt <strong data-start=\"1068\" data-end=\"1089\">35.000 Sug Vape<\/strong><\/p>\n<p>Shop nu hos <strong>Vapebulkp.com<\/strong> for at opleve den uovertrufne ydeevne og kvalitet af Bang King 35.000 Puffs.<\/p>\n<\/div>\n<\/div>\n<p><img fetchpriority=\"high\" decoding=\"async\" class=\"alignleft wp-image-2951 size-medium\" src=\"https:\/\/vapestornado.com\/wp-content\/uploads\/2024\/12\/Wholesale-Disposable-Vape-265x300.jpg\" alt=\"Engros Engangsvape\" width=\"265\" height=\"300\" srcset=\"https:\/\/vapestornado.com\/wp-content\/uploads\/2024\/12\/Wholesale-Disposable-Vape-265x300.jpg 265w, https:\/\/vapestornado.com\/wp-content\/uploads\/2024\/12\/Wholesale-Disposable-Vape-768x871.jpg 768w, https:\/\/vapestornado.com\/wp-content\/uploads\/2024\/12\/Wholesale-Disposable-Vape-600x680.jpg 600w, https:\/\/vapestornado.com\/wp-content\/uploads\/2024\/12\/Wholesale-Disposable-Vape.jpg 823w\" sizes=\"(max-width: 265px) 100vw, 265px\" \/><\/p>\n<h5>Kontakt venligst Mandy's WhatsApp for rabatpris:<a href=\"https:\/\/wa.me\/8618077105796\" target=\"_blank\" rel=\"noopener\">+8618077105796<\/a><\/h5>\n<div class=\"flex max-w-full flex-col flex-grow\">\n<div class=\"min-h-8 text-message flex w-full flex-col items-end gap-2 whitespace-normal break-words text-start [.text-message+&amp;]:mt-5\" dir=\"auto\" data-message-author-role=\"assistant\" data-message-id=\"cdb991c0-f594-4bff-b2d5-fbbdd7ce9e54\" data-message-model-slug=\"gpt-4o-mini\">\n<div class=\"flex w-full flex-col gap-1 empty:hidden first:pt-[3px]\">\n<div class=\"markdown prose w-full break-words dark:prose-invert light\"><\/div>\n<\/div>\n<\/div>\n<\/div>\n<div class=\"mb-2 flex gap-3 empty:hidden -ml-2\">\n<h2 class=\"sr-proMainInfo-baseInfoH1 J-baseInfo-name\">Engros Smart Vape Bang King 35k Puffs N\u00f8glefunktioner:<\/h2>\n<ul>\n<li><strong>Uovertruffen Puff Kapacitet<\/strong>: Nyd <strong>35.000 pust<\/strong>, perfekt til forl\u00e6nget brug uden hyppige udskiftninger.<\/li>\n<li><strong>Gener\u00f8s E-v\u00e6ske Volumen<\/strong>: Forudfyldt med <strong>23 ml premium vape juice<\/strong> for ensartet smag.<\/li>\n<li><strong>Genopladeligt Batteri<\/strong>: Drevet af et <strong>1000mAh batteri<\/strong> med <strong>Type-C hurtigopladning<\/strong>.<\/li>\n<li><strong>Mesh Coil Teknologi<\/strong>: Avanceret <strong>0,6\u03a9 mesh coil<\/strong> sikrer rig, bl\u00f8d og t\u00e6t damp.<\/li>\n<li><strong>Tilpasselige Nikotinstyrker<\/strong>: Tilg\u00e6ngelig i <strong>0%, 2%, 3% og 5% nikotinsalt<\/strong> der passer til enhver pr\u00e6ference.<\/li>\n<li><strong>Anti-t\u00f8rforbr\u00e6ndingsbeskyttelse<\/strong>: Forhindrer overophedning og t\u00f8rre sug for en sikrere og mere j\u00e6vn dampoplevelse.<\/li>\n<li><strong>Engros emballage<\/strong>: Bekvemt pakket som <strong>garanterer en problemfri damp oplevelse uden risiko for t\u00f8rre sug.<\/strong>, ideel til personlige k\u00f8bere og stork\u00f8bere.<\/li>\n<\/ul>\n<\/div>\n<h2 class=\"sr-proMainInfo-baseInfoH1 J-baseInfo-name\">BANGKING 35000PUFF DAMP Smag:<\/h2>\n<p>1. jordb\u00e6r mango<br \/>\n2. love66<br \/>\n3. blue razz is<br \/>\n4. jordb\u00e6r vandmelon<br \/>\n5. citron mynte<br \/>\n6. dobbelt \u00e6ble<br \/>\n7. energidrik<br \/>\n8. fersken is<br \/>\n9. jordb\u00e6r kiwi<br \/>\n10. drue is<br \/>\n11. bl\u00e5b\u00e6r is<br \/>\n12. vandmelon<\/p>\n<div role=\"article\" data-tabster=\"{&quot;groupper&quot;:{&quot;tabbability&quot;:2},&quot;focusable&quot;:{}}\" data-content=\"ai-message\" aria-labelledby=\"dARUyEWDoEYhnSPXFwx5A-author dARUyEWDoEYhnSPXFwx5A-content\">\n<div id=\"dARUyEWDoEYhnSPXFwx5A-content\">\n<h2><strong>Hvorfor k\u00f8be Bang King 35000puffs Vapes fra vapestornado?<\/strong><\/h2>\n<ul>\n<li><strong>P\u00e5lidelig kvalitet<\/strong>: vapestornado er en f\u00f8rende distribut\u00f8r af <strong>premium engangs vapes<\/strong>, hvilket sikrer, at du modtager autentiske produkter af h\u00f8j kvalitet.<\/li>\n<li><strong>Konkurrencedygtige Priser<\/strong>: F\u00e5 de bedste engros tilbud og bulkpriser for Bang King 35.000 Puffs.<\/li>\n<li><strong>Hurtig Levering<\/strong>: Vi leverer hurtigt i hele Europa og sikrer, at dine produkter ankommer til tiden.<\/li>\n<li><strong>Ekstraordin\u00e6r kundesupport<\/strong>: Vores team er tilg\u00e6ngeligt til at hj\u00e6lpe med foresp\u00f8rgsler, hvilket sikrer en problemfri k\u00f8bsoplevelse.<\/li>\n<li><strong>Omfattende udvalg<\/strong>: Udforsk et bredt udvalg af <strong>er Bang King 35k ideel til b\u00e5de personlig brug og engrosdistribution. Dens slanke design, overlegne teknologi og engros emballage g\u00f8r den til det ultimative valg for dem, der s\u00f8ger<\/strong> for at im\u00f8dekomme enhver vaping-pr\u00e6ference.<\/li>\n<\/ul>\n<\/div>\n<\/div>\n<h2>Ofte stillede sp\u00f8rgsm\u00e5l om langtidsholdbare engangs e-cigaretter Bang Vape 35000 Pust<\/h2>\n<h4><strong>1. Hvor l\u00e6nge holder Bang Vape King 35000 Pust?<\/strong><\/h4>\n<p>Bang King er designet til at give op til <strong>35.000 pust<\/strong>, hvilket g\u00f8r den til en af de mest holdbare engangs-vapes p\u00e5 markedet. Brugstiden afh\u00e6nger af din vaping-frekvens og pustvarighed.<\/p>\n<h4><strong>2. Kan jeg genoplade Hot Sale Vape Bang King 35000 Pust?<\/strong><\/h4>\n<p>Ja, denne enhed har en <strong>Type-C opladningsporten<\/strong> og et <strong>1000mAh genopladeligt batteri<\/strong>, hvilket sikrer, at du kan nyde alle 35.000 pust uden afbrydelser.<\/p>\n<h4><strong>3. Hvad g\u00f8r Bang 35000 puffvape anderledes end andre engangs-vapes?<\/strong><\/h4>\n<p>Dens kombination af <strong>35.000 sug kapacitet<\/strong>, <strong>23 ml e-v\u00e6ske volumen<\/strong>, <strong>mesh coil-teknologi<\/strong>, og <strong>\u2014denne vape henvender sig til b\u00e5de begyndere og erfarne dampere og giver fleksibilitet til at passe til individuelle pr\u00e6ferencer. Inkluderingen af<\/strong> adskiller den som en top-tier engangs e-cigaret.<\/p>","protected":false},"excerpt":{"rendered":"<p>Udforsk engrospriser for Bang King 35000 Puffs Tornado Vape p\u00e5 Vapebulkp.com. Med 35.000 sug, 23 ml e-v\u00e6ske, 1000 mAh batteri, Type-C opladning og anti-t\u00f8r forbr\u00e6nding teknologi. Ideel til bulkbestillinger med tilpasselige nikotinmuligheder (0%, 2%, 3%, 5%). K\u00f8b premium engangs vapes i dag!<\/p>\n<figure id=\"attachment_2951\" aria-describedby=\"caption-attachment-2951\" style=\"width: 265px\" class=\"wp-caption alignnone\"><img decoding=\"async\" class=\"size-medium wp-image-2951\" src=\"https:\/\/vapestornado.com\/wp-content\/uploads\/2024\/12\/Wholesale-Disposable-Vape-265x300.jpg\" alt=\"Engros Engangsvape\" width=\"265\" height=\"300\" srcset=\"https:\/\/vapestornado.com\/wp-content\/uploads\/2024\/12\/Wholesale-Disposable-Vape-265x300.jpg 265w, https:\/\/vapestornado.com\/wp-content\/uploads\/2024\/12\/Wholesale-Disposable-Vape-768x871.jpg 768w, https:\/\/vapestornado.com\/wp-content\/uploads\/2024\/12\/Wholesale-Disposable-Vape-600x680.jpg 600w, https:\/\/vapestornado.com\/wp-content\/uploads\/2024\/12\/Wholesale-Disposable-Vape.jpg 823w\" sizes=\"(max-width: 265px) 100vw, 265px\" \/><figcaption id=\"caption-attachment-2951\" class=\"wp-caption-text\">Venligst kontakt Mandys WhatsApp for rabatpris\u00a0 <a href=\"https:\/\/wa.me\/8618077105796\">+8618077105796<\/a><\/figcaption><\/figure>\n<p>&nbsp;<\/p>","protected":false},"featured_media":3702,"comment_status":"open","ping_status":"closed","template":"","meta":{"_acf_changed":false,"_uag_custom_page_level_css":"","_lmt_disableupdate":"no","_lmt_disable":"","_monsterinsights_skip_tracking":false,"_monsterinsights_sitenote_active":false,"_monsterinsights_sitenote_note":"","_monsterinsights_sitenote_category":0,"site-sidebar-layout":"default","site-content-layout":"","ast-site-content-layout":"default","site-content-style":"default","site-sidebar-style":"default","ast-global-header-display":"","ast-banner-title-visibility":"","ast-main-header-display":"","ast-hfb-above-header-display":"","ast-hfb-below-header-display":"","ast-hfb-mobile-header-display":"","site-post-title":"","ast-breadcrumbs-content":"","ast-featured-img":"","footer-sml-layout":"","ast-disable-related-posts":"","theme-transparent-header-meta":"default","adv-header-id-meta":"","stick-header-meta":"","header-above-stick-meta":"","header-main-stick-meta":"","header-below-stick-meta":"","astra-migrate-meta-layouts":"set","ast-page-background-enabled":"default","ast-page-background-meta":{"desktop":{"background-color":"","background-image":"","background-repeat":"repeat","background-position":"center center","background-size":"auto","background-attachment":"scroll","background-type":"","background-media":"","overlay-type":"","overlay-color":"","overlay-opacity":"","overlay-gradient":""},"tablet":{"background-color":"","background-image":"","background-repeat":"repeat","background-position":"center center","background-size":"auto","background-attachment":"scroll","background-type":"","background-media":"","overlay-type":"","overlay-color":"","overlay-opacity":"","overlay-gradient":""},"mobile":{"background-color":"","background-image":"","background-repeat":"repeat","background-position":"center center","background-size":"auto","background-attachment":"scroll","background-type":"","background-media":"","overlay-type":"","overlay-color":"","overlay-opacity":"","overlay-gradient":""}},"ast-content-background-meta":{"desktop":{"background-color":"var(--ast-global-color-5)","background-image":"","background-repeat":"repeat","background-position":"center center","background-size":"auto","background-attachment":"scroll","background-type":"","background-media":"","overlay-type":"","overlay-color":"","overlay-opacity":"","overlay-gradient":""},"tablet":{"background-color":"var(--ast-global-color-5)","background-image":"","background-repeat":"repeat","background-position":"center center","background-size":"auto","background-attachment":"scroll","background-type":"","background-media":"","overlay-type":"","overlay-color":"","overlay-opacity":"","overlay-gradient":""},"mobile":{"background-color":"var(--ast-global-color-5)","background-image":"","background-repeat":"repeat","background-position":"center center","background-size":"auto","background-attachment":"scroll","background-type":"","background-media":"","overlay-type":"","overlay-color":"","overlay-opacity":"","overlay-gradient":""}},"_joinchat":{"telephone":"+8618077105796"}},"product_brand":[],"product_cat":[175,63,140,158,159],"product_tag":[223,97,98],"class_list":{"0":"post-3700","1":"product","2":"type-product","3":"status-publish","4":"has-post-thumbnail","6":"product_cat-35000-puff","7":"product_cat-bangking","8":"product_cat-big-puffs-disposable-vapes","9":"product_cat-buy-disposable-vapes-in-spain","10":"product_cat-buy-disposable-vapes-in-sweden","11":"product_tag-bang-king-vape-35000","12":"product_tag-hot-sale-disposable-vape","13":"product_tag-wholesale-price-disposable-vape","14":"desktop-align-left","15":"tablet-align-left","16":"mobile-align-left","18":"first","19":"instock","20":"sale","21":"shipping-taxable","22":"purchasable","23":"product-type-simple"},"acf":[],"uagb_featured_image_src":{"full":["https:\/\/vapestornado.com\/wp-content\/uploads\/2025\/01\/Bang-Vape-35000-Puffs-Disposable-Vape-Hot-Sale-In-Germany.webp",800,800,false],"thumbnail":["https:\/\/vapestornado.com\/wp-content\/uploads\/2025\/01\/Bang-Vape-35000-Puffs-Disposable-Vape-Hot-Sale-In-Germany-150x150.webp",150,150,true],"medium":["https:\/\/vapestornado.com\/wp-content\/uploads\/2025\/01\/Bang-Vape-35000-Puffs-Disposable-Vape-Hot-Sale-In-Germany-300x300.webp",300,300,true],"medium_large":["https:\/\/vapestornado.com\/wp-content\/uploads\/2025\/01\/Bang-Vape-35000-Puffs-Disposable-Vape-Hot-Sale-In-Germany-768x768.webp",768,768,true],"large":["https:\/\/vapestornado.com\/wp-content\/uploads\/2025\/01\/Bang-Vape-35000-Puffs-Disposable-Vape-Hot-Sale-In-Germany.webp",800,800,false],"1536x1536":["https:\/\/vapestornado.com\/wp-content\/uploads\/2025\/01\/Bang-Vape-35000-Puffs-Disposable-Vape-Hot-Sale-In-Germany.webp",800,800,false],"2048x2048":["https:\/\/vapestornado.com\/wp-content\/uploads\/2025\/01\/Bang-Vape-35000-Puffs-Disposable-Vape-Hot-Sale-In-Germany.webp",800,800,false],"trp-custom-language-flag":["https:\/\/vapestornado.com\/wp-content\/uploads\/2025\/01\/Bang-Vape-35000-Puffs-Disposable-Vape-Hot-Sale-In-Germany.webp",12,12,false],"woocommerce_thumbnail":["https:\/\/vapestornado.com\/wp-content\/uploads\/2025\/01\/Bang-Vape-35000-Puffs-Disposable-Vape-Hot-Sale-In-Germany-300x300.webp",300,300,true],"woocommerce_single":["https:\/\/vapestornado.com\/wp-content\/uploads\/2025\/01\/Bang-Vape-35000-Puffs-Disposable-Vape-Hot-Sale-In-Germany-600x600.webp",600,600,true],"woocommerce_gallery_thumbnail":["https:\/\/vapestornado.com\/wp-content\/uploads\/2025\/01\/Bang-Vape-35000-Puffs-Disposable-Vape-Hot-Sale-In-Germany-100x100.webp",100,100,true]},"uagb_author_info":{"display_name":"ESMANDY","author_link":"https:\/\/vapestornado.com\/da\/author\/"},"uagb_comment_info":0,"uagb_excerpt":"Explore wholesale prices for Bang King 35000 Puffs Tornado Vape at Vapebulkp.com. Featuring 35,000 puffs, 23ml e-liquid, 1000mAh battery, Type-C charging, and anti-dry burn technology. Ideal for bulk orders with customizable nicotine options (0%, 2%, 3%, 5%). Shop premium disposable vapes today! [caption id=\"attachment_2951\" align=\"alignnone\" width=\"265\"] Pls Contact Mandy's WhatsApp For Discount Price\u00a0 +8618077105796[\/caption] &nbsp;","_links":{"self":[{"href":"https:\/\/vapestornado.com\/da\/wp-json\/wp\/v2\/product\/3700","targetHints":{"allow":["GET"]}}],"collection":[{"href":"https:\/\/vapestornado.com\/da\/wp-json\/wp\/v2\/product"}],"about":[{"href":"https:\/\/vapestornado.com\/da\/wp-json\/wp\/v2\/types\/product"}],"replies":[{"embeddable":true,"href":"https:\/\/vapestornado.com\/da\/wp-json\/wp\/v2\/comments?post=3700"}],"wp:featuredmedia":[{"embeddable":true,"href":"https:\/\/vapestornado.com\/da\/wp-json\/wp\/v2\/media\/3702"}],"wp:attachment":[{"href":"https:\/\/vapestornado.com\/da\/wp-json\/wp\/v2\/media?parent=3700"}],"wp:term":[{"taxonomy":"product_brand","embeddable":true,"href":"https:\/\/vapestornado.com\/da\/wp-json\/wp\/v2\/product_brand?post=3700"},{"taxonomy":"product_cat","embeddable":true,"href":"https:\/\/vapestornado.com\/da\/wp-json\/wp\/v2\/product_cat?post=3700"},{"taxonomy":"product_tag","embeddable":true,"href":"https:\/\/vapestornado.com\/da\/wp-json\/wp\/v2\/product_tag?post=3700"}],"curies":[{"name":"wp","href":"https:\/\/api.w.org\/{rel}","templated":true}]}}