{"id":3690,"date":"2025-01-06T09:55:58","date_gmt":"2025-01-06T09:55:58","guid":{"rendered":"https:\/\/vapestornado.com\/?post_type=product&#038;p=3690"},"modified":"2025-08-23T09:35:59","modified_gmt":"2025-08-23T09:35:59","slug":"wholesale-price-bang-beach-20000-puffs-high-quality-vape-pods","status":"publish","type":"product","link":"https:\/\/vapestornado.com\/da\/product\/wholesale-price-bang-beach-20000-puffs-high-quality-vape-pods\/","title":{"rendered":"Engrospris Bang Beach 20000 Puffs H\u00f8jkvalitets Vape Pods"},"content":{"rendered":"<h1>Engrospris Bang Beach 20000 Puffs H\u00f8jkvalitets Vape Pods<\/h1>\n<p>&nbsp;<\/p>\n<div role=\"article\" data-tabster=\"{&quot;groupper&quot;:{&quot;tabbability&quot;:2},&quot;focusable&quot;:{}}\" data-content=\"ai-message\" aria-labelledby=\"64JRvXrTnY7mRmPkEQLLT-author 64JRvXrTnY7mRmPkEQLLT-content\">\n<div id=\"64JRvXrTnY7mRmPkEQLLT-content\">\n<p data-start=\"323\" data-end=\"588\">Den <strong data-start=\"327\" data-end=\"369\">Bang Beach 20000 Puffs Engangs Vape<\/strong> kombinerer stor kapacitet, smart teknologi og stilfuldt design for en p\u00e5lidelig vaping-mulighed. Med op til <strong data-start=\"473\" data-end=\"489\">20.000 puffs<\/strong> og et <strong data-start=\"496\" data-end=\"529\">35 ml forudfyldt e-v\u00e6ske tank<\/strong>leverer den forl\u00e6nget brug uden hyppige udskiftninger.<\/p>\n<p data-start=\"590\" data-end=\"854\">Drevet af en <strong data-start=\"603\" data-end=\"634\">650mAh genopladelige batteri<\/strong> med <strong data-start=\"640\" data-end=\"664\">Type-C hurtigopladning<\/strong>sikrer Bang Beach 20K ensartet ydeevne hele dagen. Den <strong data-start=\"740\" data-end=\"767\">integrerede smarte sk\u00e6rm<\/strong> giver realtidsopdateringer om batterilevetid og puff-brug, s\u00e5 brugerne har kontrol.<\/p>\n<p data-start=\"856\" data-end=\"1041\">Tilg\u00e6ngelig i <strong data-start=\"869\" data-end=\"910\">0%, 2%, 3% og 5% nikotinstyrker<\/strong>den im\u00f8dekommer forskellige pr\u00e6ferencer, mens det <strong data-start=\"958\" data-end=\"987\">ergonomiske gradientdesign<\/strong> g\u00f8r den b\u00e5de i\u00f8jnefaldende og behagelig at holde.<\/p>\n<p data-start=\"1043\" data-end=\"1235\">For grossister og forhandlere leverer <strong data-start=\"1078\" data-end=\"1109\">Bang Beach 20000 Puffs Vape<\/strong> tilbyder en st\u00e6rk blanding af kapacitet, design og engrosv\u00e6rdi, hvilket g\u00f8r den til et konkurrencedygtigt valg p\u00e5 markedet for engangs vapes.<\/p>\n<figure id=\"attachment_3691\" aria-describedby=\"caption-attachment-3691\" style=\"width: 676px\" class=\"wp-caption alignnone\"><img fetchpriority=\"high\" decoding=\"async\" class=\"wp-image-3691\" src=\"https:\/\/vapestornado.com\/wp-content\/uploads\/2025\/01\/Bang-Beach-20000-puff-vape-best-sale-Germany.jpg\" alt=\"Bang Beach 20000 puff vape bedst i salg Danmark\" width=\"676\" height=\"676\" srcset=\"https:\/\/vapestornado.com\/wp-content\/uploads\/2025\/01\/Bang-Beach-20000-puff-vape-best-sale-Germany.jpg 800w, https:\/\/vapestornado.com\/wp-content\/uploads\/2025\/01\/Bang-Beach-20000-puff-vape-best-sale-Germany-300x300.jpg 300w, https:\/\/vapestornado.com\/wp-content\/uploads\/2025\/01\/Bang-Beach-20000-puff-vape-best-sale-Germany-150x150.jpg 150w, https:\/\/vapestornado.com\/wp-content\/uploads\/2025\/01\/Bang-Beach-20000-puff-vape-best-sale-Germany-768x768.jpg 768w, https:\/\/vapestornado.com\/wp-content\/uploads\/2025\/01\/Bang-Beach-20000-puff-vape-best-sale-Germany-600x600.jpg 600w, https:\/\/vapestornado.com\/wp-content\/uploads\/2025\/01\/Bang-Beach-20000-puff-vape-best-sale-Germany-100x100.jpg 100w\" sizes=\"(max-width: 676px) 100vw, 676px\" \/><figcaption id=\"caption-attachment-3691\" class=\"wp-caption-text\">Bang Beach 20000 puff vape bedst i salg Danmark<\/figcaption><\/figure>\n<\/div>\n<\/div>\n<p><img decoding=\"async\" class=\"alignleft wp-image-2951 size-medium\" src=\"https:\/\/vapestornado.com\/wp-content\/uploads\/2024\/12\/Wholesale-Disposable-Vape-265x300.jpg\" alt=\"Engros Engangsvape\" width=\"265\" height=\"300\" srcset=\"https:\/\/vapestornado.com\/wp-content\/uploads\/2024\/12\/Wholesale-Disposable-Vape-265x300.jpg 265w, https:\/\/vapestornado.com\/wp-content\/uploads\/2024\/12\/Wholesale-Disposable-Vape-768x871.jpg 768w, https:\/\/vapestornado.com\/wp-content\/uploads\/2024\/12\/Wholesale-Disposable-Vape-600x680.jpg 600w, https:\/\/vapestornado.com\/wp-content\/uploads\/2024\/12\/Wholesale-Disposable-Vape.jpg 823w\" sizes=\"(max-width: 265px) 100vw, 265px\" \/><\/p>\n<h5>Kontakt venligst Mandy's WhatsApp for rabatpris:<a href=\"https:\/\/wa.me\/8618077105796\" target=\"_blank\" rel=\"noopener\">+8618077105796<\/a><\/h5>\n<div class=\"flex max-w-full flex-col flex-grow\">\n<div class=\"min-h-8 text-message flex w-full flex-col items-end gap-2 whitespace-normal break-words text-start [.text-message+&amp;]:mt-5\" dir=\"auto\" data-message-author-role=\"assistant\" data-message-id=\"cdb991c0-f594-4bff-b2d5-fbbdd7ce9e54\" data-message-model-slug=\"gpt-4o-mini\">\n<div class=\"flex w-full flex-col gap-1 empty:hidden first:pt-[3px]\">\n<div class=\"markdown prose w-full break-words dark:prose-invert light\"><\/div>\n<\/div>\n<\/div>\n<\/div>\n<div class=\"mb-2 flex gap-3 empty:hidden -ml-2\">\n<h2>Bang Beach 20000 Puffs N\u00f8glefunktioner:<\/h2>\n<ul>\n<li>Udvidede vaping-sessioner med 20.000 sug.<\/li>\n<li>Rigelig 35 ml e-v\u00e6ske kapacitet for fyldige, varige smage.<\/li>\n<li>Justerbare nikotinniveauer for personlig tilfredsstillelse.<\/li>\n<li>Kraftfuldt 650mAh batteri til langvarig brug.<\/li>\n<li>Smart sk\u00e6rm for realtidsbrugsindsigt.<\/li>\n<li>Stilfuldt, ergonomisk design med livlige gradientfarver.<\/li>\n<\/ul>\n<\/div>\n<h2>Bang Beach 20000 Puffs Smag:<\/h2>\n<p>1) Triple b\u00e6r is<br \/>\n2) Pink Lemonade<br \/>\n3) Bl\u00e5b\u00e6r Hindb\u00e6r<br \/>\n4) Blanding af b\u00e6r<br \/>\n5) Jordb\u00e6r vandmelon<br \/>\n6) Jordb\u00e6r is<br \/>\n7) Drue is<br \/>\n8) Fersken mango<br \/>\n9) Bl\u00e5 hindb\u00e6r is<br \/>\n10) Sur \u00e6ble<br \/>\n11) Vandmelon is<br \/>\n12) Fersken is<\/p>\n<h2 data-pm-slice=\"1 1 []\">Hvorfor Bang Beach Smart Screen 20000 puff vapebar skiller sig ud?<\/h2>\n<p>Den <strong>Bang Beach Smart Sk\u00e6rm 20000<\/strong> er mere end bare en engangs-vape; det er en h\u00f8jtydende enhed, der er designet til vapers, der s\u00f8ger overlegen kvalitet og p\u00e5lidelighed. Dens omfattende antal sug, robuste batteri og tilpasselige nikotinstyrker g\u00f8r den til et alsidigt valg for alle vapingpr\u00e6ferencer. Uanset om du er en erfaren bruger eller lige er begyndt, l\u00f8fter smartsk\u00e6rmfunktionen og det brugervenlige design din vapingoplevelse.<\/p>\n<div role=\"article\" data-tabster=\"{&quot;groupper&quot;:{&quot;tabbability&quot;:2},&quot;focusable&quot;:{}}\" data-content=\"ai-message\" aria-labelledby=\"dARUyEWDoEYhnSPXFwx5A-author dARUyEWDoEYhnSPXFwx5A-content\">\n<div id=\"dARUyEWDoEYhnSPXFwx5A-content\">\n<h2>Hvorfor v\u00e6lge Bang Beach Smart Screen 20000 puff hos <a href=\"https:\/\/vapestornado.com\/da\/product\/bang-box-35k-puffs-high-capacity-long-lasting-disposable-vape\/\">vapestornado.com?<\/a><\/h2>\n<p>vapestornado.com er din ultimative destination for f\u00f8rsteklasses vapingprodukter, og <strong>Bang Beach Smart Sk\u00e6rm 20000 Puff<\/strong> er ingen undtagelse. Her er grunden til, at denne enhed skiller sig ud, og hvorfor vapestornado.com er det bedste sted at k\u00f8be den:<\/p>\n<h4><strong>*Uovertruffen kvalitet<\/strong><\/h4>\n<p>Hos vapestornado.com tilbyder vi kun autentiske vapingprodukter af h\u00f8j kvalitet. Bang Beach Smart Screen 20000 Puff er designet med holdbarhed og ydeevne for \u00f8je, hvilket sikrer en p\u00e5lidelig og forn\u00f8jelig oplevelse ved hver brug.<\/p>\n<h4><strong>*Konkurrencedygtige priser<\/strong><\/h4>\n<p>vapestornado.com tilbyder Bang Beach Smart Screen 20000 puffs til meget konkurrencedygtige priser, hvilket sikrer, at du f\u00e5r fremragende v\u00e6rdi for et top-tier produkt.<\/p>\n<h4><strong>*Hurtig<\/strong><\/h4>\n<p>Nyd hurtig, p\u00e5lidelig levering i alle regioner, s\u00e5 din dampoplevelse aldrig bliver forsinket.<\/p>\n<h4><strong>*Kundeorienteret support<\/strong><\/h4>\n<p>Vores dedikerede supportteam st\u00e5r klar til at hj\u00e6lpe dig med alle sp\u00f8rgsm\u00e5l, hvilket sikrer en problemfri shoppingoplevelse.<\/p>\n<p>Opgrader dit vaping-spil i dag med <strong>Bang Beach Vape 20k Puffs Genopladelige Vapes<\/strong>, eksklusivt tilg\u00e6ngeligt p\u00e5 vapestornado.com\u2014din betroede partner for alt inden for vaping!<\/p>\n<p>Opgrader dit vaping-spil i dag med <strong>Bang Beach 20000 Pust vape pods<\/strong>, eksklusivt tilg\u00e6ngeligt p\u00e5 vapestornado.com\u2014din betroede partner for alt inden for vaping!<\/p>\n<\/div>\n<\/div>\n<h2>Ofte stillede sp\u00f8rgsm\u00e5l om k\u00f8b af Bang Beach Vape 20000 Puffs i l\u00f8s v\u00e6gt<\/h2>\n<p><strong>1. Hvordan kan jeg afgive en stor ordre p\u00e5 Bang Beach vape 20000 Puffs?<\/strong><br \/>\nBes\u00f8g en betroet leverand\u00f8r som vapestornado.com, g\u00e5 til Bang Beach Vape-produktsiden, og v\u00e6lg muligheden for stor m\u00e6ngde. Alternativt kan du kontakte deres kundeserviceteam for assistance med store ordrer.<\/p>\n<p><strong>2. Hvad er forsendelsesmulighederne for store ordrer p\u00e5 bangvape 20000puff?<\/strong><br \/>\nBulkordrer sendes sikkert for at beskytte produktet under transport. Mange leverand\u00f8rer tilbyder ekspresforsendelsesmuligheder og sporingstjenester for at sikre rettidig levering.<\/p>\n<p><strong>3. Er Bang Beach Vape 20000 Puffs vapes velegnet til engrosdistribution?<\/strong><br \/>\nAbsolut. Med sine avancerede funktioner, langvarige ydeevne og stilfulde design er Bang Beach Vape 20000 yderst attraktiv for forbrugerne, hvilket g\u00f8r den til et fremragende valg for engrosdistribution.<\/p>\n<p><strong>4. Hvordan sikrer jeg mig, at jeg k\u00f8ber autentiske Bang Beach Vape-produkter?<\/strong><br \/>\nK\u00f8b altid fra betroede leverand\u00f8rer eller autoriserede distribut\u00f8rer som vapestornado.com for at garantere \u00e6gthed og kvalitet. Undg\u00e5 uverificerede s\u00e6lgere for at forhindre forfalskede produkter.<\/p>","protected":false},"excerpt":{"rendered":"<p>Bang Beach 20000 Puffs tilbyder op til 20.000 sug, en 35 ml pr\u00e6fyldt e-v\u00e6ske, tilpasselige nikotinniveauer (0%, 2%, 3%, 5%), et 650mAh genopladeligt batteri og en smart sk\u00e6rm til sporing af brug. Stilfuld og langtidsholdbar vape, perfekt til ethvert vaping-behov.<\/p>\n<figure id=\"attachment_2951\" aria-describedby=\"caption-attachment-2951\" style=\"width: 265px\" class=\"wp-caption alignnone\"><img decoding=\"async\" class=\"size-medium wp-image-2951\" src=\"https:\/\/vapestornado.com\/wp-content\/uploads\/2024\/12\/Wholesale-Disposable-Vape-265x300.jpg\" alt=\"Engros Engangsvape\" width=\"265\" height=\"300\" srcset=\"https:\/\/vapestornado.com\/wp-content\/uploads\/2024\/12\/Wholesale-Disposable-Vape-265x300.jpg 265w, https:\/\/vapestornado.com\/wp-content\/uploads\/2024\/12\/Wholesale-Disposable-Vape-768x871.jpg 768w, https:\/\/vapestornado.com\/wp-content\/uploads\/2024\/12\/Wholesale-Disposable-Vape-600x680.jpg 600w, https:\/\/vapestornado.com\/wp-content\/uploads\/2024\/12\/Wholesale-Disposable-Vape.jpg 823w\" sizes=\"(max-width: 265px) 100vw, 265px\" \/><figcaption id=\"caption-attachment-2951\" class=\"wp-caption-text\">Venligst kontakt Mandys WhatsApp for rabatpris\u00a0 <a href=\"https:\/\/wa.me\/8618077105796\">+8618077105796<\/a><\/figcaption><\/figure>\n<p>&nbsp;<\/p>","protected":false},"featured_media":3693,"comment_status":"open","ping_status":"closed","template":"","meta":{"_acf_changed":false,"_uag_custom_page_level_css":"","_lmt_disableupdate":"no","_lmt_disable":"","_monsterinsights_skip_tracking":false,"_monsterinsights_sitenote_active":false,"_monsterinsights_sitenote_note":"","_monsterinsights_sitenote_category":0,"site-sidebar-layout":"default","site-content-layout":"","ast-site-content-layout":"default","site-content-style":"default","site-sidebar-style":"default","ast-global-header-display":"","ast-banner-title-visibility":"","ast-main-header-display":"","ast-hfb-above-header-display":"","ast-hfb-below-header-display":"","ast-hfb-mobile-header-display":"","site-post-title":"","ast-breadcrumbs-content":"","ast-featured-img":"","footer-sml-layout":"","ast-disable-related-posts":"","theme-transparent-header-meta":"default","adv-header-id-meta":"","stick-header-meta":"","header-above-stick-meta":"","header-main-stick-meta":"","header-below-stick-meta":"","astra-migrate-meta-layouts":"set","ast-page-background-enabled":"default","ast-page-background-meta":{"desktop":{"background-color":"","background-image":"","background-repeat":"repeat","background-position":"center center","background-size":"auto","background-attachment":"scroll","background-type":"","background-media":"","overlay-type":"","overlay-color":"","overlay-opacity":"","overlay-gradient":""},"tablet":{"background-color":"","background-image":"","background-repeat":"repeat","background-position":"center center","background-size":"auto","background-attachment":"scroll","background-type":"","background-media":"","overlay-type":"","overlay-color":"","overlay-opacity":"","overlay-gradient":""},"mobile":{"background-color":"","background-image":"","background-repeat":"repeat","background-position":"center center","background-size":"auto","background-attachment":"scroll","background-type":"","background-media":"","overlay-type":"","overlay-color":"","overlay-opacity":"","overlay-gradient":""}},"ast-content-background-meta":{"desktop":{"background-color":"var(--ast-global-color-5)","background-image":"","background-repeat":"repeat","background-position":"center center","background-size":"auto","background-attachment":"scroll","background-type":"","background-media":"","overlay-type":"","overlay-color":"","overlay-opacity":"","overlay-gradient":""},"tablet":{"background-color":"var(--ast-global-color-5)","background-image":"","background-repeat":"repeat","background-position":"center center","background-size":"auto","background-attachment":"scroll","background-type":"","background-media":"","overlay-type":"","overlay-color":"","overlay-opacity":"","overlay-gradient":""},"mobile":{"background-color":"var(--ast-global-color-5)","background-image":"","background-repeat":"repeat","background-position":"center center","background-size":"auto","background-attachment":"scroll","background-type":"","background-media":"","overlay-type":"","overlay-color":"","overlay-opacity":"","overlay-gradient":""}},"_joinchat":{"telephone":"+8618077105796"}},"product_brand":[],"product_cat":[69,62,151,157],"product_tag":[229,97,98],"class_list":{"0":"post-3690","1":"product","2":"type-product","3":"status-publish","4":"has-post-thumbnail","6":"product_cat-20000-puff","7":"product_cat-bang-vape","8":"product_cat-buy-disposable-vapes-in-france","9":"product_cat-buy-disposable-vapes-in-portugal","10":"product_tag-bang-beach-20000-puffs","11":"product_tag-hot-sale-disposable-vape","12":"product_tag-wholesale-price-disposable-vape","13":"desktop-align-left","14":"tablet-align-left","15":"mobile-align-left","17":"first","18":"instock","19":"sale","20":"shipping-taxable","21":"purchasable","22":"product-type-simple"},"acf":[],"uagb_featured_image_src":{"full":["https:\/\/vapestornado.com\/wp-content\/uploads\/2025\/01\/Bang-Beach-20000-puff-vape-good-sale-Germany.webp",800,800,false],"thumbnail":["https:\/\/vapestornado.com\/wp-content\/uploads\/2025\/01\/Bang-Beach-20000-puff-vape-good-sale-Germany-150x150.webp",150,150,true],"medium":["https:\/\/vapestornado.com\/wp-content\/uploads\/2025\/01\/Bang-Beach-20000-puff-vape-good-sale-Germany-300x300.webp",300,300,true],"medium_large":["https:\/\/vapestornado.com\/wp-content\/uploads\/2025\/01\/Bang-Beach-20000-puff-vape-good-sale-Germany-768x768.webp",768,768,true],"large":["https:\/\/vapestornado.com\/wp-content\/uploads\/2025\/01\/Bang-Beach-20000-puff-vape-good-sale-Germany.webp",800,800,false],"1536x1536":["https:\/\/vapestornado.com\/wp-content\/uploads\/2025\/01\/Bang-Beach-20000-puff-vape-good-sale-Germany.webp",800,800,false],"2048x2048":["https:\/\/vapestornado.com\/wp-content\/uploads\/2025\/01\/Bang-Beach-20000-puff-vape-good-sale-Germany.webp",800,800,false],"trp-custom-language-flag":["https:\/\/vapestornado.com\/wp-content\/uploads\/2025\/01\/Bang-Beach-20000-puff-vape-good-sale-Germany.webp",12,12,false],"woocommerce_thumbnail":["https:\/\/vapestornado.com\/wp-content\/uploads\/2025\/01\/Bang-Beach-20000-puff-vape-good-sale-Germany-300x300.webp",300,300,true],"woocommerce_single":["https:\/\/vapestornado.com\/wp-content\/uploads\/2025\/01\/Bang-Beach-20000-puff-vape-good-sale-Germany-600x600.webp",600,600,true],"woocommerce_gallery_thumbnail":["https:\/\/vapestornado.com\/wp-content\/uploads\/2025\/01\/Bang-Beach-20000-puff-vape-good-sale-Germany-100x100.webp",100,100,true]},"uagb_author_info":{"display_name":"ESMANDY","author_link":"https:\/\/vapestornado.com\/da\/author\/"},"uagb_comment_info":0,"uagb_excerpt":"Bang Beach 20000 Puffs offers up to 20,000 puffs, a 35ml pre-filled e-liquid, customizable nicotine levels (0%, 2%, 3%, 5%), a 650mAh rechargeable battery, and a smart screen for tracking usage. Stylish and long-lasting vape, perfect for every vaping need. [caption id=\"attachment_2951\" align=\"alignnone\" width=\"265\"] Pls Contact Mandy's WhatsApp For Discount Price\u00a0 +8618077105796[\/caption] &nbsp;","_links":{"self":[{"href":"https:\/\/vapestornado.com\/da\/wp-json\/wp\/v2\/product\/3690","targetHints":{"allow":["GET"]}}],"collection":[{"href":"https:\/\/vapestornado.com\/da\/wp-json\/wp\/v2\/product"}],"about":[{"href":"https:\/\/vapestornado.com\/da\/wp-json\/wp\/v2\/types\/product"}],"replies":[{"embeddable":true,"href":"https:\/\/vapestornado.com\/da\/wp-json\/wp\/v2\/comments?post=3690"}],"wp:featuredmedia":[{"embeddable":true,"href":"https:\/\/vapestornado.com\/da\/wp-json\/wp\/v2\/media\/3693"}],"wp:attachment":[{"href":"https:\/\/vapestornado.com\/da\/wp-json\/wp\/v2\/media?parent=3690"}],"wp:term":[{"taxonomy":"product_brand","embeddable":true,"href":"https:\/\/vapestornado.com\/da\/wp-json\/wp\/v2\/product_brand?post=3690"},{"taxonomy":"product_cat","embeddable":true,"href":"https:\/\/vapestornado.com\/da\/wp-json\/wp\/v2\/product_cat?post=3690"},{"taxonomy":"product_tag","embeddable":true,"href":"https:\/\/vapestornado.com\/da\/wp-json\/wp\/v2\/product_tag?post=3690"}],"curies":[{"name":"wp","href":"https:\/\/api.w.org\/{rel}","templated":true}]}}