{"id":3661,"date":"2025-01-03T08:52:12","date_gmt":"2025-01-03T08:52:12","guid":{"rendered":"https:\/\/vapestornado.com\/?post_type=product&#038;p=3661"},"modified":"2025-08-23T09:37:36","modified_gmt":"2025-08-23T09:37:36","slug":"cheap-price-razz-bar-25000-puffs-wholesale-vape","status":"publish","type":"product","link":"https:\/\/vapestornado.com\/da\/product\/cheap-price-razz-bar-25000-puffs-wholesale-vape\/","title":{"rendered":"Billig pris RAZZ BAR 25000 Puffs Engros Vape"},"content":{"rendered":"<h1>Billig pris RAZZ BAR 25000 Puffs Engros Vape<\/h1>\n<div role=\"article\" data-tabster=\"{&quot;groupper&quot;:{&quot;tabbability&quot;:2},&quot;focusable&quot;:{}}\" data-content=\"ai-message\" aria-labelledby=\"64JRvXrTnY7mRmPkEQLLT-author 64JRvXrTnY7mRmPkEQLLT-content\">\n<div id=\"64JRvXrTnY7mRmPkEQLLT-content\">\n<div role=\"article\" data-tabster=\"{&quot;groupper&quot;:{&quot;tabbability&quot;:2},&quot;focusable&quot;:{}}\" data-content=\"ai-message\" aria-labelledby=\"64JRvXrTnY7mRmPkEQLLT-author 64JRvXrTnY7mRmPkEQLLT-content\">\n<div id=\"64JRvXrTnY7mRmPkEQLLT-content\">\n<p>Den <strong>RAZZ BAR 25000 Pust Engangs Vape<\/strong> er en game-changer for b\u00e5de vape-entusiaster og grossister. Designet med innovation i kernen, tilbyder denne h\u00f8jkapacitetsenhed en problemfri kombination af kvalitet, stil og overkommelighed. Med en imponerende <strong>25.000 pust t\u00e6ller<\/strong>garanterer den forl\u00e6nget nydelse, hvilket g\u00f8r den perfekt til dem, der s\u00f8ger langsigtet v\u00e6rdi.<\/p>\n<p>Hver enhed har en <strong>650mAh genopladelige batteri<\/strong>, suppleret med hurtig og p\u00e5lidelig <strong>Type-C opladningsteknologi<\/strong>, der sikrer, at du forbliver opladet, uanset hvor du g\u00e5r. Dens <strong>mesh coil-teknologi<\/strong> forst\u00e6rker hver smag og leverer glatte, t\u00e6tte skyer, der forbedrer din vape-tilfredshed.<\/p>\n<p>Tilg\u00e6ngelig i <strong>16 uimodst\u00e5elige smagsvarianter<\/strong> og tilsat <strong>2% eller 5% salt nikotin<\/strong>RAZZ BAR henvender sig til forskellige smagspr\u00e6ferencer. Dens lette og b\u00e6rbare design g\u00f8r den ideel til b\u00e5de afslappede brugere og engagerede vapers.<\/p>\n<p>For virksomheder er RAZZ BAR en engrosdr\u00f8m, pakket i <strong>200 stykker pr. karton<\/strong> for effektiv distribution i bulk. Med sin konkurrencedygtige pris og premium funktioner er dette produkt et must-have for at udvide dit lager.<\/p>\n<p>L\u00f8ft dit vape-spil eller fyld dine hylder med <strong>RAZZ BAR 25000 Pust<\/strong>, den perfekte balance mellem ydeevne og overkommelig pris. G\u00e5 ikke glip af muligheden for at tilbyde et produkt, der omdefinerer markedet for engangs-vapes!<\/p>\n<\/div>\n<\/div>\n<figure id=\"attachment_3686\" aria-describedby=\"caption-attachment-3686\" style=\"width: 531px\" class=\"wp-caption alignnone\"><img fetchpriority=\"high\" decoding=\"async\" class=\"wp-image-3686\" src=\"https:\/\/vapestornado.com\/wp-content\/uploads\/2025\/01\/RAZZ-BAR-25000-Puffs-Lemon-Lime.webp\" alt=\"RAZZ BAR 25000 Pust Lemon Lime\" width=\"531\" height=\"531\" srcset=\"https:\/\/vapestornado.com\/wp-content\/uploads\/2025\/01\/RAZZ-BAR-25000-Puffs-Lemon-Lime.webp 800w, https:\/\/vapestornado.com\/wp-content\/uploads\/2025\/01\/RAZZ-BAR-25000-Puffs-Lemon-Lime-300x300.webp 300w, https:\/\/vapestornado.com\/wp-content\/uploads\/2025\/01\/RAZZ-BAR-25000-Puffs-Lemon-Lime-150x150.webp 150w, https:\/\/vapestornado.com\/wp-content\/uploads\/2025\/01\/RAZZ-BAR-25000-Puffs-Lemon-Lime-768x768.webp 768w, https:\/\/vapestornado.com\/wp-content\/uploads\/2025\/01\/RAZZ-BAR-25000-Puffs-Lemon-Lime-600x600.webp 600w, https:\/\/vapestornado.com\/wp-content\/uploads\/2025\/01\/RAZZ-BAR-25000-Puffs-Lemon-Lime-100x100.webp 100w\" sizes=\"(max-width: 531px) 100vw, 531px\" \/><figcaption id=\"caption-attachment-3686\" class=\"wp-caption-text\">RAZZ BAR 25000 Pust Lemon Lime<\/figcaption><\/figure>\n<\/div>\n<\/div>\n<p><img decoding=\"async\" class=\"alignleft wp-image-2951 size-medium\" src=\"https:\/\/vapestornado.com\/wp-content\/uploads\/2024\/12\/Wholesale-Disposable-Vape-265x300.jpg\" alt=\"Engros Engangsvape\" width=\"265\" height=\"300\" srcset=\"https:\/\/vapestornado.com\/wp-content\/uploads\/2024\/12\/Wholesale-Disposable-Vape-265x300.jpg 265w, https:\/\/vapestornado.com\/wp-content\/uploads\/2024\/12\/Wholesale-Disposable-Vape-768x871.jpg 768w, https:\/\/vapestornado.com\/wp-content\/uploads\/2024\/12\/Wholesale-Disposable-Vape-600x680.jpg 600w, https:\/\/vapestornado.com\/wp-content\/uploads\/2024\/12\/Wholesale-Disposable-Vape.jpg 823w\" sizes=\"(max-width: 265px) 100vw, 265px\" \/><\/p>\n<h5>Kontakt venligst Mandy's WhatsApp for rabatpris:<a href=\"https:\/\/wa.me\/8618077105796\" target=\"_blank\" rel=\"noopener\">+8618077105796<\/a><\/h5>\n<div class=\"flex max-w-full flex-col flex-grow\">\n<div class=\"min-h-8 text-message flex w-full flex-col items-end gap-2 whitespace-normal break-words text-start [.text-message+&amp;]:mt-5\" dir=\"auto\" data-message-author-role=\"assistant\" data-message-id=\"cdb991c0-f594-4bff-b2d5-fbbdd7ce9e54\" data-message-model-slug=\"gpt-4o-mini\">\n<div class=\"flex w-full flex-col gap-1 empty:hidden first:pt-[3px]\">\n<div class=\"markdown prose w-full break-words dark:prose-invert light\"><\/div>\n<\/div>\n<\/div>\n<\/div>\n<div class=\"mb-2 flex gap-3 empty:hidden -ml-2\">\n<h2>Razz bar 25000 pust vapes N\u00f8glefunktioner:<\/h2>\n<ul>\n<li><strong>Nikotinstyrke:<\/strong> F\u00e5s i 2% og 5% salt nikotin for en skr\u00e6ddersyet vaping-oplevelse.<\/li>\n<li><strong>Antal Pust:<\/strong> Op til <strong>25.000 pust<\/strong>, hvilket sikrer uovertruffen levetid.<\/li>\n<li><strong>Smagsvarianter:<\/strong> V\u00e6lg mellem <strong>16 premium smagsvarianter<\/strong>, hver is\u00e6r skabt for ultimativ tilfredshed.<\/li>\n<li><strong>Batteri:<\/strong> <strong>650mAh genopladelige batteri<\/strong> med effektiv <strong>Type-C hurtigopladning<\/strong> for uafbrudt brug.<\/li>\n<li><strong>Teknologi:<\/strong> Integreret <strong>mesh coil-teknologi<\/strong> leverer ensartet, j\u00e6vn damp og intensiveret smag.<\/li>\n<li><strong>Emballage:<\/strong> Praktisk pakket med <strong>200 stykker pr. karton<\/strong> til bulkbestillinger.<\/li>\n<\/ul>\n<\/div>\n<h2>RAZZBAR 25000 Pust Hot Sale Vape Pods Smag:<\/h2>\n<p>1. Juicy Peach ice<br \/>\n2. Strawberry Banana<br \/>\n3. Red Bull Drue<br \/>\n4. Bl\u00e5b\u00e6r is<br \/>\n5. Vandmelon is<br \/>\n6. Frodig is<br \/>\n7. Tropisk frugt<br \/>\n8. Jordb\u00e6r kiwi<br \/>\n9. Jordb\u00e6r is<br \/>\n10. Blandede b\u00e6r<br \/>\n11. Jordb\u00e6r Hindb\u00e6r Kirseb\u00e6r is<br \/>\n12. Love 66<br \/>\n13. Black Dragon is<br \/>\n14. Lemon Lime<br \/>\n15. Bl\u00e5b\u00e6r Sour Hindb\u00e6r<br \/>\n16. Jordb\u00e6r Vandmelon Bubble Gum<\/p>\n<div role=\"article\" data-tabster=\"{&quot;groupper&quot;:{&quot;tabbability&quot;:2},&quot;focusable&quot;:{}}\" data-content=\"ai-message\" aria-labelledby=\"dARUyEWDoEYhnSPXFwx5A-author dARUyEWDoEYhnSPXFwx5A-content\">\n<div id=\"dARUyEWDoEYhnSPXFwx5A-content\">\n<h2>Hvorfor v\u00e6lge RAZZ BAR 25000 Puffs <strong>\u00a0<\/strong>at <a href=\"https:\/\/vapestornado.com\/da\/product\/bang-box-35k-puffs-high-capacity-long-lasting-disposable-vape\/\">vapestornado.com?<\/a><\/h2>\n<h4><strong>*Uovertruffen levetid<\/strong><\/h4>\n<p>Den <strong>RAZZ BAR 25000 Pust<\/strong> er konstrueret til udholdenhed og leverer op til <strong>25.000 pust<\/strong> pr. enhed. Dette g\u00f8r den til det ultimative valg for dampere, der prioriterer langvarig ydeevne uden konstante udskiftninger.<\/p>\n<h4><strong>*Overlegen kvalitet til konkurrencedygtige priser<\/strong><\/h4>\n<p>At <strong>vapestornado.dk<\/strong>Vi tilbyder RAZZ BAR til uovertrufne engrospriser, hvilket g\u00f8r det til en omkostningseffektiv mulighed for b\u00e5de forhandlere og individuelle k\u00f8bere. Nyd f\u00f8rsteklasses vaping-teknologi uden at spr\u00e6nge banken.<\/p>\n<h4><strong>*Diverse smagsmuligheder<\/strong><\/h4>\n<p>Med <strong>16 levende smagsvarianter<\/strong> tilg\u00e6ngelige, der er noget for enhver smag. Fra frugtagtige blandinger til forfriskende mentol er hver smag skabt til at give en rig og tilfredsstillende oplevelse.<\/p>\n<h4><strong>*Avancerede funktioner<\/strong><\/h4>\n<p>Den <strong>650mAh genopladelige batteri<\/strong>kombineret med <strong>Type-C hurtigopladning<\/strong> og <strong>mesh coil-teknologi<\/strong>sikrer ensartet ydeevne, j\u00e6vn dampudvikling og fed smagsintensitet med hvert sug.<\/p>\n<h4><strong>*P\u00e5lidelig engrospartner<\/strong><\/h4>\n<p>vapestornado.com er en betroet leverand\u00f8r i vapingindustrien, der tilbyder <strong>sikre transaktioner<\/strong>, <strong>hurtig forsendelse<\/strong>og dedikeret kundesupport. Med bulkpakning af <strong>200 stykker pr. karton<\/strong>, s\u00e5 det har aldrig v\u00e6ret nemmere at fylde dit lager op.<\/p>\n<h4><strong>*Milj\u00f8venligt design<\/strong><\/h4>\n<p>RAZZ BAR har genopladelig teknologi, der reducerer spild og underst\u00f8tter en mere b\u00e6redygtig vaping-livsstil.<\/p>\n<p>V\u00e6lg <strong>RAZZ BAR 25000 Pust<\/strong> at <strong>vapestornado.dk<\/strong> for en f\u00f8rsteklasses vaping-l\u00f8sning, der leverer enest\u00e5ende v\u00e6rdi, innovation og smag i hvert eneste sug!<\/p>\n<\/div>\n<\/div>\n<h2>Ofte stillede sp\u00f8rgsm\u00e5l om RAZZ BAR VAPE 25000 Pust<\/h2>\n<p><strong>1. Hvor l\u00e6nge holder RAZZ BAR 25000 Pust?<\/strong><br \/>\nRAZZ BAR 25000 Pust giver op til 25.000 sug, hvilket g\u00f8r den til en af de mest holdbare engangs-vapes, der findes. Dens levetid afh\u00e6nger af individuelle brugsvaner, men varer typisk flere uger eller endda m\u00e5neder for moderate brugere.<\/p>\n<p><strong>2. Kan jeg genoplade RAZZ BAR 25000 pust-vape flere gange?<\/strong><br \/>\nJa, RAZZ BAR er udstyret med et 650mAh genopladeligt batteri, der kan genoplades flere gange. Det er designet til at sikre ensartet ydeevne i hele sin levetid, s\u00e5 du kan bruge det, indtil e-v\u00e6sken er helt opbrugt.<\/p>\n<p><strong>3. F\u00f8lger der et Type-C-opladningsstik med RAZZ BAR 25k pust?<\/strong><br \/>\nRAZZ BAR leveres med en integreret Type-C-opladningsport, der giver mulighed for praktisk og hurtig genopladning. Pakken indeholder dog ikke et opladningskabel, s\u00e5 du skal bruge et standard Type-C-kabel til genopladning.<\/p>\n<p><strong>4. Hvad er den bedste m\u00e5de at opretholde optimal ydeevne for 25000 Pust Vape For RAZZ BAR?<\/strong><br \/>\nFor at holde RAZZ BAR i topform skal du oplade den regelm\u00e6ssigt med et Type-C-kabel og undg\u00e5 at overoplade batteriet. Opbevar enheden p\u00e5 et k\u00f8ligt, t\u00f8rt sted, v\u00e6k fra varme eller direkte sollys. S\u00f8rg for, at opladningsporten forbliver ren og fri for st\u00f8v. Lad desuden enheden hvile mellem lange vaping-sessioner for at forhindre overophedning.<\/p>","protected":false},"excerpt":{"rendered":"<p><strong>RAZZ BAR 25000 Pust Engros Vape<\/strong> til uovertrufne priser. Tilbyder 16 premium smagsvarianter, 650mAh genopladeligt batteri og 25.000 pust for langvarig tilfredshed!<\/p>\n<figure id=\"attachment_2951\" aria-describedby=\"caption-attachment-2951\" style=\"width: 265px\" class=\"wp-caption alignnone\"><img decoding=\"async\" class=\"size-medium wp-image-2951\" src=\"https:\/\/vapestornado.com\/wp-content\/uploads\/2024\/12\/Wholesale-Disposable-Vape-265x300.jpg\" alt=\"Engros Engangsvape\" width=\"265\" height=\"300\" srcset=\"https:\/\/vapestornado.com\/wp-content\/uploads\/2024\/12\/Wholesale-Disposable-Vape-265x300.jpg 265w, https:\/\/vapestornado.com\/wp-content\/uploads\/2024\/12\/Wholesale-Disposable-Vape-768x871.jpg 768w, https:\/\/vapestornado.com\/wp-content\/uploads\/2024\/12\/Wholesale-Disposable-Vape-600x680.jpg 600w, https:\/\/vapestornado.com\/wp-content\/uploads\/2024\/12\/Wholesale-Disposable-Vape.jpg 823w\" sizes=\"(max-width: 265px) 100vw, 265px\" \/><figcaption id=\"caption-attachment-2951\" class=\"wp-caption-text\">Venligst kontakt Mandys WhatsApp for rabatpris\u00a0 <a href=\"https:\/\/wa.me\/8618077105796\">+8618077105796<\/a><\/figcaption><\/figure>\n<p>&nbsp;<\/p>","protected":false},"featured_media":3687,"comment_status":"open","ping_status":"closed","template":"","meta":{"_acf_changed":false,"_uag_custom_page_level_css":"","_lmt_disableupdate":"no","_lmt_disable":"","_monsterinsights_skip_tracking":false,"_monsterinsights_sitenote_active":false,"_monsterinsights_sitenote_note":"","_monsterinsights_sitenote_category":0,"site-sidebar-layout":"default","site-content-layout":"","ast-site-content-layout":"default","site-content-style":"default","site-sidebar-style":"default","ast-global-header-display":"","ast-banner-title-visibility":"","ast-main-header-display":"","ast-hfb-above-header-display":"","ast-hfb-below-header-display":"","ast-hfb-mobile-header-display":"","site-post-title":"","ast-breadcrumbs-content":"","ast-featured-img":"","footer-sml-layout":"","ast-disable-related-posts":"","theme-transparent-header-meta":"default","adv-header-id-meta":"","stick-header-meta":"","header-above-stick-meta":"","header-main-stick-meta":"","header-below-stick-meta":"","astra-migrate-meta-layouts":"set","ast-page-background-enabled":"default","ast-page-background-meta":{"desktop":{"background-color":"","background-image":"","background-repeat":"repeat","background-position":"center center","background-size":"auto","background-attachment":"scroll","background-type":"","background-media":"","overlay-type":"","overlay-color":"","overlay-opacity":"","overlay-gradient":""},"tablet":{"background-color":"","background-image":"","background-repeat":"repeat","background-position":"center center","background-size":"auto","background-attachment":"scroll","background-type":"","background-media":"","overlay-type":"","overlay-color":"","overlay-opacity":"","overlay-gradient":""},"mobile":{"background-color":"","background-image":"","background-repeat":"repeat","background-position":"center center","background-size":"auto","background-attachment":"scroll","background-type":"","background-media":"","overlay-type":"","overlay-color":"","overlay-opacity":"","overlay-gradient":""}},"ast-content-background-meta":{"desktop":{"background-color":"var(--ast-global-color-5)","background-image":"","background-repeat":"repeat","background-position":"center center","background-size":"auto","background-attachment":"scroll","background-type":"","background-media":"","overlay-type":"","overlay-color":"","overlay-opacity":"","overlay-gradient":""},"tablet":{"background-color":"var(--ast-global-color-5)","background-image":"","background-repeat":"repeat","background-position":"center center","background-size":"auto","background-attachment":"scroll","background-type":"","background-media":"","overlay-type":"","overlay-color":"","overlay-opacity":"","overlay-gradient":""},"mobile":{"background-color":"var(--ast-global-color-5)","background-image":"","background-repeat":"repeat","background-position":"center center","background-size":"auto","background-attachment":"scroll","background-type":"","background-media":"","overlay-type":"","overlay-color":"","overlay-opacity":"","overlay-gradient":""}},"_joinchat":{"telephone":"+8618077105796"}},"product_brand":[],"product_cat":[68,149,153,158,146],"product_tag":[97,228],"class_list":{"0":"post-3661","1":"product","2":"type-product","3":"status-publish","4":"has-post-thumbnail","6":"product_cat-25000-puff","7":"product_cat-buy-disposable-vapes-in-austria","8":"product_cat-buy-disposable-vapes-in-italy","9":"product_cat-buy-disposable-vapes-in-spain","10":"product_cat-rechargeable-disposable-vapes","11":"product_tag-hot-sale-disposable-vape","12":"product_tag-razz-bar-25000-puffs","13":"desktop-align-left","14":"tablet-align-left","15":"mobile-align-left","17":"first","18":"instock","19":"sale","20":"shipping-taxable","21":"purchasable","22":"product-type-simple"},"acf":[],"uagb_featured_image_src":{"full":["https:\/\/vapestornado.com\/wp-content\/uploads\/2025\/01\/RAZZ-BAR-25000-Puffs-Black-Dragon-ice-GEEK-BAR.webp",800,800,false],"thumbnail":["https:\/\/vapestornado.com\/wp-content\/uploads\/2025\/01\/RAZZ-BAR-25000-Puffs-Black-Dragon-ice-GEEK-BAR-150x150.webp",150,150,true],"medium":["https:\/\/vapestornado.com\/wp-content\/uploads\/2025\/01\/RAZZ-BAR-25000-Puffs-Black-Dragon-ice-GEEK-BAR-300x300.webp",300,300,true],"medium_large":["https:\/\/vapestornado.com\/wp-content\/uploads\/2025\/01\/RAZZ-BAR-25000-Puffs-Black-Dragon-ice-GEEK-BAR-768x768.webp",768,768,true],"large":["https:\/\/vapestornado.com\/wp-content\/uploads\/2025\/01\/RAZZ-BAR-25000-Puffs-Black-Dragon-ice-GEEK-BAR.webp",800,800,false],"1536x1536":["https:\/\/vapestornado.com\/wp-content\/uploads\/2025\/01\/RAZZ-BAR-25000-Puffs-Black-Dragon-ice-GEEK-BAR.webp",800,800,false],"2048x2048":["https:\/\/vapestornado.com\/wp-content\/uploads\/2025\/01\/RAZZ-BAR-25000-Puffs-Black-Dragon-ice-GEEK-BAR.webp",800,800,false],"trp-custom-language-flag":["https:\/\/vapestornado.com\/wp-content\/uploads\/2025\/01\/RAZZ-BAR-25000-Puffs-Black-Dragon-ice-GEEK-BAR.webp",12,12,false],"woocommerce_thumbnail":["https:\/\/vapestornado.com\/wp-content\/uploads\/2025\/01\/RAZZ-BAR-25000-Puffs-Black-Dragon-ice-GEEK-BAR-300x300.webp",300,300,true],"woocommerce_single":["https:\/\/vapestornado.com\/wp-content\/uploads\/2025\/01\/RAZZ-BAR-25000-Puffs-Black-Dragon-ice-GEEK-BAR-600x600.webp",600,600,true],"woocommerce_gallery_thumbnail":["https:\/\/vapestornado.com\/wp-content\/uploads\/2025\/01\/RAZZ-BAR-25000-Puffs-Black-Dragon-ice-GEEK-BAR-100x100.webp",100,100,true]},"uagb_author_info":{"display_name":"ESMANDY","author_link":"https:\/\/vapestornado.com\/da\/author\/"},"uagb_comment_info":0,"uagb_excerpt":"RAZZ BAR 25000 Puffs Wholesale Vape at unbeatable prices. Offering 16 premium flavors, 650mAh rechargeable battery, and 25,000 puffs for long-lasting satisfaction! [caption id=\"attachment_2951\" align=\"alignnone\" width=\"265\"] Pls Contact Mandy's WhatsApp For Discount Price\u00a0 +8618077105796[\/caption] &nbsp;","_links":{"self":[{"href":"https:\/\/vapestornado.com\/da\/wp-json\/wp\/v2\/product\/3661","targetHints":{"allow":["GET"]}}],"collection":[{"href":"https:\/\/vapestornado.com\/da\/wp-json\/wp\/v2\/product"}],"about":[{"href":"https:\/\/vapestornado.com\/da\/wp-json\/wp\/v2\/types\/product"}],"replies":[{"embeddable":true,"href":"https:\/\/vapestornado.com\/da\/wp-json\/wp\/v2\/comments?post=3661"}],"wp:featuredmedia":[{"embeddable":true,"href":"https:\/\/vapestornado.com\/da\/wp-json\/wp\/v2\/media\/3687"}],"wp:attachment":[{"href":"https:\/\/vapestornado.com\/da\/wp-json\/wp\/v2\/media?parent=3661"}],"wp:term":[{"taxonomy":"product_brand","embeddable":true,"href":"https:\/\/vapestornado.com\/da\/wp-json\/wp\/v2\/product_brand?post=3661"},{"taxonomy":"product_cat","embeddable":true,"href":"https:\/\/vapestornado.com\/da\/wp-json\/wp\/v2\/product_cat?post=3661"},{"taxonomy":"product_tag","embeddable":true,"href":"https:\/\/vapestornado.com\/da\/wp-json\/wp\/v2\/product_tag?post=3661"}],"curies":[{"name":"wp","href":"https:\/\/api.w.org\/{rel}","templated":true}]}}