{"id":3639,"date":"2025-01-03T01:54:34","date_gmt":"2025-01-03T01:54:34","guid":{"rendered":"https:\/\/vapestornado.com\/?post_type=product&#038;p=3639"},"modified":"2025-08-28T07:39:36","modified_gmt":"2025-08-28T07:39:36","slug":"bang-king-vape-35000-puff-smart-digital-display-wholesale-disposable-electronic-cigarette-wholesale","status":"publish","type":"product","link":"https:\/\/vapestornado.com\/da\/product\/bang-king-vape-35000-puff-smart-digital-display-wholesale-disposable-electronic-cigarette-wholesale\/","title":{"rendered":"Bang King Vape 35000 Pust Smart Digital Display Engros Engangs Elektronisk Cigaret Engros"},"content":{"rendered":"<h1 class=\"product-title\">Bang King Vape 35000 Pust Smart Digital Display Engros Engangs Elektronisk Cigaret Engros<\/h1>\n<p data-start=\"389\" data-end=\"758\">Hvis du leder efter en engangs vape, der balancerer langvarig ydeevne, moderne funktioner og dristige smagsvalg, er <strong data-start=\"517\" data-end=\"546\">Bang King Vape 35000 Pust<\/strong> bygget til at imponere. Designet med en <strong data-start=\"584\" data-end=\"609\">smart digitalt display<\/strong> og drevet af en <strong data-start=\"627\" data-end=\"659\">1000mAh genopladeligt batteri<\/strong>tager denne enhed vaping-bekvemmelighed til det n\u00e6ste niveau, mens den forbliver slank og lommevenlig.<\/p>\n<h4 data-start=\"760\" data-end=\"797\">35.000 Pust af Ren Nydelse<\/h4>\n<p data-start=\"798\" data-end=\"1171\">Med sin <strong data-start=\"807\" data-end=\"829\">23 ml e-v\u00e6ske tank<\/strong> og avanceret <strong data-start=\"843\" data-end=\"863\">mesh coil system<\/strong>garanterer Bang King Vape konsistens fra f\u00f8rste til sidste pust. Hvert tr\u00e6k leverer glat damp og rig smag uden de t\u00f8rre sug, som mange andre engangsvapes lider af. Med op til <strong data-start=\"1060\" data-end=\"1076\">35.000 pust<\/strong>er det det perfekte valg for m\u00e6nd, der v\u00e6rds\u00e6tter holdbarhed og premium ydeevne i \u00e9n enhed.<\/p>\n<h4 data-start=\"1173\" data-end=\"1204\">Fleksible Nikotinmuligheder<\/h4>\n<p data-start=\"1205\" data-end=\"1495\">Denne engangs vape im\u00f8dekommer forskellige pr\u00e6ferencer og kommer med <strong data-start=\"1272\" data-end=\"1312\">0%, 2%, 3% og 5% nikotinstyrker<\/strong>. Uanset om du trapper ned gradvist eller foretr\u00e6kker et st\u00e6rkere hit, tilpasser Bang King Vape sig dine behov \u2013 hvilket g\u00f8r det til en fremragende engrosmulighed for forskellige markeder i hele Europa.<\/p>\n<h4 data-start=\"1497\" data-end=\"1542\">Smart Digitalt Display for Fuld Kontrol<\/h4>\n<p data-start=\"1543\" data-end=\"1881\">Ikke mere g\u00e6tv\u00e6rk. Den indbyggede sk\u00e6rm viser din <strong data-start=\"1593\" data-end=\"1632\">batteriniveau og e-v\u00e6ske kapacitet<\/strong> i realtid, s\u00e5 du altid ved, hvorn\u00e5r det er tid til at genoplade eller skifte. Denne funktion adskiller den fra traditionelle engangs vapes og placerer den i samme premium klasse som popul\u00e6re modeller som <strong data-start=\"1830\" data-end=\"1878\">Elf Bar GH23000 Nikotin Engangs Vape Pod<\/strong>.<\/p>\n<h4 data-start=\"1883\" data-end=\"1915\">Hurtig Genopladning med Type-C<\/h4>\n<p data-start=\"1916\" data-end=\"2180\">Udstyret med <strong data-start=\"1930\" data-end=\"1953\">USB-C hurtigopladning<\/strong>er 1000mAh batteriet klar til brug inden for kort tid. Dette g\u00f8r den s\u00e6rligt attraktiv for engrosk\u00f8bere, der leder efter en engangs vape, der kombinerer bekvemmeligheden ved genanvendelighed med enkelheden ved forfyldte pods.<\/p>\n<p>&nbsp;<\/p>\n<p><span style=\"color: #ff0000;\"><strong>Tilf\u00f8j Amys Whatsapp for at f\u00e5 hurtigt svar og vape-kupon!<\/strong><\/span><\/p>\n<p><img fetchpriority=\"high\" decoding=\"async\" class=\"size-full wp-image-2932\" src=\"https:\/\/vapestornado.com\/wp-content\/uploads\/2024\/12\/Vape-Wholesale.jpg\" alt=\"Vape Engros\" width=\"229\" height=\"300\" \/><\/p>\n<h3><a href=\"https:\/\/wa.me\/8617776015835\" target=\"_blank\" rel=\"noopener\"><span style=\"color: #ff0000;\"><strong>WhatsApp: +86 17776015835<\/strong><\/span><\/a><\/h3>\n<p>&nbsp;<\/p>\n<h2 class=\"product-title\"><strong>Bang King Vape 35000 Produktegenskaber<\/strong><\/h2>\n<div role=\"article\" data-tabster=\"{&quot;groupper&quot;:{&quot;tabbability&quot;:2},&quot;focusable&quot;:{}}\" data-content=\"ai-message\" aria-labelledby=\"juhNTJ6o7Gk1cgwZMJgv2-author juhNTJ6o7Gk1cgwZMJgv2-content\">\n<div id=\"juhNTJ6o7Gk1cgwZMJgv2-content\">\n<div role=\"article\" data-tabster=\"{&quot;groupper&quot;:{&quot;tabbability&quot;:2},&quot;focusable&quot;:{}}\" data-content=\"ai-message\" aria-labelledby=\"x4EZuCZWrTbh3weWUt7CU-author x4EZuCZWrTbh3weWUt7CU-content\">\n<div id=\"x4EZuCZWrTbh3weWUt7CU-content\">\n<div class=\"flex max-w-full flex-col flex-grow\">\n<div class=\"min-h-8 text-message flex w-full flex-col items-end gap-2 whitespace-normal break-words text-start [.text-message+&amp;]:mt-5\" dir=\"auto\" data-message-author-role=\"assistant\" data-message-id=\"52c6e00a-252f-4104-805d-2f1a84739c71\" data-message-model-slug=\"gpt-4o\">\n<div class=\"flex w-full flex-col gap-1 empty:hidden first:pt-[3px]\">\n<div class=\"markdown prose w-full break-words dark:prose-invert light\">\n<ol>\n<li><strong>35.000 Pust<\/strong>: Enest\u00e5ende antal pust for langvarig tilfredsstillelse.<\/li>\n<li><strong>Smart Digital Sk\u00e6rm<\/strong>: Viser batteri- og e-v\u00e6skeniveauer for nem brug.<\/li>\n<li><strong>23 ml E-v\u00e6ske kapacitet<\/strong>: Gener\u00f8s kapacitet til l\u00e6ngere dampningssessioner.<\/li>\n<li><strong>Mesh Coil Teknologi<\/strong>: Forbedrer smagen og sikrer ensartet ydeevne.<\/li>\n<li><strong>1000 mAh genopladeligt batteri<\/strong>: P\u00e5lidelig str\u00f8m med hurtig USB-C opladning.<\/li>\n<li><strong>Anti-t\u00f8rbr\u00e6ndingsbeskyttelse<\/strong>: Garanterer glatte og tilfredsstillende hits.<\/li>\n<\/ol>\n<\/div>\n<\/div>\n<\/div>\n<\/div>\n<div class=\"mb-2 flex gap-3 empty:hidden -ml-2\"><img decoding=\"async\" class=\"wp-image-3635 size-full\" src=\"https:\/\/vapestornado.com\/wp-content\/uploads\/2025\/01\/Bang-King-35000-Puffs-Disposable-Vapes-Wholesale.jpg\" alt=\"Bang King 35000 Puffs Engangs Vapes Engros\" width=\"800\" height=\"800\" srcset=\"https:\/\/vapestornado.com\/wp-content\/uploads\/2025\/01\/Bang-King-35000-Puffs-Disposable-Vapes-Wholesale.jpg 800w, https:\/\/vapestornado.com\/wp-content\/uploads\/2025\/01\/Bang-King-35000-Puffs-Disposable-Vapes-Wholesale-300x300.jpg 300w, https:\/\/vapestornado.com\/wp-content\/uploads\/2025\/01\/Bang-King-35000-Puffs-Disposable-Vapes-Wholesale-150x150.jpg 150w, https:\/\/vapestornado.com\/wp-content\/uploads\/2025\/01\/Bang-King-35000-Puffs-Disposable-Vapes-Wholesale-768x768.jpg 768w, https:\/\/vapestornado.com\/wp-content\/uploads\/2025\/01\/Bang-King-35000-Puffs-Disposable-Vapes-Wholesale-600x600.jpg 600w, https:\/\/vapestornado.com\/wp-content\/uploads\/2025\/01\/Bang-King-35000-Puffs-Disposable-Vapes-Wholesale-100x100.jpg 100w\" sizes=\"(max-width: 800px) 100vw, 800px\" \/><\/div>\n<\/div>\n<\/div>\n<\/div>\n<\/div>\n<h2 class=\"product-title\"><strong>Popul\u00e6r smag for Bang King Vape 35000<\/strong><strong>\u00a0<\/strong><strong>Engangs Vapes<\/strong><\/h2>\n<p>Bang King Vape 35000 tilbyder et mangfoldigt og sp\u00e6ndende udvalg af muligheder til din produktlinje, der im\u00f8dekommer forskellige smagspr\u00e6ferencer! Find den popul\u00e6re smag baseret p\u00e5 vores salgsdata og kundefeedback.<\/p>\n<p>1.Jordb\u00e6r Mango <strong><span style=\"color: #ff0000;\">&gt;&gt;&gt; Hot !<\/span><\/strong><br \/>\n2.K\u00e6rlighed66<br \/>\n3.Bl\u00e5 Hindb\u00e6r Is <strong><span style=\"color: #ff0000;\">&gt;&gt;&gt; Hot !<\/span><\/strong><br \/>\n4.Jordb\u00e6r Vandmelon<br \/>\n5.Syrlimon-Mynte<br \/>\n6.Dobbelt \u00c6ble<br \/>\n7.Energidrik<br \/>\n8.Fersken Is<br \/>\n9.Jordb\u00e6r Kiwi <strong><span style=\"color: #ff0000;\">&gt;&gt;&gt; Bedste !<\/span><\/strong><br \/>\n10. Drue Is<br \/>\n11. Bl\u00e5b\u00e6ris <strong><span style=\"color: #ff0000;\">&gt;&gt;&gt; Hot !<\/span><\/strong><br \/>\n12.Vandmelon<\/p>\n<div class=\"flex-shrink-0 flex flex-col relative items-end\">\n<div class=\"pt-0\">\n<div class=\"gizmo-bot-avatar flex h-8 w-8 items-center justify-center overflow-hidden rounded-full\">\n<div class=\"relative p-1 rounded-sm flex items-center justify-center bg-token-main-surface-primary text-token-text-primary h-8 w-8\">\n<h2>FAQ for BangKing Vape 35000 Smart<strong>\u00a0<\/strong>Engangs Vape<\/h2>\n<h3><\/h3>\n<ol>\n<li><strong>Hvor mange sug giver Bang King 35000?<\/strong><br \/>\nDen <strong>Bang King 35000<\/strong> tilbyder en forbl\u00f8ffende <strong>35.000 pust<\/strong>, hvilket g\u00f8r den til en af de mest holdbare engangsvapes p\u00e5 markedet.<\/li>\n<li><strong>Hvad er e-v\u00e6ske kapaciteten p\u00e5 Bang King 35000 Vape?<\/strong><br \/>\nDen har en <strong>23 ml e-v\u00e6ske kapacitet<\/strong>, hvilket sikrer forl\u00e6nget brug uden hyppige genopfyldninger.<\/li>\n<li><strong>Har Bang King 35000 et genopladeligt batteri?<\/strong><br \/>\nJa, den inkluderer et <strong>1000mAh genopladeligt batteri<\/strong> med <strong>USB-C opladning<\/strong>, hvilket giver b\u00e6redygtig og bekvem brug.<\/li>\n<li><strong>Hvad g\u00f8r den smarte digitale sk\u00e6rm unik?<\/strong><br \/>\nDen <strong>digitale display<\/strong> viser vigtige detaljer som <strong>batteriprocent<\/strong> og <strong>e-v\u00e6skeniveauer<\/strong>, hvilket g\u00f8r det nemt at spore dit forbrug.<\/li>\n<li><strong>Hvor kan jeg k\u00f8be Bang King Vape 35000 Puff til engrospriser?<\/strong><br \/>\nFor de bedste <strong>engrospriser<\/strong>, bes\u00f8g <strong>vapestornado Online Vape Shop<\/strong>, tilbyder fremragende tilbud og et bredt udvalg af produkter.<\/li>\n<\/ol>\n<div class=\"flex max-w-full flex-col flex-grow\">\n<div class=\"min-h-8 text-message flex w-full flex-col items-end gap-2 whitespace-normal break-words text-start [.text-message+&amp;]:mt-5\" dir=\"auto\" data-message-author-role=\"assistant\" data-message-id=\"4dc48248-df95-45bd-b800-6dedb43cf7f1\" data-message-model-slug=\"gpt-4o\">\n<div class=\"flex w-full flex-col gap-1 empty:hidden first:pt-[3px]\"><\/div>\n<\/div>\n<\/div>\n<\/div>\n<\/div>\n<\/div>\n<\/div>\n<div class=\"flex-shrink-0 flex flex-col relative items-end\">\n<div class=\"pt-0\">\n<div class=\"gizmo-bot-avatar flex h-8 w-8 items-center justify-center overflow-hidden rounded-full\">\n<div class=\"relative p-1 rounded-sm flex items-center justify-center bg-token-main-surface-primary text-token-text-primary h-8 w-8\">\n<div class=\"mb-2 flex gap-3 empty:hidden -ml-2\">\n<div role=\"article\" data-tabster=\"{&quot;groupper&quot;:{&quot;tabbability&quot;:2},&quot;focusable&quot;:{}}\" data-content=\"ai-message\" aria-labelledby=\"Vdt5ez4X7Tg813x6rFVha-author Vdt5ez4X7Tg813x6rFVha-content\">\n<div id=\"Vdt5ez4X7Tg813x6rFVha-content\">\n<div role=\"article\" data-tabster=\"{&quot;groupper&quot;:{&quot;tabbability&quot;:2},&quot;focusable&quot;:{}}\" data-content=\"ai-message\" aria-labelledby=\"o968oC7CEo2fGHsGdsRYC-author o968oC7CEo2fGHsGdsRYC-content\">\n<div id=\"o968oC7CEo2fGHsGdsRYC-content\">\n<h2>Hvorfor v\u00e6lge vapestornado til Bang King Vape 35k Puff Vape Engros?<\/h2>\n<div class=\"flex-shrink-0 flex flex-col relative items-end\">\n<div class=\"pt-0\">\n<div class=\"gizmo-bot-avatar flex h-8 w-8 items-center justify-center overflow-hidden rounded-full\">\n<div class=\"relative p-1 rounded-sm flex items-center justify-center bg-token-main-surface-primary text-token-text-primary h-8 w-8\">\n<p>Velkommen til vapestornado, din betroede online vape-butik for f\u00f8rsteklasses engangsvapes. Med mere end 5 \u00e5rs ekspertise tilbyder vi dig popul\u00e6re engangsvape-m\u00e6rker som Fumot RandM Vape, <a href=\"https:\/\/vapestornado.com\/da\/product-category\/vapme-shisha\/\">Vapme<\/a>, Bang Vape, Waspe Vape og WGA Vape, osv.<\/p>\n<p>Vores sortiment omfatter popul\u00e6re vapes som <a href=\"https:\/\/vapestornado.com\/da\/product\/randm-12000-puffs-fumot-digital-disposable-vape-wholesale-price\/\">RandM Tornado 12000<\/a>, og smagsrige valg som <a href=\"https:\/\/vapestornado.com\/da\/product\/wga-crystal-pro-max-extra-15000-puffs-rechargeable-disposable-vape-wholesale-bulk-buy\/\">\u00a0WGA Crystal 15k Pust<\/a> . Hvert produkt er valgt med fokus p\u00e5 kvalitet, v\u00e6rdi og variation, hvilket sikrer, at du finder det perfekte match til dine behov. Oplev enest\u00e5ende service og et bredt udvalg af topprodukter til engrospris hos vapestornado.<\/p>\n<\/div>\n<p>&nbsp;<\/p>\n<p><strong>Andre popul\u00e6re engangs vapes<\/strong><\/p>\n<p><a href=\"https:\/\/vapestornado.com\/da\/product\/vozol-star-20000-puffs-disposable-vape-2-low-nicotine-bulk-buy-wholesale-cheap-price\/\">VOZOL Star 20000 sug <span style=\"color: #ff0000;\"><strong>&gt;&gt;&gt;&gt; G\u00e5 !<\/strong><\/span><\/a><\/p>\n<p><a href=\"https:\/\/vapestornado.com\/da\/product\/refillable-disposable-vape-bang-40000-puffs-with-smart-screen-display-wholesale\/\">Bang 40000 sug<span style=\"color: #ff0000;\"><strong>&gt;&gt;&gt;&gt; G\u00e5 !<\/strong><\/span><\/a><\/p>\n<p><a href=\"https:\/\/vapestornado.com\/da\/product\/puff-25k-bang-king-25000-puffs-rechargeable-disposable-vape-wholesale-bulk-buy\/\">Bang King 25000 <span style=\"color: #ff0000;\"><strong>&gt;&gt;&gt;&gt; G\u00e5 !<\/strong><\/span><\/a><\/p>\n<\/div>\n<\/div>\n<\/div>\n<p>&nbsp;<\/p>\n<\/div>\n<\/div>\n<\/div>\n<\/div>\n<\/div>\n<\/div>\n<\/div>\n<\/div>\n<\/div>","protected":false},"excerpt":{"rendered":"<p>BangKing Vape 35000 Puffs 2% Lav Nikotin Engangs Vape Engros<br \/>\nBang King 35000 Pust Digital Display Engangs Vape Masseindk\u00f8b<br \/>\nBang King Vape 35k Genopladelig Engangs Vape Billig Pris<\/p>\n<p><strong>Tilf\u00f8j Amys whatsapp, f\u00e5 et hurtigt svar og en vape-kupon!<\/strong><\/p>\n<p><img fetchpriority=\"high\" decoding=\"async\" class=\"size-full wp-image-2932\" src=\"https:\/\/vapestornado.com\/wp-content\/uploads\/2024\/12\/Vape-Wholesale.jpg\" alt=\"Vape Engros\" width=\"229\" height=\"300\" \/><\/p>\n<h3><a href=\"https:\/\/wa.me\/8617776015835\"><span style=\"color: #ff0000;\"><strong>WhatsApp: +86 17776015835<\/strong><\/span><\/a><\/h3>\n<p>&nbsp;<\/p>","protected":false},"featured_media":3636,"comment_status":"open","ping_status":"closed","template":"","meta":{"_acf_changed":false,"_uag_custom_page_level_css":"","_lmt_disableupdate":"no","_lmt_disable":"","_monsterinsights_skip_tracking":false,"_monsterinsights_sitenote_active":false,"_monsterinsights_sitenote_note":"","_monsterinsights_sitenote_category":0,"site-sidebar-layout":"default","site-content-layout":"","ast-site-content-layout":"default","site-content-style":"default","site-sidebar-style":"default","ast-global-header-display":"","ast-banner-title-visibility":"","ast-main-header-display":"","ast-hfb-above-header-display":"","ast-hfb-below-header-display":"","ast-hfb-mobile-header-display":"","site-post-title":"","ast-breadcrumbs-content":"","ast-featured-img":"","footer-sml-layout":"","ast-disable-related-posts":"","theme-transparent-header-meta":"default","adv-header-id-meta":"","stick-header-meta":"","header-above-stick-meta":"","header-main-stick-meta":"","header-below-stick-meta":"","astra-migrate-meta-layouts":"set","ast-page-background-enabled":"default","ast-page-background-meta":{"desktop":{"background-color":"","background-image":"","background-repeat":"repeat","background-position":"center center","background-size":"auto","background-attachment":"scroll","background-type":"","background-media":"","overlay-type":"","overlay-color":"","overlay-opacity":"","overlay-gradient":""},"tablet":{"background-color":"","background-image":"","background-repeat":"repeat","background-position":"center center","background-size":"auto","background-attachment":"scroll","background-type":"","background-media":"","overlay-type":"","overlay-color":"","overlay-opacity":"","overlay-gradient":""},"mobile":{"background-color":"","background-image":"","background-repeat":"repeat","background-position":"center center","background-size":"auto","background-attachment":"scroll","background-type":"","background-media":"","overlay-type":"","overlay-color":"","overlay-opacity":"","overlay-gradient":""}},"ast-content-background-meta":{"desktop":{"background-color":"var(--ast-global-color-5)","background-image":"","background-repeat":"repeat","background-position":"center center","background-size":"auto","background-attachment":"scroll","background-type":"","background-media":"","overlay-type":"","overlay-color":"","overlay-opacity":"","overlay-gradient":""},"tablet":{"background-color":"var(--ast-global-color-5)","background-image":"","background-repeat":"repeat","background-position":"center center","background-size":"auto","background-attachment":"scroll","background-type":"","background-media":"","overlay-type":"","overlay-color":"","overlay-opacity":"","overlay-gradient":""},"mobile":{"background-color":"var(--ast-global-color-5)","background-image":"","background-repeat":"repeat","background-position":"center center","background-size":"auto","background-attachment":"scroll","background-type":"","background-media":"","overlay-type":"","overlay-color":"","overlay-opacity":"","overlay-gradient":""}},"_joinchat":{"telephone":"+8617776015835"}},"product_brand":[],"product_cat":[175,63,152,157,160,143,144],"product_tag":[224,223,165,105,97,166,94],"class_list":{"0":"post-3639","1":"product","2":"type-product","3":"status-publish","4":"has-post-thumbnail","6":"product_cat-35000-puff","7":"product_cat-bangking","8":"product_cat-buy-disposable-vapes-in-cermany","9":"product_cat-buy-disposable-vapes-in-portugal","10":"product_cat-buy-disposable-vapes-in-switzerland","11":"product_cat-dual-mesh-disposable-vapes","12":"product_cat-low-nicotine-disposable-vapes","13":"product_tag-bang-king-35000","14":"product_tag-bang-king-vape-35000","15":"product_tag-cheap-vapes","16":"product_tag-digital-disposable-vape","17":"product_tag-hot-sale-disposable-vape","18":"product_tag-low-nicotine-vape","19":"product_tag-rechargeable-disposable-vape","20":"desktop-align-left","21":"tablet-align-left","22":"mobile-align-left","24":"first","25":"instock","26":"sale","27":"shipping-taxable","28":"purchasable","29":"product-type-simple"},"acf":[],"uagb_featured_image_src":{"full":["https:\/\/vapestornado.com\/wp-content\/uploads\/2025\/01\/Bang-King-Vape-35000-Puffs-Wholesale.webp",800,800,false],"thumbnail":["https:\/\/vapestornado.com\/wp-content\/uploads\/2025\/01\/Bang-King-Vape-35000-Puffs-Wholesale-150x150.webp",150,150,true],"medium":["https:\/\/vapestornado.com\/wp-content\/uploads\/2025\/01\/Bang-King-Vape-35000-Puffs-Wholesale-300x300.webp",300,300,true],"medium_large":["https:\/\/vapestornado.com\/wp-content\/uploads\/2025\/01\/Bang-King-Vape-35000-Puffs-Wholesale-768x768.webp",768,768,true],"large":["https:\/\/vapestornado.com\/wp-content\/uploads\/2025\/01\/Bang-King-Vape-35000-Puffs-Wholesale.webp",800,800,false],"1536x1536":["https:\/\/vapestornado.com\/wp-content\/uploads\/2025\/01\/Bang-King-Vape-35000-Puffs-Wholesale.webp",800,800,false],"2048x2048":["https:\/\/vapestornado.com\/wp-content\/uploads\/2025\/01\/Bang-King-Vape-35000-Puffs-Wholesale.webp",800,800,false],"trp-custom-language-flag":["https:\/\/vapestornado.com\/wp-content\/uploads\/2025\/01\/Bang-King-Vape-35000-Puffs-Wholesale.webp",12,12,false],"woocommerce_thumbnail":["https:\/\/vapestornado.com\/wp-content\/uploads\/2025\/01\/Bang-King-Vape-35000-Puffs-Wholesale-300x300.webp",300,300,true],"woocommerce_single":["https:\/\/vapestornado.com\/wp-content\/uploads\/2025\/01\/Bang-King-Vape-35000-Puffs-Wholesale-600x600.webp",600,600,true],"woocommerce_gallery_thumbnail":["https:\/\/vapestornado.com\/wp-content\/uploads\/2025\/01\/Bang-King-Vape-35000-Puffs-Wholesale-100x100.webp",100,100,true]},"uagb_author_info":{"display_name":"ESAMY","author_link":"https:\/\/vapestornado.com\/da\/author\/"},"uagb_comment_info":0,"uagb_excerpt":"BangKing Vape 35000 Puffs 2% Low Nicotine Disposable Vape Wholesale Bang King 35000 Puff \u00a0Digital Display Disposable Vape Bulk Buy Bang King Vape 35k Rechargeable Disposable Vape Cheap Price Add Amy's whatsapp get right reply and vape coupon! WhatsApp: +86 17776015835 &nbsp;","_links":{"self":[{"href":"https:\/\/vapestornado.com\/da\/wp-json\/wp\/v2\/product\/3639","targetHints":{"allow":["GET"]}}],"collection":[{"href":"https:\/\/vapestornado.com\/da\/wp-json\/wp\/v2\/product"}],"about":[{"href":"https:\/\/vapestornado.com\/da\/wp-json\/wp\/v2\/types\/product"}],"replies":[{"embeddable":true,"href":"https:\/\/vapestornado.com\/da\/wp-json\/wp\/v2\/comments?post=3639"}],"wp:featuredmedia":[{"embeddable":true,"href":"https:\/\/vapestornado.com\/da\/wp-json\/wp\/v2\/media\/3636"}],"wp:attachment":[{"href":"https:\/\/vapestornado.com\/da\/wp-json\/wp\/v2\/media?parent=3639"}],"wp:term":[{"taxonomy":"product_brand","embeddable":true,"href":"https:\/\/vapestornado.com\/da\/wp-json\/wp\/v2\/product_brand?post=3639"},{"taxonomy":"product_cat","embeddable":true,"href":"https:\/\/vapestornado.com\/da\/wp-json\/wp\/v2\/product_cat?post=3639"},{"taxonomy":"product_tag","embeddable":true,"href":"https:\/\/vapestornado.com\/da\/wp-json\/wp\/v2\/product_tag?post=3639"}],"curies":[{"name":"wp","href":"https:\/\/api.w.org\/{rel}","templated":true}]}}