{"id":3631,"date":"2025-01-02T09:26:09","date_gmt":"2025-01-02T09:26:09","guid":{"rendered":"https:\/\/vapestornado.com\/?post_type=product&#038;p=3631"},"modified":"2025-08-23T09:38:46","modified_gmt":"2025-08-23T09:38:46","slug":"uwin-tornado-vape-music-35000-puffs-wholesale-price","status":"publish","type":"product","link":"https:\/\/vapestornado.com\/da\/product\/uwin-tornado-vape-music-35000-puffs-wholesale-price\/","title":{"rendered":"UWIN Tornado Vape Music 35000 sug engrospris"},"content":{"rendered":"<h1>UWIN Tornado Vape Music 35000 sug engrospris<\/h1>\n<p>&nbsp;<\/p>\n<div role=\"article\" data-tabster=\"{&quot;groupper&quot;:{&quot;tabbability&quot;:2},&quot;focusable&quot;:{}}\" data-content=\"ai-message\" aria-labelledby=\"64JRvXrTnY7mRmPkEQLLT-author 64JRvXrTnY7mRmPkEQLLT-content\">\n<div id=\"64JRvXrTnY7mRmPkEQLLT-content\">\n<p data-start=\"318\" data-end=\"611\">Den <strong data-start=\"322\" data-end=\"377\">UWIN Tornado Vape Music 35000 Puffs Engangs Vape<\/strong> kombinerer h\u00f8j kapacitet, ydeevne og unikt design til b\u00e5de individuelle brugere og engrosk\u00f8bere. Med op til <strong data-start=\"492\" data-end=\"508\">35.000 pust<\/strong> og <strong data-start=\"513\" data-end=\"535\">16 premium smagsvarianter<\/strong>leverer den langvarig brug og variation, der matcher forskellige pr\u00e6ferencer.<\/p>\n<p data-start=\"613\" data-end=\"882\">Tilg\u00e6ngelig i <strong data-start=\"626\" data-end=\"667\">0%, 2%, 3% og 5% nikotinstyrker<\/strong>denne vape henvender sig til et bredt publikum. Den <strong data-start=\"710\" data-end=\"728\">1,0\u03a9 mesh coil<\/strong> sikrer j\u00e6vn damp produktion, mens <strong data-start=\"772\" data-end=\"803\">650mAh genopladelige batteri<\/strong> med <strong data-start=\"809\" data-end=\"833\">Type-C hurtigopladning<\/strong> giver p\u00e5lidelig str\u00f8m til udvidede sessioner.<\/p>\n<p data-start=\"884\" data-end=\"1179\">Dens fremtr\u00e6dende <strong data-start=\"897\" data-end=\"920\">RGB-belysningssystem<\/strong> synkroniseres med musikbeats og tilbyder en interaktiv oplevelse sammen med ensartet smag og ydeevne. Pakket i <strong data-start=\"1037\" data-end=\"1058\">kartoner med 160 styk<\/strong> (21 kg pr. karton), er <strong data-start=\"1082\" data-end=\"1102\">UWIN Tornado 35K<\/strong> designet til effektiv engrosdistribution og st\u00e6rk eftersp\u00f8rgsel i detailhandlen.<\/p>\n<figure id=\"attachment_3652\" aria-describedby=\"caption-attachment-3652\" style=\"width: 669px\" class=\"wp-caption alignnone\"><img fetchpriority=\"high\" decoding=\"async\" class=\"wp-image-3652\" src=\"https:\/\/vapestornado.com\/wp-content\/uploads\/2025\/01\/Cheap-Price-Uwin-Tornado-35k-Puffs-Vape.jpg\" alt=\"Billig pris Uwin Tornado 35k Puffs Vape\" width=\"669\" height=\"669\" srcset=\"https:\/\/vapestornado.com\/wp-content\/uploads\/2025\/01\/Cheap-Price-Uwin-Tornado-35k-Puffs-Vape.jpg 800w, https:\/\/vapestornado.com\/wp-content\/uploads\/2025\/01\/Cheap-Price-Uwin-Tornado-35k-Puffs-Vape-300x300.jpg 300w, https:\/\/vapestornado.com\/wp-content\/uploads\/2025\/01\/Cheap-Price-Uwin-Tornado-35k-Puffs-Vape-150x150.jpg 150w, https:\/\/vapestornado.com\/wp-content\/uploads\/2025\/01\/Cheap-Price-Uwin-Tornado-35k-Puffs-Vape-768x768.jpg 768w, https:\/\/vapestornado.com\/wp-content\/uploads\/2025\/01\/Cheap-Price-Uwin-Tornado-35k-Puffs-Vape-600x600.jpg 600w, https:\/\/vapestornado.com\/wp-content\/uploads\/2025\/01\/Cheap-Price-Uwin-Tornado-35k-Puffs-Vape-100x100.jpg 100w\" sizes=\"(max-width: 669px) 100vw, 669px\" \/><figcaption id=\"caption-attachment-3652\" class=\"wp-caption-text\">Billig pris Uwin Tornado 35k Puffs Vape<\/figcaption><\/figure>\n<\/div>\n<\/div>\n<p><img decoding=\"async\" class=\"alignleft wp-image-2951 size-medium\" src=\"https:\/\/vapestornado.com\/wp-content\/uploads\/2024\/12\/Wholesale-Disposable-Vape-265x300.jpg\" alt=\"Engros Engangsvape\" width=\"265\" height=\"300\" srcset=\"https:\/\/vapestornado.com\/wp-content\/uploads\/2024\/12\/Wholesale-Disposable-Vape-265x300.jpg 265w, https:\/\/vapestornado.com\/wp-content\/uploads\/2024\/12\/Wholesale-Disposable-Vape-768x871.jpg 768w, https:\/\/vapestornado.com\/wp-content\/uploads\/2024\/12\/Wholesale-Disposable-Vape-600x680.jpg 600w, https:\/\/vapestornado.com\/wp-content\/uploads\/2024\/12\/Wholesale-Disposable-Vape.jpg 823w\" sizes=\"(max-width: 265px) 100vw, 265px\" \/><\/p>\n<h5>Kontakt venligst Mandy's WhatsApp for rabatpris:<a href=\"https:\/\/wa.me\/8618077105796\" target=\"_blank\" rel=\"noopener\">+8618077105796<\/a><\/h5>\n<div class=\"flex max-w-full flex-col flex-grow\">\n<div class=\"min-h-8 text-message flex w-full flex-col items-end gap-2 whitespace-normal break-words text-start [.text-message+&amp;]:mt-5\" dir=\"auto\" data-message-author-role=\"assistant\" data-message-id=\"cdb991c0-f594-4bff-b2d5-fbbdd7ce9e54\" data-message-model-slug=\"gpt-4o-mini\">\n<div class=\"flex w-full flex-col gap-1 empty:hidden first:pt-[3px]\">\n<div class=\"markdown prose w-full break-words dark:prose-invert light\"><\/div>\n<\/div>\n<\/div>\n<\/div>\n<div class=\"mb-2 flex gap-3 empty:hidden -ml-2\">\n<h2>UWIN Tornado Vape Music 35000 Puffs N\u00f8glefunktioner:<\/h2>\n<ul>\n<li><strong>Nikotinmuligheder<\/strong>: 0%, 2%, 3%, 5% \u2013 Skr\u00e6ddersyet til at im\u00f8dekomme forskellige pr\u00e6ferencer.<\/li>\n<li><strong>Pust<\/strong>: 35.000 \u2013 Enest\u00e5ende levetid for en uafbrudt vapingoplevelse.<\/li>\n<li><strong>Kartonantal<\/strong>: 160 stk. \u2013 Ideel til engros- og storstilet distribution.<\/li>\n<li><strong>Smagsvarianter<\/strong>: 16 \u2013 Bredt udvalg, der passer til enhver smagsprofil.<\/li>\n<li><strong>Batteri<\/strong>: 650mAh genopladeligt med Type-C-port \u2013 P\u00e5lidelig str\u00f8m med hurtig opladning.<\/li>\n<li><strong>Spole<\/strong>: 1,0-ohm Mesh Coil \u2013 Sikrer j\u00e6vn og ensartet damp.<\/li>\n<li><strong>Kartonv\u00e6gt<\/strong>: 21 kg \u2013 Robust emballage for nem h\u00e5ndtering.<\/li>\n<li><strong>Kartonm\u00e5l<\/strong>: Kompakt og optimeret til effektiv opbevaring og forsendelse.<\/li>\n<li><strong>Mesh Coil Teknologi<\/strong>: Levende belysning for et moderne udseende.<\/li>\n<li><strong>Dynamisk belysning<\/strong>: Lyset sl\u00e5r i takt med musikken og skaber en fordybende vapingoplevelse.<\/li>\n<\/ul>\n<\/div>\n<h2>UWIN Tornado Music 35000 Puffs Engangs Vapes Smag:<\/h2>\n<p>1.Bl\u00e5b\u00e6r Hindb\u00e6r<br \/>\n2.Drueis<br \/>\n3.Jordb\u00e6r vandmelon<br \/>\n4.Bl\u00e5b\u00e6r P\u00e5 Is<br \/>\n5.Vandmelon Is<br \/>\n6.Kirseb\u00e6r Is<br \/>\n7.Jordb\u00e6r Hindb\u00e6r Kirseb\u00e6r Is<br \/>\n8. Kiwi Passionsfrugt Guava<br \/>\n9.Jordb\u00e6r Is<br \/>\n10. Fersken Mango Ananas<br \/>\n11.Bl\u00e5b\u00e6r Kirseb\u00e6r Traneb\u00e6r<br \/>\n12. Fersken B\u00e6r<br \/>\n13. Kirseb\u00e6r Cola<br \/>\n14. Blandede B\u00e6r<br \/>\n15. Mr Blue<br \/>\n16. Sommer Fersken Is<\/p>\n<div role=\"article\" data-tabster=\"{&quot;groupper&quot;:{&quot;tabbability&quot;:2},&quot;focusable&quot;:{}}\" data-content=\"ai-message\" aria-labelledby=\"dARUyEWDoEYhnSPXFwx5A-author dARUyEWDoEYhnSPXFwx5A-content\">\n<div id=\"dARUyEWDoEYhnSPXFwx5A-content\">\n<h2>Hvorfor v\u00e6lge UWIN Tornado Vapes Music 35000 Puff <strong>\u00a0<\/strong>at <a href=\"https:\/\/vapestornado.com\/da\/product\/bang-box-35k-puffs-high-capacity-long-lasting-disposable-vape\/\">vapestornado.com?<\/a><\/h2>\n<ul>\n<li><strong>Uovertruffen Antal Sug<\/strong>: 35.000 sug pr. enhed sikrer enest\u00e5ende v\u00e6rdi og lang levetid, der tiltr\u00e6kker flere kunder.<\/li>\n<li><strong>Innovativt design<\/strong>: Udstyret med RGB-lys, der synkroniserer med musik, hvilket giver en unik og fordybende dampoplevelse, der skiller sig ud p\u00e5 markedet.<\/li>\n<li><strong>Komponenter af h\u00f8j kvalitet<\/strong>: Har et genopladeligt 650mAh-batteri, Type-C-port og en 1.0-ohm mesh-coil for ensartet og p\u00e5lidelig ydeevne.<\/li>\n<li><strong>Smagsvariation<\/strong>: Med 16 forskellige smagsvarianter kan kunderne udforske en bred vifte af smage, hvilket sikrer gentagne handler.<\/li>\n<li><strong>Emballage egnet til bulk<\/strong>: Hver karton indeholder 160 stk., hvilket g\u00f8r den perfekt til engros- og detailhandel.<\/li>\n<li><strong>Konkurrencedygtige Priser<\/strong>: vapestornado.com tilbyder branchens f\u00f8rende engrospriser for at maksimere dine fortjenstmargener.<\/li>\n<li><strong>P\u00e5lidelig Leverand\u00f8r<\/strong>: Med en forpligtelse til kvalitet og p\u00e5lidelig levering er vapestornado.com en partner, du kan stole p\u00e5, n\u00e5r det g\u00e6lder v\u00e6kst i din virksomhed.<\/li>\n<\/ul>\n<\/div>\n<\/div>\n<h2>Ofte stillede sp\u00f8rgsm\u00e5l om UWIN Tornado Vape Music 35000 Puffs Vape Pods<\/h2>\n<ul>\n<li><strong>Hvad g\u00f8r UWIN 35k puffs Tornado Vape Music unik?<\/strong><br \/>\nUWIN Tornado skiller sig ud med sin <strong>35.000 sug kapacitet<\/strong>, RGB-lys, der synkroniserer med musik, og et bredt udvalg af <strong>16 premium smagsvarianter<\/strong>, der tilbyder en stilfuld og medrivende dampoplevelse.<\/li>\n<li><strong>Hvilken type coil bruger UWIN Tornado Vape Music 35k puff?<\/strong><br \/>\nUWIN Tornado har en <strong>1,0-ohm mesh coil<\/strong>, hvilket sikrer en j\u00e6vn, smagfuld og ensartet damp for hvert sug.<\/li>\n<li><strong>Hvordan fungerer RGB-lysene?<\/strong><br \/>\nEnhedens RGB-lys er dynamiske og sl\u00e5r i takt med musikken, hvilket skaber en visuelt engagerende oplevelse, der komplementerer det moderne design.<\/li>\n<li><strong>Hvorfor skal jeg v\u00e6lge UWIN Tornado Vapes 35000 Puffs frem for andre engangs vapes?<\/strong><br \/>\nUWIN Tornado kombinerer f\u00f8rsteklasses kvalitet, innovative funktioner og en uovertruffen kapacitet, hvilket g\u00f8r den til et top-tier valg p\u00e5 det high-end dampmarked.<\/li>\n<\/ul>","protected":false},"excerpt":{"rendered":"<p><strong>UWIN Tornado Vape Music 35000 sug<\/strong>, en nyskabelse inden for engangsvapes. Med sine dynamiske musiksynkroniserede LED-lys, en massiv kapacitet p\u00e5 35.000 sug og et genopladeligt Type-C-design, kombinerer denne vape innovation med stil. Perfekt til grossister, der s\u00f8ger premium, h\u00f8jtydende enheder til konkurrencedygtige priser.<\/p>\n<figure id=\"attachment_2951\" aria-describedby=\"caption-attachment-2951\" style=\"width: 265px\" class=\"wp-caption alignnone\"><img decoding=\"async\" class=\"size-medium wp-image-2951\" src=\"https:\/\/vapestornado.com\/wp-content\/uploads\/2024\/12\/Wholesale-Disposable-Vape-265x300.jpg\" alt=\"Engros Engangsvape\" width=\"265\" height=\"300\" srcset=\"https:\/\/vapestornado.com\/wp-content\/uploads\/2024\/12\/Wholesale-Disposable-Vape-265x300.jpg 265w, https:\/\/vapestornado.com\/wp-content\/uploads\/2024\/12\/Wholesale-Disposable-Vape-768x871.jpg 768w, https:\/\/vapestornado.com\/wp-content\/uploads\/2024\/12\/Wholesale-Disposable-Vape-600x680.jpg 600w, https:\/\/vapestornado.com\/wp-content\/uploads\/2024\/12\/Wholesale-Disposable-Vape.jpg 823w\" sizes=\"(max-width: 265px) 100vw, 265px\" \/><figcaption id=\"caption-attachment-2951\" class=\"wp-caption-text\">Venligst kontakt Mandys WhatsApp for rabatpris\u00a0 <a href=\"https:\/\/wa.me\/8618077105796\">+8618077105796<\/a><\/figcaption><\/figure>\n<p>&nbsp;<\/p>","protected":false},"featured_media":3654,"comment_status":"open","ping_status":"closed","template":"","meta":{"_acf_changed":false,"_uag_custom_page_level_css":"","_lmt_disableupdate":"no","_lmt_disable":"","_monsterinsights_skip_tracking":false,"_monsterinsights_sitenote_active":false,"_monsterinsights_sitenote_note":"","_monsterinsights_sitenote_category":0,"site-sidebar-layout":"default","site-content-layout":"","ast-site-content-layout":"default","site-content-style":"default","site-sidebar-style":"default","ast-global-header-display":"","ast-banner-title-visibility":"","ast-main-header-display":"","ast-hfb-above-header-display":"","ast-hfb-below-header-display":"","ast-hfb-mobile-header-display":"","site-post-title":"","ast-breadcrumbs-content":"","ast-featured-img":"","footer-sml-layout":"","ast-disable-related-posts":"","theme-transparent-header-meta":"default","adv-header-id-meta":"","stick-header-meta":"","header-above-stick-meta":"","header-main-stick-meta":"","header-below-stick-meta":"","astra-migrate-meta-layouts":"set","ast-page-background-enabled":"default","ast-page-background-meta":{"desktop":{"background-color":"","background-image":"","background-repeat":"repeat","background-position":"center center","background-size":"auto","background-attachment":"scroll","background-type":"","background-media":"","overlay-type":"","overlay-color":"","overlay-opacity":"","overlay-gradient":""},"tablet":{"background-color":"","background-image":"","background-repeat":"repeat","background-position":"center center","background-size":"auto","background-attachment":"scroll","background-type":"","background-media":"","overlay-type":"","overlay-color":"","overlay-opacity":"","overlay-gradient":""},"mobile":{"background-color":"","background-image":"","background-repeat":"repeat","background-position":"center center","background-size":"auto","background-attachment":"scroll","background-type":"","background-media":"","overlay-type":"","overlay-color":"","overlay-opacity":"","overlay-gradient":""}},"ast-content-background-meta":{"desktop":{"background-color":"var(--ast-global-color-5)","background-image":"","background-repeat":"repeat","background-position":"center center","background-size":"auto","background-attachment":"scroll","background-type":"","background-media":"","overlay-type":"","overlay-color":"","overlay-opacity":"","overlay-gradient":""},"tablet":{"background-color":"var(--ast-global-color-5)","background-image":"","background-repeat":"repeat","background-position":"center center","background-size":"auto","background-attachment":"scroll","background-type":"","background-media":"","overlay-type":"","overlay-color":"","overlay-opacity":"","overlay-gradient":""},"mobile":{"background-color":"var(--ast-global-color-5)","background-image":"","background-repeat":"repeat","background-position":"center center","background-size":"auto","background-attachment":"scroll","background-type":"","background-media":"","overlay-type":"","overlay-color":"","overlay-opacity":"","overlay-gradient":""}},"_joinchat":{"telephone":"+8618077105796"}},"product_brand":[],"product_cat":[175,140,150,157,233],"product_tag":[97,133],"class_list":{"0":"post-3631","1":"product","2":"type-product","3":"status-publish","4":"has-post-thumbnail","6":"product_cat-35000-puff","7":"product_cat-big-puffs-disposable-vapes","8":"product_cat-buy-disposable-vapes-in-belgium","9":"product_cat-buy-disposable-vapes-in-portugal","10":"product_cat-uwin-vape","11":"product_tag-hot-sale-disposable-vape","12":"product_tag-uwin-tornado-35000","13":"desktop-align-left","14":"tablet-align-left","15":"mobile-align-left","17":"first","18":"instock","19":"sale","20":"shipping-taxable","21":"purchasable","22":"product-type-simple"},"acf":[],"uagb_featured_image_src":{"full":["https:\/\/vapestornado.com\/wp-content\/uploads\/2025\/01\/Good-Sale-Uwin-Tornado-35k-Puffs-Disposable-Vape.jpg",800,800,false],"thumbnail":["https:\/\/vapestornado.com\/wp-content\/uploads\/2025\/01\/Good-Sale-Uwin-Tornado-35k-Puffs-Disposable-Vape-150x150.jpg",150,150,true],"medium":["https:\/\/vapestornado.com\/wp-content\/uploads\/2025\/01\/Good-Sale-Uwin-Tornado-35k-Puffs-Disposable-Vape-300x300.jpg",300,300,true],"medium_large":["https:\/\/vapestornado.com\/wp-content\/uploads\/2025\/01\/Good-Sale-Uwin-Tornado-35k-Puffs-Disposable-Vape-768x768.jpg",768,768,true],"large":["https:\/\/vapestornado.com\/wp-content\/uploads\/2025\/01\/Good-Sale-Uwin-Tornado-35k-Puffs-Disposable-Vape.jpg",800,800,false],"1536x1536":["https:\/\/vapestornado.com\/wp-content\/uploads\/2025\/01\/Good-Sale-Uwin-Tornado-35k-Puffs-Disposable-Vape.jpg",800,800,false],"2048x2048":["https:\/\/vapestornado.com\/wp-content\/uploads\/2025\/01\/Good-Sale-Uwin-Tornado-35k-Puffs-Disposable-Vape.jpg",800,800,false],"trp-custom-language-flag":["https:\/\/vapestornado.com\/wp-content\/uploads\/2025\/01\/Good-Sale-Uwin-Tornado-35k-Puffs-Disposable-Vape.jpg",12,12,false],"woocommerce_thumbnail":["https:\/\/vapestornado.com\/wp-content\/uploads\/2025\/01\/Good-Sale-Uwin-Tornado-35k-Puffs-Disposable-Vape-300x300.jpg",300,300,true],"woocommerce_single":["https:\/\/vapestornado.com\/wp-content\/uploads\/2025\/01\/Good-Sale-Uwin-Tornado-35k-Puffs-Disposable-Vape-600x600.jpg",600,600,true],"woocommerce_gallery_thumbnail":["https:\/\/vapestornado.com\/wp-content\/uploads\/2025\/01\/Good-Sale-Uwin-Tornado-35k-Puffs-Disposable-Vape-100x100.jpg",100,100,true]},"uagb_author_info":{"display_name":"ESMANDY","author_link":"https:\/\/vapestornado.com\/da\/author\/"},"uagb_comment_info":0,"uagb_excerpt":"UWIN Tornado Vape Music 35000 Puffs, a game-changer in disposable vaping. With its dynamic music-synced LED lights, massive 35,000 puffs capacity, and rechargeable Type-C design, this vape blends innovation with style. Perfect for wholesalers seeking premium, high-performance devices at competitive prices. [caption id=\"attachment_2951\" align=\"alignnone\" width=\"265\"] Pls Contact Mandy's WhatsApp For Discount Price\u00a0 +8618077105796[\/caption] &nbsp;","_links":{"self":[{"href":"https:\/\/vapestornado.com\/da\/wp-json\/wp\/v2\/product\/3631","targetHints":{"allow":["GET"]}}],"collection":[{"href":"https:\/\/vapestornado.com\/da\/wp-json\/wp\/v2\/product"}],"about":[{"href":"https:\/\/vapestornado.com\/da\/wp-json\/wp\/v2\/types\/product"}],"replies":[{"embeddable":true,"href":"https:\/\/vapestornado.com\/da\/wp-json\/wp\/v2\/comments?post=3631"}],"wp:featuredmedia":[{"embeddable":true,"href":"https:\/\/vapestornado.com\/da\/wp-json\/wp\/v2\/media\/3654"}],"wp:attachment":[{"href":"https:\/\/vapestornado.com\/da\/wp-json\/wp\/v2\/media?parent=3631"}],"wp:term":[{"taxonomy":"product_brand","embeddable":true,"href":"https:\/\/vapestornado.com\/da\/wp-json\/wp\/v2\/product_brand?post=3631"},{"taxonomy":"product_cat","embeddable":true,"href":"https:\/\/vapestornado.com\/da\/wp-json\/wp\/v2\/product_cat?post=3631"},{"taxonomy":"product_tag","embeddable":true,"href":"https:\/\/vapestornado.com\/da\/wp-json\/wp\/v2\/product_tag?post=3631"}],"curies":[{"name":"wp","href":"https:\/\/api.w.org\/{rel}","templated":true}]}}