{"id":3614,"date":"2025-01-02T03:10:17","date_gmt":"2025-01-02T03:10:17","guid":{"rendered":"https:\/\/vapestornado.com\/?post_type=product&#038;p=3614"},"modified":"2025-08-23T12:23:25","modified_gmt":"2025-08-23T12:23:25","slug":"vozol-gear-power-20k-20000-puffs-vape-rechargeable-disposable-box-bulk-buy-cheap-price","status":"publish","type":"product","link":"https:\/\/vapestornado.com\/da\/product\/vozol-gear-power-20k-20000-puffs-vape-rechargeable-disposable-box-bulk-buy-cheap-price\/","title":{"rendered":"VOZOL Gear Power 20K 20000 Puffs Vape Genopladelig Engangs Boks Stork\u00f8b Billig Pris"},"content":{"rendered":"<h1 class=\"product-title\">VOZOL Gear Power 20K 20000 Puffs Vape Genopladelig Engangs Boks Stork\u00f8b Billig Pris<\/h1>\n<p>VOZOL GEAR POWER 20k er forudfyldt med en imponerende <strong>20 ml e-juice<\/strong>, hvilket g\u00f8r den ideel selv for de mest ivrige brugere og holder over en uge. Den tilbyder <strong>tre nikotinstyrke muligheder<\/strong>\u20140 mg, 20 mg og 50 mg\u2014og er tilg\u00e6ngelig i <strong>20 unikke smagsvarianter<\/strong>, der im\u00f8dekommer en bred vifte af pr\u00e6ferencer.<\/p>\n<p>Enheden har en <strong>650 mAh genopladeligt batteri<\/strong>, hvilket sikrer ensartet ydeevne. Den oplades hurtigt via USB-C og inkluderer <strong>mesh dual coils med S.i.L.C (Smooth, Identical, Long-lasting, Clean) teknologi<\/strong>, der leverer en j\u00e6vn og ensartet vapingoplevelse med forbedret smag og dampproduktion.<\/p>\n<p>GEAR POWER er designet til alsidighed og tilbyder to str\u00f8mtilstande. <strong>ECO-tilstand<\/strong> leverer op til <strong>20.000 puffs<\/strong>, ideel til langvarig brug, mens <strong>POWER-tilstand<\/strong> prioriterer rigere smag og t\u00e6ttere damp, og giver omkring <strong>12.000 sug<\/strong>.<\/p>\n<p>Den brugervenlige <strong>LED-display<\/strong> viser den aktuelle tilstand, resterende batteriprocent og e-juice niveau, hvilket g\u00f8r det nemt at overv\u00e5ge brugen. For ekstra hygiejne leveres enheden med en <strong>silikoneh\u00e6tte<\/strong> for at beskytte mundstykket, n\u00e5r det ikke er i brug.<\/p>\n<p>VOZOL GEAR POWER kombinerer enest\u00e5ende ydeevne, bekvemmelighed og stilfuldt design og er det perfekte valg for dampere, der s\u00f8ger en p\u00e5lidelig og h\u00f8jkvalitets engangsenhed.<\/p>\n<p>&nbsp;<\/p>\n<p><span style=\"color: #ff0000;\"><strong>Tilf\u00f8j Amys Whatsapp for at f\u00e5 hurtigt svar og vape-kupon!<\/strong><\/span><\/p>\n<p><img fetchpriority=\"high\" decoding=\"async\" class=\"size-full wp-image-2932\" src=\"https:\/\/vapestornado.com\/wp-content\/uploads\/2024\/12\/Vape-Wholesale.jpg\" alt=\"Vape Engros\" width=\"229\" height=\"300\" \/><\/p>\n<h3><a href=\"https:\/\/wa.me\/8617776015835\" target=\"_blank\" rel=\"noopener\"><span style=\"color: #ff0000;\"><strong>WhatsApp: +86 17776015835<\/strong><\/span><\/a><\/h3>\n<p>&nbsp;<\/p>\n<h2 class=\"product-title\"><strong>VOZOL Gear Power 20K Produktfunktioner<\/strong><\/h2>\n<div role=\"article\" data-tabster=\"{&quot;groupper&quot;:{&quot;tabbability&quot;:2},&quot;focusable&quot;:{}}\" data-content=\"ai-message\" aria-labelledby=\"juhNTJ6o7Gk1cgwZMJgv2-author juhNTJ6o7Gk1cgwZMJgv2-content\">\n<div id=\"juhNTJ6o7Gk1cgwZMJgv2-content\">\n<div role=\"article\" data-tabster=\"{&quot;groupper&quot;:{&quot;tabbability&quot;:2},&quot;focusable&quot;:{}}\" data-content=\"ai-message\" aria-labelledby=\"x4EZuCZWrTbh3weWUt7CU-author x4EZuCZWrTbh3weWUt7CU-content\">\n<div id=\"x4EZuCZWrTbh3weWUt7CU-content\">\n<div class=\"flex max-w-full flex-col flex-grow\">\n<div class=\"min-h-8 text-message flex w-full flex-col items-end gap-2 whitespace-normal break-words text-start [.text-message+&amp;]:mt-5\" dir=\"auto\" data-message-author-role=\"assistant\" data-message-id=\"52c6e00a-252f-4104-805d-2f1a84739c71\" data-message-model-slug=\"gpt-4o\">\n<div class=\"flex w-full flex-col gap-1 empty:hidden first:pt-[3px]\">\n<div class=\"markdown prose w-full break-words dark:prose-invert light\">\n<p>&nbsp;<\/p>\n<ul>\n<li><strong>Massiv E-Juice Kapacitet<\/strong>: Forudfyldt med 20 ml e-juice, holder den over en uge, selv for tunge brugere.<\/li>\n<li><strong>Nikotinmuligheder<\/strong>: Tilg\u00e6ngelig i <strong>0, 20 og 50 mg<\/strong> styrker p\u00e5 tv\u00e6rs af 20 unikke smagsvarianter.<\/li>\n<li><strong>Genopladeligt Batteri<\/strong>: Har et 650 mAh batteri, der kan genoplades via USB-C.<\/li>\n<li><strong>Avancerede Spoler<\/strong>: Mesh dual coils med <strong>S.i.L.C teknologi<\/strong> sikrer j\u00e6vne, konsistente sug.<\/li>\n<\/ul>\n<p><strong>Dobbelt Power-tilstande for alsidighed<\/strong><\/p>\n<ul>\n<li><strong>ECO-tilstand<\/strong>: Tilbyder op til <strong>20.000 puffs<\/strong> for langvarig brug.<\/li>\n<li><strong>POWER-tilstand<\/strong>: Leverer en rigere smag og tykkere damp, med cirka <strong>12.000 sug<\/strong>.<\/li>\n<\/ul>\n<\/div>\n<\/div>\n<\/div>\n<\/div>\n<div class=\"mb-2 flex gap-3 empty:hidden -ml-2\">\n<figure id=\"attachment_3610\" aria-describedby=\"caption-attachment-3610\" style=\"width: 1000px\" class=\"wp-caption alignnone\"><img decoding=\"async\" class=\"wp-image-3610 size-full\" src=\"https:\/\/vapestornado.com\/wp-content\/uploads\/2025\/01\/VOZOL-Gear-Power-20000-Disposable-Bulk-Buy.jpg\" alt=\"VOZOL Gear Power 20000 Engangs Bulk K\u00f8b\" width=\"1000\" height=\"1000\" srcset=\"https:\/\/vapestornado.com\/wp-content\/uploads\/2025\/01\/VOZOL-Gear-Power-20000-Disposable-Bulk-Buy.jpg 1000w, https:\/\/vapestornado.com\/wp-content\/uploads\/2025\/01\/VOZOL-Gear-Power-20000-Disposable-Bulk-Buy-300x300.jpg 300w, https:\/\/vapestornado.com\/wp-content\/uploads\/2025\/01\/VOZOL-Gear-Power-20000-Disposable-Bulk-Buy-150x150.jpg 150w, https:\/\/vapestornado.com\/wp-content\/uploads\/2025\/01\/VOZOL-Gear-Power-20000-Disposable-Bulk-Buy-768x768.jpg 768w, https:\/\/vapestornado.com\/wp-content\/uploads\/2025\/01\/VOZOL-Gear-Power-20000-Disposable-Bulk-Buy-600x600.jpg 600w, https:\/\/vapestornado.com\/wp-content\/uploads\/2025\/01\/VOZOL-Gear-Power-20000-Disposable-Bulk-Buy-100x100.jpg 100w\" sizes=\"(max-width: 1000px) 100vw, 1000px\" \/><figcaption id=\"caption-attachment-3610\" class=\"wp-caption-text\">VOZOL Gear Power 20000 Engangs Bulk K\u00f8b<\/figcaption><\/figure>\n<\/div>\n<\/div>\n<\/div>\n<\/div>\n<\/div>\n<h2 class=\"product-title\"><strong>Popul\u00e6r Smag til VOZOL Gear Power 20000<\/strong><strong>\u00a0<\/strong><strong>Engangs Vapes<\/strong><\/h2>\n<p>Vozol Vista 20000 giver et mangfoldigt og sp\u00e6ndende udvalg af muligheder for din produktlinje, der im\u00f8dekommer forskellige smagspr\u00e6ferencer! Find den popul\u00e6re smag i henhold til vores salgsdato og kundefeedback.<\/p>\n<p>1.Citron Mint<br \/>\n2.Blandede B\u00e6r <span style=\"color: #ff0000;\"><strong>&gt;&gt;&gt; Hot!<\/strong><\/span><br \/>\n3.Jordb\u00e6r Mango<br \/>\n4.Mango Is<br \/>\n5.Mango Ananas Grapefrugt<br \/>\n6. Drue Is<span style=\"color: #ff0000;\"><strong>&gt;&gt;&gt; Hot!<\/strong><\/span><br \/>\n7. Fersken Is<br \/>\n8. Citron Lime<br \/>\n9.Vandmelon Is<br \/>\n10. Dragefrugt Banan Kirseb\u00e6r <span style=\"color: #ff0000;\"><strong>&gt;&gt;&gt; Hot!<\/strong><\/span><br \/>\n11. Dobbelt \u00c6ble Is<br \/>\n12. Kirseb\u00e6r Lemonade<br \/>\n13.Jordb\u00e6r Vandmelon<br \/>\n14. Bl\u00e5 Hindb\u00e6r Is <span style=\"color: #ff0000;\"><strong>&gt;&gt;&gt; Bedst !<\/strong><\/span><br \/>\n15. Bl\u00e5b\u00e6r Storm<br \/>\n16. Bl\u00e5 Mojito <span style=\"color: #ff0000;\"><strong>&gt;&gt;&gt; Hot!<\/strong><\/span><br \/>\n17. Hindb\u00e6r Vandmelon<br \/>\n18. Lavafire<\/p>\n<div class=\"flex-shrink-0 flex flex-col relative items-end\">\n<div class=\"pt-0\">\n<div class=\"gizmo-bot-avatar flex h-8 w-8 items-center justify-center overflow-hidden rounded-full\">\n<div class=\"relative p-1 rounded-sm flex items-center justify-center bg-token-main-surface-primary text-token-text-primary h-8 w-8\">\n<h2>FAQ's for VOZOL Gear Power 20K<strong>\u00a0<\/strong>Engangs Vape<\/h2>\n<p>&nbsp;<\/p>\n<div class=\"flex max-w-full flex-col flex-grow\">\n<div class=\"min-h-8 text-message flex w-full flex-col items-end gap-2 whitespace-normal break-words text-start [.text-message+&amp;]:mt-5\" dir=\"auto\" data-message-author-role=\"assistant\" data-message-id=\"4dc48248-df95-45bd-b800-6dedb43cf7f1\" data-message-model-slug=\"gpt-4o\">\n<div class=\"flex w-full flex-col gap-1 empty:hidden first:pt-[3px]\">\n<div class=\"markdown prose w-full break-words dark:prose-invert light\">\n<ol>\n<li><strong>Hvor l\u00e6nge holder VOZOL GEAR POWER?<\/strong><br \/>\nVOZOL GEAR POWER tilbyder op til <strong>20.000 puffs<\/strong> i ECO-tilstand og omkring <strong>12.000 sug<\/strong> i POWER-tilstand, afh\u00e6ngigt af brugsvaner. Med sin 20 ml e-juice kapacitet kan den holde over en uge for tunge brugere.<\/li>\n<li><strong>Hvilke nikotinstyrker er tilg\u00e6ngelige for VOZOL GEAR POWER 20k?<\/strong><br \/>\nGEAR POWER 20k er tilg\u00e6ngelig i <strong>0 mg, 20 mg og 50 mg nikotinstyrker<\/strong>, hvilket g\u00f8r den egnet til forskellige pr\u00e6ferencer og nikotinbehov.<\/li>\n<li><strong>Kan jeg genoplade GEAR POWER, og hvordan g\u00f8r jeg det?<\/strong><br \/>\nJa, enheden har en <strong>650 mAh genopladeligt batteri<\/strong>. Den kan nemt genoplades ved hj\u00e6lp af et <strong>USB-C kabel<\/strong>, hvilket sikrer uafbrudt brug.<\/li>\n<li><strong>Hvilke smagsvarianter er tilg\u00e6ngelige til VOZOL GEAR POWER 20000?<\/strong><br \/>\nGEAR POWER kommer i <strong>20 unikke smagsvarianter<\/strong>, der sp\u00e6nder fra frugtagtig og s\u00f8d til klassisk og fed, hvilket im\u00f8dekommer en bred vifte af smagspr\u00e6ferencer.<\/li>\n<li><strong>Hvordan sikrer VOZL 20000 ensartet smag og damp produktion?<\/strong><br \/>\nEnheden er udstyret med <strong>mesh dual coils og S.i.L.C (Smooth, Identical, Long-lasting, Clean) teknologi<\/strong>, hvilket sikrer j\u00e6vne, ensartede sug med forbedret smag og damp produktion.<\/li>\n<li><strong>Hvilke funktioner g\u00f8r GEAR POWER brugervenlig?<\/strong><br \/>\nGEAR POWER inkluderer en <strong>klar LED-sk\u00e6rm<\/strong> der viser str\u00f8mtilstand, batteriprocent og e-juice niveau. Den leveres ogs\u00e5 med en <strong>silikoneh\u00e6tte<\/strong> for at holde mundstykket rent, n\u00e5r det ikke er i brug, hvilket tilf\u00f8jer bekvemmelighed og hygiejne.<\/li>\n<\/ol>\n<\/div>\n<\/div>\n<\/div>\n<\/div>\n<\/div>\n<\/div>\n<\/div>\n<\/div>\n<div class=\"flex-shrink-0 flex flex-col relative items-end\">\n<div class=\"pt-0\">\n<div class=\"gizmo-bot-avatar flex h-8 w-8 items-center justify-center overflow-hidden rounded-full\">\n<div class=\"relative p-1 rounded-sm flex items-center justify-center bg-token-main-surface-primary text-token-text-primary h-8 w-8\">\n<div class=\"mb-2 flex gap-3 empty:hidden -ml-2\">\n<div role=\"article\" data-tabster=\"{&quot;groupper&quot;:{&quot;tabbability&quot;:2},&quot;focusable&quot;:{}}\" data-content=\"ai-message\" aria-labelledby=\"Vdt5ez4X7Tg813x6rFVha-author Vdt5ez4X7Tg813x6rFVha-content\">\n<div id=\"Vdt5ez4X7Tg813x6rFVha-content\">\n<div role=\"article\" data-tabster=\"{&quot;groupper&quot;:{&quot;tabbability&quot;:2},&quot;focusable&quot;:{}}\" data-content=\"ai-message\" aria-labelledby=\"o968oC7CEo2fGHsGdsRYC-author o968oC7CEo2fGHsGdsRYC-content\">\n<div id=\"o968oC7CEo2fGHsGdsRYC-content\">\n<h2>Hvorfor v\u00e6lge vapestornado til VOZOL 20K Puffs Vape Engros?<\/h2>\n<div class=\"flex-shrink-0 flex flex-col relative items-end\">\n<div class=\"pt-0\">\n<div class=\"gizmo-bot-avatar flex h-8 w-8 items-center justify-center overflow-hidden rounded-full\">\n<div class=\"relative p-1 rounded-sm flex items-center justify-center bg-token-main-surface-primary text-token-text-primary h-8 w-8\">\n<p>Velkommen til vapestornado, din betroede online vape-butik for f\u00f8rsteklasses engangsvapes. Med mere end 5 \u00e5rs ekspertise tilbyder vi dig popul\u00e6re engangsvape-m\u00e6rker som Fumot RandM Vape, <a href=\"https:\/\/vapestornado.com\/da\/product-category\/vapme-shisha\/\">Vapme<\/a>, Bang Vape, Waspe Vape og WGA Vape, osv.<\/p>\n<p>Vores sortiment omfatter popul\u00e6re vapes som <a href=\"https:\/\/vapestornado.com\/da\/product\/randm-12000-puffs-fumot-digital-disposable-vape-wholesale-price\/\">RandM Tornado 12000<\/a>, og smagsrige valg som <a href=\"https:\/\/vapestornado.com\/da\/product\/wga-crystal-pro-max-extra-15000-puffs-rechargeable-disposable-vape-wholesale-bulk-buy\/\">\u00a0WGA Crystal 15k Pust<\/a> . Hvert produkt er valgt med fokus p\u00e5 kvalitet, v\u00e6rdi og variation, hvilket sikrer, at du finder det perfekte match til dine behov. Oplev enest\u00e5ende service og et bredt udvalg af topprodukter til engrospris hos vapestornado.<\/p>\n<\/div>\n<p>&nbsp;<\/p>\n<p><strong>Andre popul\u00e6re engangs vapes<\/strong><\/p>\n<p><a href=\"https:\/\/vapestornado.com\/da\/product\/vozol-vista-20000-vape-rechargeable-disposable-vape-wholesale-cheap-price\/\">VOZOL VISTA 20000 Pust <span style=\"color: #ff0000;\"><strong>&gt;&gt;&gt;&gt; G\u00e5 !<\/strong><\/span><\/a><\/p>\n<p><a href=\"https:\/\/vapestornado.com\/da\/product\/vopk-ultra-40000-puffs-2-in-1-digital-screen-rechargeable-disposable-vape\/\">VOPK 40000 Dobbelt Smag<span style=\"color: #ff0000;\"><strong>&gt;&gt;&gt;&gt; G\u00e5 !<\/strong><\/span><\/a><\/p>\n<p><a href=\"https:\/\/vapestornado.com\/da\/product\/puff-25k-bang-king-25000-puffs-rechargeable-disposable-vape-wholesale-bulk-buy\/\">Bang King 25000 <span style=\"color: #ff0000;\"><strong>&gt;&gt;&gt;&gt; G\u00e5 !<\/strong><\/span><\/a><\/p>\n<\/div>\n<\/div>\n<\/div>\n<p>&nbsp;<\/p>\n<\/div>\n<\/div>\n<\/div>\n<\/div>\n<\/div>\n<\/div>\n<\/div>\n<\/div>\n<\/div>","protected":false},"excerpt":{"rendered":"<p>VOZOL Gear Power 20K Pust 2% Lav Nikotin Engangs Vape Engros<br \/>\nVOZOL Gear Power 20000 Pust Digital Display Engangs Vape Bulk K\u00f8b<br \/>\nVOZOL Gear Power 20k Genopladelig Engangs Vape Billig Pris<\/p>\n<p><strong>Tilf\u00f8j Amys whatsapp, f\u00e5 et hurtigt svar og en vape-kupon!<\/strong><\/p>\n<p><img fetchpriority=\"high\" decoding=\"async\" class=\"size-full wp-image-2932\" src=\"https:\/\/vapestornado.com\/wp-content\/uploads\/2024\/12\/Vape-Wholesale.jpg\" alt=\"Vape Engros\" width=\"229\" height=\"300\" \/><\/p>\n<h3><a href=\"https:\/\/wa.me\/8617776015835\"><span style=\"color: #ff0000;\"><strong>WhatsApp: +86 17776015835<\/strong><\/span><\/a><\/h3>\n<p>&nbsp;<\/p>","protected":false},"featured_media":3611,"comment_status":"open","ping_status":"closed","template":"","meta":{"_acf_changed":false,"_uag_custom_page_level_css":"","_lmt_disableupdate":"no","_lmt_disable":"","_monsterinsights_skip_tracking":false,"_monsterinsights_sitenote_active":false,"_monsterinsights_sitenote_note":"","_monsterinsights_sitenote_category":0,"site-sidebar-layout":"default","site-content-layout":"","ast-site-content-layout":"default","site-content-style":"default","site-sidebar-style":"default","ast-global-header-display":"","ast-banner-title-visibility":"","ast-main-header-display":"","ast-hfb-above-header-display":"","ast-hfb-below-header-display":"","ast-hfb-mobile-header-display":"","site-post-title":"","ast-breadcrumbs-content":"","ast-featured-img":"","footer-sml-layout":"","ast-disable-related-posts":"","theme-transparent-header-meta":"default","adv-header-id-meta":"","stick-header-meta":"","header-above-stick-meta":"","header-main-stick-meta":"","header-below-stick-meta":"","astra-migrate-meta-layouts":"set","ast-page-background-enabled":"default","ast-page-background-meta":{"desktop":{"background-color":"","background-image":"","background-repeat":"repeat","background-position":"center center","background-size":"auto","background-attachment":"scroll","background-type":"","background-media":"","overlay-type":"","overlay-color":"","overlay-opacity":"","overlay-gradient":""},"tablet":{"background-color":"","background-image":"","background-repeat":"repeat","background-position":"center center","background-size":"auto","background-attachment":"scroll","background-type":"","background-media":"","overlay-type":"","overlay-color":"","overlay-opacity":"","overlay-gradient":""},"mobile":{"background-color":"","background-image":"","background-repeat":"repeat","background-position":"center center","background-size":"auto","background-attachment":"scroll","background-type":"","background-media":"","overlay-type":"","overlay-color":"","overlay-opacity":"","overlay-gradient":""}},"ast-content-background-meta":{"desktop":{"background-color":"var(--ast-global-color-5)","background-image":"","background-repeat":"repeat","background-position":"center center","background-size":"auto","background-attachment":"scroll","background-type":"","background-media":"","overlay-type":"","overlay-color":"","overlay-opacity":"","overlay-gradient":""},"tablet":{"background-color":"var(--ast-global-color-5)","background-image":"","background-repeat":"repeat","background-position":"center center","background-size":"auto","background-attachment":"scroll","background-type":"","background-media":"","overlay-type":"","overlay-color":"","overlay-opacity":"","overlay-gradient":""},"mobile":{"background-color":"var(--ast-global-color-5)","background-image":"","background-repeat":"repeat","background-position":"center center","background-size":"auto","background-attachment":"scroll","background-type":"","background-media":"","overlay-type":"","overlay-color":"","overlay-opacity":"","overlay-gradient":""}},"_joinchat":{"telephone":"+8617776015835"}},"product_brand":[],"product_cat":[69,140,150,154,158,143,144,146,57],"product_tag":[165,105,97,166,94,222,221,220],"class_list":{"0":"post-3614","1":"product","2":"type-product","3":"status-publish","4":"has-post-thumbnail","6":"product_cat-20000-puff","7":"product_cat-big-puffs-disposable-vapes","8":"product_cat-buy-disposable-vapes-in-belgium","9":"product_cat-buy-disposable-vapes-in-netherlands","10":"product_cat-buy-disposable-vapes-in-spain","11":"product_cat-dual-mesh-disposable-vapes","12":"product_cat-low-nicotine-disposable-vapes","13":"product_cat-rechargeable-disposable-vapes","14":"product_cat-vozol-vape","15":"product_tag-cheap-vapes","16":"product_tag-digital-disposable-vape","17":"product_tag-hot-sale-disposable-vape","18":"product_tag-low-nicotine-vape","19":"product_tag-rechargeable-disposable-vape","20":"product_tag-vozol-gear-power-20000","21":"product_tag-vozol-gear-power-20k","22":"product_tag-vozol-vape","23":"desktop-align-left","24":"tablet-align-left","25":"mobile-align-left","27":"first","28":"instock","29":"sale","30":"shipping-taxable","31":"purchasable","32":"product-type-simple"},"acf":[],"uagb_featured_image_src":{"full":["https:\/\/vapestornado.com\/wp-content\/uploads\/2025\/01\/VOZOL-Gear-Power-20000-Disposable-Wholesale-Price.jpg",1000,1000,false],"thumbnail":["https:\/\/vapestornado.com\/wp-content\/uploads\/2025\/01\/VOZOL-Gear-Power-20000-Disposable-Wholesale-Price-150x150.jpg",150,150,true],"medium":["https:\/\/vapestornado.com\/wp-content\/uploads\/2025\/01\/VOZOL-Gear-Power-20000-Disposable-Wholesale-Price-300x300.jpg",300,300,true],"medium_large":["https:\/\/vapestornado.com\/wp-content\/uploads\/2025\/01\/VOZOL-Gear-Power-20000-Disposable-Wholesale-Price-768x768.jpg",768,768,true],"large":["https:\/\/vapestornado.com\/wp-content\/uploads\/2025\/01\/VOZOL-Gear-Power-20000-Disposable-Wholesale-Price.jpg",1000,1000,false],"1536x1536":["https:\/\/vapestornado.com\/wp-content\/uploads\/2025\/01\/VOZOL-Gear-Power-20000-Disposable-Wholesale-Price.jpg",1000,1000,false],"2048x2048":["https:\/\/vapestornado.com\/wp-content\/uploads\/2025\/01\/VOZOL-Gear-Power-20000-Disposable-Wholesale-Price.jpg",1000,1000,false],"trp-custom-language-flag":["https:\/\/vapestornado.com\/wp-content\/uploads\/2025\/01\/VOZOL-Gear-Power-20000-Disposable-Wholesale-Price.jpg",12,12,false],"woocommerce_thumbnail":["https:\/\/vapestornado.com\/wp-content\/uploads\/2025\/01\/VOZOL-Gear-Power-20000-Disposable-Wholesale-Price-300x300.jpg",300,300,true],"woocommerce_single":["https:\/\/vapestornado.com\/wp-content\/uploads\/2025\/01\/VOZOL-Gear-Power-20000-Disposable-Wholesale-Price-600x600.jpg",600,600,true],"woocommerce_gallery_thumbnail":["https:\/\/vapestornado.com\/wp-content\/uploads\/2025\/01\/VOZOL-Gear-Power-20000-Disposable-Wholesale-Price-100x100.jpg",100,100,true]},"uagb_author_info":{"display_name":"ESAMY","author_link":"https:\/\/vapestornado.com\/da\/author\/"},"uagb_comment_info":0,"uagb_excerpt":"VOZOL Gear Power 20K\u00a0 Puffs 2% Low Nicotine Disposable Vape Wholesale VOZOL Gear Power 20000 Puff \u00a0Digital Display Disposable Vape Bulk Buy VOZOL Gear Power 20k Rechargeable Disposable Vape Cheap Price Add Amy's whatsapp get right reply and vape coupon! WhatsApp: +86 17776015835 &nbsp;","_links":{"self":[{"href":"https:\/\/vapestornado.com\/da\/wp-json\/wp\/v2\/product\/3614","targetHints":{"allow":["GET"]}}],"collection":[{"href":"https:\/\/vapestornado.com\/da\/wp-json\/wp\/v2\/product"}],"about":[{"href":"https:\/\/vapestornado.com\/da\/wp-json\/wp\/v2\/types\/product"}],"replies":[{"embeddable":true,"href":"https:\/\/vapestornado.com\/da\/wp-json\/wp\/v2\/comments?post=3614"}],"wp:featuredmedia":[{"embeddable":true,"href":"https:\/\/vapestornado.com\/da\/wp-json\/wp\/v2\/media\/3611"}],"wp:attachment":[{"href":"https:\/\/vapestornado.com\/da\/wp-json\/wp\/v2\/media?parent=3614"}],"wp:term":[{"taxonomy":"product_brand","embeddable":true,"href":"https:\/\/vapestornado.com\/da\/wp-json\/wp\/v2\/product_brand?post=3614"},{"taxonomy":"product_cat","embeddable":true,"href":"https:\/\/vapestornado.com\/da\/wp-json\/wp\/v2\/product_cat?post=3614"},{"taxonomy":"product_tag","embeddable":true,"href":"https:\/\/vapestornado.com\/da\/wp-json\/wp\/v2\/product_tag?post=3614"}],"curies":[{"name":"wp","href":"https:\/\/api.w.org\/{rel}","templated":true}]}}