{"id":3599,"date":"2024-12-31T09:42:44","date_gmt":"2024-12-31T09:42:44","guid":{"rendered":"https:\/\/vapestornado.com\/?post_type=product&#038;p=3599"},"modified":"2025-08-23T09:39:43","modified_gmt":"2025-08-23T09:39:43","slug":"hayati-pro-ultra-bang-box-30k-puffs-dual-flavor-vape","status":"publish","type":"product","link":"https:\/\/vapestornado.com\/da\/product\/hayati-pro-ultra-bang-box-30k-puffs-dual-flavor-vape\/","title":{"rendered":"Hayati Pro ULTRA Bang Box 30k Pust Dual Smag Vape"},"content":{"rendered":"<h1>Hvad er Hayati Pro ULTRA Bang Box 30000 Puffs Dual Flavor?<\/h1>\n<p data-start=\"398\" data-end=\"668\">Den <strong data-start=\"402\" data-end=\"454\">Bang Box 30000 Puffs Engangs Vape med Dobbelt Smag<\/strong> er bygget til kapacitet, variation og konsistent ydeevne. Med en <strong data-start=\"522\" data-end=\"549\">35 ml e-v\u00e6ske reservoir<\/strong> og en <strong data-start=\"557\" data-end=\"595\">850mAh genopladeligt cobalt batteri<\/strong>leverer den over <strong data-start=\"614\" data-end=\"630\">30.000 sug<\/strong>\u2014langt mere end standard engangs vapes.<\/p>\n<p data-start=\"670\" data-end=\"960\">Dens <strong data-start=\"674\" data-end=\"696\">dobbelt-smagssystem<\/strong> lader brugerne skifte mellem to smagsmuligheder i \u00e9n enhed, hvilket giver fleksibilitet og friskhed uden at skulle b\u00e6re rundt p\u00e5 flere vapes. Den <strong data-start=\"828\" data-end=\"846\">0,8\u03a9 mesh coil<\/strong> forbedrer damp produktionen og smagsintensiteten, mens <strong data-start=\"905\" data-end=\"929\">Type-C hurtigopladning<\/strong> holder nedetiden p\u00e5 et minimum.<\/p>\n<p data-start=\"962\" data-end=\"1207\">Kompakt og nem at bruge, er <strong data-start=\"991\" data-end=\"1012\">Bang Box 30K Vape<\/strong> kombinerer langvarig ydeevne med premium funktioner, hvilket g\u00f8r den til et st\u00e6rkt valg for grossister, detailhandlere og hverdagsbrugere, der s\u00f8ger bekvemmelighed med dobbelt smag i en engangs vape med h\u00f8j kapacitet.<\/p>\n<figure id=\"attachment_3601\" aria-describedby=\"caption-attachment-3601\" style=\"width: 1024px\" class=\"wp-caption alignnone\"><img fetchpriority=\"high\" decoding=\"async\" class=\"size-large wp-image-3601\" src=\"https:\/\/vapestornado.com\/wp-content\/uploads\/2024\/12\/Bang-Box-30000-Puffs-Dual-Flavor-Cheap-Price-Dual-Flavor-Satisfaction-at-an-Affordable-1024x576.jpg\" alt=\"Bang Box 30000 Puffs Dual Flavor Billig Pris Dobbelt Smag til en Overkommelig Pris\" width=\"1024\" height=\"576\" srcset=\"https:\/\/vapestornado.com\/wp-content\/uploads\/2024\/12\/Bang-Box-30000-Puffs-Dual-Flavor-Cheap-Price-Dual-Flavor-Satisfaction-at-an-Affordable-1024x576.jpg 1024w, https:\/\/vapestornado.com\/wp-content\/uploads\/2024\/12\/Bang-Box-30000-Puffs-Dual-Flavor-Cheap-Price-Dual-Flavor-Satisfaction-at-an-Affordable-300x169.jpg 300w, https:\/\/vapestornado.com\/wp-content\/uploads\/2024\/12\/Bang-Box-30000-Puffs-Dual-Flavor-Cheap-Price-Dual-Flavor-Satisfaction-at-an-Affordable-768x432.jpg 768w, https:\/\/vapestornado.com\/wp-content\/uploads\/2024\/12\/Bang-Box-30000-Puffs-Dual-Flavor-Cheap-Price-Dual-Flavor-Satisfaction-at-an-Affordable-1536x864.jpg 1536w, https:\/\/vapestornado.com\/wp-content\/uploads\/2024\/12\/Bang-Box-30000-Puffs-Dual-Flavor-Cheap-Price-Dual-Flavor-Satisfaction-at-an-Affordable-2048x1152.jpg 2048w, https:\/\/vapestornado.com\/wp-content\/uploads\/2024\/12\/Bang-Box-30000-Puffs-Dual-Flavor-Cheap-Price-Dual-Flavor-Satisfaction-at-an-Affordable-600x338.jpg 600w\" sizes=\"(max-width: 1024px) 100vw, 1024px\" \/><figcaption id=\"caption-attachment-3601\" class=\"wp-caption-text\">Bang Box 30000 Puffs Dual Flavor Billig Pris Dobbelt Smag til en Overkommelig Pris<\/figcaption><\/figure>\n<p>&nbsp;<\/p>\n<h3>Produktegenskaber<\/h3>\n<ol>\n<li>Massive 30.000+ sug med dobbelt smagsfunktionalitet for ultimativ variation.<\/li>\n<li>35 ml e-v\u00e6ske-kapacitet til udvidet brug uden hyppige udskiftninger.<\/li>\n<li>850mAh genopladeligt batteri med Type-C hurtigopladning.<\/li>\n<li>Avanceret 0,8\u03a9 mesh-coil for intense smage og j\u00e6vn damp-produktion.<\/li>\n<li>Slankt, b\u00e6rbart design perfekt til vaping p\u00e5 farten.<\/li>\n<\/ol>\n<h3>Smagsliste<\/h3>\n<ol>\n<li>Jordb\u00e6r Kiwi\/Vandmelon Is<\/li>\n<li>Jordb\u00e6r Kiwi\/Jordb\u00e6r Vandmelon<\/li>\n<li>Fersken Juice\/Bl\u00e5b\u00e6r Is<\/li>\n<li>Bl\u00e5b\u00e6r Is\/Kiwi Passionsfrugt Guava<\/li>\n<li>Bl\u00e5b\u00e6r Sur Hindb\u00e6r Is\/Blandet Frugt<\/li>\n<li>Triple B\u00e6r Is\/Jordb\u00e6r Mango<\/li>\n<li>Vandmelon Bubblegum\/Jordb\u00e6r Vandmelon<\/li>\n<li>Bl\u00e5b\u00e6r Is\/Vandmelon Is<\/li>\n<li>Jordb\u00e6r Vandmelon\/Kiwi Passionsfrugt Guava<\/li>\n<li>Sort Drage Is\/Mango Fersken Vandmelon<\/li>\n<li>Bl\u00e5 Razz Is\/Dobbelt Drue<\/li>\n<li>Bl\u00e5 Hindb\u00e6r Is\/Jordb\u00e6r Mango<\/li>\n<li><\/li>\n<\/ol>\n<h4><strong>Bang box 30k Top 5 Smage<\/strong><\/h4>\n<ol>\n<li><strong>Jordb\u00e6r Kiwi\/Vandmelon Is<\/strong>: En forfriskende blanding af tropiske frugter og iskold s\u00f8dme.<\/li>\n<li><strong>Fersken Juice\/Bl\u00e5b\u00e6r Is<\/strong>: S\u00f8d fersken m\u00f8der k\u00f8lig bl\u00e5b\u00e6r for en afbalanceret damp.<\/li>\n<li><strong>Bl\u00e5b\u00e6r Sur Hindb\u00e6r Is\/Blandet Frugt<\/strong>: Skarp, s\u00f8d og iskold i hver pust.<\/li>\n<li><strong>Triple B\u00e6r Is\/Jordb\u00e6r Mango<\/strong>: B\u00e6r og mango blandes for en frugtig eksplosion.<\/li>\n<li><strong>Bl\u00e5 Razz Is\/Dobbelt Drue<\/strong>: Kraftfuld druesmag parret med iskold bl\u00e5 hindb\u00e6r.<\/li>\n<\/ol>\n<h4><strong>Hvorfor v\u00e6lge Bang Box 30k Puffs Dual Flavor?<\/strong><\/h4>\n<p>Bang Box 30000 Puffs Dual Flavor tilbyder enest\u00e5ende v\u00e6rdi og alsidighed for dampere. Dets dobbelt-smagssystem giver brugerne mulighed for at skifte mellem to unikke smagsprofiler i \u00e9n enhed, hvilket sikrer en forn\u00f8jelig og varieret dampoplevelse. Med sin h\u00f8je kapacitet p\u00e5 35mL e-juice og 850mAh genopladelige batteri er denne enhed bygget til lang levetid, hvilket g\u00f8r den perfekt til storforbrugere eller dem, der ikke bryder sig om hyppige udskiftninger. Den avancerede 0.8\u03a9 mesh coil teknologi garanterer glat, smagfuld og t\u00e6t damp, der forbedrer dine damp-sessioner. Desuden g\u00f8r dens stilfulde design og kompakte st\u00f8rrelse den nem at have med overalt, mens Type-C ladeporten sikrer hurtige opladninger. Uanset om du er en smagsentusiast eller s\u00f8ger holdbarhed, leverer dette produkt p\u00e5 alle niveauer.<\/p>\n<h2><strong>Bang Box 30k Puffs Dual Flavor Ofte Stillede Sp\u00f8rgsm\u00e5l<\/strong><\/h2>\n<ol>\n<li><strong>Hvor mange pust giver Bang Box 30000 Puffs Dual Flavor?<\/strong><br \/>\nDen giver over 30.000 pust med dobbelt-smags funktionalitet.<\/li>\n<li><strong>Er Bang Box 30000 Puffs Dual Flavor genopladelig?<\/strong><br \/>\nJa, den har et 850mAh genopladeligt batteri med en Type-C opladningsport.<\/li>\n<li><strong>Hvad g\u00f8r dobbelt-smagssystemet unikt?<\/strong><br \/>\nEnheden tillader problemfrit skift mellem to smage, hvilket tilbyder variation i en enkelt damp.<\/li>\n<li><strong>Hvilken coil teknologi bruger denne enhed?<\/strong><br \/>\nDen bruger en 0.8\u03a9 mesh coil for forbedret smag og dampproduktion.<\/li>\n<li><strong>Hvor mange smagskombinationer er tilg\u00e6ngelige?<\/strong><br \/>\nDer er 12 sp\u00e6ndende dobbelt-smagskombinationer at v\u00e6lge imellem.<\/li>\n<\/ol>\n<h4>Bang Box Dual Flavor 30000 vapes engros Kontakt og f\u00e5 rabat nu!<a href=\"https:\/\/wa.me\/8618077105750\" target=\"_blank\" rel=\"noopener\">+8618077105750<\/a><\/h4>\n<p><img decoding=\"async\" class=\"size-large wp-image-2921\" src=\"https:\/\/vapestornado.com\/wp-content\/uploads\/2024\/11\/20062b3a285f900e79520aad496b94d-887x1024.jpg\" alt=\"vapestornado Vicky\" width=\"887\" height=\"1024\" srcset=\"https:\/\/vapestornado.com\/wp-content\/uploads\/2024\/11\/20062b3a285f900e79520aad496b94d-887x1024.jpg 887w, https:\/\/vapestornado.com\/wp-content\/uploads\/2024\/11\/20062b3a285f900e79520aad496b94d-260x300.jpg 260w, https:\/\/vapestornado.com\/wp-content\/uploads\/2024\/11\/20062b3a285f900e79520aad496b94d-768x887.jpg 768w, https:\/\/vapestornado.com\/wp-content\/uploads\/2024\/11\/20062b3a285f900e79520aad496b94d-600x693.jpg 600w, https:\/\/vapestornado.com\/wp-content\/uploads\/2024\/11\/20062b3a285f900e79520aad496b94d.jpg 1080w\" sizes=\"(max-width: 887px) 100vw, 887px\" \/><\/p>","protected":false},"excerpt":{"rendered":"<p>Bang Box 30000 Puffs Dual Flavor leverer 30.000+ sug, dobbelte smage, genopladeligt batteri og en 0,8\u03a9 mesh-coil for intens smag.<\/p>\n<p><strong><span style=\"color: #ff0000;\">(vores hjemmesidepris inkluderer ikke forsendelsesomkostninger, kontakt mig venligst for at f\u00e5 den samlede pris og din rabat!)<\/span><\/strong><\/p>\n<p><img decoding=\"async\" class=\"size-medium wp-image-2921\" src=\"https:\/\/vapestornado.com\/wp-content\/uploads\/2024\/11\/20062b3a285f900e79520aad496b94d-260x300.jpg\" alt=\"vapestornado Vicky\" width=\"260\" height=\"300\" srcset=\"https:\/\/vapestornado.com\/wp-content\/uploads\/2024\/11\/20062b3a285f900e79520aad496b94d-260x300.jpg 260w, https:\/\/vapestornado.com\/wp-content\/uploads\/2024\/11\/20062b3a285f900e79520aad496b94d-887x1024.jpg 887w, https:\/\/vapestornado.com\/wp-content\/uploads\/2024\/11\/20062b3a285f900e79520aad496b94d-768x887.jpg 768w, https:\/\/vapestornado.com\/wp-content\/uploads\/2024\/11\/20062b3a285f900e79520aad496b94d-600x693.jpg 600w, https:\/\/vapestornado.com\/wp-content\/uploads\/2024\/11\/20062b3a285f900e79520aad496b94d.jpg 1080w\" sizes=\"(max-width: 260px) 100vw, 260px\" \/><\/p>","protected":false},"featured_media":3605,"comment_status":"open","ping_status":"closed","template":"","meta":{"_acf_changed":false,"_uag_custom_page_level_css":"","_lmt_disableupdate":"no","_lmt_disable":"","_monsterinsights_skip_tracking":false,"_monsterinsights_sitenote_active":false,"_monsterinsights_sitenote_note":"","_monsterinsights_sitenote_category":0,"site-sidebar-layout":"default","site-content-layout":"","ast-site-content-layout":"default","site-content-style":"default","site-sidebar-style":"default","ast-global-header-display":"","ast-banner-title-visibility":"","ast-main-header-display":"","ast-hfb-above-header-display":"","ast-hfb-below-header-display":"","ast-hfb-mobile-header-display":"","site-post-title":"","ast-breadcrumbs-content":"","ast-featured-img":"","footer-sml-layout":"","ast-disable-related-posts":"","theme-transparent-header-meta":"default","adv-header-id-meta":"","stick-header-meta":"","header-above-stick-meta":"","header-main-stick-meta":"","header-below-stick-meta":"","astra-migrate-meta-layouts":"set","ast-page-background-enabled":"default","ast-page-background-meta":{"desktop":{"background-color":"","background-image":"","background-repeat":"repeat","background-position":"center center","background-size":"auto","background-attachment":"scroll","background-type":"","background-media":"","overlay-type":"","overlay-color":"","overlay-opacity":"","overlay-gradient":""},"tablet":{"background-color":"","background-image":"","background-repeat":"repeat","background-position":"center center","background-size":"auto","background-attachment":"scroll","background-type":"","background-media":"","overlay-type":"","overlay-color":"","overlay-opacity":"","overlay-gradient":""},"mobile":{"background-color":"","background-image":"","background-repeat":"repeat","background-position":"center center","background-size":"auto","background-attachment":"scroll","background-type":"","background-media":"","overlay-type":"","overlay-color":"","overlay-opacity":"","overlay-gradient":""}},"ast-content-background-meta":{"desktop":{"background-color":"var(--ast-global-color-5)","background-image":"","background-repeat":"repeat","background-position":"center center","background-size":"auto","background-attachment":"scroll","background-type":"","background-media":"","overlay-type":"","overlay-color":"","overlay-opacity":"","overlay-gradient":""},"tablet":{"background-color":"var(--ast-global-color-5)","background-image":"","background-repeat":"repeat","background-position":"center center","background-size":"auto","background-attachment":"scroll","background-type":"","background-media":"","overlay-type":"","overlay-color":"","overlay-opacity":"","overlay-gradient":""},"mobile":{"background-color":"var(--ast-global-color-5)","background-image":"","background-repeat":"repeat","background-position":"center center","background-size":"auto","background-attachment":"scroll","background-type":"","background-media":"","overlay-type":"","overlay-color":"","overlay-opacity":"","overlay-gradient":""}},"_joinchat":{"telephone":"+8618077105750"}},"product_brand":[],"product_cat":[67,64,153,154,159,143,144,146],"product_tag":[],"class_list":{"0":"post-3599","1":"product","2":"type-product","3":"status-publish","4":"has-post-thumbnail","6":"product_cat-30000-puff","7":"product_cat-bangbox-vape","8":"product_cat-buy-disposable-vapes-in-italy","9":"product_cat-buy-disposable-vapes-in-netherlands","10":"product_cat-buy-disposable-vapes-in-sweden","11":"product_cat-dual-mesh-disposable-vapes","12":"product_cat-low-nicotine-disposable-vapes","13":"product_cat-rechargeable-disposable-vapes","14":"desktop-align-left","15":"tablet-align-left","16":"mobile-align-left","18":"first","19":"instock","20":"sale","21":"shipping-taxable","22":"purchasable","23":"product-type-simple"},"acf":[],"uagb_featured_image_src":{"full":["https:\/\/vapestornado.com\/wp-content\/uploads\/2024\/12\/Bang-Box-30000-Puffs-Dual-Flavor-Review-Explore-Its-Unique-Dual-Flavor-Technology.jpg",939,935,false],"thumbnail":["https:\/\/vapestornado.com\/wp-content\/uploads\/2024\/12\/Bang-Box-30000-Puffs-Dual-Flavor-Review-Explore-Its-Unique-Dual-Flavor-Technology-150x150.jpg",150,150,true],"medium":["https:\/\/vapestornado.com\/wp-content\/uploads\/2024\/12\/Bang-Box-30000-Puffs-Dual-Flavor-Review-Explore-Its-Unique-Dual-Flavor-Technology-300x300.jpg",300,300,true],"medium_large":["https:\/\/vapestornado.com\/wp-content\/uploads\/2024\/12\/Bang-Box-30000-Puffs-Dual-Flavor-Review-Explore-Its-Unique-Dual-Flavor-Technology-768x765.jpg",768,765,true],"large":["https:\/\/vapestornado.com\/wp-content\/uploads\/2024\/12\/Bang-Box-30000-Puffs-Dual-Flavor-Review-Explore-Its-Unique-Dual-Flavor-Technology.jpg",939,935,false],"1536x1536":["https:\/\/vapestornado.com\/wp-content\/uploads\/2024\/12\/Bang-Box-30000-Puffs-Dual-Flavor-Review-Explore-Its-Unique-Dual-Flavor-Technology.jpg",939,935,false],"2048x2048":["https:\/\/vapestornado.com\/wp-content\/uploads\/2024\/12\/Bang-Box-30000-Puffs-Dual-Flavor-Review-Explore-Its-Unique-Dual-Flavor-Technology.jpg",939,935,false],"trp-custom-language-flag":["https:\/\/vapestornado.com\/wp-content\/uploads\/2024\/12\/Bang-Box-30000-Puffs-Dual-Flavor-Review-Explore-Its-Unique-Dual-Flavor-Technology.jpg",12,12,false],"woocommerce_thumbnail":["https:\/\/vapestornado.com\/wp-content\/uploads\/2024\/12\/Bang-Box-30000-Puffs-Dual-Flavor-Review-Explore-Its-Unique-Dual-Flavor-Technology-300x300.jpg",300,300,true],"woocommerce_single":["https:\/\/vapestornado.com\/wp-content\/uploads\/2024\/12\/Bang-Box-30000-Puffs-Dual-Flavor-Review-Explore-Its-Unique-Dual-Flavor-Technology-600x597.jpg",600,597,true],"woocommerce_gallery_thumbnail":["https:\/\/vapestornado.com\/wp-content\/uploads\/2024\/12\/Bang-Box-30000-Puffs-Dual-Flavor-Review-Explore-Its-Unique-Dual-Flavor-Technology-100x100.jpg",100,100,true]},"uagb_author_info":{"display_name":"ESvicky","author_link":"https:\/\/vapestornado.com\/da\/author\/"},"uagb_comment_info":0,"uagb_excerpt":"Bang Box 30000 Puffs Dual Flavor delivers 30,000+ puffs, dual flavors, rechargeable battery, and 0.8\u03a9 mesh coil for intense flavor. (our website price not include shipping cost, please contact me to get whole price and your disccount!)","_links":{"self":[{"href":"https:\/\/vapestornado.com\/da\/wp-json\/wp\/v2\/product\/3599","targetHints":{"allow":["GET"]}}],"collection":[{"href":"https:\/\/vapestornado.com\/da\/wp-json\/wp\/v2\/product"}],"about":[{"href":"https:\/\/vapestornado.com\/da\/wp-json\/wp\/v2\/types\/product"}],"replies":[{"embeddable":true,"href":"https:\/\/vapestornado.com\/da\/wp-json\/wp\/v2\/comments?post=3599"}],"wp:featuredmedia":[{"embeddable":true,"href":"https:\/\/vapestornado.com\/da\/wp-json\/wp\/v2\/media\/3605"}],"wp:attachment":[{"href":"https:\/\/vapestornado.com\/da\/wp-json\/wp\/v2\/media?parent=3599"}],"wp:term":[{"taxonomy":"product_brand","embeddable":true,"href":"https:\/\/vapestornado.com\/da\/wp-json\/wp\/v2\/product_brand?post=3599"},{"taxonomy":"product_cat","embeddable":true,"href":"https:\/\/vapestornado.com\/da\/wp-json\/wp\/v2\/product_cat?post=3599"},{"taxonomy":"product_tag","embeddable":true,"href":"https:\/\/vapestornado.com\/da\/wp-json\/wp\/v2\/product_tag?post=3599"}],"curies":[{"name":"wp","href":"https:\/\/api.w.org\/{rel}","templated":true}]}}