{"id":3598,"date":"2024-12-31T09:02:37","date_gmt":"2024-12-31T09:02:37","guid":{"rendered":"https:\/\/vapestornado.com\/?post_type=product&#038;p=3598"},"modified":"2025-08-23T12:23:15","modified_gmt":"2025-08-23T12:23:15","slug":"vozol-vista-20000-vape-rechargeable-disposable-vape-wholesale-cheap-price","status":"publish","type":"product","link":"https:\/\/vapestornado.com\/da\/product\/vozol-vista-20000-vape-rechargeable-disposable-vape-wholesale-cheap-price\/","title":{"rendered":"Vozol Vista 20000 Vape Genopladelig Engangs Boks Engros Billig Pris"},"content":{"rendered":"<h1 class=\"product-title\">Vozol Vista 20000 Vape Genopladelig Engangsvape Engros Lav Pris<\/h1>\n<p>Den <strong data-start=\"324\" data-end=\"374\">Vozol Vista 20000 Genopladelig Engangs Vape<\/strong> leverer f\u00f8rsteklasses ydeevne med avanceret teknologi og stilfuldt design, hvilket g\u00f8r den til et must-have for engrosk\u00f8bere i hele Europa. Tilbyder op til <strong data-start=\"522\" data-end=\"538\">20.000 puffs<\/strong>, er denne enhed bygget med en <strong data-start=\"568\" data-end=\"599\">650mAh genopladelige batteri<\/strong> og <strong data-start=\"604\" data-end=\"628\">Type-C hurtigopladning<\/strong>, hvilket sikrer uafbrudte sessioner og minimal nedetid.<\/p>\n<p>Med <strong data-start=\"703\" data-end=\"732\">dual mesh coil-teknologi<\/strong>, hvert sug er j\u00e6vnt, smagfuldt og konsistent. De <strong data-start=\"787\" data-end=\"814\">6-niveaus watt-kontrol<\/strong> og <strong data-start=\"819\" data-end=\"848\">justerbare luftstr\u00f8mssystem<\/strong> giver brugerne mulighed for at tilpasse dampudgangen, fra st\u00e6rke skyer til et bl\u00f8dere sug. En moderne <strong data-start=\"934\" data-end=\"958\">farvedisplayet<\/strong> viser batterilevetid og wattindstillinger i realtid, hvilket giver brugerne total kontrol over deres vapingoplevelse.<\/p>\n<p>Kompakt, b\u00e6rbar og visuelt sl\u00e5ende, Vozol Vista 20K er designet til bekvemmelighed og stil. F\u00e5s i flere smagsvarianter og nikotinmuligheder, den im\u00f8dekommer forskellige pr\u00e6ferencer, samtidig med at den opretholder f\u00f8rsteklasses kvalitet. Med <strong data-start=\"1305\" data-end=\"1337\">billige vape engrospriser<\/strong>er den perfekt til forhandlere, distribut\u00f8rer og vape butiksejere, der \u00f8nsker at tilbyde kunderne den bedste kombination af ydeevne, design og v\u00e6rdi.<\/p>\n<p><span style=\"color: #ff0000;\"><strong>Tilf\u00f8j Amys Whatsapp for at f\u00e5 hurtigt svar og vape-kupon!<\/strong><\/span><\/p>\n<p><img fetchpriority=\"high\" decoding=\"async\" class=\"size-full wp-image-2932\" src=\"https:\/\/vapestornado.com\/wp-content\/uploads\/2024\/12\/Vape-Wholesale.jpg\" alt=\"Vape Engros\" width=\"229\" height=\"300\" \/><\/p>\n<h3><a href=\"https:\/\/wa.me\/8617776015835\" target=\"_blank\" rel=\"noopener\"><span style=\"color: #ff0000;\"><strong>WhatsApp: +86 17776015835<\/strong><\/span><\/a><\/h3>\n<p>&nbsp;<\/p>\n<h2 class=\"product-title\"><strong>Vozol Vista 20000 Produktegenskaber<\/strong><\/h2>\n<div role=\"article\" data-tabster=\"{&quot;groupper&quot;:{&quot;tabbability&quot;:2},&quot;focusable&quot;:{}}\" data-content=\"ai-message\" aria-labelledby=\"juhNTJ6o7Gk1cgwZMJgv2-author juhNTJ6o7Gk1cgwZMJgv2-content\">\n<div id=\"juhNTJ6o7Gk1cgwZMJgv2-content\">\n<div role=\"article\" data-tabster=\"{&quot;groupper&quot;:{&quot;tabbability&quot;:2},&quot;focusable&quot;:{}}\" data-content=\"ai-message\" aria-labelledby=\"x4EZuCZWrTbh3weWUt7CU-author x4EZuCZWrTbh3weWUt7CU-content\">\n<div id=\"x4EZuCZWrTbh3weWUt7CU-content\">\n<div class=\"flex max-w-full flex-col flex-grow\">\n<div class=\"min-h-8 text-message flex w-full flex-col items-end gap-2 whitespace-normal break-words text-start [.text-message+&amp;]:mt-5\" dir=\"auto\" data-message-author-role=\"assistant\" data-message-id=\"52c6e00a-252f-4104-805d-2f1a84739c71\" data-message-model-slug=\"gpt-4o\">\n<div class=\"flex w-full flex-col gap-1 empty:hidden first:pt-[3px]\">\n<div class=\"markdown prose w-full break-words dark:prose-invert light\">\n<h4><\/h4>\n<ul>\n<li><strong>H\u00f8jt Pust Antal<\/strong>: Nyd op til <strong>14,000<\/strong> og <strong>20.000 puffs<\/strong> for langvarig brug.<\/li>\n<li><strong>6-trins Watt-kontrol<\/strong>: Tilpas din dampoplevelse med justerbar watt-styrke.<\/li>\n<li><strong>Bl\u00f8de sug<\/strong>: Avanceret luftstr\u00f8msteknologi garanterer et bl\u00f8dt og ensartet hit.<\/li>\n<li><strong>B\u00e6rbar<\/strong>: Et kompakt, elegant design, der er let at have med og perfekt til n\u00e5r man er p\u00e5 farten.<\/li>\n<li><strong>Dobbelt Mesh Coil<\/strong>: Oplev forbedret smag og overlegen damp-produktion.<\/li>\n<li><strong>Farvesk\u00e6rm<\/strong>: Det letl\u00e6selige display sikrer en optimal brugeroplevelse.<\/li>\n<\/ul>\n<\/div>\n<\/div>\n<\/div>\n<\/div>\n<div class=\"mb-2 flex gap-3 empty:hidden -ml-2\">\n<p>&nbsp;<\/p>\n<\/div>\n<\/div>\n<\/div>\n<\/div>\n<\/div>\n<h2 class=\"product-title\"><strong>Popul\u00e6re smage til Vozol Vista 20000<\/strong><strong>\u00a0<\/strong><strong>Engangs Vapes<\/strong><\/h2>\n<p>Vozol Vista 20000 giver et mangfoldigt og sp\u00e6ndende udvalg af muligheder for din produktlinje, der im\u00f8dekommer forskellige smagspr\u00e6ferencer! Find den popul\u00e6re smag i henhold til vores salgsdato og kundefeedback.<\/p>\n<ol>\n<li><strong>Kirseb\u00e6r Cola<\/strong><br \/>\nEn perfekt blanding af klassisk kirseb\u00e6rsmag og forfriskende cola, der giver en s\u00f8d, men ikke overdrevent sukkerholdig smag, der giver en nostalgisk drikkevare-vibe.<\/li>\n<li><strong>Fersken Is <span style=\"color: #ff0000;\">&gt;&gt;&gt;&gt; Hot!<\/span><\/strong><br \/>\nDen s\u00f8de, saftige smag af modne ferskner kombineret med en k\u00f8lende is-fornemmelse, der skaber en bl\u00f8d, forfriskende oplevelse, der er perfekt til varme dage.<\/li>\n<li><strong>Surt \u00c6ble Is<\/strong><br \/>\nSyrlig gr\u00f8n \u00e6blesmag parret med en k\u00f8lende is-effekt, der giver en skarp, sur-s\u00f8d balance, der opfrisker ved hvert pust.<\/li>\n<li><strong>Miami Mint<\/strong><br \/>\nEn k\u00f8lig, forfriskende mintsmag, der leverer en forfriskende brise som havluften i Miami, perfekt til en forfriskende og energigivende damp.<\/li>\n<li><strong>Drue Is<\/strong><br \/>\nRig, s\u00f8d druesmag med et strejf af is, der giver en fyldig smag, der er b\u00e5de smagfuld og forfriskende, ideel for dem, der elsker frugtige damp-oplevelser.<\/li>\n<li><strong>Vandmelon Is <span style=\"color: #ff0000;\">&gt;&gt;&gt;&gt; Hot!<\/span><\/strong><br \/>\nEn saftig vandmelonsmag kombineret med en k\u00f8lende is-effekt, der giver en s\u00f8d og forfriskende sommeroplevelse ved hver ind\u00e5nding.<\/li>\n<li><strong>Bl\u00e5 Razz Is <span style=\"color: #ff0000;\">&gt;&gt;&gt;&gt; Bedst !<\/span><\/strong><br \/>\nEn blanding af s\u00f8de bl\u00e5b\u00e6r og syrlige hindb\u00e6r med en k\u00f8lende iseffekt, der giver en forfriskende og levende b\u00e6raroma, som er b\u00e5de s\u00f8d og syrlig.<\/li>\n<li><strong>Fersken Mango Vandmelon<\/strong><br \/>\nEn tropisk trio af modne ferskner, saftige mangoer og forfriskende vandmelon, der giver en lagdelt, s\u00f8d og frugtagtig smag, som er perfekt til frugtelskere.<\/li>\n<li><strong>Jordb\u00e6r Mango<\/strong><br \/>\nDen naturlige s\u00f8dme fra modne jordb\u00e6r kombineret med den eksotiske fylde fra mango, der giver en bl\u00f8d, afbalanceret frugtoplevelse.<\/li>\n<li><strong>Hindb\u00e6r Vandmelon<\/strong><br \/>\nEn forfriskende kombination af syrlige hindb\u00e6r og s\u00f8d, saftig vandmelon, der skaber en frugtagtig og hydrerende dampoplevelse med en perfekt balance af smagene.<\/li>\n<li><strong>VZBull <span style=\"color: #ff0000;\">&gt;&gt;&gt;&gt; Hot!<\/span><\/strong><br \/>\nEn dristig, energidrik-inspireret smag, der er s\u00f8d med en let syrlighed og giver den forfriskende og energigivende smag af en klassisk energidrik.<\/li>\n<li><strong>Vandmelon Bubble Gum<\/strong><br \/>\nEn nostalgisk blanding af saftig vandmelon og s\u00f8d tyggegummi, der leverer en legende, sliklignende smag, som er b\u00e5de frugtagtig og sjov.<\/li>\n<li><strong>Blandede B\u00e6r <span style=\"color: #ff0000;\">&gt;&gt;&gt;&gt; Hot!<\/span><\/strong><br \/>\nEt medley af forskellige b\u00e6r, der giver en fyldig, syrlig og s\u00f8d frugtoplevelse med lag af smag, der er perfekte til dem, der nyder b\u00e6r-blandinger.<\/li>\n<li><strong>Citron Lime<\/strong><br \/>\nEn skarp og syrlig blanding af citron og lime, der giver en forfriskende, citrusagtig damp, som er b\u00e5de syrlig og k\u00f8lende \u2013 perfekt til citruselskere.<\/li>\n<li><strong>Jordb\u00e6r Hindb\u00e6r Kirseb\u00e6r Mango Is<\/strong><br \/>\nEn kompleks blanding af jordb\u00e6r, hindb\u00e6r, kirseb\u00e6r og mango med en k\u00f8lende ice-effekt, der giver en frugtig, s\u00f8d og forfriskende oplevelse ved hvert sug.<\/li>\n<li><strong>Dragefrugt Banan Kirseb\u00e6r<\/strong><br \/>\nEn unik kombination af dragefrugt, banan og kirseb\u00e6r, der tilbyder en tropisk, eksotisk smagsprofil, der er s\u00f8d, bl\u00f8d og cremet med et strejf af syrlighed.<\/li>\n<li><strong>Hyldeblomst Grapefrugt<\/strong><br \/>\nEn delikat hyldeblomstsmag parret med grapefrugtens syrlighed, der skaber en forfriskende, blomsteragtig og citrusagtig smag, der er b\u00e5de unik og beroligende.<\/li>\n<li><strong>Lavild<\/strong><br \/>\nEn br\u00e6ndende og dristig smag med et let krydret kick, der giver en varmepakket, intens dampoplevelse, der er perfekt til dem, der nyder dristige og eventyrlystne smage.<\/li>\n<\/ol>\n<figure id=\"attachment_3586\" aria-describedby=\"caption-attachment-3586\" style=\"width: 1024px\" class=\"wp-caption alignnone\"><img decoding=\"async\" class=\"wp-image-3586 size-large\" src=\"https:\/\/vapestornado.com\/wp-content\/uploads\/2024\/12\/Vozol-Vista-20000-Disposable-Pod-Device-1024x1024.jpg\" alt=\"Vozol Vista 20000 engangs pod-enhed\" width=\"1024\" height=\"1024\" srcset=\"https:\/\/vapestornado.com\/wp-content\/uploads\/2024\/12\/Vozol-Vista-20000-Disposable-Pod-Device-1024x1024.jpg 1024w, https:\/\/vapestornado.com\/wp-content\/uploads\/2024\/12\/Vozol-Vista-20000-Disposable-Pod-Device-300x300.jpg 300w, https:\/\/vapestornado.com\/wp-content\/uploads\/2024\/12\/Vozol-Vista-20000-Disposable-Pod-Device-150x150.jpg 150w, https:\/\/vapestornado.com\/wp-content\/uploads\/2024\/12\/Vozol-Vista-20000-Disposable-Pod-Device-768x768.jpg 768w, https:\/\/vapestornado.com\/wp-content\/uploads\/2024\/12\/Vozol-Vista-20000-Disposable-Pod-Device-600x600.jpg 600w, https:\/\/vapestornado.com\/wp-content\/uploads\/2024\/12\/Vozol-Vista-20000-Disposable-Pod-Device-100x100.jpg 100w, https:\/\/vapestornado.com\/wp-content\/uploads\/2024\/12\/Vozol-Vista-20000-Disposable-Pod-Device.jpg 1126w\" sizes=\"(max-width: 1024px) 100vw, 1024px\" \/><figcaption id=\"caption-attachment-3586\" class=\"wp-caption-text\">Vozol Vista 20000 engangs pod-enhed<\/figcaption><\/figure>\n<div class=\"flex-shrink-0 flex flex-col relative items-end\">\n<div class=\"pt-0\">\n<div class=\"gizmo-bot-avatar flex h-8 w-8 items-center justify-center overflow-hidden rounded-full\">\n<div class=\"relative p-1 rounded-sm flex items-center justify-center bg-token-main-surface-primary text-token-text-primary h-8 w-8\">\n<h2>FAQ for Vozol Vista 20000<strong>\u00a0<\/strong>Engangs Vape<\/h2>\n<div class=\"flex max-w-full flex-col flex-grow\">\n<div class=\"min-h-8 text-message flex w-full flex-col items-end gap-2 whitespace-normal break-words text-start [.text-message+&amp;]:mt-5\" dir=\"auto\" data-message-author-role=\"assistant\" data-message-id=\"4dc48248-df95-45bd-b800-6dedb43cf7f1\" data-message-model-slug=\"gpt-4o\">\n<div class=\"flex w-full flex-col gap-1 empty:hidden first:pt-[3px]\">\n<div class=\"markdown prose w-full break-words dark:prose-invert light\">\n<p><strong>1. Hvad g\u00f8r Vozol Vista 20000-serien anderledes end andre engangsvapes?<\/strong><br \/>\nVozol Vista-serien skiller sig ud med sit h\u00f8je antal sug (op til 14.000 til 20.000 sug), 6-trins wattkontrol og dual mesh coil-teknologi, der sikrer et glattere, mere ensartet sug med forbedret smag og damp-produktion. Derudover g\u00f8r det slanke og b\u00e6rbare design den ideel til dampning p\u00e5 farten.<\/p>\n<p><strong>2. Hvor l\u00e6nge holder Vozol Vista 20k-enhederne?<\/strong><br \/>\nAfh\u00e6ngigt af den model, du v\u00e6lger, tilbyder Vozol Vista-enhederne imponerende 14.000 til 20.000 sug, hvilket giver langvarig brug. Det betyder, at du kan nyde din enhed i en betydelig periode, f\u00f8r du har brug for en erstatning.<\/p>\n<p><strong>3. Kan jeg tilpasse damp-oplevelsen med Vozol Vista 20k?<\/strong><br \/>\nJa! Vozol Vista-serien har 6-trins wattkontrol, s\u00e5 du kan justere str\u00f8mindstillingerne, s\u00e5 de passer til din foretrukne damp-stil. Uanset om du foretr\u00e6kker et glattere, lettere sug eller et mere intenst, smagfuldt hit.<\/p>\n<p><strong>4. Hvilke smage er tilg\u00e6ngelige i Vozol Vista 20000?<\/strong><br \/>\nVozol Vista-serien tilbyder et bredt udvalg af sp\u00e6ndende smage, herunder muligheder som Cherry Cola, Peach Ice, Sour Apple Ice, Mixed Berries, Watermelon Bubble Gum og mange flere. Uanset om du nyder frugtagtige, mintagtige eller endda energidrik-inspirerede smage, er der noget for enhver smag.<\/p>\n<p><strong>5. Er Vozol Vista-enhederne b\u00e6rbare og nemme at bruge?<\/strong><br \/>\nAbsolut! Vozol Vista-serien har et slankt og b\u00e6rbart design, der g\u00f8r den nem at have med overalt. Derudover, med dens farvesk\u00e6rm til letl\u00e6selige displays, tilbyder enheden en intuitiv brugeroplevelse, hvilket g\u00f8r den ideel til b\u00e5de begyndere og erfarne dampere.<\/p>\n<\/div>\n<\/div>\n<\/div>\n<\/div>\n<\/div>\n<\/div>\n<\/div>\n<\/div>\n<div class=\"flex-shrink-0 flex flex-col relative items-end\">\n<div class=\"pt-0\">\n<div class=\"gizmo-bot-avatar flex h-8 w-8 items-center justify-center overflow-hidden rounded-full\">\n<div class=\"relative p-1 rounded-sm flex items-center justify-center bg-token-main-surface-primary text-token-text-primary h-8 w-8\">\n<div class=\"mb-2 flex gap-3 empty:hidden -ml-2\">\n<div role=\"article\" data-tabster=\"{&quot;groupper&quot;:{&quot;tabbability&quot;:2},&quot;focusable&quot;:{}}\" data-content=\"ai-message\" aria-labelledby=\"Vdt5ez4X7Tg813x6rFVha-author Vdt5ez4X7Tg813x6rFVha-content\">\n<div id=\"Vdt5ez4X7Tg813x6rFVha-content\">\n<div role=\"article\" data-tabster=\"{&quot;groupper&quot;:{&quot;tabbability&quot;:2},&quot;focusable&quot;:{}}\" data-content=\"ai-message\" aria-labelledby=\"o968oC7CEo2fGHsGdsRYC-author o968oC7CEo2fGHsGdsRYC-content\">\n<div id=\"o968oC7CEo2fGHsGdsRYC-content\">\n<p>&nbsp;<\/p>\n<h2>Hvorfor v\u00e6lge vapestornado til FIHP 15000 Puffs Vape Engros?<\/h2>\n<div class=\"flex-shrink-0 flex flex-col relative items-end\">\n<div class=\"pt-0\">\n<div class=\"gizmo-bot-avatar flex h-8 w-8 items-center justify-center overflow-hidden rounded-full\">\n<div class=\"relative p-1 rounded-sm flex items-center justify-center bg-token-main-surface-primary text-token-text-primary h-8 w-8\">\n<p>Velkommen til vapestornado, din betroede online vape-butik for f\u00f8rsteklasses engangsvapes. Med mere end 5 \u00e5rs ekspertise tilbyder vi dig popul\u00e6re engangsvape-m\u00e6rker som Fumot RandM Vape, <a href=\"https:\/\/vapestornado.com\/da\/product-category\/vapme-shisha\/\">Vapme<\/a>, Bang Vape, Waspe Vape og WGA Vape, osv.<\/p>\n<p>Vores sortiment omfatter popul\u00e6re vapes som <a href=\"https:\/\/vapestornado.com\/da\/product\/randm-12000-puffs-fumot-digital-disposable-vape-wholesale-price\/\">RandM Tornado 12000<\/a>, og smagsrige valg som <a href=\"https:\/\/vapestornado.com\/da\/product\/wga-crystal-pro-max-extra-15000-puffs-rechargeable-disposable-vape-wholesale-bulk-buy\/\">\u00a0WGA Crystal 15k Pust<\/a> . Hvert produkt er valgt med fokus p\u00e5 kvalitet, v\u00e6rdi og variation, hvilket sikrer, at du finder det perfekte match til dine behov. Oplev enest\u00e5ende service og et bredt udvalg af topprodukter til engrospris hos vapestornado.<\/p>\n<\/div>\n<p>&nbsp;<\/p>\n<p><strong>Andre popul\u00e6re engangs vapes<\/strong><\/p>\n<p><a href=\"https:\/\/vapestornado.com\/da\/product\/bang-vape-35000-puffs-low-nicotine-bulk-buy-rechargeable-disposable-vapes-box-wholesale-price\/\">Bang Vape 40000 Sug <span style=\"color: #ff0000;\"><strong>&gt;&gt;&gt;&gt; G\u00e5 !<\/strong><\/span><\/a><\/p>\n<p><a href=\"https:\/\/vapestornado.com\/da\/product\/vopk-ultra-40000-puffs-2-in-1-digital-screen-rechargeable-disposable-vape\/\">VOPK 40000 Dobbelt Smag<span style=\"color: #ff0000;\"><strong>&gt;&gt;&gt;&gt; G\u00e5 !<\/strong><\/span><\/a><\/p>\n<p><a href=\"https:\/\/vapestornado.com\/da\/product\/puff-25k-bang-king-25000-puffs-rechargeable-disposable-vape-wholesale-bulk-buy\/\">Bang King 25000 <span style=\"color: #ff0000;\"><strong>&gt;&gt;&gt;&gt; G\u00e5 !<\/strong><\/span><\/a><\/p>\n<\/div>\n<\/div>\n<\/div>\n<p>&nbsp;<\/p>\n<\/div>\n<\/div>\n<\/div>\n<\/div>\n<\/div>\n<\/div>\n<\/div>\n<\/div>\n<\/div>","protected":false},"excerpt":{"rendered":"<p>Vozol Vista 20000 Puffs Engangsvape Engros<br \/>\nVozol Vista 20000 Vape Genopladelig Engangsvape<br \/>\nVozol Vista 20000 Puffs Engangs Pod Enhed Stork\u00f8b<\/p>\n<p><strong>Tilf\u00f8j Amys whatsapp, f\u00e5 et hurtigt svar og en vape-kupon!<\/strong><\/p>\n<p><img fetchpriority=\"high\" decoding=\"async\" class=\"size-full wp-image-2932\" src=\"https:\/\/vapestornado.com\/wp-content\/uploads\/2024\/12\/Vape-Wholesale.jpg\" alt=\"Vape Engros\" width=\"229\" height=\"300\" \/><\/p>\n<h3><a href=\"https:\/\/wa.me\/8617776015835\"><span style=\"color: #ff0000;\"><strong>WhatsApp: +86 17776015835<\/strong><\/span><\/a><\/h3>\n<p>&nbsp;<\/p>","protected":false},"featured_media":3588,"comment_status":"open","ping_status":"closed","template":"","meta":{"_acf_changed":false,"_uag_custom_page_level_css":"","_lmt_disableupdate":"no","_lmt_disable":"","_monsterinsights_skip_tracking":false,"_monsterinsights_sitenote_active":false,"_monsterinsights_sitenote_note":"","_monsterinsights_sitenote_category":0,"site-sidebar-layout":"default","site-content-layout":"","ast-site-content-layout":"default","site-content-style":"default","site-sidebar-style":"default","ast-global-header-display":"","ast-banner-title-visibility":"","ast-main-header-display":"","ast-hfb-above-header-display":"","ast-hfb-below-header-display":"","ast-hfb-mobile-header-display":"","site-post-title":"","ast-breadcrumbs-content":"","ast-featured-img":"","footer-sml-layout":"","ast-disable-related-posts":"","theme-transparent-header-meta":"default","adv-header-id-meta":"","stick-header-meta":"","header-above-stick-meta":"","header-main-stick-meta":"","header-below-stick-meta":"","astra-migrate-meta-layouts":"set","ast-page-background-enabled":"default","ast-page-background-meta":{"desktop":{"background-color":"","background-image":"","background-repeat":"repeat","background-position":"center center","background-size":"auto","background-attachment":"scroll","background-type":"","background-media":"","overlay-type":"","overlay-color":"","overlay-opacity":"","overlay-gradient":""},"tablet":{"background-color":"","background-image":"","background-repeat":"repeat","background-position":"center center","background-size":"auto","background-attachment":"scroll","background-type":"","background-media":"","overlay-type":"","overlay-color":"","overlay-opacity":"","overlay-gradient":""},"mobile":{"background-color":"","background-image":"","background-repeat":"repeat","background-position":"center center","background-size":"auto","background-attachment":"scroll","background-type":"","background-media":"","overlay-type":"","overlay-color":"","overlay-opacity":"","overlay-gradient":""}},"ast-content-background-meta":{"desktop":{"background-color":"var(--ast-global-color-5)","background-image":"","background-repeat":"repeat","background-position":"center center","background-size":"auto","background-attachment":"scroll","background-type":"","background-media":"","overlay-type":"","overlay-color":"","overlay-opacity":"","overlay-gradient":""},"tablet":{"background-color":"var(--ast-global-color-5)","background-image":"","background-repeat":"repeat","background-position":"center center","background-size":"auto","background-attachment":"scroll","background-type":"","background-media":"","overlay-type":"","overlay-color":"","overlay-opacity":"","overlay-gradient":""},"mobile":{"background-color":"var(--ast-global-color-5)","background-image":"","background-repeat":"repeat","background-position":"center center","background-size":"auto","background-attachment":"scroll","background-type":"","background-media":"","overlay-type":"","overlay-color":"","overlay-opacity":"","overlay-gradient":""}},"_joinchat":{"telephone":"+8617776015835"}},"product_brand":[],"product_cat":[69,152,153,143,144,57],"product_tag":[165,105,97,166,94,220,219],"class_list":{"0":"post-3598","1":"product","2":"type-product","3":"status-publish","4":"has-post-thumbnail","6":"product_cat-20000-puff","7":"product_cat-buy-disposable-vapes-in-cermany","8":"product_cat-buy-disposable-vapes-in-italy","9":"product_cat-dual-mesh-disposable-vapes","10":"product_cat-low-nicotine-disposable-vapes","11":"product_cat-vozol-vape","12":"product_tag-cheap-vapes","13":"product_tag-digital-disposable-vape","14":"product_tag-hot-sale-disposable-vape","15":"product_tag-low-nicotine-vape","16":"product_tag-rechargeable-disposable-vape","17":"product_tag-vozol-vape","18":"product_tag-vozol-vista-20000","19":"desktop-align-left","20":"tablet-align-left","21":"mobile-align-left","23":"first","24":"instock","25":"sale","26":"shipping-taxable","27":"purchasable","28":"product-type-simple"},"acf":[],"uagb_featured_image_src":{"full":["https:\/\/vapestornado.com\/wp-content\/uploads\/2024\/12\/Vozol-Vista-20000-Disposable-Vape-Wholesale.jpg",1126,1126,false],"thumbnail":["https:\/\/vapestornado.com\/wp-content\/uploads\/2024\/12\/Vozol-Vista-20000-Disposable-Vape-Wholesale-150x150.jpg",150,150,true],"medium":["https:\/\/vapestornado.com\/wp-content\/uploads\/2024\/12\/Vozol-Vista-20000-Disposable-Vape-Wholesale-300x300.jpg",300,300,true],"medium_large":["https:\/\/vapestornado.com\/wp-content\/uploads\/2024\/12\/Vozol-Vista-20000-Disposable-Vape-Wholesale-768x768.jpg",768,768,true],"large":["https:\/\/vapestornado.com\/wp-content\/uploads\/2024\/12\/Vozol-Vista-20000-Disposable-Vape-Wholesale-1024x1024.jpg",1024,1024,true],"1536x1536":["https:\/\/vapestornado.com\/wp-content\/uploads\/2024\/12\/Vozol-Vista-20000-Disposable-Vape-Wholesale.jpg",1126,1126,false],"2048x2048":["https:\/\/vapestornado.com\/wp-content\/uploads\/2024\/12\/Vozol-Vista-20000-Disposable-Vape-Wholesale.jpg",1126,1126,false],"trp-custom-language-flag":["https:\/\/vapestornado.com\/wp-content\/uploads\/2024\/12\/Vozol-Vista-20000-Disposable-Vape-Wholesale.jpg",12,12,false],"woocommerce_thumbnail":["https:\/\/vapestornado.com\/wp-content\/uploads\/2024\/12\/Vozol-Vista-20000-Disposable-Vape-Wholesale-300x300.jpg",300,300,true],"woocommerce_single":["https:\/\/vapestornado.com\/wp-content\/uploads\/2024\/12\/Vozol-Vista-20000-Disposable-Vape-Wholesale-600x600.jpg",600,600,true],"woocommerce_gallery_thumbnail":["https:\/\/vapestornado.com\/wp-content\/uploads\/2024\/12\/Vozol-Vista-20000-Disposable-Vape-Wholesale-100x100.jpg",100,100,true]},"uagb_author_info":{"display_name":"ESAMY","author_link":"https:\/\/vapestornado.com\/da\/author\/"},"uagb_comment_info":0,"uagb_excerpt":"Vozol Vista 20000 Puffs Disposable Vape Wholesale Vozol Vista 20000 Vape Rechargeable Disposable Vape Vozol Vista 20000 Puffs Disposable Pod Device Bulk Buy Add Amy's whatsapp get right reply and vape coupon! WhatsApp: +86 17776015835 &nbsp;","_links":{"self":[{"href":"https:\/\/vapestornado.com\/da\/wp-json\/wp\/v2\/product\/3598","targetHints":{"allow":["GET"]}}],"collection":[{"href":"https:\/\/vapestornado.com\/da\/wp-json\/wp\/v2\/product"}],"about":[{"href":"https:\/\/vapestornado.com\/da\/wp-json\/wp\/v2\/types\/product"}],"replies":[{"embeddable":true,"href":"https:\/\/vapestornado.com\/da\/wp-json\/wp\/v2\/comments?post=3598"}],"wp:featuredmedia":[{"embeddable":true,"href":"https:\/\/vapestornado.com\/da\/wp-json\/wp\/v2\/media\/3588"}],"wp:attachment":[{"href":"https:\/\/vapestornado.com\/da\/wp-json\/wp\/v2\/media?parent=3598"}],"wp:term":[{"taxonomy":"product_brand","embeddable":true,"href":"https:\/\/vapestornado.com\/da\/wp-json\/wp\/v2\/product_brand?post=3598"},{"taxonomy":"product_cat","embeddable":true,"href":"https:\/\/vapestornado.com\/da\/wp-json\/wp\/v2\/product_cat?post=3598"},{"taxonomy":"product_tag","embeddable":true,"href":"https:\/\/vapestornado.com\/da\/wp-json\/wp\/v2\/product_tag?post=3598"}],"curies":[{"name":"wp","href":"https:\/\/api.w.org\/{rel}","templated":true}]}}