{"id":3533,"date":"2024-12-28T09:56:42","date_gmt":"2024-12-28T09:56:42","guid":{"rendered":"https:\/\/vapestornado.com\/?post_type=product&#038;p=3533"},"modified":"2025-08-23T09:46:04","modified_gmt":"2025-08-23T09:46:04","slug":"vapme-spacex-22000-puffs-disposable-vape","status":"publish","type":"product","link":"https:\/\/vapestornado.com\/da\/product\/vapme-spacex-22000-puffs-disposable-vape\/","title":{"rendered":"Vapme Spacex 22000 Puffs Engangs Vape"},"content":{"rendered":"<h1>Vapme Spacex 22000 Puffs Engangs Vape<\/h1>\n<p data-start=\"397\" data-end=\"648\">Den <strong data-start=\"401\" data-end=\"445\">Vapme Spacex 22000 Puffs Engangs Vape<\/strong> leverer kapacitet, ydeevne og brugervenligt design i \u00e9n enhed. Med op til <strong data-start=\"529\" data-end=\"545\">22.000 sug<\/strong> og et <strong data-start=\"552\" data-end=\"585\">28 ml forudfyldt e-v\u00e6ske tank<\/strong>giver den langvarig brug uden hyppige udskiftninger.<\/p>\n<p data-start=\"650\" data-end=\"962\">Drevet af en <strong data-start=\"664\" data-end=\"695\">850mAh genopladelige batteri<\/strong> med <strong data-start=\"701\" data-end=\"725\">Type-C hurtigopladning<\/strong>sikrer Vapme Spacex 22K ensartet ydeevne til l\u00e6ngerevarende sessioner. Dens <strong data-start=\"806\" data-end=\"824\">dobbelt mesh coil<\/strong> forbedrer smagslevering og dampdensitet, mens <strong data-start=\"879\" data-end=\"908\">justerbare luftstr\u00f8mssystem<\/strong> lader brugerne tilpasse hvert sug efter deres pr\u00e6ference.<\/p>\n<p data-start=\"964\" data-end=\"1368\">Tilg\u00e6ngelig i <strong data-start=\"977\" data-end=\"1009\">2% og 5% nikotinstyrker<\/strong>denne engangs vape henvender sig til b\u00e5de moderate og tunge brugere. En indbygget <strong data-start=\"1084\" data-end=\"1099\">LED-display<\/strong> viser batterilevetid og e-v\u00e6skeniveauer i realtid, hvilket tilf\u00f8jer bekvemmelighed og kontrol. Kompakt og p\u00e5lidelig, <strong data-start=\"1211\" data-end=\"1244\">Vapme Spacex 22000 Puffs Vape<\/strong> er velegnet til b\u00e5de begyndere og erfarne dampere, samt grossister, der s\u00f8ger h\u00f8jtydende enheder med stor kapacitet.<\/p>\n<h1><img fetchpriority=\"high\" decoding=\"async\" class=\"alignnone size-large wp-image-3536\" style=\"font-size: 16px; font-style: inherit; font-weight: inherit;\" src=\"https:\/\/vapestornado.com\/wp-content\/uploads\/2024\/12\/Real-Pictures-of-Vapme-Spacex-22000-Puffs-Disposable-Vape-Authentic-Product-Gallery-1024x576.jpg\" alt=\"Reelle billeder af Vapme Spacex 22000 Puffs engangs-vape autentisk produktgalleri\" width=\"1024\" height=\"576\" srcset=\"https:\/\/vapestornado.com\/wp-content\/uploads\/2024\/12\/Real-Pictures-of-Vapme-Spacex-22000-Puffs-Disposable-Vape-Authentic-Product-Gallery-1024x576.jpg 1024w, https:\/\/vapestornado.com\/wp-content\/uploads\/2024\/12\/Real-Pictures-of-Vapme-Spacex-22000-Puffs-Disposable-Vape-Authentic-Product-Gallery-300x169.jpg 300w, https:\/\/vapestornado.com\/wp-content\/uploads\/2024\/12\/Real-Pictures-of-Vapme-Spacex-22000-Puffs-Disposable-Vape-Authentic-Product-Gallery-768x432.jpg 768w, https:\/\/vapestornado.com\/wp-content\/uploads\/2024\/12\/Real-Pictures-of-Vapme-Spacex-22000-Puffs-Disposable-Vape-Authentic-Product-Gallery-1536x864.jpg 1536w, https:\/\/vapestornado.com\/wp-content\/uploads\/2024\/12\/Real-Pictures-of-Vapme-Spacex-22000-Puffs-Disposable-Vape-Authentic-Product-Gallery-2048x1152.jpg 2048w, https:\/\/vapestornado.com\/wp-content\/uploads\/2024\/12\/Real-Pictures-of-Vapme-Spacex-22000-Puffs-Disposable-Vape-Authentic-Product-Gallery-600x338.jpg 600w\" sizes=\"(max-width: 1024px) 100vw, 1024px\" \/><\/h1>\n<h3>Produktegenskaber<\/h3>\n<ol>\n<li><strong>22.000 sugs kapacitet<\/strong> til langvarig dampning uden hyppige udskiftninger.<\/li>\n<li><strong>Dobbelt Mesh Coil<\/strong> sikrer j\u00e6vn dampproduktion og forbedret smagslevering.<\/li>\n<li><strong>Genopladeligt 850mAh-batteri<\/strong> med Type-C-port for hurtig og effektiv opladning.<\/li>\n<li><strong>Justerbart luftstr\u00f8mssystem<\/strong> giver mulighed for tilpasning af inhalationspr\u00e6ferencer.<\/li>\n<li><strong>LED-display<\/strong> holder styr p\u00e5 sug og batterilevetid til brugerens bekvemmelighed<\/li>\n<\/ol>\n<p><img decoding=\"async\" class=\"alignnone size-large wp-image-3535\" src=\"https:\/\/vapestornado.com\/wp-content\/uploads\/2024\/12\/Bulk-Buy-Vapme-Spacex-22000-Puffs-Save-Big-on-Large-Quantities-1024x576.jpg\" alt=\"K\u00f8b stort ind af Vapme Spacex 22000 Puffs Spar stort p\u00e5 store m\u00e6ngder\" width=\"1024\" height=\"576\" srcset=\"https:\/\/vapestornado.com\/wp-content\/uploads\/2024\/12\/Bulk-Buy-Vapme-Spacex-22000-Puffs-Save-Big-on-Large-Quantities-1024x576.jpg 1024w, https:\/\/vapestornado.com\/wp-content\/uploads\/2024\/12\/Bulk-Buy-Vapme-Spacex-22000-Puffs-Save-Big-on-Large-Quantities-300x169.jpg 300w, https:\/\/vapestornado.com\/wp-content\/uploads\/2024\/12\/Bulk-Buy-Vapme-Spacex-22000-Puffs-Save-Big-on-Large-Quantities-768x432.jpg 768w, https:\/\/vapestornado.com\/wp-content\/uploads\/2024\/12\/Bulk-Buy-Vapme-Spacex-22000-Puffs-Save-Big-on-Large-Quantities-1536x864.jpg 1536w, https:\/\/vapestornado.com\/wp-content\/uploads\/2024\/12\/Bulk-Buy-Vapme-Spacex-22000-Puffs-Save-Big-on-Large-Quantities-2048x1152.jpg 2048w, https:\/\/vapestornado.com\/wp-content\/uploads\/2024\/12\/Bulk-Buy-Vapme-Spacex-22000-Puffs-Save-Big-on-Large-Quantities-600x338.jpg 600w\" sizes=\"(max-width: 1024px) 100vw, 1024px\" \/><\/p>\n<p><img decoding=\"async\" class=\"size-large wp-image-3541\" src=\"https:\/\/vapestornado.com\/wp-content\/uploads\/2024\/12\/Vapme-Spacex-22000-Puffs-Disposable-Vape-Review-Honest-Feedback-and-Real-Insights-1024x576.jpg\" alt=\"Anmeldelse af Vapme Spacex 22000 Puffs engangs-vape \u00c6rlig feedback og reelle indsigter\" width=\"1024\" height=\"576\" srcset=\"https:\/\/vapestornado.com\/wp-content\/uploads\/2024\/12\/Vapme-Spacex-22000-Puffs-Disposable-Vape-Review-Honest-Feedback-and-Real-Insights-1024x576.jpg 1024w, https:\/\/vapestornado.com\/wp-content\/uploads\/2024\/12\/Vapme-Spacex-22000-Puffs-Disposable-Vape-Review-Honest-Feedback-and-Real-Insights-300x169.jpg 300w, https:\/\/vapestornado.com\/wp-content\/uploads\/2024\/12\/Vapme-Spacex-22000-Puffs-Disposable-Vape-Review-Honest-Feedback-and-Real-Insights-768x432.jpg 768w, https:\/\/vapestornado.com\/wp-content\/uploads\/2024\/12\/Vapme-Spacex-22000-Puffs-Disposable-Vape-Review-Honest-Feedback-and-Real-Insights-1536x864.jpg 1536w, https:\/\/vapestornado.com\/wp-content\/uploads\/2024\/12\/Vapme-Spacex-22000-Puffs-Disposable-Vape-Review-Honest-Feedback-and-Real-Insights-2048x1152.jpg 2048w, https:\/\/vapestornado.com\/wp-content\/uploads\/2024\/12\/Vapme-Spacex-22000-Puffs-Disposable-Vape-Review-Honest-Feedback-and-Real-Insights-600x338.jpg 600w\" sizes=\"(max-width: 1024px) 100vw, 1024px\" \/><\/p>\n<p><img loading=\"lazy\" decoding=\"async\" class=\"size-large wp-image-3542\" src=\"https:\/\/vapestornado.com\/wp-content\/uploads\/2024\/12\/Vapme-Spacex-22000-Puffs-Flavor-List-Explore-16-Unique-and-Delicious-Flavors-1024x576.jpg\" alt=\"Vapme Spacex 22000 Puffs Smagsliste Udforsk 16 unikke og l\u00e6kre smage\" width=\"1024\" height=\"576\" srcset=\"https:\/\/vapestornado.com\/wp-content\/uploads\/2024\/12\/Vapme-Spacex-22000-Puffs-Flavor-List-Explore-16-Unique-and-Delicious-Flavors-1024x576.jpg 1024w, https:\/\/vapestornado.com\/wp-content\/uploads\/2024\/12\/Vapme-Spacex-22000-Puffs-Flavor-List-Explore-16-Unique-and-Delicious-Flavors-300x169.jpg 300w, https:\/\/vapestornado.com\/wp-content\/uploads\/2024\/12\/Vapme-Spacex-22000-Puffs-Flavor-List-Explore-16-Unique-and-Delicious-Flavors-768x432.jpg 768w, https:\/\/vapestornado.com\/wp-content\/uploads\/2024\/12\/Vapme-Spacex-22000-Puffs-Flavor-List-Explore-16-Unique-and-Delicious-Flavors-1536x864.jpg 1536w, https:\/\/vapestornado.com\/wp-content\/uploads\/2024\/12\/Vapme-Spacex-22000-Puffs-Flavor-List-Explore-16-Unique-and-Delicious-Flavors-2048x1152.jpg 2048w, https:\/\/vapestornado.com\/wp-content\/uploads\/2024\/12\/Vapme-Spacex-22000-Puffs-Flavor-List-Explore-16-Unique-and-Delicious-Flavors-600x338.jpg 600w\" sizes=\"(max-width: 1024px) 100vw, 1024px\" \/><\/p>\n<p><img loading=\"lazy\" decoding=\"async\" class=\"size-large wp-image-3543\" src=\"https:\/\/vapestornado.com\/wp-content\/uploads\/2024\/12\/Vapme-Spacex-22000-Puffs-Price-Comparison-Affordable-Premium-Disposable-Vape-1024x576.jpg\" alt=\"Vapme Spacex 22000 Puffs Prissammenligning Overkommelig premium engangs-vape\" width=\"1024\" height=\"576\" srcset=\"https:\/\/vapestornado.com\/wp-content\/uploads\/2024\/12\/Vapme-Spacex-22000-Puffs-Price-Comparison-Affordable-Premium-Disposable-Vape-1024x576.jpg 1024w, https:\/\/vapestornado.com\/wp-content\/uploads\/2024\/12\/Vapme-Spacex-22000-Puffs-Price-Comparison-Affordable-Premium-Disposable-Vape-300x169.jpg 300w, https:\/\/vapestornado.com\/wp-content\/uploads\/2024\/12\/Vapme-Spacex-22000-Puffs-Price-Comparison-Affordable-Premium-Disposable-Vape-768x432.jpg 768w, https:\/\/vapestornado.com\/wp-content\/uploads\/2024\/12\/Vapme-Spacex-22000-Puffs-Price-Comparison-Affordable-Premium-Disposable-Vape-1536x864.jpg 1536w, https:\/\/vapestornado.com\/wp-content\/uploads\/2024\/12\/Vapme-Spacex-22000-Puffs-Price-Comparison-Affordable-Premium-Disposable-Vape-2048x1152.jpg 2048w, https:\/\/vapestornado.com\/wp-content\/uploads\/2024\/12\/Vapme-Spacex-22000-Puffs-Price-Comparison-Affordable-Premium-Disposable-Vape-600x338.jpg 600w\" sizes=\"(max-width: 1024px) 100vw, 1024px\" \/><\/p>\n<p><img loading=\"lazy\" decoding=\"async\" class=\"size-large wp-image-3544\" src=\"https:\/\/vapestornado.com\/wp-content\/uploads\/2024\/12\/Wholesale-Vapme-Spacex-22000-Puffs-Best-Bulk-Deals-for-Retailers-1024x576.jpg\" alt=\"Engroshandel Vapme Spacex 22000 Puffs Bedste bulk-tilbud til forhandlere\" width=\"1024\" height=\"576\" srcset=\"https:\/\/vapestornado.com\/wp-content\/uploads\/2024\/12\/Wholesale-Vapme-Spacex-22000-Puffs-Best-Bulk-Deals-for-Retailers-1024x576.jpg 1024w, https:\/\/vapestornado.com\/wp-content\/uploads\/2024\/12\/Wholesale-Vapme-Spacex-22000-Puffs-Best-Bulk-Deals-for-Retailers-300x169.jpg 300w, https:\/\/vapestornado.com\/wp-content\/uploads\/2024\/12\/Wholesale-Vapme-Spacex-22000-Puffs-Best-Bulk-Deals-for-Retailers-768x432.jpg 768w, https:\/\/vapestornado.com\/wp-content\/uploads\/2024\/12\/Wholesale-Vapme-Spacex-22000-Puffs-Best-Bulk-Deals-for-Retailers-1536x864.jpg 1536w, https:\/\/vapestornado.com\/wp-content\/uploads\/2024\/12\/Wholesale-Vapme-Spacex-22000-Puffs-Best-Bulk-Deals-for-Retailers-2048x1152.jpg 2048w, https:\/\/vapestornado.com\/wp-content\/uploads\/2024\/12\/Wholesale-Vapme-Spacex-22000-Puffs-Best-Bulk-Deals-for-Retailers-600x338.jpg 600w\" sizes=\"(max-width: 1024px) 100vw, 1024px\" \/><\/p>\n<h3>Smagsliste<\/h3>\n<ol>\n<li>Jordb\u00e6r Mango<\/li>\n<li>Blandede B\u00e6r<\/li>\n<li>Vandmelon Is<\/li>\n<li>Jordb\u00e6r Vandmelon<\/li>\n<li>Jordb\u00e6r Red Bull<\/li>\n<li>Kiwi passionsfrugt guava<\/li>\n<li>Drue Is<\/li>\n<li>Dobbelt \u00c6ble Is<\/li>\n<li>Bl\u00e5b\u00e6r Hindb\u00e6r<\/li>\n<li>Vandmelon Mango Is<\/li>\n<li>Bl\u00e5b\u00e6r Is<\/li>\n<li>Fersken B\u00e6r<\/li>\n<li>Jordb\u00e6r Kiwi<\/li>\n<li>Kirseb\u00e6ris<\/li>\n<li>Jordb\u00e6r Superburst Kirseb\u00e6r<\/li>\n<li>Vandmelon Bubblegum<\/li>\n<\/ol>\n<h3>Vapme Spacex 22000 Puffs Top 10 Smagsvarianter<\/h3>\n<ol>\n<li style=\"list-style-type: none;\">\n<ol>\n<li><strong>Jordb\u00e6r Mango<\/strong>: En tropisk blanding af moden mango og friske jordb\u00e6r.<\/li>\n<li><strong>Blandede B\u00e6r<\/strong>: En saftig blanding af bl\u00e5b\u00e6r, bromb\u00e6r og hindb\u00e6r.<\/li>\n<li><strong>Vandmelon Is<\/strong>: S\u00f8d vandmelon med et forfriskende iskoldt kick.<\/li>\n<li><strong>Jordb\u00e6r Vandmelon<\/strong>: En fusion af l\u00e6kre jordb\u00e6r og k\u00f8lig vandmelon.<\/li>\n<li><strong>Jordb\u00e6r Red Bull<\/strong>: Kraftig jordb\u00e6rsmag med et energidrik-twist.<\/li>\n<li><strong>Kiwi passionsfrugt guava<\/strong>: Eksotisk kiwi, passionsfrugt og guava for en tropisk flugt.<\/li>\n<li><strong>Drue Is<\/strong>: Spr\u00f8d og saftig drue med en k\u00f8lig menthol finish.<\/li>\n<li><strong>Dobbelt \u00c6ble Is<\/strong>: S\u00f8de r\u00f8de og gr\u00f8nne \u00e6bler parret med en frostet fornemmelse.<\/li>\n<li><strong>Bl\u00e5b\u00e6r Hindb\u00e6r<\/strong>: Syrlige hindb\u00e6r og s\u00f8de bl\u00e5b\u00e6r kombineret perfekt.<\/li>\n<li><strong>Vandmelon Mango Is<\/strong>: L\u00e6kker mango og vandmelon med et frostet pr\u00e6g.<\/li>\n<\/ol>\n<\/li>\n<\/ol>\n<h3><strong>Hvorfor v\u00e6lge Vapme Spacex 22000 Puffs?<\/strong><\/h3>\n<p>Vapme Spacex 22000 Puffs engangs vape skiller sig ud for sin bekvemmelighed, p\u00e5lidelighed og exceptionelle smagslevering. Dens massive 22.000 pustkapacitet sikrer udvidet brug, hvilket sparer dig penge p\u00e5 hyppige udskiftninger. Dual Mesh Coil-teknologien forbedrer b\u00e5de damp-produktionen og smagen, hvilket g\u00f8r hvert pust tilfredsstillende. Med sit justerbare luftstr\u00f8mssystem kan du skr\u00e6ddersy din dampoplevelse til dine pr\u00e6ferencer. Enheden er genopladelig via en Type-C-port, hvilket sikrer hurtige og effektive genopladninger, mens LED-displayet holder dig informeret om batteristatus og antal pust. Det brede udvalg af smagsvarianter im\u00f8dekommer forskellige smagsl\u00f8g, hvilket g\u00f8r det til en alsidig mulighed for alle dampere.<\/p>\n<h3><strong>Ofte Stillede Sp\u00f8rgsm\u00e5l<\/strong><\/h3>\n<ol>\n<li><strong>Hvor l\u00e6nge holder Vapme Spacex 22000 Puffs?<\/strong><br \/>\nDen giver op til 22.000 pust, hvilket g\u00f8r den ideel til udvidet brug.<\/li>\n<li><strong>Er Vapme Spacex genopladelig?<\/strong><br \/>\nJa, den har et 850mAh genopladeligt batteri med Type-C-opladning.<\/li>\n<li><strong>Hvilke nikotinstyrker er tilg\u00e6ngelige?<\/strong><br \/>\nV\u00e6lg mellem 2%, eller 5% nikotin der passer til din pr\u00e6ference.<\/li>\n<li><strong>Har den justerbar luftstr\u00f8m?<\/strong><br \/>\nJa, det justerbare luftstr\u00f8mssystem giver dig mulighed for at tilpasse din inhaleringsoplevelse.<\/li>\n<li><strong>Hvordan kender jeg batteristatus?<\/strong><br \/>\nDet indbyggede LED-display viser batterilevetid og antal pust i realtid.<\/li>\n<\/ol>\n<h4>Vapme vape engros Kontakt og f\u00e5 rabat nu!<\/h4>\n<p><img loading=\"lazy\" decoding=\"async\" class=\"size-large wp-image-2921\" src=\"https:\/\/vapestornado.com\/wp-content\/uploads\/2024\/11\/20062b3a285f900e79520aad496b94d-887x1024.jpg\" alt=\"vapestornado Vicky\" width=\"887\" height=\"1024\" srcset=\"https:\/\/vapestornado.com\/wp-content\/uploads\/2024\/11\/20062b3a285f900e79520aad496b94d-887x1024.jpg 887w, https:\/\/vapestornado.com\/wp-content\/uploads\/2024\/11\/20062b3a285f900e79520aad496b94d-260x300.jpg 260w, https:\/\/vapestornado.com\/wp-content\/uploads\/2024\/11\/20062b3a285f900e79520aad496b94d-768x887.jpg 768w, https:\/\/vapestornado.com\/wp-content\/uploads\/2024\/11\/20062b3a285f900e79520aad496b94d-600x693.jpg 600w, https:\/\/vapestornado.com\/wp-content\/uploads\/2024\/11\/20062b3a285f900e79520aad496b94d.jpg 1080w\" sizes=\"(max-width: 887px) 100vw, 887px\" \/><\/p>","protected":false},"excerpt":{"rendered":"<p>Vapme Spacex 22000 Puffs Disposable Vape tilbyder uovertruffen ydeevne med 22.000 sug, Dual Mesh Coil, justerbar luftstr\u00f8m og genopladeligt Type-C-batteri.<\/p>\n<p><strong><span style=\"color: #ff0000;\">(vores hjemmesidepris inkluderer ikke forsendelsesomkostninger, kontakt mig venligst for at f\u00e5 den samlede pris og din rabat!)<\/span><\/strong><\/p>\n<p><img loading=\"lazy\" decoding=\"async\" class=\"size-medium wp-image-2921\" src=\"https:\/\/vapestornado.com\/wp-content\/uploads\/2024\/11\/20062b3a285f900e79520aad496b94d-260x300.jpg\" alt=\"vapestornado Vicky\" width=\"260\" height=\"300\" srcset=\"https:\/\/vapestornado.com\/wp-content\/uploads\/2024\/11\/20062b3a285f900e79520aad496b94d-260x300.jpg 260w, https:\/\/vapestornado.com\/wp-content\/uploads\/2024\/11\/20062b3a285f900e79520aad496b94d-887x1024.jpg 887w, https:\/\/vapestornado.com\/wp-content\/uploads\/2024\/11\/20062b3a285f900e79520aad496b94d-768x887.jpg 768w, https:\/\/vapestornado.com\/wp-content\/uploads\/2024\/11\/20062b3a285f900e79520aad496b94d-600x693.jpg 600w, https:\/\/vapestornado.com\/wp-content\/uploads\/2024\/11\/20062b3a285f900e79520aad496b94d.jpg 1080w\" sizes=\"(max-width: 260px) 100vw, 260px\" \/><\/p>","protected":false},"featured_media":3534,"comment_status":"open","ping_status":"closed","template":"","meta":{"_acf_changed":false,"_uag_custom_page_level_css":"","_lmt_disableupdate":"no","_lmt_disable":"","_monsterinsights_skip_tracking":false,"_monsterinsights_sitenote_active":false,"_monsterinsights_sitenote_note":"","_monsterinsights_sitenote_category":0,"site-sidebar-layout":"default","site-content-layout":"","ast-site-content-layout":"default","site-content-style":"default","site-sidebar-style":"default","ast-global-header-display":"","ast-banner-title-visibility":"","ast-main-header-display":"","ast-hfb-above-header-display":"","ast-hfb-below-header-display":"","ast-hfb-mobile-header-display":"","site-post-title":"","ast-breadcrumbs-content":"","ast-featured-img":"","footer-sml-layout":"","ast-disable-related-posts":"","theme-transparent-header-meta":"default","adv-header-id-meta":"","stick-header-meta":"","header-above-stick-meta":"","header-main-stick-meta":"","header-below-stick-meta":"","astra-migrate-meta-layouts":"set","ast-page-background-enabled":"default","ast-page-background-meta":{"desktop":{"background-color":"","background-image":"","background-repeat":"repeat","background-position":"center center","background-size":"auto","background-attachment":"scroll","background-type":"","background-media":"","overlay-type":"","overlay-color":"","overlay-opacity":"","overlay-gradient":""},"tablet":{"background-color":"","background-image":"","background-repeat":"repeat","background-position":"center center","background-size":"auto","background-attachment":"scroll","background-type":"","background-media":"","overlay-type":"","overlay-color":"","overlay-opacity":"","overlay-gradient":""},"mobile":{"background-color":"","background-image":"","background-repeat":"repeat","background-position":"center center","background-size":"auto","background-attachment":"scroll","background-type":"","background-media":"","overlay-type":"","overlay-color":"","overlay-opacity":"","overlay-gradient":""}},"ast-content-background-meta":{"desktop":{"background-color":"var(--ast-global-color-5)","background-image":"","background-repeat":"repeat","background-position":"center center","background-size":"auto","background-attachment":"scroll","background-type":"","background-media":"","overlay-type":"","overlay-color":"","overlay-opacity":"","overlay-gradient":""},"tablet":{"background-color":"var(--ast-global-color-5)","background-image":"","background-repeat":"repeat","background-position":"center center","background-size":"auto","background-attachment":"scroll","background-type":"","background-media":"","overlay-type":"","overlay-color":"","overlay-opacity":"","overlay-gradient":""},"mobile":{"background-color":"var(--ast-global-color-5)","background-image":"","background-repeat":"repeat","background-position":"center center","background-size":"auto","background-attachment":"scroll","background-type":"","background-media":"","overlay-type":"","overlay-color":"","overlay-opacity":"","overlay-gradient":""}},"_joinchat":{"telephone":"+8618077105750"}},"product_brand":[],"product_cat":[149,152,153,157,142,146],"product_tag":[],"class_list":{"0":"post-3533","1":"product","2":"type-product","3":"status-publish","4":"has-post-thumbnail","6":"product_cat-buy-disposable-vapes-in-austria","7":"product_cat-buy-disposable-vapes-in-cermany","8":"product_cat-buy-disposable-vapes-in-italy","9":"product_cat-buy-disposable-vapes-in-portugal","10":"product_cat-digital-box-disposable-vapes","11":"product_cat-rechargeable-disposable-vapes","12":"desktop-align-left","13":"tablet-align-left","14":"mobile-align-left","16":"first","17":"instock","18":"sale","19":"shipping-taxable","20":"purchasable","21":"product-type-simple"},"acf":[],"uagb_featured_image_src":{"full":["https:\/\/vapestornado.com\/wp-content\/uploads\/2024\/12\/Affordable-VAPME-Disposable-Vape-SPACEX-22k.jpg",900,1125,false],"thumbnail":["https:\/\/vapestornado.com\/wp-content\/uploads\/2024\/12\/Affordable-VAPME-Disposable-Vape-SPACEX-22k-150x150.jpg",150,150,true],"medium":["https:\/\/vapestornado.com\/wp-content\/uploads\/2024\/12\/Affordable-VAPME-Disposable-Vape-SPACEX-22k-240x300.jpg",240,300,true],"medium_large":["https:\/\/vapestornado.com\/wp-content\/uploads\/2024\/12\/Affordable-VAPME-Disposable-Vape-SPACEX-22k-768x960.jpg",768,960,true],"large":["https:\/\/vapestornado.com\/wp-content\/uploads\/2024\/12\/Affordable-VAPME-Disposable-Vape-SPACEX-22k-819x1024.jpg",819,1024,true],"1536x1536":["https:\/\/vapestornado.com\/wp-content\/uploads\/2024\/12\/Affordable-VAPME-Disposable-Vape-SPACEX-22k.jpg",900,1125,false],"2048x2048":["https:\/\/vapestornado.com\/wp-content\/uploads\/2024\/12\/Affordable-VAPME-Disposable-Vape-SPACEX-22k.jpg",900,1125,false],"trp-custom-language-flag":["https:\/\/vapestornado.com\/wp-content\/uploads\/2024\/12\/Affordable-VAPME-Disposable-Vape-SPACEX-22k.jpg",10,12,false],"woocommerce_thumbnail":["https:\/\/vapestornado.com\/wp-content\/uploads\/2024\/12\/Affordable-VAPME-Disposable-Vape-SPACEX-22k-300x300.jpg",300,300,true],"woocommerce_single":["https:\/\/vapestornado.com\/wp-content\/uploads\/2024\/12\/Affordable-VAPME-Disposable-Vape-SPACEX-22k-600x750.jpg",600,750,true],"woocommerce_gallery_thumbnail":["https:\/\/vapestornado.com\/wp-content\/uploads\/2024\/12\/Affordable-VAPME-Disposable-Vape-SPACEX-22k-100x100.jpg",100,100,true]},"uagb_author_info":{"display_name":"ESvicky","author_link":"https:\/\/vapestornado.com\/da\/author\/"},"uagb_comment_info":0,"uagb_excerpt":"Vapme Spacex 22000 Puffs Disposable Vape offers unmatched performance with 22,000 puffs, Dual Mesh Coil, adjustable airflow, and rechargeable Type-C battery. (our website price not include shipping cost, please contact me to get whole price and your disccount!)","_links":{"self":[{"href":"https:\/\/vapestornado.com\/da\/wp-json\/wp\/v2\/product\/3533","targetHints":{"allow":["GET"]}}],"collection":[{"href":"https:\/\/vapestornado.com\/da\/wp-json\/wp\/v2\/product"}],"about":[{"href":"https:\/\/vapestornado.com\/da\/wp-json\/wp\/v2\/types\/product"}],"replies":[{"embeddable":true,"href":"https:\/\/vapestornado.com\/da\/wp-json\/wp\/v2\/comments?post=3533"}],"wp:featuredmedia":[{"embeddable":true,"href":"https:\/\/vapestornado.com\/da\/wp-json\/wp\/v2\/media\/3534"}],"wp:attachment":[{"href":"https:\/\/vapestornado.com\/da\/wp-json\/wp\/v2\/media?parent=3533"}],"wp:term":[{"taxonomy":"product_brand","embeddable":true,"href":"https:\/\/vapestornado.com\/da\/wp-json\/wp\/v2\/product_brand?post=3533"},{"taxonomy":"product_cat","embeddable":true,"href":"https:\/\/vapestornado.com\/da\/wp-json\/wp\/v2\/product_cat?post=3533"},{"taxonomy":"product_tag","embeddable":true,"href":"https:\/\/vapestornado.com\/da\/wp-json\/wp\/v2\/product_tag?post=3533"}],"curies":[{"name":"wp","href":"https:\/\/api.w.org\/{rel}","templated":true}]}}