{"id":3515,"date":"2024-12-28T08:19:21","date_gmt":"2024-12-28T08:19:21","guid":{"rendered":"https:\/\/vapestornado.com\/?post_type=product&#038;p=3515"},"modified":"2025-08-23T12:19:13","modified_gmt":"2025-08-23T12:19:13","slug":"uwin-shisha-hookah-crystal-20000-puffs-new-vape-bulk-price","status":"publish","type":"product","link":"https:\/\/vapestornado.com\/da\/product\/uwin-shisha-hookah-crystal-20000-puffs-new-vape-bulk-price\/","title":{"rendered":"Uwin SHISHA VANDPIBE Crystal 20000 Pust Ny Vape Masse Pris"},"content":{"rendered":"<h1>Uwin SHISHA VANDPIBE Crystal 20000 Pust Ny Vape Masse Pris<\/h1>\n<p>Den <strong data-start=\"291\" data-end=\"333\">Uwin Shisha Hookah Crystal 20000 Pust<\/strong> er en f\u00f8rsteklasses engangs-vape designet til forhandlere og distribut\u00f8rer, der s\u00f8ger <strong data-start=\"415\" data-end=\"438\">bulk vape-l\u00f8sninger<\/strong> med st\u00e6rk eftersp\u00f8rgsel i hele Europa. Hver enhed leverer op til <strong data-start=\"500\" data-end=\"523\">20.000 j\u00e6vne sug<\/strong>, forudfyldt med <strong data-start=\"541\" data-end=\"561\">25 ml e-v\u00e6ske<\/strong> og drevet af en <strong data-start=\"580\" data-end=\"618\">850mAh genopladeligt cobalt batteri<\/strong> med hurtig <strong data-start=\"629\" data-end=\"648\">Type-C opladning<\/strong>.<\/p>\n<p>Tilg\u00e6ngelig i <strong data-start=\"672\" data-end=\"713\">0%, 2%, 3% og 5% nikotinstyrker<\/strong>, det giver fleksibilitet for alle typer kunder. Den <strong data-start=\"769\" data-end=\"793\">mesh coil-teknologi<\/strong> sikrer rig smag og t\u00e6tte skyer, mens <strong data-start=\"842\" data-end=\"867\">krystal shisha designet<\/strong> tilf\u00f8jer en moderne, stilfuld appel.<\/p>\n<p>Med <strong data-start=\"913\" data-end=\"940\">12 bedst s\u00e6lgende smagsvarianter<\/strong> og praktisk engros emballage (<strong data-start=\"976\" data-end=\"1019\">10 stk.\/\u00e6ske, 200 stk.\/karton, 20,3 kg\/karton<\/strong>), er Uwin Crystal 20K bygget til b\u00e5de <strong data-start=\"1061\" data-end=\"1109\">detailhylder og store distributionsordrer<\/strong>. Kompakt, men kraftfuld, den kombinerer <strong data-start=\"1145\" data-end=\"1192\">p\u00e5lidelighed, ydeevne og overkommelighed<\/strong>, hvilket g\u00f8r den til en af de mest konkurrencedygtige engros-vapes i 20k pust kategorien.<img fetchpriority=\"high\" decoding=\"async\" class=\"wp-image-3531\" style=\"font-style: inherit; font-weight: 600;\" src=\"https:\/\/vapestornado.com\/wp-content\/uploads\/2024\/12\/UWIN-VAPES-HOOKAH-Crystal-20000-Puffs-Grape-ice.jpg\" alt=\"UWIN VAPES HOOKAH Crystal 20000 Pust Grape ice\" width=\"473\" height=\"473\" srcset=\"https:\/\/vapestornado.com\/wp-content\/uploads\/2024\/12\/UWIN-VAPES-HOOKAH-Crystal-20000-Puffs-Grape-ice.jpg 800w, https:\/\/vapestornado.com\/wp-content\/uploads\/2024\/12\/UWIN-VAPES-HOOKAH-Crystal-20000-Puffs-Grape-ice-300x300.jpg 300w, https:\/\/vapestornado.com\/wp-content\/uploads\/2024\/12\/UWIN-VAPES-HOOKAH-Crystal-20000-Puffs-Grape-ice-150x150.jpg 150w, https:\/\/vapestornado.com\/wp-content\/uploads\/2024\/12\/UWIN-VAPES-HOOKAH-Crystal-20000-Puffs-Grape-ice-768x768.jpg 768w, https:\/\/vapestornado.com\/wp-content\/uploads\/2024\/12\/UWIN-VAPES-HOOKAH-Crystal-20000-Puffs-Grape-ice-600x600.jpg 600w, https:\/\/vapestornado.com\/wp-content\/uploads\/2024\/12\/UWIN-VAPES-HOOKAH-Crystal-20000-Puffs-Grape-ice-100x100.jpg 100w\" sizes=\"(max-width: 473px) 100vw, 473px\" \/><\/p>\n<div role=\"article\" data-tabster=\"{&quot;groupper&quot;:{&quot;tabbability&quot;:2},&quot;focusable&quot;:{}}\" data-content=\"ai-message\" aria-labelledby=\"64JRvXrTnY7mRmPkEQLLT-author 64JRvXrTnY7mRmPkEQLLT-content\">\n<div id=\"64JRvXrTnY7mRmPkEQLLT-content\">UWIN VAPES HOOKAH Crystal 20000 Pust Grape ice<\/div>\n<\/div>\n<p><img decoding=\"async\" class=\"alignleft wp-image-2951 size-medium\" src=\"https:\/\/vapestornado.com\/wp-content\/uploads\/2024\/12\/Wholesale-Disposable-Vape-265x300.jpg\" alt=\"Engros Engangsvape\" width=\"265\" height=\"300\" srcset=\"https:\/\/vapestornado.com\/wp-content\/uploads\/2024\/12\/Wholesale-Disposable-Vape-265x300.jpg 265w, https:\/\/vapestornado.com\/wp-content\/uploads\/2024\/12\/Wholesale-Disposable-Vape-768x871.jpg 768w, https:\/\/vapestornado.com\/wp-content\/uploads\/2024\/12\/Wholesale-Disposable-Vape-600x680.jpg 600w, https:\/\/vapestornado.com\/wp-content\/uploads\/2024\/12\/Wholesale-Disposable-Vape.jpg 823w\" sizes=\"(max-width: 265px) 100vw, 265px\" \/><\/p>\n<h6>Kontakt venligst Mandy's WhatsApp for rabatpris:<a href=\"https:\/\/wa.me\/8618077105796\" target=\"_blank\" rel=\"noopener\">+8618077105796<\/a><\/h6>\n<div class=\"flex max-w-full flex-col flex-grow\">\n<div class=\"min-h-8 text-message flex w-full flex-col items-end gap-2 whitespace-normal break-words text-start [.text-message+&amp;]:mt-5\" dir=\"auto\" data-message-author-role=\"assistant\" data-message-id=\"cdb991c0-f594-4bff-b2d5-fbbdd7ce9e54\" data-message-model-slug=\"gpt-4o-mini\">\n<div class=\"flex w-full flex-col gap-1 empty:hidden first:pt-[3px]\">\n<div class=\"markdown prose w-full break-words dark:prose-invert light\"><\/div>\n<\/div>\n<\/div>\n<\/div>\n<div class=\"mb-2 flex gap-3 empty:hidden -ml-2\">\n<h2><strong>Uwin SHISHA VAPE Crystal 20000 Pust <\/strong>Fremragende funktioner:<\/h2>\n<ul>\n<li><strong>Nikotinniveauer<\/strong>: 0%, 2%, 3%, 5%<\/li>\n<li><strong>Pust<\/strong>: Op til 20.000<\/li>\n<li><strong>E-v\u00e6ske<\/strong>: 25 ml kapacitet<\/li>\n<li><strong>Batteri<\/strong>: 850mAh genopladeligt, Type-C port<\/li>\n<li><strong>Spole<\/strong>: Mesh coil for fyldig smag<\/li>\n<li><strong>Smagsvarianter<\/strong>: 12 muligheder<\/li>\n<li><strong>Emballage<\/strong>: 10 stk.\/\u00e6ske, 200 stk.\/karton<\/li>\n<li><strong>Karton Specifikationer<\/strong>: 20,3 kg, 39,5 \u00d7 39 \u00d7 30,5 cm<\/li>\n<li><strong>Vaping Stil<\/strong>: Direkte til lunge (DTL)<\/li>\n<\/ul>\n<\/div>\n<h2><strong>Uwin SHISHA HOOKAH Crystal VAPES 20k Pust<\/strong> Smagsliste:<\/h2>\n<p>1. Bl\u00e5b\u00e6r p\u00e5 is<br \/>\n2. Kiwi passionsfrugt guava<br \/>\n3. Jordb\u00e6r kiwi<br \/>\n4. Blandede b\u00e6r<br \/>\n5. Jordb\u00e6r vandmelon<br \/>\n6. Drue is<br \/>\n7. Vandmelon is<br \/>\n8. Kirseb\u00e6r Is<br \/>\n9. Jordb\u00e6r is<br \/>\n10. Fersken Is<br \/>\n11. Bl\u00e5b\u00e6r hindb\u00e6r<br \/>\n12. Love 66<\/p>\n<div role=\"article\" data-tabster=\"{&quot;groupper&quot;:{&quot;tabbability&quot;:2},&quot;focusable&quot;:{}}\" data-content=\"ai-message\" aria-labelledby=\"dARUyEWDoEYhnSPXFwx5A-author dARUyEWDoEYhnSPXFwx5A-content\">\n<div id=\"dARUyEWDoEYhnSPXFwx5A-content\">\n<h2>Hvorfor v\u00e6lge <strong>Uwin SHISHA HOOKAH Krystal 20000 Puffs <\/strong>at <a href=\"https:\/\/vapestornado.com\/da\/product\/bang-box-35k-puffs-high-capacity-long-lasting-disposable-vape\/\">vapestornado.com?<\/a><\/h2>\n<p>Hvis du leder efter f\u00f8rsteklasses engangs-vapes til konkurrencedygtige priser, er vapestornado.com din p\u00e5lidelige kilde til <strong>Uwin Shisha Crystal 20000 Pust<\/strong>. Her er grunden til, at dette produkt og platform skiller sig ud:<\/p>\n<ul>\n<li><strong>Ekstraordin\u00e6r Lang Levetid<\/strong><br \/>\nUwin Shisha Hookah Crystal leverer op til <strong>20.000 puffs<\/strong>, hvilket g\u00f8r den til en af de mest langtidsholdbare engangs-vapes p\u00e5 markedet. Perfekt til ivrige dampere og dem, der s\u00f8ger forl\u00e6nget brug.<\/li>\n<li><strong>Diverse Nikotinmuligheder<\/strong><br \/>\nDenne vape im\u00f8dekommer alle pr\u00e6ferencer og f\u00e5s i <strong>0%, 2%, 3% og 5% nikotinstyrker<\/strong>, hvilket g\u00f8r den ideel til b\u00e5de lejlighedsvise og regelm\u00e6ssige brugere.<\/li>\n<li><strong>Smagsvariation<\/strong><br \/>\nV\u00e6lg mellem <strong>12 premium smagsvarianter<\/strong>, omhyggeligt udformet til at tilfredsstille en r\u00e6kke smag, fra frugtagtige favoritter til k\u00f8lige mentolblandinger.<\/li>\n<li><strong>Avanceret Teknologi<\/strong><br \/>\nUdstyret med en <strong>netspole<\/strong> og <strong>850mAh genopladeligt cobalt batteri<\/strong>, enheden tilbyder j\u00e6vn damp, rig smag og hurtig, bekvem opladning via en <strong>Type-C port<\/strong>.<\/li>\n<li><strong>Engros Bekvemmelighed<\/strong><br \/>\nHos vapestornado.com kan du nyde bulk-emballage muligheder med <strong>10 stykker pr. kasse<\/strong> og <strong>200 stykker pr. karton<\/strong>, perfekt til detailhandlere og distribut\u00f8rer.<\/li>\n<li><strong>P\u00e5lidelig Leverand\u00f8r<\/strong><br \/>\nvapestornado.com er kendt for sin p\u00e5lidelige service, \u00e6gte produkter og konkurrencedygtige priser, hvilket g\u00f8r det til den foretrukne platform for h\u00f8jkvalitets vapes.<\/li>\n<\/ul>\n<\/div>\n<\/div>\n<h2>Ofte Stillede Sp\u00f8rgsm\u00e5l Om <strong>Uwin SHISHA HOOKAH Krystal 20000 Puffs <\/strong>Vape Pods<\/h2>\n<p>&nbsp;<\/p>\n<p><strong>1. Hvor mange sug kan jeg f\u00e5 fra Uwin Shisha Hookah Vapes 20k sug?<\/strong><br \/>\nHver pod tilbyder op til <strong>20.000 puffs<\/strong>, hvilket g\u00f8r det til en langvarig mulighed for regelm\u00e6ssig vaping.<\/p>\n<p><strong>2. Hvilke nikotinstyrker er tilg\u00e6ngelige for Uwin Crystal 20000 Puffs?<\/strong><br \/>\nUwin Shisha Hookah Crystal kommer i <strong>0%, 2%, 3% og 5% nikotin<\/strong> muligheder for at im\u00f8dekomme forskellige pr\u00e6ferencer.<\/p>\n<p><strong>3. Hvor meget e-v\u00e6ske indeholder Uwin Crystal Vapes 20k Puffs?<\/strong><br \/>\nHver pod er forudfyldt med <strong>25 ml premium e-v\u00e6ske<\/strong> for forl\u00e6nget brug.<\/p>\n<p><strong>4. Hvor lang tid tager det at levere Uwin Shisha Hookah Crystal 20000 Puffs Vape Pods til mit land?<\/strong><br \/>\nLeveringstider varierer afh\u00e6ngigt af din placering og den valgte forsendelsesmetode. For europ\u00e6iske lande tager standardforsendelse typisk 10<strong>\u201315 hverdage.<\/strong> Hvis der er helligdage, vil leveringstiden for pakken blive forsinket.<\/p>\n<p><strong>5. Hvordan sporer jeg min ordre?<\/strong><br \/>\nN\u00e5r din ordre er afsendt, vil du modtage et sporingsnummer fra leverand\u00f8ren eller forhandleren. Brug dette til at overv\u00e5ge din leveringsstatus.<\/p>","protected":false},"excerpt":{"rendered":"<p>Uwin Shisha Hookah Crystal 20000 Puffs Vape, bulkpriser, premium smagsvarianter, genopladelig, 2%5% nikotin, milj\u00f8venlig. Perfekt til engrosk\u00f8bere i Europa.<\/p>\n<figure id=\"attachment_2951\" aria-describedby=\"caption-attachment-2951\" style=\"width: 265px\" class=\"wp-caption alignnone\"><img decoding=\"async\" class=\"size-medium wp-image-2951\" src=\"https:\/\/vapestornado.com\/wp-content\/uploads\/2024\/12\/Wholesale-Disposable-Vape-265x300.jpg\" alt=\"Engros Engangsvape\" width=\"265\" height=\"300\" srcset=\"https:\/\/vapestornado.com\/wp-content\/uploads\/2024\/12\/Wholesale-Disposable-Vape-265x300.jpg 265w, https:\/\/vapestornado.com\/wp-content\/uploads\/2024\/12\/Wholesale-Disposable-Vape-768x871.jpg 768w, https:\/\/vapestornado.com\/wp-content\/uploads\/2024\/12\/Wholesale-Disposable-Vape-600x680.jpg 600w, https:\/\/vapestornado.com\/wp-content\/uploads\/2024\/12\/Wholesale-Disposable-Vape.jpg 823w\" sizes=\"(max-width: 265px) 100vw, 265px\" \/><figcaption id=\"caption-attachment-2951\" class=\"wp-caption-text\">Venligst kontakt Mandys WhatsApp for rabatpris\u00a0 <a href=\"https:\/\/wa.me\/8618077105796\">+8618077105796<\/a><\/figcaption><\/figure>\n<p>&nbsp;<\/p>","protected":false},"featured_media":3520,"comment_status":"open","ping_status":"closed","template":"","meta":{"_acf_changed":false,"_uag_custom_page_level_css":"","_lmt_disableupdate":"no","_lmt_disable":"","_monsterinsights_skip_tracking":false,"_monsterinsights_sitenote_active":false,"_monsterinsights_sitenote_note":"","_monsterinsights_sitenote_category":0,"site-sidebar-layout":"default","site-content-layout":"","ast-site-content-layout":"default","site-content-style":"default","site-sidebar-style":"default","ast-global-header-display":"","ast-banner-title-visibility":"","ast-main-header-display":"","ast-hfb-above-header-display":"","ast-hfb-below-header-display":"","ast-hfb-mobile-header-display":"","site-post-title":"","ast-breadcrumbs-content":"","ast-featured-img":"","footer-sml-layout":"","ast-disable-related-posts":"","theme-transparent-header-meta":"default","adv-header-id-meta":"","stick-header-meta":"","header-above-stick-meta":"","header-main-stick-meta":"","header-below-stick-meta":"","astra-migrate-meta-layouts":"set","ast-page-background-enabled":"default","ast-page-background-meta":{"desktop":{"background-color":"","background-image":"","background-repeat":"repeat","background-position":"center center","background-size":"auto","background-attachment":"scroll","background-type":"","background-media":"","overlay-type":"","overlay-color":"","overlay-opacity":"","overlay-gradient":""},"tablet":{"background-color":"","background-image":"","background-repeat":"repeat","background-position":"center center","background-size":"auto","background-attachment":"scroll","background-type":"","background-media":"","overlay-type":"","overlay-color":"","overlay-opacity":"","overlay-gradient":""},"mobile":{"background-color":"","background-image":"","background-repeat":"repeat","background-position":"center center","background-size":"auto","background-attachment":"scroll","background-type":"","background-media":"","overlay-type":"","overlay-color":"","overlay-opacity":"","overlay-gradient":""}},"ast-content-background-meta":{"desktop":{"background-color":"var(--ast-global-color-5)","background-image":"","background-repeat":"repeat","background-position":"center center","background-size":"auto","background-attachment":"scroll","background-type":"","background-media":"","overlay-type":"","overlay-color":"","overlay-opacity":"","overlay-gradient":""},"tablet":{"background-color":"var(--ast-global-color-5)","background-image":"","background-repeat":"repeat","background-position":"center center","background-size":"auto","background-attachment":"scroll","background-type":"","background-media":"","overlay-type":"","overlay-color":"","overlay-opacity":"","overlay-gradient":""},"mobile":{"background-color":"var(--ast-global-color-5)","background-image":"","background-repeat":"repeat","background-position":"center center","background-size":"auto","background-attachment":"scroll","background-type":"","background-media":"","overlay-type":"","overlay-color":"","overlay-opacity":"","overlay-gradient":""}},"_joinchat":{"telephone":"+8618077105796"}},"product_brand":[],"product_cat":[69,150,151,153,157,141],"product_tag":[97,217],"class_list":{"0":"post-3515","1":"product","2":"type-product","3":"status-publish","4":"has-post-thumbnail","6":"product_cat-20000-puff","7":"product_cat-buy-disposable-vapes-in-belgium","8":"product_cat-buy-disposable-vapes-in-france","9":"product_cat-buy-disposable-vapes-in-italy","10":"product_cat-buy-disposable-vapes-in-portugal","11":"product_cat-crystal-disposable-vapes","12":"product_tag-hot-sale-disposable-vape","13":"product_tag-uwin-shisha-hookah-crystal-20000-puffs","14":"desktop-align-left","15":"tablet-align-left","16":"mobile-align-left","18":"first","19":"instock","20":"sale","21":"shipping-taxable","22":"purchasable","23":"product-type-simple"},"acf":[],"uagb_featured_image_src":{"full":["https:\/\/vapestornado.com\/wp-content\/uploads\/2024\/12\/Good-Sale-UWIN-HOOKAH-Crystal-20000-Puffs-Watermelon-ice.jpg",800,800,false],"thumbnail":["https:\/\/vapestornado.com\/wp-content\/uploads\/2024\/12\/Good-Sale-UWIN-HOOKAH-Crystal-20000-Puffs-Watermelon-ice-150x150.jpg",150,150,true],"medium":["https:\/\/vapestornado.com\/wp-content\/uploads\/2024\/12\/Good-Sale-UWIN-HOOKAH-Crystal-20000-Puffs-Watermelon-ice-300x300.jpg",300,300,true],"medium_large":["https:\/\/vapestornado.com\/wp-content\/uploads\/2024\/12\/Good-Sale-UWIN-HOOKAH-Crystal-20000-Puffs-Watermelon-ice-768x768.jpg",768,768,true],"large":["https:\/\/vapestornado.com\/wp-content\/uploads\/2024\/12\/Good-Sale-UWIN-HOOKAH-Crystal-20000-Puffs-Watermelon-ice.jpg",800,800,false],"1536x1536":["https:\/\/vapestornado.com\/wp-content\/uploads\/2024\/12\/Good-Sale-UWIN-HOOKAH-Crystal-20000-Puffs-Watermelon-ice.jpg",800,800,false],"2048x2048":["https:\/\/vapestornado.com\/wp-content\/uploads\/2024\/12\/Good-Sale-UWIN-HOOKAH-Crystal-20000-Puffs-Watermelon-ice.jpg",800,800,false],"trp-custom-language-flag":["https:\/\/vapestornado.com\/wp-content\/uploads\/2024\/12\/Good-Sale-UWIN-HOOKAH-Crystal-20000-Puffs-Watermelon-ice.jpg",12,12,false],"woocommerce_thumbnail":["https:\/\/vapestornado.com\/wp-content\/uploads\/2024\/12\/Good-Sale-UWIN-HOOKAH-Crystal-20000-Puffs-Watermelon-ice-300x300.jpg",300,300,true],"woocommerce_single":["https:\/\/vapestornado.com\/wp-content\/uploads\/2024\/12\/Good-Sale-UWIN-HOOKAH-Crystal-20000-Puffs-Watermelon-ice-600x600.jpg",600,600,true],"woocommerce_gallery_thumbnail":["https:\/\/vapestornado.com\/wp-content\/uploads\/2024\/12\/Good-Sale-UWIN-HOOKAH-Crystal-20000-Puffs-Watermelon-ice-100x100.jpg",100,100,true]},"uagb_author_info":{"display_name":"ESMANDY","author_link":"https:\/\/vapestornado.com\/da\/author\/"},"uagb_comment_info":0,"uagb_excerpt":"Uwin Shisha Hookah Crystal 20000 Puffs Vape, bulk prices, premium flavors, rechargeable, 2%5% nicotine, eco-friendly. Perfect for wholesale buyers in Europe. [caption id=\"attachment_2951\" align=\"alignnone\" width=\"265\"] Pls Contact Mandy's WhatsApp For Discount Price\u00a0 +8618077105796[\/caption] &nbsp;","_links":{"self":[{"href":"https:\/\/vapestornado.com\/da\/wp-json\/wp\/v2\/product\/3515","targetHints":{"allow":["GET"]}}],"collection":[{"href":"https:\/\/vapestornado.com\/da\/wp-json\/wp\/v2\/product"}],"about":[{"href":"https:\/\/vapestornado.com\/da\/wp-json\/wp\/v2\/types\/product"}],"replies":[{"embeddable":true,"href":"https:\/\/vapestornado.com\/da\/wp-json\/wp\/v2\/comments?post=3515"}],"wp:featuredmedia":[{"embeddable":true,"href":"https:\/\/vapestornado.com\/da\/wp-json\/wp\/v2\/media\/3520"}],"wp:attachment":[{"href":"https:\/\/vapestornado.com\/da\/wp-json\/wp\/v2\/media?parent=3515"}],"wp:term":[{"taxonomy":"product_brand","embeddable":true,"href":"https:\/\/vapestornado.com\/da\/wp-json\/wp\/v2\/product_brand?post=3515"},{"taxonomy":"product_cat","embeddable":true,"href":"https:\/\/vapestornado.com\/da\/wp-json\/wp\/v2\/product_cat?post=3515"},{"taxonomy":"product_tag","embeddable":true,"href":"https:\/\/vapestornado.com\/da\/wp-json\/wp\/v2\/product_tag?post=3515"}],"curies":[{"name":"wp","href":"https:\/\/api.w.org\/{rel}","templated":true}]}}