{"id":3418,"date":"2024-12-27T07:53:46","date_gmt":"2024-12-27T07:53:46","guid":{"rendered":"https:\/\/vapestornado.com\/?post_type=product&#038;p=3418"},"modified":"2025-08-23T12:06:26","modified_gmt":"2025-08-23T12:06:26","slug":"refillable-disposable-vape-bang-40000-puffs-with-smart-screen-display-wholesale","status":"publish","type":"product","link":"https:\/\/vapestornado.com\/da\/product\/refillable-disposable-vape-bang-40000-puffs-with-smart-screen-display-wholesale\/","title":{"rendered":"Genopfyldelig Engangs Vape Bang 40000 Pust med Smart Sk\u00e6rm Engros"},"content":{"rendered":"<h1 class=\"product-title\">Genopfyldelig Engangs Vape Bang 40000 Pust med Smart Sk\u00e6rm Engros<\/h1>\n<p>Den <strong data-start=\"325\" data-end=\"372\">Bang 40000 Pust Genopfyldelig Engangs Vape<\/strong> er et gennembrud p\u00e5 engrosmarkedet, der kombinerer <strong data-start=\"426\" data-end=\"454\">langvarig ydeevne<\/strong> med fleksibiliteten af en <strong data-start=\"482\" data-end=\"504\">\u00e5ben genopfyldningssystem<\/strong>. Der tilbyder op til <strong data-start=\"521\" data-end=\"548\">40.000 puffs pr. enhed<\/strong>, hvilket reducerer udskiftningsomkostningerne, samtidig med at kunderne f\u00e5r langvarig tilfredshed. <span id=\"3\" class=\"notranslate immersive-translate-target-wrapper\" lang=\"zh-CN\" translate=\"no\" data-immersive-translate-loading-id=\"\">\u00a0 <\/span><\/p>\n<p>Dens <strong data-start=\"646\" data-end=\"670\">digital smart sk\u00e6rm<\/strong> holder brugerne opdateret om puff-t\u00e6lling, batteristatus og e-v\u00e6skestande, mens <strong data-start=\"753\" data-end=\"771\">dobbelt mesh coil<\/strong> garanterer rig, smagfuld damp med hver tr\u00e6k. Med <strong data-start=\"827\" data-end=\"849\">justerbart luftflow<\/strong> og <strong data-start=\"854\" data-end=\"885\">two power modes (12W<\/strong>, kan dampere tilpasse deres oplevelse fra bl\u00f8de daglige hits til kraftige skyer. <span id=\"4\" class=\"notranslate immersive-translate-target-wrapper\" lang=\"zh-CN\" translate=\"no\" data-immersive-translate-loading-id=\"\">\u00a0 <\/span><\/p>\n<p>Drevet af en <strong data-start=\"990\" data-end=\"1040\">genopladeligt batteri med Type-C hurtigopladning<\/strong>, er Bang 40K ikke kun milj\u00f8venlig, men ogs\u00e5 omkostningseffektiv. Perfekt til <strong data-start=\"1117\" data-end=\"1132\">bulkbestillinger<\/strong>, denne genopladelige engangs vape er en smart investering for forhandlere og distribut\u00f8rer i Danmark.<span id=\"5\" class=\"notranslate immersive-translate-target-wrapper\" lang=\"zh-CN\" translate=\"no\" data-immersive-translate-loading-id=\"\">\u00a0 <\/span><\/p>\n<p><span style=\"color: #ff0000;\"><strong>Tilf\u00f8j Amys Whatsapp for at f\u00e5 hurtigt svar og vape-kupon!<\/strong><\/span><\/p>\n<p><img fetchpriority=\"high\" decoding=\"async\" class=\"size-full wp-image-2932\" src=\"https:\/\/vapestornado.com\/wp-content\/uploads\/2024\/12\/Vape-Wholesale.jpg\" alt=\"Vape Engros\" width=\"229\" height=\"300\" \/><\/p>\n<h3><a href=\"https:\/\/wa.me\/8617776015835\" target=\"_blank\" rel=\"noopener\"><span style=\"color: #ff0000;\"><strong>WhatsApp: +86 17776015835<\/strong><\/span><\/a><\/h3>\n<p>&nbsp;<\/p>\n<h2 class=\"product-title\">Engangs Vape Bang 40000<strong>\u00a0Produktegenskaber<\/strong><\/h2>\n<div role=\"article\" data-tabster=\"{&quot;groupper&quot;:{&quot;tabbability&quot;:2},&quot;focusable&quot;:{}}\" data-content=\"ai-message\" aria-labelledby=\"juhNTJ6o7Gk1cgwZMJgv2-author juhNTJ6o7Gk1cgwZMJgv2-content\">\n<div id=\"juhNTJ6o7Gk1cgwZMJgv2-content\">\n<div role=\"article\" data-tabster=\"{&quot;groupper&quot;:{&quot;tabbability&quot;:2},&quot;focusable&quot;:{}}\" data-content=\"ai-message\" aria-labelledby=\"x4EZuCZWrTbh3weWUt7CU-author x4EZuCZWrTbh3weWUt7CU-content\">\n<div id=\"x4EZuCZWrTbh3weWUt7CU-content\">\n<div class=\"flex max-w-full flex-col flex-grow\">\n<div class=\"min-h-8 text-message flex w-full flex-col items-end gap-2 whitespace-normal break-words text-start [.text-message+&amp;]:mt-5\" dir=\"auto\" data-message-author-role=\"assistant\" data-message-id=\"52c6e00a-252f-4104-805d-2f1a84739c71\" data-message-model-slug=\"gpt-4o\">\n<div class=\"flex w-full flex-col gap-1 empty:hidden first:pt-[3px]\">\n<div class=\"markdown prose w-full break-words dark:prose-invert light\">\n<div class=\"flex max-w-full flex-col flex-grow\">\n<div class=\"min-h-8 text-message flex w-full flex-col items-end gap-2 whitespace-normal break-words text-start [.text-message+&amp;]:mt-5\" dir=\"auto\" data-message-author-role=\"assistant\" data-message-id=\"d3382d71-de90-4719-8ad8-700b383ac952\" data-message-model-slug=\"gpt-4o\">\n<div class=\"flex w-full flex-col gap-1 empty:hidden first:pt-[3px]\">\n<div class=\"markdown prose w-full break-words dark:prose-invert light\">\n<ul>\n<li><strong>Pust<\/strong>: 40,000<\/li>\n<li><strong>E-v\u00e6ske kapacitet<\/strong>: 10 ml<\/li>\n<li><strong>Smart Sk\u00e6rm<\/strong>: Viser antal sug, batteri og e-v\u00e6skeniveau.<\/li>\n<li><strong>Dobbelt Mesh Coil<\/strong>: Rig smag og j\u00e6vn dampudvikling.<\/li>\n<li><strong>Batteri<\/strong>: 650mAh, genopladelig med Type-C-port.<\/li>\n<li><strong>Sikkerhedsfunktioner<\/strong>: B\u00f8rnel\u00e5s for \u00f8get sikkerhed.<\/li>\n<\/ul>\n<p>&nbsp;<\/p>\n<\/div>\n<\/div>\n<\/div>\n<\/div>\n<div class=\"mb-2 flex gap-3 empty:hidden -ml-2\">\n<div class=\"items-center justify-start rounded-xl p-1 flex\"><\/div>\n<\/div>\n<\/div>\n<\/div>\n<\/div>\n<\/div>\n<\/div>\n<\/div>\n<\/div>\n<\/div>\n<h2 class=\"product-title\"><strong>Popul\u00e6r smag til Bang\u00a0<\/strong><strong>Vape\u00a0<\/strong><strong>40000<\/strong><\/h2>\n<p>Nyd et varieret udvalg af <strong>11 l\u00e6kre smagsvarianter<\/strong>, fra frugtagtige til iskolde blandinger, der sikrer, at enhver damper finder sit perfekte match. Find de popul\u00e6re smagsvarianter til Bang King 25000 Pust Genopladelig Engangs Vape i henhold til vores salgsdata og kundefeedback.<\/p>\n<p>1.Vandmelon Is<\/p>\n<p>2. Jordb\u00e6r Mango<span style=\"color: #ff0000;\"><strong>&gt;&gt;&gt;&gt; Hot!<\/strong><\/span><\/p>\n<p>3.Jordb\u00e6r vandmelon<\/p>\n<p>4. Drue Is<\/p>\n<p>5. Fersken Mango Vandmelon<span style=\"color: #ff0000;\"><strong>&gt;&gt;&gt;&gt; Hot!<\/strong><\/span><\/p>\n<p>6.Bl\u00e5b\u00e6r hindb\u00e6r <span style=\"color: #ff0000;\"><strong>&gt;&gt;&gt;&gt; Bedst !<\/strong><\/span><\/p>\n<p>7. Bl\u00e5b\u00e6r Is<\/p>\n<p>8. Jordb\u00e6r Banan<\/p>\n<p>9. Bl\u00e5b\u00e6r Vandmelon<\/p>\n<p>10. Red Bull<\/p>\n<p>11. Jordb\u00e6r Kiwi<\/p>\n<div class=\"flex-shrink-0 flex flex-col relative items-end\">\n<div class=\"pt-0\">\n<div class=\"gizmo-bot-avatar flex h-8 w-8 items-center justify-center overflow-hidden rounded-full\">\n<div class=\"relative p-1 rounded-sm flex items-center justify-center bg-token-main-surface-primary text-token-text-primary h-8 w-8\">\n<figure id=\"attachment_3551\" aria-describedby=\"caption-attachment-3551\" style=\"width: 1024px\" class=\"wp-caption alignnone\"><img decoding=\"async\" class=\"wp-image-3551 size-large\" src=\"https:\/\/vapestornado.com\/wp-content\/uploads\/2024\/12\/Bang-Vape-40000-Puffs-Disposable-Vape-1024x576.webp\" alt=\"Bang Vape 40000 Puffs Engangs Vape\" width=\"1024\" height=\"576\" srcset=\"https:\/\/vapestornado.com\/wp-content\/uploads\/2024\/12\/Bang-Vape-40000-Puffs-Disposable-Vape-1024x576.webp 1024w, https:\/\/vapestornado.com\/wp-content\/uploads\/2024\/12\/Bang-Vape-40000-Puffs-Disposable-Vape-300x169.webp 300w, https:\/\/vapestornado.com\/wp-content\/uploads\/2024\/12\/Bang-Vape-40000-Puffs-Disposable-Vape-768x432.webp 768w, https:\/\/vapestornado.com\/wp-content\/uploads\/2024\/12\/Bang-Vape-40000-Puffs-Disposable-Vape-1536x864.webp 1536w, https:\/\/vapestornado.com\/wp-content\/uploads\/2024\/12\/Bang-Vape-40000-Puffs-Disposable-Vape-2048x1152.webp 2048w, https:\/\/vapestornado.com\/wp-content\/uploads\/2024\/12\/Bang-Vape-40000-Puffs-Disposable-Vape-600x338.webp 600w\" sizes=\"(max-width: 1024px) 100vw, 1024px\" \/><figcaption id=\"caption-attachment-3551\" class=\"wp-caption-text\">Bang Vape 40000 Puffs Engangs Vape<\/figcaption><\/figure>\n<h3>Ofte stillede sp\u00f8rgsm\u00e5l om Bang 40k Engangs Vapes<\/h3>\n<h4><\/h4>\n<ol>\n<li><strong>Hvordan genopfylder jeg Bang 40000 vapen?<\/strong><br \/>\n\u00c5bn genopfyldningsporten, fyld den med din foretrukne e-v\u00e6ske, og luk den sikkert.<\/li>\n<li><strong>Hvad g\u00f8r Bang 40000 milj\u00f8venlig?<\/strong><br \/>\nDens genopfyldelige design reducerer spild, hvilket g\u00f8r den mere b\u00e6redygtig end traditionelle engangs vapes.<\/li>\n<li><strong>Underst\u00f8tter Bang 40000 justerbar effekt?<\/strong><br \/>\nJa! Skift mellem <strong>12W til almindelig brug<\/strong> og <strong>24W til mere intens vaping<\/strong>.<\/li>\n<li><strong>Kan jeg bruge nikotinfri e-v\u00e6sker med denne enhed?<\/strong><br \/>\nAbsolut! Det \u00e5bne, genopfyldelige design underst\u00f8tter e-v\u00e6sker med <strong>0%, 2%, 3% eller 5% nikotin<\/strong>.<\/li>\n<li><strong>Hvor kan jeg k\u00f8be Bang 40000 til en engrospris?<\/strong><br \/>\nBes\u00f8g <strong>vapestornado online vape butik<\/strong> for de bedste tilbud p\u00e5 <strong>Bang 40000 Genopfyldelig Engangs Vape<\/strong>.<\/li>\n<\/ol>\n<div class=\"flex max-w-full flex-col flex-grow\">\n<div class=\"min-h-8 text-message flex w-full flex-col items-end gap-2 whitespace-normal break-words text-start [.text-message+&amp;]:mt-5\" dir=\"auto\" data-message-author-role=\"assistant\" data-message-id=\"4dc48248-df95-45bd-b800-6dedb43cf7f1\" data-message-model-slug=\"gpt-4o\">\n<div class=\"flex w-full flex-col gap-1 empty:hidden first:pt-[3px]\">\n<div class=\"markdown prose w-full break-words dark:prose-invert light\">\n<p>&nbsp;<\/p>\n<\/div>\n<\/div>\n<\/div>\n<\/div>\n<\/div>\n<\/div>\n<\/div>\n<\/div>\n<div class=\"flex-shrink-0 flex flex-col relative items-end\">\n<div class=\"pt-0\">\n<div class=\"gizmo-bot-avatar flex h-8 w-8 items-center justify-center overflow-hidden rounded-full\">\n<div class=\"relative p-1 rounded-sm flex items-center justify-center bg-token-main-surface-primary text-token-text-primary h-8 w-8\">\n<div class=\"mb-2 flex gap-3 empty:hidden -ml-2\">\n<div role=\"article\" data-tabster=\"{&quot;groupper&quot;:{&quot;tabbability&quot;:2},&quot;focusable&quot;:{}}\" data-content=\"ai-message\" aria-labelledby=\"Vdt5ez4X7Tg813x6rFVha-author Vdt5ez4X7Tg813x6rFVha-content\">\n<div id=\"Vdt5ez4X7Tg813x6rFVha-content\">\n<div role=\"article\" data-tabster=\"{&quot;groupper&quot;:{&quot;tabbability&quot;:2},&quot;focusable&quot;:{}}\" data-content=\"ai-message\" aria-labelledby=\"o968oC7CEo2fGHsGdsRYC-author o968oC7CEo2fGHsGdsRYC-content\">\n<div id=\"o968oC7CEo2fGHsGdsRYC-content\">\n<h3>Hvorfor v\u00e6lge vapestornado til Bang 40000 Engangs Vape Engros?<\/h3>\n<div class=\"flex-shrink-0 flex flex-col relative items-end\">\n<div class=\"pt-0\">\n<div class=\"gizmo-bot-avatar flex h-8 w-8 items-center justify-center overflow-hidden rounded-full\">\n<div class=\"relative p-1 rounded-sm flex items-center justify-center bg-token-main-surface-primary text-token-text-primary h-8 w-8\">\n<p>Velkommen til vapestornado, din betroede online vape-butik for f\u00f8rsteklasses engangsvapes. Med mere end 5 \u00e5rs ekspertise tilbyder vi dig popul\u00e6re engangsvape-m\u00e6rker som Fumot RandM Vape, <a href=\"https:\/\/vapestornado.com\/da\/product-category\/vapme-shisha\/\">Vapme<\/a>, Bang Vape, Waspe Vape og WGA Vape, osv.<\/p>\n<p>Vores sortiment omfatter popul\u00e6re vapes som <a href=\"https:\/\/vapestornado.com\/da\/product\/randm-12000-puffs-fumot-digital-disposable-vape-wholesale-price\/\">RandM Tornado 12000<\/a>, og smagsrige valg som <a href=\"https:\/\/vapestornado.com\/da\/product\/wga-crystal-pro-max-extra-15000-puffs-rechargeable-disposable-vape-wholesale-bulk-buy\/\">\u00a0WGA Crystal 15k Pust<\/a> . Hvert produkt er valgt med fokus p\u00e5 kvalitet, v\u00e6rdi og variation, hvilket sikrer, at du finder det perfekte match til dine behov. Oplev enest\u00e5ende service og et bredt udvalg af topprodukter til engrospris hos vapestornado.<\/p>\n<\/div>\n<p>&nbsp;<\/p>\n<p><strong>Andre popul\u00e6re engangs vapes<\/strong><\/p>\n<p><a href=\"https:\/\/vapestornado.com\/da\/product\/bang-box-20000-puffs-0-2-5-low-nicotine-rechargeable-digital-display-disposable-vape-pen-wholesale-bulk-buy\/\">Bang Vape 20000 Pust <span style=\"color: #ff0000;\"><strong>&gt;&gt;&gt;&gt; G\u00e5 !<\/strong><\/span><\/a><\/p>\n<p><a href=\"https:\/\/vapestornado.com\/da\/product\/vapsolo-triple-30000-puffs-3-flavors-in-1-rechargeable-disposable-vapes-pen-bulk-buy-wholesale\/\">Vapsolo Triple 30000 <span style=\"color: #ff0000;\"><strong>&gt;&gt;&gt;&gt; G\u00e5 !<\/strong><\/span><\/a><\/p>\n<p><a href=\"https:\/\/vapestornado.com\/da\/product\/bood-twins-46000-puff-double-flavour-low-nicotine-disposable-vape-wholesale-bulk-buy-price\/\">Bood Twins 46000<span style=\"color: #ff0000;\"><strong>&gt;&gt;&gt;&gt; G\u00e5 !<\/strong><\/span><\/a><\/p>\n<\/div>\n<\/div>\n<\/div>\n<p>&nbsp;<\/p>\n<\/div>\n<\/div>\n<\/div>\n<\/div>\n<\/div>\n<\/div>\n<\/div>\n<\/div>\n<\/div>","protected":false},"excerpt":{"rendered":"<p>Den <strong data-start=\"1240\" data-end=\"1268\">Bang 40K Genopladelig Vape<\/strong> tilbyder 40.000 puffs, smart sk\u00e6rm, dobbelt mesh-spiraler og genopfyldningsfleksibilitet\u2014ideel til <strong data-start=\"1354\" data-end=\"1378\">engros bulk salg<\/strong>.<br \/>\nBang Vape 40000 Puffs Genopladelig Engangs Vape Engros<\/p>\n<p><strong>Tilf\u00f8j Amys whatsapp, f\u00e5 et hurtigt svar og en vape-kupon!<\/strong><\/p>\n<p><img fetchpriority=\"high\" decoding=\"async\" class=\"size-full wp-image-2932\" src=\"https:\/\/vapestornado.com\/wp-content\/uploads\/2024\/12\/Vape-Wholesale.jpg\" alt=\"Vape Engros\" width=\"229\" height=\"300\" \/><\/p>\n<h3><a href=\"https:\/\/wa.me\/8617776015835\"><span style=\"color: #ff0000;\"><strong>WhatsApp: +86 17776015835<\/strong><\/span><\/a><\/h3>\n<p>&nbsp;<\/p>","protected":false},"featured_media":3553,"comment_status":"open","ping_status":"closed","template":"","meta":{"_acf_changed":false,"_uag_custom_page_level_css":"","_lmt_disableupdate":"no","_lmt_disable":"","_monsterinsights_skip_tracking":false,"_monsterinsights_sitenote_active":false,"_monsterinsights_sitenote_note":"","_monsterinsights_sitenote_category":0,"site-sidebar-layout":"default","site-content-layout":"","ast-site-content-layout":"default","site-content-style":"default","site-sidebar-style":"default","ast-global-header-display":"","ast-banner-title-visibility":"","ast-main-header-display":"","ast-hfb-above-header-display":"","ast-hfb-below-header-display":"","ast-hfb-mobile-header-display":"","site-post-title":"","ast-breadcrumbs-content":"","ast-featured-img":"","footer-sml-layout":"","ast-disable-related-posts":"","theme-transparent-header-meta":"default","adv-header-id-meta":"","stick-header-meta":"","header-above-stick-meta":"","header-main-stick-meta":"","header-below-stick-meta":"","astra-migrate-meta-layouts":"set","ast-page-background-enabled":"default","ast-page-background-meta":{"desktop":{"background-color":"","background-image":"","background-repeat":"repeat","background-position":"center center","background-size":"auto","background-attachment":"scroll","background-type":"","background-media":"","overlay-type":"","overlay-color":"","overlay-opacity":"","overlay-gradient":""},"tablet":{"background-color":"","background-image":"","background-repeat":"repeat","background-position":"center center","background-size":"auto","background-attachment":"scroll","background-type":"","background-media":"","overlay-type":"","overlay-color":"","overlay-opacity":"","overlay-gradient":""},"mobile":{"background-color":"","background-image":"","background-repeat":"repeat","background-position":"center center","background-size":"auto","background-attachment":"scroll","background-type":"","background-media":"","overlay-type":"","overlay-color":"","overlay-opacity":"","overlay-gradient":""}},"ast-content-background-meta":{"desktop":{"background-color":"var(--ast-global-color-5)","background-image":"","background-repeat":"repeat","background-position":"center center","background-size":"auto","background-attachment":"scroll","background-type":"","background-media":"","overlay-type":"","overlay-color":"","overlay-opacity":"","overlay-gradient":""},"tablet":{"background-color":"var(--ast-global-color-5)","background-image":"","background-repeat":"repeat","background-position":"center center","background-size":"auto","background-attachment":"scroll","background-type":"","background-media":"","overlay-type":"","overlay-color":"","overlay-opacity":"","overlay-gradient":""},"mobile":{"background-color":"var(--ast-global-color-5)","background-image":"","background-repeat":"repeat","background-position":"center center","background-size":"auto","background-attachment":"scroll","background-type":"","background-media":"","overlay-type":"","overlay-color":"","overlay-opacity":"","overlay-gradient":""}},"_joinchat":{"telephone":"+8617776015835"}},"product_brand":[],"product_cat":[140,65,150,152,158,142,146],"product_tag":[196,212,165,105,97,166,94,213],"class_list":{"0":"post-3418","1":"product","2":"type-product","3":"status-publish","4":"has-post-thumbnail","6":"product_cat-big-puffs-disposable-vapes","7":"product_cat-40000-puff","8":"product_cat-buy-disposable-vapes-in-belgium","9":"product_cat-buy-disposable-vapes-in-cermany","10":"product_cat-buy-disposable-vapes-in-spain","11":"product_cat-digital-box-disposable-vapes","12":"product_cat-rechargeable-disposable-vapes","13":"product_tag-bang-vape","14":"product_tag-bang-vape-40000","15":"product_tag-cheap-vapes","16":"product_tag-digital-disposable-vape","17":"product_tag-hot-sale-disposable-vape","18":"product_tag-low-nicotine-vape","19":"product_tag-rechargeable-disposable-vape","20":"product_tag-refillable-disposable-vape","21":"desktop-align-left","22":"tablet-align-left","23":"mobile-align-left","25":"first","26":"instock","27":"sale","28":"shipping-taxable","29":"purchasable","30":"product-type-simple"},"acf":[],"uagb_featured_image_src":{"full":["https:\/\/vapestornado.com\/wp-content\/uploads\/2024\/12\/PUFF-40K-40000-LED-Display-Disposable-Vape.webp",1000,1000,false],"thumbnail":["https:\/\/vapestornado.com\/wp-content\/uploads\/2024\/12\/PUFF-40K-40000-LED-Display-Disposable-Vape-150x150.webp",150,150,true],"medium":["https:\/\/vapestornado.com\/wp-content\/uploads\/2024\/12\/PUFF-40K-40000-LED-Display-Disposable-Vape-300x300.webp",300,300,true],"medium_large":["https:\/\/vapestornado.com\/wp-content\/uploads\/2024\/12\/PUFF-40K-40000-LED-Display-Disposable-Vape-768x768.webp",768,768,true],"large":["https:\/\/vapestornado.com\/wp-content\/uploads\/2024\/12\/PUFF-40K-40000-LED-Display-Disposable-Vape.webp",1000,1000,false],"1536x1536":["https:\/\/vapestornado.com\/wp-content\/uploads\/2024\/12\/PUFF-40K-40000-LED-Display-Disposable-Vape.webp",1000,1000,false],"2048x2048":["https:\/\/vapestornado.com\/wp-content\/uploads\/2024\/12\/PUFF-40K-40000-LED-Display-Disposable-Vape.webp",1000,1000,false],"trp-custom-language-flag":["https:\/\/vapestornado.com\/wp-content\/uploads\/2024\/12\/PUFF-40K-40000-LED-Display-Disposable-Vape.webp",12,12,false],"woocommerce_thumbnail":["https:\/\/vapestornado.com\/wp-content\/uploads\/2024\/12\/PUFF-40K-40000-LED-Display-Disposable-Vape-300x300.webp",300,300,true],"woocommerce_single":["https:\/\/vapestornado.com\/wp-content\/uploads\/2024\/12\/PUFF-40K-40000-LED-Display-Disposable-Vape-600x600.webp",600,600,true],"woocommerce_gallery_thumbnail":["https:\/\/vapestornado.com\/wp-content\/uploads\/2024\/12\/PUFF-40K-40000-LED-Display-Disposable-Vape-100x100.webp",100,100,true]},"uagb_author_info":{"display_name":"ESAMY","author_link":"https:\/\/vapestornado.com\/da\/author\/"},"uagb_comment_info":0,"uagb_excerpt":"The Bang 40K Refillable Vape offers 40,000 puffs, smart screen, dual mesh coils, and refill flexibility\u2014ideal for wholesale bulk sales. Bang Vape 40000 Puffs\u00a0Rechargeable Disposable Vape Wholesale Add Amy's whatsapp get right reply and vape coupon! WhatsApp: +86 17776015835 &nbsp;","_links":{"self":[{"href":"https:\/\/vapestornado.com\/da\/wp-json\/wp\/v2\/product\/3418","targetHints":{"allow":["GET"]}}],"collection":[{"href":"https:\/\/vapestornado.com\/da\/wp-json\/wp\/v2\/product"}],"about":[{"href":"https:\/\/vapestornado.com\/da\/wp-json\/wp\/v2\/types\/product"}],"replies":[{"embeddable":true,"href":"https:\/\/vapestornado.com\/da\/wp-json\/wp\/v2\/comments?post=3418"}],"wp:featuredmedia":[{"embeddable":true,"href":"https:\/\/vapestornado.com\/da\/wp-json\/wp\/v2\/media\/3553"}],"wp:attachment":[{"href":"https:\/\/vapestornado.com\/da\/wp-json\/wp\/v2\/media?parent=3418"}],"wp:term":[{"taxonomy":"product_brand","embeddable":true,"href":"https:\/\/vapestornado.com\/da\/wp-json\/wp\/v2\/product_brand?post=3418"},{"taxonomy":"product_cat","embeddable":true,"href":"https:\/\/vapestornado.com\/da\/wp-json\/wp\/v2\/product_cat?post=3418"},{"taxonomy":"product_tag","embeddable":true,"href":"https:\/\/vapestornado.com\/da\/wp-json\/wp\/v2\/product_tag?post=3418"}],"curies":[{"name":"wp","href":"https:\/\/api.w.org\/{rel}","templated":true}]}}