{"id":3383,"date":"2024-12-26T02:33:15","date_gmt":"2024-12-26T02:33:15","guid":{"rendered":"https:\/\/vapestornado.com\/?post_type=product&#038;p=3383"},"modified":"2025-12-09T09:06:34","modified_gmt":"2025-12-09T09:06:34","slug":"wga-crystal-pro-max-extra-15000-puffs-rechargeable-disposable-vape-wholesale-bulk-buy","status":"publish","type":"product","link":"https:\/\/vapestornado.com\/da\/product\/wga-crystal-pro-max-extra-15000-puffs-rechargeable-disposable-vape-wholesale-bulk-buy\/","title":{"rendered":"WGA Crystal Pro Max Extra 15000 Pust Genopladelig Engangs Vape Engros Bulk K\u00f8b"},"content":{"rendered":"<h1 class=\"product-title\">WGA Crystal Pro Max Extra 15000 Puffs engangs vape med sk\u00e6rm og meshcoil glathed<\/h1>\n<p>WGA Crystal Pro Max Extra 15000 Puffs er en popul\u00e6r genopladelig engangs vape, kommer med krystaldesign, 15000-puffs genopladelig engangs med meshcoil smagsstabilitet og Type-C hurtigopladning, bygget til glat daglig vaping med 2% og 5% nikotin.<\/p>\n<p data-start=\"904\" data-end=\"1140\"><strong data-start=\"904\" data-end=\"938\">Afbalanceret langvarig ydeevne.<\/strong> Den <strong data-start=\"943\" data-end=\"1013\">WGA Crystal Pro Max Extra 15000 Puffs genopladelig engangs vape<\/strong> er st\u00f8rrelse til almindelige brugere, der \u00f8nsker en enhed, der varer l\u00e6ngere end standard engangsprodukter, uden at blive klodset i lommen.<\/p>\n<p data-start=\"1144\" data-end=\"1344\"><strong data-start=\"1144\" data-end=\"1181\">Meshcoil-konsistens du kan m\u00e6rke.<\/strong> Den <strong data-start=\"1186\" data-end=\"1236\">WGA 15K meshcoil engangs<\/strong> leverer j\u00e6vn opvarmning, hvilket betyder glattere tr\u00e6k og f\u00e6rre h\u00e5rde, sene hits, efterh\u00e5nden som puff-tallet stiger.<\/p>\n<p data-start=\"1348\" data-end=\"1566\"><strong data-start=\"1348\" data-end=\"1382\">EU-venlig nikotinstyrke.<\/strong> Med en fast <strong data-start=\"1396\" data-end=\"1427\">2% og 5% nikotin engangs vape<\/strong> ops\u00e6tning, forbliver slaget let til moderat og forudsigeligt\u2014popul\u00e6rt p\u00e5 markeder som <strong data-start=\"1510\" data-end=\"1565\">Tyskland, Holland, Spanien, Frankrig og Polen<\/strong>.<\/p>\n<p data-start=\"1570\" data-end=\"1784\"><strong data-start=\"1570\" data-end=\"1616\">Hurtigopladning med daglig kompatibilitet.<\/strong> Den <strong data-start=\"1621\" data-end=\"1676\">Type-C genopladelig WGA Crystal Pro Max Extra 15000<\/strong> holder nedetid lav ved brug af moderne EU-kabler, du allerede ejer, hvilket g\u00f8r den praktisk til rejser eller lange arbejdsdage.<\/p>\n<p data-start=\"1788\" data-end=\"1988\"><strong data-start=\"1788\" data-end=\"1823\">Rent design, der s\u00e6lger sig selv.<\/strong> Kroppen i krystaldesign giver den <strong data-start=\"1857\" data-end=\"1895\">WGA Crystal 15K vape<\/strong> Et premium udseende, der fungerer godt i detaildisplays og f\u00f8les godt i h\u00e5nden til daglig b\u00e6ring.<\/p>\n<p><span style=\"color: #ff0000;\"><strong>Tilf\u00f8j Amys Whatsapp for at f\u00e5 hurtigt svar og vape-kupon!<\/strong><\/span><\/p>\n<p><img fetchpriority=\"high\" decoding=\"async\" class=\"size-full wp-image-2932\" src=\"https:\/\/vapestornado.com\/wp-content\/uploads\/2024\/12\/Vape-Wholesale.jpg\" alt=\"Vape Engros\" width=\"229\" height=\"300\" \/><\/p>\n<h3><a href=\"https:\/\/wa.me\/8617776015835\" target=\"_blank\" rel=\"noopener\"><span style=\"color: #ff0000;\"><strong>WhatsApp: +86 17776015835<\/strong><\/span><\/a><\/h3>\n<p>&nbsp;<\/p>\n<h2 class=\"product-title\">WGA Crystal 15k Engangsvape<strong> Produktegenskaber<\/strong><\/h2>\n<div role=\"article\" data-tabster=\"{&quot;groupper&quot;:{&quot;tabbability&quot;:2},&quot;focusable&quot;:{}}\" data-content=\"ai-message\" aria-labelledby=\"juhNTJ6o7Gk1cgwZMJgv2-author juhNTJ6o7Gk1cgwZMJgv2-content\">\n<div id=\"juhNTJ6o7Gk1cgwZMJgv2-content\">\n<div role=\"article\" data-tabster=\"{&quot;groupper&quot;:{&quot;tabbability&quot;:2},&quot;focusable&quot;:{}}\" data-content=\"ai-message\" aria-labelledby=\"x4EZuCZWrTbh3weWUt7CU-author x4EZuCZWrTbh3weWUt7CU-content\">\n<div id=\"x4EZuCZWrTbh3weWUt7CU-content\">\n<div class=\"flex max-w-full flex-col flex-grow\">\n<div class=\"min-h-8 text-message flex w-full flex-col items-end gap-2 whitespace-normal break-words text-start [.text-message+&amp;]:mt-5\" dir=\"auto\" data-message-author-role=\"assistant\" data-message-id=\"52c6e00a-252f-4104-805d-2f1a84739c71\" data-message-model-slug=\"gpt-4o\">\n<div class=\"flex w-full flex-col gap-1 empty:hidden first:pt-[3px]\">\n<div class=\"markdown prose w-full break-words dark:prose-invert light\"><\/div>\n<\/div>\n<\/div>\n<\/div>\n<div class=\"mb-2 flex gap-3 empty:hidden -ml-2\">\n<table>\n<thead>\n<tr>\n<th>Funktion<\/th>\n<th>Spec<\/th>\n<th>Detaljer<\/th>\n<\/tr>\n<\/thead>\n<tbody>\n<tr>\n<td>Produktnavn<\/td>\n<td>WGA Crystal Pro Max Extra 15000<\/td>\n<td>Premium genopladelig engangs vape.<\/td>\n<\/tr>\n<tr>\n<td>Pust Kapacitet<\/td>\n<td>Op til 15.000 puffs<\/td>\n<td>Udvidet levetid til regelm\u00e6ssig daglig brug.<\/td>\n<\/tr>\n<tr>\n<td>Spoletype<\/td>\n<td>Mesh coil<\/td>\n<td>J\u00e6vn opvarmning for glat damp og stabil smag.<\/td>\n<\/tr>\n<tr>\n<td>Nikotinstyrke<\/td>\n<td>2% salt nikotin<\/td>\n<td>Let til moderat hit i overensstemmelse med EU-pr\u00e6ference.<\/td>\n<\/tr>\n<tr>\n<td>Opladning<\/td>\n<td>Type-C hurtigopladning<\/td>\n<td>Hurtig genopladning med almindelige moderne kabler.<\/td>\n<\/tr>\n<tr>\n<td>Batteri<\/td>\n<td>Langtidsholdbart genopladeligt batteri<\/td>\n<td>Designet til at underst\u00f8tte fuld brug af enheden; genoplad efter behov.<\/td>\n<\/tr>\n<tr>\n<td>Kropdesign<\/td>\n<td>Krystalklar gennemsigtig skal<\/td>\n<td>Elegant, moderne udseende; nem at b\u00e6re og vise frem.<\/td>\n<\/tr>\n<tr>\n<td>M\u00e5lgruppe<\/td>\n<td>Engangs, h\u00f8jt efterspurgt EU-detail\/engros<\/td>\n<td>Enkel betjening med premium f\u00f8lelse.<\/td>\n<\/tr>\n<\/tbody>\n<\/table>\n<\/div>\n<\/div>\n<\/div>\n<\/div>\n<\/div>\n<h2><\/h2>\n<h2 class=\"product-title\"><strong>Popul\u00e6r smag for WGA Crystal 15000 Puffs engangsvapes<\/strong><\/h2>\n<p>1.Vandmelon Is<span style=\"color: #ff0000;\"> <strong>&gt;&gt;&gt;&gt; Hot!<\/strong><\/span><br \/>\n2.Bl\u00e5b\u00e6r Hindb\u00e6r <span style=\"color: #ff0000;\"><strong>&gt;&gt;&gt;&gt; Hot!<\/strong><\/span><br \/>\n3.Fizzende Kirseb\u00e6r<br \/>\n4.Gummy Bj\u00f8rn<br \/>\n5.Citron Lime<br \/>\n6.Jordb\u00e6r Is<br \/>\n7.Bl\u00e5b\u00e6r Sur Hindb\u00e6r <span style=\"color: #ff0000;\"><strong>&gt;&gt;&gt;&gt; Hot!<\/strong><\/span><br \/>\n8.Bl\u00e5 Razz Is<br \/>\n9. Hr. Bl\u00e5<br \/>\n10. Skittles<br \/>\n11.Bl\u00e5b\u00e6r Kirseb\u00e6r Traneb\u00e6r<br \/>\n12.Saftig Fersken<br \/>\n13.Jordb\u00e6r Hindb\u00e6r Kirseb\u00e6r Is <span style=\"color: #ff0000;\"><strong>&gt;&gt;&gt;&gt; Bedst!<\/strong><\/span><br \/>\n14. Hubba Bubba<br \/>\n15.Hindb\u00e6r Bl\u00e5b\u00e6r Hindb\u00e6r<br \/>\n16.Jordb\u00e6r-is<br \/>\n17.Bl\u00e5b\u00e6r-is<br \/>\n18.Prime Jordb\u00e6r Vandmelon<br \/>\n19.Jordb\u00e6r Kirseb\u00e6r Bubblegum<br \/>\n20.Hindb\u00e6r Kirseb\u00e6r Is <span style=\"color: #ff0000;\"><strong>&gt;&gt;&gt;&gt; Hot!<\/strong><\/span><br \/>\n21.Ananas-is<br \/>\n22.Sommerdr\u00f8m<br \/>\n23. Wga Pink<br \/>\n24.Frisk Mynte<br \/>\n25.Dobbelt \u00c6ble<br \/>\n26. Triple Mango<br \/>\n27. Black Dragon Ice<br \/>\n28. Cola Ice<br \/>\n29. Ananas Citron <span style=\"color: #ff0000;\"><strong>&gt;&gt;&gt;&gt; Hot!<\/strong><\/span><br \/>\n30. Mr Black<br \/>\n31. Kiwi Passionsfrugt Guava<\/p>\n<div class=\"flex-shrink-0 flex flex-col relative items-end\">\n<div class=\"pt-0\">\n<div class=\"gizmo-bot-avatar flex h-8 w-8 items-center justify-center overflow-hidden rounded-full\">\n<div class=\"relative p-1 rounded-sm flex items-center justify-center bg-token-main-surface-primary text-token-text-primary h-8 w-8\">\n<figure id=\"attachment_3375\" aria-describedby=\"caption-attachment-3375\" style=\"width: 1000px\" class=\"wp-caption alignnone\"><img decoding=\"async\" class=\"wp-image-3375 size-full\" src=\"https:\/\/vapestornado.com\/wp-content\/uploads\/2024\/12\/WGA-Crystal-15k-Disposable-Vape.jpg\" alt=\"WGA Crystal 15k Engangsvape\" width=\"1000\" height=\"1000\" srcset=\"https:\/\/vapestornado.com\/wp-content\/uploads\/2024\/12\/WGA-Crystal-15k-Disposable-Vape.jpg 1000w, https:\/\/vapestornado.com\/wp-content\/uploads\/2024\/12\/WGA-Crystal-15k-Disposable-Vape-300x300.jpg 300w, https:\/\/vapestornado.com\/wp-content\/uploads\/2024\/12\/WGA-Crystal-15k-Disposable-Vape-150x150.jpg 150w, https:\/\/vapestornado.com\/wp-content\/uploads\/2024\/12\/WGA-Crystal-15k-Disposable-Vape-768x768.jpg 768w, https:\/\/vapestornado.com\/wp-content\/uploads\/2024\/12\/WGA-Crystal-15k-Disposable-Vape-600x600.jpg 600w, https:\/\/vapestornado.com\/wp-content\/uploads\/2024\/12\/WGA-Crystal-15k-Disposable-Vape-100x100.jpg 100w\" sizes=\"(max-width: 1000px) 100vw, 1000px\" \/><figcaption id=\"caption-attachment-3375\" class=\"wp-caption-text\">WGA Crystal 15k Engangsvape<\/figcaption><\/figure>\n<h3>FAQS for WGA Crystal 15000 Engangs Vape<\/h3>\n<ol data-start=\"2830\" data-end=\"4028\">\n<li data-start=\"2830\" data-end=\"3071\">\n<p data-start=\"2833\" data-end=\"3071\"><strong data-start=\"2833\" data-end=\"2923\">Hvordan p\u00e5virker mesh-coil i WGA Crystal Pro Max Extra 15000 Puffs smagen over tid?<\/strong><br data-start=\"2923\" data-end=\"2926\" \/>Mesh-coils opvarmer j\u00e6vnt over hele vattet, s\u00e5 smagen forbliver fyldigere og glattere l\u00e6ngere ind i enhedens levetid sammenlignet med standard tr\u00e5dkoblinger.<\/p>\n<\/li>\n<li data-start=\"3073\" data-end=\"3301\">\n<p data-start=\"3076\" data-end=\"3301\"><strong data-start=\"3076\" data-end=\"3181\">Er den genopladelige engangs WGA Crystal Pro Max Extra 15K egnet til daglig pendling og rejser?<\/strong><br data-start=\"3181\" data-end=\"3184\" \/>Ja. Krystal-kroppen forbliver kompakt, og <strong data-start=\"3225\" data-end=\"3244\">Type-C opladning<\/strong> G\u00f8r det nemt at genopfylde under lange dage v\u00e6k hjemmefra.<\/p>\n<\/li>\n<li data-start=\"3303\" data-end=\"3532\">\n<p data-start=\"3306\" data-end=\"3532\"><strong data-start=\"3306\" data-end=\"3412\">Hvilken slags dampf\u00f8lelse b\u00f8r brugere forvente fra WGA Crystal Pro Max Extra 15000 engangs vape?<\/strong><br data-start=\"3412\" data-end=\"3415\" \/>Forvent en glidende, stabil tr\u00e6kning med ensartet dampdensitet\u2014mesh coil design hj\u00e6lper med at undg\u00e5 skarpe, t\u00f8rre hits sent i brug.<\/p>\n<\/li>\n<li data-start=\"3534\" data-end=\"3772\">\n<p data-start=\"3537\" data-end=\"3772\"><strong data-start=\"3537\" data-end=\"3632\">Hvorfor er nikotinen 2% et st\u00e6rkt match til WGA Crystal Pro Max Extra 15000 Puffs EU-versionen?<\/strong><br data-start=\"3632\" data-end=\"3635\" \/>2% tilbyder et kontrolleret, moderat hit, der passer til mange europ\u00e6iske brugere, der foretr\u00e6kker en lettere daglig styrke uden at g\u00e5 p\u00e5 kompromis med tilfredsstillelsen.<\/p>\n<\/li>\n<li data-start=\"3774\" data-end=\"4028\">\n<p data-start=\"3777\" data-end=\"4028\"><strong data-start=\"3777\" data-end=\"3878\">Forhindrer WGA Crystal Pro Max Extra 15000 Type-C genopladelige vape tidligt batteritab?<\/strong><br data-start=\"3878\" data-end=\"3881\" \/>Genopladelighed l\u00f8ser det problem. Hvis batteriet falder, f\u00f8r puffene er f\u00e6rdige, holder en hurtig Type-C-opladning enheden k\u00f8rende, indtil den er f\u00e6rdig.<\/p>\n<\/li>\n<\/ol>\n<\/div>\n<\/div>\n<\/div>\n<\/div>\n<div class=\"flex-shrink-0 flex flex-col relative items-end\">\n<div class=\"pt-0\">\n<div class=\"gizmo-bot-avatar flex h-8 w-8 items-center justify-center overflow-hidden rounded-full\">\n<div class=\"relative p-1 rounded-sm flex items-center justify-center bg-token-main-surface-primary text-token-text-primary h-8 w-8\">\n<div class=\"mb-2 flex gap-3 empty:hidden -ml-2\">\n<div role=\"article\" data-tabster=\"{&quot;groupper&quot;:{&quot;tabbability&quot;:2},&quot;focusable&quot;:{}}\" data-content=\"ai-message\" aria-labelledby=\"Vdt5ez4X7Tg813x6rFVha-author Vdt5ez4X7Tg813x6rFVha-content\">\n<div id=\"Vdt5ez4X7Tg813x6rFVha-content\">\n<div role=\"article\" data-tabster=\"{&quot;groupper&quot;:{&quot;tabbability&quot;:2},&quot;focusable&quot;:{}}\" data-content=\"ai-message\" aria-labelledby=\"o968oC7CEo2fGHsGdsRYC-author o968oC7CEo2fGHsGdsRYC-content\">\n<div id=\"o968oC7CEo2fGHsGdsRYC-content\">\n<p>&nbsp;<\/p>\n<h3>Hvorfor v\u00e6lge vapestornado til WGA Crystal 15000 Puffs Vape Engros?<\/h3>\n<div class=\"flex-shrink-0 flex flex-col relative items-end\">\n<div class=\"pt-0\">\n<div class=\"gizmo-bot-avatar flex h-8 w-8 items-center justify-center overflow-hidden rounded-full\">\n<div class=\"relative p-1 rounded-sm flex items-center justify-center bg-token-main-surface-primary text-token-text-primary h-8 w-8\">\n<p>Velkommen til vapestornado, din betroede online vape-butik for f\u00f8rsteklasses engangsvapes. Med mere end 5 \u00e5rs ekspertise tilbyder vi dig popul\u00e6re engangsvape-m\u00e6rker som Fumot RandM Vape, <a href=\"https:\/\/vapestornado.com\/da\/product-category\/vapme-shisha\/\">Vapme<\/a>, Bang Vape, Waspe Vape og WGA Vape, osv.<\/p>\n<p>Vores sortiment omfatter popul\u00e6re vapes som <a href=\"https:\/\/vapestornado.com\/da\/product\/fumot-randm-tornado-15000-puffs-rechargeable-disposable-vape-wholesale\/\">RandM Tornado 15000<\/a>, og smagsrige valg som <a href=\"https:\/\/vapestornado.com\/da\/product\/vapsolo-dg-18000-puffs-smart-screen-wholesale-disposable-cheap-vapes\/\">\u00a0Vapsolo DG18000 Pust<\/a> . Hvert produkt er valgt med fokus p\u00e5 kvalitet, v\u00e6rdi og variation, hvilket sikrer, at du finder det perfekte match til dine behov. Oplev enest\u00e5ende service og et bredt udvalg af topprodukter til engrospris hos vapestornado.<\/p>\n<\/div>\n<p>&nbsp;<\/p>\n<p><strong>Andre popul\u00e6re engangs vapes<\/strong><\/p>\n<p><a href=\"https:\/\/vapestornado.com\/da\/product\/bang-vape-35000-puffs-low-nicotine-bulk-buy-rechargeable-disposable-vapes-box-wholesale-price\/\">Bang Vape 35000 Pust <span style=\"color: #ff0000;\"><strong>&gt;&gt;&gt;&gt; G\u00e5 !<\/strong><\/span><\/a><\/p>\n<p><a href=\"https:\/\/vapestornado.com\/da\/product\/bang-box-30000-30k-puffs-low-nicotine-bulk-buy-rechargeable-digital-display-disposable-vapes-pen-wholesale\/\">Bang Box 30000 <span style=\"color: #ff0000;\"><strong>&gt;&gt;&gt;&gt; G\u00e5 !<\/strong><\/span><\/a><\/p>\n<p><a href=\"https:\/\/vapestornado.com\/da\/product\/bood-twins-46000-puff-double-flavour-low-nicotine-disposable-vape-wholesale-bulk-buy-price\/\">Bood Twins 46000<span style=\"color: #ff0000;\"><strong>&gt;&gt;&gt;&gt; G\u00e5 !<\/strong><\/span><\/a><\/p>\n<\/div>\n<\/div>\n<\/div>\n<p>&nbsp;<\/p>\n<\/div>\n<\/div>\n<\/div>\n<\/div>\n<\/div>\n<\/div>\n<\/div>\n<\/div>\n<\/div>","protected":false},"excerpt":{"rendered":"<p>WGA Crystal Pro Max Extra 15000 Puffs genopladelig engangs vape med krystaldesign, meshcoil-teknologi, 2% nikotinstyrke og Type-C hurtigopladning. Kompakt premiumdesign for glat smagsstabil damp og st\u00e6rk EU-detail eftersp\u00f8rgsel.<\/p>\n<p><strong>Tilf\u00f8j Amys whatsapp, f\u00e5 et hurtigt svar og en vape-kupon!<\/strong><\/p>\n<p><img fetchpriority=\"high\" decoding=\"async\" class=\"size-full wp-image-2932\" src=\"https:\/\/vapestornado.com\/wp-content\/uploads\/2024\/12\/Vape-Wholesale.jpg\" alt=\"Vape Engros\" width=\"229\" height=\"300\" \/><\/p>\n<h3><a href=\"https:\/\/wa.me\/8617776015835\"><span style=\"color: #ff0000;\"><strong>WhatsApp: +86 17776015835<\/strong><\/span><\/a><\/h3>\n<p>&nbsp;<\/p>","protected":false},"featured_media":3378,"comment_status":"open","ping_status":"closed","template":"","meta":{"_acf_changed":false,"_uag_custom_page_level_css":"","_lmt_disableupdate":"no","_lmt_disable":"","_monsterinsights_skip_tracking":false,"_monsterinsights_sitenote_active":false,"_monsterinsights_sitenote_note":"","_monsterinsights_sitenote_category":0,"site-sidebar-layout":"default","site-content-layout":"","ast-site-content-layout":"default","site-content-style":"default","site-sidebar-style":"default","ast-global-header-display":"","ast-banner-title-visibility":"","ast-main-header-display":"","ast-hfb-above-header-display":"","ast-hfb-below-header-display":"","ast-hfb-mobile-header-display":"","site-post-title":"","ast-breadcrumbs-content":"","ast-featured-img":"","footer-sml-layout":"","ast-disable-related-posts":"","theme-transparent-header-meta":"default","adv-header-id-meta":"","stick-header-meta":"","header-above-stick-meta":"","header-main-stick-meta":"","header-below-stick-meta":"","astra-migrate-meta-layouts":"set","ast-page-background-enabled":"default","ast-page-background-meta":{"desktop":{"background-color":"","background-image":"","background-repeat":"repeat","background-position":"center center","background-size":"auto","background-attachment":"scroll","background-type":"","background-media":"","overlay-type":"","overlay-color":"","overlay-opacity":"","overlay-gradient":""},"tablet":{"background-color":"","background-image":"","background-repeat":"repeat","background-position":"center center","background-size":"auto","background-attachment":"scroll","background-type":"","background-media":"","overlay-type":"","overlay-color":"","overlay-opacity":"","overlay-gradient":""},"mobile":{"background-color":"","background-image":"","background-repeat":"repeat","background-position":"center center","background-size":"auto","background-attachment":"scroll","background-type":"","background-media":"","overlay-type":"","overlay-color":"","overlay-opacity":"","overlay-gradient":""}},"ast-content-background-meta":{"desktop":{"background-color":"var(--ast-global-color-5)","background-image":"","background-repeat":"repeat","background-position":"center center","background-size":"auto","background-attachment":"scroll","background-type":"","background-media":"","overlay-type":"","overlay-color":"","overlay-opacity":"","overlay-gradient":""},"tablet":{"background-color":"var(--ast-global-color-5)","background-image":"","background-repeat":"repeat","background-position":"center center","background-size":"auto","background-attachment":"scroll","background-type":"","background-media":"","overlay-type":"","overlay-color":"","overlay-opacity":"","overlay-gradient":""},"mobile":{"background-color":"var(--ast-global-color-5)","background-image":"","background-repeat":"repeat","background-position":"center center","background-size":"auto","background-attachment":"scroll","background-type":"","background-media":"","overlay-type":"","overlay-color":"","overlay-opacity":"","overlay-gradient":""}},"_joinchat":{"telephone":"+8617776015835"}},"product_brand":[],"product_cat":[71,153,154,155,141,142,143,59],"product_tag":[165,105,97,166,94,485,202,203,204],"class_list":{"0":"post-3383","1":"product","2":"type-product","3":"status-publish","4":"has-post-thumbnail","6":"product_cat-15000-puff","7":"product_cat-buy-disposable-vapes-in-italy","8":"product_cat-buy-disposable-vapes-in-netherlands","9":"product_cat-buy-disposable-vapes-in-norway","10":"product_cat-crystal-disposable-vapes","11":"product_cat-digital-box-disposable-vapes","12":"product_cat-dual-mesh-disposable-vapes","13":"product_cat-wga-crystal-vape","14":"product_tag-cheap-vapes","15":"product_tag-digital-disposable-vape","16":"product_tag-hot-sale-disposable-vape","17":"product_tag-low-nicotine-vape","18":"product_tag-rechargeable-disposable-vape","19":"product_tag-wga-15k","20":"product_tag-wga-crystal-15000","21":"product_tag-wga-crystal-15k","22":"product_tag-wga-vape","23":"desktop-align-left","24":"tablet-align-left","25":"mobile-align-left","27":"first","28":"instock","29":"sale","30":"shipping-taxable","31":"purchasable","32":"product-type-simple"},"acf":[],"uagb_featured_image_src":{"full":["https:\/\/vapestornado.com\/wp-content\/uploads\/2024\/12\/WGA-Crystal-15000-Rechargeable-Vape.jpg",1000,1000,false],"thumbnail":["https:\/\/vapestornado.com\/wp-content\/uploads\/2024\/12\/WGA-Crystal-15000-Rechargeable-Vape-150x150.jpg",150,150,true],"medium":["https:\/\/vapestornado.com\/wp-content\/uploads\/2024\/12\/WGA-Crystal-15000-Rechargeable-Vape-300x300.jpg",300,300,true],"medium_large":["https:\/\/vapestornado.com\/wp-content\/uploads\/2024\/12\/WGA-Crystal-15000-Rechargeable-Vape-768x768.jpg",768,768,true],"large":["https:\/\/vapestornado.com\/wp-content\/uploads\/2024\/12\/WGA-Crystal-15000-Rechargeable-Vape.jpg",1000,1000,false],"1536x1536":["https:\/\/vapestornado.com\/wp-content\/uploads\/2024\/12\/WGA-Crystal-15000-Rechargeable-Vape.jpg",1000,1000,false],"2048x2048":["https:\/\/vapestornado.com\/wp-content\/uploads\/2024\/12\/WGA-Crystal-15000-Rechargeable-Vape.jpg",1000,1000,false],"trp-custom-language-flag":["https:\/\/vapestornado.com\/wp-content\/uploads\/2024\/12\/WGA-Crystal-15000-Rechargeable-Vape.jpg",12,12,false],"woocommerce_thumbnail":["https:\/\/vapestornado.com\/wp-content\/uploads\/2024\/12\/WGA-Crystal-15000-Rechargeable-Vape-300x300.jpg",300,300,true],"woocommerce_single":["https:\/\/vapestornado.com\/wp-content\/uploads\/2024\/12\/WGA-Crystal-15000-Rechargeable-Vape-600x600.jpg",600,600,true],"woocommerce_gallery_thumbnail":["https:\/\/vapestornado.com\/wp-content\/uploads\/2024\/12\/WGA-Crystal-15000-Rechargeable-Vape-100x100.jpg",100,100,true]},"uagb_author_info":{"display_name":"ESAMY","author_link":"https:\/\/vapestornado.com\/da\/author\/"},"uagb_comment_info":1,"uagb_excerpt":"WGA Crystal Pro Max Extra 15000 Puffs rechargeable disposable vape with crystal design, mesh coil technology, 2% nicotine strength, and Type-C fast charging. Compact premium design for smooth flavour-stable vapour and strong EU retail demand. Add Amy's whatsapp get right reply and vape coupon! WhatsApp: +86 17776015835 &nbsp;","_links":{"self":[{"href":"https:\/\/vapestornado.com\/da\/wp-json\/wp\/v2\/product\/3383","targetHints":{"allow":["GET"]}}],"collection":[{"href":"https:\/\/vapestornado.com\/da\/wp-json\/wp\/v2\/product"}],"about":[{"href":"https:\/\/vapestornado.com\/da\/wp-json\/wp\/v2\/types\/product"}],"replies":[{"embeddable":true,"href":"https:\/\/vapestornado.com\/da\/wp-json\/wp\/v2\/comments?post=3383"}],"wp:featuredmedia":[{"embeddable":true,"href":"https:\/\/vapestornado.com\/da\/wp-json\/wp\/v2\/media\/3378"}],"wp:attachment":[{"href":"https:\/\/vapestornado.com\/da\/wp-json\/wp\/v2\/media?parent=3383"}],"wp:term":[{"taxonomy":"product_brand","embeddable":true,"href":"https:\/\/vapestornado.com\/da\/wp-json\/wp\/v2\/product_brand?post=3383"},{"taxonomy":"product_cat","embeddable":true,"href":"https:\/\/vapestornado.com\/da\/wp-json\/wp\/v2\/product_cat?post=3383"},{"taxonomy":"product_tag","embeddable":true,"href":"https:\/\/vapestornado.com\/da\/wp-json\/wp\/v2\/product_tag?post=3383"}],"curies":[{"name":"wp","href":"https:\/\/api.w.org\/{rel}","templated":true}]}}