{"id":3366,"date":"2024-12-25T06:29:01","date_gmt":"2024-12-25T06:29:01","guid":{"rendered":"https:\/\/vapestornado.com\/?post_type=product&#038;p=3366"},"modified":"2025-08-23T12:25:43","modified_gmt":"2025-08-23T12:25:43","slug":"bang-box-30000-30k-puffs-low-nicotine-bulk-buy-rechargeable-digital-display-disposable-vapes-pen-wholesale","status":"publish","type":"product","link":"https:\/\/vapestornado.com\/da\/product\/bang-box-30000-30k-puffs-low-nicotine-bulk-buy-rechargeable-digital-display-disposable-vapes-pen-wholesale\/","title":{"rendered":"Bang Box 30000 30k sug lavt nikotin engrosk\u00f8b genopladelig digital sk\u00e6rm engangs-vape-pen engros"},"content":{"rendered":"<h1 class=\"product-title\">Bang Box 30000 30k sug lavt nikotin engrosk\u00f8b genopladelig digital sk\u00e6rm engangs-vape-pen engros<\/h1>\n<p>Den <strong>Bang Box 30000 30k sug Lav nikotin Genopladelig Digitalt display engangs vape<\/strong> er din foretrukne enhed for langvarig, smagfuld og bekvem dampning. Designet til dampere, der kr\u00e6ver kvalitet og innovation, tilbyder denne enhed en forbl\u00f8ffende <strong>30.000 sug<\/strong> drevet af et p\u00e5lideligt <strong>850mAh genopladelige batteri<\/strong>.<\/p>\n<p>Med <strong>35 ml e-v\u00e6skekapacitet<\/strong>, en <strong>dobbelt mesh coil<\/strong>, og <strong>2 dampningstilstande (Normal\/Boost)<\/strong>, leverer Bang Box konsistent, rig damp og smag. Den <strong>LED smarte sk\u00e6rm<\/strong> holder dig informeret om e-v\u00e6ske-niveauer og batteristatus, hvilket sikrer, at du altid er klar til at dampe.<\/p>\n<p>Tilg\u00e6ngelig i <strong>12 premium smagsvarianter<\/strong> og flere nikotinstyrker (0%, 2%, 3%, 5%), denne <strong>bedste engangs vape<\/strong> er perfekt til dem, der s\u00f8ger variation og overkommelighed. Den <strong>Bang Box 30000<\/strong> er et fremragende valg for <strong>engrosk\u00f8bere<\/strong>, der tilbyder enest\u00e5ende v\u00e6rdi uden at g\u00e5 p\u00e5 kompromis med ydeevnen.<\/p>\n<p>&nbsp;<\/p>\n<p><strong>Tilf\u00f8j Amys Whatsapp for at f\u00e5 hurtigt svar og vape-kupon!<\/strong><\/p>\n<p><img fetchpriority=\"high\" decoding=\"async\" class=\"size-full wp-image-2932\" src=\"https:\/\/vapestornado.com\/wp-content\/uploads\/2024\/12\/Vape-Wholesale.jpg\" alt=\"Vape Engros\" width=\"229\" height=\"300\" \/><\/p>\n<h3><a href=\"https:\/\/wa.me\/8617776015835\" target=\"_blank\" rel=\"noopener\"><span style=\"color: #ff0000;\"><strong>WhatsApp: +86 17776015835<\/strong><\/span><\/a><\/h3>\n<p>&nbsp;<\/p>\n<h2 class=\"product-title\">Bang Box 30000 engangs-vape<strong> Produktegenskaber<\/strong><\/h2>\n<div role=\"article\" data-tabster=\"{&quot;groupper&quot;:{&quot;tabbability&quot;:2},&quot;focusable&quot;:{}}\" data-content=\"ai-message\" aria-labelledby=\"juhNTJ6o7Gk1cgwZMJgv2-author juhNTJ6o7Gk1cgwZMJgv2-content\">\n<div id=\"juhNTJ6o7Gk1cgwZMJgv2-content\">\n<div role=\"article\" data-tabster=\"{&quot;groupper&quot;:{&quot;tabbability&quot;:2},&quot;focusable&quot;:{}}\" data-content=\"ai-message\" aria-labelledby=\"x4EZuCZWrTbh3weWUt7CU-author x4EZuCZWrTbh3weWUt7CU-content\">\n<div id=\"x4EZuCZWrTbh3weWUt7CU-content\">\n<div class=\"flex max-w-full flex-col flex-grow\">\n<div class=\"min-h-8 text-message flex w-full flex-col items-end gap-2 whitespace-normal break-words text-start [.text-message+&amp;]:mt-5\" dir=\"auto\" data-message-author-role=\"assistant\" data-message-id=\"52c6e00a-252f-4104-805d-2f1a84739c71\" data-message-model-slug=\"gpt-4o\">\n<div class=\"flex w-full flex-col gap-1 empty:hidden first:pt-[3px]\">\n<div class=\"markdown prose w-full break-words dark:prose-invert light\">\n<h3><\/h3>\n<ol>\n<li><strong>30.000 Puffs Kapacitet:<\/strong> Nyd uafbrudt vaping i uger eller m\u00e5neder.<\/li>\n<li><strong>Genopladeligt batteri:<\/strong> Den <strong>850mAh batteri<\/strong> med Type-C hurtigopladning sikrer langvarig brug.<\/li>\n<li><strong>LED Smart Sk\u00e6rm Display:<\/strong> Overv\u00e5g nemt dit e-juice og batteriniveau for en problemfri oplevelse.<\/li>\n<li><strong>Dual Mesh Coil Teknologi:<\/strong> Leverer j\u00e6vn damp og konsekvent smag i hver pust.<\/li>\n<li><strong>35ml E-v\u00e6skebeholder:<\/strong> Giver udvidede vaping-sessioner uden hyppige genopfyldninger.<\/li>\n<li><strong>2 Vaping-tilstande:<\/strong> Skift mellem <strong>Normal og Boost tilstande<\/strong> for tilpasset dampproduktion.<\/li>\n<li><strong>12 Smagsvarianter Tilg\u00e6ngelige:<\/strong> V\u00e6lg mellem en r\u00e6kke frugtige og forfriskende muligheder, der passer til din smag.<\/li>\n<li><strong>Lavt nikotinindhold:<\/strong> V\u00e6lg mellem 0%, 2%, 3% eller 5% nikotinstyrker, der matcher dine pr\u00e6ferencer.<\/li>\n<li><strong>Overkommelig engrospris:<\/strong> Ideel til stork\u00f8bere, der s\u00f8ger engangsvapes af h\u00f8j kvalitet.<\/li>\n<\/ol>\n<\/div>\n<\/div>\n<\/div>\n<\/div>\n<div class=\"mb-2 flex gap-3 empty:hidden -ml-2\"><\/div>\n<\/div>\n<\/div>\n<\/div>\n<\/div>\n<h2 class=\"product-title\"><strong>Popul\u00e6re smagsvarianter til Bang Box 30k Puffs Engangs Vapes<\/strong><\/h2>\n<p>1.Jordb\u00e6r kiwi<br \/>\n2.Sort eksplosion <strong><span style=\"color: #ff0000;\">&gt;&gt;&gt;&gt; Hot!<\/span><\/strong><br \/>\n3.Jordb\u00e6r vandmelon<br \/>\n4.Passionsfrugt<br \/>\n5.Bl\u00e5b\u00e6r Sur Hindb\u00e6r is <strong><span style=\"color: #ff0000;\">&gt;&gt;&gt;&gt; Bedst!<\/span><\/strong><br \/>\n6.Vandmelon is<br \/>\n7.Bl\u00e5b\u00e6r Granat\u00e6ble <strong><span style=\"color: #ff0000;\">&gt;&gt;&gt;&gt; Hot!<\/span><\/strong><br \/>\n8.\u00c6ble Fersken<br \/>\n9.Bl\u00e5b\u00e6r is<br \/>\n10.Dobbelt Grape<br \/>\n11.Bl\u00e5 Eksplosion<br \/>\n12.Jungle Juice<\/p>\n<p>&nbsp;<\/p>\n<figure id=\"attachment_3357\" aria-describedby=\"caption-attachment-3357\" style=\"width: 1241px\" class=\"wp-caption alignnone\"><img decoding=\"async\" class=\"wp-image-3357 size-full\" src=\"https:\/\/vapestornado.com\/wp-content\/uploads\/2024\/12\/Bang-Vape-Disposable-30000-Puffs-Wholesale.jpg\" alt=\"Bang Vape Engangsvape 30000 Puffs Engros\" width=\"1241\" height=\"2038\" srcset=\"https:\/\/vapestornado.com\/wp-content\/uploads\/2024\/12\/Bang-Vape-Disposable-30000-Puffs-Wholesale.jpg 1241w, https:\/\/vapestornado.com\/wp-content\/uploads\/2024\/12\/Bang-Vape-Disposable-30000-Puffs-Wholesale-183x300.jpg 183w, https:\/\/vapestornado.com\/wp-content\/uploads\/2024\/12\/Bang-Vape-Disposable-30000-Puffs-Wholesale-624x1024.jpg 624w, https:\/\/vapestornado.com\/wp-content\/uploads\/2024\/12\/Bang-Vape-Disposable-30000-Puffs-Wholesale-768x1261.jpg 768w, https:\/\/vapestornado.com\/wp-content\/uploads\/2024\/12\/Bang-Vape-Disposable-30000-Puffs-Wholesale-935x1536.jpg 935w, https:\/\/vapestornado.com\/wp-content\/uploads\/2024\/12\/Bang-Vape-Disposable-30000-Puffs-Wholesale-600x985.jpg 600w\" sizes=\"(max-width: 1241px) 100vw, 1241px\" \/><figcaption id=\"caption-attachment-3357\" class=\"wp-caption-text\">Bang Vape Engangsvape 30000 Puffs Engros<\/figcaption><\/figure>\n<div class=\"flex-shrink-0 flex flex-col relative items-end\">\n<div class=\"pt-0\">\n<div class=\"gizmo-bot-avatar flex h-8 w-8 items-center justify-center overflow-hidden rounded-full\">\n<div class=\"relative p-1 rounded-sm flex items-center justify-center bg-token-main-surface-primary text-token-text-primary h-8 w-8\">\n<h3>FAQS for Bang Box 30000 Engangsvape<\/h3>\n<h3><\/h3>\n<ol>\n<li><strong>Hvor mange sug giver Bang Box 30k?<\/strong><br \/>\nEnheden giver imponerende <strong>30.000 sug<\/strong>, hvilket g\u00f8r den til en af de mest holdbare engangsvapes p\u00e5 markedet.<\/li>\n<li><strong>Kan jeg genoplade BangBox 30000?<\/strong><br \/>\nJa, den har et <strong>850mAh genopladelige batteri<\/strong> med Type-C hurtigopladning for nemheds skyld.<\/li>\n<li><strong>Hvad er specielt ved den dobbelte mesh-coil?<\/strong><br \/>\nDen <strong>dobbelt mesh coil<\/strong> sikrer forbedret smag og j\u00e6vn damp produktion for en optimal dampoplevelse.<\/li>\n<li><strong>Hvilke nikotinstyrker er tilg\u00e6ngelige for BangBOX 30K?<\/strong><br \/>\nV\u00e6lg mellem <strong>0%, 2%, 3% eller 5% nikotinniveauer<\/strong>, der im\u00f8dekommer en r\u00e6kke pr\u00e6ferencer.<\/li>\n<li><strong>Hvor kan jeg k\u00f8be Bang Box 30000 til engrospriser?<\/strong><br \/>\nFor de bedste tilbud og konkurrencedygtige priser, bes\u00f8g <strong>vapestornado online vape butik<\/strong> for at k\u00f8be Bang Box 30000 i l\u00f8s v\u00e6gt!<\/li>\n<\/ol>\n<\/div>\n<\/div>\n<\/div>\n<\/div>\n<div class=\"flex-shrink-0 flex flex-col relative items-end\">\n<div class=\"pt-0\">\n<div class=\"gizmo-bot-avatar flex h-8 w-8 items-center justify-center overflow-hidden rounded-full\">\n<div class=\"relative p-1 rounded-sm flex items-center justify-center bg-token-main-surface-primary text-token-text-primary h-8 w-8\">\n<div class=\"mb-2 flex gap-3 empty:hidden -ml-2\">\n<div role=\"article\" data-tabster=\"{&quot;groupper&quot;:{&quot;tabbability&quot;:2},&quot;focusable&quot;:{}}\" data-content=\"ai-message\" aria-labelledby=\"Vdt5ez4X7Tg813x6rFVha-author Vdt5ez4X7Tg813x6rFVha-content\">\n<div id=\"Vdt5ez4X7Tg813x6rFVha-content\">\n<div role=\"article\" data-tabster=\"{&quot;groupper&quot;:{&quot;tabbability&quot;:2},&quot;focusable&quot;:{}}\" data-content=\"ai-message\" aria-labelledby=\"o968oC7CEo2fGHsGdsRYC-author o968oC7CEo2fGHsGdsRYC-content\">\n<div id=\"o968oC7CEo2fGHsGdsRYC-content\">\n<p>&nbsp;<\/p>\n<h3>Hvorfor v\u00e6lge vapestornado til Bang Box 20000 Puffs Vape engros?<\/h3>\n<div class=\"flex-shrink-0 flex flex-col relative items-end\">\n<div class=\"pt-0\">\n<div class=\"gizmo-bot-avatar flex h-8 w-8 items-center justify-center overflow-hidden rounded-full\">\n<div class=\"relative p-1 rounded-sm flex items-center justify-center bg-token-main-surface-primary text-token-text-primary h-8 w-8\">\n<p>Velkommen til vapestornado, din betroede online vape-butik for f\u00f8rsteklasses engangsvapes. Med mere end 5 \u00e5rs ekspertise tilbyder vi dig popul\u00e6re engangsvape-m\u00e6rker som Fumot RandM Vape, <a href=\"https:\/\/vapestornado.com\/da\/product\/vapme-crystal-7000-puffs-rechargeable-disposable-vape-wholesale-cheap-price\/\">Vapme<\/a>, Bang Vape, Waspe Vape og WGA Vape, osv.<\/p>\n<p>Vores sortiment omfatter popul\u00e6re vapes som <a href=\"https:\/\/vapestornado.com\/da\/product\/fumot-randm-tornado-15000-puffs-rechargeable-disposable-vape-wholesale\/\">RandM Tornado 15000<\/a>, og smagsrige valg som <a href=\"https:\/\/vapestornado.com\/da\/product\/vapsolo-dg-18000-puffs-smart-screen-wholesale-disposable-cheap-vapes\/\">\u00a0Vapsolo DG18000 Pust<\/a> . Hvert produkt er valgt med fokus p\u00e5 kvalitet, v\u00e6rdi og variation, hvilket sikrer, at du finder det perfekte match til dine behov. Oplev enest\u00e5ende service og et bredt udvalg af topprodukter til engrospris hos vapestornado.<\/p>\n<\/div>\n<p>&nbsp;<\/p>\n<p>Andre popul\u00e6re engangs vapes<\/p>\n<p><a href=\"https:\/\/vapestornado.com\/da\/product\/bang-box-30000-puffs-double-flavour-0-2-5-low-nicotine-bulk-buy-rechargeable-disposable-vapes-pen-wholesale\/\">Bang Box 30000 Pust Dobbelt Smag <span style=\"color: #ff0000;\"><strong>&gt;&gt;&gt;&gt; G\u00e5 !<\/strong><\/span><\/a><\/p>\n<p><a href=\"https:\/\/vapestornado.com\/da\/product\/randm-12000-puffs-fumot-digital-disposable-vape-wholesale-price\/\">RandM Digital 12000 <span style=\"color: #ff0000;\"><strong>&gt;&gt;&gt;&gt; G\u00e5 !<\/strong><\/span><\/a><\/p>\n<p><a href=\"https:\/\/vapestornado.com\/da\/product\/vapme-crystal-7000-puffs-rechargeable-disposable-vape-wholesale-cheap-price\/\">Vape Krystal 7000 <span style=\"color: #ff0000;\"><strong>&gt;&gt;&gt;&gt; G\u00e5 !<\/strong><\/span><\/a><\/p>\n<\/div>\n<\/div>\n<\/div>\n<p>&nbsp;<\/p>\n<\/div>\n<\/div>\n<\/div>\n<\/div>\n<\/div>\n<\/div>\n<\/div>\n<\/div>\n<\/div>","protected":false},"excerpt":{"rendered":"<p>Bang Box 30000 30k sug 0% 2% 5% Lav nikotin engangs vape engrospris<br \/>\nBang Box 30000 sug Genopladelig engangs vape engros<br \/>\nBillig fabrikspris Bang Box Vape 30000 sug Alle smag p\u00e5 lager<\/p>\n<p><strong>Tilf\u00f8j Amys whatsapp, f\u00e5 et hurtigt svar og en vape-kupon!<\/strong><\/p>\n<p><img fetchpriority=\"high\" decoding=\"async\" class=\"size-full wp-image-2932\" src=\"https:\/\/vapestornado.com\/wp-content\/uploads\/2024\/12\/Vape-Wholesale.jpg\" alt=\"Vape Engros\" width=\"229\" height=\"300\" \/><\/p>\n<h3><a href=\"https:\/\/wa.me\/8617776015835\"><span style=\"color: #ff0000;\"><strong>WhatsApp: +86 17776015835<\/strong><\/span><\/a><\/h3>\n<p>&nbsp;<\/p>","protected":false},"featured_media":3350,"comment_status":"open","ping_status":"closed","template":"","meta":{"_acf_changed":false,"_uag_custom_page_level_css":"","_lmt_disableupdate":"no","_lmt_disable":"","_monsterinsights_skip_tracking":false,"_monsterinsights_sitenote_active":false,"_monsterinsights_sitenote_note":"","_monsterinsights_sitenote_category":0,"site-sidebar-layout":"default","site-content-layout":"","ast-site-content-layout":"default","site-content-style":"default","site-sidebar-style":"default","ast-global-header-display":"","ast-banner-title-visibility":"","ast-main-header-display":"","ast-hfb-above-header-display":"","ast-hfb-below-header-display":"","ast-hfb-mobile-header-display":"","site-post-title":"","ast-breadcrumbs-content":"","ast-featured-img":"","footer-sml-layout":"","ast-disable-related-posts":"","theme-transparent-header-meta":"default","adv-header-id-meta":"","stick-header-meta":"","header-above-stick-meta":"","header-main-stick-meta":"","header-below-stick-meta":"","astra-migrate-meta-layouts":"set","ast-page-background-enabled":"default","ast-page-background-meta":{"desktop":{"background-color":"","background-image":"","background-repeat":"repeat","background-position":"center center","background-size":"auto","background-attachment":"scroll","background-type":"","background-media":"","overlay-type":"","overlay-color":"","overlay-opacity":"","overlay-gradient":""},"tablet":{"background-color":"","background-image":"","background-repeat":"repeat","background-position":"center center","background-size":"auto","background-attachment":"scroll","background-type":"","background-media":"","overlay-type":"","overlay-color":"","overlay-opacity":"","overlay-gradient":""},"mobile":{"background-color":"","background-image":"","background-repeat":"repeat","background-position":"center center","background-size":"auto","background-attachment":"scroll","background-type":"","background-media":"","overlay-type":"","overlay-color":"","overlay-opacity":"","overlay-gradient":""}},"ast-content-background-meta":{"desktop":{"background-color":"var(--ast-global-color-5)","background-image":"","background-repeat":"repeat","background-position":"center center","background-size":"auto","background-attachment":"scroll","background-type":"","background-media":"","overlay-type":"","overlay-color":"","overlay-opacity":"","overlay-gradient":""},"tablet":{"background-color":"var(--ast-global-color-5)","background-image":"","background-repeat":"repeat","background-position":"center center","background-size":"auto","background-attachment":"scroll","background-type":"","background-media":"","overlay-type":"","overlay-color":"","overlay-opacity":"","overlay-gradient":""},"mobile":{"background-color":"var(--ast-global-color-5)","background-image":"","background-repeat":"repeat","background-position":"center center","background-size":"auto","background-attachment":"scroll","background-type":"","background-media":"","overlay-type":"","overlay-color":"","overlay-opacity":"","overlay-gradient":""}},"_joinchat":{"telephone":"+8617776015835"}},"product_brand":[],"product_cat":[140,67,64,154,156,157,142,144,19],"product_tag":[197,196,165,105,97,166,94],"class_list":{"0":"post-3366","1":"product","2":"type-product","3":"status-publish","4":"has-post-thumbnail","6":"product_cat-big-puffs-disposable-vapes","7":"product_cat-30000-puff","8":"product_cat-bangbox-vape","9":"product_cat-buy-disposable-vapes-in-netherlands","10":"product_cat-buy-disposable-vapes-in-poland","11":"product_cat-buy-disposable-vapes-in-portugal","12":"product_cat-digital-box-disposable-vapes","13":"product_cat-low-nicotine-disposable-vapes","14":"product_cat-vapes","15":"product_tag-bang-30000","16":"product_tag-bang-vape","17":"product_tag-cheap-vapes","18":"product_tag-digital-disposable-vape","19":"product_tag-hot-sale-disposable-vape","20":"product_tag-low-nicotine-vape","21":"product_tag-rechargeable-disposable-vape","22":"desktop-align-left","23":"tablet-align-left","24":"mobile-align-left","26":"first","27":"instock","28":"sale","29":"shipping-taxable","30":"purchasable","31":"product-type-simple"},"acf":[],"uagb_featured_image_src":{"full":["https:\/\/vapestornado.com\/wp-content\/uploads\/2024\/12\/Bang-Box-30kPuff-Disposable-Vape-Wholesale.jpg",1126,1126,false],"thumbnail":["https:\/\/vapestornado.com\/wp-content\/uploads\/2024\/12\/Bang-Box-30kPuff-Disposable-Vape-Wholesale-150x150.jpg",150,150,true],"medium":["https:\/\/vapestornado.com\/wp-content\/uploads\/2024\/12\/Bang-Box-30kPuff-Disposable-Vape-Wholesale-300x300.jpg",300,300,true],"medium_large":["https:\/\/vapestornado.com\/wp-content\/uploads\/2024\/12\/Bang-Box-30kPuff-Disposable-Vape-Wholesale-768x768.jpg",768,768,true],"large":["https:\/\/vapestornado.com\/wp-content\/uploads\/2024\/12\/Bang-Box-30kPuff-Disposable-Vape-Wholesale-1024x1024.jpg",1024,1024,true],"1536x1536":["https:\/\/vapestornado.com\/wp-content\/uploads\/2024\/12\/Bang-Box-30kPuff-Disposable-Vape-Wholesale.jpg",1126,1126,false],"2048x2048":["https:\/\/vapestornado.com\/wp-content\/uploads\/2024\/12\/Bang-Box-30kPuff-Disposable-Vape-Wholesale.jpg",1126,1126,false],"trp-custom-language-flag":["https:\/\/vapestornado.com\/wp-content\/uploads\/2024\/12\/Bang-Box-30kPuff-Disposable-Vape-Wholesale.jpg",12,12,false],"woocommerce_thumbnail":["https:\/\/vapestornado.com\/wp-content\/uploads\/2024\/12\/Bang-Box-30kPuff-Disposable-Vape-Wholesale-300x300.jpg",300,300,true],"woocommerce_single":["https:\/\/vapestornado.com\/wp-content\/uploads\/2024\/12\/Bang-Box-30kPuff-Disposable-Vape-Wholesale-600x600.jpg",600,600,true],"woocommerce_gallery_thumbnail":["https:\/\/vapestornado.com\/wp-content\/uploads\/2024\/12\/Bang-Box-30kPuff-Disposable-Vape-Wholesale-100x100.jpg",100,100,true]},"uagb_author_info":{"display_name":"ESAMY","author_link":"https:\/\/vapestornado.com\/da\/author\/"},"uagb_comment_info":0,"uagb_excerpt":"Bang Box 30000 30k Puffs 0% 2% 5% Low Nicotine Disposable Vape Bulk Buy Price Bang Box 30000 Puffs Rechargeable Disposable Vape Wholesale Cheap Factory Price Bang Box Vape 30000 Puffs All Flavour in Stock Add Amy's whatsapp get right reply and vape coupon! WhatsApp: +86 17776015835 &nbsp;","_links":{"self":[{"href":"https:\/\/vapestornado.com\/da\/wp-json\/wp\/v2\/product\/3366","targetHints":{"allow":["GET"]}}],"collection":[{"href":"https:\/\/vapestornado.com\/da\/wp-json\/wp\/v2\/product"}],"about":[{"href":"https:\/\/vapestornado.com\/da\/wp-json\/wp\/v2\/types\/product"}],"replies":[{"embeddable":true,"href":"https:\/\/vapestornado.com\/da\/wp-json\/wp\/v2\/comments?post=3366"}],"wp:featuredmedia":[{"embeddable":true,"href":"https:\/\/vapestornado.com\/da\/wp-json\/wp\/v2\/media\/3350"}],"wp:attachment":[{"href":"https:\/\/vapestornado.com\/da\/wp-json\/wp\/v2\/media?parent=3366"}],"wp:term":[{"taxonomy":"product_brand","embeddable":true,"href":"https:\/\/vapestornado.com\/da\/wp-json\/wp\/v2\/product_brand?post=3366"},{"taxonomy":"product_cat","embeddable":true,"href":"https:\/\/vapestornado.com\/da\/wp-json\/wp\/v2\/product_cat?post=3366"},{"taxonomy":"product_tag","embeddable":true,"href":"https:\/\/vapestornado.com\/da\/wp-json\/wp\/v2\/product_tag?post=3366"}],"curies":[{"name":"wp","href":"https:\/\/api.w.org\/{rel}","templated":true}]}}