{"id":3365,"date":"2024-12-24T09:50:29","date_gmt":"2024-12-24T09:50:29","guid":{"rendered":"https:\/\/vapestornado.com\/?post_type=product&#038;p=3365"},"modified":"2025-12-09T08:52:33","modified_gmt":"2025-12-09T08:52:33","slug":"bang-box-30000-puffs-double-flavour-0-2-5-low-nicotine-bulk-buy-rechargeable-disposable-vapes-pen-wholesale","status":"publish","type":"product","link":"https:\/\/vapestornado.com\/da\/product\/bang-box-30000-puffs-double-flavour-0-2-5-low-nicotine-bulk-buy-rechargeable-disposable-vapes-pen-wholesale\/","title":{"rendered":"Bang Box 30000 Puffs Dobbelt Smag 0% 2% 5% Lav Nikotin Engros Genopladelig Engangs Vapes Pen K\u00f8b i l\u00f8s v\u00e6gt"},"content":{"rendered":"<h1 class=\"product-title\">Bang Box 30000 Puffs Dobbelt Smag 0% 2% 5% Lav Nikotin Engros Genopladelig Engangs Vapes Pen K\u00f8b i l\u00f8s v\u00e6gt<\/h1>\n<p>Bang Box 30000 Puffs engangs vape er en 35ml, 30.000 puff genopladelig engangs med dobbelt smag og en 0,8\u03a9 mesh coil, der giver langvarig, stabil smag og hurtig Type-C-genopladning i en let enhed.<\/p>\n<p data-start=\"907\" data-end=\"1146\"><strong data-start=\"907\" data-end=\"953\">Lang batterilevetid med \u00e6gte kapacitet bag sig.<\/strong> Den <strong data-start=\"958\" data-end=\"998\">Bang Box 30000 Puffs engangs vape<\/strong> kombinerer en <strong data-start=\"1010\" data-end=\"1029\">30K puff vurdering<\/strong> med en <strong data-start=\"1037\" data-end=\"1064\">35 ml e-v\u00e6ske reservoir<\/strong>, s\u00e5 almindelige brugere udskifter enheder langt sj\u00e6ldnere og f\u00e5r p\u00e5lidelig fler-ugers brug.<\/p>\n<p data-start=\"1150\" data-end=\"1371\"><strong data-start=\"1150\" data-end=\"1196\">Dobbelt smag holder enheden interessant.<\/strong> Denne <strong data-start=\"1201\" data-end=\"1241\">Bang Box 30K dobbelt smags vape pen<\/strong> lader dig skifte mellem to profiler n\u00e5r som helst, hvilket er vigtigt, n\u00e5r du bruger en enhed i lang tid i stedet for en weekend.<\/p>\n<p data-start=\"1375\" data-end=\"1581\"><strong data-start=\"1375\" data-end=\"1412\">Mesh coil stabilitet du kan m\u00e6rke.<\/strong> A <strong data-start=\"1415\" data-end=\"1449\">0,8\u03a9 mesh coil engangs vape<\/strong> ops\u00e6tning leverer j\u00e6vn opvarmning, t\u00e6tte skyer og f\u00e6rre h\u00e5rde sidste tanktr\u00e6k, hvilket holder smagen ensartet dybere ind i 35ml forsyningen.<\/p>\n<p data-start=\"1585\" data-end=\"1798\"><strong data-start=\"1585\" data-end=\"1636\">Type-C genopladelighed forhindrer tidlig kassation.<\/strong> Den <strong data-start=\"1641\" data-end=\"1683\">Bang Box 30000 genopladelig engangs<\/strong> bruger et <strong data-start=\"1692\" data-end=\"1734\">850mAh batteri med Type-C hurtigopladning<\/strong>, s\u00e5 n\u00e5r str\u00f8mmen falder, kan du genoplade og forts\u00e6tte \u2014 ingen spildt v\u00e6ske.<\/p>\n<p data-start=\"1802\" data-end=\"1994\"><strong data-start=\"1802\" data-end=\"1834\">B\u00e6rbar til daglig brug.<\/strong> At <strong data-start=\"1838\" data-end=\"1846\">129g<\/strong>, <strong data-start=\"1852\" data-end=\"1892\">Bang Box 30K lav nikotin engangs<\/strong> forbliver behagelig i h\u00e5nden eller i lommen, fungerer til pendling, rejsedage og lange vagter uden bulk.<\/p>\n<p>&nbsp;<\/p>\n<p><strong>Tilf\u00f8j Amys Whatsapp for at f\u00e5 hurtigt svar og vape-kupon!<\/strong><\/p>\n<p><img fetchpriority=\"high\" decoding=\"async\" class=\"size-full wp-image-2932\" src=\"https:\/\/vapestornado.com\/wp-content\/uploads\/2024\/12\/Vape-Wholesale.jpg\" alt=\"Vape Engros\" width=\"229\" height=\"300\" \/><\/p>\n<h3><a href=\"https:\/\/wa.me\/8617776015835\" target=\"_blank\" rel=\"noopener\"><span style=\"color: #ff0000;\"><strong>WhatsApp: +86 17776015835<\/strong><\/span><\/a><\/h3>\n<p>&nbsp;<\/p>\n<h2 class=\"product-title\">Bang Box 30000 Dobbelt Smag Vape<strong> Produktegenskaber<\/strong><\/h2>\n<div role=\"article\" data-tabster=\"{&quot;groupper&quot;:{&quot;tabbability&quot;:2},&quot;focusable&quot;:{}}\" data-content=\"ai-message\" aria-labelledby=\"juhNTJ6o7Gk1cgwZMJgv2-author juhNTJ6o7Gk1cgwZMJgv2-content\">\n<div id=\"juhNTJ6o7Gk1cgwZMJgv2-content\">\n<div role=\"article\" data-tabster=\"{&quot;groupper&quot;:{&quot;tabbability&quot;:2},&quot;focusable&quot;:{}}\" data-content=\"ai-message\" aria-labelledby=\"x4EZuCZWrTbh3weWUt7CU-author x4EZuCZWrTbh3weWUt7CU-content\">\n<div id=\"x4EZuCZWrTbh3weWUt7CU-content\">\n<div class=\"flex max-w-full flex-col flex-grow\">\n<div class=\"min-h-8 text-message flex w-full flex-col items-end gap-2 whitespace-normal break-words text-start [.text-message+&amp;]:mt-5\" dir=\"auto\" data-message-author-role=\"assistant\" data-message-id=\"52c6e00a-252f-4104-805d-2f1a84739c71\" data-message-model-slug=\"gpt-4o\">\n<div class=\"flex w-full flex-col gap-1 empty:hidden first:pt-[3px]\">\n<div class=\"markdown prose w-full break-words dark:prose-invert light\">\n<table>\n<thead>\n<tr>\n<th>Funktion<\/th>\n<th>Spec<\/th>\n<th>Detaljer<\/th>\n<\/tr>\n<\/thead>\n<tbody>\n<tr>\n<td>Produktnavn<\/td>\n<td>Bang Box 30000 Puffs Dobbelt Smag<\/td>\n<td>H\u00f8jkapacitets genopladelig engangs vape pen.<\/td>\n<\/tr>\n<tr>\n<td>Pust Kapacitet<\/td>\n<td>Op til 30.000 puffs<\/td>\n<td>Udvidet levetid rettet mod regelm\u00e6ssige EU-brugere.<\/td>\n<\/tr>\n<tr>\n<td>E-v\u00e6ske volumen<\/td>\n<td>35ml forudfyldt<\/td>\n<td>Stor reservoir underst\u00f8tter lange sessioner uden p\u00e5fyldning.<\/td>\n<\/tr>\n<tr>\n<td>Spoletype<\/td>\n<td>0,8\u03a9 mesh coil<\/td>\n<td>J\u00e6vn opvarmning for glat damp, rig smag og stabilt output.<\/td>\n<\/tr>\n<tr>\n<td>Smagsystem<\/td>\n<td>Dobbelt-smagsknap<\/td>\n<td>To smagsprofiler i \u00e9n enhed; skift n\u00e5r som helst.<\/td>\n<\/tr>\n<tr>\n<td>Batteri<\/td>\n<td>850mAh genopladelig<\/td>\n<td>Genoplad for at f\u00e6rdigg\u00f8re al v\u00e6ske i stedet for at kassere tidligt.<\/td>\n<\/tr>\n<tr>\n<td>Opladning<\/td>\n<td>Type-C hurtigopladning<\/td>\n<td>Hurtige p\u00e5fyldninger med moderne EU-standard kabler.<\/td>\n<\/tr>\n<tr>\n<td>Nikotinstyrker<\/td>\n<td>0% \/ 2% \/ 5% salt nikotin<\/td>\n<td>Nikotinfri, lav og st\u00e6rk muligheder for forskellige vaner.<\/td>\n<\/tr>\n<tr>\n<td>V\u00e6gt<\/td>\n<td>129g<\/td>\n<td>Letv\u00e6gts til en 30K-klasse enhed; nem daglig b\u00e6re.<\/td>\n<\/tr>\n<tr>\n<td>Positionering<\/td>\n<td>Engros + detail bestseller<\/td>\n<td>St\u00e6rk eftersp\u00f8rgsel i EU's bulkkanaler p\u00e5 grund af kapacitet + dobbelt smag.<\/td>\n<\/tr>\n<\/tbody>\n<\/table>\n<\/div>\n<\/div>\n<\/div>\n<\/div>\n<div class=\"mb-2 flex gap-3 empty:hidden -ml-2\"><\/div>\n<\/div>\n<\/div>\n<\/div>\n<\/div>\n<h2 class=\"product-title\"><strong>Popul\u00e6r smag til Bang Box 30000 Puffs Engangs Vapes<\/strong><\/h2>\n<p>1.Jordb\u00e6r kiwi\/Vandmelon is <strong><span style=\"color: #ff0000;\">&gt;&gt;&gt;&gt; Hot!<\/span><\/strong><br \/>\n2.Jordb\u00e6r kiwi\/Jordb\u00e6r vandmelon<br \/>\n3.Fersken saft\/Bl\u00e5b\u00e6r is<br \/>\n4.Bl\u00e5b\u00e6r is\/Kiwi passionsfrugt guava<br \/>\n5.Bl\u00e5b\u00e6r sur hindb\u00e6r is\/Blandet frugt <strong><span style=\"color: #ff0000;\">&gt;&gt;&gt;&gt; Bedst!<\/span><\/strong><br \/>\n6.Tredobbelt b\u00e6r\/Jordb\u00e6r mango<br \/>\n7.Vandmelon tyggegummi\/Jordb\u00e6r vandmelon<br \/>\n8.Bl\u00e5b\u00e6r is\/Vandmelon is<br \/>\n9.Jordb\u00e6r vandmelon\/Kiwi passionsfrugt guava<br \/>\n10.Sort drage is\/Mango fersken vandmelon<br \/>\n11.Bl\u00e5 hindb\u00e6r is\/Dobbelt drue <strong><span style=\"color: #ff0000;\">&gt;&gt;&gt;&gt; Hot!<\/span><\/strong><br \/>\n12.Bl\u00e5 hindb\u00e6r is\/Jordb\u00e6r mango<\/p>\n<div class=\"flex-shrink-0 flex flex-col relative items-end\">\n<div class=\"pt-0\">\n<div class=\"gizmo-bot-avatar flex h-8 w-8 items-center justify-center overflow-hidden rounded-full\">\n<figure id=\"attachment_3358\" aria-describedby=\"caption-attachment-3358\" style=\"width: 1241px\" class=\"wp-caption alignnone\"><img decoding=\"async\" class=\"wp-image-3358 size-full\" src=\"https:\/\/vapestornado.com\/wp-content\/uploads\/2024\/12\/Bang-Box-30k-Puffs-Factory-Price.jpg\" alt=\"Bang Box 30k Puffs Fabrikspris\" width=\"1241\" height=\"2038\" srcset=\"https:\/\/vapestornado.com\/wp-content\/uploads\/2024\/12\/Bang-Box-30k-Puffs-Factory-Price.jpg 1241w, https:\/\/vapestornado.com\/wp-content\/uploads\/2024\/12\/Bang-Box-30k-Puffs-Factory-Price-183x300.jpg 183w, https:\/\/vapestornado.com\/wp-content\/uploads\/2024\/12\/Bang-Box-30k-Puffs-Factory-Price-624x1024.jpg 624w, https:\/\/vapestornado.com\/wp-content\/uploads\/2024\/12\/Bang-Box-30k-Puffs-Factory-Price-768x1261.jpg 768w, https:\/\/vapestornado.com\/wp-content\/uploads\/2024\/12\/Bang-Box-30k-Puffs-Factory-Price-935x1536.jpg 935w, https:\/\/vapestornado.com\/wp-content\/uploads\/2024\/12\/Bang-Box-30k-Puffs-Factory-Price-600x985.jpg 600w\" sizes=\"(max-width: 1241px) 100vw, 1241px\" \/><figcaption id=\"caption-attachment-3358\" class=\"wp-caption-text\">Bang Box 30k Puffs Fabrikspris<\/figcaption><\/figure>\n<div class=\"relative p-1 rounded-sm flex items-center justify-center bg-token-main-surface-primary text-token-text-primary h-8 w-8\">\n<h3>Ofte stillede sp\u00f8rgsm\u00e5l for Bang Box 30000 Puffs Engangs Vape<\/h3>\n<ol data-start=\"3057\" data-end=\"4297\">\n<li data-start=\"3057\" data-end=\"3310\">\n<p data-start=\"3060\" data-end=\"3310\"><strong data-start=\"3060\" data-end=\"3166\">Hvordan h\u00e5ndterer Bang Box 30000 Puffs dobbelt smags engangs vape langtidsholdbar smagskonsistens?<\/strong><br data-start=\"3166\" data-end=\"3169\" \/>Dobbelt-smagsystemet giver variation over uger med brug, og <strong data-start=\"3234\" data-end=\"3252\">0,8\u03a9 mesh coil<\/strong> hj\u00e6lper med at holde hver smag stabil i stedet for hurtigt at falme.<\/p>\n<\/li>\n<li data-start=\"3312\" data-end=\"3578\">\n<p data-start=\"3315\" data-end=\"3578\"><strong data-start=\"3315\" data-end=\"3418\">Holder Bang Box 30K genopladelig engangs vape faktisk t\u00e6t p\u00e5 30.000 puffs i reel brug?<\/strong><br data-start=\"3418\" data-end=\"3421\" \/>Den <strong data-start=\"3425\" data-end=\"3438\">35ml tank<\/strong> underst\u00f8tter det h\u00f8je puff-antal. Faktiske resultater afh\u00e6nger af tr\u00e6k-l\u00e6ngde og luftstr\u00f8msstil, men v\u00e6skekapaciteten er dimensioneret til at matche vurderingen.<\/p>\n<\/li>\n<li data-start=\"3580\" data-end=\"3817\">\n<p data-start=\"3583\" data-end=\"3817\"><strong data-start=\"3583\" data-end=\"3670\">Hvad er fordelen ved en 0,8\u03a9 mesh-coil i Bang Box 30000 engangs vape-pennen?<\/strong><br data-start=\"3670\" data-end=\"3673\" \/>Lav-impedans mesh-coils opvarmes j\u00e6vnt og producerer <strong data-start=\"3725\" data-end=\"3768\">t\u00e6ttere damp med en glattere halsfornemmelse<\/strong>, is\u00e6r m\u00e6rkbart i h\u00f8jkapacitetsenheder.<\/p>\n<\/li>\n<li data-start=\"3819\" data-end=\"4055\">\n<p data-start=\"3822\" data-end=\"4055\"><strong data-start=\"3822\" data-end=\"3912\">Vil Bang Box 30000 Type-C genopladelig engangs vape fylde den fulde 35ml tank?<\/strong><br data-start=\"3912\" data-end=\"3915\" \/>Ja \u2014 den <strong data-start=\"3925\" data-end=\"3956\">850mAh genopladelige batteri<\/strong> er der, s\u00e5 du kan genopfylde str\u00f8m og bruge al v\u00e6sken, hvilket undg\u00e5r problemet med \u201cbatteriet sluttede f\u00f8rst\u201d.<\/p>\n<\/li>\n<li data-start=\"4057\" data-end=\"4297\">\n<p data-start=\"4060\" data-end=\"4297\"><strong data-start=\"4060\" data-end=\"4158\">Hvilket nikotinniveau passer til forskellige brugere p\u00e5 Bang Box 30000 lav-nikotin engangs vape?<\/strong><br data-start=\"4158\" data-end=\"4161\" \/><strong data-start=\"4161\" data-end=\"4167\">0%<\/strong> fungerer til smags-udnyttelse alene, <strong data-start=\"4196\" data-end=\"4202\">2%<\/strong> passer til let-moderate daglige rutiner, og <strong data-start=\"4246\" data-end=\"4252\">5%<\/strong> passer til tungere brugere, der \u00f8nsker en st\u00e6rkere effekt.<\/p>\n<\/li>\n<\/ol>\n<\/div>\n<\/div>\n<\/div>\n<\/div>\n<div class=\"flex-shrink-0 flex flex-col relative items-end\">\n<div class=\"pt-0\">\n<div class=\"gizmo-bot-avatar flex h-8 w-8 items-center justify-center overflow-hidden rounded-full\">\n<div class=\"relative p-1 rounded-sm flex items-center justify-center bg-token-main-surface-primary text-token-text-primary h-8 w-8\">\n<div class=\"mb-2 flex gap-3 empty:hidden -ml-2\">\n<div role=\"article\" data-tabster=\"{&quot;groupper&quot;:{&quot;tabbability&quot;:2},&quot;focusable&quot;:{}}\" data-content=\"ai-message\" aria-labelledby=\"Vdt5ez4X7Tg813x6rFVha-author Vdt5ez4X7Tg813x6rFVha-content\">\n<div id=\"Vdt5ez4X7Tg813x6rFVha-content\">\n<div role=\"article\" data-tabster=\"{&quot;groupper&quot;:{&quot;tabbability&quot;:2},&quot;focusable&quot;:{}}\" data-content=\"ai-message\" aria-labelledby=\"o968oC7CEo2fGHsGdsRYC-author o968oC7CEo2fGHsGdsRYC-content\">\n<div id=\"o968oC7CEo2fGHsGdsRYC-content\">\n<h3>Hvorfor v\u00e6lge vapestornado til Bang Box 20000 Puffs Vape engros?<\/h3>\n<div class=\"flex-shrink-0 flex flex-col relative items-end\">\n<div class=\"pt-0\">\n<div class=\"gizmo-bot-avatar flex h-8 w-8 items-center justify-center overflow-hidden rounded-full\">\n<div class=\"relative p-1 rounded-sm flex items-center justify-center bg-token-main-surface-primary text-token-text-primary h-8 w-8\">\n<p>Velkommen til vapestornado, din betroede online vape-butik for f\u00f8rsteklasses engangsvapes. Med mere end 5 \u00e5rs ekspertise tilbyder vi dig popul\u00e6re engangsvape-m\u00e6rker som Fumot RandM Vape, <a href=\"https:\/\/vapestornado.com\/da\/product\/vapme-crystal-7000-puffs-rechargeable-disposable-vape-wholesale-cheap-price\/\">Vapme<\/a>, Bang Vape, Waspe Vape og WGA Vape, osv.<\/p>\n<p>Vores sortiment omfatter popul\u00e6re vapes som <a href=\"https:\/\/vapestornado.com\/da\/product\/fumot-randm-tornado-15000-puffs-rechargeable-disposable-vape-wholesale\/\">RandM Tornado 15000<\/a>, og smagsrige valg som <a href=\"https:\/\/vapestornado.com\/da\/product\/vapsolo-dg-18000-puffs-smart-screen-wholesale-disposable-cheap-vapes\/\">\u00a0Vapsolo DG18000 Pust<\/a> . Hvert produkt er valgt med fokus p\u00e5 kvalitet, v\u00e6rdi og variation, hvilket sikrer, at du finder det perfekte match til dine behov. Oplev enest\u00e5ende service og et bredt udvalg af topprodukter til engrospris hos vapestornado.<\/p>\n<\/div>\n<\/div>\n<\/div>\n<\/div>\n<p>&nbsp;<\/p>\n<\/div>\n<\/div>\n<\/div>\n<\/div>\n<\/div>\n<\/div>\n<\/div>\n<\/div>\n<\/div>","protected":false},"excerpt":{"rendered":"<p>Bang Box 30000 Puffs dobbelt smag engangs vape pen med 35ml forudfyldt e-v\u00e6ske, 0,8\u03a9 mesh coil, 850mAh genopladeligt Type-C-batteri og 0%\/2%\/5% nikotinmuligheder. Letv\u00e6gtsdesign p\u00e5 129g og dobbelt-smagsudskiftning for lang, stabil og h\u00f8j v\u00e6rdi vaping.<\/p>\n<p><strong>Tilf\u00f8j Amys whatsapp, f\u00e5 et hurtigt svar og en vape-kupon!<\/strong><\/p>\n<p><img fetchpriority=\"high\" decoding=\"async\" class=\"size-full wp-image-2932\" src=\"https:\/\/vapestornado.com\/wp-content\/uploads\/2024\/12\/Vape-Wholesale.jpg\" alt=\"Vape Engros\" width=\"229\" height=\"300\" \/><\/p>\n<h3><a href=\"https:\/\/wa.me\/8617776015835\"><span style=\"color: #ff0000;\"><strong>WhatsApp: +86 17776015835<\/strong><\/span><\/a><\/h3>\n<p>&nbsp;<\/p>","protected":false},"featured_media":3362,"comment_status":"open","ping_status":"closed","template":"","meta":{"_acf_changed":false,"_uag_custom_page_level_css":"","_lmt_disableupdate":"no","_lmt_disable":"","_monsterinsights_skip_tracking":false,"_monsterinsights_sitenote_active":false,"_monsterinsights_sitenote_note":"","_monsterinsights_sitenote_category":0,"site-sidebar-layout":"default","site-content-layout":"","ast-site-content-layout":"default","site-content-style":"default","site-sidebar-style":"default","ast-global-header-display":"","ast-banner-title-visibility":"","ast-main-header-display":"","ast-hfb-above-header-display":"","ast-hfb-below-header-display":"","ast-hfb-mobile-header-display":"","site-post-title":"","ast-breadcrumbs-content":"","ast-featured-img":"","footer-sml-layout":"","ast-disable-related-posts":"","theme-transparent-header-meta":"default","adv-header-id-meta":"","stick-header-meta":"","header-above-stick-meta":"","header-main-stick-meta":"","header-below-stick-meta":"","astra-migrate-meta-layouts":"set","ast-page-background-enabled":"default","ast-page-background-meta":{"desktop":{"background-color":"","background-image":"","background-repeat":"repeat","background-position":"center center","background-size":"auto","background-attachment":"scroll","background-type":"","background-media":"","overlay-type":"","overlay-color":"","overlay-opacity":"","overlay-gradient":""},"tablet":{"background-color":"","background-image":"","background-repeat":"repeat","background-position":"center center","background-size":"auto","background-attachment":"scroll","background-type":"","background-media":"","overlay-type":"","overlay-color":"","overlay-opacity":"","overlay-gradient":""},"mobile":{"background-color":"","background-image":"","background-repeat":"repeat","background-position":"center center","background-size":"auto","background-attachment":"scroll","background-type":"","background-media":"","overlay-type":"","overlay-color":"","overlay-opacity":"","overlay-gradient":""}},"ast-content-background-meta":{"desktop":{"background-color":"var(--ast-global-color-5)","background-image":"","background-repeat":"repeat","background-position":"center center","background-size":"auto","background-attachment":"scroll","background-type":"","background-media":"","overlay-type":"","overlay-color":"","overlay-opacity":"","overlay-gradient":""},"tablet":{"background-color":"var(--ast-global-color-5)","background-image":"","background-repeat":"repeat","background-position":"center center","background-size":"auto","background-attachment":"scroll","background-type":"","background-media":"","overlay-type":"","overlay-color":"","overlay-opacity":"","overlay-gradient":""},"mobile":{"background-color":"var(--ast-global-color-5)","background-image":"","background-repeat":"repeat","background-position":"center center","background-size":"auto","background-attachment":"scroll","background-type":"","background-media":"","overlay-type":"","overlay-color":"","overlay-opacity":"","overlay-gradient":""}},"_joinchat":{"telephone":"+8617776015835"}},"product_brand":[],"product_cat":[67,64,154,157,143,357,144],"product_tag":[484,197,196,165,198,199,97,166,94],"class_list":{"0":"post-3365","1":"product","2":"type-product","3":"status-publish","4":"has-post-thumbnail","6":"product_cat-30000-puff","7":"product_cat-bangbox-vape","8":"product_cat-buy-disposable-vapes-in-netherlands","9":"product_cat-buy-disposable-vapes-in-portugal","10":"product_cat-dual-mesh-disposable-vapes","11":"product_cat-flavor-adjustable-vape","12":"product_cat-low-nicotine-disposable-vapes","13":"product_tag-2-in-1-disposable-vape","14":"product_tag-bang-30000","15":"product_tag-bang-vape","16":"product_tag-cheap-vapes","17":"product_tag-double-flavor-disposable-vape","18":"product_tag-dual-flavour-disposable-vape","19":"product_tag-hot-sale-disposable-vape","20":"product_tag-low-nicotine-vape","21":"product_tag-rechargeable-disposable-vape","22":"desktop-align-left","23":"tablet-align-left","24":"mobile-align-left","26":"first","27":"instock","28":"sale","29":"shipping-taxable","30":"purchasable","31":"product-type-simple"},"acf":[],"uagb_featured_image_src":{"full":["https:\/\/vapestornado.com\/wp-content\/uploads\/2024\/12\/Bang-Box-Dispsoable-Vape-30000-Puffs-Wholesale.jpg",1126,1126,false],"thumbnail":["https:\/\/vapestornado.com\/wp-content\/uploads\/2024\/12\/Bang-Box-Dispsoable-Vape-30000-Puffs-Wholesale-150x150.jpg",150,150,true],"medium":["https:\/\/vapestornado.com\/wp-content\/uploads\/2024\/12\/Bang-Box-Dispsoable-Vape-30000-Puffs-Wholesale-300x300.jpg",300,300,true],"medium_large":["https:\/\/vapestornado.com\/wp-content\/uploads\/2024\/12\/Bang-Box-Dispsoable-Vape-30000-Puffs-Wholesale-768x768.jpg",768,768,true],"large":["https:\/\/vapestornado.com\/wp-content\/uploads\/2024\/12\/Bang-Box-Dispsoable-Vape-30000-Puffs-Wholesale-1024x1024.jpg",1024,1024,true],"1536x1536":["https:\/\/vapestornado.com\/wp-content\/uploads\/2024\/12\/Bang-Box-Dispsoable-Vape-30000-Puffs-Wholesale.jpg",1126,1126,false],"2048x2048":["https:\/\/vapestornado.com\/wp-content\/uploads\/2024\/12\/Bang-Box-Dispsoable-Vape-30000-Puffs-Wholesale.jpg",1126,1126,false],"trp-custom-language-flag":["https:\/\/vapestornado.com\/wp-content\/uploads\/2024\/12\/Bang-Box-Dispsoable-Vape-30000-Puffs-Wholesale.jpg",12,12,false],"woocommerce_thumbnail":["https:\/\/vapestornado.com\/wp-content\/uploads\/2024\/12\/Bang-Box-Dispsoable-Vape-30000-Puffs-Wholesale-300x300.jpg",300,300,true],"woocommerce_single":["https:\/\/vapestornado.com\/wp-content\/uploads\/2024\/12\/Bang-Box-Dispsoable-Vape-30000-Puffs-Wholesale-600x600.jpg",600,600,true],"woocommerce_gallery_thumbnail":["https:\/\/vapestornado.com\/wp-content\/uploads\/2024\/12\/Bang-Box-Dispsoable-Vape-30000-Puffs-Wholesale-100x100.jpg",100,100,true]},"uagb_author_info":{"display_name":"ESAMY","author_link":"https:\/\/vapestornado.com\/da\/author\/"},"uagb_comment_info":1,"uagb_excerpt":"Bang Box 30000 Puffs double flavour disposable vape pen with 35ml pre-filled e-liquid, 0.8\u03a9 mesh coil, 850mAh Type-C rechargeable battery, and 0%\/2%\/5% nicotine options. Lightweight 129g design and dual-flavour switching for long, stable, high-value vaping. Add Amy's whatsapp get right reply and vape coupon! WhatsApp: +86 17776015835 &nbsp;","_links":{"self":[{"href":"https:\/\/vapestornado.com\/da\/wp-json\/wp\/v2\/product\/3365","targetHints":{"allow":["GET"]}}],"collection":[{"href":"https:\/\/vapestornado.com\/da\/wp-json\/wp\/v2\/product"}],"about":[{"href":"https:\/\/vapestornado.com\/da\/wp-json\/wp\/v2\/types\/product"}],"replies":[{"embeddable":true,"href":"https:\/\/vapestornado.com\/da\/wp-json\/wp\/v2\/comments?post=3365"}],"wp:featuredmedia":[{"embeddable":true,"href":"https:\/\/vapestornado.com\/da\/wp-json\/wp\/v2\/media\/3362"}],"wp:attachment":[{"href":"https:\/\/vapestornado.com\/da\/wp-json\/wp\/v2\/media?parent=3365"}],"wp:term":[{"taxonomy":"product_brand","embeddable":true,"href":"https:\/\/vapestornado.com\/da\/wp-json\/wp\/v2\/product_brand?post=3365"},{"taxonomy":"product_cat","embeddable":true,"href":"https:\/\/vapestornado.com\/da\/wp-json\/wp\/v2\/product_cat?post=3365"},{"taxonomy":"product_tag","embeddable":true,"href":"https:\/\/vapestornado.com\/da\/wp-json\/wp\/v2\/product_tag?post=3365"}],"curies":[{"name":"wp","href":"https:\/\/api.w.org\/{rel}","templated":true}]}}