{"id":3320,"date":"2024-12-23T09:06:12","date_gmt":"2024-12-23T09:06:12","guid":{"rendered":"https:\/\/vapestornado.com\/?post_type=product&#038;p=3320"},"modified":"2025-08-23T12:20:34","modified_gmt":"2025-08-23T12:20:34","slug":"bang-box-35k-puffs-high-capacity-long-lasting-disposable-vape","status":"publish","type":"product","link":"https:\/\/vapestornado.com\/da\/product\/bang-box-35k-puffs-high-capacity-long-lasting-disposable-vape\/","title":{"rendered":"Bang Box 35k sug H\u00f8jkapacitets langtidsholdbar engangs vape"},"content":{"rendered":"<h1>Bang Box 35k sug H\u00f8jkapacitets langtidsholdbar engangs vape<\/h1>\n<p>&nbsp;<\/p>\n<div role=\"article\" data-tabster=\"{&quot;groupper&quot;:{&quot;tabbability&quot;:2},&quot;focusable&quot;:{}}\" data-content=\"ai-message\" aria-labelledby=\"64JRvXrTnY7mRmPkEQLLT-author 64JRvXrTnY7mRmPkEQLLT-content\">\n<div id=\"64JRvXrTnY7mRmPkEQLLT-content\">\n<p>Bang Box 35k Puffs redefinerer bekvemmelighed og ydeevne i verdenen af engangs-vapes. Designet til brugere, der s\u00f8ger langvarig kraft og rig smag, leverer denne enhed <strong>35.000+ sug<\/strong> fra dens avancerede ops\u00e6tning. Med en <strong>23 ml forudfyldt e-v\u00e6ske patron<\/strong> og <strong>justerbart luftflow<\/strong>tilbyder enheden b\u00e5de MTL- og DTL-vapingstile, hvilket giver en skr\u00e6ddersyet oplevelse for enhver bruger. Dens <strong>dobbelt varmeledning mesh kerne (0.8\u03a9)<\/strong> fungerer ved et outputomr\u00e5de p\u00e5 <strong>15W-25W<\/strong>, hvilket sikrer ensartet damp produktion og j\u00e6vn smag med hvert sug. Drevet af en <strong>112040-950mAh ren kobolt batteri<\/strong> med en <strong>5A udladningshastighed<\/strong>leverer den p\u00e5lidelig, langvarig ydeevne. Det robuste batteri sikrer forl\u00e6nget brug og hurtig genopladning via dens Type-C-port.<\/p>\n<p>Bang Box 35000 puffs vapes kombinerer banebrydende funktioner med slankt design og er perfekt til brug hele dagen, uanset om du slapper af derhjemme eller er p\u00e5 farten. Kompakt, kraftfuld og alsidig, det er det ultimative valg for vaping-entusiaster.<\/p>\n<figure id=\"attachment_3482\" aria-describedby=\"caption-attachment-3482\" style=\"width: 742px\" class=\"wp-caption alignnone\"><img fetchpriority=\"high\" decoding=\"async\" class=\"wp-image-3482\" src=\"https:\/\/vapestornado.com\/wp-content\/uploads\/2024\/12\/Bang-Box-35000-puffs-Top-Sale-Vapes-1024x697.jpg\" alt=\"Bang Box 35000 puffs Top Salg Vapes\" width=\"742\" height=\"505\" srcset=\"https:\/\/vapestornado.com\/wp-content\/uploads\/2024\/12\/Bang-Box-35000-puffs-Top-Sale-Vapes-1024x697.jpg 1024w, https:\/\/vapestornado.com\/wp-content\/uploads\/2024\/12\/Bang-Box-35000-puffs-Top-Sale-Vapes-300x204.jpg 300w, https:\/\/vapestornado.com\/wp-content\/uploads\/2024\/12\/Bang-Box-35000-puffs-Top-Sale-Vapes-768x523.jpg 768w, https:\/\/vapestornado.com\/wp-content\/uploads\/2024\/12\/Bang-Box-35000-puffs-Top-Sale-Vapes-600x408.jpg 600w, https:\/\/vapestornado.com\/wp-content\/uploads\/2024\/12\/Bang-Box-35000-puffs-Top-Sale-Vapes.jpg 1500w\" sizes=\"(max-width: 742px) 100vw, 742px\" \/><figcaption id=\"caption-attachment-3482\" class=\"wp-caption-text\">Bang Box 35000 puffs Top Salg Vapes<\/figcaption><\/figure>\n<\/div>\n<\/div>\n<p><img decoding=\"async\" class=\"alignleft wp-image-2951 size-medium\" src=\"https:\/\/vapestornado.com\/wp-content\/uploads\/2024\/12\/Wholesale-Disposable-Vape-265x300.jpg\" alt=\"Engros Engangsvape\" width=\"265\" height=\"300\" srcset=\"https:\/\/vapestornado.com\/wp-content\/uploads\/2024\/12\/Wholesale-Disposable-Vape-265x300.jpg 265w, https:\/\/vapestornado.com\/wp-content\/uploads\/2024\/12\/Wholesale-Disposable-Vape-768x871.jpg 768w, https:\/\/vapestornado.com\/wp-content\/uploads\/2024\/12\/Wholesale-Disposable-Vape-600x680.jpg 600w, https:\/\/vapestornado.com\/wp-content\/uploads\/2024\/12\/Wholesale-Disposable-Vape.jpg 823w\" sizes=\"(max-width: 265px) 100vw, 265px\" \/><\/p>\n<h6>Kontakt venligst Mandy's WhatsApp for rabatpris:<a href=\"https:\/\/wa.me\/8618077105796\" target=\"_blank\" rel=\"noopener\">+8618077105796<\/a><\/h6>\n<div class=\"flex max-w-full flex-col flex-grow\">\n<div class=\"min-h-8 text-message flex w-full flex-col items-end gap-2 whitespace-normal break-words text-start [.text-message+&amp;]:mt-5\" dir=\"auto\" data-message-author-role=\"assistant\" data-message-id=\"cdb991c0-f594-4bff-b2d5-fbbdd7ce9e54\" data-message-model-slug=\"gpt-4o-mini\">\n<div class=\"flex w-full flex-col gap-1 empty:hidden first:pt-[3px]\">\n<div class=\"markdown prose w-full break-words dark:prose-invert light\">\n<h2>bang vape 35k Puffs Specifikationer<\/h2>\n<ul>\n<li><strong>Pust<\/strong>: 35,000+<\/li>\n<li><strong>E-v\u00e6ske<\/strong>: 23 ml forudfyldt patron<\/li>\n<li><strong>Nikotin<\/strong>: 0%, 2%, 3%, 5% muligheder<\/li>\n<li><strong>Batteri<\/strong>: 950mAh, Type-C genopladelig<\/li>\n<li><strong>Spoler<\/strong>: <strong>dobbelt varmeledning mesh kerne (0.8\u03a9)<\/strong><\/li>\n<li><strong>Sk\u00e6rme<\/strong>: Dobbelt med ber\u00f8ringskontroller<\/li>\n<li><strong>Mode<\/strong>: 3-mode luftstr\u00f8m, 2-mode str\u00f8mskift<\/li>\n<li><strong>Funktioner<\/strong>: Justerbar luftstr\u00f8m, kompakt og brugervenlig<\/li>\n<\/ul>\n<\/div>\n<\/div>\n<\/div>\n<\/div>\n<div class=\"mb-2 flex gap-3 empty:hidden -ml-2\">\n<h2 class=\"items-center justify-start rounded-xl p-1 flex\"><\/h2>\n<\/div>\n<h2>Bedste engangs-vapes med h\u00f8j kapacitet Bang Box 35k Puffs Smagsliste:<\/h2>\n<p>1.JORDB\u00c6R KIWI<br \/>\n2.BL\u00c5 HINDB\u00c6R IS<br \/>\n3.JORDB\u00c6R VANDMELON<br \/>\n4.PASSIONSFRUGT<br \/>\n5.CITRON COLA SODA<br \/>\n6.VANDMELON IS<br \/>\n7.VANDMELON TYGGEGUMMI<br \/>\n8.KIWI PASSIONSFRUGT GUAVA<br \/>\n9.BL\u00c5B\u00c6R IS<br \/>\n10.VANDMELON KIRSEB\u00c6R<br \/>\n11.RED BULL<br \/>\n12. MINT GRAPEFRUIT<\/p>\n<div role=\"article\" data-tabster=\"{&quot;groupper&quot;:{&quot;tabbability&quot;:2},&quot;focusable&quot;:{}}\" data-content=\"ai-message\" aria-labelledby=\"dARUyEWDoEYhnSPXFwx5A-author dARUyEWDoEYhnSPXFwx5A-content\">\n<div id=\"dARUyEWDoEYhnSPXFwx5A-content\">\n<h3>Hvorfor v\u00e6lge Bang Box 35000 Pust vape pods hos <a href=\"https:\/\/vapestornado.com\/da\/store\/\">vapestornado.dk<\/a>?<\/h3>\n<ul>\n<li><strong>Uovertruffen kapacitet<\/strong>: Nyd <strong>35.000+ sug<\/strong> med en gener\u00f8s <strong>23 ml e-v\u00e6ske<\/strong> og <strong>justerbart luftflow<\/strong> for en skr\u00e6ddersyet vaping-oplevelse.<\/li>\n<li><strong>Avanceret Teknologi<\/strong>: Drevet af et <strong>950mAh rent cobalt batteri<\/strong> med <strong>5A udledning<\/strong> og et <strong>dobbelt mesh kerne (0.8\u03a9)<\/strong> leverer <strong>15W-25W<\/strong> udgang.<\/li>\n<li><strong>Brugervenlig<\/strong>: Kompakt, elegant design med Type-C hurtig opladning for ultimativ bekvemmelighed.<\/li>\n<li><strong>vapestornado.com Fordele<\/strong>: Autentiske produkter, konkurrencedygtige priser og hurtig forsendelse i hele Europa.<\/li>\n<\/ul>\n<\/div>\n<\/div>\n<h3>Ofte stillede sp\u00f8rgsm\u00e5l om Bang Box langtidsholdbar vape med 35000 sug<\/h3>\n<p><strong>Sp: Hvor l\u00e6nge holder Bang Box 35.000 Pust vape?<\/strong><br \/>\nSv: Den leverer <strong>35.000 sug<\/strong>\u00a0med en holdbar <strong>950mAh rent cobalt batteri<\/strong>, hvilket sikrer langvarig brug.<\/p>\n<p><strong>Sp: Kan luftstr\u00f8mmen justeres?<\/strong><br \/>\nSv: Ja, den har <strong>justerbart luftflow<\/strong>, velegnet til b\u00e5de MTL- og DTL-vapingstile.<\/p>\n<p><strong>Sp: Hvad g\u00f8r Wholesale Vape Bang Box 35k pust unik?<\/strong><br \/>\nSv: Den er udstyret med <strong>dobbelt mesh varmeledning (0,8\u03a9)<\/strong>, tilbyder <strong>15W-25W udgang<\/strong>, og kombinerer elegant design med innovativ teknologi for overlegen ydeevne.<\/p>\n<p><strong>Sp: Hvor kan jeg k\u00f8be Bang Box vape 35000 pust Genopladelig Vape?<\/strong><br \/>\nSv: Den er tilg\u00e6ngelig hos <strong>vapestornado.dk<\/strong>, der tilbyder autentiske produkter, gode priser og hurtig europ\u00e6isk forsendelse.<\/p>","protected":false},"excerpt":{"rendered":"<p>Bang Box 35000 Puffs tilbyder h\u00f8j kapacitet, langvarig vaping med 35.000 sug, f\u00f8rsteklasses smag og et elegant, b\u00e6rbart design for en enest\u00e5ende vapingoplevelse.<\/p>\n<figure id=\"attachment_2951\" aria-describedby=\"caption-attachment-2951\" style=\"width: 265px\" class=\"wp-caption alignnone\"><img decoding=\"async\" class=\"size-medium wp-image-2951\" src=\"https:\/\/vapestornado.com\/wp-content\/uploads\/2024\/12\/Wholesale-Disposable-Vape-265x300.jpg\" alt=\"Engros Engangsvape\" width=\"265\" height=\"300\" srcset=\"https:\/\/vapestornado.com\/wp-content\/uploads\/2024\/12\/Wholesale-Disposable-Vape-265x300.jpg 265w, https:\/\/vapestornado.com\/wp-content\/uploads\/2024\/12\/Wholesale-Disposable-Vape-768x871.jpg 768w, https:\/\/vapestornado.com\/wp-content\/uploads\/2024\/12\/Wholesale-Disposable-Vape-600x680.jpg 600w, https:\/\/vapestornado.com\/wp-content\/uploads\/2024\/12\/Wholesale-Disposable-Vape.jpg 823w\" sizes=\"(max-width: 265px) 100vw, 265px\" \/><figcaption id=\"caption-attachment-2951\" class=\"wp-caption-text\">Venligst kontakt Mandys WhatsApp for rabatpris\u00a0 <a href=\"https:\/\/wa.me\/8618077105796\">+8618077105796<\/a><\/figcaption><\/figure>\n<p>&nbsp;<\/p>","protected":false},"featured_media":3480,"comment_status":"open","ping_status":"closed","template":"","meta":{"_acf_changed":false,"_uag_custom_page_level_css":"","_lmt_disableupdate":"no","_lmt_disable":"","_monsterinsights_skip_tracking":false,"_monsterinsights_sitenote_active":false,"_monsterinsights_sitenote_note":"","_monsterinsights_sitenote_category":0,"site-sidebar-layout":"default","site-content-layout":"","ast-site-content-layout":"default","site-content-style":"default","site-sidebar-style":"default","ast-global-header-display":"","ast-banner-title-visibility":"","ast-main-header-display":"","ast-hfb-above-header-display":"","ast-hfb-below-header-display":"","ast-hfb-mobile-header-display":"","site-post-title":"","ast-breadcrumbs-content":"","ast-featured-img":"","footer-sml-layout":"","ast-disable-related-posts":"","theme-transparent-header-meta":"default","adv-header-id-meta":"","stick-header-meta":"","header-above-stick-meta":"","header-main-stick-meta":"","header-below-stick-meta":"","astra-migrate-meta-layouts":"set","ast-page-background-enabled":"default","ast-page-background-meta":{"desktop":{"background-color":"","background-image":"","background-repeat":"repeat","background-position":"center center","background-size":"auto","background-attachment":"scroll","background-type":"","background-media":"","overlay-type":"","overlay-color":"","overlay-opacity":"","overlay-gradient":""},"tablet":{"background-color":"","background-image":"","background-repeat":"repeat","background-position":"center center","background-size":"auto","background-attachment":"scroll","background-type":"","background-media":"","overlay-type":"","overlay-color":"","overlay-opacity":"","overlay-gradient":""},"mobile":{"background-color":"","background-image":"","background-repeat":"repeat","background-position":"center center","background-size":"auto","background-attachment":"scroll","background-type":"","background-media":"","overlay-type":"","overlay-color":"","overlay-opacity":"","overlay-gradient":""}},"ast-content-background-meta":{"desktop":{"background-color":"var(--ast-global-color-5)","background-image":"","background-repeat":"repeat","background-position":"center center","background-size":"auto","background-attachment":"scroll","background-type":"","background-media":"","overlay-type":"","overlay-color":"","overlay-opacity":"","overlay-gradient":""},"tablet":{"background-color":"var(--ast-global-color-5)","background-image":"","background-repeat":"repeat","background-position":"center center","background-size":"auto","background-attachment":"scroll","background-type":"","background-media":"","overlay-type":"","overlay-color":"","overlay-opacity":"","overlay-gradient":""},"mobile":{"background-color":"var(--ast-global-color-5)","background-image":"","background-repeat":"repeat","background-position":"center center","background-size":"auto","background-attachment":"scroll","background-type":"","background-media":"","overlay-type":"","overlay-color":"","overlay-opacity":"","overlay-gradient":""}},"_joinchat":{"telephone":"+8618077105796"}},"product_brand":[],"product_cat":[175,64,150,158],"product_tag":[179,97],"class_list":{"0":"post-3320","1":"product","2":"type-product","3":"status-publish","4":"has-post-thumbnail","6":"product_cat-35000-puff","7":"product_cat-bangbox-vape","8":"product_cat-buy-disposable-vapes-in-belgium","9":"product_cat-buy-disposable-vapes-in-spain","10":"product_tag-bang-box-35000","11":"product_tag-hot-sale-disposable-vape","12":"desktop-align-left","13":"tablet-align-left","14":"mobile-align-left","16":"first","17":"instock","18":"sale","19":"shipping-taxable","20":"purchasable","21":"product-type-simple"},"acf":[],"uagb_featured_image_src":{"full":["https:\/\/vapestornado.com\/wp-content\/uploads\/2024\/12\/Bang-Box-35k-puff-disposable-Vape-good-price.jpg",800,800,false],"thumbnail":["https:\/\/vapestornado.com\/wp-content\/uploads\/2024\/12\/Bang-Box-35k-puff-disposable-Vape-good-price-150x150.jpg",150,150,true],"medium":["https:\/\/vapestornado.com\/wp-content\/uploads\/2024\/12\/Bang-Box-35k-puff-disposable-Vape-good-price-300x300.jpg",300,300,true],"medium_large":["https:\/\/vapestornado.com\/wp-content\/uploads\/2024\/12\/Bang-Box-35k-puff-disposable-Vape-good-price-768x768.jpg",768,768,true],"large":["https:\/\/vapestornado.com\/wp-content\/uploads\/2024\/12\/Bang-Box-35k-puff-disposable-Vape-good-price.jpg",800,800,false],"1536x1536":["https:\/\/vapestornado.com\/wp-content\/uploads\/2024\/12\/Bang-Box-35k-puff-disposable-Vape-good-price.jpg",800,800,false],"2048x2048":["https:\/\/vapestornado.com\/wp-content\/uploads\/2024\/12\/Bang-Box-35k-puff-disposable-Vape-good-price.jpg",800,800,false],"trp-custom-language-flag":["https:\/\/vapestornado.com\/wp-content\/uploads\/2024\/12\/Bang-Box-35k-puff-disposable-Vape-good-price.jpg",12,12,false],"woocommerce_thumbnail":["https:\/\/vapestornado.com\/wp-content\/uploads\/2024\/12\/Bang-Box-35k-puff-disposable-Vape-good-price-300x300.jpg",300,300,true],"woocommerce_single":["https:\/\/vapestornado.com\/wp-content\/uploads\/2024\/12\/Bang-Box-35k-puff-disposable-Vape-good-price-600x600.jpg",600,600,true],"woocommerce_gallery_thumbnail":["https:\/\/vapestornado.com\/wp-content\/uploads\/2024\/12\/Bang-Box-35k-puff-disposable-Vape-good-price-100x100.jpg",100,100,true]},"uagb_author_info":{"display_name":"ESMANDY","author_link":"https:\/\/vapestornado.com\/da\/author\/"},"uagb_comment_info":0,"uagb_excerpt":"Bang Box 35000 Puffs offers high-capacity, long-lasting vaping with 35,000 puffs, premium flavors, and a sleek, portable design for an exceptional vaping experience. [caption id=\"attachment_2951\" align=\"alignnone\" width=\"265\"] Pls Contact Mandy's WhatsApp For Discount Price\u00a0 +8618077105796[\/caption] &nbsp;","_links":{"self":[{"href":"https:\/\/vapestornado.com\/da\/wp-json\/wp\/v2\/product\/3320","targetHints":{"allow":["GET"]}}],"collection":[{"href":"https:\/\/vapestornado.com\/da\/wp-json\/wp\/v2\/product"}],"about":[{"href":"https:\/\/vapestornado.com\/da\/wp-json\/wp\/v2\/types\/product"}],"replies":[{"embeddable":true,"href":"https:\/\/vapestornado.com\/da\/wp-json\/wp\/v2\/comments?post=3320"}],"wp:featuredmedia":[{"embeddable":true,"href":"https:\/\/vapestornado.com\/da\/wp-json\/wp\/v2\/media\/3480"}],"wp:attachment":[{"href":"https:\/\/vapestornado.com\/da\/wp-json\/wp\/v2\/media?parent=3320"}],"wp:term":[{"taxonomy":"product_brand","embeddable":true,"href":"https:\/\/vapestornado.com\/da\/wp-json\/wp\/v2\/product_brand?post=3320"},{"taxonomy":"product_cat","embeddable":true,"href":"https:\/\/vapestornado.com\/da\/wp-json\/wp\/v2\/product_cat?post=3320"},{"taxonomy":"product_tag","embeddable":true,"href":"https:\/\/vapestornado.com\/da\/wp-json\/wp\/v2\/product_tag?post=3320"}],"curies":[{"name":"wp","href":"https:\/\/api.w.org\/{rel}","templated":true}]}}