{"id":3303,"date":"2024-12-20T09:07:38","date_gmt":"2024-12-20T09:07:38","guid":{"rendered":"https:\/\/vapestornado.com\/?post_type=product&#038;p=3303"},"modified":"2025-08-23T12:21:46","modified_gmt":"2025-08-23T12:21:46","slug":"bood-infinity-30000-30k-puff-low-nicotine-disposable-vape-cheap-price","status":"publish","type":"product","link":"https:\/\/vapestornado.com\/da\/product\/bood-infinity-30000-30k-puff-low-nicotine-disposable-vape-cheap-price\/","title":{"rendered":"Bood Infinity 30000 30k Pust Lav Nikotin Engangs Vape Billig Pris"},"content":{"rendered":"<h1 class=\"product-title\">Bood Infinity 30000 30k Pust Lav Nikotin Engangs Vape Billig Pris<\/h1>\n<p>Den <strong data-start=\"288\" data-end=\"333\">Bood Infinity 30000 Puffs Engangs Vape<\/strong> er designet til dampere, der kr\u00e6ver langvarig ydeevne til en konkurrencedygtig engrospris. Leverer op til <strong data-start=\"444\" data-end=\"467\">30.000 bl\u00f8de sug<\/strong>kombinerer den bekvemmelighed med avancerede funktioner, hvilket g\u00f8r den til en fremragende enhed inden for kategorien af <strong data-start=\"557\" data-end=\"590\">lav nikotin engangsvapes<\/strong>.<\/p>\n<p>Drevet af en <strong data-start=\"614\" data-end=\"645\">650mAh genopladelige batteri<\/strong> med <strong data-start=\"651\" data-end=\"675\">Type-C hurtigopladning<\/strong>Denne enhed sikrer p\u00e5lidelighed til l\u00e6ngerevarende sessioner. Den <strong data-start=\"736\" data-end=\"757\">LED smart display<\/strong> giver realtidsopdateringer om antal sug og batteristatus, mens <strong data-start=\"829\" data-end=\"858\">justerbare luftstr\u00f8mssystem<\/strong> giver brugerne mulighed for at skr\u00e6ddersy deres sug \u2013 uanset om de foretr\u00e6kker et stramt hit eller en j\u00e6vnere inhalering.<\/p>\n<p>Bood Infinity 30K er forudfyldt med e-v\u00e6ske af h\u00f8j kvalitet og tilbyder begge <strong data-start=\"1029\" data-end=\"1064\">2% og 5% nikotinsalt muligheder<\/strong>og henvender sig til b\u00e5de afslappede og erfarne dampere. Dens kompakte, stilfulde design g\u00f8r den rejsevenlig, mens bulk-emballage sikrer fremragende v\u00e6rdi for detailhandlere og distribut\u00f8rer i hele Europa.<\/p>\n<p>Perfekt til dem, der s\u00f8ger <strong data-start=\"1295\" data-end=\"1334\">billige engangs vapes i engros<\/strong>Bood Infinity 30K balancerer pris, ydeevne og smagsvariation, hvilket g\u00f8r den til et must-have for ethvert vape-lager.<\/p>\n<p>&nbsp;<\/p>\n<p><strong>Tilf\u00f8j Amys Whatsapp for at f\u00e5 hurtigt svar og vape-kupon!<\/strong><\/p>\n<p><img fetchpriority=\"high\" decoding=\"async\" class=\"size-full wp-image-2932\" src=\"https:\/\/vapestornado.com\/wp-content\/uploads\/2024\/12\/Vape-Wholesale.jpg\" alt=\"Vape Engros\" width=\"229\" height=\"300\" \/><\/p>\n<h3><a href=\"https:\/\/wa.me\/8617776015835\" target=\"_blank\" rel=\"noopener\"><span style=\"color: #ff0000;\"><strong>WhatsApp: +86 17776015835<\/strong><\/span><\/a><\/h3>\n<p>&nbsp;<\/p>\n<p><span style=\"font-size: 1.5em; font-weight: bold;\">Bood Infinity 30000 N\u00f8glefunktioner\u00a0<\/span><\/p>\n<div role=\"article\" data-tabster=\"{&quot;groupper&quot;:{&quot;tabbability&quot;:2},&quot;focusable&quot;:{}}\" data-content=\"ai-message\" aria-labelledby=\"juhNTJ6o7Gk1cgwZMJgv2-author juhNTJ6o7Gk1cgwZMJgv2-content\">\n<div id=\"juhNTJ6o7Gk1cgwZMJgv2-content\">\n<div role=\"article\" data-tabster=\"{&quot;groupper&quot;:{&quot;tabbability&quot;:2},&quot;focusable&quot;:{}}\" data-content=\"ai-message\" aria-labelledby=\"x4EZuCZWrTbh3weWUt7CU-author x4EZuCZWrTbh3weWUt7CU-content\">\n<div id=\"x4EZuCZWrTbh3weWUt7CU-content\">\n<ol start=\"1\">\n<li><strong>30000 sug, uendelig tilfredsstillelse<\/strong><\/li>\n<li><strong>650mAh genopladelige batteri<\/strong><\/li>\n<li><strong>LED smarte sk\u00e6rm<\/strong><\/li>\n<li><strong>Justerbart luftindtag for tilpasset damp<\/strong><\/li>\n<li><strong>H\u00f8j kvalitet til lave engrospriser<\/strong><\/li>\n<\/ol>\n<\/div>\n<\/div>\n<\/div>\n<\/div>\n<h2 class=\"product-title\"><strong>Popul\u00e6re smage for Bood Infinity 30k Puffs<\/strong><\/h2>\n<p>1 JORDB\u00c6R VANDMELON<strong><span style=\"color: #ff0000;\">&gt;&gt;&gt;&gt;&gt; Hot!<\/span><\/strong><br \/>\n2 FERSKEN MANGO ANANAS<br \/>\n3 LUSH ICE<br \/>\n4 B\u00c6R BOMBEN<br \/>\n5 JORDB\u00c6R KIWI<br \/>\n6 HAWAII<br \/>\n8 BL\u00c5B\u00c6R LEMONADE<br \/>\n9 SORT IS<br \/>\n10 TIFFANY <strong><span style=\"color: #ff0000;\">&gt;&gt;&gt;&gt; Bedst !<\/span><\/strong><\/p>\n<p>&nbsp;<\/p>\n<figure id=\"attachment_3290\" aria-describedby=\"caption-attachment-3290\" style=\"width: 300px\" class=\"wp-caption alignnone\"><img decoding=\"async\" class=\"size-medium wp-image-3290\" src=\"https:\/\/vapestornado.com\/wp-content\/uploads\/2024\/12\/Bood-Infinity-30000-Puff-Disposable-Vape-Wholesale-300x300.jpg\" alt=\"Bood Infinity 30000 Puffs Engangs-e-cigaret Engros\" width=\"300\" height=\"300\" srcset=\"https:\/\/vapestornado.com\/wp-content\/uploads\/2024\/12\/Bood-Infinity-30000-Puff-Disposable-Vape-Wholesale-300x300.jpg 300w, https:\/\/vapestornado.com\/wp-content\/uploads\/2024\/12\/Bood-Infinity-30000-Puff-Disposable-Vape-Wholesale-150x150.jpg 150w, https:\/\/vapestornado.com\/wp-content\/uploads\/2024\/12\/Bood-Infinity-30000-Puff-Disposable-Vape-Wholesale-768x768.jpg 768w, https:\/\/vapestornado.com\/wp-content\/uploads\/2024\/12\/Bood-Infinity-30000-Puff-Disposable-Vape-Wholesale-600x600.jpg 600w, https:\/\/vapestornado.com\/wp-content\/uploads\/2024\/12\/Bood-Infinity-30000-Puff-Disposable-Vape-Wholesale-100x100.jpg 100w, https:\/\/vapestornado.com\/wp-content\/uploads\/2024\/12\/Bood-Infinity-30000-Puff-Disposable-Vape-Wholesale.jpg 800w\" sizes=\"(max-width: 300px) 100vw, 300px\" \/><figcaption id=\"caption-attachment-3290\" class=\"wp-caption-text\">Bood Infinity 30000 Puffs Engangs-e-cigaret Engros<\/figcaption><\/figure>\n<h3>Hvorfor v\u00e6lge vapestornado til Bood Infinity 30000 30k Puffs Engros?<\/h3>\n<div class=\"flex-shrink-0 flex flex-col relative items-end\">\n<div class=\"pt-0\">\n<div class=\"gizmo-bot-avatar flex h-8 w-8 items-center justify-center overflow-hidden rounded-full\">\n<div class=\"relative p-1 rounded-sm flex items-center justify-center bg-token-main-surface-primary text-token-text-primary h-8 w-8\">\n<p>Velkommen til vapestornado, din betroede online vape-butik for f\u00f8rsteklasses engangsvapes. Med mere end 5 \u00e5rs ekspertise tilbyder vi dig popul\u00e6re engangsvape-m\u00e6rker som Fumot RandM Vape, <a href=\"https:\/\/vapestornado.com\/da\/product\/vapme-crystal-7000-puffs-rechargeable-disposable-vape-wholesale-cheap-price\/\">Vapme<\/a>, Bang Vape, Waspe Vape og WGA Vape, osv.<\/p>\n<p>Vores sortiment omfatter popul\u00e6re vapes som <a href=\"https:\/\/vapestornado.com\/da\/product\/fumot-randm-tornado-15000-puffs-rechargeable-disposable-vape-wholesale\/\">RandM Tornado 15000<\/a>, og smagsrige valg som <a href=\"https:\/\/vapestornado.com\/da\/product\/vapsolo-dg-18000-puffs-smart-screen-wholesale-disposable-cheap-vapes\/\">\u00a0Vapsolo DG18000 Pust<\/a> . Hvert produkt er valgt med fokus p\u00e5 kvalitet, v\u00e6rdi og variation, hvilket sikrer, at du finder det perfekte match til dine behov. Oplev enest\u00e5ende service og et bredt udvalg af topprodukter til engrospris hos vapestornado.<\/p>\n<\/div>\n<h3><\/h3>\n<div class=\"relative p-1 rounded-sm flex items-center justify-center bg-token-main-surface-primary text-token-text-primary h-8 w-8\">\n<h3>Ofte stillede sp\u00f8rgsm\u00e5l om Bood Infinity 30k Engangs-e-cigaret<\/h3>\n<\/div>\n<\/div>\n<\/div>\n<\/div>\n<div class=\"flex-shrink-0 flex flex-col relative items-end\">\n<div class=\"pt-0\">\n<div class=\"gizmo-bot-avatar flex h-8 w-8 items-center justify-center overflow-hidden rounded-full\">\n<div class=\"relative p-1 rounded-sm flex items-center justify-center bg-token-main-surface-primary text-token-text-primary h-8 w-8\">\n<div class=\"mb-2 flex gap-3 empty:hidden -ml-2\">\n<div role=\"article\" data-tabster=\"{&quot;groupper&quot;:{&quot;tabbability&quot;:2},&quot;focusable&quot;:{}}\" data-content=\"ai-message\" aria-labelledby=\"Vdt5ez4X7Tg813x6rFVha-author Vdt5ez4X7Tg813x6rFVha-content\">\n<div id=\"Vdt5ez4X7Tg813x6rFVha-content\">\n<div role=\"article\" data-tabster=\"{&quot;groupper&quot;:{&quot;tabbability&quot;:2},&quot;focusable&quot;:{}}\" data-content=\"ai-message\" aria-labelledby=\"o968oC7CEo2fGHsGdsRYC-author o968oC7CEo2fGHsGdsRYC-content\">\n<div id=\"o968oC7CEo2fGHsGdsRYC-content\">\n<div class=\"flex max-w-full flex-col flex-grow\">\n<div class=\"min-h-8 text-message flex w-full flex-col items-end gap-2 whitespace-normal break-words text-start [.text-message+&amp;]:mt-5\" dir=\"auto\" data-message-author-role=\"assistant\" data-message-id=\"b080906d-586a-45a5-bbed-ade28bd7e809\" data-message-model-slug=\"gpt-4o\">\n<div class=\"flex w-full flex-col gap-1 empty:hidden first:pt-[3px]\">\n<div class=\"markdown prose w-full break-words dark:prose-invert light\">\n<h3><\/h3>\n<div role=\"article\" data-tabster=\"{&quot;groupper&quot;:{&quot;tabbability&quot;:2},&quot;focusable&quot;:{}}\" data-content=\"ai-message\" aria-labelledby=\"56SXh4AMWhyZudHYw72d2-author} 56SXh4AMWhyZudHYw72d2-content-0\">\n<div id=\"56SXh4AMWhyZudHYw72d2-content-0\">\n<ol start=\"1\">\n<li><strong>Hvor mange sug giver Bood Infinity 30k?<\/strong> Bood Infinity 30000 giver op til 30000 sug for langvarig nydelse.<\/li>\n<li><strong>Hvilke funktioner viser LED-smartsk\u00e6rmen?<\/strong> LED-smartsk\u00e6rmen viser batteriniveau og antal sug, s\u00e5 du altid er informeret.<\/li>\n<li><strong>Er Bood Infinity 30k genopladelig?<\/strong> Ja, den leveres med et 650mAh genopladeligt batteri til kontinuerlig brug.<\/li>\n<li><strong>Hvordan justerer jeg luftindtaget p\u00e5 Bood 30000?<\/strong> Bood Infinity 30000 har et justerbart luftstr\u00f8mssystem, der giver dig mulighed for at tilpasse din dampoplevelse.<\/li>\n<li><strong>Hvor kan jeg k\u00f8be Bood Infinity 30k til en engrospris?<\/strong> Du kan k\u00f8be Bood Infinity 30000 til engrospriser fra <strong>vapestornado online vape butik<\/strong>.<\/li>\n<\/ol>\n<\/div>\n<\/div>\n<\/div>\n<\/div>\n<\/div>\n<\/div>\n<div class=\"mb-2 flex gap-3 empty:hidden -ml-2\">\n<div class=\"items-center justify-start rounded-xl p-1 flex\"><\/div>\n<\/div>\n<\/div>\n<\/div>\n<\/div>\n<\/div>\n<\/div>\n<\/div>\n<\/div>\n<\/div>\n<\/div>","protected":false},"excerpt":{"rendered":"<p>Bood Infinity 30000 Puffs 2% 5% Lav Nikotin Engangs Vape Bulk K\u00f8bspris<br \/>\nBood Infinity 30000 Puffs Genopladelig Engangs Vape Engros<br \/>\nBillig Fabrikspris Bood Infinity 30000 Puffs 2% 5% Lav Nikotin Engangs Vape<\/p>\n<p><strong>Tilf\u00f8j Amys whatsapp, f\u00e5 et hurtigt svar og en vape-kupon!<\/strong><\/p>\n<p><img fetchpriority=\"high\" decoding=\"async\" class=\"size-full wp-image-2932\" src=\"https:\/\/vapestornado.com\/wp-content\/uploads\/2024\/12\/Vape-Wholesale.jpg\" alt=\"Vape Engros\" width=\"229\" height=\"300\" \/><\/p>\n<h3><a href=\"https:\/\/wa.me\/8617776015835\"><span style=\"color: #ff0000;\"><strong>WhatsApp: +86 17776015835<\/strong><\/span><\/a><\/h3>\n<p>&nbsp;<\/p>","protected":false},"featured_media":3292,"comment_status":"open","ping_status":"closed","template":"","meta":{"_acf_changed":false,"_uag_custom_page_level_css":"","_lmt_disableupdate":"no","_lmt_disable":"","_monsterinsights_skip_tracking":false,"_monsterinsights_sitenote_active":false,"_monsterinsights_sitenote_note":"","_monsterinsights_sitenote_category":0,"site-sidebar-layout":"default","site-content-layout":"","ast-site-content-layout":"default","site-content-style":"default","site-sidebar-style":"default","ast-global-header-display":"","ast-banner-title-visibility":"","ast-main-header-display":"","ast-hfb-above-header-display":"","ast-hfb-below-header-display":"","ast-hfb-mobile-header-display":"","site-post-title":"","ast-breadcrumbs-content":"","ast-featured-img":"","footer-sml-layout":"","ast-disable-related-posts":"","theme-transparent-header-meta":"default","adv-header-id-meta":"","stick-header-meta":"","header-above-stick-meta":"","header-main-stick-meta":"","header-below-stick-meta":"","astra-migrate-meta-layouts":"set","ast-page-background-enabled":"default","ast-page-background-meta":{"desktop":{"background-color":"","background-image":"","background-repeat":"repeat","background-position":"center center","background-size":"auto","background-attachment":"scroll","background-type":"","background-media":"","overlay-type":"","overlay-color":"","overlay-opacity":"","overlay-gradient":""},"tablet":{"background-color":"","background-image":"","background-repeat":"repeat","background-position":"center center","background-size":"auto","background-attachment":"scroll","background-type":"","background-media":"","overlay-type":"","overlay-color":"","overlay-opacity":"","overlay-gradient":""},"mobile":{"background-color":"","background-image":"","background-repeat":"repeat","background-position":"center center","background-size":"auto","background-attachment":"scroll","background-type":"","background-media":"","overlay-type":"","overlay-color":"","overlay-opacity":"","overlay-gradient":""}},"ast-content-background-meta":{"desktop":{"background-color":"var(--ast-global-color-5)","background-image":"","background-repeat":"repeat","background-position":"center center","background-size":"auto","background-attachment":"scroll","background-type":"","background-media":"","overlay-type":"","overlay-color":"","overlay-opacity":"","overlay-gradient":""},"tablet":{"background-color":"var(--ast-global-color-5)","background-image":"","background-repeat":"repeat","background-position":"center center","background-size":"auto","background-attachment":"scroll","background-type":"","background-media":"","overlay-type":"","overlay-color":"","overlay-opacity":"","overlay-gradient":""},"mobile":{"background-color":"var(--ast-global-color-5)","background-image":"","background-repeat":"repeat","background-position":"center center","background-size":"auto","background-attachment":"scroll","background-type":"","background-media":"","overlay-type":"","overlay-color":"","overlay-opacity":"","overlay-gradient":""}},"_joinchat":{"telephone":"+8617776015835"}},"product_brand":[],"product_cat":[140,67,193,152,157,160,143,144],"product_tag":[187,165,97,166,184,94],"class_list":{"0":"post-3303","1":"product","2":"type-product","3":"status-publish","4":"has-post-thumbnail","6":"product_cat-big-puffs-disposable-vapes","7":"product_cat-30000-puff","8":"product_cat-bood-disposable-vapes","9":"product_cat-buy-disposable-vapes-in-cermany","10":"product_cat-buy-disposable-vapes-in-portugal","11":"product_cat-buy-disposable-vapes-in-switzerland","12":"product_cat-dual-mesh-disposable-vapes","13":"product_cat-low-nicotine-disposable-vapes","14":"product_tag-bood-infinity-30000","15":"product_tag-cheap-vapes","16":"product_tag-hot-sale-disposable-vape","17":"product_tag-low-nicotine-vape","18":"product_tag-puff-35k","19":"product_tag-rechargeable-disposable-vape","20":"desktop-align-left","21":"tablet-align-left","22":"mobile-align-left","24":"first","25":"instock","26":"sale","27":"shipping-taxable","28":"purchasable","29":"product-type-simple"},"acf":[],"uagb_featured_image_src":{"full":["https:\/\/vapestornado.com\/wp-content\/uploads\/2024\/12\/Bood-Infinity-30000-Puff-Vape.jpg",800,800,false],"thumbnail":["https:\/\/vapestornado.com\/wp-content\/uploads\/2024\/12\/Bood-Infinity-30000-Puff-Vape-150x150.jpg",150,150,true],"medium":["https:\/\/vapestornado.com\/wp-content\/uploads\/2024\/12\/Bood-Infinity-30000-Puff-Vape-300x300.jpg",300,300,true],"medium_large":["https:\/\/vapestornado.com\/wp-content\/uploads\/2024\/12\/Bood-Infinity-30000-Puff-Vape-768x768.jpg",768,768,true],"large":["https:\/\/vapestornado.com\/wp-content\/uploads\/2024\/12\/Bood-Infinity-30000-Puff-Vape.jpg",800,800,false],"1536x1536":["https:\/\/vapestornado.com\/wp-content\/uploads\/2024\/12\/Bood-Infinity-30000-Puff-Vape.jpg",800,800,false],"2048x2048":["https:\/\/vapestornado.com\/wp-content\/uploads\/2024\/12\/Bood-Infinity-30000-Puff-Vape.jpg",800,800,false],"trp-custom-language-flag":["https:\/\/vapestornado.com\/wp-content\/uploads\/2024\/12\/Bood-Infinity-30000-Puff-Vape.jpg",12,12,false],"woocommerce_thumbnail":["https:\/\/vapestornado.com\/wp-content\/uploads\/2024\/12\/Bood-Infinity-30000-Puff-Vape-300x300.jpg",300,300,true],"woocommerce_single":["https:\/\/vapestornado.com\/wp-content\/uploads\/2024\/12\/Bood-Infinity-30000-Puff-Vape-600x600.jpg",600,600,true],"woocommerce_gallery_thumbnail":["https:\/\/vapestornado.com\/wp-content\/uploads\/2024\/12\/Bood-Infinity-30000-Puff-Vape-100x100.jpg",100,100,true]},"uagb_author_info":{"display_name":"ESAMY","author_link":"https:\/\/vapestornado.com\/da\/author\/"},"uagb_comment_info":1,"uagb_excerpt":"Bood Infinity 30000 Puffs 2% 5% Low Nicotine Disposable Vape Bulk Buy Price Bood Infinity 30000 Puffs Rechargeable Disposable Vape Wholesale Cheap Factory Bood Infinity 30000 Puffs 2% 5% Low Nicotine Disposable Vape Add Amy's whatsapp get right reply and vape vape coupon! WhatsApp: +86 17776015835 &nbsp;","_links":{"self":[{"href":"https:\/\/vapestornado.com\/da\/wp-json\/wp\/v2\/product\/3303","targetHints":{"allow":["GET"]}}],"collection":[{"href":"https:\/\/vapestornado.com\/da\/wp-json\/wp\/v2\/product"}],"about":[{"href":"https:\/\/vapestornado.com\/da\/wp-json\/wp\/v2\/types\/product"}],"replies":[{"embeddable":true,"href":"https:\/\/vapestornado.com\/da\/wp-json\/wp\/v2\/comments?post=3303"}],"wp:featuredmedia":[{"embeddable":true,"href":"https:\/\/vapestornado.com\/da\/wp-json\/wp\/v2\/media\/3292"}],"wp:attachment":[{"href":"https:\/\/vapestornado.com\/da\/wp-json\/wp\/v2\/media?parent=3303"}],"wp:term":[{"taxonomy":"product_brand","embeddable":true,"href":"https:\/\/vapestornado.com\/da\/wp-json\/wp\/v2\/product_brand?post=3303"},{"taxonomy":"product_cat","embeddable":true,"href":"https:\/\/vapestornado.com\/da\/wp-json\/wp\/v2\/product_cat?post=3303"},{"taxonomy":"product_tag","embeddable":true,"href":"https:\/\/vapestornado.com\/da\/wp-json\/wp\/v2\/product_tag?post=3303"}],"curies":[{"name":"wp","href":"https:\/\/api.w.org\/{rel}","templated":true}]}}