{"id":3301,"date":"2024-12-20T08:43:41","date_gmt":"2024-12-20T08:43:41","guid":{"rendered":"https:\/\/vapestornado.com\/?post_type=product&#038;p=3301"},"modified":"2025-08-23T12:25:51","modified_gmt":"2025-08-23T12:25:51","slug":"vookbar-cyber-pro-30000-puffs-disposable-vape-5-wholesale-price","status":"publish","type":"product","link":"https:\/\/vapestornado.com\/da\/product\/vookbar-cyber-pro-30000-puffs-disposable-vape-5-wholesale-price\/","title":{"rendered":"Vookbar Cyber PRO 30000 Puffs Engangs Vape 5% Engrospris"},"content":{"rendered":"<h1>Vookbar Cyber PRO 30000 Puffs Engangs Vape 5% Engrospris<\/h1>\n<p>&nbsp;<\/p>\n<div role=\"article\" data-tabster=\"{&quot;groupper&quot;:{&quot;tabbability&quot;:2},&quot;focusable&quot;:{}}\" data-content=\"ai-message\" aria-labelledby=\"64JRvXrTnY7mRmPkEQLLT-author 64JRvXrTnY7mRmPkEQLLT-content\">\n<div id=\"64JRvXrTnY7mRmPkEQLLT-content\">\n<p>Den <strong>Vookbar Cyber PRO 30000 Puffs Engangs-vape<\/strong> omdefinerer gr\u00e6nserne for moderne vaping ved at fusionere avanceret teknologi med enest\u00e5ende ydeevne. Cyber PRO er designet til vapers, der s\u00f8ger mere end bare en almindelig enhed, og kombinerer intelligente funktioner med et slankt design, hvilket skaber en virkelig futuristisk dampoplevelse.<\/p>\n<p><strong>Uovertruffen ydeevne<\/strong><\/p>\n<p>Med en imponerende <strong>30k sug levetid<\/strong>, Vookbar Cyber PRO tilbyder enest\u00e5ende lang levetid, hvilket g\u00f8r den til et ideelt valg til udvidet brug. Enheden er udstyret med en <strong>22 ml e-v\u00e6ske kapacitet<\/strong> og har en nikotinstyrke p\u00e5 <strong>20mg\/ml<\/strong>, der leverer konsekvent, tilfredsstillende damp med hvert sug. Drevet af et robust <strong>2.850mAh genopladeligt batteri<\/strong> og udnytter en <strong>Type-C opladningsporten<\/strong>, sikrer Cyber PRO hurtig, p\u00e5lidelig genopladning for uafbrudt brug.<\/p>\n<p><strong>Integration af smart teknologi<\/strong><\/p>\n<p>Vookbar Cyber PRO g\u00e5r ud over traditionel vaping og fungerer som en multifunktionel enhed, der problemfrit integreres med din digitale livsstil. Den opretter forbindelse via <strong>Bluetooth<\/strong> eller dens propriet\u00e6re app, hvilket muligg\u00f8r smarte funktioner som:<\/p>\n<ul>\n<li><strong>Tilpasningsindstillinger for dampning<\/strong> for at skr\u00e6ddersy din oplevelse til dine pr\u00e6ferencer.<\/li>\n<li><strong>Fjernbetjening af kamera<\/strong>, perfekt til selfies og kreativ fotografering.<\/li>\n<li><strong>Sociale notifikationer<\/strong> for at holde dig opdateret p\u00e5 farten.<\/li>\n<li><strong>Indstillinger for brugerdefinerede baggrunde<\/strong>, der muligg\u00f8r personalisering af din enheds dynamiske sk\u00e6rm.<\/li>\n<li>Indbyggede v\u00e6rkt\u00f8jer som en <strong>lommeregner<\/strong>, <strong>minispil<\/strong>og mere for ekstra bekvemmelighed.<\/li>\n<\/ul>\n<figure id=\"attachment_3493\" aria-describedby=\"caption-attachment-3493\" style=\"width: 518px\" class=\"wp-caption alignnone\"><img fetchpriority=\"high\" decoding=\"async\" class=\"wp-image-3493\" src=\"https:\/\/vapestornado.com\/wp-content\/uploads\/2024\/12\/Vookbar-vape-30000-Puffs-Wholesale-Prcie-Disposable-Vapes.jpg\" alt=\"Vookbar vape 30000 Puffs Engangs Vapes Engrospriser\" width=\"518\" height=\"518\" srcset=\"https:\/\/vapestornado.com\/wp-content\/uploads\/2024\/12\/Vookbar-vape-30000-Puffs-Wholesale-Prcie-Disposable-Vapes.jpg 800w, https:\/\/vapestornado.com\/wp-content\/uploads\/2024\/12\/Vookbar-vape-30000-Puffs-Wholesale-Prcie-Disposable-Vapes-300x300.jpg 300w, https:\/\/vapestornado.com\/wp-content\/uploads\/2024\/12\/Vookbar-vape-30000-Puffs-Wholesale-Prcie-Disposable-Vapes-150x150.jpg 150w, https:\/\/vapestornado.com\/wp-content\/uploads\/2024\/12\/Vookbar-vape-30000-Puffs-Wholesale-Prcie-Disposable-Vapes-768x768.jpg 768w, https:\/\/vapestornado.com\/wp-content\/uploads\/2024\/12\/Vookbar-vape-30000-Puffs-Wholesale-Prcie-Disposable-Vapes-600x600.jpg 600w, https:\/\/vapestornado.com\/wp-content\/uploads\/2024\/12\/Vookbar-vape-30000-Puffs-Wholesale-Prcie-Disposable-Vapes-100x100.jpg 100w\" sizes=\"(max-width: 518px) 100vw, 518px\" \/><figcaption id=\"caption-attachment-3493\" class=\"wp-caption-text\">Vookbar vape 30000 Puffs Engangs Vapes Engrospriser<\/figcaption><\/figure>\n<h2><strong>Hvorfor v\u00e6lge Vookbar Cyber PRO 30000 Puffs vapes?<\/strong><\/h2>\n<ul>\n<li><strong>Innovation<\/strong> Kombinerer avanceret teknologi med et elegant design.<\/li>\n<li><strong>Massiv kapacitet:<\/strong> Leverer en j\u00e6vn, tilfredsstillende dampoplevelse med en kapacitet p\u00e5 30.000 sug.<\/li>\n<li><strong>Brugerdefinerbare funktioner:<\/strong> Juster str\u00f8m og \u00e6stetik, s\u00e5 det passer til dine unikke pr\u00e6ferencer.<\/li>\n<li><strong>Holdbar Konstruktion:<\/strong> Materialer af h\u00f8j kvalitet og et p\u00e5lideligt batteri sikrer langvarig ydeevne.<\/li>\n<\/ul>\n<p>Uanset om du er en teknisk kyndig damper eller blot leder efter en kraftfuld og stilfuld dampanordning, er <strong>Vookbar Cyber PRO 30000 Puffs Engangs Vape<\/strong> en blanding af <strong>innovation<\/strong>, <strong>ydeevne<\/strong>, og <strong>personalisering<\/strong>. L\u00f8ft din dampoplevelse i dag!<\/p>\n<\/div>\n<\/div>\n<p><img decoding=\"async\" class=\"wp-image-2951\" src=\"https:\/\/vapestornado.com\/wp-content\/uploads\/2024\/12\/Wholesale-Disposable-Vape-265x300.jpg\" alt=\"Engros Engangsvape\" width=\"295\" height=\"334\" srcset=\"https:\/\/vapestornado.com\/wp-content\/uploads\/2024\/12\/Wholesale-Disposable-Vape-265x300.jpg 265w, https:\/\/vapestornado.com\/wp-content\/uploads\/2024\/12\/Wholesale-Disposable-Vape-768x871.jpg 768w, https:\/\/vapestornado.com\/wp-content\/uploads\/2024\/12\/Wholesale-Disposable-Vape-600x680.jpg 600w, https:\/\/vapestornado.com\/wp-content\/uploads\/2024\/12\/Wholesale-Disposable-Vape.jpg 823w\" sizes=\"(max-width: 295px) 100vw, 295px\" \/><\/p>\n<h6>Venligst kontakt Mandys WhatsApp for rabatpris<a href=\"https:\/\/wa.me\/8618077105796\" target=\"_blank\" rel=\"noopener\">+8618077105796<\/a><\/h6>\n<p>&nbsp;<\/p>\n<div class=\"flex max-w-full flex-col flex-grow\">\n<div class=\"min-h-8 text-message flex w-full flex-col items-end gap-2 whitespace-normal break-words text-start [.text-message+&amp;]:mt-5\" dir=\"auto\" data-message-author-role=\"assistant\" data-message-id=\"cdb991c0-f594-4bff-b2d5-fbbdd7ce9e54\" data-message-model-slug=\"gpt-4o-mini\">\n<div class=\"flex w-full flex-col gap-1 empty:hidden first:pt-[3px]\">\n<div class=\"markdown prose w-full break-words dark:prose-invert light\">\n<h3>Engros vape Vookbar Cyber PRO 30.000 Pust \u2013 Specifikationer<\/h3>\n<ul>\n<li><strong>St\u00f8rrelse:<\/strong> Kompakt og b\u00e6rbar, <strong>49x24x93mm<\/strong>.<\/li>\n<li><strong>Sk\u00e6rm:<\/strong> <strong>2.01-tommer HD-sk\u00e6rm<\/strong>, perfekt til indstillinger og notifikationer.<\/li>\n<li><strong>Spole Type:<\/strong> <strong>Dobbelt mesh-spole<\/strong> for fyldig smag og bl\u00f8de skyer.<\/li>\n<li><strong>E-v\u00e6ske kapacitet:<\/strong> Forudfyldt med <strong>22ML premium vapejuice<\/strong>.<\/li>\n<li><strong>Nikotinstyrke:<\/strong> Leverer et tilfredsstillende <strong>5% nikotin<\/strong> hit.<\/li>\n<li><strong>Batteri:<\/strong> Langvarig <strong>850mAh genopladelige batteri<\/strong> med hurtig <strong>Type-C opladning<\/strong>.<\/li>\n<li><strong>Puff Tilstande:<\/strong>\n<ul>\n<li><strong>Normal Tilstand:<\/strong> Op til <strong>30.000 sug<\/strong> for forl\u00e6nget dampning.<\/li>\n<li><strong>Power Tilstand:<\/strong> Op til <strong>15.000 sug<\/strong> for en st\u00e6rkere ydeevne.<\/li>\n<\/ul>\n<\/li>\n<li><strong>Betjening:<\/strong> Enkel <strong>sideknap kontrol<\/strong> til t\u00e6nd\/sluk og justeringer.<\/li>\n<li><strong>Funktioner:<\/strong> Bluetooth-forbindelse, milj\u00f8venlige materialer og tilpasselige dampningstilstande.<\/li>\n<\/ul>\n<\/div>\n<\/div>\n<\/div>\n<\/div>\n<div class=\"mb-2 flex gap-3 empty:hidden -ml-2\">\n<h3 class=\"items-center justify-start rounded-xl p-1 flex\"><\/h3>\n<\/div>\n<h3><strong>Vookbar Cyber PRO 30k Puffs Vape Pods Smagsliste:<\/strong><\/h3>\n<p>1.Bl\u00e5 hindb\u00e6r is<br \/>\n2.Fersken is<br \/>\n3.Druer is<br \/>\n4.Jordb\u00e6r vandmelon<br \/>\n5. Jordb\u00e6r banan<br \/>\n6.Kirseb\u00e6r vandmelon<br \/>\n7. Vandmelon is<br \/>\n8.Fersken mango<br \/>\n9.Jordb\u00e6r kiwi<br \/>\n10.Hvid jordb\u00e6r is<br \/>\n11.Hvid vingummi is<br \/>\n12.Frossen pinacolada<br \/>\n13.Fucking fantastisk<br \/>\n14.Mojito blandede b\u00e6r<\/p>\n<div role=\"article\" data-tabster=\"{&quot;groupper&quot;:{&quot;tabbability&quot;:2},&quot;focusable&quot;:{}}\" data-content=\"ai-message\" aria-labelledby=\"dARUyEWDoEYhnSPXFwx5A-author dARUyEWDoEYhnSPXFwx5A-content\">\n<div id=\"dARUyEWDoEYhnSPXFwx5A-content\">\n<h4>Hvorfor v\u00e6lge Vookbar Cyber PRO 30000 Pust engangsvapes hos <a href=\"https:\/\/vapestornado.com\/da\/store\/\">vapestornado.dk<\/a>?<\/h4>\n<p><strong>1. Massiv Pustkapacitet:<\/strong><br \/>\nDesignet til langvarig nydelse, har <strong>Vookbar Cyber PRO<\/strong> op til <strong>30.000 sug<\/strong> i Norm Mode og <strong>15.000 sug<\/strong> i Power Mode.<\/p>\n<p><strong>2. Avancerede Funktioner:<\/strong><br \/>\nUdstyret med en <strong>2.01-tommer HD-sk\u00e6rm<\/strong>, <strong>dual mesh coil-teknologi<\/strong>, og <strong>tilpassede vaping-tilstande<\/strong>, den kombinerer ydeevne med stil.<\/p>\n<p><strong>3. Premium E-v\u00e6ske og Nikotinmuligheder:<\/strong><br \/>\nMed <strong>22ML pr\u00e6-fyldt e-v\u00e6ske<\/strong> og <strong>5% nikotinstyrke<\/strong>, oplev j\u00e6vne, smagfulde og tilfredsstillende pust hver gang.<\/p>\n<p><strong>4. Innovativt og Brugervenligt Design:<\/strong><br \/>\nFunktioner som <strong>Bluetooth-forbindelse<\/strong>, <strong>sideknap kontrol<\/strong>, og <strong>bev\u00e6gelsestilstand<\/strong> g\u00f8r enheden let at bruge og multifunktionel.<\/p>\n<p><strong>5. Shop trygt hos vapestornado.com:<\/strong><\/p>\n<ul>\n<li>Nyd <strong>konkurrencedygtige priser<\/strong> om den seneste vaping-teknologi.<\/li>\n<li>Drag fordel af <strong>hurtig, p\u00e5lidelig forsendelse<\/strong> i hele Europa.<\/li>\n<li>V\u00e6lg mellem <strong>eksklusive engrosaftaler<\/strong> ved stork\u00f8b.<\/li>\n<li>K\u00f8b sikkert med betroede betalingsmetoder og fremragende kundesupport.<\/li>\n<\/ul>\n<p>Opgrader dit vaping-spil i dag med <strong>Vookbar Cyber PRO 30K sug<\/strong> tilg\u00e6ngelig hos <strong>vapestornado.dk<\/strong>!<\/p>\n<\/div>\n<\/div>\n<h4>Ofte stillede sp\u00f8rgsm\u00e5l om Vookbar Cyber PRO 30000 Puffs Vapes med lang levetid<\/h4>\n<p>&nbsp;<\/p>\n<h6><strong>1.Hvad g\u00f8r Vookbar Cyber PRO 30.000 Puffs Vape unik?<\/strong><\/h6>\n<ul>\n<li>Enheden kombinerer <strong>avanceret vaping-teknologi<\/strong> med funktioner som <strong>tilpassede vaping-tilstande<\/strong>, en <strong>2,01-tommer HD-sk\u00e6rm<\/strong>, og <strong>dobbelte puff-tilstande<\/strong> for forl\u00e6nget eller kraftfuld ydeevne.<\/li>\n<\/ul>\n<h6>2. <strong>Hvor mange puffs kan jeg f\u00e5 med Vookbar Cyber PRO Vape Box?<\/strong><\/h6>\n<ul>\n<li>In <strong>Normtilstand<\/strong>, kan du nyde op til <strong>30.000 sug<\/strong>, mens <strong>Power-tilstand<\/strong> tilbyder <strong>15.000 sug<\/strong> for en mere intens dampoplevelse.<\/li>\n<\/ul>\n<h6>3. <strong>Hvilken nikotinstyrke tilbyder Vookbar 30000 puff?<\/strong><\/h6>\n<ul>\n<li>Vookbar Cyber PRO har <strong>5% nikotinstyrke<\/strong>, hvilket giver et j\u00e6vnt og tilfredsstillende hit.<\/li>\n<\/ul>\n<h6>4. <strong>Er Vookbar Cyber PRO genopladelige vapes?<\/strong><\/h6>\n<ul>\n<li>Ja, den inkluderer en <strong>850mAh genopladelige batteri<\/strong> og underst\u00f8tter <strong>hurtig Type-C opladning<\/strong>.<\/li>\n<\/ul>\n<h6>5. <strong>Bruger 30k puffs vape vookbar mesh coil-teknologi?<\/strong><\/h6>\n<ul>\n<li>Ja, enheden har <strong>dual mesh coil-teknologi<\/strong> for ensartet smag og t\u00e6t damp-produktion.<\/li>\n<\/ul>","protected":false},"excerpt":{"rendered":"<div class=\"flex-shrink-0 flex flex-col relative items-end\">\n<div>\n<div class=\"pt-0\">\n<div class=\"gizmo-bot-avatar flex h-8 w-8 items-center justify-center overflow-hidden rounded-full\">\n<div class=\"relative p-1 rounded-sm flex items-center justify-center bg-token-main-surface-primary text-token-text-primary h-8 w-8\"><\/div>\n<\/div>\n<\/div>\n<\/div>\n<\/div>\n<div class=\"group\/conversation-turn relative flex w-full min-w-0 flex-col agent-turn\">\n<div class=\"flex-col gap-1 md:gap-3\">\n<div class=\"flex max-w-full flex-col flex-grow\">\n<div class=\"min-h-8 text-message flex w-full flex-col items-end gap-2 whitespace-normal break-words text-start [.text-message+&amp;]:mt-5\" dir=\"auto\" data-message-author-role=\"assistant\" data-message-id=\"cffa29e8-f112-46da-81c0-9ed74f60547a\" data-message-model-slug=\"gpt-4o\">\n<div class=\"flex w-full flex-col gap-1 empty:hidden first:pt-[3px]\">\n<div class=\"markdown prose w-full break-words dark:prose-invert light\">\n<p>Vookbar Cyber PRO 30000 Puffs engangs-vape, 5% nikotin, slankt design, h\u00f8j kapacitet, ideel til engros- og massek\u00f8b.<\/p>\n<\/div>\n<\/div>\n<\/div>\n<\/div>\n<\/div>\n<\/div>\n<figure id=\"attachment_2951\" aria-describedby=\"caption-attachment-2951\" style=\"width: 265px\" class=\"wp-caption alignnone\"><img decoding=\"async\" class=\"size-medium wp-image-2951\" src=\"https:\/\/vapestornado.com\/wp-content\/uploads\/2024\/12\/Wholesale-Disposable-Vape-265x300.jpg\" alt=\"Engros Engangsvape\" width=\"265\" height=\"300\" srcset=\"https:\/\/vapestornado.com\/wp-content\/uploads\/2024\/12\/Wholesale-Disposable-Vape-265x300.jpg 265w, https:\/\/vapestornado.com\/wp-content\/uploads\/2024\/12\/Wholesale-Disposable-Vape-768x871.jpg 768w, https:\/\/vapestornado.com\/wp-content\/uploads\/2024\/12\/Wholesale-Disposable-Vape-600x680.jpg 600w, https:\/\/vapestornado.com\/wp-content\/uploads\/2024\/12\/Wholesale-Disposable-Vape.jpg 823w\" sizes=\"(max-width: 265px) 100vw, 265px\" \/><figcaption id=\"caption-attachment-2951\" class=\"wp-caption-text\">Venligst kontakt Mandys WhatsApp for rabatpris\u00a0 <a href=\"https:\/\/wa.me\/8618077105796\">+8618077105796<\/a><\/figcaption><\/figure>\n<p>&nbsp;<\/p>","protected":false},"featured_media":3489,"comment_status":"open","ping_status":"closed","template":"","meta":{"_acf_changed":false,"_uag_custom_page_level_css":"","_lmt_disableupdate":"no","_lmt_disable":"","_monsterinsights_skip_tracking":false,"_monsterinsights_sitenote_active":false,"_monsterinsights_sitenote_note":"","_monsterinsights_sitenote_category":0,"site-sidebar-layout":"default","site-content-layout":"","ast-site-content-layout":"default","site-content-style":"default","site-sidebar-style":"default","ast-global-header-display":"","ast-banner-title-visibility":"","ast-main-header-display":"","ast-hfb-above-header-display":"","ast-hfb-below-header-display":"","ast-hfb-mobile-header-display":"","site-post-title":"","ast-breadcrumbs-content":"","ast-featured-img":"","footer-sml-layout":"","ast-disable-related-posts":"","theme-transparent-header-meta":"default","adv-header-id-meta":"","stick-header-meta":"","header-above-stick-meta":"","header-main-stick-meta":"","header-below-stick-meta":"","astra-migrate-meta-layouts":"set","ast-page-background-enabled":"default","ast-page-background-meta":{"desktop":{"background-color":"","background-image":"","background-repeat":"repeat","background-position":"center center","background-size":"auto","background-attachment":"scroll","background-type":"","background-media":"","overlay-type":"","overlay-color":"","overlay-opacity":"","overlay-gradient":""},"tablet":{"background-color":"","background-image":"","background-repeat":"repeat","background-position":"center center","background-size":"auto","background-attachment":"scroll","background-type":"","background-media":"","overlay-type":"","overlay-color":"","overlay-opacity":"","overlay-gradient":""},"mobile":{"background-color":"","background-image":"","background-repeat":"repeat","background-position":"center center","background-size":"auto","background-attachment":"scroll","background-type":"","background-media":"","overlay-type":"","overlay-color":"","overlay-opacity":"","overlay-gradient":""}},"ast-content-background-meta":{"desktop":{"background-color":"var(--ast-global-color-5)","background-image":"","background-repeat":"repeat","background-position":"center center","background-size":"auto","background-attachment":"scroll","background-type":"","background-media":"","overlay-type":"","overlay-color":"","overlay-opacity":"","overlay-gradient":""},"tablet":{"background-color":"var(--ast-global-color-5)","background-image":"","background-repeat":"repeat","background-position":"center center","background-size":"auto","background-attachment":"scroll","background-type":"","background-media":"","overlay-type":"","overlay-color":"","overlay-opacity":"","overlay-gradient":""},"mobile":{"background-color":"var(--ast-global-color-5)","background-image":"","background-repeat":"repeat","background-position":"center center","background-size":"auto","background-attachment":"scroll","background-type":"","background-media":"","overlay-type":"","overlay-color":"","overlay-opacity":"","overlay-gradient":""}},"_joinchat":{"telephone":"+8618077105796"}},"product_brand":[],"product_cat":[67,149,150,154,155],"product_tag":[97,188],"class_list":{"0":"post-3301","1":"product","2":"type-product","3":"status-publish","4":"has-post-thumbnail","6":"product_cat-30000-puff","7":"product_cat-buy-disposable-vapes-in-austria","8":"product_cat-buy-disposable-vapes-in-belgium","9":"product_cat-buy-disposable-vapes-in-netherlands","10":"product_cat-buy-disposable-vapes-in-norway","11":"product_tag-hot-sale-disposable-vape","12":"product_tag-vookbar-cyber-pro-30000-puffs","13":"desktop-align-left","14":"tablet-align-left","15":"mobile-align-left","17":"first","18":"instock","19":"sale","20":"shipping-taxable","21":"purchasable","22":"product-type-simple"},"acf":[],"uagb_featured_image_src":{"full":["https:\/\/vapestornado.com\/wp-content\/uploads\/2024\/12\/Best-Price-Vookbar-30000-Puff-Vapes.jpg",800,800,false],"thumbnail":["https:\/\/vapestornado.com\/wp-content\/uploads\/2024\/12\/Best-Price-Vookbar-30000-Puff-Vapes-150x150.jpg",150,150,true],"medium":["https:\/\/vapestornado.com\/wp-content\/uploads\/2024\/12\/Best-Price-Vookbar-30000-Puff-Vapes-300x300.jpg",300,300,true],"medium_large":["https:\/\/vapestornado.com\/wp-content\/uploads\/2024\/12\/Best-Price-Vookbar-30000-Puff-Vapes-768x768.jpg",768,768,true],"large":["https:\/\/vapestornado.com\/wp-content\/uploads\/2024\/12\/Best-Price-Vookbar-30000-Puff-Vapes.jpg",800,800,false],"1536x1536":["https:\/\/vapestornado.com\/wp-content\/uploads\/2024\/12\/Best-Price-Vookbar-30000-Puff-Vapes.jpg",800,800,false],"2048x2048":["https:\/\/vapestornado.com\/wp-content\/uploads\/2024\/12\/Best-Price-Vookbar-30000-Puff-Vapes.jpg",800,800,false],"trp-custom-language-flag":["https:\/\/vapestornado.com\/wp-content\/uploads\/2024\/12\/Best-Price-Vookbar-30000-Puff-Vapes.jpg",12,12,false],"woocommerce_thumbnail":["https:\/\/vapestornado.com\/wp-content\/uploads\/2024\/12\/Best-Price-Vookbar-30000-Puff-Vapes-300x300.jpg",300,300,true],"woocommerce_single":["https:\/\/vapestornado.com\/wp-content\/uploads\/2024\/12\/Best-Price-Vookbar-30000-Puff-Vapes-600x600.jpg",600,600,true],"woocommerce_gallery_thumbnail":["https:\/\/vapestornado.com\/wp-content\/uploads\/2024\/12\/Best-Price-Vookbar-30000-Puff-Vapes-100x100.jpg",100,100,true]},"uagb_author_info":{"display_name":"ESMANDY","author_link":"https:\/\/vapestornado.com\/da\/author\/"},"uagb_comment_info":0,"uagb_excerpt":"Vookbar Cyber PRO 30000 Puffs Disposable Vape, 5% nicotine, sleek design, high capacity, ideal for wholesale and bulk orders. [caption id=\"attachment_2951\" align=\"alignnone\" width=\"265\"] Pls Contact Mandy's WhatsApp For Discount Price\u00a0 +8618077105796[\/caption] &nbsp;","_links":{"self":[{"href":"https:\/\/vapestornado.com\/da\/wp-json\/wp\/v2\/product\/3301","targetHints":{"allow":["GET"]}}],"collection":[{"href":"https:\/\/vapestornado.com\/da\/wp-json\/wp\/v2\/product"}],"about":[{"href":"https:\/\/vapestornado.com\/da\/wp-json\/wp\/v2\/types\/product"}],"replies":[{"embeddable":true,"href":"https:\/\/vapestornado.com\/da\/wp-json\/wp\/v2\/comments?post=3301"}],"wp:featuredmedia":[{"embeddable":true,"href":"https:\/\/vapestornado.com\/da\/wp-json\/wp\/v2\/media\/3489"}],"wp:attachment":[{"href":"https:\/\/vapestornado.com\/da\/wp-json\/wp\/v2\/media?parent=3301"}],"wp:term":[{"taxonomy":"product_brand","embeddable":true,"href":"https:\/\/vapestornado.com\/da\/wp-json\/wp\/v2\/product_brand?post=3301"},{"taxonomy":"product_cat","embeddable":true,"href":"https:\/\/vapestornado.com\/da\/wp-json\/wp\/v2\/product_cat?post=3301"},{"taxonomy":"product_tag","embeddable":true,"href":"https:\/\/vapestornado.com\/da\/wp-json\/wp\/v2\/product_tag?post=3301"}],"curies":[{"name":"wp","href":"https:\/\/api.w.org\/{rel}","templated":true}]}}