{"id":3246,"date":"2024-12-19T07:46:10","date_gmt":"2024-12-19T07:46:10","guid":{"rendered":"https:\/\/vapestornado.com\/?post_type=product&#038;p=3246"},"modified":"2025-08-23T12:26:13","modified_gmt":"2025-08-23T12:26:13","slug":"vapsolo-king-10000-puffs-2-5-low-nicotine-rechargeable-disposable-vapes-pen-wholesale-bulk-buy","status":"publish","type":"product","link":"https:\/\/vapestornado.com\/da\/product\/vapsolo-king-10000-puffs-2-5-low-nicotine-rechargeable-disposable-vapes-pen-wholesale-bulk-buy\/","title":{"rendered":"Vapsolo King 10000 sug 2% 5% lavt nikotin genopladelig engangs-vape-pen, engros"},"content":{"rendered":"<h1 class=\"product-title\">Vapsolo King 10000 sug 2% 5% lavt nikotin genopladelig engangs-vape-pen, engros<\/h1>\n<p>Den <strong>Vapsolo King 10000 Puffs Lav Nikotin Genopladelig Engangs Vape Pen<\/strong> er et premiumvalg for dampere, der s\u00f8ger <strong>langvarig ydeevne<\/strong>, <strong>justerbar luftstr\u00f8m<\/strong>og fremragende v\u00e6rdi. Med en imponerende <strong>10.000 sug<\/strong> pr. enhed, sikrer denne vape udvidet tilfredsstillelse uden behov for hyppige udskiftninger.<\/p>\n<p>Dens <strong>20 ml e-v\u00e6skekapacitet<\/strong> parret med <strong>mesh coil-teknologi<\/strong> leverer j\u00e6vn dampproduktion og enest\u00e5ende smag i hvert sug. Det <strong>650mAh genopladelige batteri<\/strong> sikrer ensartet str\u00f8m, og den <strong>Type-C hurtigopladning<\/strong> holder dig klar til at dampe med minimal nedetid.<\/p>\n<p>Designet til personalisering, det <strong>justerbart luftflow<\/strong> funktionen tilbyder tre indstillinger, der passer til din foretrukne dampstil\u2014uanset om du nyder et strammere tr\u00e6k eller en mere \u00e5ben luftstr\u00f8m. Dens <strong>lette og b\u00e6rbare design<\/strong>, der kun vejer 95g, g\u00f8r den perfekt til dampere p\u00e5 farten. Plus, med <strong>engrospriser<\/strong>, er Vapsolo King 10000 en overkommelig og p\u00e5lidelig mulighed for b\u00e5de enkeltpersoner og forhandlere.<\/p>\n<p>&nbsp;<\/p>\n<p><strong>Tilf\u00f8j Amys Whatsapp for at f\u00e5 hurtigt svar og vape-kupon!<\/strong><\/p>\n<p><img fetchpriority=\"high\" decoding=\"async\" class=\"size-full wp-image-2932\" src=\"https:\/\/vapestornado.com\/wp-content\/uploads\/2024\/12\/Vape-Wholesale.jpg\" alt=\"Vape Engros\" width=\"229\" height=\"300\" \/><\/p>\n<h3><a href=\"https:\/\/wa.me\/8617776015835\" target=\"_blank\" rel=\"noopener\"><span style=\"color: #ff0000;\"><strong>WhatsApp: +86 17776015835<\/strong><\/span><\/a><\/h3>\n<p>&nbsp;<\/p>\n<h2><strong>Vapsolo King 10000 Puffs Produktegenskaber<\/strong><\/h2>\n<div role=\"article\" data-tabster=\"{&quot;groupper&quot;:{&quot;tabbability&quot;:2},&quot;focusable&quot;:{}}\" data-content=\"ai-message\" aria-labelledby=\"juhNTJ6o7Gk1cgwZMJgv2-author juhNTJ6o7Gk1cgwZMJgv2-content\">\n<div id=\"juhNTJ6o7Gk1cgwZMJgv2-content\">\n<div role=\"article\" data-tabster=\"{&quot;groupper&quot;:{&quot;tabbability&quot;:2},&quot;focusable&quot;:{}}\" data-content=\"ai-message\" aria-labelledby=\"x4EZuCZWrTbh3weWUt7CU-author x4EZuCZWrTbh3weWUt7CU-content\">\n<div id=\"x4EZuCZWrTbh3weWUt7CU-content\">\n<h3><\/h3>\n<ol>\n<li style=\"list-style-type: none;\">\n<ol>\n<li><strong>10.000 sug:<\/strong> Langvarig dampoplevelse for uafbrudt tilfredsstillelse.<\/li>\n<li><strong>Genopladeligt batteri:<\/strong> <strong>650mAh batteri<\/strong> med <strong>Type-C hurtigopladning<\/strong> for bekvemmelighed.<\/li>\n<li><strong>Justerbar Luftstr\u00f8m:<\/strong> Tre tilpasselige indstillinger for et personligt sug.<\/li>\n<li><strong>Mesh Coil Teknologi:<\/strong> Sikrer j\u00e6vn dampproduktion og forbedret smag.<\/li>\n<li><strong>20 ml E-v\u00e6ske kapacitet:<\/strong> F\u00e6rre genopfyldninger for st\u00f8rre bekvemmelighed.<\/li>\n<li><strong>Tilpasselige Nikotinniveauer:<\/strong> Tilg\u00e6ngelig i <strong>2% og 5% lav nikotin<\/strong> muligheder.<\/li>\n<li><strong>Letv\u00e6gts design:<\/strong> Vejer kun <strong>95 g<\/strong>, perfekt til b\u00e6rbarhed og rejser.<\/li>\n<li><strong>Tilg\u00e6ngelighed for engroshandel:<\/strong> Prisvenlige muligheder for stork\u00f8b, ideelle til personlig brug og detailhandel.<\/li>\n<\/ol>\n<\/li>\n<\/ol>\n<figure id=\"attachment_3241\" aria-describedby=\"caption-attachment-3241\" style=\"width: 600px\" class=\"wp-caption alignnone\"><img decoding=\"async\" class=\"wp-image-3241\" src=\"https:\/\/vapestornado.com\/wp-content\/uploads\/2024\/12\/Vapsolo-Disposable-Vape-Wholesale-300x300.jpg\" alt=\"Engangs Vape Engros Vapsolo King 10000 Pust\" width=\"600\" height=\"600\" srcset=\"https:\/\/vapestornado.com\/wp-content\/uploads\/2024\/12\/Vapsolo-Disposable-Vape-Wholesale-300x300.jpg 300w, https:\/\/vapestornado.com\/wp-content\/uploads\/2024\/12\/Vapsolo-Disposable-Vape-Wholesale-150x150.jpg 150w, https:\/\/vapestornado.com\/wp-content\/uploads\/2024\/12\/Vapsolo-Disposable-Vape-Wholesale-768x768.jpg 768w, https:\/\/vapestornado.com\/wp-content\/uploads\/2024\/12\/Vapsolo-Disposable-Vape-Wholesale-600x600.jpg 600w, https:\/\/vapestornado.com\/wp-content\/uploads\/2024\/12\/Vapsolo-Disposable-Vape-Wholesale-100x100.jpg 100w, https:\/\/vapestornado.com\/wp-content\/uploads\/2024\/12\/Vapsolo-Disposable-Vape-Wholesale.jpg 1000w\" sizes=\"(max-width: 600px) 100vw, 600px\" \/><figcaption id=\"caption-attachment-3241\" class=\"wp-caption-text\">Engangs Vape Engros Vapsolo King 10000 Pust<\/figcaption><\/figure>\n<\/div>\n<\/div>\n<\/div>\n<\/div>\n<h2 class=\"product-title\"><strong>Vapsolo King 10000 Smagsliste<\/strong><\/h2>\n<p>1. Bl\u00e5b\u00e6r hindb\u00e6r<br \/>\n2. Bl\u00e5 hindb\u00e6r<br \/>\n3. Jordb\u00e6r kiwi<br \/>\n4. Fersken mango ananas<br \/>\n5. Red Bull<br \/>\n6. Banan is<br \/>\n7.sur ananas is<br \/>\n8.jordb\u00e6r hindb\u00e6r kirseb\u00e6r is<br \/>\n9.kiwi passionsfrugt guava<br \/>\n10.jordb\u00e6r banan<br \/>\n11.brusende kirseb\u00e6r<br \/>\n12.bl\u00e5b\u00e6r is<br \/>\n13.prime jordb\u00e6r vandmelon<br \/>\n14.lilla regn<br \/>\n15.citron lime<br \/>\n16.Mr bl\u00e5<br \/>\n17.r\u00f8dt \u00e6ble<br \/>\n18.blandede b\u00e6r<br \/>\n19.vandmelon is<br \/>\n20.jordb\u00e6r is<\/p>\n<h3>Hvorfor v\u00e6lge vapestornado til Vapsolo King 10k Puffs Vape Engros?<\/h3>\n<div class=\"flex-shrink-0 flex flex-col relative items-end\">\n<div class=\"pt-0\">\n<div class=\"gizmo-bot-avatar flex h-8 w-8 items-center justify-center overflow-hidden rounded-full\">\n<div class=\"relative p-1 rounded-sm flex items-center justify-center bg-token-main-surface-primary text-token-text-primary h-8 w-8\">\n<p>Velkommen til vapestornado, din betroede online vape-butik for f\u00f8rsteklasses engangsvapes. Med mere end 5 \u00e5rs ekspertise tilbyder vi dig popul\u00e6re engangsvape-m\u00e6rker som Fumot RandM Vape, <a href=\"https:\/\/vapestornado.com\/da\/product\/vapme-crystal-7000-puffs-rechargeable-disposable-vape-wholesale-cheap-price\/\">Vapme<\/a>, Bang Vape, Waspe Vape og WGA Vape, osv.<\/p>\n<p>Vores sortiment omfatter popul\u00e6re vapes som <a href=\"https:\/\/vapestornado.com\/da\/product\/fumot-randm-tornado-15000-puffs-rechargeable-disposable-vape-wholesale\/\">RandM Tornado 15000<\/a>, og smagsrige valg som <a href=\"https:\/\/vapestornado.com\/da\/product\/vapsolo-dg-18000-puffs-smart-screen-wholesale-disposable-cheap-vapes\/\">\u00a0Vapsolo DG18000 Pust<\/a> . Hvert produkt er valgt med fokus p\u00e5 kvalitet, v\u00e6rdi og variation, hvilket sikrer, at du finder det perfekte match til dine behov. Oplev enest\u00e5ende service og et bredt udvalg af topprodukter til engrospris hos vapestornado.<\/p>\n<\/div>\n<h3><\/h3>\n<div class=\"relative p-1 rounded-sm flex items-center justify-center bg-token-main-surface-primary text-token-text-primary h-8 w-8\">\n<h3>FAQS til Vapsolo King 10000 Engangs Vape<\/h3>\n<\/div>\n<\/div>\n<\/div>\n<\/div>\n<div class=\"flex-shrink-0 flex flex-col relative items-end\">\n<div class=\"pt-0\">\n<div class=\"gizmo-bot-avatar flex h-8 w-8 items-center justify-center overflow-hidden rounded-full\">\n<div class=\"relative p-1 rounded-sm flex items-center justify-center bg-token-main-surface-primary text-token-text-primary h-8 w-8\">\n<div class=\"mb-2 flex gap-3 empty:hidden -ml-2\">\n<div role=\"article\" data-tabster=\"{&quot;groupper&quot;:{&quot;tabbability&quot;:2},&quot;focusable&quot;:{}}\" data-content=\"ai-message\" aria-labelledby=\"Vdt5ez4X7Tg813x6rFVha-author Vdt5ez4X7Tg813x6rFVha-content\">\n<div id=\"Vdt5ez4X7Tg813x6rFVha-content\">\n<div role=\"article\" data-tabster=\"{&quot;groupper&quot;:{&quot;tabbability&quot;:2},&quot;focusable&quot;:{}}\" data-content=\"ai-message\" aria-labelledby=\"o968oC7CEo2fGHsGdsRYC-author o968oC7CEo2fGHsGdsRYC-content\">\n<div id=\"o968oC7CEo2fGHsGdsRYC-content\">\n<h3><\/h3>\n<ol>\n<li><strong>Hvor mange sug tilbyder Vapsolo 10000?<\/strong><br \/>\nDen tilbyder en imponerende <strong>10.000 sug<\/strong>, hvilket g\u00f8r den til et topvalg for langvarige engangs vapes.<\/li>\n<li><strong>Kan jeg genoplade Vapsolo King 10k?<\/strong><br \/>\nJa, den har en <strong>650mAh genopladelige batteri<\/strong> med en <strong>Type-C opladningsporten<\/strong> til hurtig og nem genopladning.<\/li>\n<li><strong>Hvilke nikotinstyrker er tilg\u00e6ngelige?<\/strong><br \/>\nEnheden er tilg\u00e6ngelig i <strong>2% og 5% lav nikotin<\/strong> muligheder, der im\u00f8dekommer en bred vifte af pr\u00e6ferencer.<\/li>\n<li><strong>Hvordan fungerer den justerbare luftstr\u00f8m?<\/strong><br \/>\nVapsolo King 10000 har <strong>tre luftstr\u00f8msindstillinger<\/strong>, s\u00e5 du kan tilpasse din dampoplevelse for et strammere eller l\u00f8sere sug.<\/li>\n<li><strong>Hvor kan jeg k\u00f8be Vapsolo King 10000 til engrospriser?<\/strong><br \/>\nFor de bedste <strong>engros engangs vape<\/strong> tilbud, bes\u00f8g vapestornado<strong>\u00a0online vape butik<\/strong>, hvor du finder <strong>billige engangs vapes<\/strong> med h\u00f8jtydende ydeevne.<\/li>\n<\/ol>\n<\/div>\n<\/div>\n<\/div>\n<\/div>\n<\/div>\n<\/div>\n<\/div>\n<\/div>\n<\/div>","protected":false},"excerpt":{"rendered":"<p>Vapsolo King 10000 Puffs 2% 5% Lav Nikotin Engangs Vape Engrospris<br \/>\nVapsolo King 10000 Puffs Genopladelig Engangs Vape Engros<br \/>\nBillig Fabriks Vapsolo King 10000 Puffs 2% 5% Lav Nikotin Engangs Vape<\/p>\n<p><strong>Tilf\u00f8j Amys whatsapp, f\u00e5 et hurtigt svar og en vape-kupon!<\/strong><\/p>\n<p><img fetchpriority=\"high\" decoding=\"async\" class=\"size-full wp-image-2932\" src=\"https:\/\/vapestornado.com\/wp-content\/uploads\/2024\/12\/Vape-Wholesale.jpg\" alt=\"Vape Engros\" width=\"229\" height=\"300\" \/><\/p>\n<h3><a href=\"https:\/\/wa.me\/8617776015835\"><span style=\"color: #ff0000;\"><strong>WhatsApp: +86 17776015835<\/strong><\/span><\/a><\/h3>\n<p>&nbsp;<\/p>","protected":false},"featured_media":3240,"comment_status":"open","ping_status":"closed","template":"","meta":{"_acf_changed":false,"_uag_custom_page_level_css":"","_lmt_disableupdate":"no","_lmt_disable":"","_monsterinsights_skip_tracking":false,"_monsterinsights_sitenote_active":false,"_monsterinsights_sitenote_note":"","_monsterinsights_sitenote_category":0,"site-sidebar-layout":"default","site-content-layout":"","ast-site-content-layout":"default","site-content-style":"default","site-sidebar-style":"default","ast-global-header-display":"","ast-banner-title-visibility":"","ast-main-header-display":"","ast-hfb-above-header-display":"","ast-hfb-below-header-display":"","ast-hfb-mobile-header-display":"","site-post-title":"","ast-breadcrumbs-content":"","ast-featured-img":"","footer-sml-layout":"","ast-disable-related-posts":"","theme-transparent-header-meta":"default","adv-header-id-meta":"","stick-header-meta":"","header-above-stick-meta":"","header-main-stick-meta":"","header-below-stick-meta":"","astra-migrate-meta-layouts":"set","ast-page-background-enabled":"default","ast-page-background-meta":{"desktop":{"background-color":"","background-image":"","background-repeat":"repeat","background-position":"center center","background-size":"auto","background-attachment":"scroll","background-type":"","background-media":"","overlay-type":"","overlay-color":"","overlay-opacity":"","overlay-gradient":""},"tablet":{"background-color":"","background-image":"","background-repeat":"repeat","background-position":"center center","background-size":"auto","background-attachment":"scroll","background-type":"","background-media":"","overlay-type":"","overlay-color":"","overlay-opacity":"","overlay-gradient":""},"mobile":{"background-color":"","background-image":"","background-repeat":"repeat","background-position":"center center","background-size":"auto","background-attachment":"scroll","background-type":"","background-media":"","overlay-type":"","overlay-color":"","overlay-opacity":"","overlay-gradient":""}},"ast-content-background-meta":{"desktop":{"background-color":"var(--ast-global-color-5)","background-image":"","background-repeat":"repeat","background-position":"center center","background-size":"auto","background-attachment":"scroll","background-type":"","background-media":"","overlay-type":"","overlay-color":"","overlay-opacity":"","overlay-gradient":""},"tablet":{"background-color":"var(--ast-global-color-5)","background-image":"","background-repeat":"repeat","background-position":"center center","background-size":"auto","background-attachment":"scroll","background-type":"","background-media":"","overlay-type":"","overlay-color":"","overlay-opacity":"","overlay-gradient":""},"mobile":{"background-color":"var(--ast-global-color-5)","background-image":"","background-repeat":"repeat","background-position":"center center","background-size":"auto","background-attachment":"scroll","background-type":"","background-media":"","overlay-type":"","overlay-color":"","overlay-opacity":"","overlay-gradient":""}},"_joinchat":{"telephone":"+8617776015835"}},"product_brand":[],"product_cat":[106,151,154,160,144,146,19,171],"product_tag":[165,97,166,94,139,180],"class_list":{"0":"post-3246","1":"product","2":"type-product","3":"status-publish","4":"has-post-thumbnail","6":"product_cat-10000-puff","7":"product_cat-buy-disposable-vapes-in-france","8":"product_cat-buy-disposable-vapes-in-netherlands","9":"product_cat-buy-disposable-vapes-in-switzerland","10":"product_cat-low-nicotine-disposable-vapes","11":"product_cat-rechargeable-disposable-vapes","12":"product_cat-vapes","13":"product_cat-vapsolo-disposable-vapes","14":"product_tag-cheap-vapes","15":"product_tag-hot-sale-disposable-vape","16":"product_tag-low-nicotine-vape","17":"product_tag-rechargeable-disposable-vape","18":"product_tag-vapsolo","19":"product_tag-vapsolo-king-10000","20":"desktop-align-left","21":"tablet-align-left","22":"mobile-align-left","24":"first","25":"instock","26":"sale","27":"shipping-taxable","28":"purchasable","29":"product-type-simple"},"acf":[],"uagb_featured_image_src":{"full":["https:\/\/vapestornado.com\/wp-content\/uploads\/2024\/12\/Disposable-Vape-Wholesale-Vapsolo-King-10000-Puffs.jpg",1000,1000,false],"thumbnail":["https:\/\/vapestornado.com\/wp-content\/uploads\/2024\/12\/Disposable-Vape-Wholesale-Vapsolo-King-10000-Puffs-150x150.jpg",150,150,true],"medium":["https:\/\/vapestornado.com\/wp-content\/uploads\/2024\/12\/Disposable-Vape-Wholesale-Vapsolo-King-10000-Puffs-300x300.jpg",300,300,true],"medium_large":["https:\/\/vapestornado.com\/wp-content\/uploads\/2024\/12\/Disposable-Vape-Wholesale-Vapsolo-King-10000-Puffs-768x768.jpg",768,768,true],"large":["https:\/\/vapestornado.com\/wp-content\/uploads\/2024\/12\/Disposable-Vape-Wholesale-Vapsolo-King-10000-Puffs.jpg",1000,1000,false],"1536x1536":["https:\/\/vapestornado.com\/wp-content\/uploads\/2024\/12\/Disposable-Vape-Wholesale-Vapsolo-King-10000-Puffs.jpg",1000,1000,false],"2048x2048":["https:\/\/vapestornado.com\/wp-content\/uploads\/2024\/12\/Disposable-Vape-Wholesale-Vapsolo-King-10000-Puffs.jpg",1000,1000,false],"trp-custom-language-flag":["https:\/\/vapestornado.com\/wp-content\/uploads\/2024\/12\/Disposable-Vape-Wholesale-Vapsolo-King-10000-Puffs.jpg",12,12,false],"woocommerce_thumbnail":["https:\/\/vapestornado.com\/wp-content\/uploads\/2024\/12\/Disposable-Vape-Wholesale-Vapsolo-King-10000-Puffs-300x300.jpg",300,300,true],"woocommerce_single":["https:\/\/vapestornado.com\/wp-content\/uploads\/2024\/12\/Disposable-Vape-Wholesale-Vapsolo-King-10000-Puffs-600x600.jpg",600,600,true],"woocommerce_gallery_thumbnail":["https:\/\/vapestornado.com\/wp-content\/uploads\/2024\/12\/Disposable-Vape-Wholesale-Vapsolo-King-10000-Puffs-100x100.jpg",100,100,true]},"uagb_author_info":{"display_name":"ESAMY","author_link":"https:\/\/vapestornado.com\/da\/author\/"},"uagb_comment_info":1,"uagb_excerpt":"Vapsolo King 10000 Puffs 2% 5% Low Nicotine Disposable Vape Bulk Buy Price Vapsolo King 10000 Puffs Rechargeable Disposable Vape Wholesale Cheap Factory Vapsolo King 10000 Puffs 2% 5% Low Nicotine Disposable Vape Add Amy's whatsapp get right reply and vape vape coupon! WhatsApp: +86 17776015835 &nbsp;","_links":{"self":[{"href":"https:\/\/vapestornado.com\/da\/wp-json\/wp\/v2\/product\/3246","targetHints":{"allow":["GET"]}}],"collection":[{"href":"https:\/\/vapestornado.com\/da\/wp-json\/wp\/v2\/product"}],"about":[{"href":"https:\/\/vapestornado.com\/da\/wp-json\/wp\/v2\/types\/product"}],"replies":[{"embeddable":true,"href":"https:\/\/vapestornado.com\/da\/wp-json\/wp\/v2\/comments?post=3246"}],"wp:featuredmedia":[{"embeddable":true,"href":"https:\/\/vapestornado.com\/da\/wp-json\/wp\/v2\/media\/3240"}],"wp:attachment":[{"href":"https:\/\/vapestornado.com\/da\/wp-json\/wp\/v2\/media?parent=3246"}],"wp:term":[{"taxonomy":"product_brand","embeddable":true,"href":"https:\/\/vapestornado.com\/da\/wp-json\/wp\/v2\/product_brand?post=3246"},{"taxonomy":"product_cat","embeddable":true,"href":"https:\/\/vapestornado.com\/da\/wp-json\/wp\/v2\/product_cat?post=3246"},{"taxonomy":"product_tag","embeddable":true,"href":"https:\/\/vapestornado.com\/da\/wp-json\/wp\/v2\/product_tag?post=3246"}],"curies":[{"name":"wp","href":"https:\/\/api.w.org\/{rel}","templated":true}]}}