{"id":3223,"date":"2024-12-18T08:28:53","date_gmt":"2024-12-18T08:28:53","guid":{"rendered":"https:\/\/vapestornado.com\/?post_type=product&#038;p=3223"},"modified":"2025-08-23T12:21:59","modified_gmt":"2025-08-23T12:21:59","slug":"vapsolo-triple-30000-puffs-3-flavors-in-1-rechargeable-disposable-vapes-pen-bulk-buy-wholesale","status":"publish","type":"product","link":"https:\/\/vapestornado.com\/da\/product\/vapsolo-triple-30000-puffs-3-flavors-in-1-rechargeable-disposable-vapes-pen-bulk-buy-wholesale\/","title":{"rendered":"Vapsolo Triple 30000 Puffs 3 Smage i 1 Genopladelige Engangsvapes Pen K\u00f8b i l\u00f8s v\u00e6gt Engros"},"content":{"rendered":"<h1 class=\"product-title\">Vapsolo Triple 30000 Puffs 3 Smage i 1 Genopladelige Engangsvapes Pen K\u00f8b i l\u00f8s v\u00e6gt Engros<\/h1>\n<p>Den <strong>Vapsolo Triple 30000<\/strong> revolutionerer vaping-oplevelsen med sin unikke <strong>3 Smagsvarianter i 1 Engangs Vape<\/strong> design. Nyd op til <strong>30.000 sug<\/strong> med problemfri skift mellem tre forskellige smagsvarianter, alt i \u00e9n slank, genopladelig enhed. Udstyret med <strong>trekantnetspoler<\/strong> for forbedret smag og damp produktion, sikrer denne enhed, at hvert pust er glat og tilfredsstillende.<\/p>\n<p>Med et <strong>45 ml e-v\u00e6ske kapacitet<\/strong> (15 ml pr. smag), <strong>Vapsolo Triple 30000<\/strong> minimerer behovet for genopfyldning, mens <strong>650mAh genopladelige batteri<\/strong> med <strong>Type-C hurtigopladning<\/strong> garanterer ensartet ydeevne. Den indbyggede <strong>LCD-sk\u00e6rm<\/strong> holder dig informeret om e-juice niveau, batterilevetid og smagsindstillinger for ultimativ kontrol.<\/p>\n<p>Tilg\u00e6ngelig i <strong>2% og 5% lav nikotin muligheder<\/strong>, denne <strong>bedste engangs vape<\/strong> er perfekt til b\u00e5de afslappede og erfarne dampere. Dens <strong>engros engangs vape<\/strong> priser g\u00f8r det til en omkostningseffektiv mulighed for stork\u00f8bere, hvilket sikrer, at du f\u00e5r funktioner af h\u00f8j kvalitet til en <strong>billig vape<\/strong> pris.<\/p>\n<p>&nbsp;<\/p>\n<p><strong>Tilf\u00f8j Amys Whatsapp for at f\u00e5 hurtigt svar og vape-kupon!<\/strong><\/p>\n<p><img fetchpriority=\"high\" decoding=\"async\" class=\"size-full wp-image-2932\" src=\"https:\/\/vapestornado.com\/wp-content\/uploads\/2024\/12\/Vape-Wholesale.jpg\" alt=\"Vape Engros\" width=\"229\" height=\"300\" \/><\/p>\n<h3><a href=\"https:\/\/wa.me\/8617776015835\" target=\"_blank\" rel=\"noopener\"><span style=\"color: #ff0000;\"><strong>WhatsApp: +86 17776015835<\/strong><\/span><\/a><\/h3>\n<p>&nbsp;<\/p>\n<h2><strong>Vapsolo Triple 30000 Puffs Produktfunktioner<\/strong><\/h2>\n<div role=\"article\" data-tabster=\"{&quot;groupper&quot;:{&quot;tabbability&quot;:2},&quot;focusable&quot;:{}}\" data-content=\"ai-message\" aria-labelledby=\"juhNTJ6o7Gk1cgwZMJgv2-author juhNTJ6o7Gk1cgwZMJgv2-content\">\n<div id=\"juhNTJ6o7Gk1cgwZMJgv2-content\">\n<div role=\"article\" data-tabster=\"{&quot;groupper&quot;:{&quot;tabbability&quot;:2},&quot;focusable&quot;:{}}\" data-content=\"ai-message\" aria-labelledby=\"x4EZuCZWrTbh3weWUt7CU-author x4EZuCZWrTbh3weWUt7CU-content\">\n<div id=\"x4EZuCZWrTbh3weWUt7CU-content\">\n<h3><\/h3>\n<ol>\n<li><strong>30.000 Pust:<\/strong> Massivt antal pust til udvidede vape-sessioner.<\/li>\n<li><strong>3 Smagsvarianter i 1 Design:<\/strong> Skift ubesv\u00e6ret mellem tre l\u00e6kre smagsvarianter.<\/li>\n<li><strong>Trekantnetspoler:<\/strong> Forbedret smag og dampproduktion.<\/li>\n<li><strong>Genopladeligt batteri:<\/strong> 650mAh batteri med hurtig Type-C genopladning.<\/li>\n<li><strong>45ml E-v\u00e6ske Kapacitet:<\/strong> Rigelig v\u00e6skeopbevaring med 15 ml pr. smag.<\/li>\n<li><strong>LCD-sk\u00e6rm:<\/strong> Real-time overv\u00e5gning af pust, batteri og smagsindstillinger.<\/li>\n<li><strong>Lavt nikotinindhold:<\/strong> F\u00e5s i 2% og 5% for tilpasselige nikotinniveauer.<\/li>\n<li><strong>Holdbar<\/strong> Letv\u00e6gts, kompakt design til vaping p\u00e5 farten.<\/li>\n<li><strong>Klar til Engros:<\/strong> Overkommelige bulkpriser for detailhandlere og forhandlere.<\/li>\n<li><strong>10 Smagskombinationer:<\/strong> Bredt udvalg af smagsvarianter for enhver smag.<\/li>\n<\/ol>\n<figure id=\"attachment_3224\" aria-describedby=\"caption-attachment-3224\" style=\"width: 600px\" class=\"wp-caption alignnone\"><img decoding=\"async\" class=\"wp-image-3224\" src=\"https:\/\/vapestornado.com\/wp-content\/uploads\/2024\/12\/Vapsolo-Triple-30000-Puffs-3-Flavors-in-1-Disposable-Vape-300x300.jpg\" alt=\"Vapsolo Triple 30000 Pust 3 Smagsvarianter i 1 Engangs Vape\" width=\"600\" height=\"600\" srcset=\"https:\/\/vapestornado.com\/wp-content\/uploads\/2024\/12\/Vapsolo-Triple-30000-Puffs-3-Flavors-in-1-Disposable-Vape-300x300.jpg 300w, https:\/\/vapestornado.com\/wp-content\/uploads\/2024\/12\/Vapsolo-Triple-30000-Puffs-3-Flavors-in-1-Disposable-Vape-1024x1024.jpg 1024w, https:\/\/vapestornado.com\/wp-content\/uploads\/2024\/12\/Vapsolo-Triple-30000-Puffs-3-Flavors-in-1-Disposable-Vape-150x150.jpg 150w, https:\/\/vapestornado.com\/wp-content\/uploads\/2024\/12\/Vapsolo-Triple-30000-Puffs-3-Flavors-in-1-Disposable-Vape-768x768.jpg 768w, https:\/\/vapestornado.com\/wp-content\/uploads\/2024\/12\/Vapsolo-Triple-30000-Puffs-3-Flavors-in-1-Disposable-Vape-600x600.jpg 600w, https:\/\/vapestornado.com\/wp-content\/uploads\/2024\/12\/Vapsolo-Triple-30000-Puffs-3-Flavors-in-1-Disposable-Vape-100x100.jpg 100w, https:\/\/vapestornado.com\/wp-content\/uploads\/2024\/12\/Vapsolo-Triple-30000-Puffs-3-Flavors-in-1-Disposable-Vape.jpg 1126w\" sizes=\"(max-width: 600px) 100vw, 600px\" \/><figcaption id=\"caption-attachment-3224\" class=\"wp-caption-text\">Vapsolo Triple 30000 Pust 3 Smagsvarianter i 1 Engangs Vape<\/figcaption><\/figure>\n<\/div>\n<\/div>\n<\/div>\n<\/div>\n<h2 class=\"product-title\"><strong>Vapsolo Triple 30000 Pust Smagsliste<\/strong><\/h2>\n<p>1. Vandmelon is<br \/>\n2. Citron lime<br \/>\n3. Jordb\u00e6r banan<br \/>\n4. Jordb\u00e6r kiwi<br \/>\n5. Tropisk frugt<br \/>\n6. Ananas kokos<br \/>\n7. Jordb\u00e6r hindb\u00e6r<br \/>\n8. Hindb\u00e6r vandmelon<br \/>\n9. Jordb\u00e6r vanilje cola<br \/>\n10. Vandmelon is<\/p>\n<h3>Hvorfor v\u00e6lge vapestornado til Vapsolo 30000 Puffs Vape Engros?<\/h3>\n<div class=\"flex-shrink-0 flex flex-col relative items-end\">\n<div class=\"pt-0\">\n<div class=\"gizmo-bot-avatar flex h-8 w-8 items-center justify-center overflow-hidden rounded-full\">\n<div class=\"relative p-1 rounded-sm flex items-center justify-center bg-token-main-surface-primary text-token-text-primary h-8 w-8\">\n<p>Velkommen til vapestornado, din betroede online vape-butik for f\u00f8rsteklasses engangsvapes. Med mere end 5 \u00e5rs ekspertise tilbyder vi dig popul\u00e6re engangsvape-m\u00e6rker som Fumot RandM Vape, <a href=\"https:\/\/vapestornado.com\/da\/product\/vapme-crystal-7000-puffs-rechargeable-disposable-vape-wholesale-cheap-price\/\">Vapme<\/a>, Bang Vape, Waspe Vape og WGA Vape, osv.<\/p>\n<p>Vores sortiment omfatter popul\u00e6re vapes som <a href=\"https:\/\/vapestornado.com\/da\/product\/fumot-randm-tornado-15000-puffs-rechargeable-disposable-vape-wholesale\/\">RandM Tornado 15000<\/a>, og smagsrige valg som <a href=\"https:\/\/vapestornado.com\/da\/product\/vapsolo-dg-18000-puffs-smart-screen-wholesale-disposable-cheap-vapes\/\">\u00a0Vapsolo DG18000 Pust<\/a> . Hvert produkt er valgt med fokus p\u00e5 kvalitet, v\u00e6rdi og variation, hvilket sikrer, at du finder det perfekte match til dine behov. Oplev enest\u00e5ende service og et bredt udvalg af topprodukter til engrospris hos vapestornado.<\/p>\n<\/div>\n<h3><\/h3>\n<div class=\"relative p-1 rounded-sm flex items-center justify-center bg-token-main-surface-primary text-token-text-primary h-8 w-8\">\n<h3>Ofte stillede sp\u00f8rgsm\u00e5l om Vapsolo Triple 30000 Puffs Engangs Vape<\/h3>\n<\/div>\n<\/div>\n<\/div>\n<\/div>\n<div class=\"flex-shrink-0 flex flex-col relative items-end\">\n<div class=\"pt-0\">\n<div class=\"gizmo-bot-avatar flex h-8 w-8 items-center justify-center overflow-hidden rounded-full\">\n<div class=\"relative p-1 rounded-sm flex items-center justify-center bg-token-main-surface-primary text-token-text-primary h-8 w-8\">\n<div class=\"mb-2 flex gap-3 empty:hidden -ml-2\">\n<div role=\"article\" data-tabster=\"{&quot;groupper&quot;:{&quot;tabbability&quot;:2},&quot;focusable&quot;:{}}\" data-content=\"ai-message\" aria-labelledby=\"Vdt5ez4X7Tg813x6rFVha-author Vdt5ez4X7Tg813x6rFVha-content\">\n<div id=\"Vdt5ez4X7Tg813x6rFVha-content\">\n<div role=\"article\" data-tabster=\"{&quot;groupper&quot;:{&quot;tabbability&quot;:2},&quot;focusable&quot;:{}}\" data-content=\"ai-message\" aria-labelledby=\"o968oC7CEo2fGHsGdsRYC-author o968oC7CEo2fGHsGdsRYC-content\">\n<div id=\"o968oC7CEo2fGHsGdsRYC-content\">\n<h3><\/h3>\n<ol>\n<li><strong>Hvad g\u00f8r Vapsolo Triple 30000 unik?<\/strong><br \/>\nDen har <strong>3 smagsvarianter i 1 engangs vape<\/strong>, hvilket giver brugerne mulighed for ubesv\u00e6ret at skifte mellem tre forskellige smagsvarianter.<\/li>\n<li><strong>Hvor l\u00e6nge holder enheden?<\/strong><br \/>\nMed et <strong>30.000 puffs kapacitet<\/strong> og et <strong>650mAh genopladelige batteri<\/strong>, den er designet til langvarig brug.<\/li>\n<li><strong>Hvor kan jeg k\u00f8be denne vape til engrospriser?<\/strong><br \/>\nK\u00f8b <strong>Vapsolo Triple 30000<\/strong> hos vapestornado<strong>\u00a0online vape butik<\/strong>, en p\u00e5lidelig kilde til <strong>engros engangs vapes<\/strong>.<\/li>\n<li><strong>Underst\u00f8tter enheden hurtig opladning?<\/strong><br \/>\nJa, den leveres med en <strong>Type-C opladningsporten<\/strong> til hurtig og effektiv genopladning.<\/li>\n<li><strong>Hvilke nikotinniveauer er tilg\u00e6ngelige?<\/strong><br \/>\nEnheden er tilg\u00e6ngelig i b\u00e5de <strong>2% og 5% lav nikotin<\/strong> muligheder for at im\u00f8dekomme forskellige pr\u00e6ferencer.<\/li>\n<\/ol>\n<\/div>\n<\/div>\n<\/div>\n<\/div>\n<\/div>\n<\/div>\n<\/div>\n<\/div>\n<\/div>","protected":false},"excerpt":{"rendered":"<p>Bedste Vapsolo Triple 30000 Pust 2% 5% Lav Nikotin Engangs Vape Bulk K\u00f8b Pris<br \/>\nVapsolo Triple 30000 Pust Genopladelig Engangs Vape Engros<br \/>\nBillig Fabrik Vapsolo Triple 30000 Pust 2% 5% Lav Nikotin Engangs Vape<\/p>\n<p><strong>Tilf\u00f8j Amys whatsapp, f\u00e5 et hurtigt svar og en vape-kupon!<\/strong><\/p>\n<p><img fetchpriority=\"high\" decoding=\"async\" class=\"size-full wp-image-2932\" src=\"https:\/\/vapestornado.com\/wp-content\/uploads\/2024\/12\/Vape-Wholesale.jpg\" alt=\"Vape Engros\" width=\"229\" height=\"300\" \/><\/p>\n<h3><a href=\"https:\/\/wa.me\/8617776015835\"><span style=\"color: #ff0000;\"><strong>WhatsApp: +86 17776015835<\/strong><\/span><\/a><\/h3>\n<p>&nbsp;<\/p>","protected":false},"featured_media":3230,"comment_status":"open","ping_status":"closed","template":"","meta":{"_acf_changed":false,"_uag_custom_page_level_css":"","_lmt_disableupdate":"no","_lmt_disable":"","_monsterinsights_skip_tracking":false,"_monsterinsights_sitenote_active":false,"_monsterinsights_sitenote_note":"","_monsterinsights_sitenote_category":0,"site-sidebar-layout":"default","site-content-layout":"","ast-site-content-layout":"default","site-content-style":"default","site-sidebar-style":"default","ast-global-header-display":"","ast-banner-title-visibility":"","ast-main-header-display":"","ast-hfb-above-header-display":"","ast-hfb-below-header-display":"","ast-hfb-mobile-header-display":"","site-post-title":"","ast-breadcrumbs-content":"","ast-featured-img":"","footer-sml-layout":"","ast-disable-related-posts":"","theme-transparent-header-meta":"default","adv-header-id-meta":"","stick-header-meta":"","header-above-stick-meta":"","header-main-stick-meta":"","header-below-stick-meta":"","astra-migrate-meta-layouts":"set","ast-page-background-enabled":"default","ast-page-background-meta":{"desktop":{"background-color":"","background-image":"","background-repeat":"repeat","background-position":"center center","background-size":"auto","background-attachment":"scroll","background-type":"","background-media":"","overlay-type":"","overlay-color":"","overlay-opacity":"","overlay-gradient":""},"tablet":{"background-color":"","background-image":"","background-repeat":"repeat","background-position":"center center","background-size":"auto","background-attachment":"scroll","background-type":"","background-media":"","overlay-type":"","overlay-color":"","overlay-opacity":"","overlay-gradient":""},"mobile":{"background-color":"","background-image":"","background-repeat":"repeat","background-position":"center center","background-size":"auto","background-attachment":"scroll","background-type":"","background-media":"","overlay-type":"","overlay-color":"","overlay-opacity":"","overlay-gradient":""}},"ast-content-background-meta":{"desktop":{"background-color":"var(--ast-global-color-5)","background-image":"","background-repeat":"repeat","background-position":"center center","background-size":"auto","background-attachment":"scroll","background-type":"","background-media":"","overlay-type":"","overlay-color":"","overlay-opacity":"","overlay-gradient":""},"tablet":{"background-color":"var(--ast-global-color-5)","background-image":"","background-repeat":"repeat","background-position":"center center","background-size":"auto","background-attachment":"scroll","background-type":"","background-media":"","overlay-type":"","overlay-color":"","overlay-opacity":"","overlay-gradient":""},"mobile":{"background-color":"var(--ast-global-color-5)","background-image":"","background-repeat":"repeat","background-position":"center center","background-size":"auto","background-attachment":"scroll","background-type":"","background-media":"","overlay-type":"","overlay-color":"","overlay-opacity":"","overlay-gradient":""}},"_joinchat":{"telephone":"+8617776015835"}},"product_brand":[],"product_cat":[67,149,151,143,144,277,146,171],"product_tag":[165,97,166,94,139,174,173],"class_list":{"0":"post-3223","1":"product","2":"type-product","3":"status-publish","4":"has-post-thumbnail","6":"product_cat-30000-puff","7":"product_cat-buy-disposable-vapes-in-austria","8":"product_cat-buy-disposable-vapes-in-france","9":"product_cat-dual-mesh-disposable-vapes","10":"product_cat-low-nicotine-disposable-vapes","11":"product_cat-mesii-vape","12":"product_cat-rechargeable-disposable-vapes","13":"product_cat-vapsolo-disposable-vapes","14":"product_tag-cheap-vapes","15":"product_tag-hot-sale-disposable-vape","16":"product_tag-low-nicotine-vape","17":"product_tag-rechargeable-disposable-vape","18":"product_tag-vapsolo","19":"product_tag-vapsolo-30000","20":"product_tag-vapsolo-triple-30000","21":"desktop-align-left","22":"tablet-align-left","23":"mobile-align-left","25":"first","26":"instock","27":"sale","28":"shipping-taxable","29":"purchasable","30":"product-type-simple"},"acf":[],"uagb_featured_image_src":{"full":["https:\/\/vapestornado.com\/wp-content\/uploads\/2024\/12\/Vapsolo-Triple-30000-Puffs-Rechargeable-Disposable-Vape.jpg",1126,1126,false],"thumbnail":["https:\/\/vapestornado.com\/wp-content\/uploads\/2024\/12\/Vapsolo-Triple-30000-Puffs-Rechargeable-Disposable-Vape-150x150.jpg",150,150,true],"medium":["https:\/\/vapestornado.com\/wp-content\/uploads\/2024\/12\/Vapsolo-Triple-30000-Puffs-Rechargeable-Disposable-Vape-300x300.jpg",300,300,true],"medium_large":["https:\/\/vapestornado.com\/wp-content\/uploads\/2024\/12\/Vapsolo-Triple-30000-Puffs-Rechargeable-Disposable-Vape-768x768.jpg",768,768,true],"large":["https:\/\/vapestornado.com\/wp-content\/uploads\/2024\/12\/Vapsolo-Triple-30000-Puffs-Rechargeable-Disposable-Vape-1024x1024.jpg",1024,1024,true],"1536x1536":["https:\/\/vapestornado.com\/wp-content\/uploads\/2024\/12\/Vapsolo-Triple-30000-Puffs-Rechargeable-Disposable-Vape.jpg",1126,1126,false],"2048x2048":["https:\/\/vapestornado.com\/wp-content\/uploads\/2024\/12\/Vapsolo-Triple-30000-Puffs-Rechargeable-Disposable-Vape.jpg",1126,1126,false],"trp-custom-language-flag":["https:\/\/vapestornado.com\/wp-content\/uploads\/2024\/12\/Vapsolo-Triple-30000-Puffs-Rechargeable-Disposable-Vape.jpg",12,12,false],"woocommerce_thumbnail":["https:\/\/vapestornado.com\/wp-content\/uploads\/2024\/12\/Vapsolo-Triple-30000-Puffs-Rechargeable-Disposable-Vape-300x300.jpg",300,300,true],"woocommerce_single":["https:\/\/vapestornado.com\/wp-content\/uploads\/2024\/12\/Vapsolo-Triple-30000-Puffs-Rechargeable-Disposable-Vape-600x600.jpg",600,600,true],"woocommerce_gallery_thumbnail":["https:\/\/vapestornado.com\/wp-content\/uploads\/2024\/12\/Vapsolo-Triple-30000-Puffs-Rechargeable-Disposable-Vape-100x100.jpg",100,100,true]},"uagb_author_info":{"display_name":"ESAMY","author_link":"https:\/\/vapestornado.com\/da\/author\/"},"uagb_comment_info":0,"uagb_excerpt":"Best Vapsolo Triple 30000 Puffs 2% 5% Low Nicotine Disposable Vape Bulk Buy Price Vapsolo Triple 30000 Puffs Rechargeable Disposable Vape Wholesale Cheap Factory Vapsolo Triple 30000 Puffs 2% 5% Low Nicotine Disposable Vape Add Amy's whatsapp get right reply and vape vape coupon! WhatsApp: +86 17776015835 &nbsp;","_links":{"self":[{"href":"https:\/\/vapestornado.com\/da\/wp-json\/wp\/v2\/product\/3223","targetHints":{"allow":["GET"]}}],"collection":[{"href":"https:\/\/vapestornado.com\/da\/wp-json\/wp\/v2\/product"}],"about":[{"href":"https:\/\/vapestornado.com\/da\/wp-json\/wp\/v2\/types\/product"}],"replies":[{"embeddable":true,"href":"https:\/\/vapestornado.com\/da\/wp-json\/wp\/v2\/comments?post=3223"}],"wp:featuredmedia":[{"embeddable":true,"href":"https:\/\/vapestornado.com\/da\/wp-json\/wp\/v2\/media\/3230"}],"wp:attachment":[{"href":"https:\/\/vapestornado.com\/da\/wp-json\/wp\/v2\/media?parent=3223"}],"wp:term":[{"taxonomy":"product_brand","embeddable":true,"href":"https:\/\/vapestornado.com\/da\/wp-json\/wp\/v2\/product_brand?post=3223"},{"taxonomy":"product_cat","embeddable":true,"href":"https:\/\/vapestornado.com\/da\/wp-json\/wp\/v2\/product_cat?post=3223"},{"taxonomy":"product_tag","embeddable":true,"href":"https:\/\/vapestornado.com\/da\/wp-json\/wp\/v2\/product_tag?post=3223"}],"curies":[{"name":"wp","href":"https:\/\/api.w.org\/{rel}","templated":true}]}}