{"id":3222,"date":"2024-12-18T08:11:42","date_gmt":"2024-12-18T08:11:42","guid":{"rendered":"https:\/\/vapestornado.com\/?post_type=product&#038;p=3222"},"modified":"2025-08-23T09:46:41","modified_gmt":"2025-08-23T09:46:41","slug":"vapsolo-tornado-pro-12000-puffs-2-5-low-nicotine-bulk-buy-rechargeable-disposable-vapes-pen-wholesale-price","status":"publish","type":"product","link":"https:\/\/vapestornado.com\/da\/product\/vapsolo-tornado-pro-12000-puffs-2-5-low-nicotine-bulk-buy-rechargeable-disposable-vapes-pen-wholesale-price\/","title":{"rendered":"Vapsolo Tornado Pro 12000 Puffs 2% 5% Lav Nikotin K\u00f8b i l\u00f8s v\u00e6gt Genopladelige Engangsvapes Pen Engrospris"},"content":{"rendered":"<h1 class=\"product-title\">Vapsolo Tornado Pro 12000 Puffs 2% 5% Lav Nikotin K\u00f8b i l\u00f8s v\u00e6gt Genopladelige Engangsvapes Pen Engrospris<\/h1>\n<p>Den <strong>Vapsolo Tornado Pro 12000<\/strong> puffs er den ultimative <strong>genopladelige engangs vape<\/strong> der kombinerer banebrydende teknologi med stil. Med op til <strong>12.000 pust<\/strong>er denne enhed perfekt til lange dampningssessioner. Dens <strong>20 ml e-v\u00e6skekapacitet<\/strong> minimerer genopfyldninger, mens den <strong>650mAh genopladelige batteri<\/strong> sikrer, at du altid er klar til at dampe, takket v\u00e6re <strong>Type-C hurtigopladning<\/strong>.<\/p>\n<p>Hvad der adskiller <strong>Vapsolo Tornado Pro 12000<\/strong> er inkluderingen af <strong>RGB-belysning<\/strong>, som giver en dynamisk, farverig dampoplevelse, der fanger \u00f8jet. Den <strong>LCD-sk\u00e6rm<\/strong> holder dig informeret om vigtige detaljer som pustt\u00e6ller og batteristatus, hvilket sikrer problemfri brug. Med <strong>justerbart luftflow<\/strong> og <strong>mesh coil-teknologi<\/strong>, leverer den glat, smagfuld damp hver gang.<\/p>\n<p>Tilg\u00e6ngelig til <strong>engros engangs vape<\/strong> priser, er <strong>Vapsolo Tornado Pro 12000<\/strong> perfekt til forhandlere og stork\u00f8bere, der leder efter en h\u00f8j kvalitet, funktionsrig enhed. Uanset om du leder efter en <strong>lav nikotin vape<\/strong> eller en stilfuld <strong>billig engangs vape<\/strong>, denne model leverer p\u00e5 alle fronter.<\/p>\n<p>&nbsp;<\/p>\n<p><strong>Tilf\u00f8j Amys Whatsapp for at f\u00e5 hurtigt svar og vape-kupon!<\/strong><\/p>\n<p><img fetchpriority=\"high\" decoding=\"async\" class=\"size-full wp-image-2932\" src=\"https:\/\/vapestornado.com\/wp-content\/uploads\/2024\/12\/Vape-Wholesale.jpg\" alt=\"Vape Engros\" width=\"229\" height=\"300\" \/><\/p>\n<h3><a href=\"https:\/\/wa.me\/8617776015835\" target=\"_blank\" rel=\"noopener\"><span style=\"color: #ff0000;\"><strong>WhatsApp: +86 17776015835<\/strong><\/span><\/a><\/h3>\n<p>&nbsp;<\/p>\n<h2><strong>Vapsolo Tornado Pro 12000 Puffs Produktegenskaber<\/strong><\/h2>\n<div role=\"article\" data-tabster=\"{&quot;groupper&quot;:{&quot;tabbability&quot;:2},&quot;focusable&quot;:{}}\" data-content=\"ai-message\" aria-labelledby=\"juhNTJ6o7Gk1cgwZMJgv2-author juhNTJ6o7Gk1cgwZMJgv2-content\">\n<div id=\"juhNTJ6o7Gk1cgwZMJgv2-content\">\n<div role=\"article\" data-tabster=\"{&quot;groupper&quot;:{&quot;tabbability&quot;:2},&quot;focusable&quot;:{}}\" data-content=\"ai-message\" aria-labelledby=\"x4EZuCZWrTbh3weWUt7CU-author x4EZuCZWrTbh3weWUt7CU-content\">\n<div id=\"x4EZuCZWrTbh3weWUt7CU-content\">\n<h3><\/h3>\n<ol>\n<li><strong>12.000 pust:<\/strong> Udvidet brug uden hyppige udskiftninger.<\/li>\n<li><strong>Genopladeligt batteri:<\/strong> 650mAh med Type-C hurtigopladning.<\/li>\n<li><strong>20 ml E-v\u00e6ske kapacitet:<\/strong> F\u00e6rre genopfyldninger for nemheds skyld.<\/li>\n<li><strong>RGB-belysning:<\/strong> Stilfulde, farverige visuelle effekter for et moderne look.<\/li>\n<li><strong>LCD-sk\u00e6rm:<\/strong> Nem overv\u00e5gning af pustt\u00e6lling og batteriniveauer.<\/li>\n<li><strong>Justerbar Luftstr\u00f8m:<\/strong> Fire indstillinger for personlige sug.<\/li>\n<li><strong>Mesh Coil Teknologi:<\/strong> Konstant damp med forbedret smag.<\/li>\n<li><strong>Lavt nikotinindhold:<\/strong> V\u00e6lg mellem 2% og 5% nikotinniveauer.<\/li>\n<li><strong>B\u00e6rbart design:<\/strong> Let, holdbart og nemt at b\u00e6re.<\/li>\n<li><strong>Engrosvenlig:<\/strong> Overkommelige priser for bulkk\u00f8b.<\/li>\n<\/ol>\n<p>&nbsp;<\/p>\n<\/div>\n<\/div>\n<\/div>\n<\/div>\n<h2 class=\"product-title\"><strong>Vapsolo Tornado 12000 Puffs Smagsliste<\/strong><\/h2>\n<p>1. vandmelon is<br \/>\n2. jordb\u00e6r kiwi<br \/>\n3. bl\u00e5 hindb\u00e6r<br \/>\n4. Brusende Kirseb\u00e6r<br \/>\n5. Bl\u00e5b\u00e6r Is<br \/>\n6. Jordb\u00e6r Hindb\u00e6r Kirseb\u00e6r Is<br \/>\n7. Fersken Mango Ananas<br \/>\n8. Drue Is<br \/>\n9. Hindb\u00e6r Vandmelon<br \/>\n10. Jordb\u00e6r Banan<\/p>\n<figure id=\"attachment_3211\" aria-describedby=\"caption-attachment-3211\" style=\"width: 600px\" class=\"wp-caption alignnone\"><img decoding=\"async\" class=\"wp-image-3211\" src=\"https:\/\/vapestornado.com\/wp-content\/uploads\/2024\/12\/Best-Vapsolo-Tornado-Pro-12000-Disposable-Vapes-Wholesale-300x300.jpg\" alt=\"Bedste Vapsolo Tornado Pro 12000 Engangs Vapes Engros\" width=\"600\" height=\"600\" srcset=\"https:\/\/vapestornado.com\/wp-content\/uploads\/2024\/12\/Best-Vapsolo-Tornado-Pro-12000-Disposable-Vapes-Wholesale-300x300.jpg 300w, https:\/\/vapestornado.com\/wp-content\/uploads\/2024\/12\/Best-Vapsolo-Tornado-Pro-12000-Disposable-Vapes-Wholesale-1024x1024.jpg 1024w, https:\/\/vapestornado.com\/wp-content\/uploads\/2024\/12\/Best-Vapsolo-Tornado-Pro-12000-Disposable-Vapes-Wholesale-150x150.jpg 150w, https:\/\/vapestornado.com\/wp-content\/uploads\/2024\/12\/Best-Vapsolo-Tornado-Pro-12000-Disposable-Vapes-Wholesale-768x768.jpg 768w, https:\/\/vapestornado.com\/wp-content\/uploads\/2024\/12\/Best-Vapsolo-Tornado-Pro-12000-Disposable-Vapes-Wholesale-600x600.jpg 600w, https:\/\/vapestornado.com\/wp-content\/uploads\/2024\/12\/Best-Vapsolo-Tornado-Pro-12000-Disposable-Vapes-Wholesale-100x100.jpg 100w, https:\/\/vapestornado.com\/wp-content\/uploads\/2024\/12\/Best-Vapsolo-Tornado-Pro-12000-Disposable-Vapes-Wholesale.jpg 1126w\" sizes=\"(max-width: 600px) 100vw, 600px\" \/><figcaption id=\"caption-attachment-3211\" class=\"wp-caption-text\">Bedste Vapsolo Tornado Pro 12000 Engangs Vapes Engros<\/figcaption><\/figure>\n<h3>Hvorfor v\u00e6lge vapestornado til Vapsolo Tornado 12000 Pust Vape Engros?<\/h3>\n<div class=\"flex-shrink-0 flex flex-col relative items-end\">\n<div class=\"pt-0\">\n<div class=\"gizmo-bot-avatar flex h-8 w-8 items-center justify-center overflow-hidden rounded-full\">\n<div class=\"relative p-1 rounded-sm flex items-center justify-center bg-token-main-surface-primary text-token-text-primary h-8 w-8\">\n<p>Velkommen til vapestornado, din betroede online vape-butik for f\u00f8rsteklasses engangsvapes. Med mere end 5 \u00e5rs ekspertise tilbyder vi dig popul\u00e6re engangsvape-m\u00e6rker som Fumot RandM Vape, <a href=\"https:\/\/vapestornado.com\/da\/product\/vapme-crystal-7000-puffs-rechargeable-disposable-vape-wholesale-cheap-price\/\">Vapme<\/a>, Bang Vape, Waspe Vape og WGA Vape, osv.<\/p>\n<p>Vores sortiment omfatter popul\u00e6re vapes som <a href=\"https:\/\/vapestornado.com\/da\/product\/fumot-randm-tornado-15000-puffs-rechargeable-disposable-vape-wholesale\/\">RandM Tornado 15000<\/a>, og smagsrige valg som <a href=\"https:\/\/vapestornado.com\/da\/product\/vapsolo-dg-18000-puffs-smart-screen-wholesale-disposable-cheap-vapes\/\">\u00a0Vapsolo DG18000 Pust<\/a> . Hvert produkt er valgt med fokus p\u00e5 kvalitet, v\u00e6rdi og variation, hvilket sikrer, at du finder det perfekte match til dine behov. Oplev enest\u00e5ende service og et bredt udvalg af topprodukter til engrospris hos vapestornado.<\/p>\n<\/div>\n<h3><\/h3>\n<div class=\"relative p-1 rounded-sm flex items-center justify-center bg-token-main-surface-primary text-token-text-primary h-8 w-8\">\n<h3>FAQS for Vapsolo Tornado Pro 12000 Pust Engangs Vape<\/h3>\n<\/div>\n<\/div>\n<\/div>\n<\/div>\n<div class=\"flex-shrink-0 flex flex-col relative items-end\">\n<div class=\"pt-0\">\n<div class=\"gizmo-bot-avatar flex h-8 w-8 items-center justify-center overflow-hidden rounded-full\">\n<div class=\"relative p-1 rounded-sm flex items-center justify-center bg-token-main-surface-primary text-token-text-primary h-8 w-8\">\n<div class=\"mb-2 flex gap-3 empty:hidden -ml-2\">\n<div role=\"article\" data-tabster=\"{&quot;groupper&quot;:{&quot;tabbability&quot;:2},&quot;focusable&quot;:{}}\" data-content=\"ai-message\" aria-labelledby=\"Vdt5ez4X7Tg813x6rFVha-author Vdt5ez4X7Tg813x6rFVha-content\">\n<div id=\"Vdt5ez4X7Tg813x6rFVha-content\">\n<div role=\"article\" data-tabster=\"{&quot;groupper&quot;:{&quot;tabbability&quot;:2},&quot;focusable&quot;:{}}\" data-content=\"ai-message\" aria-labelledby=\"o968oC7CEo2fGHsGdsRYC-author o968oC7CEo2fGHsGdsRYC-content\">\n<div id=\"o968oC7CEo2fGHsGdsRYC-content\">\n<h3><\/h3>\n<ol>\n<li><strong>Hvor mange sug giver Vapsolo Tornado Pro 12000?<\/strong><br \/>\nDenne enhed tilbyder op til <strong>12.000 sug<\/strong>, hvilket g\u00f8r den ideel til langvarig brug uden udskiftninger.<\/li>\n<li><strong>Har Vapsolo 12000-enheden genopladelige funktioner?<\/strong><br \/>\nJa, den har en <strong>650mAh genopladelige batteri<\/strong> med en <strong>Type-C opladningsporten<\/strong> til hurtig og effektiv opladning.<\/li>\n<li><strong>Hvad g\u00f8r Vapsolo Tornado Pro 12000 RGB-belysningen unik?<\/strong><br \/>\nDen <strong>RGB-belysning<\/strong> forbedrer dampoplevelsen med levende, farverige effekter, hvilket giver den et moderne og stilfuldt pr\u00e6g.<\/li>\n<li><strong>Hvordan fungerer Vapsolo Tornado 12000 justerbart luftstr\u00f8mssystem?<\/strong><br \/>\nDen <strong>fire-trins luftstr\u00f8mssystem<\/strong> lader dig tilpasse din dampoplevelse, fra stramme sug til afslappede sug.<\/li>\n<li><strong>Hvorfor er Vapsolo Tornado Pro 12000 ideel til engrossk\u00f8bere?<\/strong><br \/>\nDen kombinerer <strong>h\u00f8j sugekapacitet<\/strong>, <strong>premium funktioner<\/strong>, og <strong>overkommelige bulkpriser<\/strong>, hvilket g\u00f8r den perfekt til detailhandlere og forhandlere.<\/li>\n<\/ol>\n<\/div>\n<\/div>\n<\/div>\n<\/div>\n<\/div>\n<\/div>\n<\/div>\n<\/div>\n<\/div>","protected":false},"excerpt":{"rendered":"<p>VapSolo Tornado Pro 12000 Puffs 2% 5% Lav Nikotin Engangs Vape K\u00f8b i l\u00f8s v\u00e6gt Pris<br \/>\nVapSolo Tornado Pro 12000 Puffs Genopladelig Engangs Vape Engroshandel<br \/>\nBillig Fabrik Tornado 12000 Puffs 2% 5% Lav Nikotin Engangs Vape<\/p>\n<p><strong>Tilf\u00f8j Amys whatsapp, f\u00e5 et hurtigt svar og en vape-kupon!<\/strong><\/p>\n<p><img fetchpriority=\"high\" decoding=\"async\" class=\"size-full wp-image-2932\" src=\"https:\/\/vapestornado.com\/wp-content\/uploads\/2024\/12\/Vape-Wholesale.jpg\" alt=\"Vape Engros\" width=\"229\" height=\"300\" \/><\/p>\n<h3><a href=\"https:\/\/wa.me\/8617776015835\"><span style=\"color: #ff0000;\"><strong>WhatsApp: +86 17776015835<\/strong><\/span><\/a><\/h3>\n<p>&nbsp;<\/p>","protected":false},"featured_media":3215,"comment_status":"open","ping_status":"closed","template":"","meta":{"_acf_changed":false,"_uag_custom_page_level_css":"","_lmt_disableupdate":"no","_lmt_disable":"","_monsterinsights_skip_tracking":false,"_monsterinsights_sitenote_active":false,"_monsterinsights_sitenote_note":"","_monsterinsights_sitenote_category":0,"site-sidebar-layout":"default","site-content-layout":"","ast-site-content-layout":"default","site-content-style":"default","site-sidebar-style":"default","ast-global-header-display":"","ast-banner-title-visibility":"","ast-main-header-display":"","ast-hfb-above-header-display":"","ast-hfb-below-header-display":"","ast-hfb-mobile-header-display":"","site-post-title":"","ast-breadcrumbs-content":"","ast-featured-img":"","footer-sml-layout":"","ast-disable-related-posts":"","theme-transparent-header-meta":"default","adv-header-id-meta":"","stick-header-meta":"","header-above-stick-meta":"","header-main-stick-meta":"","header-below-stick-meta":"","astra-migrate-meta-layouts":"set","ast-page-background-enabled":"default","ast-page-background-meta":{"desktop":{"background-color":"","background-image":"","background-repeat":"repeat","background-position":"center center","background-size":"auto","background-attachment":"scroll","background-type":"","background-media":"","overlay-type":"","overlay-color":"","overlay-opacity":"","overlay-gradient":""},"tablet":{"background-color":"","background-image":"","background-repeat":"repeat","background-position":"center center","background-size":"auto","background-attachment":"scroll","background-type":"","background-media":"","overlay-type":"","overlay-color":"","overlay-opacity":"","overlay-gradient":""},"mobile":{"background-color":"","background-image":"","background-repeat":"repeat","background-position":"center center","background-size":"auto","background-attachment":"scroll","background-type":"","background-media":"","overlay-type":"","overlay-color":"","overlay-opacity":"","overlay-gradient":""}},"ast-content-background-meta":{"desktop":{"background-color":"var(--ast-global-color-5)","background-image":"","background-repeat":"repeat","background-position":"center center","background-size":"auto","background-attachment":"scroll","background-type":"","background-media":"","overlay-type":"","overlay-color":"","overlay-opacity":"","overlay-gradient":""},"tablet":{"background-color":"var(--ast-global-color-5)","background-image":"","background-repeat":"repeat","background-position":"center center","background-size":"auto","background-attachment":"scroll","background-type":"","background-media":"","overlay-type":"","overlay-color":"","overlay-opacity":"","overlay-gradient":""},"mobile":{"background-color":"var(--ast-global-color-5)","background-image":"","background-repeat":"repeat","background-position":"center center","background-size":"auto","background-attachment":"scroll","background-type":"","background-media":"","overlay-type":"","overlay-color":"","overlay-opacity":"","overlay-gradient":""}},"_joinchat":{"telephone":"+8617776015835"}},"product_brand":[],"product_cat":[72,153,154,159,142,143,171],"product_tag":[165,97,166,94,139,172,169],"class_list":{"0":"post-3222","1":"product","2":"type-product","3":"status-publish","4":"has-post-thumbnail","6":"product_cat-12000-puff","7":"product_cat-buy-disposable-vapes-in-italy","8":"product_cat-buy-disposable-vapes-in-netherlands","9":"product_cat-buy-disposable-vapes-in-sweden","10":"product_cat-digital-box-disposable-vapes","11":"product_cat-dual-mesh-disposable-vapes","12":"product_cat-vapsolo-disposable-vapes","13":"product_tag-cheap-vapes","14":"product_tag-hot-sale-disposable-vape","15":"product_tag-low-nicotine-vape","16":"product_tag-rechargeable-disposable-vape","17":"product_tag-vapsolo","18":"product_tag-vapsolo-tornado-pro-12000","19":"product_tag-vasolo-12000","20":"desktop-align-left","21":"tablet-align-left","22":"mobile-align-left","24":"first","25":"instock","26":"sale","27":"shipping-taxable","28":"purchasable","29":"product-type-simple"},"acf":[],"uagb_featured_image_src":{"full":["https:\/\/vapestornado.com\/wp-content\/uploads\/2024\/12\/Vapsolo-Tornado-Pro-12000-Rechargeable-Disposable-Vapes-Bulk-Buy-Wholesale.jpg",1126,1126,false],"thumbnail":["https:\/\/vapestornado.com\/wp-content\/uploads\/2024\/12\/Vapsolo-Tornado-Pro-12000-Rechargeable-Disposable-Vapes-Bulk-Buy-Wholesale-150x150.jpg",150,150,true],"medium":["https:\/\/vapestornado.com\/wp-content\/uploads\/2024\/12\/Vapsolo-Tornado-Pro-12000-Rechargeable-Disposable-Vapes-Bulk-Buy-Wholesale-300x300.jpg",300,300,true],"medium_large":["https:\/\/vapestornado.com\/wp-content\/uploads\/2024\/12\/Vapsolo-Tornado-Pro-12000-Rechargeable-Disposable-Vapes-Bulk-Buy-Wholesale-768x768.jpg",768,768,true],"large":["https:\/\/vapestornado.com\/wp-content\/uploads\/2024\/12\/Vapsolo-Tornado-Pro-12000-Rechargeable-Disposable-Vapes-Bulk-Buy-Wholesale-1024x1024.jpg",1024,1024,true],"1536x1536":["https:\/\/vapestornado.com\/wp-content\/uploads\/2024\/12\/Vapsolo-Tornado-Pro-12000-Rechargeable-Disposable-Vapes-Bulk-Buy-Wholesale.jpg",1126,1126,false],"2048x2048":["https:\/\/vapestornado.com\/wp-content\/uploads\/2024\/12\/Vapsolo-Tornado-Pro-12000-Rechargeable-Disposable-Vapes-Bulk-Buy-Wholesale.jpg",1126,1126,false],"trp-custom-language-flag":["https:\/\/vapestornado.com\/wp-content\/uploads\/2024\/12\/Vapsolo-Tornado-Pro-12000-Rechargeable-Disposable-Vapes-Bulk-Buy-Wholesale.jpg",12,12,false],"woocommerce_thumbnail":["https:\/\/vapestornado.com\/wp-content\/uploads\/2024\/12\/Vapsolo-Tornado-Pro-12000-Rechargeable-Disposable-Vapes-Bulk-Buy-Wholesale-300x300.jpg",300,300,true],"woocommerce_single":["https:\/\/vapestornado.com\/wp-content\/uploads\/2024\/12\/Vapsolo-Tornado-Pro-12000-Rechargeable-Disposable-Vapes-Bulk-Buy-Wholesale-600x600.jpg",600,600,true],"woocommerce_gallery_thumbnail":["https:\/\/vapestornado.com\/wp-content\/uploads\/2024\/12\/Vapsolo-Tornado-Pro-12000-Rechargeable-Disposable-Vapes-Bulk-Buy-Wholesale-100x100.jpg",100,100,true]},"uagb_author_info":{"display_name":"ESAMY","author_link":"https:\/\/vapestornado.com\/da\/author\/"},"uagb_comment_info":0,"uagb_excerpt":"VapSolo Tornado Pro 12000 Puffs 2% 5% Low Nicotine Disposable Vape Bulk Buy Price VapSolo Tornado Pro 12000 Puffs Rechargeable Disposable Vape Wholesale Cheap Factory Tornado 12000 Puffs 2% 5% Low Nicotine Disposable Vape Add Amy's whatsapp get right reply and vape vape coupon! WhatsApp: +86 17776015835 &nbsp;","_links":{"self":[{"href":"https:\/\/vapestornado.com\/da\/wp-json\/wp\/v2\/product\/3222","targetHints":{"allow":["GET"]}}],"collection":[{"href":"https:\/\/vapestornado.com\/da\/wp-json\/wp\/v2\/product"}],"about":[{"href":"https:\/\/vapestornado.com\/da\/wp-json\/wp\/v2\/types\/product"}],"replies":[{"embeddable":true,"href":"https:\/\/vapestornado.com\/da\/wp-json\/wp\/v2\/comments?post=3222"}],"wp:featuredmedia":[{"embeddable":true,"href":"https:\/\/vapestornado.com\/da\/wp-json\/wp\/v2\/media\/3215"}],"wp:attachment":[{"href":"https:\/\/vapestornado.com\/da\/wp-json\/wp\/v2\/media?parent=3222"}],"wp:term":[{"taxonomy":"product_brand","embeddable":true,"href":"https:\/\/vapestornado.com\/da\/wp-json\/wp\/v2\/product_brand?post=3222"},{"taxonomy":"product_cat","embeddable":true,"href":"https:\/\/vapestornado.com\/da\/wp-json\/wp\/v2\/product_cat?post=3222"},{"taxonomy":"product_tag","embeddable":true,"href":"https:\/\/vapestornado.com\/da\/wp-json\/wp\/v2\/product_tag?post=3222"}],"curies":[{"name":"wp","href":"https:\/\/api.w.org\/{rel}","templated":true}]}}