{"id":3179,"date":"2024-12-16T03:01:14","date_gmt":"2024-12-16T03:01:14","guid":{"rendered":"https:\/\/vapestornado.com\/?post_type=product&#038;p=3179"},"modified":"2025-08-23T09:54:56","modified_gmt":"2025-08-23T09:54:56","slug":"china-factory-vapsolo-super-15000-puffs-disposable-wholesale-price-disposable-vape-rechargeable-disposable-vapes-pen-bulk-buy-wholesale","status":"publish","type":"product","link":"https:\/\/vapestornado.com\/da\/product\/china-factory-vapsolo-super-15000-puffs-disposable-wholesale-price-disposable-vape-rechargeable-disposable-vapes-pen-bulk-buy-wholesale\/","title":{"rendered":"Kina Fabrik Vapsolo Super 15000 Puffs Engangs Engrospris Engangsvape Genopladelige Engangsvapes Pen K\u00f8b i l\u00f8s v\u00e6gt Engros"},"content":{"rendered":"<h1 class=\"product-title\">Kina Fabrik Vapsolo Super 15000 Puffs Engangs Engrospris Engangsvape Genopladelige Engangsvapes Pen K\u00f8b i l\u00f8s v\u00e6gt Engros<\/h1>\n<p data-start=\"396\" data-end=\"669\">Den <strong data-start=\"400\" data-end=\"445\">Vapsolo Super 15000 Puffs Engangs Vape<\/strong> kombinerer kapacitet, ydeevne og tilpasning i en kompakt enhed. Med op til <strong data-start=\"528\" data-end=\"544\">15.000 sug<\/strong> og et <strong data-start=\"551\" data-end=\"584\">25 ml forudfyldt e-v\u00e6ske tank<\/strong>leverer den langvarig tilfredsstillelse for b\u00e5de personlig brug og engrosk\u00f8bere.<\/p>\n<p data-start=\"671\" data-end=\"981\">Drevet af en <strong data-start=\"684\" data-end=\"715\">650mAh genopladelige batteri<\/strong> med <strong data-start=\"721\" data-end=\"745\">Type-C hurtigopladning<\/strong>sikrer Super 15K ensartet output og minimal nedetid. Dens <strong data-start=\"813\" data-end=\"843\">4-niveau justerbar luftstr\u00f8m<\/strong> lader brugerne v\u00e6lge mellem strammere MTL-tr\u00e6k eller bl\u00f8dere, \u00e5bne sug, mens <strong data-start=\"922\" data-end=\"935\">netspole<\/strong> forbedrer smagslevering og dampdensitet.<\/p>\n<p data-start=\"983\" data-end=\"1292\">Tilg\u00e6ngelig i <strong data-start=\"996\" data-end=\"1020\">muligheder med lavt nikotinindhold<\/strong>, <strong data-start=\"1026\" data-end=\"1049\">Vapsolo Super 15000<\/strong> er designet til at im\u00f8dekomme forskellige pr\u00e6ferencer. Kombination af avancerede funktioner, holdbar byggekvalitet og konkurrencedygtige <strong data-start=\"1159\" data-end=\"1180\">engrospriser<\/strong>er det et st\u00e6rkt valg for detailhandlere, distribut\u00f8rer og bulk-k\u00f8bere, der leder efter engangs-vapes med h\u00f8j eftersp\u00f8rgsel.<\/p>\n<p><strong>Tilf\u00f8j Amys Whatsapp for at f\u00e5 hurtigt svar og vape-kupon!<\/strong><\/p>\n<p><img fetchpriority=\"high\" decoding=\"async\" class=\"size-full wp-image-2932\" src=\"https:\/\/vapestornado.com\/wp-content\/uploads\/2024\/12\/Vape-Wholesale.jpg\" alt=\"Vape Engros\" width=\"229\" height=\"300\" \/><\/p>\n<h3><a href=\"https:\/\/wa.me\/8617776015835\" target=\"_blank\" rel=\"noopener\"><span style=\"color: #ff0000;\"><strong>WhatsApp: +86 17776015835<\/strong><\/span><\/a><\/h3>\n<p>&nbsp;<\/p>\n<h2><strong>Vapsolo Super 15000 Produktegenskaber<\/strong><\/h2>\n<div role=\"article\" data-tabster=\"{&quot;groupper&quot;:{&quot;tabbability&quot;:2},&quot;focusable&quot;:{}}\" data-content=\"ai-message\" aria-labelledby=\"juhNTJ6o7Gk1cgwZMJgv2-author juhNTJ6o7Gk1cgwZMJgv2-content\">\n<div id=\"juhNTJ6o7Gk1cgwZMJgv2-content\">\n<div role=\"article\" data-tabster=\"{&quot;groupper&quot;:{&quot;tabbability&quot;:2},&quot;focusable&quot;:{}}\" data-content=\"ai-message\" aria-labelledby=\"x4EZuCZWrTbh3weWUt7CU-author x4EZuCZWrTbh3weWUt7CU-content\">\n<div id=\"x4EZuCZWrTbh3weWUt7CU-content\">\n<h3><\/h3>\n<ol>\n<li><strong>15.000 Puffs Kapacitet:<\/strong> Langvarig brug for uafbrudt tilfredshed.<\/li>\n<li><strong>25 ml E-v\u00e6skebeholder:<\/strong> Stor kapacitet for f\u00e6rre genopfyldninger og maksimal bekvemmelighed.<\/li>\n<li><strong>650 mAh genopladeligt batteri:<\/strong> P\u00e5lidelig ydeevne med hurtig Type-C opladning.<\/li>\n<li><strong>4-Niveaus Justerbar Luftstr\u00f8m:<\/strong> Justerbart sug for en skr\u00e6ddersyet dampoplevelse.<\/li>\n<li><strong>Mesh Coil Teknologi:<\/strong> Fremh\u00e6ver smag og giver en j\u00e6vn, ensartet damp.<\/li>\n<li><strong>Kompakt og b\u00e6rbart design:<\/strong> Let at have med og bruge overalt.<\/li>\n<li><strong>Lav nikotin vape muligheder:<\/strong> Perfekt til dem, der \u00f8nsker reducerede nikotinniveauer.<\/li>\n<li><strong>Overkommelige Engrospriser:<\/strong> Ideel til store indk\u00f8b og videresalg.<\/li>\n<li><strong>Holdbar Konstruktion:<\/strong> Designet til langvarig brug uden at g\u00e5 p\u00e5 kompromis med kvaliteten.<\/li>\n<li><strong>Top engangs-vape m\u00e6rke:<\/strong> Et betroet valg for engangs-vapes af h\u00f8j kvalitet.<\/li>\n<\/ol>\n<\/div>\n<\/div>\n<\/div>\n<\/div>\n<h2 class=\"product-title\"><strong>Vapsolo Super 15000 Puffs Smagsliste<\/strong><\/h2>\n<p>1. blue razz<br \/>\n2. blueberry ice<br \/>\n3. double apple<br \/>\n4. vandmelon is<br \/>\n5. jordb\u00e6r kiwi<br \/>\n6. mixed berry<br \/>\n7. Red Bull<br \/>\n8. bl\u00e5b\u00e6r kirseb\u00e6r traneb\u00e6r<br \/>\n9. citron lime<br \/>\n10. Skittles<br \/>\n11.Sommerdr\u00f8m<br \/>\n12.Jordb\u00e6r banan<br \/>\n13.Hindb\u00e6r vandmelon<br \/>\n14.Bl\u00e5b\u00e6r kirseb\u00e6r cola<br \/>\n15.Sort is dragefrugt jordb\u00e6r<\/p>\n<h3>Hvorfor v\u00e6lge vapestornado til Vapsolo Super 15000 Puffs Vape engros?<\/h3>\n<div class=\"flex-shrink-0 flex flex-col relative items-end\">\n<div class=\"pt-0\">\n<div class=\"gizmo-bot-avatar flex h-8 w-8 items-center justify-center overflow-hidden rounded-full\">\n<div class=\"relative p-1 rounded-sm flex items-center justify-center bg-token-main-surface-primary text-token-text-primary h-8 w-8\">\n<p>Velkommen til vapestornado, din betroede online vape-butik for f\u00f8rsteklasses engangsvapes. Med mere end 5 \u00e5rs ekspertise tilbyder vi dig popul\u00e6re engangsvape-m\u00e6rker som Fumot RandM Vape, <a href=\"https:\/\/vapestornado.com\/da\/product\/vapme-crystal-7000-puffs-rechargeable-disposable-vape-wholesale-cheap-price\/\">Vapme<\/a>, Bang Vape, Waspe Vape og WGA Vape, osv.<\/p>\n<p>Vores sortiment omfatter popul\u00e6re vapes som <a href=\"https:\/\/vapestornado.com\/da\/product\/fumot-randm-tornado-15000-puffs-rechargeable-disposable-vape-wholesale\/\">RandM Tornado 15000<\/a>, og smagsrige valg som <a href=\"https:\/\/vapestornado.com\/da\/product\/waspe-40000-puffs-double-flavour-led-display-disposable-vape-wholesale\/\">WASPE Dobbeltsmag 40000 sug<\/a> . Hvert produkt er valgt med fokus p\u00e5 kvalitet, v\u00e6rdi og variation, hvilket sikrer, at du finder det perfekte match til dine behov. Oplev enest\u00e5ende service og et bredt udvalg af topprodukter til engrospris hos vapestornado.<\/p>\n<\/div>\n<h3><\/h3>\n<div class=\"relative p-1 rounded-sm flex items-center justify-center bg-token-main-surface-primary text-token-text-primary h-8 w-8\">\n<h3>FAQS for Vapsolo Super 15000 Puffs engangs vape<\/h3>\n<\/div>\n<\/div>\n<\/div>\n<\/div>\n<div class=\"flex-shrink-0 flex flex-col relative items-end\">\n<div class=\"pt-0\">\n<div class=\"gizmo-bot-avatar flex h-8 w-8 items-center justify-center overflow-hidden rounded-full\">\n<div class=\"relative p-1 rounded-sm flex items-center justify-center bg-token-main-surface-primary text-token-text-primary h-8 w-8\">\n<div class=\"mb-2 flex gap-3 empty:hidden -ml-2\">\n<div role=\"article\" data-tabster=\"{&quot;groupper&quot;:{&quot;tabbability&quot;:2},&quot;focusable&quot;:{}}\" data-content=\"ai-message\" aria-labelledby=\"Vdt5ez4X7Tg813x6rFVha-author Vdt5ez4X7Tg813x6rFVha-content\">\n<div id=\"Vdt5ez4X7Tg813x6rFVha-content\">\n<div role=\"article\" data-tabster=\"{&quot;groupper&quot;:{&quot;tabbability&quot;:2},&quot;focusable&quot;:{}}\" data-content=\"ai-message\" aria-labelledby=\"o968oC7CEo2fGHsGdsRYC-author o968oC7CEo2fGHsGdsRYC-content\">\n<div id=\"o968oC7CEo2fGHsGdsRYC-content\">\n<h3><\/h3>\n<ol>\n<li><strong>Hvor mange pust giver Vapsolo Super 15k?<\/strong><br \/>\nDen <strong>Vapsolo 15000<\/strong> leverer op til <strong>15.000 sug<\/strong>, hvilket g\u00f8r den meget holdbar og langtidsholdbar.<\/li>\n<li><strong>Kan jeg justere luftstr\u00f8mmen?<\/strong><br \/>\nJa, den har <strong>4-niveau justerbar luftstr\u00f8m<\/strong>, som giver dig mulighed for at tilpasse suget til dine pr\u00e6ferencer.<\/li>\n<li><strong>Er Vapsolo Super 15000 genopladelig?<\/strong><br \/>\nJa, absolut! Den leveres med et <strong>650mAh genopladelige batteri<\/strong> og <strong>Type-C opladningsporten<\/strong> til hurtig genopladning.<\/li>\n<li><strong>Hvad g\u00f8r Vapsolo Super 15000 velegnet til engros?<\/strong><br \/>\nDens <strong>lave pris<\/strong>, h\u00f8je antal sug og premium-funktioner g\u00f8r den ideel til <strong>engros engangs vapes<\/strong> og bulk-k\u00f8bere.<\/li>\n<li><strong>Er Vapsolo Super 15000 en god mulighed for brugere med lavt nikotinindhold?<\/strong><br \/>\nJa, denne <strong>engangs vape med lavt nikotinindhold<\/strong> er perfekt til brugere, der s\u00f8ger reducerede nikotinniveauer, mens de nyder en f\u00f8rsteklasses vaping-oplevelse.<\/li>\n<\/ol>\n<\/div>\n<\/div>\n<\/div>\n<\/div>\n<\/div>\n<\/div>\n<\/div>\n<\/div>\n<\/div>","protected":false},"excerpt":{"rendered":"<p>Vapsolo Super 15000 Puffs 2% 5% Lav Nikotin Engrospris<br \/>\nVapsolo Super 15000 Puffs Genopladelig Engangs Vape<br \/>\nKina Fabrik Vapsolo 15000 Puffs 2% 5% Lav Nikotin Engangs Vape<\/p>\n<p><strong>Tilf\u00f8j Amys whatsapp, f\u00e5 et hurtigt svar og en vape-kupon!<\/strong><\/p>\n<p><img fetchpriority=\"high\" decoding=\"async\" class=\"size-full wp-image-2932\" src=\"https:\/\/vapestornado.com\/wp-content\/uploads\/2024\/12\/Vape-Wholesale.jpg\" alt=\"Vape Engros\" width=\"229\" height=\"300\" \/><\/p>\n<h3><a href=\"https:\/\/wa.me\/8617776015835\"><span style=\"color: #ff0000;\"><strong>WhatsApp: +86 17776015835<\/strong><\/span><\/a><\/h3>\n<p>&nbsp;<\/p>","protected":false},"featured_media":3189,"comment_status":"open","ping_status":"closed","template":"","meta":{"_acf_changed":false,"_uag_custom_page_level_css":"","_lmt_disableupdate":"no","_lmt_disable":"","_monsterinsights_skip_tracking":false,"_monsterinsights_sitenote_active":false,"_monsterinsights_sitenote_note":"","_monsterinsights_sitenote_category":0,"site-sidebar-layout":"default","site-content-layout":"","ast-site-content-layout":"default","site-content-style":"default","site-sidebar-style":"default","ast-global-header-display":"","ast-banner-title-visibility":"","ast-main-header-display":"","ast-hfb-above-header-display":"","ast-hfb-below-header-display":"","ast-hfb-mobile-header-display":"","site-post-title":"","ast-breadcrumbs-content":"","ast-featured-img":"","footer-sml-layout":"","ast-disable-related-posts":"","theme-transparent-header-meta":"default","adv-header-id-meta":"","stick-header-meta":"","header-above-stick-meta":"","header-main-stick-meta":"","header-below-stick-meta":"","astra-migrate-meta-layouts":"set","ast-page-background-enabled":"default","ast-page-background-meta":{"desktop":{"background-color":"","background-image":"","background-repeat":"repeat","background-position":"center center","background-size":"auto","background-attachment":"scroll","background-type":"","background-media":"","overlay-type":"","overlay-color":"","overlay-opacity":"","overlay-gradient":""},"tablet":{"background-color":"","background-image":"","background-repeat":"repeat","background-position":"center center","background-size":"auto","background-attachment":"scroll","background-type":"","background-media":"","overlay-type":"","overlay-color":"","overlay-opacity":"","overlay-gradient":""},"mobile":{"background-color":"","background-image":"","background-repeat":"repeat","background-position":"center center","background-size":"auto","background-attachment":"scroll","background-type":"","background-media":"","overlay-type":"","overlay-color":"","overlay-opacity":"","overlay-gradient":""}},"ast-content-background-meta":{"desktop":{"background-color":"var(--ast-global-color-5)","background-image":"","background-repeat":"repeat","background-position":"center center","background-size":"auto","background-attachment":"scroll","background-type":"","background-media":"","overlay-type":"","overlay-color":"","overlay-opacity":"","overlay-gradient":""},"tablet":{"background-color":"var(--ast-global-color-5)","background-image":"","background-repeat":"repeat","background-position":"center center","background-size":"auto","background-attachment":"scroll","background-type":"","background-media":"","overlay-type":"","overlay-color":"","overlay-opacity":"","overlay-gradient":""},"mobile":{"background-color":"var(--ast-global-color-5)","background-image":"","background-repeat":"repeat","background-position":"center center","background-size":"auto","background-attachment":"scroll","background-type":"","background-media":"","overlay-type":"","overlay-color":"","overlay-opacity":"","overlay-gradient":""}},"_joinchat":{"telephone":"+8617776015835"}},"product_brand":[],"product_cat":[71,140,157,159,143,146,171],"product_tag":[165,97,166,94,139,168,167],"class_list":{"0":"post-3179","1":"product","2":"type-product","3":"status-publish","4":"has-post-thumbnail","6":"product_cat-15000-puff","7":"product_cat-big-puffs-disposable-vapes","8":"product_cat-buy-disposable-vapes-in-portugal","9":"product_cat-buy-disposable-vapes-in-sweden","10":"product_cat-dual-mesh-disposable-vapes","11":"product_cat-rechargeable-disposable-vapes","12":"product_cat-vapsolo-disposable-vapes","13":"product_tag-cheap-vapes","14":"product_tag-hot-sale-disposable-vape","15":"product_tag-low-nicotine-vape","16":"product_tag-rechargeable-disposable-vape","17":"product_tag-vapsolo","18":"product_tag-vapsolo-15000","19":"product_tag-vapsolo-super-15000","20":"desktop-align-left","21":"tablet-align-left","22":"mobile-align-left","24":"first","25":"instock","26":"sale","27":"shipping-taxable","28":"purchasable","29":"product-type-simple"},"acf":[],"uagb_featured_image_src":{"full":["https:\/\/vapestornado.com\/wp-content\/uploads\/2024\/12\/Vapsolo-Super-15000-Puffs-Disposable-Vapes-Bulk-Buy.jpg",1713,1713,false],"thumbnail":["https:\/\/vapestornado.com\/wp-content\/uploads\/2024\/12\/Vapsolo-Super-15000-Puffs-Disposable-Vapes-Bulk-Buy-150x150.jpg",150,150,true],"medium":["https:\/\/vapestornado.com\/wp-content\/uploads\/2024\/12\/Vapsolo-Super-15000-Puffs-Disposable-Vapes-Bulk-Buy-300x300.jpg",300,300,true],"medium_large":["https:\/\/vapestornado.com\/wp-content\/uploads\/2024\/12\/Vapsolo-Super-15000-Puffs-Disposable-Vapes-Bulk-Buy-768x768.jpg",768,768,true],"large":["https:\/\/vapestornado.com\/wp-content\/uploads\/2024\/12\/Vapsolo-Super-15000-Puffs-Disposable-Vapes-Bulk-Buy-1024x1024.jpg",1024,1024,true],"1536x1536":["https:\/\/vapestornado.com\/wp-content\/uploads\/2024\/12\/Vapsolo-Super-15000-Puffs-Disposable-Vapes-Bulk-Buy-1536x1536.jpg",1536,1536,true],"2048x2048":["https:\/\/vapestornado.com\/wp-content\/uploads\/2024\/12\/Vapsolo-Super-15000-Puffs-Disposable-Vapes-Bulk-Buy.jpg",1713,1713,false],"trp-custom-language-flag":["https:\/\/vapestornado.com\/wp-content\/uploads\/2024\/12\/Vapsolo-Super-15000-Puffs-Disposable-Vapes-Bulk-Buy.jpg",12,12,false],"woocommerce_thumbnail":["https:\/\/vapestornado.com\/wp-content\/uploads\/2024\/12\/Vapsolo-Super-15000-Puffs-Disposable-Vapes-Bulk-Buy-300x300.jpg",300,300,true],"woocommerce_single":["https:\/\/vapestornado.com\/wp-content\/uploads\/2024\/12\/Vapsolo-Super-15000-Puffs-Disposable-Vapes-Bulk-Buy-600x600.jpg",600,600,true],"woocommerce_gallery_thumbnail":["https:\/\/vapestornado.com\/wp-content\/uploads\/2024\/12\/Vapsolo-Super-15000-Puffs-Disposable-Vapes-Bulk-Buy-100x100.jpg",100,100,true]},"uagb_author_info":{"display_name":"ESAMY","author_link":"https:\/\/vapestornado.com\/da\/author\/"},"uagb_comment_info":0,"uagb_excerpt":"Vapsolo Super 15000 Puffs 2% 5% Low Nicotine Bulk Buy Price Vapsolo Super 15000 Puffs Rechargeable Disposable Vape China Factory Vapsolo 15000 Puffs 2% 5% Low Nicotine Disposable Vape Add Amy's whatsapp get right reply and vape vape coupon! WhatsApp: +86 17776015835 &nbsp;","_links":{"self":[{"href":"https:\/\/vapestornado.com\/da\/wp-json\/wp\/v2\/product\/3179","targetHints":{"allow":["GET"]}}],"collection":[{"href":"https:\/\/vapestornado.com\/da\/wp-json\/wp\/v2\/product"}],"about":[{"href":"https:\/\/vapestornado.com\/da\/wp-json\/wp\/v2\/types\/product"}],"replies":[{"embeddable":true,"href":"https:\/\/vapestornado.com\/da\/wp-json\/wp\/v2\/comments?post=3179"}],"wp:featuredmedia":[{"embeddable":true,"href":"https:\/\/vapestornado.com\/da\/wp-json\/wp\/v2\/media\/3189"}],"wp:attachment":[{"href":"https:\/\/vapestornado.com\/da\/wp-json\/wp\/v2\/media?parent=3179"}],"wp:term":[{"taxonomy":"product_brand","embeddable":true,"href":"https:\/\/vapestornado.com\/da\/wp-json\/wp\/v2\/product_brand?post=3179"},{"taxonomy":"product_cat","embeddable":true,"href":"https:\/\/vapestornado.com\/da\/wp-json\/wp\/v2\/product_cat?post=3179"},{"taxonomy":"product_tag","embeddable":true,"href":"https:\/\/vapestornado.com\/da\/wp-json\/wp\/v2\/product_tag?post=3179"}],"curies":[{"name":"wp","href":"https:\/\/api.w.org\/{rel}","templated":true}]}}