{"id":3178,"date":"2024-12-16T02:59:47","date_gmt":"2024-12-16T02:59:47","guid":{"rendered":"https:\/\/vapestornado.com\/?post_type=product&#038;p=3178"},"modified":"2025-08-23T09:55:35","modified_gmt":"2025-08-23T09:55:35","slug":"waspe-15000-puffs-low-nicotine-tornado-vape-bulk-buy-cheap-price","status":"publish","type":"product","link":"https:\/\/vapestornado.com\/da\/product\/waspe-15000-puffs-low-nicotine-tornado-vape-bulk-buy-cheap-price\/","title":{"rendered":"Waspe 15000 Puffs Lav Nikotin Tornado Vape K\u00f8b i Stor M\u00e6ngde Billig Pris"},"content":{"rendered":"<h1 class=\"product-title\">Waspe 15000 Puffs Lav Nikotin Tornado Vape K\u00f8b i Stor M\u00e6ngde Billig Pris<\/h1>\n<p data-start=\"297\" data-end=\"604\">he <strong data-start=\"301\" data-end=\"346\">Waspe 15000 Pust Tornado Engangs Vape<\/strong> kombinerer udvidet kapacitet, bekvemmelighed og avancerede funktioner, hvilket g\u00f8r den til et st\u00e6rkt valg for b\u00e5de individuelle brugere og engrosk\u00f8bere. Med op til <strong data-start=\"496\" data-end=\"512\">15.000 sug<\/strong> og et kompakt design giver den langvarig ydeevne uden hyppige udskiftninger.<\/p>\n<p data-start=\"606\" data-end=\"854\">Udstyret med en <strong data-start=\"622\" data-end=\"642\">klare LED-sk\u00e6rm<\/strong>kan brugerne overv\u00e5ge antallet af sug og batterilevetid i realtid. Den <strong data-start=\"708\" data-end=\"726\">0,8\u03a9 mesh coil<\/strong> forbedrer smagsleveringen og dampproduktionen, mens <strong data-start=\"784\" data-end=\"808\">Type-C hurtigopladning<\/strong> sikrer hurtige opstarter for kontinuerlig brug.<\/p>\n<p data-start=\"856\" data-end=\"1111\">Tilg\u00e6ngelig i <strong data-start=\"869\" data-end=\"910\">0%, 2%, 3% og 5% nikotinstyrker<\/strong>, denne <strong data-start=\"917\" data-end=\"938\">lav nikotin vape<\/strong> im\u00f8dekommer en bred vifte af pr\u00e6ferencer. For grossister og stork\u00f8bere tilbyder <strong data-start=\"1015\" data-end=\"1033\">Waspe 15K Vape<\/strong> konkurrencedygtige priser, p\u00e5lidelig ydeevne og st\u00e6rk eftersp\u00f8rgsel p\u00e5 markedet.<\/p>\n<p><strong>Tilf\u00f8j Amys Whatsapp for at f\u00e5 hurtigt svar og vape-kupon!<\/strong><\/p>\n<p><img fetchpriority=\"high\" decoding=\"async\" class=\"size-full wp-image-2932\" src=\"https:\/\/vapestornado.com\/wp-content\/uploads\/2024\/12\/Vape-Wholesale.jpg\" alt=\"Vape Engros\" width=\"229\" height=\"300\" \/><\/p>\n<h3><a href=\"https:\/\/wa.me\/8617776015835\" target=\"_blank\" rel=\"noopener\"><span style=\"color: #ff0000;\"><strong>WhatsApp: +86 17776015835<\/strong><\/span><\/a><\/h3>\n<p>&nbsp;<\/p>\n<h2><strong>Waspe 15000 Puffs Produktfunktioner<\/strong><\/h2>\n<div role=\"article\" data-tabster=\"{&quot;groupper&quot;:{&quot;tabbability&quot;:2},&quot;focusable&quot;:{}}\" data-content=\"ai-message\" aria-labelledby=\"juhNTJ6o7Gk1cgwZMJgv2-author juhNTJ6o7Gk1cgwZMJgv2-content\">\n<div id=\"juhNTJ6o7Gk1cgwZMJgv2-content\">\n<div role=\"article\" data-tabster=\"{&quot;groupper&quot;:{&quot;tabbability&quot;:2},&quot;focusable&quot;:{}}\" data-content=\"ai-message\" aria-labelledby=\"x4EZuCZWrTbh3weWUt7CU-author x4EZuCZWrTbh3weWUt7CU-content\">\n<div id=\"x4EZuCZWrTbh3weWUt7CU-content\">\n<ul>\n<li><strong>Tilpassede nikotinmuligheder:<\/strong> V\u00e6lg mellem 0%, 2%, 3% eller 5% nikotin for en skr\u00e6ddersyet oplevelse.<\/li>\n<li><strong>Udvidet Puff Kapacitet:<\/strong> Op til 15.000 sug med en stor 22 ml e-v\u00e6skebeholder.<\/li>\n<li><strong>LED-sk\u00e6rm:<\/strong> Klar display viser batterilevetid og antal sug.<\/li>\n<li><strong>Hurtig Opladning:<\/strong> Type-C-port for hurtig og bekvem opladning.<\/li>\n<li><strong>Mesh Coil Teknologi:<\/strong> 0,8\u03a9 coil sikrer rig smag og bl\u00f8d damp.<\/li>\n<li><strong>B\u00e6rbart og Elegant Design:<\/strong> Kompakt og stilfuld til brug p\u00e5 farten.<\/li>\n<li><strong>Lav Nikotin Vape:<\/strong> Perfekt til dem, der s\u00f8ger reducerede nikotinmuligheder.<\/li>\n<li><strong>Vape Engrosvenlig:<\/strong> Muligheder for bulk-k\u00f8b for forhandlere til konkurrencedygtige priser.<\/li>\n<li><strong>Holdbar Konstruktion:<\/strong> Designet til p\u00e5lidelighed og langvarig ydeevne.<\/li>\n<li><strong>Kvalitet til en overkommelig pris:<\/strong> A <strong>billig vape<\/strong> med premium-funktioner.<\/li>\n<\/ul>\n<\/div>\n<\/div>\n<\/div>\n<\/div>\n<h2 class=\"product-title\"><strong>Waspe Tornado 15000 Puffs Smagsliste<\/strong><\/h2>\n<p>1 Vandmelon Is<br \/>\n2 Jordb\u00e6r Vandmelon<br \/>\n3 Appelsinsodavand<br \/>\n4 Dobbelt \u00c6ble<br \/>\n5 Jordb\u00e6r Kiwi<br \/>\n6 Kirseb\u00e6r<br \/>\n7 Drue<br \/>\n8 Blandede B\u00e6r<br \/>\n9 Bl\u00e5b\u00e6r Is<br \/>\n10 Jordb\u00e6r Mango<br \/>\n11 Bl\u00e5 Hindb\u00e6r Lemon<br \/>\n12 Fersken Is<\/p>\n<h3>Hvorfor v\u00e6lge vapestornado til Waspe 15k Puffs Vape Engros?<\/h3>\n<div class=\"flex-shrink-0 flex flex-col relative items-end\">\n<div class=\"pt-0\">\n<div class=\"gizmo-bot-avatar flex h-8 w-8 items-center justify-center overflow-hidden rounded-full\">\n<div class=\"relative p-1 rounded-sm flex items-center justify-center bg-token-main-surface-primary text-token-text-primary h-8 w-8\">\n<p>Velkommen til vapestornado, din betroede online vape-butik for f\u00f8rsteklasses engangsvapes. Med mere end 5 \u00e5rs ekspertise tilbyder vi dig popul\u00e6re engangsvape-m\u00e6rker som Fumot RandM Vape, <a href=\"https:\/\/vapestornado.com\/da\/product\/vapme-crystal-7000-puffs-rechargeable-disposable-vape-wholesale-cheap-price\/\">Vapme<\/a>, Bang Vape, Waspe Vape og WGA Vape, osv.<\/p>\n<p>Vores sortiment omfatter popul\u00e6re vapes som <a href=\"https:\/\/vapestornado.com\/da\/product\/fumot-randm-tornado-15000-puffs-rechargeable-disposable-vape-wholesale\/\">RandM Tornado 15000<\/a>, og smagsrige valg som <a href=\"https:\/\/vapestornado.com\/da\/product\/waspe-40000-puffs-double-flavour-led-display-disposable-vape-wholesale\/\">WASPE Dobbeltsmag 40000 sug<\/a> . Hvert produkt er valgt med fokus p\u00e5 kvalitet, v\u00e6rdi og variation, hvilket sikrer, at du finder det perfekte match til dine behov. Oplev enest\u00e5ende service og et bredt udvalg af topprodukter til engrospris hos vapestornado.<\/p>\n<\/div>\n<h3><\/h3>\n<div class=\"relative p-1 rounded-sm flex items-center justify-center bg-token-main-surface-primary text-token-text-primary h-8 w-8\">\n<h3>Ofte stillede sp\u00f8rgsm\u00e5l om Waspe 15000 Puffs engangs vape<\/h3>\n<\/div>\n<\/div>\n<\/div>\n<\/div>\n<div class=\"flex-shrink-0 flex flex-col relative items-end\">\n<div class=\"pt-0\">\n<div class=\"gizmo-bot-avatar flex h-8 w-8 items-center justify-center overflow-hidden rounded-full\">\n<div class=\"relative p-1 rounded-sm flex items-center justify-center bg-token-main-surface-primary text-token-text-primary h-8 w-8\">\n<div class=\"mb-2 flex gap-3 empty:hidden -ml-2\">\n<div role=\"article\" data-tabster=\"{&quot;groupper&quot;:{&quot;tabbability&quot;:2},&quot;focusable&quot;:{}}\" data-content=\"ai-message\" aria-labelledby=\"Vdt5ez4X7Tg813x6rFVha-author Vdt5ez4X7Tg813x6rFVha-content\">\n<div id=\"Vdt5ez4X7Tg813x6rFVha-content\">\n<div role=\"article\" data-tabster=\"{&quot;groupper&quot;:{&quot;tabbability&quot;:2},&quot;focusable&quot;:{}}\" data-content=\"ai-message\" aria-labelledby=\"o968oC7CEo2fGHsGdsRYC-author o968oC7CEo2fGHsGdsRYC-content\">\n<div id=\"o968oC7CEo2fGHsGdsRYC-content\">\n<h3><\/h3>\n<ol>\n<li><strong>Hvad er pustekapaciteten for Waspe 15000?<\/strong><br \/>\nDen <strong>Tornado 15000<\/strong> op til <strong>15.000 sug<\/strong> med sin store 22 ml e-v\u00e6skekapacitet.<\/li>\n<li><strong>Kan jeg justere nikotinniveauet?<\/strong><br \/>\nJa, du kan v\u00e6lge imellem <strong>0%, 2%, 3% eller 5% nikotinkoncentrationer<\/strong> for en personlig dampoplevelse.<\/li>\n<li><strong>Underst\u00f8tter Waspe 15000 hurtig opladning?<\/strong><br \/>\nAbsolut! Den er udstyret med en <strong>Type-C opladningsporten<\/strong> til hurtig og effektiv opladning.<\/li>\n<li><strong>Hvad g\u00f8r Waspe 15000 ideel til engroshandel?<\/strong><br \/>\nDens <strong>lave pris<\/strong>, h\u00f8je eftersp\u00f8rgsel og premium-funktioner g\u00f8r den perfekt til <strong>vape-engros<\/strong> og bulk-k\u00f8bere.<\/li>\n<li><strong>Er Waspe 15000 egnet til brugere med lavt nikotinindhold?<\/strong><br \/>\nJa, den er designet til at v\u00e6re en <strong>lav nikotin vape<\/strong>, hvilket g\u00f8r den ideel til brugere, der s\u00f8ger reducerede nikotinmuligheder.<\/li>\n<\/ol>\n<\/div>\n<\/div>\n<\/div>\n<\/div>\n<\/div>\n<\/div>\n<\/div>\n<\/div>\n<\/div>","protected":false},"excerpt":{"rendered":"<p>Vapsolo DG 18000 Smart Screen Engangs Vape Engros<br \/>\nVapsolo DG 18000 Puffs 2% 5% Lav Nikotin Bulk K\u00f8b Vapes<br \/>\nVapsolo DG18000 Puffs 2% 5% Lav Nikotin Genopladelig Engangs Vape<\/p>\n<p><strong>Tilf\u00f8j Amys whatsapp, f\u00e5 et hurtigt svar og en vape-kupon!<\/strong><\/p>\n<p><img fetchpriority=\"high\" decoding=\"async\" class=\"size-full wp-image-2932\" src=\"https:\/\/vapestornado.com\/wp-content\/uploads\/2024\/12\/Vape-Wholesale.jpg\" alt=\"Vape Engros\" width=\"229\" height=\"300\" \/><\/p>\n<h3><a href=\"https:\/\/wa.me\/8617776015835\"><span style=\"color: #ff0000;\"><strong>WhatsApp: +86 17776015835<\/strong><\/span><\/a><\/h3>\n<p>&nbsp;<\/p>","protected":false},"featured_media":3184,"comment_status":"open","ping_status":"closed","template":"","meta":{"_acf_changed":false,"_uag_custom_page_level_css":"","_lmt_disableupdate":"no","_lmt_disable":"","_monsterinsights_skip_tracking":false,"_monsterinsights_sitenote_active":false,"_monsterinsights_sitenote_note":"","_monsterinsights_sitenote_category":0,"site-sidebar-layout":"default","site-content-layout":"","ast-site-content-layout":"default","site-content-style":"default","site-sidebar-style":"default","ast-global-header-display":"","ast-banner-title-visibility":"","ast-main-header-display":"","ast-hfb-above-header-display":"","ast-hfb-below-header-display":"","ast-hfb-mobile-header-display":"","site-post-title":"","ast-breadcrumbs-content":"","ast-featured-img":"","footer-sml-layout":"","ast-disable-related-posts":"","theme-transparent-header-meta":"default","adv-header-id-meta":"","stick-header-meta":"","header-above-stick-meta":"","header-main-stick-meta":"","header-below-stick-meta":"","astra-migrate-meta-layouts":"set","ast-page-background-enabled":"default","ast-page-background-meta":{"desktop":{"background-color":"","background-image":"","background-repeat":"repeat","background-position":"center center","background-size":"auto","background-attachment":"scroll","background-type":"","background-media":"","overlay-type":"","overlay-color":"","overlay-opacity":"","overlay-gradient":""},"tablet":{"background-color":"","background-image":"","background-repeat":"repeat","background-position":"center center","background-size":"auto","background-attachment":"scroll","background-type":"","background-media":"","overlay-type":"","overlay-color":"","overlay-opacity":"","overlay-gradient":""},"mobile":{"background-color":"","background-image":"","background-repeat":"repeat","background-position":"center center","background-size":"auto","background-attachment":"scroll","background-type":"","background-media":"","overlay-type":"","overlay-color":"","overlay-opacity":"","overlay-gradient":""}},"ast-content-background-meta":{"desktop":{"background-color":"var(--ast-global-color-5)","background-image":"","background-repeat":"repeat","background-position":"center center","background-size":"auto","background-attachment":"scroll","background-type":"","background-media":"","overlay-type":"","overlay-color":"","overlay-opacity":"","overlay-gradient":""},"tablet":{"background-color":"var(--ast-global-color-5)","background-image":"","background-repeat":"repeat","background-position":"center center","background-size":"auto","background-attachment":"scroll","background-type":"","background-media":"","overlay-type":"","overlay-color":"","overlay-opacity":"","overlay-gradient":""},"mobile":{"background-color":"var(--ast-global-color-5)","background-image":"","background-repeat":"repeat","background-position":"center center","background-size":"auto","background-attachment":"scroll","background-type":"","background-media":"","overlay-type":"","overlay-color":"","overlay-opacity":"","overlay-gradient":""}},"_joinchat":{"telephone":"+8617776015835"}},"product_brand":[],"product_cat":[71,152,160,142,144,148,60],"product_tag":[97,94,114,164,163],"class_list":{"0":"post-3178","1":"product","2":"type-product","3":"status-publish","4":"has-post-thumbnail","6":"product_cat-15000-puff","7":"product_cat-buy-disposable-vapes-in-cermany","8":"product_cat-buy-disposable-vapes-in-switzerland","9":"product_cat-digital-box-disposable-vapes","10":"product_cat-low-nicotine-disposable-vapes","11":"product_cat-tornado-disposable-vapes","12":"product_cat-waspe-fihp-vape","13":"product_tag-hot-sale-disposable-vape","14":"product_tag-rechargeable-disposable-vape","15":"product_tag-tornado-vape","16":"product_tag-waspe-15000","17":"product_tag-waspe-vape","18":"desktop-align-left","19":"tablet-align-left","20":"mobile-align-left","22":"first","23":"instock","24":"sale","25":"shipping-taxable","26":"purchasable","27":"product-type-simple"},"acf":[],"uagb_featured_image_src":{"full":["https:\/\/vapestornado.com\/wp-content\/uploads\/2024\/12\/WASPE-15000-Puffs-Disposable-Vape.jpg",1713,1713,false],"thumbnail":["https:\/\/vapestornado.com\/wp-content\/uploads\/2024\/12\/WASPE-15000-Puffs-Disposable-Vape-150x150.jpg",150,150,true],"medium":["https:\/\/vapestornado.com\/wp-content\/uploads\/2024\/12\/WASPE-15000-Puffs-Disposable-Vape-300x300.jpg",300,300,true],"medium_large":["https:\/\/vapestornado.com\/wp-content\/uploads\/2024\/12\/WASPE-15000-Puffs-Disposable-Vape-768x768.jpg",768,768,true],"large":["https:\/\/vapestornado.com\/wp-content\/uploads\/2024\/12\/WASPE-15000-Puffs-Disposable-Vape-1024x1024.jpg",1024,1024,true],"1536x1536":["https:\/\/vapestornado.com\/wp-content\/uploads\/2024\/12\/WASPE-15000-Puffs-Disposable-Vape-1536x1536.jpg",1536,1536,true],"2048x2048":["https:\/\/vapestornado.com\/wp-content\/uploads\/2024\/12\/WASPE-15000-Puffs-Disposable-Vape.jpg",1713,1713,false],"trp-custom-language-flag":["https:\/\/vapestornado.com\/wp-content\/uploads\/2024\/12\/WASPE-15000-Puffs-Disposable-Vape.jpg",12,12,false],"woocommerce_thumbnail":["https:\/\/vapestornado.com\/wp-content\/uploads\/2024\/12\/WASPE-15000-Puffs-Disposable-Vape-300x300.jpg",300,300,true],"woocommerce_single":["https:\/\/vapestornado.com\/wp-content\/uploads\/2024\/12\/WASPE-15000-Puffs-Disposable-Vape-600x600.jpg",600,600,true],"woocommerce_gallery_thumbnail":["https:\/\/vapestornado.com\/wp-content\/uploads\/2024\/12\/WASPE-15000-Puffs-Disposable-Vape-100x100.jpg",100,100,true]},"uagb_author_info":{"display_name":"ESAMY","author_link":"https:\/\/vapestornado.com\/da\/author\/"},"uagb_comment_info":0,"uagb_excerpt":"Vapsolo DG 18000 Smart Screen Wholesale Disposable Vape Vapsolo DG 18000 Puffs 2% 5% Low Nicotine Bulk Buy Vapes Vapsolo DG18000 Puffs 2% 5% Low Nicotine Rechargeable Disposable Vape Add Amy's whatsapp get right reply and vape vape coupon! WhatsApp: +86 17776015835 &nbsp;","_links":{"self":[{"href":"https:\/\/vapestornado.com\/da\/wp-json\/wp\/v2\/product\/3178","targetHints":{"allow":["GET"]}}],"collection":[{"href":"https:\/\/vapestornado.com\/da\/wp-json\/wp\/v2\/product"}],"about":[{"href":"https:\/\/vapestornado.com\/da\/wp-json\/wp\/v2\/types\/product"}],"replies":[{"embeddable":true,"href":"https:\/\/vapestornado.com\/da\/wp-json\/wp\/v2\/comments?post=3178"}],"wp:featuredmedia":[{"embeddable":true,"href":"https:\/\/vapestornado.com\/da\/wp-json\/wp\/v2\/media\/3184"}],"wp:attachment":[{"href":"https:\/\/vapestornado.com\/da\/wp-json\/wp\/v2\/media?parent=3178"}],"wp:term":[{"taxonomy":"product_brand","embeddable":true,"href":"https:\/\/vapestornado.com\/da\/wp-json\/wp\/v2\/product_brand?post=3178"},{"taxonomy":"product_cat","embeddable":true,"href":"https:\/\/vapestornado.com\/da\/wp-json\/wp\/v2\/product_cat?post=3178"},{"taxonomy":"product_tag","embeddable":true,"href":"https:\/\/vapestornado.com\/da\/wp-json\/wp\/v2\/product_tag?post=3178"}],"curies":[{"name":"wp","href":"https:\/\/api.w.org\/{rel}","templated":true}]}}