{"id":3171,"date":"2024-12-14T09:23:10","date_gmt":"2024-12-14T09:23:10","guid":{"rendered":"https:\/\/vapestornado.com\/?post_type=product&#038;p=3171"},"modified":"2025-08-23T10:02:23","modified_gmt":"2025-08-23T10:02:23","slug":"waspe-40000-puffs-double-flavor-rechargeable-vape-cheap-price","status":"publish","type":"product","link":"https:\/\/vapestornado.com\/da\/product\/waspe-40000-puffs-double-flavor-rechargeable-vape-cheap-price\/","title":{"rendered":"WASPE 40000 Puffs Dobbelt Smag Genopladelig Vape Billig Pris"},"content":{"rendered":"<h1>WASPE 40000 Puffs Dobbelt Smag Genopladelig Vape Billig Pris<\/h1>\n<p>&nbsp;<\/p>\n<div role=\"article\" data-tabster=\"{&quot;groupper&quot;:{&quot;tabbability&quot;:2},&quot;focusable&quot;:{}}\" data-content=\"ai-message\" aria-labelledby=\"64JRvXrTnY7mRmPkEQLLT-author 64JRvXrTnY7mRmPkEQLLT-content\">\n<div id=\"64JRvXrTnY7mRmPkEQLLT-content\">\n<p>WASPE 40000 Puffs Dobbelt Smag Genopladelig Vape kombinerer avanceret teknologi med enest\u00e5ende smagslevering. Designet til forl\u00e6nget brug tilbyder WASPE VAPES op til 40.000 sug, hvilket sikrer langvarig tilfredshed. Dobbelte 0,9\u03a9 mesh coils giver j\u00e6vn, fyldig damp med forbedret smagsintensitet og et tilfredsstillende krads i halsen. Dens 36 ml e-v\u00e6ske kapacitet reducerer behovet for hyppige genopfyldninger, mens det 850mAh genopladelige batteri sikrer p\u00e5lidelig ydeevne. Type-C hurtigopladningsfunktionen holder nedetiden minimal. Det smarte LED-display tilbyder realtidsopdateringer om batteri- og e-v\u00e6skeniveauer for ekstra bekvemmelighed. Med et dobbelt-smagssystem kan brugerne ubesv\u00e6ret skifte mellem to forskellige smagsvarianter, hvilket forbedrer vapingoplevelsen. F\u00e5s i 2% og 5% nikotinstyrker og 16 unikke smagsvarianter, der passer til b\u00e5de nye og erfarne dampere. V\u00e6lg WASPE FIHP 40000 Puffs Vape for banebrydende funktioner, slankt design og en f\u00f8rsteklasses vapingoplevelse, der er skr\u00e6ddersyet til dine pr\u00e6ferencer.<\/p>\n<\/div>\n<\/div>\n<p><img fetchpriority=\"high\" decoding=\"async\" class=\"alignnone size-medium wp-image-4245\" src=\"https:\/\/vapestornado.com\/wp-content\/uploads\/2024\/12\/Waspe-DOUBLE-FLAVOUR-40k-Vape-Cheap-Price-300x300.jpg\" alt=\"\" width=\"300\" height=\"300\" srcset=\"https:\/\/vapestornado.com\/wp-content\/uploads\/2024\/12\/Waspe-DOUBLE-FLAVOUR-40k-Vape-Cheap-Price-300x300.jpg 300w, https:\/\/vapestornado.com\/wp-content\/uploads\/2024\/12\/Waspe-DOUBLE-FLAVOUR-40k-Vape-Cheap-Price-1024x1024.jpg 1024w, https:\/\/vapestornado.com\/wp-content\/uploads\/2024\/12\/Waspe-DOUBLE-FLAVOUR-40k-Vape-Cheap-Price-150x150.jpg 150w, https:\/\/vapestornado.com\/wp-content\/uploads\/2024\/12\/Waspe-DOUBLE-FLAVOUR-40k-Vape-Cheap-Price-768x768.jpg 768w, https:\/\/vapestornado.com\/wp-content\/uploads\/2024\/12\/Waspe-DOUBLE-FLAVOUR-40k-Vape-Cheap-Price-12x12.jpg 12w, https:\/\/vapestornado.com\/wp-content\/uploads\/2024\/12\/Waspe-DOUBLE-FLAVOUR-40k-Vape-Cheap-Price-600x600.jpg 600w, https:\/\/vapestornado.com\/wp-content\/uploads\/2024\/12\/Waspe-DOUBLE-FLAVOUR-40k-Vape-Cheap-Price-100x100.jpg 100w, https:\/\/vapestornado.com\/wp-content\/uploads\/2024\/12\/Waspe-DOUBLE-FLAVOUR-40k-Vape-Cheap-Price.jpg 1500w\" sizes=\"(max-width: 300px) 100vw, 300px\" \/><\/p>\n<p><img decoding=\"async\" class=\"wp-image-2951\" src=\"https:\/\/vapestornado.com\/wp-content\/uploads\/2024\/12\/Wholesale-Disposable-Vape-265x300.jpg\" alt=\"Engros Engangsvape\" width=\"295\" height=\"334\" srcset=\"https:\/\/vapestornado.com\/wp-content\/uploads\/2024\/12\/Wholesale-Disposable-Vape-265x300.jpg 265w, https:\/\/vapestornado.com\/wp-content\/uploads\/2024\/12\/Wholesale-Disposable-Vape-768x871.jpg 768w, https:\/\/vapestornado.com\/wp-content\/uploads\/2024\/12\/Wholesale-Disposable-Vape-600x680.jpg 600w, https:\/\/vapestornado.com\/wp-content\/uploads\/2024\/12\/Wholesale-Disposable-Vape.jpg 823w\" sizes=\"(max-width: 295px) 100vw, 295px\" \/><\/p>\n<h6>Venligst kontakt Mandys WhatsApp for rabatpris<a href=\"https:\/\/wa.me\/8618077105796\" target=\"_blank\" rel=\"noopener\">+8618077105796<\/a><\/h6>\n<p>&nbsp;<\/p>\n<h2><strong>WASPE 40000 Puffs Engangs Vapes Specifikationer<\/strong><\/h2>\n<ul>\n<li><strong>Nikotinstyrke<\/strong>: F\u00e5s i 2% og 5% muligheder for en skr\u00e6ddersyet vapingoplevelse.<\/li>\n<li><strong>Pust Kapacitet<\/strong>: Op til 40.000 pust, ideel til forl\u00e6nget brug med minimale udskiftninger.<\/li>\n<li><strong>E-v\u00e6ske Kapacitet<\/strong>: Forudfyldt med 36 ml premium vape juice til lange sessioner.<\/li>\n<li><strong>Avancerede Mesh Coils<\/strong>: Dobbelte 0,9\u03a9 mesh coils leverer j\u00e6vn, rig damp og forbedret smag.<\/li>\n<li><strong>Type-C genopladelig<\/strong>: Hurtig og effektiv Type-C opladning minimerer nedetiden.<\/li>\n<li><strong>Batterikapacitet<\/strong>: Robust 850mAh genopladeligt batteri sikrer ensartet ydeevne.<\/li>\n<li><strong>Smart LED-sk\u00e6rm<\/strong>: Realtids batteri- og e-v\u00e6skeniveauopdateringer for problemfri anvendelighed.<\/li>\n<li><strong>Dobbelt Smag Teknologi<\/strong>: Skift mellem to forskellige smagsvarianter for en dynamisk og personlig vapingoplevelse.<\/li>\n<\/ul>\n<h2><strong>WASPE Tornado Vape 40k Puffs Smagsliste:<\/strong><\/h2>\n<p class=\"selectable-text copyable-text x15bjb6t x1n2onr6\" dir=\"ltr\"><span class=\"selectable-text copyable-text false\">1.Vandmelon Is<\/span><\/p>\n<p class=\"selectable-text copyable-text x15bjb6t x1n2onr6\" dir=\"ltr\"><span class=\"selectable-text copyable-text false x1sdyfia xss6m8b\">2.<\/span><span class=\"selectable-text copyable-text false\"> Fizzy Kirseb\u00e6r Is<\/span><\/p>\n<p class=\"selectable-text copyable-text x15bjb6t x1n2onr6\" dir=\"ltr\"><span class=\"selectable-text copyable-text false x1sdyfia xss6m8b\">3.<\/span><span class=\"selectable-text copyable-text false\"> Jordb\u00e6r Vandmelon<\/span><\/p>\n<p class=\"selectable-text copyable-text x15bjb6t x1n2onr6\" dir=\"ltr\"><span class=\"selectable-text copyable-text false x1sdyfia xss6m8b\">4.<\/span><span class=\"selectable-text copyable-text false\"> Red Bull Ice<\/span><\/p>\n<p class=\"selectable-text copyable-text x15bjb6t x1n2onr6\" dir=\"ltr\"><span class=\"selectable-text copyable-text false x1sdyfia xss6m8b\">5.<\/span><span class=\"selectable-text copyable-text false\"> Fersken Is<\/span><\/p>\n<p class=\"selectable-text copyable-text x15bjb6t x1n2onr6\" dir=\"ltr\"><span class=\"selectable-text copyable-text false x1sdyfia xss6m8b\">6.<\/span><span class=\"selectable-text copyable-text false\"> Grape Ice<\/span><\/p>\n<p class=\"selectable-text copyable-text x15bjb6t x1n2onr6\" dir=\"ltr\"><span class=\"selectable-text copyable-text false x1sdyfia xss6m8b\">7.<\/span><span class=\"selectable-text copyable-text false\"> Blue Razz Lemonade<\/span><\/p>\n<p class=\"selectable-text copyable-text x15bjb6t x1n2onr6\" dir=\"ltr\"><span class=\"selectable-text copyable-text false x1sdyfia xss6m8b\">8.<\/span><span class=\"selectable-text copyable-text false\"> Blandede B\u00e6r<\/span><\/p>\n<p class=\"selectable-text copyable-text x15bjb6t x1n2onr6\" dir=\"ltr\"><span class=\"selectable-text copyable-text false x1sdyfia xss6m8b\">9.<\/span><span class=\"selectable-text copyable-text false\"> Jordb\u00e6r Hindb\u00e6r Kirseb\u00e6r<\/span><\/p>\n<p class=\"selectable-text copyable-text x15bjb6t x1n2onr6\" dir=\"ltr\"><span class=\"selectable-text copyable-text false x1sdyfia xss6m8b\">10.<\/span><span class=\"selectable-text copyable-text false\"> Jordb\u00e6r Banan<\/span><\/p>\n<p class=\"selectable-text copyable-text x15bjb6t x1n2onr6\" dir=\"ltr\"><span class=\"selectable-text copyable-text false x1sdyfia xss6m8b\">11.<\/span><span class=\"selectable-text copyable-text false\"> Jordb\u00e6r Vandmelon Bubblegum<\/span><\/p>\n<p class=\"selectable-text copyable-text x15bjb6t x1n2onr6\" dir=\"ltr\"><span class=\"selectable-text copyable-text false x1sdyfia xss6m8b\">12.<\/span><span class=\"selectable-text copyable-text false\"> Kirseb\u00e6r Cola Is<\/span><\/p>\n<p class=\"selectable-text copyable-text x15bjb6t x1n2onr6\" dir=\"ltr\"><span class=\"selectable-text copyable-text false x1sdyfia xss6m8b\">13.<\/span><span class=\"selectable-text copyable-text false\"> Sur \u00c6ble Hindb\u00e6r<\/span><\/p>\n<p class=\"selectable-text copyable-text x15bjb6t x1n2onr6\" dir=\"ltr\"><span class=\"selectable-text copyable-text false x1sdyfia xss6m8b\">14.<\/span><span class=\"selectable-text copyable-text false\"> Fersken B\u00e6r<\/span><\/p>\n<p class=\"selectable-text copyable-text x15bjb6t x1n2onr6\" dir=\"ltr\"><span class=\"selectable-text copyable-text false x1sdyfia xss6m8b\">15.<\/span><span class=\"selectable-text copyable-text false\"> Blueberry Ice<\/span><\/p>\n<p class=\"selectable-text copyable-text x15bjb6t x1n2onr6\" dir=\"ltr\"><span class=\"selectable-text copyable-text false x1sdyfia xss6m8b\">16.<\/span><span class=\"selectable-text copyable-text false\"> Jordb\u00e6r Kirseb\u00e6r<\/span><\/p>\n<div role=\"article\" data-tabster=\"{&quot;groupper&quot;:{&quot;tabbability&quot;:2},&quot;focusable&quot;:{}}\" data-content=\"ai-message\" aria-labelledby=\"dARUyEWDoEYhnSPXFwx5A-author dARUyEWDoEYhnSPXFwx5A-content\">\n<div id=\"dARUyEWDoEYhnSPXFwx5A-content\">\n<h2><strong>Hvorfor v\u00e6lge WASPE 40k Puffs Vape Pods hos vapestornado.com?<\/strong><\/h2>\n<ul>\n<li><strong>Uovertruffen levetid<\/strong>: Med imponerende 40.000 sug er WASPE 40K perfekt til dampere, der s\u00f8ger forl\u00e6nget brug uden hyppige udskiftninger.<\/li>\n<li><strong>Avanceret vaping-teknologi<\/strong>: Med dobbelte 0,9\u03a9 mesh coils sikrer denne enhed j\u00e6vn, smagfuld damp med hvert sug, hvilket giver en f\u00f8rsteklasses vaping-oplevelse.<\/li>\n<li><strong>Massiv e-v\u00e6ske kapacitet<\/strong>: Forudfyldt med 36 ml h\u00f8jkvalitets vape juice, er den designet til uafbrudte, langvarige sessioner.<\/li>\n<li><strong>Praktisk genopladelighed<\/strong>: Udstyret med et 850mAh Type-C genopladeligt batteri leverer WASPE 40000 pust p\u00e5lidelig str\u00f8m og hurtig opladning, hvilket sikrer, at du altid er klar til at dampe.<\/li>\n<li><strong>Innovativ dobbelt smagsfunktion<\/strong>: Nyd to smagsvarianter i \u00e9n enhed, hvilket giver en tilpasselig og dynamisk vaping-oplevelse, der er skr\u00e6ddersyet til dine pr\u00e6ferencer.<\/li>\n<li><strong>Brugervenligt design<\/strong>: Det smarte LED-display holder dig informeret om batteri- og e-v\u00e6skeniveauer, hvilket tilf\u00f8jer et lag af bekvemmelighed til din vaping-rutine.<\/li>\n<li><strong>Fleksible Nikotinmuligheder<\/strong>: Tilg\u00e6ngelig i 2% og 5% nikotinstyrker, der henvender sig til b\u00e5de lette og erfarne dampere.<\/li>\n<li><strong>vapestornado's Premium Service<\/strong>: Shopping p\u00e5 vapestornado.com betyder adgang til autentiske produkter, konkurrencedygtige priser og enest\u00e5ende kundesupport.<\/li>\n<\/ul>\n<\/div>\n<\/div>\n<h2>Ofte stillede sp\u00f8rgsm\u00e5l om <strong>WASPE 40K Puffs Bulk Pris genopladelige vapes<\/strong><\/h2>\n<p><strong>Q1: Hvordan sporer jeg min WASPE VAPES 40k Puffs ordre?<\/strong><br \/>\nA: N\u00e5r din ordre er afsendt, modtager du et trackingnummer via e-mail for at overv\u00e5ge din leveringsstatus.<\/p>\n<p><strong>Q2: Hvad er den estimerede leveringstid for WASPE 40000 PUFF?<\/strong><br \/>\nA: Ordrer afsendt fra Kina tager typisk 7-14 hverdage, mens ordrer fra europ\u00e6iske lagre ankommer inden for 3-6 hverdage.<\/p>\n<p><strong>Q3: Kan jeg f\u00e5 hurtigere levering?<\/strong><br \/>\nA: For hurtigere forsendelse, overvej at bestille produkter, der er p\u00e5 lager i vores europ\u00e6iske varehuse.<\/p>\n<p><strong>Q4: Kan jeg v\u00e6lge specifikke smagsvarianter til WASPE FIHP VAPE 40000 PUFFS?<\/strong><br \/>\nA: Smagsvarianter arrangeres typisk tilf\u00e6ldigt, men du kan efterlade en note ved kassen med dine pr\u00e6ferencer, og vi vil g\u00f8re vores bedste for at im\u00f8dekomme dem.<\/p>\n<p><strong>Q5: Sender I WASPE 40000 puffs internationalt?<\/strong><br \/>\nA: Ja, vi sender til de fleste lande verden over og h\u00e5ndterer toldbehandlingen.<\/p>\n<p><strong>Q6: Hvordan kan jeg kontakte kundeservice?<\/strong><br \/>\nA: Kontakt os via e-mail, WhatsApp eller live chat p\u00e5 vores hjemmeside for hurtig assistance.<\/p>","protected":false},"excerpt":{"rendered":"<ul>\n<li><strong>F\u00e5 WASPE FIHP 40000 Pust Genopladelig Vape til Uovertrufne Priser<\/strong><\/li>\n<li><strong>Engros Tilbud p\u00e5 WASPE FIHP 40K Pust Vapes \u2013 Spar Stort p\u00e5 Bulk Ordrer<\/strong><\/li>\n<li><strong>K\u00f8b WASPE 40000 Pust Dual Flavor Vape \u2013 Avancerede Funktioner, Overkommelige Priser<\/strong><\/li>\n<\/ul>\n<figure id=\"attachment_2951\" aria-describedby=\"caption-attachment-2951\" style=\"width: 265px\" class=\"wp-caption alignnone\"><img decoding=\"async\" class=\"size-medium wp-image-2951\" src=\"https:\/\/vapestornado.com\/wp-content\/uploads\/2024\/12\/Wholesale-Disposable-Vape-265x300.jpg\" alt=\"Engros Engangsvape\" width=\"265\" height=\"300\" srcset=\"https:\/\/vapestornado.com\/wp-content\/uploads\/2024\/12\/Wholesale-Disposable-Vape-265x300.jpg 265w, https:\/\/vapestornado.com\/wp-content\/uploads\/2024\/12\/Wholesale-Disposable-Vape-768x871.jpg 768w, https:\/\/vapestornado.com\/wp-content\/uploads\/2024\/12\/Wholesale-Disposable-Vape-600x680.jpg 600w, https:\/\/vapestornado.com\/wp-content\/uploads\/2024\/12\/Wholesale-Disposable-Vape.jpg 823w\" sizes=\"(max-width: 265px) 100vw, 265px\" \/><figcaption id=\"caption-attachment-2951\" class=\"wp-caption-text\">Venligst kontakt Mandys WhatsApp for rabatpris\u00a0 <a href=\"https:\/\/wa.me\/8618077105796\">+8618077105796<\/a><\/figcaption><\/figure>\n<p>&nbsp;<\/p>","protected":false},"featured_media":4245,"comment_status":"open","ping_status":"closed","template":"","meta":{"_acf_changed":false,"_uag_custom_page_level_css":"","_lmt_disableupdate":"no","_lmt_disable":"","_monsterinsights_skip_tracking":false,"_monsterinsights_sitenote_active":false,"_monsterinsights_sitenote_note":"","_monsterinsights_sitenote_category":0,"site-sidebar-layout":"default","site-content-layout":"","ast-site-content-layout":"default","site-content-style":"default","site-sidebar-style":"default","ast-global-header-display":"","ast-banner-title-visibility":"","ast-main-header-display":"","ast-hfb-above-header-display":"","ast-hfb-below-header-display":"","ast-hfb-mobile-header-display":"","site-post-title":"","ast-breadcrumbs-content":"","ast-featured-img":"","footer-sml-layout":"","ast-disable-related-posts":"","theme-transparent-header-meta":"default","adv-header-id-meta":"","stick-header-meta":"","header-above-stick-meta":"","header-main-stick-meta":"","header-below-stick-meta":"","astra-migrate-meta-layouts":"set","ast-page-background-enabled":"default","ast-page-background-meta":{"desktop":{"background-color":"","background-image":"","background-repeat":"repeat","background-position":"center center","background-size":"auto","background-attachment":"scroll","background-type":"","background-media":"","overlay-type":"","overlay-color":"","overlay-opacity":"","overlay-gradient":""},"tablet":{"background-color":"","background-image":"","background-repeat":"repeat","background-position":"center center","background-size":"auto","background-attachment":"scroll","background-type":"","background-media":"","overlay-type":"","overlay-color":"","overlay-opacity":"","overlay-gradient":""},"mobile":{"background-color":"","background-image":"","background-repeat":"repeat","background-position":"center center","background-size":"auto","background-attachment":"scroll","background-type":"","background-media":"","overlay-type":"","overlay-color":"","overlay-opacity":"","overlay-gradient":""}},"ast-content-background-meta":{"desktop":{"background-color":"var(--ast-global-color-5)","background-image":"","background-repeat":"repeat","background-position":"center center","background-size":"auto","background-attachment":"scroll","background-type":"","background-media":"","overlay-type":"","overlay-color":"","overlay-opacity":"","overlay-gradient":""},"tablet":{"background-color":"var(--ast-global-color-5)","background-image":"","background-repeat":"repeat","background-position":"center center","background-size":"auto","background-attachment":"scroll","background-type":"","background-media":"","overlay-type":"","overlay-color":"","overlay-opacity":"","overlay-gradient":""},"mobile":{"background-color":"var(--ast-global-color-5)","background-image":"","background-repeat":"repeat","background-position":"center center","background-size":"auto","background-attachment":"scroll","background-type":"","background-media":"","overlay-type":"","overlay-color":"","overlay-opacity":"","overlay-gradient":""}},"_joinchat":{"telephone":"+8618077105796"}},"product_brand":[],"product_cat":[65,149,153,156,157,158,60],"product_tag":[97,89],"class_list":{"0":"post-3171","1":"product","2":"type-product","3":"status-publish","4":"has-post-thumbnail","6":"product_cat-40000-puff","7":"product_cat-buy-disposable-vapes-in-austria","8":"product_cat-buy-disposable-vapes-in-italy","9":"product_cat-buy-disposable-vapes-in-poland","10":"product_cat-buy-disposable-vapes-in-portugal","11":"product_cat-buy-disposable-vapes-in-spain","12":"product_cat-waspe-fihp-vape","13":"product_tag-hot-sale-disposable-vape","14":"product_tag-waspe-40000-puffs","15":"desktop-align-left","16":"tablet-align-left","17":"mobile-align-left","19":"first","20":"instock","21":"sale","22":"shipping-taxable","23":"purchasable","24":"product-type-simple"},"acf":[],"uagb_featured_image_src":{"full":["https:\/\/vapestornado.com\/wp-content\/uploads\/2024\/12\/Waspe-DOUBLE-FLAVOUR-40k-Vape-Cheap-Price.jpg",1500,1500,false],"thumbnail":["https:\/\/vapestornado.com\/wp-content\/uploads\/2024\/12\/Waspe-DOUBLE-FLAVOUR-40k-Vape-Cheap-Price-150x150.jpg",150,150,true],"medium":["https:\/\/vapestornado.com\/wp-content\/uploads\/2024\/12\/Waspe-DOUBLE-FLAVOUR-40k-Vape-Cheap-Price-300x300.jpg",300,300,true],"medium_large":["https:\/\/vapestornado.com\/wp-content\/uploads\/2024\/12\/Waspe-DOUBLE-FLAVOUR-40k-Vape-Cheap-Price-768x768.jpg",768,768,true],"large":["https:\/\/vapestornado.com\/wp-content\/uploads\/2024\/12\/Waspe-DOUBLE-FLAVOUR-40k-Vape-Cheap-Price-1024x1024.jpg",1024,1024,true],"1536x1536":["https:\/\/vapestornado.com\/wp-content\/uploads\/2024\/12\/Waspe-DOUBLE-FLAVOUR-40k-Vape-Cheap-Price.jpg",1500,1500,false],"2048x2048":["https:\/\/vapestornado.com\/wp-content\/uploads\/2024\/12\/Waspe-DOUBLE-FLAVOUR-40k-Vape-Cheap-Price.jpg",1500,1500,false],"trp-custom-language-flag":["https:\/\/vapestornado.com\/wp-content\/uploads\/2024\/12\/Waspe-DOUBLE-FLAVOUR-40k-Vape-Cheap-Price-12x12.jpg",12,12,true],"woocommerce_thumbnail":["https:\/\/vapestornado.com\/wp-content\/uploads\/2024\/12\/Waspe-DOUBLE-FLAVOUR-40k-Vape-Cheap-Price-300x300.jpg",300,300,true],"woocommerce_single":["https:\/\/vapestornado.com\/wp-content\/uploads\/2024\/12\/Waspe-DOUBLE-FLAVOUR-40k-Vape-Cheap-Price-600x600.jpg",600,600,true],"woocommerce_gallery_thumbnail":["https:\/\/vapestornado.com\/wp-content\/uploads\/2024\/12\/Waspe-DOUBLE-FLAVOUR-40k-Vape-Cheap-Price-100x100.jpg",100,100,true]},"uagb_author_info":{"display_name":"ESMANDY","author_link":"https:\/\/vapestornado.com\/da\/author\/"},"uagb_comment_info":0,"uagb_excerpt":"Get WASPE FIHP 40000 Puff Rechargeable Vape at Unbeatable Prices Wholesale Deals on WASPE FIHP 40K Puffs Vapes \u2013 Save Big on Bulk Orders Shop WASPE 40000 Puffs Dual Flavor Vape \u2013 Advanced Features, Affordable Prices [caption id=\"attachment_2951\" align=\"alignnone\" width=\"265\"] Pls Contact Mandy's WhatsApp For Discount Price\u00a0 +8618077105796[\/caption] &nbsp;","_links":{"self":[{"href":"https:\/\/vapestornado.com\/da\/wp-json\/wp\/v2\/product\/3171","targetHints":{"allow":["GET"]}}],"collection":[{"href":"https:\/\/vapestornado.com\/da\/wp-json\/wp\/v2\/product"}],"about":[{"href":"https:\/\/vapestornado.com\/da\/wp-json\/wp\/v2\/types\/product"}],"replies":[{"embeddable":true,"href":"https:\/\/vapestornado.com\/da\/wp-json\/wp\/v2\/comments?post=3171"}],"wp:featuredmedia":[{"embeddable":true,"href":"https:\/\/vapestornado.com\/da\/wp-json\/wp\/v2\/media\/4245"}],"wp:attachment":[{"href":"https:\/\/vapestornado.com\/da\/wp-json\/wp\/v2\/media?parent=3171"}],"wp:term":[{"taxonomy":"product_brand","embeddable":true,"href":"https:\/\/vapestornado.com\/da\/wp-json\/wp\/v2\/product_brand?post=3171"},{"taxonomy":"product_cat","embeddable":true,"href":"https:\/\/vapestornado.com\/da\/wp-json\/wp\/v2\/product_cat?post=3171"},{"taxonomy":"product_tag","embeddable":true,"href":"https:\/\/vapestornado.com\/da\/wp-json\/wp\/v2\/product_tag?post=3171"}],"curies":[{"name":"wp","href":"https:\/\/api.w.org\/{rel}","templated":true}]}}