{"id":3132,"date":"2024-12-13T09:10:35","date_gmt":"2024-12-13T09:10:35","guid":{"rendered":"https:\/\/vapestornado.com\/?post_type=product&#038;p=3132"},"modified":"2025-08-23T10:04:00","modified_gmt":"2025-08-23T10:04:00","slug":"vapsolo-twins-20000-double-flavour-rechargeable-disposable-vape-wholesale-price","status":"publish","type":"product","link":"https:\/\/vapestornado.com\/da\/product\/vapsolo-twins-20000-double-flavour-rechargeable-disposable-vape-wholesale-price\/","title":{"rendered":"Vapsolo Twins 20000 Dobbelt Smag Genopladelig Engangsvape Engrospris"},"content":{"rendered":"<h1 class=\"product-title\">Vapsolo Twins 20000 Dobbelt Smag Genopladelig Engangsvape Engrospris<\/h1>\n<p data-start=\"319\" data-end=\"581\">Den <strong data-start=\"323\" data-end=\"377\">Vapsolo Twins 20000 Dobbeltsmag Disposable Vape<\/strong> er designet til forhandlere og grossister, der har brug for p\u00e5lideligt, langvarigt lager. Med op til <strong data-start=\"470\" data-end=\"497\">20.000 sug pr. enhed<\/strong> og et <strong data-start=\"504\" data-end=\"526\">25 ml e-v\u00e6ske tank<\/strong>tilbyder den forl\u00e6nget brug og st\u00e6rkt videresalgspotentiale.<\/p>\n<p data-start=\"583\" data-end=\"946\">Dens <strong data-start=\"587\" data-end=\"612\">dobbeltsmagssystem<\/strong> lader kunderne skifte mellem to blandinger i \u00e9n enhed, hvilket g\u00f8r den mere attraktiv for k\u00f8bere, der \u00f8nsker variation uden at b\u00e6re rundt p\u00e5 flere vapes. Den <strong data-start=\"759\" data-end=\"783\">mesh coil-teknologi<\/strong> sikrer j\u00e6vn damp og ensartet smag, mens <strong data-start=\"837\" data-end=\"868\">650mAh genopladelige batteri<\/strong> med <strong data-start=\"874\" data-end=\"898\">Type-C hurtigopladning<\/strong> holder ydeevnen stabil indtil sidste dr\u00e5be.<\/p>\n<p data-start=\"948\" data-end=\"1202\">Tilg\u00e6ngelig i <strong data-start=\"961\" data-end=\"993\">2% og 5% nikotinstyrker<\/strong>, <strong data-start=\"999\" data-end=\"1025\">Vapsolo Tvillinger 20K Vape<\/strong> im\u00f8dekommer forskellige kundepr\u00e6ferencer. Med konkurrencedygtige <strong data-start=\"1085\" data-end=\"1106\">engrospriser<\/strong> og st\u00e6rk eftersp\u00f8rgsel p\u00e5 markedet er det et smart valg for sm\u00e5 butikker og distribut\u00f8rer i hele Europa<\/p>\n<p><strong>Tilf\u00f8j Amys Whatsapp for at f\u00e5 hurtigt svar og vape-kupon!<\/strong><\/p>\n<p><img fetchpriority=\"high\" decoding=\"async\" class=\"size-full wp-image-2932\" src=\"https:\/\/vapestornado.com\/wp-content\/uploads\/2024\/12\/Vape-Wholesale.jpg\" alt=\"Vape Engros\" width=\"229\" height=\"300\" \/><\/p>\n<h3><a href=\"https:\/\/wa.me\/8617776015835\" target=\"_blank\" rel=\"noopener\"><span style=\"color: #ff0000;\"><strong>WhatsApp: +86 17776015835<\/strong><\/span><\/a><\/h3>\n<p>&nbsp;<\/p>\n<h2><strong>Vapsolo Twins 20000 Produktfunktioner<\/strong><\/h2>\n<div role=\"article\" data-tabster=\"{&quot;groupper&quot;:{&quot;tabbability&quot;:2},&quot;focusable&quot;:{}}\" data-content=\"ai-message\" aria-labelledby=\"juhNTJ6o7Gk1cgwZMJgv2-author juhNTJ6o7Gk1cgwZMJgv2-content\">\n<div id=\"juhNTJ6o7Gk1cgwZMJgv2-content\">\n<div role=\"article\" data-tabster=\"{&quot;groupper&quot;:{&quot;tabbability&quot;:2},&quot;focusable&quot;:{}}\" data-content=\"ai-message\" aria-labelledby=\"x4EZuCZWrTbh3weWUt7CU-author x4EZuCZWrTbh3weWUt7CU-content\">\n<div id=\"x4EZuCZWrTbh3weWUt7CU-content\">\n<h3><\/h3>\n<ol>\n<li><strong>Dobbelt Smagsoplevelse:<\/strong> Dobbelt-tank system til to smagsvarianter i \u00e9n vape.<\/li>\n<li><strong>Massivt antal sug:<\/strong> Tilbyder en imponerende <strong>20.000 puffs<\/strong>.<\/li>\n<li><strong>Genopladeligt batteri:<\/strong> Langtidsholdbart 650mAh batteri med Type-C opladning.<\/li>\n<li><strong>Gener\u00f8s E-v\u00e6ske Kapacitet:<\/strong> <strong>25mL forfyldte tanke<\/strong> for forl\u00e6nget brug.<\/li>\n<li><strong>Nikotinstyrke Muligheder:<\/strong> V\u00e6lg mellem <strong>2% eller 5%<\/strong> nikotinniveauer.<\/li>\n<li><strong>Mesh Coil Teknologi:<\/strong> Sikrer j\u00e6vn og smagfuld damp produktion.<\/li>\n<li><strong>Justerbar Luftstr\u00f8m:<\/strong> Tilpas dampintensiteten, s\u00e5 den passer til din stil.<\/li>\n<li><strong>Brugervenligt Design:<\/strong> Tr\u00e6k-aktiveret system for nem og bekvem vaping.<\/li>\n<li><strong>Kompakt<\/strong> Stilfuldt design perfekt til brugere p\u00e5 farten.<\/li>\n<li><strong>Smart Display Sk\u00e6rm:<\/strong> Realtidsopdateringer om batterilevetid og antal sug.<\/li>\n<\/ol>\n<\/div>\n<\/div>\n<\/div>\n<\/div>\n<h2 class=\"product-title\"><strong>Vapsolo Twins 20000 Smagsliste<\/strong><\/h2>\n<p>1.Citron Lime<br \/>\n2.Drue Is<br \/>\n3.Ananas Kokos<br \/>\n4.Appelsin Mango Vandmelon<br \/>\n5. Bl\u00e5b\u00e6r Is<br \/>\n6. Vandmelon Is<br \/>\n7. Jordb\u00e6r Banan<br \/>\n8. Jordb\u00e6r Hindb\u00e6r Kirseb\u00e6r Is<br \/>\n9. Bl\u00e5 Hindb\u00e6r Lemonade<br \/>\n10. Vandmelon Is<br \/>\n11. Triple Melon<br \/>\n12. Sort Is Dragefrugt Jordb\u00e6r<br \/>\n13. Ananas Kokosn\u00f8d<br \/>\n14. Jordb\u00e6r Is<br \/>\n15. Jordb\u00e6r Kiwi<br \/>\n16. Triple Melon<\/p>\n<h3>Hvorfor v\u00e6lge vapestornado til Vapsolo Twins 20k Pust Vape Engros?<\/h3>\n<div class=\"flex-shrink-0 flex flex-col relative items-end\">\n<div class=\"pt-0\">\n<div class=\"gizmo-bot-avatar flex h-8 w-8 items-center justify-center overflow-hidden rounded-full\">\n<div class=\"relative p-1 rounded-sm flex items-center justify-center bg-token-main-surface-primary text-token-text-primary h-8 w-8\">\n<p>Velkommen til vapestornado, din betroede online vape-butik for f\u00f8rsteklasses engangsvapes. Med mere end 5 \u00e5rs ekspertise tilbyder vi dig popul\u00e6re engangsvape-m\u00e6rker som Fumot RandM Vape, <a href=\"https:\/\/vapestornado.com\/da\/product\/vapme-crystal-7000-puffs-rechargeable-disposable-vape-wholesale-cheap-price\/\">Vapme<\/a>, Bang Vape, Waspe Vape og WGA Vape, osv.<\/p>\n<p>Vores sortiment omfatter popul\u00e6re vapes som <a href=\"https:\/\/vapestornado.com\/da\/product\/fumot-randm-tornado-15000-puffs-rechargeable-disposable-vape-wholesale\/\">RandM Tornado 15000<\/a>, og smagsrige valg som <a href=\"https:\/\/vapestornado.com\/da\/product\/waspe-40000-puffs-double-flavour-led-display-disposable-vape-wholesale\/\">WASPE Dobbeltsmag 40000 sug<\/a> . Hvert produkt er valgt med fokus p\u00e5 kvalitet, v\u00e6rdi og variation, hvilket sikrer, at du finder det perfekte match til dine behov. Oplev enest\u00e5ende service og et bredt udvalg af topprodukter til engrospris hos vapestornado.<\/p>\n<\/div>\n<h3><\/h3>\n<div class=\"relative p-1 rounded-sm flex items-center justify-center bg-token-main-surface-primary text-token-text-primary h-8 w-8\">\n<h3>Ofte stillede sp\u00f8rgsm\u00e5l om Vapsolo 20k Pust Engangs Vape<\/h3>\n<\/div>\n<\/div>\n<\/div>\n<\/div>\n<div class=\"flex-shrink-0 flex flex-col relative items-end\">\n<div class=\"pt-0\">\n<div class=\"gizmo-bot-avatar flex h-8 w-8 items-center justify-center overflow-hidden rounded-full\">\n<div class=\"relative p-1 rounded-sm flex items-center justify-center bg-token-main-surface-primary text-token-text-primary h-8 w-8\">\n<div class=\"mb-2 flex gap-3 empty:hidden -ml-2\">\n<div role=\"article\" data-tabster=\"{&quot;groupper&quot;:{&quot;tabbability&quot;:2},&quot;focusable&quot;:{}}\" data-content=\"ai-message\" aria-labelledby=\"Vdt5ez4X7Tg813x6rFVha-author Vdt5ez4X7Tg813x6rFVha-content\">\n<div id=\"Vdt5ez4X7Tg813x6rFVha-content\">\n<div role=\"article\" data-tabster=\"{&quot;groupper&quot;:{&quot;tabbability&quot;:2},&quot;focusable&quot;:{}}\" data-content=\"ai-message\" aria-labelledby=\"o968oC7CEo2fGHsGdsRYC-author o968oC7CEo2fGHsGdsRYC-content\">\n<div id=\"o968oC7CEo2fGHsGdsRYC-content\">\n<ol>\n<li><strong>Hvad g\u00f8r Vapsolo Twins 20000 unik?<\/strong><br \/>\nDen <strong>dobbelt smagstanksystem<\/strong> giver dig mulighed for at nyde to forskellige smagsvarianter i \u00e9n enhed, hvilket g\u00f8r den meget alsidig.<\/li>\n<li><strong>Hvor mange pust giver Vapsolo Twins 20000?<\/strong><br \/>\nDen tilbyder en imponerende <strong>20.000 puffs<\/strong>, hvilket g\u00f8r den ideel til langvarig brug.<\/li>\n<li><strong>Kan Vapsolo Twins genoplades?<\/strong><br \/>\nJa, den har en <strong>650mAh genopladelige batteri<\/strong> med hurtig Type-C opladning for bekvemmelighed.<\/li>\n<li><strong>Hvilke nikotinstyrke muligheder er tilg\u00e6ngelige?<\/strong><br \/>\nEnheden kommer i <strong>2% og 5% nikotinniveauer<\/strong>, der henvender sig til lette og tunge nikotinbrugere.<\/li>\n<li><strong>Er Vapsolo Twins egnet til begyndere?<\/strong><br \/>\nAbsolut! Dens <strong>tr\u00e6k-aktiveret system<\/strong> og simple kontroller g\u00f8r den nem for begyndere, samtidig med at den tilbyder avancerede funktioner til erfarne dampere.<\/li>\n<\/ol>\n<\/div>\n<\/div>\n<\/div>\n<\/div>\n<p>&nbsp;<\/p>\n<\/div>\n<\/div>\n<\/div>\n<\/div>\n<\/div>\n<div class=\"group\/conversation-turn relative flex w-full min-w-0 flex-col agent-turn\">\n<div class=\"flex-col gap-1 md:gap-3\">\n<div class=\"flex max-w-full flex-col flex-grow\">\n<div class=\"min-h-8 text-message flex w-full flex-col items-end gap-2 whitespace-normal break-words [.text-message+&amp;]:mt-5\" dir=\"auto\" data-message-author-role=\"assistant\" data-message-id=\"db716a1c-9ed0-4b8d-b3b0-7bdb913c3d42\" data-message-model-slug=\"gpt-4o\">\n<div class=\"flex w-full flex-col gap-1 empty:hidden first:pt-[3px]\">\n<div class=\"markdown prose w-full break-words dark:prose-invert light\">\n<p>&nbsp;<\/p>\n<\/div>\n<\/div>\n<\/div>\n<\/div>\n<\/div>\n<\/div>","protected":false},"excerpt":{"rendered":"<p>Vapsolo Twins 20000 Pust 2 i 1 Engangs Vape Engrospris<br \/>\nVapsolo 20000 Dobbelt Smag Genopladelig Engangs Vape Hot Sale<br \/>\nVapsolo Twins 20k 2 Smag i 1 Engangs Vape Bulk K\u00f8bspris<\/p>\n<p><strong>Tilf\u00f8j Amys whatsapp, f\u00e5 et hurtigt svar og en vape-kupon!<\/strong><\/p>\n<p><img fetchpriority=\"high\" decoding=\"async\" class=\"size-full wp-image-2932\" src=\"https:\/\/vapestornado.com\/wp-content\/uploads\/2024\/12\/Vape-Wholesale.jpg\" alt=\"Vape Engros\" width=\"229\" height=\"300\" \/><\/p>\n<h3><a href=\"https:\/\/wa.me\/8617776015835\"><span style=\"color: #ff0000;\"><strong>WhatsApp: +86 17776015835<\/strong><\/span><\/a><\/h3>\n<p>&nbsp;<\/p>","protected":false},"featured_media":3129,"comment_status":"open","ping_status":"closed","template":"","meta":{"_acf_changed":false,"_uag_custom_page_level_css":"","_lmt_disableupdate":"no","_lmt_disable":"","_monsterinsights_skip_tracking":false,"_monsterinsights_sitenote_active":false,"_monsterinsights_sitenote_note":"","_monsterinsights_sitenote_category":0,"site-sidebar-layout":"default","site-content-layout":"","ast-site-content-layout":"default","site-content-style":"default","site-sidebar-style":"default","ast-global-header-display":"","ast-banner-title-visibility":"","ast-main-header-display":"","ast-hfb-above-header-display":"","ast-hfb-below-header-display":"","ast-hfb-mobile-header-display":"","site-post-title":"","ast-breadcrumbs-content":"","ast-featured-img":"","footer-sml-layout":"","ast-disable-related-posts":"","theme-transparent-header-meta":"default","adv-header-id-meta":"","stick-header-meta":"","header-above-stick-meta":"","header-main-stick-meta":"","header-below-stick-meta":"","astra-migrate-meta-layouts":"set","ast-page-background-enabled":"default","ast-page-background-meta":{"desktop":{"background-color":"","background-image":"","background-repeat":"repeat","background-position":"center center","background-size":"auto","background-attachment":"scroll","background-type":"","background-media":"","overlay-type":"","overlay-color":"","overlay-opacity":"","overlay-gradient":""},"tablet":{"background-color":"","background-image":"","background-repeat":"repeat","background-position":"center center","background-size":"auto","background-attachment":"scroll","background-type":"","background-media":"","overlay-type":"","overlay-color":"","overlay-opacity":"","overlay-gradient":""},"mobile":{"background-color":"","background-image":"","background-repeat":"repeat","background-position":"center center","background-size":"auto","background-attachment":"scroll","background-type":"","background-media":"","overlay-type":"","overlay-color":"","overlay-opacity":"","overlay-gradient":""}},"ast-content-background-meta":{"desktop":{"background-color":"var(--ast-global-color-5)","background-image":"","background-repeat":"repeat","background-position":"center center","background-size":"auto","background-attachment":"scroll","background-type":"","background-media":"","overlay-type":"","overlay-color":"","overlay-opacity":"","overlay-gradient":""},"tablet":{"background-color":"var(--ast-global-color-5)","background-image":"","background-repeat":"repeat","background-position":"center center","background-size":"auto","background-attachment":"scroll","background-type":"","background-media":"","overlay-type":"","overlay-color":"","overlay-opacity":"","overlay-gradient":""},"mobile":{"background-color":"var(--ast-global-color-5)","background-image":"","background-repeat":"repeat","background-position":"center center","background-size":"auto","background-attachment":"scroll","background-type":"","background-media":"","overlay-type":"","overlay-color":"","overlay-opacity":"","overlay-gradient":""}},"_joinchat":{"telephone":"+8617776015835"}},"product_brand":[],"product_cat":[69,171],"product_tag":[97,94,139,137,138],"class_list":{"0":"post-3132","1":"product","2":"type-product","3":"status-publish","4":"has-post-thumbnail","6":"product_cat-20000-puff","7":"product_cat-vapsolo-disposable-vapes","8":"product_tag-hot-sale-disposable-vape","9":"product_tag-rechargeable-disposable-vape","10":"product_tag-vapsolo","11":"product_tag-vapsolo-twins-20000","12":"product_tag-vapsolo-twins-20k","13":"desktop-align-left","14":"tablet-align-left","15":"mobile-align-left","17":"first","18":"instock","19":"sale","20":"shipping-taxable","21":"purchasable","22":"product-type-simple"},"acf":[],"uagb_featured_image_src":{"full":["https:\/\/vapestornado.com\/wp-content\/uploads\/2024\/12\/Vapsolo-Twins-EU-Electronic-Cigarette-Wholesale.jpg",1126,1126,false],"thumbnail":["https:\/\/vapestornado.com\/wp-content\/uploads\/2024\/12\/Vapsolo-Twins-EU-Electronic-Cigarette-Wholesale-150x150.jpg",150,150,true],"medium":["https:\/\/vapestornado.com\/wp-content\/uploads\/2024\/12\/Vapsolo-Twins-EU-Electronic-Cigarette-Wholesale-300x300.jpg",300,300,true],"medium_large":["https:\/\/vapestornado.com\/wp-content\/uploads\/2024\/12\/Vapsolo-Twins-EU-Electronic-Cigarette-Wholesale-768x768.jpg",768,768,true],"large":["https:\/\/vapestornado.com\/wp-content\/uploads\/2024\/12\/Vapsolo-Twins-EU-Electronic-Cigarette-Wholesale-1024x1024.jpg",1024,1024,true],"1536x1536":["https:\/\/vapestornado.com\/wp-content\/uploads\/2024\/12\/Vapsolo-Twins-EU-Electronic-Cigarette-Wholesale.jpg",1126,1126,false],"2048x2048":["https:\/\/vapestornado.com\/wp-content\/uploads\/2024\/12\/Vapsolo-Twins-EU-Electronic-Cigarette-Wholesale.jpg",1126,1126,false],"trp-custom-language-flag":["https:\/\/vapestornado.com\/wp-content\/uploads\/2024\/12\/Vapsolo-Twins-EU-Electronic-Cigarette-Wholesale.jpg",12,12,false],"woocommerce_thumbnail":["https:\/\/vapestornado.com\/wp-content\/uploads\/2024\/12\/Vapsolo-Twins-EU-Electronic-Cigarette-Wholesale-300x300.jpg",300,300,true],"woocommerce_single":["https:\/\/vapestornado.com\/wp-content\/uploads\/2024\/12\/Vapsolo-Twins-EU-Electronic-Cigarette-Wholesale-600x600.jpg",600,600,true],"woocommerce_gallery_thumbnail":["https:\/\/vapestornado.com\/wp-content\/uploads\/2024\/12\/Vapsolo-Twins-EU-Electronic-Cigarette-Wholesale-100x100.jpg",100,100,true]},"uagb_author_info":{"display_name":"ESAMY","author_link":"https:\/\/vapestornado.com\/da\/author\/"},"uagb_comment_info":0,"uagb_excerpt":"Vapsolo Twins 20000 Puffs 2 in 1 Disposable Vape Wholesale Price Vapsolo 20000 Double Flavour Rechargeable Disposable Vape Hot Sale Vapsolo Twins 20k 2 Flavour in 1 Disposable Vape Bulk Buy Price Add Amy's whatsapp get right reply and vape vape coupon! WhatsApp: +86 17776015835 &nbsp;","_links":{"self":[{"href":"https:\/\/vapestornado.com\/da\/wp-json\/wp\/v2\/product\/3132","targetHints":{"allow":["GET"]}}],"collection":[{"href":"https:\/\/vapestornado.com\/da\/wp-json\/wp\/v2\/product"}],"about":[{"href":"https:\/\/vapestornado.com\/da\/wp-json\/wp\/v2\/types\/product"}],"replies":[{"embeddable":true,"href":"https:\/\/vapestornado.com\/da\/wp-json\/wp\/v2\/comments?post=3132"}],"wp:featuredmedia":[{"embeddable":true,"href":"https:\/\/vapestornado.com\/da\/wp-json\/wp\/v2\/media\/3129"}],"wp:attachment":[{"href":"https:\/\/vapestornado.com\/da\/wp-json\/wp\/v2\/media?parent=3132"}],"wp:term":[{"taxonomy":"product_brand","embeddable":true,"href":"https:\/\/vapestornado.com\/da\/wp-json\/wp\/v2\/product_brand?post=3132"},{"taxonomy":"product_cat","embeddable":true,"href":"https:\/\/vapestornado.com\/da\/wp-json\/wp\/v2\/product_cat?post=3132"},{"taxonomy":"product_tag","embeddable":true,"href":"https:\/\/vapestornado.com\/da\/wp-json\/wp\/v2\/product_tag?post=3132"}],"curies":[{"name":"wp","href":"https:\/\/api.w.org\/{rel}","templated":true}]}}