{"id":3107,"date":"2024-12-13T02:59:26","date_gmt":"2024-12-13T02:59:26","guid":{"rendered":"https:\/\/vapestornado.com\/?post_type=product&#038;p=3107"},"modified":"2025-08-22T10:31:24","modified_gmt":"2025-08-22T10:31:24","slug":"randm-tornado-music-30000-puffs-fumot-bulk-sale-disposable","status":"publish","type":"product","link":"https:\/\/vapestornado.com\/da\/product\/randm-tornado-music-30000-puffs-fumot-bulk-sale-disposable\/","title":{"rendered":"Randm Tornado Musik 30000 Fumot Engros Salg Engangs Vape"},"content":{"rendered":"<h1>Randm Tornado Music 30000 Puffs Fumot Bulk Salg Engangs Vape<\/h1>\n<p data-start=\"293\" data-end=\"626\">Den <strong data-start=\"297\" data-end=\"364\">Randm Tornado Music 30000 Puffs Fumot Bulk Salg Engangs Vape<\/strong> er designet til dampere, der \u00f8nsker langvarig ydeevne og bekvemmelighed. Med en imponerende <strong data-start=\"458\" data-end=\"482\">30.000 puffs kapacitet<\/strong>, en <strong data-start=\"486\" data-end=\"517\">600mAh genopladeligt batteri<\/strong>, og avanceret <strong data-start=\"532\" data-end=\"569\">1.0\u03a9 mesh coil airflow teknologi<\/strong>, leverer den j\u00e6vn, konsistent damp ved hvert sug.<\/p>\n<p data-start=\"628\" data-end=\"848\">Kompakt og stilfuld, Tornado Music 30K er let at b\u00e6re og ideel til vaping hele dagen. Forudfyldt med et bredt udvalg af <strong data-start=\"750\" data-end=\"771\">30 unikke smagsvarianter<\/strong>, tilbyder den noget for enhver smagspr\u00e6ference - fra frugtagtige til iskolde blandinger.<\/p>\n<p data-start=\"850\" data-end=\"1048\">For grossister og forhandlere leverer <strong data-start=\"885\" data-end=\"920\">Fumot Randm 30k Engangs Vape<\/strong> kombinerer h\u00f8j kapacitet, st\u00e6rk brandgenkendelse og bulk-salgsv\u00e6rdi, hvilket g\u00f8r det til et rentabelt valg for det europ\u00e6iske marked.<\/p>\n<p><img fetchpriority=\"high\" decoding=\"async\" class=\"wp-image-3114 alignleft\" src=\"https:\/\/vapestornado.com\/wp-content\/uploads\/2024\/12\/Randm-tornado-vape-30000-puffs.jpg\" alt=\"Randm tornado vape 30000 pust engrospris\" width=\"559\" height=\"559\" srcset=\"https:\/\/vapestornado.com\/wp-content\/uploads\/2024\/12\/Randm-tornado-vape-30000-puffs.jpg 800w, https:\/\/vapestornado.com\/wp-content\/uploads\/2024\/12\/Randm-tornado-vape-30000-puffs-300x300.jpg 300w, https:\/\/vapestornado.com\/wp-content\/uploads\/2024\/12\/Randm-tornado-vape-30000-puffs-150x150.jpg 150w, https:\/\/vapestornado.com\/wp-content\/uploads\/2024\/12\/Randm-tornado-vape-30000-puffs-768x768.jpg 768w, https:\/\/vapestornado.com\/wp-content\/uploads\/2024\/12\/Randm-tornado-vape-30000-puffs-600x600.jpg 600w, https:\/\/vapestornado.com\/wp-content\/uploads\/2024\/12\/Randm-tornado-vape-30000-puffs-100x100.jpg 100w\" sizes=\"(max-width: 559px) 100vw, 559px\" \/><\/p>\n<p style=\"padding-left: 40px;\">\u00a0<img decoding=\"async\" class=\"wp-image-3124 alignleft\" src=\"https:\/\/vapestornado.com\/wp-content\/uploads\/2024\/12\/LYN-whatsapp-846x1024.jpg\" alt=\"LYN whatsapp\" width=\"290\" height=\"351\" srcset=\"https:\/\/vapestornado.com\/wp-content\/uploads\/2024\/12\/LYN-whatsapp-846x1024.jpg 846w, https:\/\/vapestornado.com\/wp-content\/uploads\/2024\/12\/LYN-whatsapp-248x300.jpg 248w, https:\/\/vapestornado.com\/wp-content\/uploads\/2024\/12\/LYN-whatsapp-768x930.jpg 768w, https:\/\/vapestornado.com\/wp-content\/uploads\/2024\/12\/LYN-whatsapp-600x726.jpg 600w, https:\/\/vapestornado.com\/wp-content\/uploads\/2024\/12\/LYN-whatsapp.jpg 1046w\" sizes=\"(max-width: 290px) 100vw, 290px\" \/><\/p>\n<p><em><strong><span style=\"color: #ff0000;\">Kontakt mig ved at scanne denne kode for at vide mere om sug<\/span><\/strong><\/em><\/p>\n<p><em><strong>Whatsapp\uff1a<a href=\"https:\/\/wa.me\/8617840853976\" target=\"_blank\" rel=\"noopener\">+86178 4085 3976<\/a><\/strong><\/em><\/p>\n<p>&nbsp;<\/p>\n<h2><\/h2>\n<h2><strong>Produkth\u00f8jdepunkter For 30k Music Fumot Vape.<br \/>\n<\/strong><\/h2>\n<p>(1) batteri\uff1a<span style=\"color: #ff0000;\">600mAh<\/span> genopladeligt for at sikre langvarig str\u00f8m.<\/p>\n<p>(2) Nikotin\uff1agiver <span style=\"color: #ff0000;\">2%\/5% nikotin<\/span> at v\u00e6lge imellem for forskellige brugere.<\/p>\n<p>(3) Pust: tilbyder<span style=\"color: #ff0000;\">r 30000 pust<\/span>,kan bruges i lang tid og uden behov for hyppig udskiftning.<\/p>\n<p>(4) <span style=\"color: #ff0000;\">30 smagsvarianter<\/span>: det kan v\u00e6lges flere smagsvarianter, og 50 stk. kan v\u00e6lge mindst 5 smagsvarianter.<\/p>\n<p>(5) Opladningsport:<span style=\"color: #ff0000;\">Type-C<\/span> hurtig opladningsgr\u00e6nseflade, underst\u00f8tter opladningsfunktion.<\/p>\n<p>(6) <span style=\"color: #ff0000;\">Musiklys<\/span>: Randm 30k's lys \u00e6ndres synkront med musikken, n\u00e5r den er i brug, hvilket skaber en forbedret vapingoplevelse.<\/p>\n<h2><strong>Hvilke smagsvarianter er 30k Fumot engangs vape tilg\u00e6ngelig i?<br \/>\n<\/strong><\/h2>\n<p><em><span style=\"color: #000000;\"><strong>1. Banan Is: <\/strong><\/span><\/em>En bl\u00f8d blanding af modne bananer med en forfriskende iskold finish.<br \/>\n<span style=\"color: #000000;\"><strong><em>2. Sort Is:<\/em> <\/strong><\/span>Kraftig solb\u00e6r med et k\u00f8ligt menthol twist.<br \/>\n<em><strong><span style=\"color: #000000;\">3. Bl\u00e5 Razz Is:<\/span> <\/strong><\/em>S\u00f8d og syrlig bl\u00e5 hindb\u00e6r med et frostklart spark.<br \/>\n<em><strong><span style=\"color: #000000;\">4. Bl\u00e5b\u00e6r P\u00e5 Is:<\/span><\/strong> <\/em>Saftige bl\u00e5b\u00e6r parret med en k\u00f8lig menthol brise.<br \/>\n<em><strong><span style=\"color: #000000;\">5. Bl\u00e5b\u00e6r Hindb\u00e6r:<\/span><\/strong><\/em> En dejlig blanding af s\u00f8de bl\u00e5b\u00e6r og syrlige hindb\u00e6r.<br \/>\n<em><strong><span style=\"color: #000000;\">6. Bl\u00e5b\u00e6r Sur Hindb\u00e6r:<\/span> <\/strong><\/em>Bl\u00e5b\u00e6r og hindb\u00e6r med en syrlig kant.<br \/>\n<em><strong><span style=\"color: #000000;\">7. Kirseb\u00e6r Is:<\/span> <\/strong><\/em>S\u00f8de kirseb\u00e6r med et forfriskende iskoldt pr\u00e6g.<br \/>\n<em><strong><span style=\"color: #000000;\">8. Kirseb\u00e6r Cola:<\/span> <\/strong><\/em>Klassisk cola smag med et strejf af kirseb\u00e6r.<br \/>\n<em><strong><span style=\"color: #000000;\">9. Cola Is:<\/span> <\/strong><\/em>Brusende cola med en k\u00f8lig menthol finish.<br \/>\n<em><strong><span style=\"color: #000000;\">10. K\u00f8lig Mynte:<\/span><\/strong> <\/em>Spr\u00f8d og forfriskende mynte smag.<br \/>\n<em><strong><span style=\"color: #000000;\">11. Dobbelt \u00c6ble:<\/span><\/strong> <\/em>En blanding af s\u00f8de og syrlige \u00e6bler.<br \/>\n<em><strong><span style=\"color: #000000;\">12. Dr. Blue:<\/span><\/strong> <\/em>En mystisk blanding af b\u00e6r med en k\u00f8lig finish.<br \/>\n<em><strong><span style=\"color: #000000;\">13. Drue Is:<\/span> <\/strong><\/em>S\u00f8de druer med et frostklart menthol-twist.<br \/>\n<em><strong><span style=\"color: #000000;\">14. Is Popsicle:<\/span> <\/strong><\/em>En nostalgisk blanding af frugtagtige ispind-smage.<br \/>\n<em><strong><span style=\"color: #000000;\">15. Kiwi Passion Frugt Guava:<\/span><\/strong> <\/em>Eksotisk kiwi, passionsfrugt og guava blanding.<br \/>\n<em><strong><span style=\"color: #000000;\">16. K\u00e6rlighed 66:<\/span> <\/strong><\/em>En unik blanding af tropiske frugter med et strejf af mentol.<br \/>\n<em><strong><span style=\"color: #000000;\">17. Lush Is:<\/span><\/strong> <\/em>Vandmelon med en forfriskende iskold finish.<br \/>\n<em><strong><span style=\"color: #000000;\">18. Blandede B\u00e6r:<\/span><\/strong><\/em> En blanding af forskellige b\u00e6r.<br \/>\n<em><strong><span style=\"color: #000000;\">19. Fersken B\u00e6r:<\/span> <\/strong><\/em>Saftige ferskner med et b\u00e6r twist.<br \/>\n<em><strong><span style=\"color: #000000;\">20. Fersken Is:<\/span> <\/strong><\/em>S\u00f8de ferskner med en k\u00f8lig mentol finish.<br \/>\n<em><strong><span style=\"color: #000000;\">21. Fersken Mango Ananas:<\/span><\/strong> <\/em>En tropisk blanding af fersken, mango og ananas.<br \/>\n<em><strong><span style=\"color: #000000;\">22. Ananas Is:<\/span> <\/strong><\/em>S\u00f8d og syrlig ananas med et frostklart pr\u00e6g.<br \/>\n<em><strong><span style=\"color: #000000;\">23. Pink Lemonade:<\/span> <\/strong><\/em>Syrlig lemonade med et strejf af b\u00e6r.<br \/>\n<em><strong><span style=\"color: #000000;\">24. Skittles:<\/span> <\/strong><\/em>En regnbue af frugtagtige smage.<br \/>\n<em><strong><span style=\"color: #000000;\">25. Jordb\u00e6r Banan:<\/span> <\/strong><\/em>En klassisk blanding af s\u00f8de jordb\u00e6r og cremede bananer.<br \/>\n<em><strong><span style=\"color: #000000;\">26. Jordb\u00e6r Drue:<\/span><\/strong> <\/em>S\u00f8de jordb\u00e6r parret med saftige druer.<br \/>\n<em><strong><span style=\"color: #000000;\">27. Jordb\u00e6ris:<\/span><\/strong> <\/em>Friske jordb\u00e6r med en k\u00f8lig mentholfinish.<br \/>\n<em><strong><span style=\"color: #000000;\">28. Jordb\u00e6r Vandmelon:<\/span> <\/strong><\/em>En forfriskende blanding af jordb\u00e6r og vandmelon.<br \/>\n<em><strong><span style=\"color: #000000;\">29. Triple Mango:<\/span> <\/strong><\/em>En intens mangosmag med tre gange s\u00e5 meget punch.<br \/>\n<em><strong><span style=\"color: #000000;\">30. Vimto:<\/span> <\/strong><\/em>En unik blanding af blandede frugter inspireret af den klassiske drik.<\/p>\n<div class=\"flex-shrink-0 flex flex-col relative items-end\">\n<div class=\"pt-0\">\n<div class=\"gizmo-bot-avatar flex h-8 w-8 items-center justify-center overflow-hidden rounded-full\">\n<div class=\"relative p-1 rounded-sm flex items-center justify-center bg-token-main-surface-primary text-token-text-primary h-8 w-8\">\n<h2><strong>FAQ:<\/strong><\/h2>\n<h4>Q: Hvorfor v\u00e6lge Fumot RANDM Tornado 30000 puffs engangs vape?<\/h4>\n<p><span style=\"color: #000000;\"><b>A\uff1a<\/b><\/span>V\u00e6lg Fumot RANDM Tornado 15000 Puffs for langvarig, smagfuld og problemfri vaping. Perfekt til bulk k\u00f8b.<\/p>\n<h4>Q: Hvad er minimumsbestillingen for engangs Fumot 30k vape?<\/h4>\n<p><span style=\"color: #000000;\"><b>A\uff1a<\/b><\/span>Fumot 30k Tornado Music engangs vape minimumsbestilling er 50 stk., jo st\u00f8rre m\u00e6ngde du bestiller, jo bedre pris f\u00e5r du.<\/p>\n<h4>Q: Stiger rabatten med antallet af ordrer?<\/h4>\n<p><span style=\"color: #000000;\"><b>A\uff1a<\/b>Vi tilbyder allerede rabatten til en meget lav pris, men prisen falder ikke med en stigning i ordrem\u00e6ngden. Men vi vil g\u00f8re vores bedste for at ans\u00f8ge om en pr\u00f8ve til dig, og til sidst h\u00e5ber vi, at dette vil give dig en god oplevelse.<\/span><\/p>\n<h4>Q: Kan jeg selv spore pakken?<\/h4>\n<p><strong><span style=\"color: #000000;\"><b>A\uff1a<\/b><\/span><\/strong><span style=\"color: #000000;\">Ja, n\u00e5r pakken er sendt ud, sender vi dig et sporingsnummer <\/span><span style=\"color: #000000;\">s\u00e5 du kan tjekke dens status. Derudover f\u00f8lger vi op p\u00e5 pakken, indtil du modtager den, hvilket garanterer, at du holdes opdateret gennem hele processen.<\/span><\/p>\n<p>anden vape du m\u00e5ske ogs\u00e5 kan lide<br \/>\n<a href=\"https:\/\/vapestornado.com\/da\/product-category\/30000-puff\/\">30000 Puffs vape<\/a><\/p>\n<\/div>\n<\/div>\n<\/div>\n<\/div>","protected":false},"excerpt":{"rendered":"<p><em><strong>Randm 30k engangs musik vape, der kan tilbyde 30.000 sug og 30 smagsvarianter at v\u00e6lge imellem.\u00a0 <\/strong><\/em><\/p>\n<p><em><strong>Vi har 2%\/5% Nikotinniveau at v\u00e6lge imellem i Fumot 15k vapes. Desuden s\u00e6lger vi til bulkpris og har den bedste service.<\/strong><\/em><\/p>\n<figure id=\"attachment_3124\" aria-describedby=\"caption-attachment-3124\" style=\"width: 248px\" class=\"wp-caption alignleft\"><img decoding=\"async\" class=\"size-medium wp-image-3124\" src=\"https:\/\/vapestornado.com\/wp-content\/uploads\/2024\/12\/LYN-whatsapp-248x300.jpg\" alt=\"LYN whatsapp\" width=\"248\" height=\"300\" srcset=\"https:\/\/vapestornado.com\/wp-content\/uploads\/2024\/12\/LYN-whatsapp-248x300.jpg 248w, https:\/\/vapestornado.com\/wp-content\/uploads\/2024\/12\/LYN-whatsapp-846x1024.jpg 846w, https:\/\/vapestornado.com\/wp-content\/uploads\/2024\/12\/LYN-whatsapp-768x930.jpg 768w, https:\/\/vapestornado.com\/wp-content\/uploads\/2024\/12\/LYN-whatsapp-600x726.jpg 600w, https:\/\/vapestornado.com\/wp-content\/uploads\/2024\/12\/LYN-whatsapp.jpg 1046w\" sizes=\"(max-width: 248px) 100vw, 248px\" \/><figcaption id=\"caption-attachment-3124\" class=\"wp-caption-text\"><a href=\"https:\/\/wa.me\/8617840853976\"><em><strong>Kontakt Lyn for at vide mere om sug<\/strong><\/em><\/a><\/figcaption><\/figure>","protected":false},"featured_media":3109,"comment_status":"open","ping_status":"closed","template":"","meta":{"_acf_changed":false,"_uag_custom_page_level_css":"","_lmt_disableupdate":"no","_lmt_disable":"","_monsterinsights_skip_tracking":false,"_monsterinsights_sitenote_active":false,"_monsterinsights_sitenote_note":"","_monsterinsights_sitenote_category":0,"site-sidebar-layout":"default","site-content-layout":"","ast-site-content-layout":"default","site-content-style":"default","site-sidebar-style":"default","ast-global-header-display":"","ast-banner-title-visibility":"","ast-main-header-display":"","ast-hfb-above-header-display":"","ast-hfb-below-header-display":"","ast-hfb-mobile-header-display":"","site-post-title":"","ast-breadcrumbs-content":"","ast-featured-img":"","footer-sml-layout":"","ast-disable-related-posts":"","theme-transparent-header-meta":"default","adv-header-id-meta":"","stick-header-meta":"","header-above-stick-meta":"","header-main-stick-meta":"","header-below-stick-meta":"","astra-migrate-meta-layouts":"set","ast-page-background-enabled":"default","ast-page-background-meta":{"desktop":{"background-color":"","background-image":"","background-repeat":"repeat","background-position":"center center","background-size":"auto","background-attachment":"scroll","background-type":"","background-media":"","overlay-type":"","overlay-color":"","overlay-opacity":"","overlay-gradient":""},"tablet":{"background-color":"","background-image":"","background-repeat":"repeat","background-position":"center center","background-size":"auto","background-attachment":"scroll","background-type":"","background-media":"","overlay-type":"","overlay-color":"","overlay-opacity":"","overlay-gradient":""},"mobile":{"background-color":"","background-image":"","background-repeat":"repeat","background-position":"center center","background-size":"auto","background-attachment":"scroll","background-type":"","background-media":"","overlay-type":"","overlay-color":"","overlay-opacity":"","overlay-gradient":""}},"ast-content-background-meta":{"desktop":{"background-color":"var(--ast-global-color-5)","background-image":"","background-repeat":"repeat","background-position":"center center","background-size":"auto","background-attachment":"scroll","background-type":"","background-media":"","overlay-type":"","overlay-color":"","overlay-opacity":"","overlay-gradient":""},"tablet":{"background-color":"var(--ast-global-color-5)","background-image":"","background-repeat":"repeat","background-position":"center center","background-size":"auto","background-attachment":"scroll","background-type":"","background-media":"","overlay-type":"","overlay-color":"","overlay-opacity":"","overlay-gradient":""},"mobile":{"background-color":"var(--ast-global-color-5)","background-image":"","background-repeat":"repeat","background-position":"center center","background-size":"auto","background-attachment":"scroll","background-type":"","background-media":"","overlay-type":"","overlay-color":"","overlay-opacity":"","overlay-gradient":""}},"_joinchat":{"telephone":"17776015835"}},"product_brand":[],"product_cat":[19,67,58],"product_tag":[83,125,124,126,78,114],"class_list":{"0":"post-3107","1":"product","2":"type-product","3":"status-publish","4":"has-post-thumbnail","6":"product_cat-vapes","7":"product_cat-30000-puff","8":"product_cat-fumot-vape","9":"product_tag-fumot-vape","10":"product_tag-randm-30000","11":"product_tag-randm-tornado-30000","12":"product_tag-randm-tornado-30k","13":"product_tag-randm-vape","14":"product_tag-tornado-vape","15":"desktop-align-left","16":"tablet-align-left","17":"mobile-align-left","19":"first","20":"instock","21":"sale","22":"shipping-taxable","23":"purchasable","24":"product-type-simple"},"acf":[],"uagb_featured_image_src":{"full":["https:\/\/vapestornado.com\/wp-content\/uploads\/2024\/12\/Randm-disposable-vape-30k-puffs.jpg",800,800,false],"thumbnail":["https:\/\/vapestornado.com\/wp-content\/uploads\/2024\/12\/Randm-disposable-vape-30k-puffs-150x150.jpg",150,150,true],"medium":["https:\/\/vapestornado.com\/wp-content\/uploads\/2024\/12\/Randm-disposable-vape-30k-puffs-300x300.jpg",300,300,true],"medium_large":["https:\/\/vapestornado.com\/wp-content\/uploads\/2024\/12\/Randm-disposable-vape-30k-puffs-768x768.jpg",768,768,true],"large":["https:\/\/vapestornado.com\/wp-content\/uploads\/2024\/12\/Randm-disposable-vape-30k-puffs.jpg",800,800,false],"1536x1536":["https:\/\/vapestornado.com\/wp-content\/uploads\/2024\/12\/Randm-disposable-vape-30k-puffs.jpg",800,800,false],"2048x2048":["https:\/\/vapestornado.com\/wp-content\/uploads\/2024\/12\/Randm-disposable-vape-30k-puffs.jpg",800,800,false],"trp-custom-language-flag":["https:\/\/vapestornado.com\/wp-content\/uploads\/2024\/12\/Randm-disposable-vape-30k-puffs.jpg",12,12,false],"woocommerce_thumbnail":["https:\/\/vapestornado.com\/wp-content\/uploads\/2024\/12\/Randm-disposable-vape-30k-puffs-300x300.jpg",300,300,true],"woocommerce_single":["https:\/\/vapestornado.com\/wp-content\/uploads\/2024\/12\/Randm-disposable-vape-30k-puffs-600x600.jpg",600,600,true],"woocommerce_gallery_thumbnail":["https:\/\/vapestornado.com\/wp-content\/uploads\/2024\/12\/Randm-disposable-vape-30k-puffs-100x100.jpg",100,100,true]},"uagb_author_info":{"display_name":"ESLYN","author_link":"https:\/\/vapestornado.com\/da\/author\/"},"uagb_comment_info":0,"uagb_excerpt":"Randm 30k disaposable music vape that can offer 30,000 puffs and 30 flavors to choose.\u00a0 We have 2% or 5% Nicotine level can be choose in Fumot 30k vapes. Beside,we are sale Bulk price and have best service. [caption id=\"attachment_3124\" align=\"alignleft\" width=\"248\"] Contact Lyn to know more about puffs[\/caption]","_links":{"self":[{"href":"https:\/\/vapestornado.com\/da\/wp-json\/wp\/v2\/product\/3107","targetHints":{"allow":["GET"]}}],"collection":[{"href":"https:\/\/vapestornado.com\/da\/wp-json\/wp\/v2\/product"}],"about":[{"href":"https:\/\/vapestornado.com\/da\/wp-json\/wp\/v2\/types\/product"}],"replies":[{"embeddable":true,"href":"https:\/\/vapestornado.com\/da\/wp-json\/wp\/v2\/comments?post=3107"}],"wp:featuredmedia":[{"embeddable":true,"href":"https:\/\/vapestornado.com\/da\/wp-json\/wp\/v2\/media\/3109"}],"wp:attachment":[{"href":"https:\/\/vapestornado.com\/da\/wp-json\/wp\/v2\/media?parent=3107"}],"wp:term":[{"taxonomy":"product_brand","embeddable":true,"href":"https:\/\/vapestornado.com\/da\/wp-json\/wp\/v2\/product_brand?post=3107"},{"taxonomy":"product_cat","embeddable":true,"href":"https:\/\/vapestornado.com\/da\/wp-json\/wp\/v2\/product_cat?post=3107"},{"taxonomy":"product_tag","embeddable":true,"href":"https:\/\/vapestornado.com\/da\/wp-json\/wp\/v2\/product_tag?post=3107"}],"curies":[{"name":"wp","href":"https:\/\/api.w.org\/{rel}","templated":true}]}}