{"id":3103,"date":"2024-12-12T09:36:42","date_gmt":"2024-12-12T09:36:42","guid":{"rendered":"https:\/\/vapestornado.com\/?post_type=product&#038;p=3103"},"modified":"2025-08-23T11:16:54","modified_gmt":"2025-08-23T11:16:54","slug":"randm-tornado-7k-puffs-hot-sale-rechargeable-vape","status":"publish","type":"product","link":"https:\/\/vapestornado.com\/da\/product\/randm-tornado-7k-puffs-hot-sale-rechargeable-vape\/","title":{"rendered":"Randm Tornado 7k Puffs genopladelig vape, varmt salg"},"content":{"rendered":"<h1>Randm Tornado 7k Puffs genopladelig vape, varmt salg<\/h1>\n<p>&nbsp;<\/p>\n<div role=\"article\" data-tabster=\"{&quot;groupper&quot;:{&quot;tabbability&quot;:2},&quot;focusable&quot;:{}}\" data-content=\"ai-message\" aria-labelledby=\"64JRvXrTnY7mRmPkEQLLT-author 64JRvXrTnY7mRmPkEQLLT-content\">\n<div id=\"64JRvXrTnY7mRmPkEQLLT-content\">\n<p>L\u00f8ft din vapingoplevelse med Randm Tornado 7000 Puffs Forudfyldt genopladelig vape, et h\u00f8jdepunkt af luksus og ydeevne. Denne avancerede enhed kan prale af en bem\u00e6rkelsesv\u00e6rdig tankkapacitet p\u00e5 15 ml, hvilket giver forl\u00e6nget vapingforn\u00f8jelse uden konstant behov for genopfyldning. Det robuste 850 mAh batteri sikrer problemfri, uafbrudt brug, hvilket g\u00f8r det til en p\u00e5lidelig f\u00f8lgesvend, uanset om du er hjemme eller p\u00e5 farten.<\/p>\n<p>En af de mest fremragende funktioner ved RandM Vape Tornado 7000 er dens alsidighed med e-v\u00e6sker. Dette giver dig mulighed for at udforske en bred vifte af smagsvarianter, fra forfriskende frugtblandinger til rige, tilfredsstillende tobak. Tilpas din vapingrejse, s\u00e5 den passer til din sofistikerede smag, og s\u00f8rg for, at hvert pust er en unik oplevelse.<\/p>\n<p>Den avancerede mesh coil-teknologi, der er indlejret i RandM Tornado 7k puffs, maksimerer smag og damp produktion og omdanner hver ind\u00e5nding til en uds\u00f8gt smagsoplevelse. Dens brugervenlige design kombineret med det praktiske USB-C-opladningssystem g\u00f8r denne enhed lige s\u00e5 praktisk, som den er kraftfuld.<\/p>\n<p>For dem, der kr\u00e6ver det bedste inden for kvalitet og ydeevne, er RandM Tornado 7000 engangs vape det ultimative valg. Dens blanding af overlegen konstruktion, innovative funktioner og smagsalsidighed s\u00e6tter en ny standard inden for luksus vaping. Oplev forskellen med en enhed designet til kendere, der s\u00e6tter pris p\u00e5 de finere ting i livet.<\/p>\n<\/div>\n<\/div>\n<p>&nbsp;<\/p>\n<p><img fetchpriority=\"high\" decoding=\"async\" class=\"wp-image-2951\" src=\"https:\/\/vapestornado.com\/wp-content\/uploads\/2024\/12\/Wholesale-Disposable-Vape-265x300.jpg\" alt=\"Engros Engangsvape\" width=\"295\" height=\"334\" srcset=\"https:\/\/vapestornado.com\/wp-content\/uploads\/2024\/12\/Wholesale-Disposable-Vape-265x300.jpg 265w, https:\/\/vapestornado.com\/wp-content\/uploads\/2024\/12\/Wholesale-Disposable-Vape-768x871.jpg 768w, https:\/\/vapestornado.com\/wp-content\/uploads\/2024\/12\/Wholesale-Disposable-Vape-600x680.jpg 600w, https:\/\/vapestornado.com\/wp-content\/uploads\/2024\/12\/Wholesale-Disposable-Vape.jpg 823w\" sizes=\"(max-width: 295px) 100vw, 295px\" \/><\/p>\n<h6>Venligst kontakt Mandys WhatsApp for rabatpris<a href=\"https:\/\/wa.me\/8618077105796\" target=\"_blank\" rel=\"noopener\">+8618077105796<\/a><\/h6>\n<h2><strong>Randm Vape 7000 Puffs \u2013 Vigtigste specifikationer<\/strong><\/h2>\n<ul>\n<li><strong>Batterikapacitet<\/strong>: 850mAh til udvidede vapingsessioner.<\/li>\n<li><strong>E-v\u00e6ske volumen<\/strong>: 15 ml tank sikrer varig smag og tilfredshed.<\/li>\n<li><strong>Pust t\u00e6ller<\/strong>: Op til 7.000 pust til langvarig brug.<\/li>\n<li><strong>Opladning<\/strong>: Udstyret med en USB-C-port til hurtig og bekvem opladning.<\/li>\n<li><strong>Spoletype<\/strong>: Avanceret mesh coil for en j\u00e6vnere og mere smagfuld damp.<\/li>\n<li><strong>Lysfunktion<\/strong>: RGB-tankbelysning tilf\u00f8jer et stilfuldt og dynamisk visuelt element<\/li>\n<\/ul>\n<h2><strong>Tornado Vape Randm 7k Puffs Smagsliste:<\/strong><\/h2>\n<p>1 Cool Mint<br \/>\n2 Lush Ice<br \/>\n3 Tangerine Ice<br \/>\n4 Jordb\u00e6r Donut<br \/>\n5 Gummy Bear<br \/>\n6 Bl\u00e5b\u00e6r p\u00e5 is<br \/>\n7 Mango P\u00e5 Is<br \/>\n8 Fersken Is<br \/>\n9 Banan Is<br \/>\n10 Drue Is<br \/>\n11 Pink Lemonade<br \/>\n12 Pina Colada Rom<br \/>\n13 Blandede B\u00e6r<br \/>\n14 Banan Milkshake<br \/>\n15 Jordb\u00e6r Vandmelon<br \/>\n16 R\u00f8dt \u00c6ble Citron<br \/>\n17 Ananas Is<br \/>\n18 Candyfloss<br \/>\n19 Jordb\u00e6r Banan<br \/>\n20 Jordb\u00e6r Is<br \/>\n21 Jordb\u00e6r Kiwi<br \/>\n22. R\u00f8d Energi Is<br \/>\n23. Bl\u00e5 Hindb\u00e6r Lemonade<br \/>\n24. R\u00f8dt \u00c6bleis<br \/>\n25. B\u00e6r Lemonade<br \/>\n26. Bl\u00e5b\u00e6r Bubblegum<br \/>\n27. Bl\u00e5syrlig Hindb\u00e6r<br \/>\n28. Dr. Blue<br \/>\n29. \u00c6ble Fersken P\u00e6re<br \/>\n30. Bl\u00e5b\u00e6r Granat\u00e6ble<br \/>\n31. Vimto<br \/>\n32. Kiwi Passionsfrugt Guava<br \/>\n33. Colaice<br \/>\n34. Syrligt \u00c6ble<br \/>\n35. Solb\u00e6r Menthol<br \/>\n36. Tigerblod<br \/>\n37. Fersken Bl\u00e5b\u00e6r Slik<br \/>\n38. Fersken Mango<br \/>\n39. Jordb\u00e6r Red Bull<br \/>\n40. Solb\u00e6r Is<br \/>\n41. Jordb\u00e6r Vandmelon Lemonade<br \/>\n42. Kirseb\u00e6r<br \/>\n43. Bl\u00e5 Hindb\u00e6r Kirseb\u00e6r<br \/>\n44. Skittles<br \/>\n45. Bl\u00e5b\u00e6r Hindb\u00e6r<br \/>\n46. Jordb\u00e6r Drue<br \/>\n47. Bl\u00e5b\u00e6r Kirseb\u00e6r Traneb\u00e6r<br \/>\n48. \u00c6ble B\u00e6r Eksplosion<br \/>\n49. Kirseb\u00e6r Cola<br \/>\n50. Citron<br \/>\n51. Pink Eksplosion<br \/>\n52. Pacific Cooler<br \/>\n53. Is Pop<br \/>\n54. Bingo Crush<br \/>\n55. Vimto Crush<br \/>\n56. Tobak<\/p>\n<div role=\"article\" data-tabster=\"{&quot;groupper&quot;:{&quot;tabbability&quot;:2},&quot;focusable&quot;:{}}\" data-content=\"ai-message\" aria-labelledby=\"dARUyEWDoEYhnSPXFwx5A-author dARUyEWDoEYhnSPXFwx5A-content\">\n<div id=\"dARUyEWDoEYhnSPXFwx5A-content\">\n<h2>Hvorfor v\u00e6lge RandM Tornado 7000 Puffs Vapes hos <a href=\"https:\/\/vapestornado.com\/da\/store\/\">vapestornado.dk<\/a>?<\/h2>\n<p><strong>1. Overlegen tankkapacitet<\/strong>: RandM Tornado 7000 Puffs Vape har en fremragende tankkapacitet p\u00e5 15 ml, hvilket giver udvidede vape-sessioner uden behov for konstant genopfyldning. Perfekt til lange dage og uafbrudt nydelse.<\/p>\n<p><strong>2. Robust batteriydelse<\/strong>: Udstyret med et 850 mAh genopladeligt batteri garanterer denne enhed kontinuerlig og p\u00e5lidelig ydeevne, hvilket sikrer, at du aldrig g\u00e5r glip af noget, uanset om du er hjemme eller p\u00e5 farten.<\/p>\n<p><strong>3. Smagsvariation<\/strong>: Kompatibel med en r\u00e6kke forskellige e-v\u00e6sker giver RandM Tornado 7000 dig mulighed for at tilpasse din vapingoplevelse. Fra friske frugtblandinger til rige tobakssmage er dine muligheder ubegr\u00e6nsede.<\/p>\n<p><strong>4. Avanceret mesh coil-teknologi<\/strong>: Den innovative mesh coil-teknologi sikrer optimal smagsudvikling og dampproduktion og forvandler hvert sug til en overlegen smagsoplevelse. Oplev toppen af smagsintensitet med hver ind\u00e5nding.<\/p>\n<p><strong>5. Brugervenligt design<\/strong>: Med nem genopfyldning og et praktisk USB-C-opladningssystem er RandM Tornado 7000 designet til bekvemmelighed og effektivitet. Den er ikke kun kraftfuld; den er ogs\u00e5 utrolig nem at bruge.<\/p>\n<p>V\u00e6lg RandM Tornado 7000 Puffs Vape Pod fra <a href=\"https:\/\/vapestornado.com\/da\/store\/\">vapestornado.dk<\/a> for en vapingoplevelse, der kombinerer luksus, ydeevne og alsidighed.<\/p>\n<\/div>\n<\/div>\n<h2>Ofte stillede sp\u00f8rgsm\u00e5l om RandM Tornado 7000 Puffs genopladelig Vape<\/h2>\n<p><strong>Sp\u00f8rgsm\u00e5l: Hvor mange sug kan jeg forvente af RandM Tornado 7000?<\/strong><\/p>\n<p><strong>A:<\/strong> RandM Tornado 7000 tilbyder cirka 7.000 sug pr. enhed, hvilket sikrer en langvarig vapingoplevelse.<\/p>\n<p><strong>Sp\u00f8rgsm\u00e5l: Hvad er batterikapaciteten p\u00e5 RandM Tornado 7000?<\/strong><\/p>\n<p><strong>A:<\/strong> RandM Tornado 7000 er udstyret med et 850 mAh genopladeligt batteri, der giver ensartet ydeevne og p\u00e5lidelighed.<\/p>\n<p><strong>Sp\u00f8rgsm\u00e5l: Hvordan genoplader jeg RandM Tornado 7000 puff vape pen?<\/strong><\/p>\n<p><strong>A:<\/strong> Enheden har en USB-C-opladningsport, hvilket g\u00f8r det nemt at genoplade den. Du skal blot tilslutte enheden til en kompatibel oplader og genoplade efter behov.<\/p>\n<p><strong>Sp\u00f8rgsm\u00e5l: Hvilken e-v\u00e6skekapacitet har RandM Vape Tornado 7000 puffs?<\/strong><\/p>\n<p><strong>A:<\/strong> Tankkapaciteten p\u00e5 RandM Tornado 7k puff er 15 ml, hvilket giver forl\u00e6nget brug uden hyppige genopfyldninger.<\/p>\n<p>&nbsp;<\/p>","protected":false},"excerpt":{"rendered":"<p><strong>F\u00e5 Randm Tornado 7000 Puffs til en nedsat pris i dag<\/strong><\/p>\n<p><strong>Overkommelig engrospris for Randm Tornado 7000 Puffs Vapes<\/strong><\/p>\n<p><strong>K\u00f8b Randm Tornado 7000 Puff Vape i l\u00f8s v\u00e6gt for maksimal besparelse<\/strong><\/p>\n<figure id=\"attachment_2951\" aria-describedby=\"caption-attachment-2951\" style=\"width: 265px\" class=\"wp-caption alignnone\"><img decoding=\"async\" class=\"size-medium wp-image-2951\" src=\"https:\/\/vapestornado.com\/wp-content\/uploads\/2024\/12\/Wholesale-Disposable-Vape-265x300.jpg\" alt=\"Engros Engangsvape\" width=\"265\" height=\"300\" srcset=\"https:\/\/vapestornado.com\/wp-content\/uploads\/2024\/12\/Wholesale-Disposable-Vape-265x300.jpg 265w, https:\/\/vapestornado.com\/wp-content\/uploads\/2024\/12\/Wholesale-Disposable-Vape-768x871.jpg 768w, https:\/\/vapestornado.com\/wp-content\/uploads\/2024\/12\/Wholesale-Disposable-Vape-600x680.jpg 600w, https:\/\/vapestornado.com\/wp-content\/uploads\/2024\/12\/Wholesale-Disposable-Vape.jpg 823w\" sizes=\"(max-width: 265px) 100vw, 265px\" \/><figcaption id=\"caption-attachment-2951\" class=\"wp-caption-text\">Venligst kontakt Mandys WhatsApp for rabatpris\u00a0 <a href=\"https:\/\/wa.me\/8618077105796\">+8618077105796<\/a><\/figcaption><\/figure>\n<p>&nbsp;<\/p>","protected":false},"featured_media":3117,"comment_status":"open","ping_status":"closed","template":"","meta":{"_acf_changed":false,"_uag_custom_page_level_css":"","_lmt_disableupdate":"no","_lmt_disable":"","_monsterinsights_skip_tracking":false,"_monsterinsights_sitenote_active":false,"_monsterinsights_sitenote_note":"","_monsterinsights_sitenote_category":0,"site-sidebar-layout":"default","site-content-layout":"","ast-site-content-layout":"default","site-content-style":"default","site-sidebar-style":"default","ast-global-header-display":"","ast-banner-title-visibility":"","ast-main-header-display":"","ast-hfb-above-header-display":"","ast-hfb-below-header-display":"","ast-hfb-mobile-header-display":"","site-post-title":"","ast-breadcrumbs-content":"","ast-featured-img":"","footer-sml-layout":"","ast-disable-related-posts":"","theme-transparent-header-meta":"default","adv-header-id-meta":"","stick-header-meta":"","header-above-stick-meta":"","header-main-stick-meta":"","header-below-stick-meta":"","astra-migrate-meta-layouts":"set","ast-page-background-enabled":"default","ast-page-background-meta":{"desktop":{"background-color":"","background-image":"","background-repeat":"repeat","background-position":"center center","background-size":"auto","background-attachment":"scroll","background-type":"","background-media":"","overlay-type":"","overlay-color":"","overlay-opacity":"","overlay-gradient":""},"tablet":{"background-color":"","background-image":"","background-repeat":"repeat","background-position":"center center","background-size":"auto","background-attachment":"scroll","background-type":"","background-media":"","overlay-type":"","overlay-color":"","overlay-opacity":"","overlay-gradient":""},"mobile":{"background-color":"","background-image":"","background-repeat":"repeat","background-position":"center center","background-size":"auto","background-attachment":"scroll","background-type":"","background-media":"","overlay-type":"","overlay-color":"","overlay-opacity":"","overlay-gradient":""}},"ast-content-background-meta":{"desktop":{"background-color":"var(--ast-global-color-5)","background-image":"","background-repeat":"repeat","background-position":"center center","background-size":"auto","background-attachment":"scroll","background-type":"","background-media":"","overlay-type":"","overlay-color":"","overlay-opacity":"","overlay-gradient":""},"tablet":{"background-color":"var(--ast-global-color-5)","background-image":"","background-repeat":"repeat","background-position":"center center","background-size":"auto","background-attachment":"scroll","background-type":"","background-media":"","overlay-type":"","overlay-color":"","overlay-opacity":"","overlay-gradient":""},"mobile":{"background-color":"var(--ast-global-color-5)","background-image":"","background-repeat":"repeat","background-position":"center center","background-size":"auto","background-attachment":"scroll","background-type":"","background-media":"","overlay-type":"","overlay-color":"","overlay-opacity":"","overlay-gradient":""}},"_joinchat":{"telephone":"+8618077105796"}},"product_brand":[],"product_cat":[58,74,153,154,148],"product_tag":[97,127],"class_list":{"0":"post-3103","1":"product","2":"type-product","3":"status-publish","4":"has-post-thumbnail","6":"product_cat-fumot-vape","7":"product_cat-7000-puff","8":"product_cat-buy-disposable-vapes-in-italy","9":"product_cat-buy-disposable-vapes-in-netherlands","10":"product_cat-tornado-disposable-vapes","11":"product_tag-hot-sale-disposable-vape","12":"product_tag-randm-tornado-7000","13":"desktop-align-left","14":"tablet-align-left","15":"mobile-align-left","17":"first","18":"instock","19":"sale","20":"shipping-taxable","21":"purchasable","22":"product-type-simple"},"acf":[],"uagb_featured_image_src":{"full":["https:\/\/vapestornado.com\/wp-content\/uploads\/2024\/12\/Randm-7000-Puff-Strawberry-Watermelon-Lemonade.jpg",800,800,false],"thumbnail":["https:\/\/vapestornado.com\/wp-content\/uploads\/2024\/12\/Randm-7000-Puff-Strawberry-Watermelon-Lemonade-150x150.jpg",150,150,true],"medium":["https:\/\/vapestornado.com\/wp-content\/uploads\/2024\/12\/Randm-7000-Puff-Strawberry-Watermelon-Lemonade-300x300.jpg",300,300,true],"medium_large":["https:\/\/vapestornado.com\/wp-content\/uploads\/2024\/12\/Randm-7000-Puff-Strawberry-Watermelon-Lemonade-768x768.jpg",768,768,true],"large":["https:\/\/vapestornado.com\/wp-content\/uploads\/2024\/12\/Randm-7000-Puff-Strawberry-Watermelon-Lemonade.jpg",800,800,false],"1536x1536":["https:\/\/vapestornado.com\/wp-content\/uploads\/2024\/12\/Randm-7000-Puff-Strawberry-Watermelon-Lemonade.jpg",800,800,false],"2048x2048":["https:\/\/vapestornado.com\/wp-content\/uploads\/2024\/12\/Randm-7000-Puff-Strawberry-Watermelon-Lemonade.jpg",800,800,false],"trp-custom-language-flag":["https:\/\/vapestornado.com\/wp-content\/uploads\/2024\/12\/Randm-7000-Puff-Strawberry-Watermelon-Lemonade.jpg",12,12,false],"woocommerce_thumbnail":["https:\/\/vapestornado.com\/wp-content\/uploads\/2024\/12\/Randm-7000-Puff-Strawberry-Watermelon-Lemonade-300x300.jpg",300,300,true],"woocommerce_single":["https:\/\/vapestornado.com\/wp-content\/uploads\/2024\/12\/Randm-7000-Puff-Strawberry-Watermelon-Lemonade-600x600.jpg",600,600,true],"woocommerce_gallery_thumbnail":["https:\/\/vapestornado.com\/wp-content\/uploads\/2024\/12\/Randm-7000-Puff-Strawberry-Watermelon-Lemonade-100x100.jpg",100,100,true]},"uagb_author_info":{"display_name":"ESMANDY","author_link":"https:\/\/vapestornado.com\/da\/author\/"},"uagb_comment_info":0,"uagb_excerpt":"Grab Randm Tornado 7000 Puffs at a Discount Price Today Affordable Wholesale Price for Randm Tornado 7000 Puffs Vapes Bulk Buy Randm Tornado 7000 Puff Vape for Maximum Savings [caption id=\"attachment_2951\" align=\"alignnone\" width=\"265\"] Pls Contact Mandy's WhatsApp For Discount Price\u00a0 +8618077105796[\/caption] &nbsp;","_links":{"self":[{"href":"https:\/\/vapestornado.com\/da\/wp-json\/wp\/v2\/product\/3103","targetHints":{"allow":["GET"]}}],"collection":[{"href":"https:\/\/vapestornado.com\/da\/wp-json\/wp\/v2\/product"}],"about":[{"href":"https:\/\/vapestornado.com\/da\/wp-json\/wp\/v2\/types\/product"}],"replies":[{"embeddable":true,"href":"https:\/\/vapestornado.com\/da\/wp-json\/wp\/v2\/comments?post=3103"}],"wp:featuredmedia":[{"embeddable":true,"href":"https:\/\/vapestornado.com\/da\/wp-json\/wp\/v2\/media\/3117"}],"wp:attachment":[{"href":"https:\/\/vapestornado.com\/da\/wp-json\/wp\/v2\/media?parent=3103"}],"wp:term":[{"taxonomy":"product_brand","embeddable":true,"href":"https:\/\/vapestornado.com\/da\/wp-json\/wp\/v2\/product_brand?post=3103"},{"taxonomy":"product_cat","embeddable":true,"href":"https:\/\/vapestornado.com\/da\/wp-json\/wp\/v2\/product_cat?post=3103"},{"taxonomy":"product_tag","embeddable":true,"href":"https:\/\/vapestornado.com\/da\/wp-json\/wp\/v2\/product_tag?post=3103"}],"curies":[{"name":"wp","href":"https:\/\/api.w.org\/{rel}","templated":true}]}}