{"id":3101,"date":"2024-12-12T09:12:28","date_gmt":"2024-12-12T09:12:28","guid":{"rendered":"https:\/\/vapestornado.com\/?post_type=product&#038;p=3101"},"modified":"2025-12-05T08:52:27","modified_gmt":"2025-12-05T08:52:27","slug":"jnr-falcon-x-18000-puffs-disposable-vape-wholesale-price","status":"publish","type":"product","link":"https:\/\/vapestornado.com\/da\/product\/jnr-falcon-x-18000-puffs-disposable-vape-wholesale-price\/","title":{"rendered":"JNR Falcon X 18000 Pust Engangs Vape Engros Pris"},"content":{"rendered":"<h1 class=\"product-title\">JNR Falcon X 18000 Pust Engangs Vape Engros Pris<\/h1>\n<p data-start=\"1154\" data-end=\"1343\">JNR Falcon X 18000 leverer 18.000 skud med dobbelt mesh-spiraler, et genopladeligt 950mAh Type-C-batteri og en HD-statussk\u00e6rm\u2014bygget til stabil smag og lang daglig brug uden tab af br\u00e6ndt smag.<\/p>\n<p data-start=\"567\" data-end=\"897\"><strong data-start=\"567\" data-end=\"608\">18K kapacitet, der passer til \u00e6gte rutiner.<\/strong><br data-start=\"608\" data-end=\"611\" \/>Den <strong data-start=\"615\" data-end=\"653\">JNR Falcon X 18000 engangs vape<\/strong> er lavet til l\u00e6ngere brug, ikke korte bursts. Med <strong data-start=\"700\" data-end=\"722\">op til 18.000 skud<\/strong>, reducerer det hvor ofte en bruger skal udskifte sammenlignet med mindre engangsprodukter. For alle, der vaper gennem arbejdsdage og weekender, betyder det mere end fancy ekstraudstyr.<\/p>\n<p data-start=\"899\" data-end=\"1149\"><strong data-start=\"899\" data-end=\"936\">Dobbelt mesh-spiraler for stabil smag.<\/strong><br data-start=\"936\" data-end=\"939\" \/>Inde i <strong data-start=\"949\" data-end=\"974\">dobbelt mesh spole system<\/strong> fordeler varme j\u00e6vnt. Det holder inhalationen glat og hj\u00e6lper med at undg\u00e5 den h\u00e5rde, br\u00e6ndte smag, der kan opst\u00e5 i svagere h\u00f8j-puff enheder. Smagen forbliver konsistent dybere inde i tanken.<\/p>\n<p data-start=\"1151\" data-end=\"1400\"><strong data-start=\"1151\" data-end=\"1192\">Stor genopladelig batteri med Type-C.<\/strong><br data-start=\"1192\" data-end=\"1195\" \/>A <strong data-start=\"1197\" data-end=\"1215\">950mAh batteri<\/strong> driver denne enhed, og den er genopladelig. N\u00e5r batteriet er lavt, kan en hurtig <strong data-start=\"1294\" data-end=\"1311\">Type-C-opladning<\/strong> f\u00e5 den tilbage i drift, s\u00e5 v\u00e6sken ikke g\u00e5r til spilde, fordi str\u00f8mmen d\u00f8r f\u00f8rst.<\/p>\n<p data-start=\"1402\" data-end=\"1619\"><strong data-start=\"1402\" data-end=\"1437\">HD-sk\u00e6rm holder det enkelt.<\/strong><br data-start=\"1437\" data-end=\"1440\" \/>Sk\u00e6rmen viser <strong data-start=\"1457\" data-end=\"1493\">batteriniveau og e-v\u00e6skeniveau<\/strong> i realtid. Brugere kan se, hvad der er tilbage med et \u00f8jebliks blik, genoplade f\u00f8r str\u00f8mmen falder, og undg\u00e5 overraskende t\u00f8rre hits mod slutningen.<\/p>\n<p data-start=\"1621\" data-end=\"1892\"><strong data-start=\"1621\" data-end=\"1660\">Lav-nikotin muligheder for kontrolleret brug.<\/strong><br data-start=\"1660\" data-end=\"1663\" \/>Denne model tilbydes i lavere nikotinv\u00e6lg for folk, der \u00f8nsker et mere stabilt, mindre aggressivt hit. Det g\u00f8r det <strong data-start=\"1782\" data-end=\"1802\">JNR 18K Falcon X<\/strong> en praktisk l\u00f8sning for rygere, der \u00f8nsker mere kontrol over indtaget uden at g\u00e5 p\u00e5 kompromis med brugstiden.<\/p>\n<p><strong>Tilf\u00f8j Amys Whatsapp for at f\u00e5 hurtigt svar og vape-kupon!<\/strong><\/p>\n<p><img fetchpriority=\"high\" decoding=\"async\" class=\"size-full wp-image-2932\" src=\"https:\/\/vapestornado.com\/wp-content\/uploads\/2024\/12\/Vape-Wholesale.jpg\" alt=\"Vape Engros\" width=\"229\" height=\"300\" \/><\/p>\n<h3><a href=\"https:\/\/wa.me\/8617776015835\" target=\"_blank\" rel=\"noopener\"><span style=\"color: #ff0000;\"><strong>WhatsApp: +86 17776015835<\/strong><\/span><\/a><\/h3>\n<p>&nbsp;<\/p>\n<h2><strong>JNR Falcon X 18000 Produktfunktioner<\/strong><\/h2>\n<div role=\"article\" data-tabster=\"{&quot;groupper&quot;:{&quot;tabbability&quot;:2},&quot;focusable&quot;:{}}\" data-content=\"ai-message\" aria-labelledby=\"juhNTJ6o7Gk1cgwZMJgv2-author juhNTJ6o7Gk1cgwZMJgv2-content\">\n<div id=\"juhNTJ6o7Gk1cgwZMJgv2-content\">\n<div role=\"article\" data-tabster=\"{&quot;groupper&quot;:{&quot;tabbability&quot;:2},&quot;focusable&quot;:{}}\" data-content=\"ai-message\" aria-labelledby=\"x4EZuCZWrTbh3weWUt7CU-author x4EZuCZWrTbh3weWUt7CU-content\">\n<div id=\"x4EZuCZWrTbh3weWUt7CU-content\">\n<table>\n<thead>\n<tr>\n<th>Funktion \/ Parameter<\/th>\n<th align=\"right\">Spec<\/th>\n<th>Forklaring<\/th>\n<\/tr>\n<\/thead>\n<tbody>\n<tr>\n<td>Produktnavn<\/td>\n<td align=\"right\">JNR Falcon X 18000 Puffs Engangs Vape<\/td>\n<td>Klar navngivning til gentagne ordrer og s\u00f8gning.<\/td>\n<\/tr>\n<tr>\n<td>Pust Kapacitet<\/td>\n<td align=\"right\">Op til 18.000 puffs<\/td>\n<td>Langvarig brug; f\u00e6rre enhedsudskiftninger.<\/td>\n<\/tr>\n<tr>\n<td>Spoletype<\/td>\n<td align=\"right\">Dobbelt mesh coils<\/td>\n<td>J\u00e6vn opvarmning = glattere damp, mere stabil smag, f\u00e6rre br\u00e6ndte hits.<\/td>\n<\/tr>\n<tr>\n<td>Batteri<\/td>\n<td align=\"right\">950mAh genopladelig<\/td>\n<td>St\u00e6rk nok til h\u00f8j puff-brug; genoplad for at f\u00e6rdigg\u00f8re tanken.<\/td>\n<\/tr>\n<tr>\n<td>Opladning<\/td>\n<td align=\"right\">USB Type-C hurtigopladning<\/td>\n<td>Almindeligt kabelstandard; kortere nedetid.<\/td>\n<\/tr>\n<tr>\n<td>Sk\u00e6rm<\/td>\n<td align=\"right\">HD-sk\u00e6rm (batteri + e-v\u00e6ske)<\/td>\n<td>Viser resterende str\u00f8m og v\u00e6ske, s\u00e5 du forbliver i kontrol.<\/td>\n<\/tr>\n<tr>\n<td>Nikotinmuligheder<\/td>\n<td align=\"right\">Lav-nikotin varianter<\/td>\n<td>Egner sig til brugere, der \u00f8nsker et lettere dagligt hit.<\/td>\n<\/tr>\n<tr>\n<td>Konstruktion<\/td>\n<td align=\"right\">Kompakt, holdbart design<\/td>\n<td>Let at b\u00e6re; rummer op til daglig lommebrug.<\/td>\n<\/tr>\n<tr>\n<td>Target Fit<\/td>\n<td align=\"right\">Detailhandel &amp; engros i EU 2025<\/td>\n<td>H\u00f8jkapacitetssegment med gentagelsessalg eftersp\u00f8rgsel.<\/td>\n<\/tr>\n<\/tbody>\n<\/table>\n<\/div>\n<\/div>\n<\/div>\n<\/div>\n<h2 class=\"product-title\"><strong>JNR Falcon X 18000 Smagsliste<\/strong><\/h2>\n<p>1.Bl\u00e5 Razz Is<br \/>\n2.Bl\u00e5b\u00e6r Hindb\u00e6r<br \/>\n3. Cool Mint<br \/>\n4. Kiwi Vandmelon Is<br \/>\n5. Drue Is<br \/>\n6.Jordb\u00e6r Kiwi<br \/>\n7. Jordb\u00e6r Vandmelon Is<br \/>\n8. Vandmelon Is<br \/>\n9.Jordb\u00e6r Is<br \/>\n10. Blandede B\u00e6r<br \/>\n11. Vandmelon Tyggegummi<br \/>\n12. Sur \u00c6ble Is<br \/>\n13. Fersken Is<br \/>\n14. B\u00e6r Eksplosion<br \/>\n15. Bl\u00e5b\u00e6r Hindb\u00e6r Kirseb\u00e6r<br \/>\n16. Kirseb\u00e6r B\u00e6r<br \/>\n17. Jordb\u00e6r Banan<br \/>\n18. Bl\u00e5b\u00e6r Kiwi<br \/>\n19. Passionsfrugt Kiwi<br \/>\n20. Hvid Fersken Razz<br \/>\n21. Bl\u00e5 Razz Kirseb\u00e6r<br \/>\n22. Kirseb\u00e6r Vandmelon Freeze<br \/>\n23. Kirseb\u00e6r Cola<br \/>\n24. Banan Is<br \/>\n25. Skittles<br \/>\n26. Triple Melon<br \/>\n27. Mr. Blue<br \/>\n28. Kirseb\u00e6r Is<br \/>\n29. Vandmelon Lychee<\/p>\n<h3>Hvorfor v\u00e6lge vapestornado til JNR 18000 Pust Vape Engros?<\/h3>\n<div class=\"flex-shrink-0 flex flex-col relative items-end\">\n<div class=\"pt-0\">\n<div class=\"gizmo-bot-avatar flex h-8 w-8 items-center justify-center overflow-hidden rounded-full\">\n<div class=\"relative p-1 rounded-sm flex items-center justify-center bg-token-main-surface-primary text-token-text-primary h-8 w-8\">\n<p>Velkommen til vapestornado, din betroede online vape-butik for f\u00f8rsteklasses engangsvapes. Med mere end 5 \u00e5rs ekspertise tilbyder vi dig popul\u00e6re engangsvape-m\u00e6rker som Fumot RandM Vape, <a href=\"https:\/\/vapestornado.com\/da\/product\/vapme-crystal-7000-puffs-rechargeable-disposable-vape-wholesale-cheap-price\/\">Vapme<\/a>, Bang Vape, Waspe Vape og WGA Vape, osv.<\/p>\n<p>Vores sortiment omfatter popul\u00e6re vapes som <a href=\"https:\/\/vapestornado.com\/da\/product\/fumot-randm-tornado-15000-puffs-rechargeable-disposable-vape-wholesale\/\">RandM Tornado 15000<\/a>, og smagsrige valg som <a href=\"https:\/\/vapestornado.com\/da\/product\/waspe-40000-puffs-double-flavour-led-display-disposable-vape-wholesale\/\">WASPE Dobbeltsmag 40000 sug<\/a> . Hvert produkt er valgt med fokus p\u00e5 kvalitet, v\u00e6rdi og variation, hvilket sikrer, at du finder det perfekte match til dine behov. Oplev enest\u00e5ende service og et bredt udvalg af topprodukter til engrospris hos vapestornado.<\/p>\n<\/div>\n<h3><\/h3>\n<div class=\"relative p-1 rounded-sm flex items-center justify-center bg-token-main-surface-primary text-token-text-primary h-8 w-8\">\n<h3>Ofte stillede sp\u00f8rgsm\u00e5l om JNR Falcon X 18k Pust Engangs Vape<\/h3>\n<p data-start=\"2922\" data-end=\"3135\"><strong data-start=\"2922\" data-end=\"2995\">1. Skal jeg bruge en s\u00e6rlig oplader til JNR Falcon X 18K engangs?<\/strong><br data-start=\"2995\" data-end=\"2998\" \/>Nej. Den <strong data-start=\"3006\" data-end=\"3042\">JNR Falcon X 18K engangs vape<\/strong> oplades med standard <strong data-start=\"3065\" data-end=\"3079\">USB Type-C<\/strong>, s\u00e5 enhver normal Type-C-kabel og sikker adapter vil fungere.<\/p>\n<p data-start=\"3137\" data-end=\"3403\"><strong data-start=\"3137\" data-end=\"3216\">2. Hvor lang tid varer en JNR Falcon X 18000 Puffs vape for en daglig ryger?<\/strong><br data-start=\"3216\" data-end=\"3219\" \/>Det afh\u00e6nger af brugen, men de fleste daglige brugere f\u00e5r langt l\u00e6ngere driftstid end med 5k\u201310k enheder, fordi <strong data-start=\"3321\" data-end=\"3349\">JNR Falcon X 18000 Puffs<\/strong> kombinerer en h\u00f8j puff-rating med et genopladeligt batteri.<\/p>\n<p data-start=\"3405\" data-end=\"3635\"><strong data-start=\"3405\" data-end=\"3471\">3. Undg\u00e5r JNR 18K Falcon X br\u00e6ndt smag n\u00e6r slutningen?<\/strong><br data-start=\"3471\" data-end=\"3474\" \/>Den <strong data-start=\"3478\" data-end=\"3497\">dobbelte mesh coils<\/strong> i <strong data-start=\"3505\" data-end=\"3525\">JNR 18K Falcon X<\/strong> varmer j\u00e6vnt og er designet til at reducere sene br\u00e6ndte hits, der ofte opst\u00e5r i h\u00f8jkapacitets engangsprodukter.<\/p>\n<p data-start=\"3637\" data-end=\"3918\"><strong data-start=\"3637\" data-end=\"3714\">4. Er JNR Falcon X 18000 lav-nikotin version egnet til at sk\u00e6re ned?<\/strong><br data-start=\"3714\" data-end=\"3717\" \/>Ja. Det <strong data-start=\"3726\" data-end=\"3772\">JNR Falcon X 18000 lav-nikotin engangs vape<\/strong> v\u00e6lges ofte af brugere, der \u00f8nsker et lettere dagligt indtag, mens de beholder en langvarig enhed, s\u00e5 de ikke overudskifter (eller overbruger) mindre enheder.<\/p>\n<p data-start=\"3920\" data-end=\"4186\"><strong data-start=\"3920\" data-end=\"3989\">5. Kan jeg tage en JNR Falcon X 18000 engangs vape med p\u00e5 flyet?<\/strong><br data-start=\"3989\" data-end=\"3992\" \/>De fleste flyselskaber tillader kun engangsprodukter i <strong data-start=\"4032\" data-end=\"4052\">h\u00e5ndbagage<\/strong>, ikke i indchecket bagage, p\u00e5 grund af batteriregler. Husk at holde den <strong data-start=\"4103\" data-end=\"4141\">JNR Falcon X 18000 engangs vape<\/strong> forseglet og f\u00f8lg luftfarts- \/ lokale regler.<\/p>\n<\/div>\n<\/div>\n<\/div>\n<\/div>","protected":false},"excerpt":{"rendered":"<p>JNR Falcon X 18000 Puffs Engangs Vape Engros<br \/>\nJNR Bar 18000 PUFFS Krystal Engangs Vape<br \/>\nJNR Falcon X 18000 Puffs Digital Engangs Vape<\/p>\n<p><strong>Tilf\u00f8j Amys whatsapp, f\u00e5 et hurtigt svar og en vape-kupon!<\/strong><\/p>\n<p><img fetchpriority=\"high\" decoding=\"async\" class=\"size-full wp-image-2932\" src=\"https:\/\/vapestornado.com\/wp-content\/uploads\/2024\/12\/Vape-Wholesale.jpg\" alt=\"Vape Engros\" width=\"229\" height=\"300\" \/><\/p>\n<h3><a href=\"https:\/\/wa.me\/8617776015835\"><span style=\"color: #ff0000;\"><strong>WhatsApp: +86 17776015835<\/strong><\/span><\/a><\/h3>\n<p>&nbsp;<\/p>","protected":false},"featured_media":3089,"comment_status":"open","ping_status":"closed","template":"","meta":{"_acf_changed":false,"_uag_custom_page_level_css":"","_lmt_disableupdate":"no","_lmt_disable":"","_monsterinsights_skip_tracking":false,"_monsterinsights_sitenote_active":false,"_monsterinsights_sitenote_note":"","_monsterinsights_sitenote_category":0,"site-sidebar-layout":"default","site-content-layout":"","ast-site-content-layout":"default","site-content-style":"default","site-sidebar-style":"default","ast-global-header-display":"","ast-banner-title-visibility":"","ast-main-header-display":"","ast-hfb-above-header-display":"","ast-hfb-below-header-display":"","ast-hfb-mobile-header-display":"","site-post-title":"","ast-breadcrumbs-content":"","ast-featured-img":"","footer-sml-layout":"","ast-disable-related-posts":"","theme-transparent-header-meta":"default","adv-header-id-meta":"","stick-header-meta":"","header-above-stick-meta":"","header-main-stick-meta":"","header-below-stick-meta":"","astra-migrate-meta-layouts":"set","ast-page-background-enabled":"default","ast-page-background-meta":{"desktop":{"background-color":"","background-image":"","background-repeat":"repeat","background-position":"center center","background-size":"auto","background-attachment":"scroll","background-type":"","background-media":"","overlay-type":"","overlay-color":"","overlay-opacity":"","overlay-gradient":""},"tablet":{"background-color":"","background-image":"","background-repeat":"repeat","background-position":"center center","background-size":"auto","background-attachment":"scroll","background-type":"","background-media":"","overlay-type":"","overlay-color":"","overlay-opacity":"","overlay-gradient":""},"mobile":{"background-color":"","background-image":"","background-repeat":"repeat","background-position":"center center","background-size":"auto","background-attachment":"scroll","background-type":"","background-media":"","overlay-type":"","overlay-color":"","overlay-opacity":"","overlay-gradient":""}},"ast-content-background-meta":{"desktop":{"background-color":"var(--ast-global-color-5)","background-image":"","background-repeat":"repeat","background-position":"center center","background-size":"auto","background-attachment":"scroll","background-type":"","background-media":"","overlay-type":"","overlay-color":"","overlay-opacity":"","overlay-gradient":""},"tablet":{"background-color":"var(--ast-global-color-5)","background-image":"","background-repeat":"repeat","background-position":"center center","background-size":"auto","background-attachment":"scroll","background-type":"","background-media":"","overlay-type":"","overlay-color":"","overlay-opacity":"","overlay-gradient":""},"mobile":{"background-color":"var(--ast-global-color-5)","background-image":"","background-repeat":"repeat","background-position":"center center","background-size":"auto","background-attachment":"scroll","background-type":"","background-media":"","overlay-type":"","overlay-color":"","overlay-opacity":"","overlay-gradient":""}},"_joinchat":{"telephone":"+8617776015835"}},"product_brand":[],"product_cat":[70,151,141,76],"product_tag":[97,136,479,134,135,94],"class_list":{"0":"post-3101","1":"product","2":"type-product","3":"status-publish","4":"has-post-thumbnail","6":"product_cat-18000-puff","7":"product_cat-buy-disposable-vapes-in-france","8":"product_cat-crystal-disposable-vapes","9":"product_cat-jnr-vape","10":"product_tag-hot-sale-disposable-vape","11":"product_tag-jnr-18000","12":"product_tag-jnr-18k","13":"product_tag-jnr-falcon-x-18000","14":"product_tag-jnr-vape","15":"product_tag-rechargeable-disposable-vape","16":"desktop-align-left","17":"tablet-align-left","18":"mobile-align-left","20":"first","21":"instock","22":"sale","23":"shipping-taxable","24":"purchasable","25":"product-type-simple"},"acf":[],"uagb_featured_image_src":{"full":["https:\/\/vapestornado.com\/wp-content\/uploads\/2024\/12\/JNR-Falcon-X-18000-Digital-Disposable-Vape.jpg",1126,1130,false],"thumbnail":["https:\/\/vapestornado.com\/wp-content\/uploads\/2024\/12\/JNR-Falcon-X-18000-Digital-Disposable-Vape-150x150.jpg",150,150,true],"medium":["https:\/\/vapestornado.com\/wp-content\/uploads\/2024\/12\/JNR-Falcon-X-18000-Digital-Disposable-Vape-300x300.jpg",300,300,true],"medium_large":["https:\/\/vapestornado.com\/wp-content\/uploads\/2024\/12\/JNR-Falcon-X-18000-Digital-Disposable-Vape-768x771.jpg",768,771,true],"large":["https:\/\/vapestornado.com\/wp-content\/uploads\/2024\/12\/JNR-Falcon-X-18000-Digital-Disposable-Vape-1020x1024.jpg",1020,1024,true],"1536x1536":["https:\/\/vapestornado.com\/wp-content\/uploads\/2024\/12\/JNR-Falcon-X-18000-Digital-Disposable-Vape.jpg",1126,1130,false],"2048x2048":["https:\/\/vapestornado.com\/wp-content\/uploads\/2024\/12\/JNR-Falcon-X-18000-Digital-Disposable-Vape.jpg",1126,1130,false],"trp-custom-language-flag":["https:\/\/vapestornado.com\/wp-content\/uploads\/2024\/12\/JNR-Falcon-X-18000-Digital-Disposable-Vape.jpg",12,12,false],"woocommerce_thumbnail":["https:\/\/vapestornado.com\/wp-content\/uploads\/2024\/12\/JNR-Falcon-X-18000-Digital-Disposable-Vape-300x300.jpg",300,300,true],"woocommerce_single":["https:\/\/vapestornado.com\/wp-content\/uploads\/2024\/12\/JNR-Falcon-X-18000-Digital-Disposable-Vape-600x602.jpg",600,602,true],"woocommerce_gallery_thumbnail":["https:\/\/vapestornado.com\/wp-content\/uploads\/2024\/12\/JNR-Falcon-X-18000-Digital-Disposable-Vape-100x100.jpg",100,100,true]},"uagb_author_info":{"display_name":"ESAMY","author_link":"https:\/\/vapestornado.com\/da\/author\/"},"uagb_comment_info":0,"uagb_excerpt":"JNR Falcon X 18000 Puffs Disposable Vape Wholesale JNR Bar 18000 PUFFS Crystal Disposable Vape JNR Falcon X 18000 Puffs Digital Disposable Vape Add Amy's whatsapp get right reply and vape vape coupon! WhatsApp: +86 17776015835 &nbsp;","_links":{"self":[{"href":"https:\/\/vapestornado.com\/da\/wp-json\/wp\/v2\/product\/3101","targetHints":{"allow":["GET"]}}],"collection":[{"href":"https:\/\/vapestornado.com\/da\/wp-json\/wp\/v2\/product"}],"about":[{"href":"https:\/\/vapestornado.com\/da\/wp-json\/wp\/v2\/types\/product"}],"replies":[{"embeddable":true,"href":"https:\/\/vapestornado.com\/da\/wp-json\/wp\/v2\/comments?post=3101"}],"wp:featuredmedia":[{"embeddable":true,"href":"https:\/\/vapestornado.com\/da\/wp-json\/wp\/v2\/media\/3089"}],"wp:attachment":[{"href":"https:\/\/vapestornado.com\/da\/wp-json\/wp\/v2\/media?parent=3101"}],"wp:term":[{"taxonomy":"product_brand","embeddable":true,"href":"https:\/\/vapestornado.com\/da\/wp-json\/wp\/v2\/product_brand?post=3101"},{"taxonomy":"product_cat","embeddable":true,"href":"https:\/\/vapestornado.com\/da\/wp-json\/wp\/v2\/product_cat?post=3101"},{"taxonomy":"product_tag","embeddable":true,"href":"https:\/\/vapestornado.com\/da\/wp-json\/wp\/v2\/product_tag?post=3101"}],"curies":[{"name":"wp","href":"https:\/\/api.w.org\/{rel}","templated":true}]}}