{"id":3083,"date":"2024-12-11T09:26:24","date_gmt":"2024-12-11T09:26:24","guid":{"rendered":"https:\/\/vapestornado.com\/?post_type=product&#038;p=3083"},"modified":"2025-08-23T11:13:51","modified_gmt":"2025-08-23T11:13:51","slug":"randm-vape-tornado-7000-puffs-disposable-vape-bulk-buy-price-germany","status":"publish","type":"product","link":"https:\/\/vapestornado.com\/da\/product\/randm-vape-tornado-7000-puffs-disposable-vape-bulk-buy-price-germany\/","title":{"rendered":"RandM Vape Tornado 7000 Puffs Engangs Vape Bulk K\u00f8b Pris Tyskland"},"content":{"rendered":"<h1 class=\"product-title\">RandM Vape Tornado 7000 Puffs Engangs Vape Bulk K\u00f8b Pris Tyskland<\/h1>\n<p data-start=\"178\" data-end=\"507\">Den <strong data-start=\"182\" data-end=\"220\">RandM Tornado 7000 Engangs Vape<\/strong> er en st\u00e6rk s\u00e6lger p\u00e5 det tyske marked, der kombinerer p\u00e5lidelig ydeevne med bred smagsappel til en konkurrencedygtig <strong data-start=\"336\" data-end=\"354\">massek\u00f8bspris<\/strong>. Med op til <strong data-start=\"367\" data-end=\"391\">7.000 pust pr. enhed<\/strong>pris, denne model tilbyder forhandlere en overkommelig, men holdbar mulighed for kunder, der s\u00f8ger b\u00e5de smag og bekvemmelighed.<span id=\"1\" class=\"notranslate immersive-translate-target-wrapper\" lang=\"zh-CN\" translate=\"no\" data-immersive-translate-loading-id=\"\">\u00a0 <\/span><\/p>\n<p data-start=\"509\" data-end=\"785\">Udstyret med en <strong data-start=\"525\" data-end=\"557\">1000mAh genopladeligt batteri<\/strong> og <strong data-start=\"562\" data-end=\"586\">Type-C hurtigopladning<\/strong>Med et genopladeligt 1000mAh batteri sikrer RandM 7K kontinuerlig brug uden spildt e-v\u00e6ske. En <strong data-start=\"654\" data-end=\"683\">justerbare luftstr\u00f8mssystem<\/strong> justerbar luftstr\u00f8mskontrol lader brugerne skifte mellem strammere eller mere \u00e5bne tr\u00e6k, hvilket g\u00f8r den velegnet til forskellige pr\u00e6ferencer.<\/p>\n<p data-start=\"787\" data-end=\"1022\">Med <strong data-start=\"792\" data-end=\"816\">56 smagsvarianter<\/strong> sp\u00e6nder fra frugtagtige til dessertprofiler, denne enhed henvender sig til forskellige tyske kundebaser. Den <strong data-start=\"915\" data-end=\"938\">lave nikotinformat<\/strong> (2% eller derunder) g\u00f8r det til en attraktiv mulighed for dampere, der s\u00f8ger j\u00e6vnere sessioner.<\/p>\n<p data-start=\"1024\" data-end=\"1096\">For distribut\u00f8rer og butiksejere tilbyder <strong data-start=\"1062\" data-end=\"1084\">RandM Tornado 7000<\/strong> giver:<\/p>\n<ul data-start=\"1097\" data-end=\"1349\">\n<li data-start=\"1097\" data-end=\"1151\">\n<p data-start=\"1099\" data-end=\"1151\">En mellemstor pustekapacitet, der er ideel til dagligt salg<\/p>\n<\/li>\n<li data-start=\"1152\" data-end=\"1200\">\n<p data-start=\"1154\" data-end=\"1200\">Bredt smagskatalog til gentagne k\u00f8b<\/p>\n<\/li>\n<li data-start=\"1201\" data-end=\"1257\">\n<p data-start=\"1203\" data-end=\"1257\">Genopladeligt design, der reducerer returneringer og klager<\/p>\n<\/li>\n<li data-start=\"1258\" data-end=\"1349\">\n<p data-start=\"1260\" data-end=\"1349\"><strong data-start=\"1260\" data-end=\"1312\">Engrosemballage og konkurrencedygtige bulkpriser<\/strong> skr\u00e6ddersyet til EU og Tyskland markeder<\/p>\n<\/li>\n<\/ul>\n<p><strong>Tilf\u00f8j Amys Whatsapp for at f\u00e5 hurtigt svar og vape-kupon!<\/strong><\/p>\n<p><img fetchpriority=\"high\" decoding=\"async\" class=\"size-full wp-image-2932\" src=\"https:\/\/vapestornado.com\/wp-content\/uploads\/2024\/12\/Vape-Wholesale.jpg\" alt=\"Vape Engros\" width=\"229\" height=\"300\" \/><\/p>\n<h3><a href=\"https:\/\/wa.me\/8617776015835\" target=\"_blank\" rel=\"noopener\"><span style=\"color: #ff0000;\"><strong>WhatsApp: +86 17776015835<\/strong><\/span><\/a><\/h3>\n<p>&nbsp;<\/p>\n<h2><strong>RandM Tornado 7000 Produktfunktioner<\/strong><\/h2>\n<p>Integreret 1000mAh Batteri<br \/>\nGenopladeligt Batteri<br \/>\n7000 sug pr. enhed<br \/>\nLuftstr\u00f8mskontrol<br \/>\n56 smagsvarianter tilg\u00e6ngelige<br \/>\nType-C Genopladt<\/p>\n<h2 class=\"product-title\"><strong>RandM Tornado 7000 Smagsliste<\/strong><\/h2>\n<p>1 Cool Mint<br \/>\n2 Lush Ice<br \/>\n3 Tangerine Ice<br \/>\n4 Jordb\u00e6r Donut<br \/>\n5 Gummy Bear<br \/>\n6 Bl\u00e5b\u00e6r p\u00e5 is<br \/>\n7 Mango P\u00e5 Is<br \/>\n8 Fersken Is<br \/>\n9 Banan Is<br \/>\n10 Drue Is<br \/>\n11 Pink Lemonade<br \/>\n12 Pina Colada Rom<br \/>\n13 Blandede B\u00e6r<br \/>\n14 Banan Milkshake<br \/>\n15 Jordb\u00e6r Vandmelon<br \/>\n16 R\u00f8dt \u00c6ble Citron<br \/>\n17 Ananas Is<br \/>\n18 Candyfloss<br \/>\n19 Jordb\u00e6r Banan<br \/>\n20 Jordb\u00e6r Is<br \/>\n21 Jordb\u00e6r Kiwi<br \/>\n22. R\u00f8d Energi Is<br \/>\n23. Bl\u00e5 Hindb\u00e6r Lemonade<br \/>\n24. R\u00f8dt \u00c6bleis<br \/>\n25. B\u00e6r Lemonade<br \/>\n26. Bl\u00e5b\u00e6r Bubblegum<br \/>\n27. Bl\u00e5syrlig Hindb\u00e6r<br \/>\n28. Dr. Blue<br \/>\n29. \u00c6ble Fersken P\u00e6re<br \/>\n30. Bl\u00e5b\u00e6r Granat\u00e6ble<br \/>\n31. Vimto<br \/>\n32. Kiwi Passionsfrugt Guava<br \/>\n33. Colaice<br \/>\n34. Syrligt \u00c6ble<br \/>\n35. Solb\u00e6r Menthol<br \/>\n36. Tigerblod<br \/>\n37. Fersken Bl\u00e5b\u00e6r Slik<br \/>\n38. Fersken Mango<br \/>\n39. Jordb\u00e6r Red Bull<br \/>\n40. Solb\u00e6r Is<br \/>\n41. Jordb\u00e6r Vandmelon Lemonade<br \/>\n42. Kirseb\u00e6r<br \/>\n43. Bl\u00e5 Hindb\u00e6r Kirseb\u00e6r<br \/>\n44. Skittles<br \/>\n45. Bl\u00e5b\u00e6r Hindb\u00e6r<br \/>\n46. Jordb\u00e6r Drue<br \/>\n47. Bl\u00e5b\u00e6r Kirseb\u00e6r Traneb\u00e6r<br \/>\n48. \u00c6ble B\u00e6r Eksplosion<br \/>\n49. Kirseb\u00e6r Cola<br \/>\n50. Citron<br \/>\n51. Pink Eksplosion<br \/>\n52. Pacific Cooler<br \/>\n53. Is Pop<br \/>\n54. Bingo Crush<\/p>\n<h2>Hvorfor v\u00e6lge vapestornado til Fumot RandM 7k Vape Engros?<\/h2>\n<div class=\"flex-shrink-0 flex flex-col relative items-end\">\n<div class=\"pt-0\">\n<div class=\"gizmo-bot-avatar flex h-8 w-8 items-center justify-center overflow-hidden rounded-full\">\n<div class=\"relative p-1 rounded-sm flex items-center justify-center bg-token-main-surface-primary text-token-text-primary h-8 w-8\">\n<p>Velkommen til vapestornado, din betroede online vape-butik for f\u00f8rsteklasses engangsvapes. Med mere end 5 \u00e5rs ekspertise tilbyder vi dig popul\u00e6re engangsvape-m\u00e6rker som Fumot RandM Vape, <a href=\"https:\/\/vapestornado.com\/da\/product\/vapme-crystal-7000-puffs-rechargeable-disposable-vape-wholesale-cheap-price\/\">Vapme<\/a>, Bang Vape, Waspe Vape og WGA Vape, osv.<\/p>\n<p>Vores sortiment omfatter popul\u00e6re vapes som <a href=\"https:\/\/vapestornado.com\/da\/product\/fumot-randm-tornado-15000-puffs-rechargeable-disposable-vape-wholesale\/\">RandM Tornado 15000<\/a>, og smagsrige valg som <a href=\"https:\/\/vapestornado.com\/da\/product\/waspe-40000-puffs-double-flavour-led-display-disposable-vape-wholesale\/\">WASPE Dobbeltsmag 40000 sug<\/a> . Hvert produkt er valgt med fokus p\u00e5 kvalitet, v\u00e6rdi og variation, hvilket sikrer, at du finder det perfekte match til dine behov. Oplev enest\u00e5ende service og et bredt udvalg af topprodukter til engrospris hos vapestornado.<\/p>\n<\/div>\n<h3><\/h3>\n<div class=\"relative p-1 rounded-sm flex items-center justify-center bg-token-main-surface-primary text-token-text-primary h-8 w-8\">\n<h2>FAQS for RandM 7000 Music Engangs-Vape<\/h2>\n<\/div>\n<\/div>\n<\/div>\n<\/div>\n<div class=\"flex-shrink-0 flex flex-col relative items-end\">\n<div class=\"pt-0\">\n<div class=\"gizmo-bot-avatar flex h-8 w-8 items-center justify-center overflow-hidden rounded-full\">\n<div class=\"relative p-1 rounded-sm flex items-center justify-center bg-token-main-surface-primary text-token-text-primary h-8 w-8\">\n<div class=\"mb-2 flex gap-3 empty:hidden -ml-2\">\n<h3><\/h3>\n<ol>\n<li><strong>Hvor mange sug giver RandM 7000?<\/strong><br \/>\nRandM 7000 giver imponerende 7.000 sug pr. enhed, hvilket sikrer langvarig brug for hver vape-session.<\/li>\n<li><strong>Kan RandM 7000 genoplades?<\/strong><br \/>\nJa, enheden er udstyret med et genopladeligt 1000mAh batteri og underst\u00f8tter hurtig Type-C opladning for bekvemmelighed.<\/li>\n<li><strong>Hvor mange smagsvarianter er tilg\u00e6ngelige for Fumot Tornado 7000?<\/strong><br \/>\nFumot Tornado 7000 kommer med 56 forskellige smagsvarianter, der tilbyder et bredt udvalg for at tilfredsstille forskellige pr\u00e6ferencer.<\/li>\n<li><strong>Er RandM Tornado 7k egnet til lav-nikotin-brugere?<\/strong><br \/>\nJa, RandM Tornado 7k er en <strong>engangs vape med lavt nikotinindhold<\/strong>, hvilket g\u00f8r den til et godt valg for dem, der foretr\u00e6kker en bl\u00f8dere og mildere dampoplevelse.<\/li>\n<li><strong>Kan jeg k\u00f8be RandM Tornado 7000 i l\u00f8s v\u00e6gt til engrospriser?<\/strong><br \/>\nAbsolut! RandM Tornado 7000 er tilg\u00e6ngelig til <strong>vape-engros<\/strong>, der tilbyder konkurrencedygtige bulkpriser for detailhandlere i Danmark og andre steder.<\/li>\n<\/ol>\n<p>&nbsp;<\/p>\n<\/div>\n<\/div>\n<\/div>\n<\/div>\n<\/div>\n<div class=\"group\/conversation-turn relative flex w-full min-w-0 flex-col agent-turn\">\n<div class=\"flex-col gap-1 md:gap-3\">\n<div class=\"flex max-w-full flex-col flex-grow\">\n<div class=\"min-h-8 text-message flex w-full flex-col items-end gap-2 whitespace-normal break-words [.text-message+&amp;]:mt-5\" dir=\"auto\" data-message-author-role=\"assistant\" data-message-id=\"db716a1c-9ed0-4b8d-b3b0-7bdb913c3d42\" data-message-model-slug=\"gpt-4o\">\n<div class=\"flex w-full flex-col gap-1 empty:hidden first:pt-[3px]\">\n<div class=\"markdown prose w-full break-words dark:prose-invert light\">\n<p>&nbsp;<\/p>\n<\/div>\n<\/div>\n<\/div>\n<\/div>\n<\/div>\n<\/div>","protected":false},"excerpt":{"rendered":"<p>Den <strong data-start=\"1398\" data-end=\"1426\">RandM Tornado 7000 Pust<\/strong> tilbyder 56 smagsvarianter, 1000mAh genopladeligt batteri og justerbar luftstr\u00f8m. En engangs vape med mellemstor kapacitet designet til <strong data-start=\"1545\" data-end=\"1578\">Tyskland engros bulk k\u00f8bere<\/strong> til konkurrencedygtige priser.<\/p>\n<p><strong>Tilf\u00f8j Amys whatsapp, f\u00e5 et hurtigt svar og en vape-kupon!<\/strong><\/p>\n<p><img fetchpriority=\"high\" decoding=\"async\" class=\"size-full wp-image-2932\" src=\"https:\/\/vapestornado.com\/wp-content\/uploads\/2024\/12\/Vape-Wholesale.jpg\" alt=\"Vape Engros\" width=\"229\" height=\"300\" \/><\/p>\n<h3><a href=\"https:\/\/wa.me\/8617776015835\"><span style=\"color: #ff0000;\"><strong>WhatsApp: +86 17776015835<\/strong><\/span><\/a><\/h3>\n<p>&nbsp;<\/p>","protected":false},"featured_media":3080,"comment_status":"open","ping_status":"closed","template":"","meta":{"_acf_changed":false,"_uag_custom_page_level_css":"","_lmt_disableupdate":"no","_lmt_disable":"","_monsterinsights_skip_tracking":false,"_monsterinsights_sitenote_active":false,"_monsterinsights_sitenote_note":"","_monsterinsights_sitenote_category":0,"site-sidebar-layout":"default","site-content-layout":"","ast-site-content-layout":"default","site-content-style":"default","site-sidebar-style":"default","ast-global-header-display":"","ast-banner-title-visibility":"","ast-main-header-display":"","ast-hfb-above-header-display":"","ast-hfb-below-header-display":"","ast-hfb-mobile-header-display":"","site-post-title":"","ast-breadcrumbs-content":"","ast-featured-img":"","footer-sml-layout":"","ast-disable-related-posts":"","theme-transparent-header-meta":"default","adv-header-id-meta":"","stick-header-meta":"","header-above-stick-meta":"","header-main-stick-meta":"","header-below-stick-meta":"","astra-migrate-meta-layouts":"set","ast-page-background-enabled":"default","ast-page-background-meta":{"desktop":{"background-color":"","background-image":"","background-repeat":"repeat","background-position":"center center","background-size":"auto","background-attachment":"scroll","background-type":"","background-media":"","overlay-type":"","overlay-color":"","overlay-opacity":"","overlay-gradient":""},"tablet":{"background-color":"","background-image":"","background-repeat":"repeat","background-position":"center center","background-size":"auto","background-attachment":"scroll","background-type":"","background-media":"","overlay-type":"","overlay-color":"","overlay-opacity":"","overlay-gradient":""},"mobile":{"background-color":"","background-image":"","background-repeat":"repeat","background-position":"center center","background-size":"auto","background-attachment":"scroll","background-type":"","background-media":"","overlay-type":"","overlay-color":"","overlay-opacity":"","overlay-gradient":""}},"ast-content-background-meta":{"desktop":{"background-color":"var(--ast-global-color-5)","background-image":"","background-repeat":"repeat","background-position":"center center","background-size":"auto","background-attachment":"scroll","background-type":"","background-media":"","overlay-type":"","overlay-color":"","overlay-opacity":"","overlay-gradient":""},"tablet":{"background-color":"var(--ast-global-color-5)","background-image":"","background-repeat":"repeat","background-position":"center center","background-size":"auto","background-attachment":"scroll","background-type":"","background-media":"","overlay-type":"","overlay-color":"","overlay-opacity":"","overlay-gradient":""},"mobile":{"background-color":"var(--ast-global-color-5)","background-image":"","background-repeat":"repeat","background-position":"center center","background-size":"auto","background-attachment":"scroll","background-type":"","background-media":"","overlay-type":"","overlay-color":"","overlay-opacity":"","overlay-gradient":""}},"_joinchat":{"telephone":"+8617776015835"}},"product_brand":[],"product_cat":[74,151,152,143,58,144,148],"product_tag":[83,128,127,129,78,114,93],"class_list":{"0":"post-3083","1":"product","2":"type-product","3":"status-publish","4":"has-post-thumbnail","6":"product_cat-7000-puff","7":"product_cat-buy-disposable-vapes-in-france","8":"product_cat-buy-disposable-vapes-in-cermany","9":"product_cat-dual-mesh-disposable-vapes","10":"product_cat-fumot-vape","11":"product_cat-low-nicotine-disposable-vapes","12":"product_cat-tornado-disposable-vapes","13":"product_tag-fumot-vape","14":"product_tag-randm-7000","15":"product_tag-randm-tornado-7000","16":"product_tag-randm-tornado-7000-germany","17":"product_tag-randm-vape","18":"product_tag-tornado-vape","19":"product_tag-vape-wholesale","20":"desktop-align-left","21":"tablet-align-left","22":"mobile-align-left","24":"first","25":"instock","26":"sale","27":"shipping-taxable","28":"purchasable","29":"product-type-simple"},"acf":[],"uagb_featured_image_src":{"full":["https:\/\/vapestornado.com\/wp-content\/uploads\/2024\/12\/RandM-Tornado-7000-Puffs-Disposable-Vape.jpg",1126,1126,false],"thumbnail":["https:\/\/vapestornado.com\/wp-content\/uploads\/2024\/12\/RandM-Tornado-7000-Puffs-Disposable-Vape-150x150.jpg",150,150,true],"medium":["https:\/\/vapestornado.com\/wp-content\/uploads\/2024\/12\/RandM-Tornado-7000-Puffs-Disposable-Vape-300x300.jpg",300,300,true],"medium_large":["https:\/\/vapestornado.com\/wp-content\/uploads\/2024\/12\/RandM-Tornado-7000-Puffs-Disposable-Vape-768x768.jpg",768,768,true],"large":["https:\/\/vapestornado.com\/wp-content\/uploads\/2024\/12\/RandM-Tornado-7000-Puffs-Disposable-Vape-1024x1024.jpg",1024,1024,true],"1536x1536":["https:\/\/vapestornado.com\/wp-content\/uploads\/2024\/12\/RandM-Tornado-7000-Puffs-Disposable-Vape.jpg",1126,1126,false],"2048x2048":["https:\/\/vapestornado.com\/wp-content\/uploads\/2024\/12\/RandM-Tornado-7000-Puffs-Disposable-Vape.jpg",1126,1126,false],"trp-custom-language-flag":["https:\/\/vapestornado.com\/wp-content\/uploads\/2024\/12\/RandM-Tornado-7000-Puffs-Disposable-Vape.jpg",12,12,false],"woocommerce_thumbnail":["https:\/\/vapestornado.com\/wp-content\/uploads\/2024\/12\/RandM-Tornado-7000-Puffs-Disposable-Vape-300x300.jpg",300,300,true],"woocommerce_single":["https:\/\/vapestornado.com\/wp-content\/uploads\/2024\/12\/RandM-Tornado-7000-Puffs-Disposable-Vape-600x600.jpg",600,600,true],"woocommerce_gallery_thumbnail":["https:\/\/vapestornado.com\/wp-content\/uploads\/2024\/12\/RandM-Tornado-7000-Puffs-Disposable-Vape-100x100.jpg",100,100,true]},"uagb_author_info":{"display_name":"ESAMY","author_link":"https:\/\/vapestornado.com\/da\/author\/"},"uagb_comment_info":0,"uagb_excerpt":"The RandM Tornado 7000 Puffs offers 56 flavours, 1000mAh rechargeable battery, and adjustable airflow. A mid-capacity disposable vape designed for Germany wholesale bulk buyers at competitive prices. Add Amy's whatsapp get right reply and vape vape coupon! WhatsApp: +86 17776015835 &nbsp;","_links":{"self":[{"href":"https:\/\/vapestornado.com\/da\/wp-json\/wp\/v2\/product\/3083","targetHints":{"allow":["GET"]}}],"collection":[{"href":"https:\/\/vapestornado.com\/da\/wp-json\/wp\/v2\/product"}],"about":[{"href":"https:\/\/vapestornado.com\/da\/wp-json\/wp\/v2\/types\/product"}],"replies":[{"embeddable":true,"href":"https:\/\/vapestornado.com\/da\/wp-json\/wp\/v2\/comments?post=3083"}],"wp:featuredmedia":[{"embeddable":true,"href":"https:\/\/vapestornado.com\/da\/wp-json\/wp\/v2\/media\/3080"}],"wp:attachment":[{"href":"https:\/\/vapestornado.com\/da\/wp-json\/wp\/v2\/media?parent=3083"}],"wp:term":[{"taxonomy":"product_brand","embeddable":true,"href":"https:\/\/vapestornado.com\/da\/wp-json\/wp\/v2\/product_brand?post=3083"},{"taxonomy":"product_cat","embeddable":true,"href":"https:\/\/vapestornado.com\/da\/wp-json\/wp\/v2\/product_cat?post=3083"},{"taxonomy":"product_tag","embeddable":true,"href":"https:\/\/vapestornado.com\/da\/wp-json\/wp\/v2\/product_tag?post=3083"}],"curies":[{"name":"wp","href":"https:\/\/api.w.org\/{rel}","templated":true}]}}