{"id":3033,"date":"2024-12-10T06:54:50","date_gmt":"2024-12-10T06:54:50","guid":{"rendered":"https:\/\/vapestornado.com\/?post_type=product&#038;p=3033"},"modified":"2025-08-23T10:12:12","modified_gmt":"2025-08-23T10:12:12","slug":"wga-crystal-pro-max-15k-puffs-wholesale-price-vape-pods","status":"publish","type":"product","link":"https:\/\/vapestornado.com\/da\/product\/wga-crystal-pro-max-15k-puffs-wholesale-price-vape-pods\/","title":{"rendered":"WGA Crystal Pro Max 15k Pust Engros Pris Vape Pods"},"content":{"rendered":"<h1>WGA Crystal Pro Max 15k Pust Engros Pris Vape Pods<\/h1>\n<p data-start=\"286\" data-end=\"581\">Den <strong data-start=\"290\" data-end=\"339\">WGA Crystal Pro Max 15K Puffs Engangs Vape<\/strong> er designet til grossister og detailhandlere, der s\u00f8ger p\u00e5lidelige produkter med h\u00f8j eftersp\u00f8rgsel til det europ\u00e6iske marked. Med op til <strong data-start=\"457\" data-end=\"484\">15.000 pust pr. enhed<\/strong> og et <strong data-start=\"491\" data-end=\"524\">25 ml forudfyldt e-v\u00e6ske tank<\/strong>giver den forl\u00e6nget brug og st\u00e6rkt videresalgspotentiale.<\/p>\n<p data-start=\"583\" data-end=\"874\">Drevet af en <strong data-start=\"596\" data-end=\"627\">650mAh genopladelige batteri<\/strong> med <strong data-start=\"633\" data-end=\"657\">Type-C hurtigopladning<\/strong>Crystal Pro Max sikrer ensartede sessioner uden afbrydelser. En <strong data-start=\"732\" data-end=\"759\">LED-indikator i realtid<\/strong> holder brugerne informeret om batteristatus, mens <strong data-start=\"810\" data-end=\"828\">0,8\u03a9 mesh coil<\/strong> forbedrer dampdensiteten og smagsleveringen.<\/p>\n<p data-start=\"876\" data-end=\"1231\">Kompakt og b\u00e6rbar ved <strong data-start=\"900\" data-end=\"923\">43 mm \u00d7 23 mm \u00d7 105 mm<\/strong>, <strong data-start=\"929\" data-end=\"961\">WGA Crystal Pro Max 15K Vape<\/strong> er let at b\u00e6re, stilfuld at udstille og f\u00e5s i en bred vifte af smagsprofiler, der passer til forskellige pr\u00e6ferencer. Dens kombination af kapacitet, design og konkurrencedygtighed <strong data-start=\"1133\" data-end=\"1154\">engrospriser<\/strong> g\u00f8r den til et fremragende valg for detailhandlere og distribut\u00f8rer i hele Europa.<\/p>\n<p>&nbsp;<\/p>\n<p><img fetchpriority=\"high\" decoding=\"async\" class=\"size-medium wp-image-2951\" src=\"https:\/\/vapestornado.com\/wp-content\/uploads\/2024\/12\/Wholesale-Disposable-Vape-265x300.jpg\" alt=\"Engros Engangsvape\" width=\"265\" height=\"300\" srcset=\"https:\/\/vapestornado.com\/wp-content\/uploads\/2024\/12\/Wholesale-Disposable-Vape-265x300.jpg 265w, https:\/\/vapestornado.com\/wp-content\/uploads\/2024\/12\/Wholesale-Disposable-Vape-768x871.jpg 768w, https:\/\/vapestornado.com\/wp-content\/uploads\/2024\/12\/Wholesale-Disposable-Vape-600x680.jpg 600w, https:\/\/vapestornado.com\/wp-content\/uploads\/2024\/12\/Wholesale-Disposable-Vape.jpg 823w\" sizes=\"(max-width: 265px) 100vw, 265px\" \/><\/p>\n<h6><span style=\"font-size: 1.1em; font-weight: bold;\">Venligst kontakt Mandys WhatsApp for rabatpris<\/span><a style=\"font-size: 1.1em; font-weight: bold; background-color: #ffffff;\" href=\"https:\/\/wa.me\/8618077105796\" target=\"_blank\" rel=\"noopener\">+8618077105796<\/a><\/h6>\n<p>&nbsp;<\/p>\n<h2><strong>WGA The Crystal Pro Max Extra 15.000 Puffs Vape \u2013 N\u00f8glespecifikationer<\/strong><\/h2>\n<ul>\n<li><strong>Omfattende Pustekapacitet<\/strong>: Leverer op til 15.000 pust pr. enhed, hvilket giver forl\u00e6nget brug og reduceret behov for udskiftninger.<\/li>\n<li><strong>650mAh Genopladeligt Batteri<\/strong>: Har et holdbart 650mAh batteri for stabil str\u00f8mforsyning under hver session.<\/li>\n<li><strong>Effektiv Type-C Opladning<\/strong>: Inkluderer en moderne Type-C-port for hurtig og bekvem opladning for at holde din enhed klar.<\/li>\n<li><strong>Stor E-v\u00e6ske Kapacitet<\/strong>: Udstyret med en 25ml e-v\u00e6skebeholder, der underst\u00f8tter lange vaping-sessioner uden konstant genopfyldning.<\/li>\n<li><strong>LED Batteristatusdisplay<\/strong>: Inkluderer en realtids LED-indikator til at overv\u00e5ge batteriniveauer og undg\u00e5 uventede afbrydelser.<\/li>\n<li><strong>B\u00e6rbart og Stilfuldt Design<\/strong>: Kompakte dimensioner p\u00e5 43mm x 23mm x 105mm sikrer nem h\u00e5ndtering og b\u00e6rbarhed, ideel til brug p\u00e5 farten.<\/li>\n<\/ul>\n<h2><strong>WGA Crystal Pro Max 15k Puffs Smagsliste:<\/strong><\/h2>\n<p>1.VANDMELON IS<br \/>\n2.BL\u00c5B\u00c6R HINDB\u00c6R<br \/>\n3.BRUSENDE KIRSEB\u00c6R<br \/>\n4.GUMMIBJ\u00d8RN<br \/>\n5.CITRON LIME<br \/>\n6. JORDB\u00c6R IS<br \/>\n7. BL\u00c5B\u00c6R SUR HINDB\u00c6R<br \/>\n8. BL\u00c5 RAZZ IS<br \/>\n9. MR BL\u00c5<br \/>\n10. SKITTLES<br \/>\n11. BL\u00c5B\u00c6R KIRSEB\u00c6R TRANEB\u00c6R<br \/>\n12. SAFTIG FERSKEN<br \/>\n13. Jordb\u00e6r hindb\u00e6r kirseb\u00e6r is<br \/>\n14. HUBBA BUBBA<br \/>\n15. Bromb\u00e6r bl\u00e5b\u00e6r hindb\u00e6r<br \/>\n16. Jordb\u00e6r ispind<br \/>\n17. Bl\u00e5b\u00e6r ispind<br \/>\n18. Prime jordb\u00e6r vandmelon<br \/>\n19. Jordb\u00e6r kirseb\u00e6r tyggegummi<br \/>\n20. Hindb\u00e6r kirseb\u00e6r is<br \/>\n21. ANANAS IS<br \/>\n22. SOMMERDR\u00d8M<br \/>\n23. WGA PINK<br \/>\n24. FRISK MYNTE<br \/>\n25. DOBBELT \u00c6BLE<br \/>\n26.TRIPLE MANGO<br \/>\n27.SORT DRAGE IS<br \/>\n28.COLAS IS<br \/>\n29.ANANAS OG CITRON<br \/>\n30.HR SORT<br \/>\n31.KIWI PASSIONSFRUGT GUAVA<\/p>\n<h3><strong>Hvorfor v\u00e6lge WGA The Crystal Pro Max 15,000 Puffs Vapes?<\/strong><\/h3>\n<ul>\n<li><strong>Enest\u00e5ende smagsprofiler<\/strong>: Dyk ned i et udvalgt sortiment af livlige og forfriskende frugtsmage, der hver is\u00e6r er sammensat for at give en konsekvent og dejlig dampoplevelse.<\/li>\n<li><strong>Ubesv\u00e6ret bekvemmelighed<\/strong>: Designet med enkelhed i tankerne, tilbyder denne engangs-vape en problemfri og stressfri m\u00e5de at nyde premium dampning p\u00e5, n\u00e5r som helst og hvor som helst.<\/li>\n<li><strong>Holdbarhed og ydeevne<\/strong>: Med op til 15.000 sug, et robust 650mAh genopladeligt batteri og en e-v\u00e6ske kapacitet p\u00e5 25 ml, er denne vape bygget til at levere p\u00e5lidelig ydeevne over en l\u00e6ngere periode.<\/li>\n<li><strong>Moderne og kompakt design<\/strong>: Dens slanke dimensioner og elegante opbygning sikrer b\u00e6rbarhed uden at ofre stil eller funktionalitet.<\/li>\n<\/ul>\n<p>Den <strong>WGA The Crystal Pro Max Ekstra 15000 Puffs Vape Pod\u00a0<\/strong> er det ultimative valg for dampere, der s\u00f8ger bekvemmelighed, ydeevne og en enest\u00e5ende sanseoplevelse. En perfekt fusion af banebrydende teknologi og overlegen smag venter p\u00e5 dig.<\/p>\n<p>&nbsp;<\/p>\n<h3><strong>Ofte stillede sp\u00f8rgsm\u00e5l om WGA The Crystal Pro Max 15.000 Puffs Genopladelig Vape<\/strong><\/h3>\n<ol>\n<li><strong>Hvor mange sug tilbyder WGA Crystal Pro Max puff 15k?<\/strong><br \/>\nEnheden leverer op til 15.000 sug, hvilket g\u00f8r den ideel til langvarig brug uden hyppige udskiftninger.<\/li>\n<li><strong>Hvilken type batteri bruger den?<\/strong><br \/>\nDen har et 650mAh genopladeligt batteri med en Type-C opladningsport, der sikrer hurtig og effektiv opladning.<\/li>\n<li><strong>Hvad er e-v\u00e6ske kapaciteten p\u00e5 Vape 15000 Puffs <a href=\"https:\/\/vapestornado.com\/da\/product\/wga-crystal-pro-max-15k-puffs-wholesale-price-vape-pods\/\">WGA Vape<\/a>?<\/strong><br \/>\nCrystal Pro Max leveres med en gener\u00f8s e-v\u00e6ske kapacitet p\u00e5 25 ml, hvilket giver mulighed for l\u00e6ngere damp-sessioner.<\/li>\n<li><strong>Har WGA Crystal Vape 15000 Puffs en batteriindikator?<\/strong><br \/>\nJa, den inkluderer en realtids LED-batteriindikator, s\u00e5 du kan overv\u00e5ge batteriniveauet og genoplade efter behov.<\/li>\n<li><strong>Kan e-v\u00e6sken p\u00e5 WGA 15000 Puffs genopfyldes?<\/strong><br \/>\nNej, WGA Crystal Pro Max 15000 Puffs er en forudfyldt engangsenhed og underst\u00f8tter ikke genopfyldning.<\/li>\n<\/ol>","protected":false},"excerpt":{"rendered":"<p>WGA Crystal Pro Max 15k Puffs vape pods til engrospriser. Nyd langtidsholdbare pust, f\u00f8rsteklasses smage og bulkk\u00f8bsmuligheder til din virksomhed.<\/p>\n<figure id=\"attachment_2951\" aria-describedby=\"caption-attachment-2951\" style=\"width: 265px\" class=\"wp-caption alignnone\"><img fetchpriority=\"high\" decoding=\"async\" class=\"size-medium wp-image-2951\" src=\"https:\/\/vapestornado.com\/wp-content\/uploads\/2024\/12\/Wholesale-Disposable-Vape-265x300.jpg\" alt=\"Engros Engangsvape\" width=\"265\" height=\"300\" srcset=\"https:\/\/vapestornado.com\/wp-content\/uploads\/2024\/12\/Wholesale-Disposable-Vape-265x300.jpg 265w, https:\/\/vapestornado.com\/wp-content\/uploads\/2024\/12\/Wholesale-Disposable-Vape-768x871.jpg 768w, https:\/\/vapestornado.com\/wp-content\/uploads\/2024\/12\/Wholesale-Disposable-Vape-600x680.jpg 600w, https:\/\/vapestornado.com\/wp-content\/uploads\/2024\/12\/Wholesale-Disposable-Vape.jpg 823w\" sizes=\"(max-width: 265px) 100vw, 265px\" \/><figcaption id=\"caption-attachment-2951\" class=\"wp-caption-text\">Venligst kontakt Mandys WhatsApp for rabatpris<a href=\"https:\/\/wa.me\/8618077105796\">+8618077105796<\/a><\/figcaption><\/figure>\n<p>&nbsp;<\/p>","protected":false},"featured_media":3052,"comment_status":"open","ping_status":"closed","template":"","meta":{"_acf_changed":false,"_uag_custom_page_level_css":"","_lmt_disableupdate":"no","_lmt_disable":"","_monsterinsights_skip_tracking":false,"_monsterinsights_sitenote_active":false,"_monsterinsights_sitenote_note":"","_monsterinsights_sitenote_category":0,"site-sidebar-layout":"default","site-content-layout":"","ast-site-content-layout":"default","site-content-style":"default","site-sidebar-style":"default","ast-global-header-display":"","ast-banner-title-visibility":"","ast-main-header-display":"","ast-hfb-above-header-display":"","ast-hfb-below-header-display":"","ast-hfb-mobile-header-display":"","site-post-title":"","ast-breadcrumbs-content":"","ast-featured-img":"","footer-sml-layout":"","ast-disable-related-posts":"","theme-transparent-header-meta":"default","adv-header-id-meta":"","stick-header-meta":"","header-above-stick-meta":"","header-main-stick-meta":"","header-below-stick-meta":"","astra-migrate-meta-layouts":"set","ast-page-background-enabled":"default","ast-page-background-meta":{"desktop":{"background-color":"","background-image":"","background-repeat":"repeat","background-position":"center center","background-size":"auto","background-attachment":"scroll","background-type":"","background-media":"","overlay-type":"","overlay-color":"","overlay-opacity":"","overlay-gradient":""},"tablet":{"background-color":"","background-image":"","background-repeat":"repeat","background-position":"center center","background-size":"auto","background-attachment":"scroll","background-type":"","background-media":"","overlay-type":"","overlay-color":"","overlay-opacity":"","overlay-gradient":""},"mobile":{"background-color":"","background-image":"","background-repeat":"repeat","background-position":"center center","background-size":"auto","background-attachment":"scroll","background-type":"","background-media":"","overlay-type":"","overlay-color":"","overlay-opacity":"","overlay-gradient":""}},"ast-content-background-meta":{"desktop":{"background-color":"var(--ast-global-color-5)","background-image":"","background-repeat":"repeat","background-position":"center center","background-size":"auto","background-attachment":"scroll","background-type":"","background-media":"","overlay-type":"","overlay-color":"","overlay-opacity":"","overlay-gradient":""},"tablet":{"background-color":"var(--ast-global-color-5)","background-image":"","background-repeat":"repeat","background-position":"center center","background-size":"auto","background-attachment":"scroll","background-type":"","background-media":"","overlay-type":"","overlay-color":"","overlay-opacity":"","overlay-gradient":""},"mobile":{"background-color":"var(--ast-global-color-5)","background-image":"","background-repeat":"repeat","background-position":"center center","background-size":"auto","background-attachment":"scroll","background-type":"","background-media":"","overlay-type":"","overlay-color":"","overlay-opacity":"","overlay-gradient":""}},"_joinchat":{"telephone":"+8618077105796"}},"product_brand":[],"product_cat":[71,140,153,158,159,160,141,59],"product_tag":[97,111],"class_list":{"0":"post-3033","1":"product","2":"type-product","3":"status-publish","4":"has-post-thumbnail","6":"product_cat-15000-puff","7":"product_cat-big-puffs-disposable-vapes","8":"product_cat-buy-disposable-vapes-in-italy","9":"product_cat-buy-disposable-vapes-in-spain","10":"product_cat-buy-disposable-vapes-in-sweden","11":"product_cat-buy-disposable-vapes-in-switzerland","12":"product_cat-crystal-disposable-vapes","13":"product_cat-wga-crystal-vape","14":"product_tag-hot-sale-disposable-vape","15":"product_tag-wga-15k-puffs","16":"desktop-align-left","17":"tablet-align-left","18":"mobile-align-left","20":"first","21":"instock","22":"sale","23":"shipping-taxable","24":"purchasable","25":"product-type-simple"},"acf":[],"uagb_featured_image_src":{"full":["https:\/\/vapestornado.com\/wp-content\/uploads\/2024\/12\/WGA-15000-PUFFS-JUICY-PEACH-Disposable-Vape.jpg",800,800,false],"thumbnail":["https:\/\/vapestornado.com\/wp-content\/uploads\/2024\/12\/WGA-15000-PUFFS-JUICY-PEACH-Disposable-Vape-150x150.jpg",150,150,true],"medium":["https:\/\/vapestornado.com\/wp-content\/uploads\/2024\/12\/WGA-15000-PUFFS-JUICY-PEACH-Disposable-Vape-300x300.jpg",300,300,true],"medium_large":["https:\/\/vapestornado.com\/wp-content\/uploads\/2024\/12\/WGA-15000-PUFFS-JUICY-PEACH-Disposable-Vape-768x768.jpg",768,768,true],"large":["https:\/\/vapestornado.com\/wp-content\/uploads\/2024\/12\/WGA-15000-PUFFS-JUICY-PEACH-Disposable-Vape.jpg",800,800,false],"1536x1536":["https:\/\/vapestornado.com\/wp-content\/uploads\/2024\/12\/WGA-15000-PUFFS-JUICY-PEACH-Disposable-Vape.jpg",800,800,false],"2048x2048":["https:\/\/vapestornado.com\/wp-content\/uploads\/2024\/12\/WGA-15000-PUFFS-JUICY-PEACH-Disposable-Vape.jpg",800,800,false],"trp-custom-language-flag":["https:\/\/vapestornado.com\/wp-content\/uploads\/2024\/12\/WGA-15000-PUFFS-JUICY-PEACH-Disposable-Vape.jpg",12,12,false],"woocommerce_thumbnail":["https:\/\/vapestornado.com\/wp-content\/uploads\/2024\/12\/WGA-15000-PUFFS-JUICY-PEACH-Disposable-Vape-300x300.jpg",300,300,true],"woocommerce_single":["https:\/\/vapestornado.com\/wp-content\/uploads\/2024\/12\/WGA-15000-PUFFS-JUICY-PEACH-Disposable-Vape-600x600.jpg",600,600,true],"woocommerce_gallery_thumbnail":["https:\/\/vapestornado.com\/wp-content\/uploads\/2024\/12\/WGA-15000-PUFFS-JUICY-PEACH-Disposable-Vape-100x100.jpg",100,100,true]},"uagb_author_info":{"display_name":"ESMANDY","author_link":"https:\/\/vapestornado.com\/da\/author\/"},"uagb_comment_info":0,"uagb_excerpt":"WGA Crystal Pro Max 15k Puffs vape pods at wholesale prices. Enjoy long-lasting puffs, premium flavors, and bulk purchase options for your business. [caption id=\"attachment_2951\" align=\"alignnone\" width=\"265\"] Pls Contact Mandy's WhatsApp For Discount Price+8618077105796[\/caption] &nbsp;","_links":{"self":[{"href":"https:\/\/vapestornado.com\/da\/wp-json\/wp\/v2\/product\/3033","targetHints":{"allow":["GET"]}}],"collection":[{"href":"https:\/\/vapestornado.com\/da\/wp-json\/wp\/v2\/product"}],"about":[{"href":"https:\/\/vapestornado.com\/da\/wp-json\/wp\/v2\/types\/product"}],"replies":[{"embeddable":true,"href":"https:\/\/vapestornado.com\/da\/wp-json\/wp\/v2\/comments?post=3033"}],"wp:featuredmedia":[{"embeddable":true,"href":"https:\/\/vapestornado.com\/da\/wp-json\/wp\/v2\/media\/3052"}],"wp:attachment":[{"href":"https:\/\/vapestornado.com\/da\/wp-json\/wp\/v2\/media?parent=3033"}],"wp:term":[{"taxonomy":"product_brand","embeddable":true,"href":"https:\/\/vapestornado.com\/da\/wp-json\/wp\/v2\/product_brand?post=3033"},{"taxonomy":"product_cat","embeddable":true,"href":"https:\/\/vapestornado.com\/da\/wp-json\/wp\/v2\/product_cat?post=3033"},{"taxonomy":"product_tag","embeddable":true,"href":"https:\/\/vapestornado.com\/da\/wp-json\/wp\/v2\/product_tag?post=3033"}],"curies":[{"name":"wp","href":"https:\/\/api.w.org\/{rel}","templated":true}]}}