{"id":3021,"date":"2024-12-09T09:52:59","date_gmt":"2024-12-09T09:52:59","guid":{"rendered":"https:\/\/vapestornado.com\/?post_type=product&#038;p=3021"},"modified":"2025-12-05T09:42:57","modified_gmt":"2025-12-05T09:42:57","slug":"bang-36000-smart-disposable-vape-wholesale-shop-online","status":"publish","type":"product","link":"https:\/\/vapestornado.com\/da\/product\/bang-36000-smart-disposable-vape-wholesale-shop-online\/","title":{"rendered":"Bang 36000 Smart Engangs Vape Engrosbutik Online"},"content":{"rendered":"<div class=\"flex-shrink-0 flex flex-col relative items-end\">\n<div>\n<div class=\"pt-0\">\n<div class=\"gizmo-bot-avatar flex h-8 w-8 items-center justify-center overflow-hidden rounded-full\">\n<div class=\"relative p-1 rounded-sm flex items-center justify-center bg-token-main-surface-primary text-token-text-primary h-8 w-8\"><\/div>\n<\/div>\n<\/div>\n<\/div>\n<\/div>\n<div class=\"group\/conversation-turn relative flex w-full min-w-0 flex-col agent-turn\">\n<div class=\"flex-col gap-1 md:gap-3\">\n<div class=\"flex max-w-full flex-col flex-grow\">\n<div class=\"min-h-8 text-message flex w-full flex-col items-end gap-2 whitespace-normal break-words text-start [.text-message+&amp;]:mt-5\" dir=\"auto\" data-message-author-role=\"assistant\" data-message-id=\"24923bbb-bc24-49c4-aeeb-a72cf182457d\" data-message-model-slug=\"gpt-4o\">\n<div class=\"flex w-full flex-col gap-1 empty:hidden first:pt-[3px]\">\n<div class=\"markdown prose w-full break-words dark:prose-invert light\">\n<h3><strong>Bang 36000 Smart Engangs Vape Engrosbutik Online<\/strong><\/h3>\n<\/div>\n<\/div>\n<\/div>\n<\/div>\n<\/div>\n<\/div>\n<p data-start=\"289\" data-end=\"603\">Bang 36000 Smart Engangs Vape leverer en langvarig 36.000 puff levetid med en 30ml tank, 0,6\u03a9 mesh coil, justerbar luftstr\u00f8m, en live LED-statussk\u00e6rm og et 650mAh Type-C genopladeligt batteri i \u00e9n kompakt enhed.<\/p>\n<p data-start=\"571\" data-end=\"921\"><strong data-start=\"571\" data-end=\"615\">36.000 puffs underst\u00f8ttet af en fuld 30ml tank.<\/strong><br data-start=\"615\" data-end=\"618\" \/>Den <strong data-start=\"622\" data-end=\"658\">Bang 36000 Smart Engangs Vape<\/strong> placeret i h\u00f8jkapacitetsniveauet for folk, der vaper hver dag og ikke \u00f8nsker at udskifte sm\u00e5 enheder hele tiden. En <strong data-start=\"768\" data-end=\"797\">30ml forudfyldt reservoir<\/strong> opfylder puff-klassificeringen ved normal brug, s\u00e5 enheden varer l\u00e6ngere end standard engangsprodukter og opretholder din rutine stabil.<\/p>\n<p data-start=\"923\" data-end=\"1193\"><strong data-start=\"923\" data-end=\"971\">Smart LED-sk\u00e6rm, der fort\u00e6ller dig, hvad der er tilbage.<\/strong><br data-start=\"971\" data-end=\"974\" \/>En indbygget <strong data-start=\"985\" data-end=\"1010\">LED-indikatordisplay<\/strong> viser <strong data-start=\"1017\" data-end=\"1067\">batteriniveau og e-v\u00e6skestatus i realtid<\/strong>. Det er en enkel funktion, men nyttig: du ved, hvorn\u00e5r du skal genoplade, og hvorn\u00e5r tanken er ved at l\u00f8be t\u00f8r, uden at g\u00e6tte midt i sessionen.<\/p>\n<p data-start=\"1195\" data-end=\"1456\"><strong data-start=\"1195\" data-end=\"1238\">0,6\u03a9 mesh coil til t\u00e6t, glat damp.<\/strong><br data-start=\"1238\" data-end=\"1241\" \/>Den <strong data-start=\"1245\" data-end=\"1265\">0,6ohm mesh coil<\/strong> er indstillet til en \u00e5ben tr\u00e6kning og tykkere damp. Mesh-opvarmning fordeler temperaturen j\u00e6vnt, hvilket hj\u00e6lper smagen med at forblive klar og reducerer den t\u00f8rre, br\u00e6ndte kant, som mange high-puff engangsprodukter f\u00e5r n\u00e6r slutningen.<\/p>\n<p data-start=\"1458\" data-end=\"1688\"><strong data-start=\"1458\" data-end=\"1496\">Luftstr\u00f8msjustering til din stil.<\/strong><br data-start=\"1496\" data-end=\"1499\" \/>Luftstr\u00f8mskontrollen lader dig v\u00e6lge en strammere tr\u00e6kning eller en mere \u00e5ben inhalation. Rygere, der \u00f8nsker modstand svarende til en cigaret, kan justere den ned; brugere, der foretr\u00e6kker en l\u00f8sere tr\u00e6kning, kan \u00e5bne den op.<\/p>\n<p data-start=\"1690\" data-end=\"1987\"><strong data-start=\"1690\" data-end=\"1740\">Genopladeligt Type-C str\u00f8m plus nikotinniveau.<\/strong><br data-start=\"1740\" data-end=\"1743\" \/>Bang 36k Smart Engangs Vape kommer med en <strong data-start=\"1745\" data-end=\"1776\">650mAh genopladelige batteri<\/strong> med <strong data-start=\"1782\" data-end=\"1810\">USB Type-C hurtigopladning<\/strong> holder nedetiden kort og lader dig f\u00e6rdigg\u00f8re tanken i stedet for at kassere vape'en tidligt. Nikotinalternativer d\u00e6kker <strong data-start=\"1919\" data-end=\"1941\">Tilbyder flere nikotinstyrke muligheder\u2014<\/strong>, s\u00e5 brugere kan matche styrken til deres daglige vaner.<\/p>\n<p>&nbsp;<\/p>\n<p><strong>Tilf\u00f8j Amys Whatsapp for at f\u00e5 det rigtige svar og en vape-kupon!<\/strong><\/p>\n<p><img fetchpriority=\"high\" decoding=\"async\" class=\"size-full wp-image-2932\" src=\"https:\/\/vapestornado.com\/wp-content\/uploads\/2024\/12\/Vape-Wholesale.jpg\" alt=\"Vape Engros\" width=\"229\" height=\"300\" \/><\/p>\n<h3><a href=\"https:\/\/wa.me\/8617776015835\" target=\"_blank\" rel=\"noopener\"><span style=\"color: #ff0000;\"><strong>WhatsApp: +86 17776015835<\/strong><\/span><\/a><\/h3>\n<p>&nbsp;<\/p>\n<h4><strong style=\"font-size: 1.7em;\">\u00a0Bang 36000 Produktegenskaber<\/strong><\/h4>\n<table>\n<thead>\n<tr>\n<th>Funktion \/ Parameter<\/th>\n<th align=\"right\">Spec<\/th>\n<th>Forklaring<\/th>\n<\/tr>\n<\/thead>\n<tbody>\n<tr>\n<td>Produktnavn<\/td>\n<td align=\"right\">Bang 36000 Smart Engangs Vape<\/td>\n<td>Klar modelnavngivning til gentagne ordrer og s\u00f8gning.<\/td>\n<\/tr>\n<tr>\n<td>Pust Kapacitet<\/td>\n<td align=\"right\">Op til 36.000 puffs<\/td>\n<td>H\u00f8j-k\u00f8rsels engangs; f\u00e6rre udskiftninger.<\/td>\n<\/tr>\n<tr>\n<td>E-v\u00e6ske volumen<\/td>\n<td align=\"right\">30ml forudfyldt<\/td>\n<td>Stor tank underst\u00f8tter 36K bed\u00f8mmelsen.<\/td>\n<\/tr>\n<tr>\n<td>Spole \/ Modstand<\/td>\n<td align=\"right\">0,6\u03a9 mesh coil<\/td>\n<td>\u00c5ben tr\u00e6k, t\u00e6t damp, mere stabil smag.<\/td>\n<\/tr>\n<tr>\n<td>Luftstr\u00f8m<\/td>\n<td align=\"right\">Just\u00e9rbar<\/td>\n<td>Stramt tr\u00e6k eller \u00e5ben ind\u00e5nding, brugeren bestemmer.<\/td>\n<\/tr>\n<tr>\n<td>Batteri<\/td>\n<td align=\"right\">650mAh genopladelig<\/td>\n<td>Genlad for at bruge den fulde tank.<\/td>\n<\/tr>\n<tr>\n<td>Opladning<\/td>\n<td align=\"right\">USB Type-C hurtigopladning<\/td>\n<td>Almindelig kabelstandard og hurtige genopfyldninger.<\/td>\n<\/tr>\n<tr>\n<td>Nikotinmuligheder<\/td>\n<td align=\"right\">0% \/ 2% \/ 3% \/ 5%<\/td>\n<td>V\u00e6lg nul-nikotin gennem st\u00e6rkere tr\u00e6k.<\/td>\n<\/tr>\n<tr>\n<td>Smagsvarianter<\/td>\n<td align=\"right\">12 muligheder<\/td>\n<td>D\u00e6kker de vigtigste smagstrends i EU.<\/td>\n<\/tr>\n<tr>\n<td>Sk\u00e6rm<\/td>\n<td align=\"right\">Smart LED-batteri + e-v\u00e6skesk\u00e6rm<\/td>\n<td>Statussporing i realtid under dampning.<\/td>\n<\/tr>\n<tr>\n<td>Formfaktor<\/td>\n<td align=\"right\">Kompakt, lommeklar krop<\/td>\n<td>Praktisk til daglig b\u00e6ring og rejse.<\/td>\n<\/tr>\n<\/tbody>\n<\/table>\n<p>&nbsp;<\/p>\n<h2 class=\"product-title\"><strong>\u00a0Bang 36000 Smagsliste<\/strong><\/h2>\n<p>1.Jordb\u00e6r Kiwi<br \/>\n2.Blandede B\u00e6r<br \/>\n3.Bl\u00e5b\u00e6r p\u00e5 Is<br \/>\n4. Drue Is<br \/>\n5.Kirseb\u00e6r Is<br \/>\n6.Bl\u00e5b\u00e6r Hindb\u00e6r Lemonade<br \/>\n7. Fersken Is<br \/>\n8. Jordb\u00e6r Vandmelon<br \/>\n9. Fersken Mango Vandmelon<br \/>\n10. Vandmelon Is<\/p>\n<h3>Hvorfor v\u00e6lge vapestornado til Bang 36k Vape Engros?<\/h3>\n<div class=\"flex-shrink-0 flex flex-col relative items-end\">\n<div class=\"pt-0\">\n<div class=\"gizmo-bot-avatar flex h-8 w-8 items-center justify-center overflow-hidden rounded-full\">\n<div class=\"relative p-1 rounded-sm flex items-center justify-center bg-token-main-surface-primary text-token-text-primary h-8 w-8\">\n<p>Velkommen til vapestornado, din betroede online vape shop for premium engangs vapes. Med mere end 5 \u00e5rs ekspertise tilbyder vi dig popul\u00e6re engangs vape-m\u00e6rker som Fumot RandM Vape, Vapme, Bang Vape, Waspe Vape og WGA Vape, m.m.<\/p>\n<p>Vores sortiment omfatter popul\u00e6re vapes som <a href=\"https:\/\/vapestornado.com\/da\/product\/fumot-randm-tornado-15000-puffs-rechargeable-disposable-vape-wholesale\/\">RandM Tornado 15000<\/a>, og smagsrige valg som <a href=\"https:\/\/vapestornado.com\/da\/product\/waspe-40000-puffs-double-flavour-led-display-disposable-vape-wholesale\/\">WASPE Dobbeltsmag 40000 sug<\/a> . Hvert produkt er valgt med fokus p\u00e5 kvalitet, v\u00e6rdi og variation, hvilket sikrer, at du finder det perfekte match til dine behov. Oplev enest\u00e5ende service og et bredt udvalg af topprodukter hos vapestornado.<\/p>\n<\/div>\n<h3><\/h3>\n<div class=\"relative p-1 rounded-sm flex items-center justify-center bg-token-main-surface-primary text-token-text-primary h-8 w-8\">\n<h3>Ofte stillede sp\u00f8rgsm\u00e5l om Bang 36000 genopladelige engangs-vape<\/h3>\n<\/div>\n<\/div>\n<\/div>\n<\/div>\n<div class=\"group\/conversation-turn relative flex w-full min-w-0 flex-col agent-turn\">\n<div class=\"flex-col gap-1 md:gap-3\">\n<div class=\"flex max-w-full flex-col flex-grow\">\n<div class=\"min-h-8 text-message flex w-full flex-col items-end gap-2 whitespace-normal break-words [.text-message+&amp;]:mt-5\" dir=\"auto\" data-message-author-role=\"assistant\" data-message-id=\"db716a1c-9ed0-4b8d-b3b0-7bdb913c3d42\" data-message-model-slug=\"gpt-4o\">\n<div class=\"flex w-full flex-col gap-1 empty:hidden first:pt-[3px]\">\n<div class=\"markdown prose w-full break-words dark:prose-invert light\">\n<div class=\"flex max-w-full flex-col flex-grow\">\n<div class=\"min-h-8 text-message flex w-full flex-col items-end gap-2 whitespace-normal break-words text-start [.text-message+&amp;]:mt-5\" dir=\"auto\" data-message-author-role=\"assistant\" data-message-id=\"2dbf2369-71ab-44c2-8168-31d5a517a1e4\" data-message-model-slug=\"gpt-4o-mini\">\n<div class=\"flex w-full flex-col gap-1 empty:hidden first:pt-[3px]\">\n<div class=\"markdown prose w-full break-words dark:prose-invert light\">\n<article class=\"text-token-text-primary w-full focus:outline-none [--shadow-height:45px] has-data-writing-block:pointer-events-none has-data-writing-block:-mt-(--shadow-height) has-data-writing-block:pt-(--shadow-height) [&amp;:has([data-writing-block])&gt;*]:pointer-events-auto scroll-mt-[calc(var(--header-height)+min(200px,max(70px,20svh)))]\" dir=\"auto\" tabindex=\"-1\" data-turn-id=\"ee759558-2db1-4861-8932-66c87485c242\" data-testid=\"conversation-turn-82\" data-scroll-anchor=\"true\" data-turn=\"assistant\">\n<div class=\"text-base my-auto mx-auto pb-10 [--thread-content-margin:--spacing(4)] @w-sm\/main:[--thread-content-margin:--spacing(6)] @w-lg\/main:[--thread-content-margin:--spacing(16)] px-(--thread-content-margin)\">\n<div class=\"[--thread-content-max-width:40rem] @w-lg\/main:[--thread-content-max-width:48rem] mx-auto max-w-(--thread-content-max-width) flex-1 group\/turn-messages focus-visible:outline-hidden relative flex w-full min-w-0 flex-col agent-turn\" tabindex=\"-1\">\n<div class=\"flex max-w-full flex-col grow\">\n<div class=\"min-h-8 text-message relative flex w-full flex-col items-end gap-2 text-start break-words whitespace-normal [.text-message+&amp;]:mt-1\" dir=\"auto\" data-message-author-role=\"assistant\" data-message-id=\"370325a1-2e03-4ed2-9b16-18960ddf0293\" data-message-model-slug=\"gpt-5-1\">\n<div class=\"flex w-full flex-col gap-1 empty:hidden first:pt-[1px]\">\n<div class=\"markdown prose dark:prose-invert w-full break-words light markdown-new-styling\">\n<p data-start=\"0\" data-end=\"139\">\n<ol data-start=\"141\" data-end=\"1633\">\n<li data-start=\"141\" data-end=\"427\">\n<p data-start=\"144\" data-end=\"427\"><strong data-start=\"144\" data-end=\"221\">Er Bang 36000 Smart Engangs Vape egnet til MTL eller en l\u00f8sere tr\u00e6k<\/strong><br data-start=\"221\" data-end=\"224\" \/>Ja. Det <strong data-start=\"233\" data-end=\"269\" data-is-only-node=\"\">Bang 36000 Smart Engangs Vape<\/strong> har justerbar luftstr\u00f8m, s\u00e5 den kan indstilles til en strammere MTL-stil eller \u00e5bnes op for en l\u00f8sere ind\u00e5nding. Dette hj\u00e6lper tidligere rygere med at matche den tr\u00e6k, de er vant til.<\/p>\n<\/li>\n<li data-start=\"429\" data-end=\"754\">\n<p data-start=\"432\" data-end=\"754\"><strong data-start=\"432\" data-end=\"517\">Kan Bang King 36K bruges indtil sidste dr\u00e5be uden at ydeevnen falder<\/strong><br data-start=\"517\" data-end=\"520\" \/>Den <strong data-start=\"524\" data-end=\"552\" data-is-only-node=\"\">Bang King 36K engangs<\/strong> bruger en 0,6\u03a9 mesh-coil og genopladeligt batteri. Mesh-opvarmning holder output mere stabilt over en stor tank, og genopladning forhindrer tidlig batteriafbrydelse, s\u00e5 ydeevnen forbliver mere konsistent dybt inde i brugen.<\/p>\n<\/li>\n<li data-start=\"756\" data-end=\"1035\">\n<p data-start=\"759\" data-end=\"1035\"><strong data-start=\"759\" data-end=\"839\">Hvorfor f\u00f8les min Bang 36.000 puff engangs nogle gange svagere efter opladning<\/strong><br data-start=\"839\" data-end=\"842\" \/>Umiddelbart efter opladning kan luftstr\u00f8mskondensation let bl\u00f8dg\u00f8re de f\u00f8rste par tr\u00e6k. Tag et par korte tr\u00e6k, og det rydder normalt op. Hvis det forbliver svagt, skal du kontrollere, at luftstr\u00f8mmen ikke er sat for stramt.<\/p>\n<\/li>\n<li data-start=\"1037\" data-end=\"1313\">\n<p data-start=\"1040\" data-end=\"1313\"><strong data-start=\"1040\" data-end=\"1120\">Kommer Bang 36000 Smart Engangs med blandede smagsvarianter til bulkbestillinger<\/strong><br data-start=\"1120\" data-end=\"1123\" \/>De fleste grossister tillader blandede smagskartoner til <strong data-start=\"1175\" data-end=\"1206\" data-is-only-node=\"\">Bang 36000 Smart Engangs<\/strong> linje. Med 12 smagsvarianter tilg\u00e6ngelige blander butikker ofte bestsellers med nogle regionale favoritter for at teste eftersp\u00f8rgslen.<\/p>\n<\/li>\n<li data-start=\"1315\" data-end=\"1633\">\n<p data-start=\"1318\" data-end=\"1633\"><strong data-start=\"1318\" data-end=\"1399\">Hvordan skal jeg opbevare Bang 36K Smart Engangs for at undg\u00e5 l\u00e6kager eller t\u00f8rre hits<\/strong><br data-start=\"1399\" data-end=\"1402\" \/>Opbevar den <strong data-start=\"1412\" data-end=\"1446\" data-is-only-node=\"\">Bang 36K Smart Engangs Vape<\/strong> opretst\u00e5ende n\u00e5r det er muligt og hold den v\u00e6k fra varme biler eller fryseforhold. Ekstreme temperaturudsving kan for\u00e5rsage kondens eller tyndere e-v\u00e6ske, hvilket er den s\u00e6dvanlige \u00e5rsag til mindre l\u00e6kager.<\/p>\n<\/li>\n<\/ol>\n<\/div>\n<\/div>\n<\/div>\n<\/div>\n<\/div>\n<\/div>\n<\/article>\n<\/div>\n<\/div>\n<\/div>\n<\/div>\n<\/div>\n<\/div>\n<\/div>\n<\/div>\n<\/div>\n<\/div>","protected":false},"excerpt":{"rendered":"<p>Bang 36000 Smart Disposable Vape \u2014 36K Puffs Built for Long Daily Use<br \/>\nBang 36K Mesh Coil and Adjustable Airflow for Smooth, Dense Vapor<br \/>\nBang 36000 Smart Disposable with LED Screen and Type-C Rechargeable Power<\/p>\n<p><strong>Tilf\u00f8j Amys whatsapp, f\u00e5 et hurtigt svar og en vape-kupon!<\/strong><\/p>\n<p><img fetchpriority=\"high\" decoding=\"async\" class=\"size-full wp-image-2932\" src=\"https:\/\/vapestornado.com\/wp-content\/uploads\/2024\/12\/Vape-Wholesale.jpg\" alt=\"Vape Engros\" width=\"229\" height=\"300\" \/><\/p>\n<h3><a href=\"https:\/\/wa.me\/8617776015835\"><span style=\"color: #ff0000;\"><strong>WhatsApp: +86 17776015835<\/strong><\/span><\/a><\/h3>\n<p>&nbsp;<\/p>","protected":false},"featured_media":3006,"comment_status":"open","ping_status":"closed","template":"","meta":{"_acf_changed":false,"_uag_custom_page_level_css":"","_lmt_disableupdate":"no","_lmt_disable":"","_monsterinsights_skip_tracking":false,"_monsterinsights_sitenote_active":false,"_monsterinsights_sitenote_note":"","_monsterinsights_sitenote_category":0,"site-sidebar-layout":"default","site-content-layout":"","ast-site-content-layout":"default","site-content-style":"default","site-sidebar-style":"default","ast-global-header-display":"","ast-banner-title-visibility":"","ast-main-header-display":"","ast-hfb-above-header-display":"","ast-hfb-below-header-display":"","ast-hfb-mobile-header-display":"","site-post-title":"","ast-breadcrumbs-content":"","ast-featured-img":"","footer-sml-layout":"","ast-disable-related-posts":"","theme-transparent-header-meta":"default","adv-header-id-meta":"","stick-header-meta":"","header-above-stick-meta":"","header-main-stick-meta":"","header-below-stick-meta":"","astra-migrate-meta-layouts":"set","ast-page-background-enabled":"default","ast-page-background-meta":{"desktop":{"background-color":"","background-image":"","background-repeat":"repeat","background-position":"center center","background-size":"auto","background-attachment":"scroll","background-type":"","background-media":"","overlay-type":"","overlay-color":"","overlay-opacity":"","overlay-gradient":""},"tablet":{"background-color":"","background-image":"","background-repeat":"repeat","background-position":"center center","background-size":"auto","background-attachment":"scroll","background-type":"","background-media":"","overlay-type":"","overlay-color":"","overlay-opacity":"","overlay-gradient":""},"mobile":{"background-color":"","background-image":"","background-repeat":"repeat","background-position":"center center","background-size":"auto","background-attachment":"scroll","background-type":"","background-media":"","overlay-type":"","overlay-color":"","overlay-opacity":"","overlay-gradient":""}},"ast-content-background-meta":{"desktop":{"background-color":"var(--ast-global-color-5)","background-image":"","background-repeat":"repeat","background-position":"center center","background-size":"auto","background-attachment":"scroll","background-type":"","background-media":"","overlay-type":"","overlay-color":"","overlay-opacity":"","overlay-gradient":""},"tablet":{"background-color":"var(--ast-global-color-5)","background-image":"","background-repeat":"repeat","background-position":"center center","background-size":"auto","background-attachment":"scroll","background-type":"","background-media":"","overlay-type":"","overlay-color":"","overlay-opacity":"","overlay-gradient":""},"mobile":{"background-color":"var(--ast-global-color-5)","background-image":"","background-repeat":"repeat","background-position":"center center","background-size":"auto","background-attachment":"scroll","background-type":"","background-media":"","overlay-type":"","overlay-color":"","overlay-opacity":"","overlay-gradient":""}},"_joinchat":{"telephone":"+8617776015835"}},"product_brand":[],"product_cat":[66,62,149,154,160,146],"product_tag":[109,108,110,105,93],"class_list":{"0":"post-3021","1":"product","2":"type-product","3":"status-publish","4":"has-post-thumbnail","6":"product_cat-36000-puff","7":"product_cat-bang-vape","8":"product_cat-buy-disposable-vapes-in-austria","9":"product_cat-buy-disposable-vapes-in-netherlands","10":"product_cat-buy-disposable-vapes-in-switzerland","11":"product_cat-rechargeable-disposable-vapes","12":"product_tag-bang-36000","13":"product_tag-bang-vape-36000","14":"product_tag-bang-vape-36k","15":"product_tag-digital-disposable-vape","16":"product_tag-vape-wholesale","17":"desktop-align-left","18":"tablet-align-left","19":"mobile-align-left","21":"first","22":"instock","23":"sale","24":"shipping-taxable","25":"purchasable","26":"product-type-simple"},"acf":[],"uagb_featured_image_src":{"full":["https:\/\/vapestornado.com\/wp-content\/uploads\/2024\/12\/Bang-36000-Puffs-Disposable-Vape-Wholesale-Price.jpg",1126,1126,false],"thumbnail":["https:\/\/vapestornado.com\/wp-content\/uploads\/2024\/12\/Bang-36000-Puffs-Disposable-Vape-Wholesale-Price-150x150.jpg",150,150,true],"medium":["https:\/\/vapestornado.com\/wp-content\/uploads\/2024\/12\/Bang-36000-Puffs-Disposable-Vape-Wholesale-Price-300x300.jpg",300,300,true],"medium_large":["https:\/\/vapestornado.com\/wp-content\/uploads\/2024\/12\/Bang-36000-Puffs-Disposable-Vape-Wholesale-Price-768x768.jpg",768,768,true],"large":["https:\/\/vapestornado.com\/wp-content\/uploads\/2024\/12\/Bang-36000-Puffs-Disposable-Vape-Wholesale-Price-1024x1024.jpg",1024,1024,true],"1536x1536":["https:\/\/vapestornado.com\/wp-content\/uploads\/2024\/12\/Bang-36000-Puffs-Disposable-Vape-Wholesale-Price.jpg",1126,1126,false],"2048x2048":["https:\/\/vapestornado.com\/wp-content\/uploads\/2024\/12\/Bang-36000-Puffs-Disposable-Vape-Wholesale-Price.jpg",1126,1126,false],"trp-custom-language-flag":["https:\/\/vapestornado.com\/wp-content\/uploads\/2024\/12\/Bang-36000-Puffs-Disposable-Vape-Wholesale-Price.jpg",12,12,false],"woocommerce_thumbnail":["https:\/\/vapestornado.com\/wp-content\/uploads\/2024\/12\/Bang-36000-Puffs-Disposable-Vape-Wholesale-Price-300x300.jpg",300,300,true],"woocommerce_single":["https:\/\/vapestornado.com\/wp-content\/uploads\/2024\/12\/Bang-36000-Puffs-Disposable-Vape-Wholesale-Price-600x600.jpg",600,600,true],"woocommerce_gallery_thumbnail":["https:\/\/vapestornado.com\/wp-content\/uploads\/2024\/12\/Bang-36000-Puffs-Disposable-Vape-Wholesale-Price-100x100.jpg",100,100,true]},"uagb_author_info":{"display_name":"ESAMY","author_link":"https:\/\/vapestornado.com\/da\/author\/"},"uagb_comment_info":0,"uagb_excerpt":"Bang 36000 Smart Disposable Vape \u2014 36K Puffs Built for Long Daily Use Bang 36K Mesh Coil and Adjustable Airflow for Smooth, Dense Vapor Bang 36000 Smart Disposable with LED Screen and Type-C Rechargeable Power Add Amy's whatsapp to get right reply and vape vape coupon! WhatsApp: +86 17776015835 &nbsp;","_links":{"self":[{"href":"https:\/\/vapestornado.com\/da\/wp-json\/wp\/v2\/product\/3021","targetHints":{"allow":["GET"]}}],"collection":[{"href":"https:\/\/vapestornado.com\/da\/wp-json\/wp\/v2\/product"}],"about":[{"href":"https:\/\/vapestornado.com\/da\/wp-json\/wp\/v2\/types\/product"}],"replies":[{"embeddable":true,"href":"https:\/\/vapestornado.com\/da\/wp-json\/wp\/v2\/comments?post=3021"}],"wp:featuredmedia":[{"embeddable":true,"href":"https:\/\/vapestornado.com\/da\/wp-json\/wp\/v2\/media\/3006"}],"wp:attachment":[{"href":"https:\/\/vapestornado.com\/da\/wp-json\/wp\/v2\/media?parent=3021"}],"wp:term":[{"taxonomy":"product_brand","embeddable":true,"href":"https:\/\/vapestornado.com\/da\/wp-json\/wp\/v2\/product_brand?post=3021"},{"taxonomy":"product_cat","embeddable":true,"href":"https:\/\/vapestornado.com\/da\/wp-json\/wp\/v2\/product_cat?post=3021"},{"taxonomy":"product_tag","embeddable":true,"href":"https:\/\/vapestornado.com\/da\/wp-json\/wp\/v2\/product_tag?post=3021"}],"curies":[{"name":"wp","href":"https:\/\/api.w.org\/{rel}","templated":true}]}}