{"id":3020,"date":"2024-12-09T09:13:52","date_gmt":"2024-12-09T09:13:52","guid":{"rendered":"https:\/\/vapestornado.com\/?post_type=product&#038;p=3020"},"modified":"2025-08-23T10:17:17","modified_gmt":"2025-08-23T10:17:17","slug":"vapme-uwin-crystal-10000-puff-vape-pen-cheap-price-2-5-nicotine","status":"publish","type":"product","link":"https:\/\/vapestornado.com\/da\/product\/vapme-uwin-crystal-10000-puff-vape-pen-cheap-price-2-5-nicotine\/","title":{"rendered":"Vapme UWIN Crystal 10000 PUFF Vape Pen Billig Pris 2% 5% Nikotin"},"content":{"rendered":"<h1>Vapme UWIN Crystal 10000 PUFF Vape Pen Billig Pris 2% 5% Nikotin<\/h1>\n<p data-start=\"391\" data-end=\"692\">Den <strong data-start=\"395\" data-end=\"439\">UWIN Crystal 10000 Puffs Engangs Vape<\/strong> kombinerer kapacitet, design og p\u00e5lidelig ydeevne, hvilket g\u00f8r den til et st\u00e6rkt valg for <strong data-start=\"523\" data-end=\"562\">grossister og detailhandlere i Europa<\/strong>. Med op til <strong data-start=\"575\" data-end=\"591\">10.000 sug<\/strong> og en <strong data-start=\"599\" data-end=\"632\">18 ml forudfyldt e-v\u00e6ske tank<\/strong>og giver l\u00e6ngere brug sammenlignet med standard engangs vapes.<\/p>\n<p data-start=\"694\" data-end=\"952\">Drevet af en <strong data-start=\"707\" data-end=\"738\">650mAh genopladelige batteri<\/strong> med <strong data-start=\"744\" data-end=\"768\">Type-C hurtigopladning<\/strong>sikrer UWIN 10K stabil ydelse og reduceret nedetid. Dens <strong data-start=\"831\" data-end=\"849\">0,8\u03a9 mesh coil<\/strong> giver j\u00e6vn damp produktion og ensartet smagslevering, hvilket appellerer til en bred vifte af brugere.<\/p>\n<p data-start=\"954\" data-end=\"1246\">Med en <strong data-start=\"966\" data-end=\"994\">gennemsigtig krystal krop<\/strong> med <strong data-start=\"1000\" data-end=\"1016\">RGB-belysning<\/strong>denne vape skiller sig ud p\u00e5 butikshylderne, samtidig med at den er kompakt og nem at b\u00e6re. F\u00e5s i <strong data-start=\"1112\" data-end=\"1144\">2% og 5% nikotinstyrker<\/strong>, <strong data-start=\"1150\" data-end=\"1177\">UWIN Krystal 10000 Vape<\/strong> tilgodeser forskellige kundebehov, fra afslappede til regelm\u00e6ssige dampere.<\/p>\n<p data-start=\"1248\" data-end=\"1373\">For grossister er dens <strong data-start=\"1269\" data-end=\"1297\">konkurrencedygtige massepriser<\/strong> og st\u00e6rke forbrugerappel g\u00f8r det til et rentabelt produkt at have p\u00e5 lager i 2025.<\/p>\n<p><img fetchpriority=\"high\" decoding=\"async\" class=\"size-medium wp-image-2951\" src=\"https:\/\/vapestornado.com\/wp-content\/uploads\/2024\/12\/Wholesale-Disposable-Vape-265x300.jpg\" alt=\"Engros Engangsvape\" width=\"265\" height=\"300\" srcset=\"https:\/\/vapestornado.com\/wp-content\/uploads\/2024\/12\/Wholesale-Disposable-Vape-265x300.jpg 265w, https:\/\/vapestornado.com\/wp-content\/uploads\/2024\/12\/Wholesale-Disposable-Vape-768x871.jpg 768w, https:\/\/vapestornado.com\/wp-content\/uploads\/2024\/12\/Wholesale-Disposable-Vape-600x680.jpg 600w, https:\/\/vapestornado.com\/wp-content\/uploads\/2024\/12\/Wholesale-Disposable-Vape.jpg 823w\" sizes=\"(max-width: 265px) 100vw, 265px\" \/><\/p>\n<h6>Venligst kontakt Mandys WhatsApp for rabatpris<a href=\"https:\/\/wa.me\/8618077105796\" target=\"_blank\" rel=\"noopener\">+8618077105796<\/a><\/h6>\n<p>&nbsp;<\/p>\n<h2><strong>Uwin Crystal 10000 Puffs vape pods N\u00f8glefunktioner<\/strong><\/h2>\n<ul>\n<li><strong>Op til 10000 sug<\/strong>: Langvarig ydeevne til udvidet brug.<\/li>\n<li><strong>Flere nikotinstyrker<\/strong>: F\u00e5s i 0%, 2%, 3% og 5% nikotinmuligheder.<\/li>\n<li><strong>18 ml e-v\u00e6skekapacitet<\/strong>: Stort reservoir for f\u00e6rre genopfyldninger.<\/li>\n<li><strong>650mAh Genopladeligt Batteri<\/strong>Type-C Opladning<\/li>\n<li><strong>0,8\u03a9 Mesh Coil<\/strong>: Hurtig Type-C opladning for hurtige opladninger.<\/li>\n<li><strong>Mesh Coil Teknologi<\/strong>: Forbedret smag og dampproduktion.<\/li>\n<li><strong>RGB-lys<\/strong>: Dynamisk belysning for et moderne look.<\/li>\n<li><strong>Bulkk\u00f8b<\/strong>: Engrosmuligheder med 200 enheder pr. karton.<\/li>\n<\/ul>\n<h2><strong>Et Mangfoldigt Udvalg af Smage<\/strong><\/h2>\n<p>Uwin Crystal 10000 Puffs har et n\u00f8je udvalgt sortiment af 15 s\u00e6rpr\u00e6gede smage, der er designet til at tilfredsstille enhver smag. Uanset om du foretr\u00e6kker s\u00f8de, frugtige blandinger eller k\u00f8lende menthol, er der en smag, der passer til enhver pr\u00e6ference. Her er et n\u00e6rmere kig p\u00e5 de tilg\u00e6ngelige muligheder:<\/p>\n<p>1.Bl\u00e5b\u00e6r Hindb\u00e6r<br \/>\n2.Drue-is<br \/>\n3.Jordb\u00e6r vandmelon<br \/>\n4.Bl\u00e5b\u00e6r p\u00e5 is<br \/>\n5.Vandmelon-is<br \/>\n6.Kirseb\u00e6r-is<br \/>\n7.Jordb\u00e6r-hindb\u00e6r-kirseb\u00e6r<br \/>\n8.Kiwi-passionsfrugt-guava<br \/>\n9. Jordb\u00e6r is<br \/>\n10.Fersken-is<br \/>\n11.Jordb\u00e6r-kiwi<br \/>\n12.Fersken-b\u00e6r<br \/>\n13.Kirseb\u00e6r-cola<br \/>\n14.Blandet b\u00e6r<br \/>\n15.Mr. blue<\/p>\n<h3><strong>Hvorfor V\u00e6lge <a href=\"https:\/\/vapestornado.com\/da\/product\/vapme-uwin-crystal-10000-puff-vape-pen-cheap-price-2-5-nicotine\/\">Uwin Crystal 10000 Puffs<\/a> fra <a href=\"https:\/\/vapestornado.com\/da\/store\/\">vapestornado.dk<\/a>?<\/strong><\/h3>\n<ul>\n<li><strong>F\u00f8rsteklasses Kvalitet<\/strong>: Uwin Crystal 10000 Puffs tilbyder enest\u00e5ende ydeevne med avanceret mesh-coil-teknologi, der sikrer en j\u00e6vn smag og t\u00e6t damp med hvert sug.<\/li>\n<li><strong>Langvarig<\/strong>: Med op til 10.000 sug og en stor 18 ml e-v\u00e6skekapacitet giver denne enhed forl\u00e6nget brug, hvilket g\u00f8r den til en omkostningseffektiv mulighed for b\u00e5de lejlighedsvise og regelm\u00e6ssige dampere.<\/li>\n<li><strong>Tilpasselige nikotinniveauer<\/strong>: F\u00e5s i 0%, 2%, 3% og 5% nikotinstyrker, der im\u00f8dekommer en bred vifte af pr\u00e6ferencer.<\/li>\n<li><strong>Hurtig Opladning<\/strong>: Det genopladelige 650mAh batteri med Type-C opladning sikrer hurtige, p\u00e5lidelige opladninger, s\u00e5 du kan dampe i l\u00e6ngere tid.<\/li>\n<li><strong>Slankt og stilfuldt<\/strong>: Det gennemsigtige design med levende RGB-lys forbedrer ikke kun \u00e6stetikken, men g\u00f8r det ogs\u00e5 til et fremragende tilbeh\u00f8r.<\/li>\n<li><strong>Bekvemmelighed<\/strong>: Nem at b\u00e6re og klar til brug, perfekt til dampning p\u00e5 farten.<\/li>\n<li><strong>Konkurrencedygtige Priser<\/strong>: vapestornado tilbyder Uwin Crystal 10000 Puffs til en uovertruffen pris, med muligheder for stork\u00f8b til grossister.<\/li>\n<li><strong>P\u00e5lidelig service<\/strong>: Nyd hurtig forsendelse, fremragende kundesupport og en problemfri shoppingoplevelse hos vapestornado.com.<\/li>\n<\/ul>\n<p>&nbsp;<\/p>\n<h3><strong>Fordele ved stork\u00f8b fra vapestornado.com<\/strong><\/h3>\n<ul>\n<li><strong>Omkostningsbesparelser<\/strong>: Stork\u00f8b s\u00e6nker omkostningen per enhed, hvilket \u00f8ger din samlede rentabilitet.<\/li>\n<li><strong>Konstant tilg\u00e6ngelighed<\/strong>: Oprethold et p\u00e5lideligt lager for at im\u00f8dekomme kundernes eftersp\u00f8rgsel uden afbrydelser, perfekt til at opretholde forretningsflowet.<\/li>\n<li><strong>Fleksible ordrer<\/strong>: Tilpas dit stork\u00f8b med en r\u00e6kke smagsvarianter og nikotinstyrker for at im\u00f8dekomme din kundebase.<\/li>\n<li><strong>Eksklusive engrosrabatter<\/strong>: Nyd specielle priser p\u00e5 store ordrer, der sikrer dig den bedste v\u00e6rdi for pengene p\u00e5 premium-produkter.<\/li>\n<\/ul>\n<div class=\"flex-shrink-0 flex flex-col relative items-end\">\n<div>\n<div class=\"pt-0\">\n<div class=\"gizmo-bot-avatar flex h-8 w-8 items-center justify-center overflow-hidden rounded-full\">\n<div class=\"relative p-1 rounded-sm flex items-center justify-center bg-token-main-surface-primary text-token-text-primary h-8 w-8\"><\/div>\n<\/div>\n<\/div>\n<\/div>\n<\/div>\n<div class=\"group\/conversation-turn relative flex w-full min-w-0 flex-col agent-turn\">\n<div class=\"flex-col gap-1 md:gap-3\">\n<div class=\"flex max-w-full flex-col flex-grow\">\n<div class=\"min-h-8 text-message flex w-full flex-col items-end gap-2 whitespace-normal break-words text-start [.text-message+&amp;]:mt-5\" dir=\"auto\" data-message-author-role=\"assistant\" data-message-id=\"782e374d-2cea-4922-b41d-46c77a1b831e\" data-message-model-slug=\"gpt-4o\">\n<div class=\"flex w-full flex-col gap-1 empty:hidden first:pt-[3px]\">\n<div class=\"markdown prose w-full break-words dark:prose-invert light\">\n<h3><strong>Ofte stillede sp\u00f8rgsm\u00e5l om Uwin Crystal 10000 Puffs Genopladelig Vape<\/strong><\/h3>\n<\/div>\n<\/div>\n<\/div>\n<\/div>\n<\/div>\n<\/div>\n<div class=\"flex max-w-full flex-col flex-grow\">\n<div class=\"min-h-8 text-message flex w-full flex-col items-end gap-2 whitespace-normal break-words text-start [.text-message+&amp;]:mt-5\" dir=\"auto\" data-message-author-role=\"assistant\" data-message-id=\"782e374d-2cea-4922-b41d-46c77a1b831e\" data-message-model-slug=\"gpt-4o\">\n<div class=\"flex w-full flex-col gap-1 empty:hidden first:pt-[3px]\">\n<div class=\"markdown prose w-full break-words dark:prose-invert light\">\n<ol>\n<li><strong>Hvor l\u00e6nge holder Uwin Crystal Vape 10000 Puffs?<\/strong><br \/>\nMed op til 10.000 sug er denne enhed designet til at holde flere dage eller endda uger, afh\u00e6ngigt af brugsvaner.<\/li>\n<li><strong>Er Uwin Crystal 10k Puffs genopladelig?<\/strong><br \/>\nJa, den har et 650mAh genopladeligt batteri med Type-C-opladning for hurtige og effektive opladninger.<\/li>\n<li><strong>Hvilke nikotinstyrker er tilg\u00e6ngelige for Uwin Crystal 10000 Puffs?<\/strong><br \/>\nDenne enhed findes med 0%, 2%, 3% og 5% nikotinniveauer, hvilket giver muligheder for at im\u00f8dekomme forskellige pr\u00e6ferencer.<\/li>\n<li><strong>Hvad g\u00f8r Uwin Crystal 10000 Puff unik?<\/strong><br \/>\nUwin Crystal skiller sig ud med sin 18 ml e-v\u00e6skekapacitet, avanceret 0.8\u03a9 mesh coil for forbedret smag, elegant krystalklart design og dynamisk RGB-belysning.<\/li>\n<li><strong>Kan jeg k\u00f8be Uwin Crystal 10000 Puffs i bulk?<\/strong><br \/>\nJa, vapestornado tilbyder engrosmuligheder med 200 enheder pr. karton, ideelt for forhandlere eller virksomheder.<\/li>\n<li><strong>Er Uwin Crystal 10000 Puffs engangs-vape begyndervenlig?<\/strong><br \/>\nAbsolut! Dets brugervenlige, tr\u00e6kkede-aktiverede design g\u00f8r den perfekt for b\u00e5de nye og erfarne dampere.<\/li>\n<\/ol>\n<\/div>\n<\/div>\n<\/div>\n<\/div>\n<div class=\"mb-2 flex gap-3 empty:hidden -ml-2\">\n<div class=\"items-center justify-start rounded-xl p-1 flex\"><\/div>\n<\/div>","protected":false},"excerpt":{"rendered":"<p>UWIN Crystal 10000 Puffs genopladelig vape tilbyder langvarig ydeevne, levende design og premium smag med avanceret vapingteknologi.<\/p>\n<figure id=\"attachment_2951\" aria-describedby=\"caption-attachment-2951\" style=\"width: 265px\" class=\"wp-caption alignnone\"><img fetchpriority=\"high\" decoding=\"async\" class=\"size-medium wp-image-2951\" src=\"https:\/\/vapestornado.com\/wp-content\/uploads\/2024\/12\/Wholesale-Disposable-Vape-265x300.jpg\" alt=\"Engros Engangsvape\" width=\"265\" height=\"300\" srcset=\"https:\/\/vapestornado.com\/wp-content\/uploads\/2024\/12\/Wholesale-Disposable-Vape-265x300.jpg 265w, https:\/\/vapestornado.com\/wp-content\/uploads\/2024\/12\/Wholesale-Disposable-Vape-768x871.jpg 768w, https:\/\/vapestornado.com\/wp-content\/uploads\/2024\/12\/Wholesale-Disposable-Vape-600x680.jpg 600w, https:\/\/vapestornado.com\/wp-content\/uploads\/2024\/12\/Wholesale-Disposable-Vape.jpg 823w\" sizes=\"(max-width: 265px) 100vw, 265px\" \/><figcaption id=\"caption-attachment-2951\" class=\"wp-caption-text\">Kontakt Mandy for rabatpris<a href=\"https:\/\/wa.me\/8618077105796\">+86 18077105796<\/a><\/figcaption><\/figure>\n<p>&nbsp;<\/p>","protected":false},"featured_media":3009,"comment_status":"open","ping_status":"closed","template":"","meta":{"_acf_changed":false,"_uag_custom_page_level_css":"","_lmt_disableupdate":"no","_lmt_disable":"","_monsterinsights_skip_tracking":false,"_monsterinsights_sitenote_active":false,"_monsterinsights_sitenote_note":"","_monsterinsights_sitenote_category":0,"site-sidebar-layout":"default","site-content-layout":"","ast-site-content-layout":"default","site-content-style":"default","site-sidebar-style":"default","ast-global-header-display":"","ast-banner-title-visibility":"","ast-main-header-display":"","ast-hfb-above-header-display":"","ast-hfb-below-header-display":"","ast-hfb-mobile-header-display":"","site-post-title":"","ast-breadcrumbs-content":"","ast-featured-img":"","footer-sml-layout":"","ast-disable-related-posts":"","theme-transparent-header-meta":"default","adv-header-id-meta":"","stick-header-meta":"","header-above-stick-meta":"","header-main-stick-meta":"","header-below-stick-meta":"","astra-migrate-meta-layouts":"set","ast-page-background-enabled":"default","ast-page-background-meta":{"desktop":{"background-color":"","background-image":"","background-repeat":"repeat","background-position":"center center","background-size":"auto","background-attachment":"scroll","background-type":"","background-media":"","overlay-type":"","overlay-color":"","overlay-opacity":"","overlay-gradient":""},"tablet":{"background-color":"","background-image":"","background-repeat":"repeat","background-position":"center center","background-size":"auto","background-attachment":"scroll","background-type":"","background-media":"","overlay-type":"","overlay-color":"","overlay-opacity":"","overlay-gradient":""},"mobile":{"background-color":"","background-image":"","background-repeat":"repeat","background-position":"center center","background-size":"auto","background-attachment":"scroll","background-type":"","background-media":"","overlay-type":"","overlay-color":"","overlay-opacity":"","overlay-gradient":""}},"ast-content-background-meta":{"desktop":{"background-color":"var(--ast-global-color-5)","background-image":"","background-repeat":"repeat","background-position":"center center","background-size":"auto","background-attachment":"scroll","background-type":"","background-media":"","overlay-type":"","overlay-color":"","overlay-opacity":"","overlay-gradient":""},"tablet":{"background-color":"var(--ast-global-color-5)","background-image":"","background-repeat":"repeat","background-position":"center center","background-size":"auto","background-attachment":"scroll","background-type":"","background-media":"","overlay-type":"","overlay-color":"","overlay-opacity":"","overlay-gradient":""},"mobile":{"background-color":"var(--ast-global-color-5)","background-image":"","background-repeat":"repeat","background-position":"center center","background-size":"auto","background-attachment":"scroll","background-type":"","background-media":"","overlay-type":"","overlay-color":"","overlay-opacity":"","overlay-gradient":""}},"_joinchat":{"telephone":"+8618077105796"}},"product_brand":[],"product_cat":[106,140,149,150,153,155,158,141,233],"product_tag":[97,107],"class_list":{"0":"post-3020","1":"product","2":"type-product","3":"status-publish","4":"has-post-thumbnail","6":"product_cat-10000-puff","7":"product_cat-big-puffs-disposable-vapes","8":"product_cat-buy-disposable-vapes-in-austria","9":"product_cat-buy-disposable-vapes-in-belgium","10":"product_cat-buy-disposable-vapes-in-italy","11":"product_cat-buy-disposable-vapes-in-norway","12":"product_cat-buy-disposable-vapes-in-spain","13":"product_cat-crystal-disposable-vapes","14":"product_cat-uwin-vape","15":"product_tag-hot-sale-disposable-vape","16":"product_tag-uwin-crystal-10000-puffs","17":"desktop-align-left","18":"tablet-align-left","19":"mobile-align-left","21":"first","22":"instock","23":"sale","24":"shipping-taxable","25":"purchasable","26":"product-type-simple"},"acf":[],"uagb_featured_image_src":{"full":["https:\/\/vapestornado.com\/wp-content\/uploads\/2024\/12\/UWIN-Crystal-10000-Puffs-Vape-Pen-cherry-cola.jpg",800,800,false],"thumbnail":["https:\/\/vapestornado.com\/wp-content\/uploads\/2024\/12\/UWIN-Crystal-10000-Puffs-Vape-Pen-cherry-cola-150x150.jpg",150,150,true],"medium":["https:\/\/vapestornado.com\/wp-content\/uploads\/2024\/12\/UWIN-Crystal-10000-Puffs-Vape-Pen-cherry-cola-300x300.jpg",300,300,true],"medium_large":["https:\/\/vapestornado.com\/wp-content\/uploads\/2024\/12\/UWIN-Crystal-10000-Puffs-Vape-Pen-cherry-cola-768x768.jpg",768,768,true],"large":["https:\/\/vapestornado.com\/wp-content\/uploads\/2024\/12\/UWIN-Crystal-10000-Puffs-Vape-Pen-cherry-cola.jpg",800,800,false],"1536x1536":["https:\/\/vapestornado.com\/wp-content\/uploads\/2024\/12\/UWIN-Crystal-10000-Puffs-Vape-Pen-cherry-cola.jpg",800,800,false],"2048x2048":["https:\/\/vapestornado.com\/wp-content\/uploads\/2024\/12\/UWIN-Crystal-10000-Puffs-Vape-Pen-cherry-cola.jpg",800,800,false],"trp-custom-language-flag":["https:\/\/vapestornado.com\/wp-content\/uploads\/2024\/12\/UWIN-Crystal-10000-Puffs-Vape-Pen-cherry-cola.jpg",12,12,false],"woocommerce_thumbnail":["https:\/\/vapestornado.com\/wp-content\/uploads\/2024\/12\/UWIN-Crystal-10000-Puffs-Vape-Pen-cherry-cola-300x300.jpg",300,300,true],"woocommerce_single":["https:\/\/vapestornado.com\/wp-content\/uploads\/2024\/12\/UWIN-Crystal-10000-Puffs-Vape-Pen-cherry-cola-600x600.jpg",600,600,true],"woocommerce_gallery_thumbnail":["https:\/\/vapestornado.com\/wp-content\/uploads\/2024\/12\/UWIN-Crystal-10000-Puffs-Vape-Pen-cherry-cola-100x100.jpg",100,100,true]},"uagb_author_info":{"display_name":"ESMANDY","author_link":"https:\/\/vapestornado.com\/da\/author\/"},"uagb_comment_info":0,"uagb_excerpt":"UWIN Crystal 10000 Puffs Rechargeable vape offers long-lasting performance, vibrant design, and premium flavor with advanced vaping technology. [caption id=\"attachment_2951\" align=\"alignnone\" width=\"265\"] Contact Mandy For Discount Price+86 18077105796[\/caption] &nbsp;","_links":{"self":[{"href":"https:\/\/vapestornado.com\/da\/wp-json\/wp\/v2\/product\/3020","targetHints":{"allow":["GET"]}}],"collection":[{"href":"https:\/\/vapestornado.com\/da\/wp-json\/wp\/v2\/product"}],"about":[{"href":"https:\/\/vapestornado.com\/da\/wp-json\/wp\/v2\/types\/product"}],"replies":[{"embeddable":true,"href":"https:\/\/vapestornado.com\/da\/wp-json\/wp\/v2\/comments?post=3020"}],"wp:featuredmedia":[{"embeddable":true,"href":"https:\/\/vapestornado.com\/da\/wp-json\/wp\/v2\/media\/3009"}],"wp:attachment":[{"href":"https:\/\/vapestornado.com\/da\/wp-json\/wp\/v2\/media?parent=3020"}],"wp:term":[{"taxonomy":"product_brand","embeddable":true,"href":"https:\/\/vapestornado.com\/da\/wp-json\/wp\/v2\/product_brand?post=3020"},{"taxonomy":"product_cat","embeddable":true,"href":"https:\/\/vapestornado.com\/da\/wp-json\/wp\/v2\/product_cat?post=3020"},{"taxonomy":"product_tag","embeddable":true,"href":"https:\/\/vapestornado.com\/da\/wp-json\/wp\/v2\/product_tag?post=3020"}],"curies":[{"name":"wp","href":"https:\/\/api.w.org\/{rel}","templated":true}]}}