{"id":3000,"date":"2024-12-09T07:00:42","date_gmt":"2024-12-09T07:00:42","guid":{"rendered":"https:\/\/vapestornado.com\/?post_type=product&#038;p=3000"},"modified":"2025-08-23T10:18:27","modified_gmt":"2025-08-23T10:18:27","slug":"waspe-25000-puffs-digital-disposable-vape-wholesale-price-in-poland","status":"publish","type":"product","link":"https:\/\/vapestornado.com\/da\/product\/waspe-25000-puffs-digital-disposable-vape-wholesale-price-in-poland\/","title":{"rendered":"Waspe 25000 Puffs Digital Engangs Vape Engros Pris i Danmark"},"content":{"rendered":"<h1 class=\"product-title\">Waspe 25000 Puffs Digital Engangs Vape Engros Pris i Danmark<\/h1>\n<p data-start=\"525\" data-end=\"808\">Den <strong data-start=\"529\" data-end=\"574\">Waspe 25000 Puffs Digital Engangs-Vape<\/strong> er et praktisk valg for grossister og detailhandlere i Danmark, der s\u00f8ger et langtidsholdbart, funktionsrigt lager. Med op til <strong data-start=\"690\" data-end=\"715\">25.000 pust pr. enhed<\/strong> og et <strong data-start=\"722\" data-end=\"744\">dobbelt-smagssystem<\/strong>giver det kunderne forl\u00e6nget brug og st\u00f8rre variation.<\/p>\n<p data-start=\"810\" data-end=\"1090\">Udstyret med en <strong data-start=\"826\" data-end=\"848\">digital LED-sk\u00e6rm<\/strong>holder Waspe 25K brugerne informeret om batterilevetid og pustantal i realtid. Dens <strong data-start=\"937\" data-end=\"960\">genopladeligt design<\/strong> med <strong data-start=\"966\" data-end=\"990\">Type-C hurtigopladning<\/strong> sikrer ensartet ydeevne og reducerer spild, hvilket g\u00f8r den b\u00e5de omkostningseffektiv og milj\u00f8venlig.<\/p>\n<p data-start=\"1092\" data-end=\"1373\">F\u00e5s i flere <strong data-start=\"1114\" data-end=\"1133\">nikotinniveauer<\/strong> og <strong data-start=\"1138\" data-end=\"1161\">smagskombinationer<\/strong>, <strong data-start=\"1167\" data-end=\"1185\">Waspe 25K Vape<\/strong> appellerer til en bred forbrugerbase, fra begyndere til erfarne dampere. Kompakt og b\u00e6rbar, den er velegnet til hverdagsbrug, samtidig med at den leverer ensartet smag takket v\u00e6re avanceret coil-teknologi.<\/p>\n<p data-start=\"1375\" data-end=\"1604\">For distribut\u00f8rer og butiksejere i Polen kombinerer <strong data-start=\"1423\" data-end=\"1449\">Waspe 25000 Pust Vape<\/strong> kombinerer h\u00f8j pustkapacitet, innovative funktioner og <strong data-start=\"1504\" data-end=\"1537\">konkurrencedygtige engrospriser<\/strong>, hvilket g\u00f8r den til en rentabel tilf\u00f8jelse til lagre af engangs-vapes.<\/p>\n<p>&nbsp;<\/p>\n<p><strong>Tilf\u00f8j Amys Whatsapp for at f\u00e5 det rigtige svar og en vape-kupon!<\/strong><\/p>\n<p><img fetchpriority=\"high\" decoding=\"async\" class=\"size-full wp-image-2932\" src=\"https:\/\/vapestornado.com\/wp-content\/uploads\/2024\/12\/Vape-Wholesale.jpg\" alt=\"Vape Engros\" width=\"229\" height=\"300\" \/><\/p>\n<h3><a href=\"https:\/\/wa.me\/8617776015835\" target=\"_blank\" rel=\"noopener\"><span style=\"color: #ff0000;\"><strong>WhatsApp: +86 17776015835<\/strong><\/span><\/a><\/h3>\n<p>&nbsp;<\/p>\n<h4><strong style=\"font-size: 1.7em;\">Waspe Vape 25000 Produktegenskaber<\/strong><\/h4>\n<ul>\n<li><strong>25.000 Sug af Ren Tilfredshed<\/strong>: Nyd udvidede damp-sessioner med op til <strong>25.000 pust<\/strong>, hvilket g\u00f8r <strong>WASPE 25000 sug<\/strong> til det ideelle valg for b\u00e5de lette og tunge brugere.<\/li>\n<li><strong>Flere nikotinstyrker<\/strong>: V\u00e6lg mellem <strong>0%, 2%, eller 5% nikotin<\/strong>, der tilbyder en skr\u00e6ddersyet oplevelse for brugere, der s\u00f8ger en <strong>engangs vape med lavt nikotinindhold<\/strong> eller et st\u00e6rkere hit.<\/li>\n<li><strong>25ml E-v\u00e6ske kapacitet<\/strong>: Forudfyldt med en gener\u00f8s <strong>25 ml e-v\u00e6ske<\/strong>, der sikrer f\u00e6rre afbrydelser og l\u00e6ngere nydelse.<\/li>\n<li><strong>Avancerede dobbelte mesh-spoler<\/strong>: De integrerede dobbelte mesh-spoler garanterer en j\u00e6vn damp, konsistent smag og en f\u00f8rsteklasses oplevelse i hvert sug.<\/li>\n<li><strong>Digital LED-sk\u00e6rm<\/strong>: <strong>LED Display Engangs Vaping<\/strong> har en smart LCD-sk\u00e6rm, der giver dig mulighed for at overv\u00e5ge <strong>batterilevetid og antal sug<\/strong> uden besv\u00e6r.<\/li>\n<li><strong>Genopladelig og holdbar<\/strong>: Drevet af et <strong>650mAh batteri<\/strong> og underst\u00f8ttet af <strong>Type-C hurtigopladning<\/strong>, denne <strong>genopladelig vape<\/strong> holder dig k\u00f8rende til l\u00e6ngere brug uden lange nedetider.<\/li>\n<li><strong>Kompakt design til bulkk\u00f8b<\/strong>Let og nem at h\u00e5ndtere, Waspe 25k er perfekt til store indk\u00f8b, hvilket g\u00f8r den ideel for forhandlere, der s\u00f8ger et p\u00e5lideligt produkt til <strong>vape-engros<\/strong>.<\/li>\n<\/ul>\n<p>&nbsp;<\/p>\n<h2 class=\"product-title\"><strong>WASPE 25000 Smagsliste<\/strong><\/h2>\n<p>1.Jordb\u00e6r Kiwi<br \/>\n2.Blandede B\u00e6r<br \/>\n3.Bl\u00e5b\u00e6r p\u00e5 Is<br \/>\n4. Drue Is<br \/>\n5.Kirseb\u00e6r Is<br \/>\n6.Bl\u00e5b\u00e6r Hindb\u00e6r Lemonade<br \/>\n7. Fersken Is<br \/>\n8. Jordb\u00e6r Vandmelon<br \/>\n9. Fersken Mango Vandmelon<br \/>\n10. Vandmelon Is<\/p>\n<h3>Hvorfor v\u00e6lge vapestornado til WASPE 25k Engros Vape?<\/h3>\n<div class=\"flex-shrink-0 flex flex-col relative items-end\">\n<div class=\"pt-0\">\n<div class=\"gizmo-bot-avatar flex h-8 w-8 items-center justify-center overflow-hidden rounded-full\">\n<div class=\"relative p-1 rounded-sm flex items-center justify-center bg-token-main-surface-primary text-token-text-primary h-8 w-8\">\n<p>Velkommen til vapestornado, din betroede online vape shop for premium engangs vapes. Med mere end 5 \u00e5rs ekspertise tilbyder vi dig popul\u00e6re engangs vape-m\u00e6rker som Fumot RandM Vape, Vapme, Bang Vape, Waspe Vape og WGA Vape, m.m.<\/p>\n<p>Vores sortiment omfatter popul\u00e6re vapes som <a href=\"https:\/\/vapestornado.com\/da\/product\/fumot-randm-tornado-15000-puffs-rechargeable-disposable-vape-wholesale\/\">RandM Tornado 15000<\/a>, og smagsrige valg som <a href=\"https:\/\/vapestornado.com\/da\/product\/waspe-40000-puffs-double-flavour-led-display-disposable-vape-wholesale\/\">WASPE Dobbeltsmag 40000 sug<\/a> . Hvert produkt er valgt med fokus p\u00e5 kvalitet, v\u00e6rdi og variation, hvilket sikrer, at du finder det perfekte match til dine behov. Oplev enest\u00e5ende service og et bredt udvalg af topprodukter hos vapestornado.<\/p>\n<\/div>\n<h3><\/h3>\n<div class=\"relative p-1 rounded-sm flex items-center justify-center bg-token-main-surface-primary text-token-text-primary h-8 w-8\">\n<h3>FAQ til WASPE 25k Genopladelig Engangs Vape<\/h3>\n<\/div>\n<\/div>\n<\/div>\n<\/div>\n<div class=\"group\/conversation-turn relative flex w-full min-w-0 flex-col agent-turn\">\n<div class=\"flex-col gap-1 md:gap-3\">\n<div class=\"flex max-w-full flex-col flex-grow\">\n<div class=\"min-h-8 text-message flex w-full flex-col items-end gap-2 whitespace-normal break-words [.text-message+&amp;]:mt-5\" dir=\"auto\" data-message-author-role=\"assistant\" data-message-id=\"db716a1c-9ed0-4b8d-b3b0-7bdb913c3d42\" data-message-model-slug=\"gpt-4o\">\n<div class=\"flex w-full flex-col gap-1 empty:hidden first:pt-[3px]\">\n<div class=\"markdown prose w-full break-words dark:prose-invert light\">\n<h3><\/h3>\n<ol>\n<li><strong>Hvor kan jeg k\u00f8be Waspe 25000 Puffs Digital Engangs Vape til engrospris i Danmark?<\/strong><br \/>\nDu kan k\u00f8be Waspe 25000 Puffs Digital Engangs Vape til konkurrencedygtige engrospriser fra betroede forhandlere, der specialiserer sig i <strong>vape-engros<\/strong> i Danmark.<\/li>\n<li><strong>Hvor mange sug giver Waspe 25000 Puffs Digital Disposable Vape?<\/strong><br \/>\nWaspe 25k leverer imponerende <strong>25.000 pust<\/strong>, hvilket sikrer langvarig brug og fremragende v\u00e6rdi for pengene.<\/li>\n<li><strong>Hvad g\u00f8r Waspe 25000 Puffs vape unik sammenlignet med andre engangsvapes?<\/strong><br \/>\nWaspe 25k skiller sig ud med sin <strong>digitale LED-sk\u00e6rm<\/strong> til overv\u00e5gning af antal sug og batterilevetid, <strong>dobbelt smag<\/strong> muligheder og <strong>genopladeligt design<\/strong> drevet af en hurtigopladning <strong>Type-C port<\/strong>.<\/li>\n<li><strong>Hvilke nikotinniveauer er tilg\u00e6ngelige for Waspe 25000 Puffs Disposable Vape?<\/strong><br \/>\nWaspe 25k tilbyder tre muligheder for nikotinstyrke: <strong>0%, 2%, og 5%<\/strong>, der im\u00f8dekommer brugere, der foretr\u00e6kker <strong>engangs vape med lavt nikotinindhold<\/strong> eller st\u00e6rkere hits.<\/li>\n<li><strong>Hvordan sikrer Waspe 25k en overlegen dampoplevelse?<\/strong><br \/>\nUdstyret med <strong>dobbelte mesh coils<\/strong> for forbedret damp produktion, en stor <strong>25 ml e-v\u00e6ske kapacitet<\/strong>, og tilpasselig luftstr\u00f8m, leverer Waspe 25k konsistente, smagfulde tr\u00e6k for en enest\u00e5ende dampoplevelse.<\/li>\n<\/ol>\n<\/div>\n<\/div>\n<\/div>\n<\/div>\n<\/div>\n<\/div>","protected":false},"excerpt":{"rendered":"<p>Den <strong data-start=\"290\" data-end=\"327\">Waspe 25000 Pust Engangs Vape<\/strong> tilbyder dobbelte smagsvarianter, LED-display og op til 25K pust. Perfekt til <strong data-start=\"395\" data-end=\"425\">engrosk\u00f8bere i Danmark<\/strong>, der kombinerer kapacitet, smagsvariation og konkurrencedygtige bulkpriser.<\/p>\n<p><strong>Tilf\u00f8j Amys whatsapp, f\u00e5 et hurtigt svar og en vape-kupon!<\/strong><\/p>\n<p><img fetchpriority=\"high\" decoding=\"async\" class=\"size-full wp-image-2932\" src=\"https:\/\/vapestornado.com\/wp-content\/uploads\/2024\/12\/Vape-Wholesale.jpg\" alt=\"Vape Engros\" width=\"229\" height=\"300\" \/><\/p>\n<h3><a href=\"https:\/\/wa.me\/8617776015835\"><span style=\"color: #ff0000;\"><strong>WhatsApp: +86 17776015835<\/strong><\/span><\/a><\/h3>\n<p>&nbsp;<\/p>","protected":false},"featured_media":2995,"comment_status":"open","ping_status":"closed","template":"","meta":{"_acf_changed":false,"_uag_custom_page_level_css":"","_lmt_disableupdate":"no","_lmt_disable":"","_monsterinsights_skip_tracking":false,"_monsterinsights_sitenote_active":false,"_monsterinsights_sitenote_note":"","_monsterinsights_sitenote_category":0,"site-sidebar-layout":"default","site-content-layout":"","ast-site-content-layout":"default","site-content-style":"default","site-sidebar-style":"default","ast-global-header-display":"","ast-banner-title-visibility":"","ast-main-header-display":"","ast-hfb-above-header-display":"","ast-hfb-below-header-display":"","ast-hfb-mobile-header-display":"","site-post-title":"","ast-breadcrumbs-content":"","ast-featured-img":"","footer-sml-layout":"","ast-disable-related-posts":"","theme-transparent-header-meta":"default","adv-header-id-meta":"","stick-header-meta":"","header-above-stick-meta":"","header-main-stick-meta":"","header-below-stick-meta":"","astra-migrate-meta-layouts":"set","ast-page-background-enabled":"default","ast-page-background-meta":{"desktop":{"background-color":"","background-image":"","background-repeat":"repeat","background-position":"center center","background-size":"auto","background-attachment":"scroll","background-type":"","background-media":"","overlay-type":"","overlay-color":"","overlay-opacity":"","overlay-gradient":""},"tablet":{"background-color":"","background-image":"","background-repeat":"repeat","background-position":"center center","background-size":"auto","background-attachment":"scroll","background-type":"","background-media":"","overlay-type":"","overlay-color":"","overlay-opacity":"","overlay-gradient":""},"mobile":{"background-color":"","background-image":"","background-repeat":"repeat","background-position":"center center","background-size":"auto","background-attachment":"scroll","background-type":"","background-media":"","overlay-type":"","overlay-color":"","overlay-opacity":"","overlay-gradient":""}},"ast-content-background-meta":{"desktop":{"background-color":"var(--ast-global-color-5)","background-image":"","background-repeat":"repeat","background-position":"center center","background-size":"auto","background-attachment":"scroll","background-type":"","background-media":"","overlay-type":"","overlay-color":"","overlay-opacity":"","overlay-gradient":""},"tablet":{"background-color":"var(--ast-global-color-5)","background-image":"","background-repeat":"repeat","background-position":"center center","background-size":"auto","background-attachment":"scroll","background-type":"","background-media":"","overlay-type":"","overlay-color":"","overlay-opacity":"","overlay-gradient":""},"mobile":{"background-color":"var(--ast-global-color-5)","background-image":"","background-repeat":"repeat","background-position":"center center","background-size":"auto","background-attachment":"scroll","background-type":"","background-media":"","overlay-type":"","overlay-color":"","overlay-opacity":"","overlay-gradient":""}},"_joinchat":{"telephone":"+8617776015835"}},"product_brand":[],"product_cat":[68,151,158,159,144,60],"product_tag":[105,100,103,104],"class_list":{"0":"post-3000","1":"product","2":"type-product","3":"status-publish","4":"has-post-thumbnail","6":"product_cat-25000-puff","7":"product_cat-buy-disposable-vapes-in-france","8":"product_cat-buy-disposable-vapes-in-spain","9":"product_cat-buy-disposable-vapes-in-sweden","10":"product_cat-low-nicotine-disposable-vapes","11":"product_cat-waspe-fihp-vape","12":"product_tag-digital-disposable-vape","13":"product_tag-wasoe-vape","14":"product_tag-waspe-25000","15":"product_tag-waspe-25k","16":"desktop-align-left","17":"tablet-align-left","18":"mobile-align-left","20":"first","21":"instock","22":"sale","23":"shipping-taxable","24":"purchasable","25":"product-type-simple"},"acf":[],"uagb_featured_image_src":{"full":["https:\/\/vapestornado.com\/wp-content\/uploads\/2024\/12\/WASPE-25000-Puffs-Disposable-Vape-Wholesale-Price.jpg",1126,1137,false],"thumbnail":["https:\/\/vapestornado.com\/wp-content\/uploads\/2024\/12\/WASPE-25000-Puffs-Disposable-Vape-Wholesale-Price-150x150.jpg",150,150,true],"medium":["https:\/\/vapestornado.com\/wp-content\/uploads\/2024\/12\/WASPE-25000-Puffs-Disposable-Vape-Wholesale-Price-297x300.jpg",297,300,true],"medium_large":["https:\/\/vapestornado.com\/wp-content\/uploads\/2024\/12\/WASPE-25000-Puffs-Disposable-Vape-Wholesale-Price-768x776.jpg",768,776,true],"large":["https:\/\/vapestornado.com\/wp-content\/uploads\/2024\/12\/WASPE-25000-Puffs-Disposable-Vape-Wholesale-Price-1014x1024.jpg",1014,1024,true],"1536x1536":["https:\/\/vapestornado.com\/wp-content\/uploads\/2024\/12\/WASPE-25000-Puffs-Disposable-Vape-Wholesale-Price.jpg",1126,1137,false],"2048x2048":["https:\/\/vapestornado.com\/wp-content\/uploads\/2024\/12\/WASPE-25000-Puffs-Disposable-Vape-Wholesale-Price.jpg",1126,1137,false],"trp-custom-language-flag":["https:\/\/vapestornado.com\/wp-content\/uploads\/2024\/12\/WASPE-25000-Puffs-Disposable-Vape-Wholesale-Price.jpg",12,12,false],"woocommerce_thumbnail":["https:\/\/vapestornado.com\/wp-content\/uploads\/2024\/12\/WASPE-25000-Puffs-Disposable-Vape-Wholesale-Price-300x300.jpg",300,300,true],"woocommerce_single":["https:\/\/vapestornado.com\/wp-content\/uploads\/2024\/12\/WASPE-25000-Puffs-Disposable-Vape-Wholesale-Price-600x606.jpg",600,606,true],"woocommerce_gallery_thumbnail":["https:\/\/vapestornado.com\/wp-content\/uploads\/2024\/12\/WASPE-25000-Puffs-Disposable-Vape-Wholesale-Price-100x100.jpg",100,100,true]},"uagb_author_info":{"display_name":"ESAMY","author_link":"https:\/\/vapestornado.com\/da\/author\/"},"uagb_comment_info":0,"uagb_excerpt":"The Waspe 25000 Puffs Disposable Vape offers dual flavors, LED display, and up to 25K puffs. Perfect for wholesale buyers in Poland, combining capacity, flavor variety, and competitive bulk pricing. Add Amy's whatsapp to get right reply and vape vape coupon! WhatsApp: +86 17776015835 &nbsp;","_links":{"self":[{"href":"https:\/\/vapestornado.com\/da\/wp-json\/wp\/v2\/product\/3000","targetHints":{"allow":["GET"]}}],"collection":[{"href":"https:\/\/vapestornado.com\/da\/wp-json\/wp\/v2\/product"}],"about":[{"href":"https:\/\/vapestornado.com\/da\/wp-json\/wp\/v2\/types\/product"}],"replies":[{"embeddable":true,"href":"https:\/\/vapestornado.com\/da\/wp-json\/wp\/v2\/comments?post=3000"}],"wp:featuredmedia":[{"embeddable":true,"href":"https:\/\/vapestornado.com\/da\/wp-json\/wp\/v2\/media\/2995"}],"wp:attachment":[{"href":"https:\/\/vapestornado.com\/da\/wp-json\/wp\/v2\/media?parent=3000"}],"wp:term":[{"taxonomy":"product_brand","embeddable":true,"href":"https:\/\/vapestornado.com\/da\/wp-json\/wp\/v2\/product_brand?post=3000"},{"taxonomy":"product_cat","embeddable":true,"href":"https:\/\/vapestornado.com\/da\/wp-json\/wp\/v2\/product_cat?post=3000"},{"taxonomy":"product_tag","embeddable":true,"href":"https:\/\/vapestornado.com\/da\/wp-json\/wp\/v2\/product_tag?post=3000"}],"curies":[{"name":"wp","href":"https:\/\/api.w.org\/{rel}","templated":true}]}}