{"id":2980,"date":"2024-12-06T06:49:43","date_gmt":"2024-12-06T06:49:43","guid":{"rendered":"https:\/\/vapestornado.com\/?post_type=product&#038;p=2980"},"modified":"2025-08-23T12:26:33","modified_gmt":"2025-08-23T12:26:33","slug":"waspe-vape-30000-fihp-30k-puffs-disposable-vape-wholesale-price-in-germany","status":"publish","type":"product","link":"https:\/\/vapestornado.com\/da\/product\/waspe-vape-30000-fihp-30k-puffs-disposable-vape-wholesale-price-in-germany\/","title":{"rendered":"Waspe Vape 30000 FIHP 30K Puffs Engangs Vape Engros Pris i Danmark"},"content":{"rendered":"<h1 class=\"product-title\">Waspe Vape 30000 FIHP 30K Puffs Engangs Vape Engros Pris i Danmark<\/h1>\n<p>Leder du efter en f\u00f8rsteklasses vaping-l\u00f8sning, der kombinerer h\u00f8j ydeevne med exceptionelle smagsmuligheder? S\u00e5 er <strong>Waspe Vape FIHP 30000 Pust Engangs Vape<\/strong> her for at l\u00f8fte din vaping-oplevelse. Med <strong>dobbelte tilstande<\/strong>, justerbare nikotinniveauer og et elegant LED-display er denne enhed perfekt til dem, der s\u00f8ger kvalitet og tilpasning til en konkurrencedygtig engrospris i Danmark.<\/p>\n<p>Uanset om du er en forhandler, der leder efter <strong>vape engrostilbud i Danmark<\/strong> eller en person, der s\u00f8ger en h\u00f8jtydende, <strong>engangs vape med lavt nikotinindhold<\/strong>tilbyder Waspe 30K uovertruffen v\u00e6rdi. Dens <strong>genopladelig vape<\/strong> design og innovative funktioner g\u00f8r den til en fremtr\u00e6dende spiller p\u00e5 markedet.<\/p>\n<p>Waspe FIHP kommer i en r\u00e6kke forskellige <strong>dobbelte smagskombinationer<\/strong>, der leverer rige og tilfredsstillende smagsoplevelser, der passer til enhver smag.<\/p>\n<p>Udnyt <strong>Waspe Vape 30000 FIHP 30K Puffs Engangs Vape Engros Pris i Danmark<\/strong> og bring dette banebrydende produkt til dine kunder i dag!<\/p>\n<p>&nbsp;<\/p>\n<p><strong>Tilf\u00f8j Amys Whatsapp for at f\u00e5 det rigtige svar og en vape-kupon!<\/strong><\/p>\n<p><img fetchpriority=\"high\" decoding=\"async\" class=\"size-full wp-image-2932\" src=\"https:\/\/vapestornado.com\/wp-content\/uploads\/2024\/12\/Vape-Wholesale.jpg\" alt=\"Vape Engros\" width=\"229\" height=\"300\" \/><\/p>\n<h3><a href=\"https:\/\/wa.me\/8617776015835\" target=\"_blank\" rel=\"noopener\"><span style=\"color: #ff0000;\"><strong>WhatsApp: +86 17776015835<\/strong><\/span><\/a><\/h3>\n<p>&nbsp;<\/p>\n<h4><strong style=\"font-size: 1.7em;\">Waspe Vape 30000 Produktfunktioner<\/strong><\/h4>\n<h4><\/h4>\n<ul>\n<li><strong>30000 Pust med Dobbelt Tilstand<\/strong>:<br \/>\nNyd op til <strong>30.000 sug<\/strong> i almindelig tilstand for lange sessioner, eller skift til <strong>pulstilstand<\/strong> for en mere intens oplevelse, der giver 15.000 pust. Perfekt til brugere, der v\u00e6rds\u00e6tter fleksibilitet.<\/li>\n<li><strong>Flere Nikotinmuligheder<\/strong>:<br \/>\nTilpas din vapingoplevelse med <strong>0%, 2% eller 5% nikotinniveauer<\/strong>, der henvender sig til b\u00e5de lav-nikotin entusiaster og dem, der foretr\u00e6kker et st\u00e6rkere hit.<\/li>\n<li><strong>28 ml E-v\u00e6ske Kapacitet<\/strong>:<br \/>\nDenne enhed indeholder en gener\u00f8s m\u00e6ngde <strong>28 ml e-v\u00e6ske<\/strong>, hvilket reducerer behovet for hyppige genopfyldninger og sikrer forl\u00e6nget brug.<\/li>\n<li><strong>Dual Mesh Coil Teknologi<\/strong>:<br \/>\nUdstyret med avanceret <strong>1ohm + 1ohm dobbelt mesh coils<\/strong>, leverer Waspe 30K en j\u00e6vnere damp og konsekvent rig smag.<\/li>\n<li><strong>Genopladelig og Effektiv<\/strong>:<br \/>\nMed en <strong>850mAh genopladelige batteri<\/strong> med <strong>Type-C hurtigopladning<\/strong>, sikrer denne vape, at du forbliver opladet hele dagen med minimal nedetid.<\/li>\n<li><strong>LED-display for Nem Overv\u00e5gning<\/strong>:<br \/>\nDet indbyggede <strong>LED-sk\u00e6rm<\/strong> viser puff-antal og batterilevetid i realtid, hvilket giver dig fuld kontrol over dine vape-sessioner.<\/li>\n<li><strong>Justerbar luftstr\u00f8m for tilpasning<\/strong>:<br \/>\nMed en <strong>justerbare luftstr\u00f8mssystem<\/strong>kan du \u00e6ndre intensiteten af dit sug for en skr\u00e6ddersyet vape-oplevelse.<\/li>\n<\/ul>\n<h2 class=\"product-title\"><strong>WASPE 30000 Smagsliste<\/strong><\/h2>\n<p>1.Jordb\u00e6r Mango<br \/>\n2.Blandede B\u00e6r<br \/>\n3. Vandmelon Is<br \/>\n4.Jordb\u00e6r Vandmelon<br \/>\n5.Jordb\u00e6r Red Bull<br \/>\n6.Kiwi Passionsfrugt Guava<br \/>\n7. Drue Is<br \/>\n8. Dobbelt \u00c6ble Is<br \/>\n9. Bl\u00e5b\u00e6r Hindb\u00e6r<br \/>\n10. Vandmelon Mango Is<br \/>\n11. Bl\u00e5b\u00e6ris<br \/>\n12. Fersken B\u00e6r<br \/>\n13. Jordb\u00e6r Kiwi<br \/>\n14. Kirseb\u00e6r Is<br \/>\n15. Jordb\u00e6r Superburst Kirseb\u00e6r<br \/>\n16. Vandmelon Tyggegummi<\/p>\n<h3>Hvorfor v\u00e6lge vapestornado til WASPE 30k Vape Engros?<\/h3>\n<div class=\"flex-shrink-0 flex flex-col relative items-end\">\n<div class=\"pt-0\">\n<div class=\"gizmo-bot-avatar flex h-8 w-8 items-center justify-center overflow-hidden rounded-full\">\n<div class=\"relative p-1 rounded-sm flex items-center justify-center bg-token-main-surface-primary text-token-text-primary h-8 w-8\">\n<p>Velkommen til vapestornado, din betroede online vape shop for premium engangs vapes. Med mere end 5 \u00e5rs ekspertise tilbyder vi dig popul\u00e6re engangs vape-m\u00e6rker som Fumot RandM Vape, Vapme, Bang Vape, Waspe Vape og WGA Vape, m.m.<\/p>\n<p>Vores sortiment omfatter popul\u00e6re vapes som <a href=\"https:\/\/vapestornado.com\/da\/product\/fumot-randm-tornado-15000-puffs-rechargeable-disposable-vape-wholesale\/\">RandM Tornado 15000<\/a>, og smagsrige valg som <a href=\"https:\/\/vapestornado.com\/da\/product\/waspe-40000-puffs-double-flavour-led-display-disposable-vape-wholesale\/\">WASPE Dobbeltsmag 40000 sug<\/a> . Hvert produkt er valgt med fokus p\u00e5 kvalitet, v\u00e6rdi og variation, hvilket sikrer, at du finder det perfekte match til dine behov. Oplev enest\u00e5ende service og et bredt udvalg af topprodukter hos vapestornado.<\/p>\n<\/div>\n<h3><\/h3>\n<div class=\"relative p-1 rounded-sm flex items-center justify-center bg-token-main-surface-primary text-token-text-primary h-8 w-8\">\n<h3>Ofte stillede sp\u00f8rgsm\u00e5l om WASPE 40k Genopladelig Engangs Vape<\/h3>\n<\/div>\n<\/div>\n<\/div>\n<\/div>\n<div class=\"group\/conversation-turn relative flex w-full min-w-0 flex-col agent-turn\">\n<div class=\"flex-col gap-1 md:gap-3\">\n<div class=\"flex max-w-full flex-col flex-grow\">\n<div class=\"min-h-8 text-message flex w-full flex-col items-end gap-2 whitespace-normal break-words [.text-message+&amp;]:mt-5\" dir=\"auto\" data-message-author-role=\"assistant\" data-message-id=\"db716a1c-9ed0-4b8d-b3b0-7bdb913c3d42\" data-message-model-slug=\"gpt-4o\">\n<div class=\"flex w-full flex-col gap-1 empty:hidden first:pt-[3px]\">\n<div class=\"markdown prose w-full break-words dark:prose-invert light\">\n<ul>\n<li><strong>Hvor kan man k\u00f8be WASPE FIHP 30000 Puffs engangs vape til engrospris i Tyskland?<\/strong><br \/>\nDu kan k\u00f8be WASPE FIHP 30000 Puffs engangs vape til engrospriser i Tyskland gennem betroede <strong>vape engrosleverand\u00f8rer<\/strong> eller online engrosplatforme som vapestornado, der specialiserer sig i vapingprodukter.<\/li>\n<li><strong>Hvor mange sug giver WASPE FIHP 30k Puffs?<\/strong><br \/>\nWASPE FIHP 30K tilbyder <strong>30.000 sug<\/strong> i normal tilstand, eller <strong>15.000 sug<\/strong> i pulstilstand for en mere intens vapingoplevelse.<\/li>\n<li><strong>Hvor l\u00e6nge holder den popul\u00e6re WASPE vape 30000 puffs Ultra engangs vape boks?<\/strong><br \/>\nEnhedens levetid afh\u00e6nger af brugsfrekvensen. For moderate dampere kan <strong>30.000 sug<\/strong> den holde i flere uger, hvilket g\u00f8r den til et ideelt valg til l\u00e6ngerevarende brug.<\/li>\n<li><strong>Hvad er de popul\u00e6re smagsvarianter til WASPE 30000 digital boks vape?<\/strong><br \/>\nWASPE 30000 digital boks vape har en <strong>dobbelt smagsoplevelse<\/strong>, der tilbyder forskellige og tilfredsstillende kombinationer. Popul\u00e6re valg varierer, men inkluderer ofte frugtagtige, mintagtige og dessertinspirerede blandinger, der passer til forskellige pr\u00e6ferencer.<\/li>\n<li><strong>Hvor lang tid tager det at oplade en WASPE FIHP 30k engangs vape?<\/strong><br \/>\nDen <strong>850mAh genopladelige batteri<\/strong> oplades hurtigt via en <strong>Type-C opladningsporten<\/strong>, og tager typisk omkring <strong>1 til 1,5 time<\/strong> for en fuld opladning.<\/li>\n<li><strong>Hvor meget nikotin er der i en WASPE 30000 Digital sk\u00e6rm boks engangs vape?<\/strong><br \/>\nWASPE 30000 tilbyder <strong>nikotinmuligheder p\u00e5 0%, 2% eller 5%<\/strong>, hvilket giver brugerne mulighed for at v\u00e6lge den nikotinstyrke, der passer bedst til deres pr\u00e6ference.<\/li>\n<\/ul>\n<\/div>\n<\/div>\n<\/div>\n<\/div>\n<\/div>\n<\/div>","protected":false},"excerpt":{"rendered":"<p>WASPE FIHP 30000 Pust LED Display Engangs Vape<br \/>\nWaspe 30000 Pust FIHP Vape Elektrisk Cigaret 30k<br \/>\nWASPE Vape 30000 Pust Dual Mesh 0% 2% 5% Nikotin<\/p>\n<p><strong>Tilf\u00f8j Amys whatsapp, f\u00e5 et hurtigt svar og en vape-kupon!<\/strong><\/p>\n<p><img fetchpriority=\"high\" decoding=\"async\" class=\"size-full wp-image-2932\" src=\"https:\/\/vapestornado.com\/wp-content\/uploads\/2024\/12\/Vape-Wholesale.jpg\" alt=\"Vape Engros\" width=\"229\" height=\"300\" \/><\/p>\n<h3><a href=\"https:\/\/wa.me\/8617776015835\"><span style=\"color: #ff0000;\"><strong>WhatsApp: +86 17776015835<\/strong><\/span><\/a><\/h3>\n<p>&nbsp;<\/p>","protected":false},"featured_media":2977,"comment_status":"open","ping_status":"closed","template":"","meta":{"_acf_changed":false,"_uag_custom_page_level_css":"","_lmt_disableupdate":"no","_lmt_disable":"","_monsterinsights_skip_tracking":false,"_monsterinsights_sitenote_active":false,"_monsterinsights_sitenote_note":"","_monsterinsights_sitenote_category":0,"site-sidebar-layout":"default","site-content-layout":"","ast-site-content-layout":"default","site-content-style":"default","site-sidebar-style":"default","ast-global-header-display":"","ast-banner-title-visibility":"","ast-main-header-display":"","ast-hfb-above-header-display":"","ast-hfb-below-header-display":"","ast-hfb-mobile-header-display":"","site-post-title":"","ast-breadcrumbs-content":"","ast-featured-img":"","footer-sml-layout":"","ast-disable-related-posts":"","theme-transparent-header-meta":"default","adv-header-id-meta":"","stick-header-meta":"","header-above-stick-meta":"","header-main-stick-meta":"","header-below-stick-meta":"","astra-migrate-meta-layouts":"set","ast-page-background-enabled":"default","ast-page-background-meta":{"desktop":{"background-color":"","background-image":"","background-repeat":"repeat","background-position":"center center","background-size":"auto","background-attachment":"scroll","background-type":"","background-media":"","overlay-type":"","overlay-color":"","overlay-opacity":"","overlay-gradient":""},"tablet":{"background-color":"","background-image":"","background-repeat":"repeat","background-position":"center center","background-size":"auto","background-attachment":"scroll","background-type":"","background-media":"","overlay-type":"","overlay-color":"","overlay-opacity":"","overlay-gradient":""},"mobile":{"background-color":"","background-image":"","background-repeat":"repeat","background-position":"center center","background-size":"auto","background-attachment":"scroll","background-type":"","background-media":"","overlay-type":"","overlay-color":"","overlay-opacity":"","overlay-gradient":""}},"ast-content-background-meta":{"desktop":{"background-color":"var(--ast-global-color-5)","background-image":"","background-repeat":"repeat","background-position":"center center","background-size":"auto","background-attachment":"scroll","background-type":"","background-media":"","overlay-type":"","overlay-color":"","overlay-opacity":"","overlay-gradient":""},"tablet":{"background-color":"var(--ast-global-color-5)","background-image":"","background-repeat":"repeat","background-position":"center center","background-size":"auto","background-attachment":"scroll","background-type":"","background-media":"","overlay-type":"","overlay-color":"","overlay-opacity":"","overlay-gradient":""},"mobile":{"background-color":"var(--ast-global-color-5)","background-image":"","background-repeat":"repeat","background-position":"center center","background-size":"auto","background-attachment":"scroll","background-type":"","background-media":"","overlay-type":"","overlay-color":"","overlay-opacity":"","overlay-gradient":""}},"_joinchat":{"telephone":"+8617776015835"}},"product_brand":[],"product_cat":[67,152,157,158,142,146,60],"product_tag":[100,99,101],"class_list":{"0":"post-2980","1":"product","2":"type-product","3":"status-publish","4":"has-post-thumbnail","6":"product_cat-30000-puff","7":"product_cat-buy-disposable-vapes-in-cermany","8":"product_cat-buy-disposable-vapes-in-portugal","9":"product_cat-buy-disposable-vapes-in-spain","10":"product_cat-digital-box-disposable-vapes","11":"product_cat-rechargeable-disposable-vapes","12":"product_cat-waspe-fihp-vape","13":"product_tag-wasoe-vape","14":"product_tag-waspe-30000-puffs","15":"product_tag-waspe-30k","16":"desktop-align-left","17":"tablet-align-left","18":"mobile-align-left","20":"first","21":"instock","22":"sale","23":"shipping-taxable","24":"purchasable","25":"product-type-simple"},"acf":[],"uagb_featured_image_src":{"full":["https:\/\/vapestornado.com\/wp-content\/uploads\/2024\/12\/Waspe-FIHP-30000-30K-Puffs-Disposable-Vape.jpg",800,800,false],"thumbnail":["https:\/\/vapestornado.com\/wp-content\/uploads\/2024\/12\/Waspe-FIHP-30000-30K-Puffs-Disposable-Vape-150x150.jpg",150,150,true],"medium":["https:\/\/vapestornado.com\/wp-content\/uploads\/2024\/12\/Waspe-FIHP-30000-30K-Puffs-Disposable-Vape-300x300.jpg",300,300,true],"medium_large":["https:\/\/vapestornado.com\/wp-content\/uploads\/2024\/12\/Waspe-FIHP-30000-30K-Puffs-Disposable-Vape-768x768.jpg",768,768,true],"large":["https:\/\/vapestornado.com\/wp-content\/uploads\/2024\/12\/Waspe-FIHP-30000-30K-Puffs-Disposable-Vape.jpg",800,800,false],"1536x1536":["https:\/\/vapestornado.com\/wp-content\/uploads\/2024\/12\/Waspe-FIHP-30000-30K-Puffs-Disposable-Vape.jpg",800,800,false],"2048x2048":["https:\/\/vapestornado.com\/wp-content\/uploads\/2024\/12\/Waspe-FIHP-30000-30K-Puffs-Disposable-Vape.jpg",800,800,false],"trp-custom-language-flag":["https:\/\/vapestornado.com\/wp-content\/uploads\/2024\/12\/Waspe-FIHP-30000-30K-Puffs-Disposable-Vape.jpg",12,12,false],"woocommerce_thumbnail":["https:\/\/vapestornado.com\/wp-content\/uploads\/2024\/12\/Waspe-FIHP-30000-30K-Puffs-Disposable-Vape-300x300.jpg",300,300,true],"woocommerce_single":["https:\/\/vapestornado.com\/wp-content\/uploads\/2024\/12\/Waspe-FIHP-30000-30K-Puffs-Disposable-Vape-600x600.jpg",600,600,true],"woocommerce_gallery_thumbnail":["https:\/\/vapestornado.com\/wp-content\/uploads\/2024\/12\/Waspe-FIHP-30000-30K-Puffs-Disposable-Vape-100x100.jpg",100,100,true]},"uagb_author_info":{"display_name":"ESAMY","author_link":"https:\/\/vapestornado.com\/da\/author\/"},"uagb_comment_info":0,"uagb_excerpt":"WASPE FIHP 30000 Puffs LED Display Disposable Vape Waspe 30000 Puffs FIHP Vape Electric Cigarette 30k WASPE Vape 30000 Puffs Dual Mesh 0% 2% 5% Nicotine Add Amy's whatsapp to get right reply and vape vape coupon! WhatsApp: +86 17776015835 &nbsp;","_links":{"self":[{"href":"https:\/\/vapestornado.com\/da\/wp-json\/wp\/v2\/product\/2980","targetHints":{"allow":["GET"]}}],"collection":[{"href":"https:\/\/vapestornado.com\/da\/wp-json\/wp\/v2\/product"}],"about":[{"href":"https:\/\/vapestornado.com\/da\/wp-json\/wp\/v2\/types\/product"}],"replies":[{"embeddable":true,"href":"https:\/\/vapestornado.com\/da\/wp-json\/wp\/v2\/comments?post=2980"}],"wp:featuredmedia":[{"embeddable":true,"href":"https:\/\/vapestornado.com\/da\/wp-json\/wp\/v2\/media\/2977"}],"wp:attachment":[{"href":"https:\/\/vapestornado.com\/da\/wp-json\/wp\/v2\/media?parent=2980"}],"wp:term":[{"taxonomy":"product_brand","embeddable":true,"href":"https:\/\/vapestornado.com\/da\/wp-json\/wp\/v2\/product_brand?post=2980"},{"taxonomy":"product_cat","embeddable":true,"href":"https:\/\/vapestornado.com\/da\/wp-json\/wp\/v2\/product_cat?post=2980"},{"taxonomy":"product_tag","embeddable":true,"href":"https:\/\/vapestornado.com\/da\/wp-json\/wp\/v2\/product_tag?post=2980"}],"curies":[{"name":"wp","href":"https:\/\/api.w.org\/{rel}","templated":true}]}}