{"id":2958,"date":"2024-12-05T08:16:37","date_gmt":"2024-12-05T08:16:37","guid":{"rendered":"https:\/\/vapestornado.com\/?post_type=product&#038;p=2958"},"modified":"2025-08-23T10:27:04","modified_gmt":"2025-08-23T10:27:04","slug":"randm-vape-tornado-15k-puffs-disposable-vapes-wholesale-price-2-5-nicotine","status":"publish","type":"product","link":"https:\/\/vapestornado.com\/da\/product\/randm-vape-tornado-15k-puffs-disposable-vapes-wholesale-price-2-5-nicotine\/","title":{"rendered":"Randm Vape Tornado 15k Puffs engangs vapes engrospris 2% 5% nikotin"},"content":{"rendered":"<h1>Randm Vape Tornado 15k Puffs Engangsvapes Engrospris 2% 5% Nikotin<\/h1>\n<p>&nbsp;<\/p>\n<p data-start=\"206\" data-end=\"513\">Den <strong data-start=\"210\" data-end=\"247\">RandM Tornado 15K Engangs Vape<\/strong> er bygget til at give detailhandlere og distribut\u00f8rer en p\u00e5lidelig mulighed med h\u00f8j volumen til deres hylder. Hver enhed er forudfyldt med <strong data-start=\"383\" data-end=\"403\">25 ml e-v\u00e6ske<\/strong> og drives af en <strong data-start=\"425\" data-end=\"456\">850mAh genopladelige batteri<\/strong>, der tilbyder op til <strong data-start=\"473\" data-end=\"489\">15.000 sug<\/strong> uden afbrydelse.<\/p>\n<p data-start=\"515\" data-end=\"845\">Konstrueret med et <strong data-start=\"533\" data-end=\"553\">mesh coil system<\/strong>leverer enheden stabil damp produktion og fyldig smag. Brugere kan nemt overv\u00e5ge ydeevnen gennem de <strong data-start=\"672\" data-end=\"691\">dobbelte indikatorer<\/strong> for b\u00e5de batteri- og v\u00e6skeniveauer. Dens <strong data-start=\"732\" data-end=\"767\">tr\u00e6k-aktiverede affyringsmekanisme<\/strong> sikrer enkel, knapfri brug, hvilket g\u00f8r den velegnet til hverdags kunder.<\/p>\n<p data-start=\"847\" data-end=\"1119\">Den <strong data-start=\"851\" data-end=\"875\">Type-C hurtigopladning<\/strong> port reducerer nedetiden mellem sessioner, og den lette <strong data-start=\"936\" data-end=\"950\">103g ramme<\/strong> g\u00f8r den nem at have med p\u00e5 farten. Med <strong data-start=\"990\" data-end=\"1022\">2% og 5% nikotinstyrker<\/strong>, <strong data-start=\"1028\" data-end=\"1041\">RandM 15K<\/strong> kan b\u00e5de lettere brugere og dem, der foretr\u00e6kker et st\u00e6rkere sug, v\u00e6re med.<\/p>\n<p data-start=\"1121\" data-end=\"1311\">Designet med engrossalg i tankerne, er <strong data-start=\"1158\" data-end=\"1193\">RandM Tornado 15.000 Puffs Vape<\/strong> balancerer kapacitet, brugervenlighed og konkurrencedygtige bulkpriser \u2013 hvilket g\u00f8r det til en smart tilf\u00f8jelse til europ\u00e6iske vape-varelagre.<\/p>\n<p><img fetchpriority=\"high\" decoding=\"async\" class=\"size-medium wp-image-2951\" src=\"https:\/\/vapestornado.com\/wp-content\/uploads\/2024\/12\/Wholesale-Disposable-Vape-265x300.jpg\" alt=\"Engros Engangsvape\" width=\"265\" height=\"300\" srcset=\"https:\/\/vapestornado.com\/wp-content\/uploads\/2024\/12\/Wholesale-Disposable-Vape-265x300.jpg 265w, https:\/\/vapestornado.com\/wp-content\/uploads\/2024\/12\/Wholesale-Disposable-Vape-768x871.jpg 768w, https:\/\/vapestornado.com\/wp-content\/uploads\/2024\/12\/Wholesale-Disposable-Vape-600x680.jpg 600w, https:\/\/vapestornado.com\/wp-content\/uploads\/2024\/12\/Wholesale-Disposable-Vape.jpg 823w\" sizes=\"(max-width: 265px) 100vw, 265px\" \/><\/p>\n<h6>Venligst kontakt Mandys WhatsApp for rabatpris<a href=\"https:\/\/wa.me\/8618077105796\" target=\"_blank\" rel=\"noopener\">+8618077105796<\/a><\/h6>\n<p>&nbsp;<\/p>\n<h2><strong>RandM Tornado Vape 15000 Puffs \u2013 Produkth\u00f8jdepunkter<\/strong><\/h2>\n<ul>\n<li><strong>Udvidet Brug<\/strong>: Giver imponerende 15.000 sug, hvilket sikrer langvarig ydeevne for hyppige brugere.<\/li>\n<li><strong>Smarte Indikatorer<\/strong>: Udstyret med batteri- og e-v\u00e6skeindikatorer, der giver opdateringer i realtid for at undg\u00e5 uventede afbrydelser.<\/li>\n<li><strong>Ubesv\u00e6ret Betjening<\/strong>: Aktiveres ved et enkelt sug, hvilket eliminerer behovet for knapper og giver en problemfri dampoplevelse.<\/li>\n<li><strong>Opladningsvenlig<\/strong>: Drevet af et 850 mAh genopladeligt batteri med en Type-C-opladningsport for hurtig og effektiv opladning.<\/li>\n<li><strong>Overlegent Coilsystem<\/strong>: Har avanceret mesh coil-teknologi for konsekvente, rige smage og tykke dampskyer.<\/li>\n<li><strong>Engrosklar<\/strong>: Pakning p\u00e5 200 enheder pr. karton henvender sig til grossister og detaildistribut\u00f8rer i Danmark.<\/li>\n<li><strong>B\u00e6rbart Design<\/strong>: Med en v\u00e6gt p\u00e5 kun 103 g er dette letv\u00e6gtsdesign perfekt til en livsstil p\u00e5 farten.<\/li>\n<\/ul>\n<p>&nbsp;<\/p>\n<h2><strong>RandM Tornado 15000 Puff Detaljerede Smagsbeskrivelser<\/strong><\/h2>\n<p>1.Bl\u00e5 hindb\u00e6r limonade<br \/>\n2.Fersken is<br \/>\n3.Sur \u00e6ble<br \/>\n4.Vandmelon is<br \/>\n5.Bl\u00e5b\u00e6r p\u00e5 is<br \/>\n6.Bl\u00e5b\u00e6r hindb\u00e6r<br \/>\n7.Ananas Is<br \/>\n8.Kirseb\u00e6r<br \/>\n9.Jordb\u00e6r Is<br \/>\n10.Vimto<br \/>\n11.Drue Is<br \/>\n12.Cola Is<br \/>\n13.Jordb\u00e6r Vandmelon<br \/>\n14.Pink Limonade<br \/>\n15.Blandede B\u00e6r<br \/>\n16.Fersken Mango<br \/>\n17.Dragefrugt<br \/>\n18.Jordb\u00e6r Drue<br \/>\n19.Mr Blue<br \/>\n20.Lush Is<br \/>\n21.Ispind<br \/>\n22.Jordb\u00e6r Kiwi<br \/>\n23.Kiwi Passionsfrugt Guava<br \/>\n24.Tredobbelt B\u00e6r<br \/>\n25.Banan Is<br \/>\n26.Fersken Bl\u00e5b\u00e6r Slik<br \/>\n27.\u00c6ble Fersken P\u00e6re<br \/>\n28.B\u00e6r Limonade<br \/>\n29.Bl\u00e5 Hindb\u00e6r Kirseb\u00e6r<br \/>\n30.Bl\u00e5b\u00e6r Bubblegum<br \/>\n31.Bl\u00e5b\u00e6r Kirseb\u00e6r Traneb\u00e6r<br \/>\n32.Bl\u00e5b\u00e6r Granat\u00e6ble<br \/>\n33.Bl\u00e5syrlig Hindb\u00e6r<br \/>\n34.Kirseb\u00e6r Cola<br \/>\n35.Gummibj\u00f8rn<br \/>\n36.Citron<br \/>\n37.Mango p\u00e5 Is<br \/>\n38.R\u00f8d Energi Is<br \/>\n39.Jordb\u00e6r Banan<br \/>\n40.Jordb\u00e6r Red Bull<br \/>\n41.Jordb\u00e6r Vandmelon Limonade<br \/>\n42.Iste Citron Is<br \/>\n43.Iste Fersken Is<br \/>\n44.Fizzy Kirseb\u00e6r<br \/>\n45.Skittles<\/p>\n<h3><strong>Hvorfor v\u00e6lge RandM Tornado 15000 Pust?<\/strong><\/h3>\n<ul>\n<li><strong>Uovertruffen levetid<\/strong><br \/>\nNyd op til 15.000 sug pr. enhed, hvilket sikrer forl\u00e6nget brug uden hyppige udskiftninger \u2013 et perfekt valg for erfarne dampere.<\/li>\n<li><strong>Avanceret Teknologi<\/strong><br \/>\nMed mesh coil-teknologi leverer RandM Tornado overlegne smagsprofiler og t\u00e6tte dampskyer, der forbedrer din dampoplevelse.<\/li>\n<li><strong>Bekvemmelighed redefineret<\/strong><br \/>\nMed et auto-draw aktiveringssystem er dampning lige s\u00e5 simpelt som at inhalere \u2013 ingen knapper, intet besv\u00e6r, kun ubesv\u00e6ret nydelse.<\/li>\n<li><strong>Genopladeligt Batteri<\/strong><br \/>\nDet genopladelige 850mAh batteri, kombineret med en Type-C opladningsport, giver hurtige genopladninger og holder dig klar til at dampe n\u00e5r som helst.<\/li>\n<li><strong>Realtidsoverv\u00e5gning<\/strong><br \/>\nUdstyret med batteri- og e-v\u00e6skeindikatorer kan du holde dig informeret om din enheds status og undg\u00e5 uventede afbrydelser.<\/li>\n<\/ul>\n<h3><strong>K\u00f8b RandM Tornado 15000 Puffs i bulk<\/strong><\/h3>\n<p><strong>Overkommelig kvalitet<\/strong><br \/>\nAt k\u00f8be RandM Tornado 15000 Puffs i bulk er en omkostningseffektiv m\u00e5de at nyde f\u00f8rsteklasses dampning til en lavere pris pr. enhed. Denne mulighed er ideel for forhandlere og individuelle k\u00f8bere, der s\u00f8ger maksimal v\u00e6rdi uden at g\u00e5 p\u00e5 kompromis med kvaliteten.<\/p>\n<p><strong>Konstant tilg\u00e6ngelighed<\/strong><br \/>\nSikre dig, at du aldrig l\u00f8ber t\u00f8r for din yndlings engangs-vape med bulkindk\u00f8b. Uanset om du er en forhandler eller en ivrig damper, garanterer en stabil forsyning af disse langtidsholdbare enheder uafbrudt tilfredshed.<\/p>\n<p><strong>Perfekt til virksomheder<\/strong><br \/>\nForhandlere og ejere af vape-butikker kan drage stor fordel af at have RandM Tornado 15000 p\u00e5 lager. Dets omd\u00f8mme for h\u00f8j ydeevne, genopladelige funktionalitet og imponerende antal sug g\u00f8r det til et tops\u00e6lgende produkt, der tiltr\u00e6kker en bred kundebase.<\/p>\n<p><strong>Tilpasset smagsudvalg<\/strong><br \/>\nMed et stort udvalg af smage, fra s\u00f8de og frugtige til klassiske og mentol, kan bulkordrer skr\u00e6ddersyes til at inkludere forskellige muligheder, der im\u00f8dekommer forskellige pr\u00e6ferencer. Denne fleksibilitet sikrer, at enhver kunde finder deres ideelle dampoplevelse.<\/p>\n<h3><\/h3>\n<h3><strong>Hvorfor v\u00e6lge vapestornado bulkindk\u00f8b af Randm Vape 15k puff?<\/strong><\/h3>\n<ul>\n<li><strong>Fordele ved engros<\/strong>: Store ordrer kommer med rabatterede priser, hvilket g\u00f8r det til et smart valg for virksomheder.<\/li>\n<li><strong>Milj\u00f8venligt design<\/strong>: Genopladelig teknologi reducerer spild sammenlignet med engangsenheder.<\/li>\n<li><strong>\u00d8gede fortjenstmargener<\/strong>Forhandlere kan drage fordel af populariteten af dette efterspurgte produkt.<\/li>\n<\/ul>\n<h3><strong>Udforsk RandM Vapes Verden<\/strong><\/h3>\n<p>Dyk ned i et omfattende udvalg af sp\u00e6ndende smagsvarianter som <strong>Bl\u00e5b\u00e6r Is<\/strong>, <strong>Mango Fersken<\/strong>, <strong>K\u00f8lende Mynte<\/strong>, og mere. Hver smag er skabt til at levere en unik og ensartet smag, hvilket sikrer, at hvert sug er lige s\u00e5 dejligt som det f\u00f8rste. Oplev det ypperste inden for damp tilfredsstillelse med RandM Tornado 15000 Puffs. Bulk muligheder er nu tilg\u00e6ngelige hos <a href=\"https:\/\/vapestornado.com\/da\/\"><strong>vapestornado<\/strong><\/a>, din betroede kilde til premium engangs vapes. K\u00f8b i dag og tag din damp rejse til det n\u00e6ste niveau!<\/p>","protected":false},"excerpt":{"rendered":"<p>Den <strong data-start=\"1355\" data-end=\"1381\">RandM Tornado 15K Vape<\/strong> tilbyder 25 ml kapacitet, 15.000 sug og dobbelte indikatorer. En let, genopladelig mulighed skr\u00e6ddersyet til <strong data-start=\"1487\" data-end=\"1523\">engros vape-markeder i Europa<\/strong>.<\/p>\n<figure id=\"attachment_2951\" aria-describedby=\"caption-attachment-2951\" style=\"width: 265px\" class=\"wp-caption alignnone\"><img fetchpriority=\"high\" decoding=\"async\" class=\"size-medium wp-image-2951\" src=\"https:\/\/vapestornado.com\/wp-content\/uploads\/2024\/12\/Wholesale-Disposable-Vape-265x300.jpg\" alt=\"Engros Engangsvape\" width=\"265\" height=\"300\" srcset=\"https:\/\/vapestornado.com\/wp-content\/uploads\/2024\/12\/Wholesale-Disposable-Vape-265x300.jpg 265w, https:\/\/vapestornado.com\/wp-content\/uploads\/2024\/12\/Wholesale-Disposable-Vape-768x871.jpg 768w, https:\/\/vapestornado.com\/wp-content\/uploads\/2024\/12\/Wholesale-Disposable-Vape-600x680.jpg 600w, https:\/\/vapestornado.com\/wp-content\/uploads\/2024\/12\/Wholesale-Disposable-Vape.jpg 823w\" sizes=\"(max-width: 265px) 100vw, 265px\" \/><figcaption id=\"caption-attachment-2951\" class=\"wp-caption-text\">Venligst kontakt Mandys WhatsApp for rabatpris<a href=\"https:\/\/wa.me\/8618077105796\">+8618077105796<\/a><\/figcaption><\/figure>\n<p>&nbsp;<\/p>","protected":false},"featured_media":2933,"comment_status":"open","ping_status":"closed","template":"","meta":{"_acf_changed":false,"_uag_custom_page_level_css":"","_lmt_disableupdate":"no","_lmt_disable":"","_monsterinsights_skip_tracking":false,"_monsterinsights_sitenote_active":false,"_monsterinsights_sitenote_note":"","_monsterinsights_sitenote_category":0,"site-sidebar-layout":"default","site-content-layout":"","ast-site-content-layout":"default","site-content-style":"default","site-sidebar-style":"default","ast-global-header-display":"","ast-banner-title-visibility":"","ast-main-header-display":"","ast-hfb-above-header-display":"","ast-hfb-below-header-display":"","ast-hfb-mobile-header-display":"","site-post-title":"","ast-breadcrumbs-content":"","ast-featured-img":"","footer-sml-layout":"","ast-disable-related-posts":"","theme-transparent-header-meta":"default","adv-header-id-meta":"","stick-header-meta":"","header-above-stick-meta":"","header-main-stick-meta":"","header-below-stick-meta":"","astra-migrate-meta-layouts":"set","ast-page-background-enabled":"default","ast-page-background-meta":{"desktop":{"background-color":"","background-image":"","background-repeat":"repeat","background-position":"center center","background-size":"auto","background-attachment":"scroll","background-type":"","background-media":"","overlay-type":"","overlay-color":"","overlay-opacity":"","overlay-gradient":""},"tablet":{"background-color":"","background-image":"","background-repeat":"repeat","background-position":"center center","background-size":"auto","background-attachment":"scroll","background-type":"","background-media":"","overlay-type":"","overlay-color":"","overlay-opacity":"","overlay-gradient":""},"mobile":{"background-color":"","background-image":"","background-repeat":"repeat","background-position":"center center","background-size":"auto","background-attachment":"scroll","background-type":"","background-media":"","overlay-type":"","overlay-color":"","overlay-opacity":"","overlay-gradient":""}},"ast-content-background-meta":{"desktop":{"background-color":"var(--ast-global-color-5)","background-image":"","background-repeat":"repeat","background-position":"center center","background-size":"auto","background-attachment":"scroll","background-type":"","background-media":"","overlay-type":"","overlay-color":"","overlay-opacity":"","overlay-gradient":""},"tablet":{"background-color":"var(--ast-global-color-5)","background-image":"","background-repeat":"repeat","background-position":"center center","background-size":"auto","background-attachment":"scroll","background-type":"","background-media":"","overlay-type":"","overlay-color":"","overlay-opacity":"","overlay-gradient":""},"mobile":{"background-color":"var(--ast-global-color-5)","background-image":"","background-repeat":"repeat","background-position":"center center","background-size":"auto","background-attachment":"scroll","background-type":"","background-media":"","overlay-type":"","overlay-color":"","overlay-opacity":"","overlay-gradient":""}},"_joinchat":{"telephone":"+8618077105796"}},"product_brand":[],"product_cat":[71,154,157,58,148],"product_tag":[97,80],"class_list":{"0":"post-2958","1":"product","2":"type-product","3":"status-publish","4":"has-post-thumbnail","6":"product_cat-15000-puff","7":"product_cat-buy-disposable-vapes-in-netherlands","8":"product_cat-buy-disposable-vapes-in-portugal","9":"product_cat-fumot-vape","10":"product_cat-tornado-disposable-vapes","11":"product_tag-hot-sale-disposable-vape","12":"product_tag-randm-15k","13":"desktop-align-left","14":"tablet-align-left","15":"mobile-align-left","17":"first","18":"instock","19":"sale","20":"shipping-taxable","21":"purchasable","22":"product-type-simple"},"acf":[],"uagb_featured_image_src":{"full":["https:\/\/vapestornado.com\/wp-content\/uploads\/2024\/12\/Discount-Price-Randm-Vape-Tornado-15000-Puffs-Apple-Peach-Pear.jpg",800,800,false],"thumbnail":["https:\/\/vapestornado.com\/wp-content\/uploads\/2024\/12\/Discount-Price-Randm-Vape-Tornado-15000-Puffs-Apple-Peach-Pear-150x150.jpg",150,150,true],"medium":["https:\/\/vapestornado.com\/wp-content\/uploads\/2024\/12\/Discount-Price-Randm-Vape-Tornado-15000-Puffs-Apple-Peach-Pear-300x300.jpg",300,300,true],"medium_large":["https:\/\/vapestornado.com\/wp-content\/uploads\/2024\/12\/Discount-Price-Randm-Vape-Tornado-15000-Puffs-Apple-Peach-Pear-768x768.jpg",768,768,true],"large":["https:\/\/vapestornado.com\/wp-content\/uploads\/2024\/12\/Discount-Price-Randm-Vape-Tornado-15000-Puffs-Apple-Peach-Pear.jpg",800,800,false],"1536x1536":["https:\/\/vapestornado.com\/wp-content\/uploads\/2024\/12\/Discount-Price-Randm-Vape-Tornado-15000-Puffs-Apple-Peach-Pear.jpg",800,800,false],"2048x2048":["https:\/\/vapestornado.com\/wp-content\/uploads\/2024\/12\/Discount-Price-Randm-Vape-Tornado-15000-Puffs-Apple-Peach-Pear.jpg",800,800,false],"trp-custom-language-flag":["https:\/\/vapestornado.com\/wp-content\/uploads\/2024\/12\/Discount-Price-Randm-Vape-Tornado-15000-Puffs-Apple-Peach-Pear.jpg",12,12,false],"woocommerce_thumbnail":["https:\/\/vapestornado.com\/wp-content\/uploads\/2024\/12\/Discount-Price-Randm-Vape-Tornado-15000-Puffs-Apple-Peach-Pear-300x300.jpg",300,300,true],"woocommerce_single":["https:\/\/vapestornado.com\/wp-content\/uploads\/2024\/12\/Discount-Price-Randm-Vape-Tornado-15000-Puffs-Apple-Peach-Pear-600x600.jpg",600,600,true],"woocommerce_gallery_thumbnail":["https:\/\/vapestornado.com\/wp-content\/uploads\/2024\/12\/Discount-Price-Randm-Vape-Tornado-15000-Puffs-Apple-Peach-Pear-100x100.jpg",100,100,true]},"uagb_author_info":{"display_name":"ESMANDY","author_link":"https:\/\/vapestornado.com\/da\/author\/"},"uagb_comment_info":0,"uagb_excerpt":"The RandM Tornado 15K Vape offers 25ml capacity, 15,000 puffs, and dual indicators. A lightweight, rechargeable option tailored for wholesale vape markets in Europe. [caption id=\"attachment_2951\" align=\"alignnone\" width=\"265\"] Pls Contact Mandy's WhatsApp For Discount Price+8618077105796[\/caption] &nbsp;","_links":{"self":[{"href":"https:\/\/vapestornado.com\/da\/wp-json\/wp\/v2\/product\/2958","targetHints":{"allow":["GET"]}}],"collection":[{"href":"https:\/\/vapestornado.com\/da\/wp-json\/wp\/v2\/product"}],"about":[{"href":"https:\/\/vapestornado.com\/da\/wp-json\/wp\/v2\/types\/product"}],"replies":[{"embeddable":true,"href":"https:\/\/vapestornado.com\/da\/wp-json\/wp\/v2\/comments?post=2958"}],"wp:featuredmedia":[{"embeddable":true,"href":"https:\/\/vapestornado.com\/da\/wp-json\/wp\/v2\/media\/2933"}],"wp:attachment":[{"href":"https:\/\/vapestornado.com\/da\/wp-json\/wp\/v2\/media?parent=2958"}],"wp:term":[{"taxonomy":"product_brand","embeddable":true,"href":"https:\/\/vapestornado.com\/da\/wp-json\/wp\/v2\/product_brand?post=2958"},{"taxonomy":"product_cat","embeddable":true,"href":"https:\/\/vapestornado.com\/da\/wp-json\/wp\/v2\/product_cat?post=2958"},{"taxonomy":"product_tag","embeddable":true,"href":"https:\/\/vapestornado.com\/da\/wp-json\/wp\/v2\/product_tag?post=2958"}],"curies":[{"name":"wp","href":"https:\/\/api.w.org\/{rel}","templated":true}]}}