{"id":2926,"date":"2024-12-03T08:03:07","date_gmt":"2024-12-03T08:03:07","guid":{"rendered":"https:\/\/vapestornado.com\/?post_type=product&#038;p=2926"},"modified":"2025-08-23T10:05:34","modified_gmt":"2025-08-23T10:05:34","slug":"fumot-digital-box-12000-puffs-cheap-price-disposable-vape","status":"publish","type":"product","link":"https:\/\/vapestornado.com\/da\/product\/fumot-digital-box-12000-puffs-cheap-price-disposable-vape\/","title":{"rendered":"Fumot Digital Box 12000 Puffs Billig Pris Engangs Vape"},"content":{"rendered":"<h1>Fumot Digital Box 12000 Puffs Billig Pris Engangs Vape<\/h1>\n<p>&nbsp;<\/p>\n<p data-start=\"298\" data-end=\"609\">Den <strong data-start=\"302\" data-end=\"351\">Fumot Digital Box 12000 Puffs Engangs Vape<\/strong> tilbyder langvarig ydeevne og st\u00e6rk engrosappel. Med en <strong data-start=\"420\" data-end=\"453\">20 ml forfyldt e-v\u00e6ske tank<\/strong> og op til <strong data-start=\"464\" data-end=\"491\">12.000 pust pr. enhed<\/strong>giver den forl\u00e6nget brug og ensartet smag, hvilket g\u00f8r den til et attraktivt valg for b\u00e5de detailhandlere og bulk-k\u00f8bere.<\/p>\n<p data-start=\"611\" data-end=\"868\">Drevet af en <strong data-start=\"624\" data-end=\"655\">550mAh genopladelige batteri<\/strong> med <strong data-start=\"661\" data-end=\"685\">Type-C hurtigopladning<\/strong>minimerer denne vape nedetid, samtidig med at den leverer p\u00e5lidelig ydeevne. Dens <strong data-start=\"759\" data-end=\"789\">justerbar luftstr\u00f8mskontrol<\/strong> giver kunderne mulighed for at skr\u00e6ddersy dampoutput, hvilket appellerer til en bred vifte af brugere.<\/p>\n<p data-start=\"870\" data-end=\"1111\">En unik funktion ved <strong data-start=\"894\" data-end=\"919\">Fumot 12K Digital Boks<\/strong> er den <strong data-start=\"927\" data-end=\"943\">6 RGB-lys<\/strong>, som aktiveres under brug for at tilf\u00f8je visuel appel \u2013 popul\u00e6rt blandt yngre europ\u00e6iske forbrugere. Kompakt, holdbar og let at b\u00e6re, den passer til b\u00e5de hverdagsbrug og social brug.<\/p>\n<p data-start=\"1113\" data-end=\"1315\">Med sin balance mellem h\u00f8j pustekapacitet, tilpasselige funktioner og <strong data-start=\"1180\" data-end=\"1213\">konkurrencedygtige engrospriser<\/strong>, <strong data-start=\"1219\" data-end=\"1246\">Fumot Digital Boks 12000<\/strong> er en smart tilf\u00f8jelse for vape-butikker og distribut\u00f8rer i hele Europa.<\/p>\n<p><img fetchpriority=\"high\" decoding=\"async\" class=\"size-medium wp-image-2951\" src=\"https:\/\/vapestornado.com\/wp-content\/uploads\/2024\/12\/Wholesale-Disposable-Vape-265x300.jpg\" alt=\"Engros Engangsvape\" width=\"265\" height=\"300\" srcset=\"https:\/\/vapestornado.com\/wp-content\/uploads\/2024\/12\/Wholesale-Disposable-Vape-265x300.jpg 265w, https:\/\/vapestornado.com\/wp-content\/uploads\/2024\/12\/Wholesale-Disposable-Vape-768x871.jpg 768w, https:\/\/vapestornado.com\/wp-content\/uploads\/2024\/12\/Wholesale-Disposable-Vape-600x680.jpg 600w, https:\/\/vapestornado.com\/wp-content\/uploads\/2024\/12\/Wholesale-Disposable-Vape.jpg 823w\" sizes=\"(max-width: 265px) 100vw, 265px\" \/><\/p>\n<h6>Venligst kontakt Mandys WhatsApp for rabatpris<a href=\"https:\/\/wa.me\/8618077105796\" target=\"_blank\" rel=\"noopener\">+8618077105796<\/a><\/h6>\n<p>&nbsp;<\/p>\n<h3>Produktegenskaber<\/h3>\n<ul>\n<li><strong>20 ml e-v\u00e6ske<\/strong>: Leverer enest\u00e5ende smag og op til 12.000 pust.<\/li>\n<li><strong>550mAh genopladelige batteri<\/strong>: Sikrer langvarig str\u00f8m med hurtig Type-C-opladning.<\/li>\n<li><strong>6 RGB-lys<\/strong>: Forbedrer din dampoplevelse med et fedt og stilfuldt sk\u00e6r.<\/li>\n<li><strong>Luftstr\u00f8mskontrolkontakt<\/strong>: Juster let dampintensiteten efter din pr\u00e6ference.<\/li>\n<li><strong>Kompakt og holdbar<\/strong>: Perfekt til brug p\u00e5 farten med et slankt, high-end design.<\/li>\n<\/ul>\n<h4><strong>Fumot 12000 smagsvarianter<\/strong><\/h4>\n<p>1 Cool Mint<br \/>\n2 Vandmelon Is<br \/>\n3 Drue Is<br \/>\n4 Bl\u00e5b\u00e6r Hindb\u00e6r<br \/>\n5 Jordb\u00e6r Vandmelon<br \/>\n6 Jordb\u00e6r Banan<br \/>\n7 Frodig Is<br \/>\n8 Kirseb\u00e6r<br \/>\n9 Jordb\u00e6r Is<br \/>\n10 Ispind<br \/>\n11 Pink Lemonade<br \/>\n12 Mango P\u00e5 is<br \/>\n13 Blandede B\u00e6r<br \/>\n14 Jordb\u00e6r Donut<br \/>\n15 Jordb\u00e6r Drue<br \/>\n16 Kirseb\u00e6r Cola<br \/>\n17 Dr. Bl\u00e5<br \/>\n18 Bl\u00e5b\u00e6r p\u00e5 is<br \/>\n19 Kiwi passionsfrugt guava<br \/>\n20 Jordb\u00e6r kiwi<br \/>\n21 Fersken mango<br \/>\n22 Fersken is<br \/>\n23 R\u00f8d \u00c6ble is<br \/>\n24 Bl\u00e5b\u00e6r tyggegummi<br \/>\n25 B\u00e6r lemonade<br \/>\n26 Bl\u00e5 hindb\u00e6r lemonade<br \/>\n27 Bl\u00e5syrlig hindb\u00e6r<br \/>\n28 Jordb\u00e6r Red Bull<br \/>\n29 \u00c6bleb\u00e6r blast<br \/>\n30 Vandmelon tyggegummi<br \/>\n31 Hindb\u00e6r vandmelon<br \/>\n32 Sort is<br \/>\n33 Bl\u00e5b\u00e6r kirseb\u00e6r traneb\u00e6r<br \/>\n34 Jordb\u00e6r granat\u00e6ble<br \/>\n35 Vimto<br \/>\n36 Kirseb\u00e6r b\u00e6r<br \/>\n37 Citron<br \/>\n38 Bingo Crush<br \/>\n39 Bl\u00e5b\u00e6r kiwi<br \/>\n40 \u00c6ble kanel<\/p>\n<p>&nbsp;<\/p>\n<h3>Ofte stillede sp\u00f8rgsm\u00e5l om Fumot Digital Box 12000 Puffs Engangsvape<\/h3>\n<p><strong>Sp: Er Fumot vapes af h\u00f8j kvalitet?<\/strong><br \/>\n<strong>A:<\/strong> Ja, Fumot vapes er kendte for deres f\u00f8rsteklasses kvalitet og enest\u00e5ende ydeevne. De er udstyret med avanceret teknologi for at levere ensartet smag, en tilfredsstillende dampoplevelse og et imponerende antal pust, hvilket g\u00f8r dem til et p\u00e5lideligt valg for dampentusiaster.<\/p>\n<p><strong>Sp: Hvor l\u00e6nge holder en randm vape med 12.000 pust?<\/strong><br \/>\n<strong>A:<\/strong> Varigheden afh\u00e6nger af individuelle brugsvaner. For storforbrugere kan den holde i flere uger, mens moderate brugere kan opleve, at den er tilstr\u00e6kkelig i en til to m\u00e5neder. Lettere brugere kan potentielt nyde deres enhed i op til tre m\u00e5neder, hvilket g\u00f8r den ideel til dem, der foretr\u00e6kker en langtidsholdbar dampmulighed uden hyppige udskiftninger.<\/p>\n<p><strong>Sp: Hvad er prisen p\u00e5 en 12.000 pust Fumot vape?<\/strong><br \/>\n<strong>A:<\/strong> Prisen for en 12.000-pust vape varierer baseret p\u00e5 m\u00e6rke, funktioner og s\u00e6lger. Typisk ligger den mellem 15 og 30 pund i Storbritannien. S\u00e6sonrabatter, tilg\u00e6ngelighed og modelvariationer kan ogs\u00e5 p\u00e5virke prisen.<\/p>\n<p><strong>Sp\u00f8rgsm\u00e5l: Hvor meget nikotin er der i en 12.000-pust vape?<\/strong><br \/>\n<strong>A:<\/strong> Fumot Digital Box tilbyder flere muligheder for nikotinstyrke, herunder 0%, 2%, 3% og 5%. Denne variation giver brugerne mulighed for at v\u00e6lge et niveau, der passer til deres pr\u00e6ferencer og vapingvaner.<\/p>\n<p><strong>Sp\u00f8rgsm\u00e5l: Hvor lang tid tager det at oplade en Fumot vape?<\/strong><br \/>\n<strong>A:<\/strong> Opladningstiden for en Fumot vape er cirka 1 til 2 timer, afh\u00e6ngigt af enhedens batterikapacitet og opladertype. Den hurtige genopladningsfunktion sikrer minimal nedetid, s\u00e5 brugerne hurtigt kan genoptage dampningen.<\/p>\n<p>&nbsp;<\/p>\n<h3>Grunde til at v\u00e6lge engrospris <a href=\"https:\/\/vapestornado.com\/da\/product\/fumot-digital-box-12000-puffs-cheap-price-disposable-vape\/\">Fumot Digital Box 12000 pust<\/a> Engangsvape hos <a href=\"https:\/\/vapestornado.com\/da\/store\/\">vapestornado<\/a><\/h3>\n<ol>\n<li><strong>H\u00f8jt antal pust for lang levetid<\/strong><br \/>\nMed en imponerende kapacitet p\u00e5 12.000 pust sikrer denne enhed udvidet brug, perfekt til dem, der s\u00f8ger en langtidsholdbar vape uden hyppige udskiftninger.<\/li>\n<li><strong>Tilpasningsmuligheder for nikotin<\/strong><br \/>\nTilg\u00e6ngelig i 0%, 2%, 3% og 5% nikotinstyrker, Fumot Digital Box henvender sig til en bred vifte af pr\u00e6ferencer, uanset om du leder efter en nikotinfri eller st\u00e6rkere oplevelse.<\/li>\n<li><strong>Kompakt design med avancerede funktioner<\/strong><br \/>\nDet slanke, lette design er parret med moderne funktioner som luftstr\u00f8mskontrol og 6 RGB-lys, hvilket giver b\u00e5de funktionalitet og stil.<\/li>\n<li><strong>Praktisk genopladeligt batteri<\/strong><br \/>\nUdstyret med et 550mAh genopladeligt batteri og Type-C opladningsport, tilbyder det hurtige genopladninger, hvilket holder nedetiden p\u00e5 et minimum.<\/li>\n<li><strong>Overkommelig pris<\/strong><br \/>\nMed premiumfunktioner til en konkurrencedygtig pris, leverer Fumot Digital Box fremragende v\u00e6rdi for dem, der s\u00f8ger en budgetvenlig, h\u00f8jtydende vapingl\u00f8sning.<\/li>\n<\/ol>","protected":false},"excerpt":{"rendered":"<p>Opdag uovertrufne tilbud p\u00e5 Fumot Digital Box 12000 puff Genopladelig Vape. Kontakt os i dag for at sikre dig din s\u00e6rlige rabat!<strong>(MOQ er 50 stk)<\/strong><\/p>\n<figure id=\"attachment_2951\" aria-describedby=\"caption-attachment-2951\" style=\"width: 265px\" class=\"wp-caption alignnone\"><img fetchpriority=\"high\" decoding=\"async\" class=\"size-medium wp-image-2951\" src=\"https:\/\/vapestornado.com\/wp-content\/uploads\/2024\/12\/Wholesale-Disposable-Vape-265x300.jpg\" alt=\"Engros Engangsvape\" width=\"265\" height=\"300\" srcset=\"https:\/\/vapestornado.com\/wp-content\/uploads\/2024\/12\/Wholesale-Disposable-Vape-265x300.jpg 265w, https:\/\/vapestornado.com\/wp-content\/uploads\/2024\/12\/Wholesale-Disposable-Vape-768x871.jpg 768w, https:\/\/vapestornado.com\/wp-content\/uploads\/2024\/12\/Wholesale-Disposable-Vape-600x680.jpg 600w, https:\/\/vapestornado.com\/wp-content\/uploads\/2024\/12\/Wholesale-Disposable-Vape.jpg 823w\" sizes=\"(max-width: 265px) 100vw, 265px\" \/><figcaption id=\"caption-attachment-2951\" class=\"wp-caption-text\">Venligst kontakt Mandys WhatsApp for rabatpris<a href=\"https:\/\/wa.me\/8618077105796\">+8618077105796<\/a><\/figcaption><\/figure>","protected":false},"featured_media":2943,"comment_status":"open","ping_status":"closed","template":"","meta":{"_acf_changed":false,"_uag_custom_page_level_css":"","_lmt_disableupdate":"no","_lmt_disable":"","_monsterinsights_skip_tracking":false,"_monsterinsights_sitenote_active":false,"_monsterinsights_sitenote_note":"","_monsterinsights_sitenote_category":0,"site-sidebar-layout":"default","site-content-layout":"","ast-site-content-layout":"default","site-content-style":"default","site-sidebar-style":"default","ast-global-header-display":"","ast-banner-title-visibility":"","ast-main-header-display":"","ast-hfb-above-header-display":"","ast-hfb-below-header-display":"","ast-hfb-mobile-header-display":"","site-post-title":"","ast-breadcrumbs-content":"","ast-featured-img":"","footer-sml-layout":"","ast-disable-related-posts":"","theme-transparent-header-meta":"default","adv-header-id-meta":"","stick-header-meta":"","header-above-stick-meta":"","header-main-stick-meta":"","header-below-stick-meta":"","astra-migrate-meta-layouts":"set","ast-page-background-enabled":"default","ast-page-background-meta":{"desktop":{"background-color":"","background-image":"","background-repeat":"repeat","background-position":"center center","background-size":"auto","background-attachment":"scroll","background-type":"","background-media":"","overlay-type":"","overlay-color":"","overlay-opacity":"","overlay-gradient":""},"tablet":{"background-color":"","background-image":"","background-repeat":"repeat","background-position":"center center","background-size":"auto","background-attachment":"scroll","background-type":"","background-media":"","overlay-type":"","overlay-color":"","overlay-opacity":"","overlay-gradient":""},"mobile":{"background-color":"","background-image":"","background-repeat":"repeat","background-position":"center center","background-size":"auto","background-attachment":"scroll","background-type":"","background-media":"","overlay-type":"","overlay-color":"","overlay-opacity":"","overlay-gradient":""}},"ast-content-background-meta":{"desktop":{"background-color":"var(--ast-global-color-5)","background-image":"","background-repeat":"repeat","background-position":"center center","background-size":"auto","background-attachment":"scroll","background-type":"","background-media":"","overlay-type":"","overlay-color":"","overlay-opacity":"","overlay-gradient":""},"tablet":{"background-color":"var(--ast-global-color-5)","background-image":"","background-repeat":"repeat","background-position":"center center","background-size":"auto","background-attachment":"scroll","background-type":"","background-media":"","overlay-type":"","overlay-color":"","overlay-opacity":"","overlay-gradient":""},"mobile":{"background-color":"var(--ast-global-color-5)","background-image":"","background-repeat":"repeat","background-position":"center center","background-size":"auto","background-attachment":"scroll","background-type":"","background-media":"","overlay-type":"","overlay-color":"","overlay-opacity":"","overlay-gradient":""}},"_joinchat":{"telephone":"+8618077105796"}},"product_brand":[],"product_cat":[72,154,155,142,58],"product_tag":[82,98],"class_list":{"0":"post-2926","1":"product","2":"type-product","3":"status-publish","4":"has-post-thumbnail","6":"product_cat-12000-puff","7":"product_cat-buy-disposable-vapes-in-netherlands","8":"product_cat-buy-disposable-vapes-in-norway","9":"product_cat-digital-box-disposable-vapes","10":"product_cat-fumot-vape","11":"product_tag-fumot-digital-box-12000-puffs","12":"product_tag-wholesale-price-disposable-vape","13":"desktop-align-left","14":"tablet-align-left","15":"mobile-align-left","17":"first","18":"instock","19":"sale","20":"shipping-taxable","21":"purchasable","22":"product-type-simple"},"acf":[],"uagb_featured_image_src":{"full":["https:\/\/vapestornado.com\/wp-content\/uploads\/2024\/12\/Fumot-Digital-Box-12000-Puffs-Grape-Ice.jpg",800,800,false],"thumbnail":["https:\/\/vapestornado.com\/wp-content\/uploads\/2024\/12\/Fumot-Digital-Box-12000-Puffs-Grape-Ice-150x150.jpg",150,150,true],"medium":["https:\/\/vapestornado.com\/wp-content\/uploads\/2024\/12\/Fumot-Digital-Box-12000-Puffs-Grape-Ice-300x300.jpg",300,300,true],"medium_large":["https:\/\/vapestornado.com\/wp-content\/uploads\/2024\/12\/Fumot-Digital-Box-12000-Puffs-Grape-Ice-768x768.jpg",768,768,true],"large":["https:\/\/vapestornado.com\/wp-content\/uploads\/2024\/12\/Fumot-Digital-Box-12000-Puffs-Grape-Ice.jpg",800,800,false],"1536x1536":["https:\/\/vapestornado.com\/wp-content\/uploads\/2024\/12\/Fumot-Digital-Box-12000-Puffs-Grape-Ice.jpg",800,800,false],"2048x2048":["https:\/\/vapestornado.com\/wp-content\/uploads\/2024\/12\/Fumot-Digital-Box-12000-Puffs-Grape-Ice.jpg",800,800,false],"trp-custom-language-flag":["https:\/\/vapestornado.com\/wp-content\/uploads\/2024\/12\/Fumot-Digital-Box-12000-Puffs-Grape-Ice.jpg",12,12,false],"woocommerce_thumbnail":["https:\/\/vapestornado.com\/wp-content\/uploads\/2024\/12\/Fumot-Digital-Box-12000-Puffs-Grape-Ice-300x300.jpg",300,300,true],"woocommerce_single":["https:\/\/vapestornado.com\/wp-content\/uploads\/2024\/12\/Fumot-Digital-Box-12000-Puffs-Grape-Ice-600x600.jpg",600,600,true],"woocommerce_gallery_thumbnail":["https:\/\/vapestornado.com\/wp-content\/uploads\/2024\/12\/Fumot-Digital-Box-12000-Puffs-Grape-Ice-100x100.jpg",100,100,true]},"uagb_author_info":{"display_name":"ESMANDY","author_link":"https:\/\/vapestornado.com\/da\/author\/"},"uagb_comment_info":0,"uagb_excerpt":"Discover unbeatable deals on the Fumot Digital Box 12000 puff Rechargeable Vape. Reach out today to secure your special discount!(MOQ is 50pcs) [caption id=\"attachment_2951\" align=\"alignnone\" width=\"265\"] Pls Contact Mandy's WhatsApp For Discount Price+8618077105796[\/caption]","_links":{"self":[{"href":"https:\/\/vapestornado.com\/da\/wp-json\/wp\/v2\/product\/2926","targetHints":{"allow":["GET"]}}],"collection":[{"href":"https:\/\/vapestornado.com\/da\/wp-json\/wp\/v2\/product"}],"about":[{"href":"https:\/\/vapestornado.com\/da\/wp-json\/wp\/v2\/types\/product"}],"replies":[{"embeddable":true,"href":"https:\/\/vapestornado.com\/da\/wp-json\/wp\/v2\/comments?post=2926"}],"wp:featuredmedia":[{"embeddable":true,"href":"https:\/\/vapestornado.com\/da\/wp-json\/wp\/v2\/media\/2943"}],"wp:attachment":[{"href":"https:\/\/vapestornado.com\/da\/wp-json\/wp\/v2\/media?parent=2926"}],"wp:term":[{"taxonomy":"product_brand","embeddable":true,"href":"https:\/\/vapestornado.com\/da\/wp-json\/wp\/v2\/product_brand?post=2926"},{"taxonomy":"product_cat","embeddable":true,"href":"https:\/\/vapestornado.com\/da\/wp-json\/wp\/v2\/product_cat?post=2926"},{"taxonomy":"product_tag","embeddable":true,"href":"https:\/\/vapestornado.com\/da\/wp-json\/wp\/v2\/product_tag?post=2926"}],"curies":[{"name":"wp","href":"https:\/\/api.w.org\/{rel}","templated":true}]}}