{"id":2922,"date":"2024-12-02T03:41:29","date_gmt":"2024-12-02T03:41:29","guid":{"rendered":"https:\/\/vapestornado.com\/?post_type=product&#038;p=2922"},"modified":"2025-10-31T09:41:30","modified_gmt":"2025-10-31T09:41:30","slug":"fumot-randm-tornado-15000-puffs-rechargeable-disposable-vape-wholesale","status":"publish","type":"product","link":"https:\/\/vapestornado.com\/da\/product\/fumot-randm-tornado-15000-puffs-rechargeable-disposable-vape-wholesale\/","title":{"rendered":"Fumot RandM Tornado 15000 Pust Genopladelig Engangs Vape Engros"},"content":{"rendered":"<h1 class=\"product-title\">Fumot RandM Tornado 15000 Pust Genopladelig Engangs Vape Engros<\/h1>\n<p data-start=\"0\" data-end=\"528\">Den <strong data-start=\"4\" data-end=\"55\">Fumot RandM Tornado 15000 Puffs Engangs Vape<\/strong> er en kraftfuld <strong data-start=\"70\" data-end=\"82\">15K vape<\/strong> bygget til ydeevne, p\u00e5lidelighed og v\u00e6rdi. Hver <strong data-start=\"135\" data-end=\"158\">RandM Tornado 15000<\/strong> enhed leverer op til <strong data-start=\"179\" data-end=\"195\">15.000 sug<\/strong> med en enorm <strong data-start=\"211\" data-end=\"235\">22 ml forudfyldt tank<\/strong>, hvilket tilbyder enest\u00e5ende holdbarhed for forhandlere og grossister, der s\u00f8ger lager med h\u00f8j eftersp\u00f8rgsel. Designet med pr\u00e6cision, denne <strong data-start=\"355\" data-end=\"375\">15K Tornado vape<\/strong> leverer konsekvent dampproduktion og rig smagsudvikling, hvilket g\u00f8r den til en af de mest popul\u00e6re <strong data-start=\"473\" data-end=\"495\">tornado vape 15000<\/strong> modeller p\u00e5 det europ\u00e6iske marked.<\/p>\n<p data-start=\"530\" data-end=\"866\">Udstyret med et <strong data-start=\"547\" data-end=\"578\">850mAh genopladelige batteri<\/strong> og <strong data-start=\"583\" data-end=\"607\">Type-C hurtigopladning<\/strong>, enheden minimerer nedetid, mens den opretholder stabilt output gennem hver session. Den <strong data-start=\"700\" data-end=\"720\">mesh coil system<\/strong> forbedrer smagsintensitet og dampens glathed, mens den <strong data-start=\"779\" data-end=\"797\">LED-indikatorer<\/strong> holder brugerne informeret om e-v\u00e6ske- og batteristatus med et blik.<\/p>\n<p data-start=\"868\" data-end=\"1247\" data-is-last-node=\"\" data-is-only-node=\"\">Tilg\u00e6ngelig i <strong data-start=\"881\" data-end=\"910\">2% og 5% nikotinmuligheder<\/strong> med mere end <strong data-start=\"926\" data-end=\"940\">45 smagsvarianter<\/strong>, <strong data-start=\"946\" data-end=\"966\">Fumot vape 15000<\/strong> passer b\u00e5de til afslappede brugere og kraftige vapere. Kompakt, stilfuld og let at b\u00e6re, den er et perfekt supplement til enhver grossistkatalog. For distribut\u00f8rer i Europa tilbyder den <strong data-start=\"1132\" data-end=\"1166\">RandM Tornado 15000 Pust Vape<\/strong> top-ydeevne, smagsdiversitet og uovertruffen grossistpris.<\/p>\n<p>&nbsp;<\/p>\n<p><strong>Tilf\u00f8j Amys Whatsapp for at f\u00e5 hurtigt svar og vape-kupon!<\/strong><\/p>\n<p><img fetchpriority=\"high\" decoding=\"async\" class=\"size-full wp-image-2932\" src=\"https:\/\/vapestornado.com\/wp-content\/uploads\/2024\/12\/Vape-Wholesale.jpg\" alt=\"Vape Engros\" width=\"229\" height=\"300\" \/><\/p>\n<h3><a href=\"https:\/\/wa.me\/8617776015835\" target=\"_blank\" rel=\"noopener\"><span style=\"color: #ff0000;\"><strong>WhatsApp: +86 17776015835<\/strong><\/span><\/a><\/h3>\n<p>&nbsp;<\/p>\n<h2><strong>RandM Tornado 15000 Produktegenskaber<\/strong><\/h2>\n<p>Sug: Op til 15.000 sug.<br \/>\nBatterikapacitet: 850mAh Genopladeligt batteri<br \/>\nHurtig opladning: USB Type-C<br \/>\nLED-indikator for batteri- og olieniveau.<br \/>\nNetspole<br \/>\n45 smagsvarianter tilg\u00e6ngelige.<br \/>\nNikotin: 2% 5%<br \/>\nKompakt<\/p>\n<h2 class=\"product-title\"><strong>RandM 15k Vape Smagsliste<\/strong><\/h2>\n<p>1.Bl\u00e5 hindb\u00e6r limonade<br \/>\n2.Fersken is<br \/>\n3.Sur \u00e6ble<br \/>\n4.Vandmelon is<br \/>\n5.Bl\u00e5b\u00e6r p\u00e5 is<br \/>\n6.Bl\u00e5b\u00e6r hindb\u00e6r<br \/>\n7.Ananas Is<br \/>\n8.Kirseb\u00e6r<br \/>\n9.Jordb\u00e6r Is<br \/>\n10.Vimto<br \/>\n11.Drue Is<br \/>\n12.Cola Is<br \/>\n13.Jordb\u00e6r Vandmelon<br \/>\n14.Pink Limonade<br \/>\n15.Blandede B\u00e6r<br \/>\n16.Fersken Mango<br \/>\n17.Dragefrugt<br \/>\n18.Jordb\u00e6r Drue<br \/>\n19.Mr Blue<br \/>\n20.Lush Is<br \/>\n21.Ispind<br \/>\n22.Jordb\u00e6r Kiwi<br \/>\n23.Kiwi Passionsfrugt Guava<br \/>\n24.Tredobbelt B\u00e6r<br \/>\n25.Banan Is<br \/>\n26.Fersken Bl\u00e5b\u00e6r Slik<br \/>\n27.\u00c6ble Fersken P\u00e6re<br \/>\n28.B\u00e6r Limonade<br \/>\n29.Bl\u00e5 Hindb\u00e6r Kirseb\u00e6r<br \/>\n30.Bl\u00e5b\u00e6r Bubblegum<br \/>\n31.Bl\u00e5b\u00e6r Kirseb\u00e6r Traneb\u00e6r<br \/>\n32.Bl\u00e5b\u00e6r Granat\u00e6ble<br \/>\n33.Bl\u00e5syrlig Hindb\u00e6r<br \/>\n34.Kirseb\u00e6r Cola<br \/>\n35.Gummibj\u00f8rn<br \/>\n36.Citron<br \/>\n37.Mango p\u00e5 Is<br \/>\n38.R\u00f8d Energi Is<br \/>\n39.Jordb\u00e6r Banan<br \/>\n40.Jordb\u00e6r Red Bull<br \/>\n41.Jordb\u00e6r Vandmelon Limonade<br \/>\n42.Iste Citron Is<br \/>\n43.Iste Fersken Is<br \/>\n44.Fizzy Kirseb\u00e6r<br \/>\n45.Skittles<\/p>\n<h3>Hvorfor v\u00e6lge vapestornado til Fumot 15k Tornado Vape Engros?<\/h3>\n<div class=\"flex-shrink-0 flex flex-col relative items-end\">\n<div class=\"pt-0\">\n<div class=\"gizmo-bot-avatar flex h-8 w-8 items-center justify-center overflow-hidden rounded-full\">\n<div class=\"relative p-1 rounded-sm flex items-center justify-center bg-token-main-surface-primary text-token-text-primary h-8 w-8\">\n<p>Velkommen til vapestornado, din p\u00e5lidelige online vape-shop for premium engangs vapes. Med mere end 5 \u00e5rs ekspertise bringer vi dig popul\u00e6re engangs vape m\u00e6rker s\u00e5som <a href=\"https:\/\/vapestornado.com\/da\/product\/jnr-ragegorilla-55000-puffs-55k-vape-disposables-42ml-2-nicotine-wholesale-price\/\">JNR Vape<\/a>, Vapme, Bang Vape, Waspe Vape, og <a href=\"https:\/\/vapestornado.com\/da\/product\/original-wga-ultra-35k-35000-puff-rechargeable-crystal-disposable-nicotine-vape-best-discount-price\/\">WGA Vape<\/a>, osv.<\/p>\n<p>Vores sortiment inkluderer hot sale vapes som RandM Tornado 15000, og smagsrige valgmuligheder som WASPE Double Flavor 40000 Puffs. Hvert produkt er valgt med fokus p\u00e5 kvalitet, v\u00e6rdi og variation, hvilket sikrer, at du finder det perfekte match til dine behov. Oplev enest\u00e5ende service og et bredt udvalg af top-produkter hos vapestornado.<\/p>\n<\/div>\n<h3><\/h3>\n<div class=\"relative p-1 rounded-sm flex items-center justify-center bg-token-main-surface-primary text-token-text-primary h-8 w-8\">\n<h3>FAQS for RandM 15k Engangs Vape<\/h3>\n<\/div>\n<\/div>\n<\/div>\n<\/div>\n<div class=\"flex-shrink-0 flex flex-col relative items-end\">\n<div class=\"pt-0\">\n<div class=\"gizmo-bot-avatar flex h-8 w-8 items-center justify-center overflow-hidden rounded-full\">\n<div class=\"relative p-1 rounded-sm flex items-center justify-center bg-token-main-surface-primary text-token-text-primary h-8 w-8\"><\/div>\n<\/div>\n<\/div>\n<\/div>\n<div class=\"group\/conversation-turn relative flex w-full min-w-0 flex-col agent-turn\">\n<div class=\"flex-col gap-1 md:gap-3\">\n<div class=\"flex max-w-full flex-col flex-grow\">\n<div class=\"min-h-8 text-message flex w-full flex-col items-end gap-2 whitespace-normal break-words [.text-message+&amp;]:mt-5\" dir=\"auto\" data-message-author-role=\"assistant\" data-message-id=\"db716a1c-9ed0-4b8d-b3b0-7bdb913c3d42\" data-message-model-slug=\"gpt-4o\">\n<div class=\"flex w-full flex-col gap-1 empty:hidden first:pt-[3px]\">\n<div class=\"markdown prose w-full break-words dark:prose-invert light\">\n<p><strong>Hvor kan man k\u00f8be RandM Tornado 15000 Vape til engrospris i Danmark<\/strong><br \/>\nFor at k\u00f8be RandM Tornado 15000 vape til engrospriser i Danmark, skal du kontakte autoriserede vape-engrosdistribut\u00f8rer eller online-leverand\u00f8rer, der specialiserer sig i RandM Vape-produkter. S\u00f8rg for, at de overholder lokale bestemmelser og tilbyder autentiske produkter.<\/p>\n<p><strong>Hvor mange sug giver Fumot Vape 15k?<\/strong><br \/>\nFumot Vape 15k tilbyder op til 15.000 sug, hvilket giver enest\u00e5ende lang levetid for udvidede damp-sessioner.<\/p>\n<p><strong>Hvor l\u00e6nge holder den popul\u00e6re RandM 15000 Engangs Vape Pen?<\/strong><br \/>\nVarigheden af RandM 15000 afh\u00e6nger af brugerens vaner. For moderate dampere holder den typisk to til tre uger, takket v\u00e6re dens h\u00f8je sug-kapacitet og genopladelige design.<\/p>\n<p><strong>Hvilke er de popul\u00e6re smage for Fumot 15k Puffs Engangs Boks?<\/strong><br \/>\nPopul\u00e6re smagsvarianter til Fumot 15k omfatter frugtige muligheder som Mango Ice, Jordb\u00e6r Vandmelon og Bl\u00e5b\u00e6r Hindb\u00e6r, samt k\u00f8lende mentholblandinger og dessert-inspirerede profiler.<\/p>\n<p><strong>Hvor lang tid tager det at oplade en RandM 15k genopladelig vape?<\/strong><br \/>\nDet tager cirka 1-2 timer at oplade en RandM 15k genopladelig vape ved hj\u00e6lp af dens USB Type-C hurtigopladningsport, hvilket sikrer hurtig og effektiv genopladning.<\/p>\n<p><strong>Hvor meget nikotin er der i en RandM Tornado 15000 Puffs engangsvape?<\/strong><br \/>\nRandM Tornado 15000 tilbyder en tilpasselig nikotinoplevelse, med styrker op til 50mg afh\u00e6ngigt af varianten, der im\u00f8dekommer forskellige brugerpr\u00e6ferencer.<\/p>\n<\/div>\n<\/div>\n<\/div>\n<\/div>\n<\/div>\n<\/div>","protected":false},"excerpt":{"rendered":"<p>Bedste RandM Tornado 15000 Puffs Smage Laveste Pris<br \/>\nFumot RandM 15000 Puffs Engangs Vape Engros<br \/>\nRandM Tornado 15000 Genopladelig Engangs Vape Bulk K\u00f8bspris<\/p>\n<p><strong>Tilf\u00f8j Amys whatsapp, f\u00e5 et hurtigt svar og en vape-kupon!<\/strong><\/p>\n<p><img fetchpriority=\"high\" decoding=\"async\" class=\"size-full wp-image-2932\" src=\"https:\/\/vapestornado.com\/wp-content\/uploads\/2024\/12\/Vape-Wholesale.jpg\" alt=\"Vape Engros\" width=\"229\" height=\"300\" \/><\/p>\n<h3><a href=\"https:\/\/wa.me\/8617776015835\"><span style=\"color: #ff0000;\"><strong>WhatsApp: +86 17776015835<\/strong><\/span><\/a><\/h3>\n<p>&nbsp;<\/p>","protected":false},"featured_media":2929,"comment_status":"open","ping_status":"closed","template":"","meta":{"_acf_changed":false,"_uag_custom_page_level_css":"","_lmt_disableupdate":"no","_lmt_disable":"","_monsterinsights_skip_tracking":false,"_monsterinsights_sitenote_active":false,"_monsterinsights_sitenote_note":"","_monsterinsights_sitenote_category":0,"site-sidebar-layout":"default","site-content-layout":"","ast-site-content-layout":"default","site-content-style":"default","site-sidebar-style":"default","ast-global-header-display":"","ast-banner-title-visibility":"","ast-main-header-display":"","ast-hfb-above-header-display":"","ast-hfb-below-header-display":"","ast-hfb-mobile-header-display":"","site-post-title":"","ast-breadcrumbs-content":"","ast-featured-img":"","footer-sml-layout":"","ast-disable-related-posts":"","theme-transparent-header-meta":"default","adv-header-id-meta":"","stick-header-meta":"","header-above-stick-meta":"","header-main-stick-meta":"","header-below-stick-meta":"","astra-migrate-meta-layouts":"set","ast-page-background-enabled":"default","ast-page-background-meta":{"desktop":{"background-color":"","background-image":"","background-repeat":"repeat","background-position":"center center","background-size":"auto","background-attachment":"scroll","background-type":"","background-media":"","overlay-type":"","overlay-color":"","overlay-opacity":"","overlay-gradient":""},"tablet":{"background-color":"","background-image":"","background-repeat":"repeat","background-position":"center center","background-size":"auto","background-attachment":"scroll","background-type":"","background-media":"","overlay-type":"","overlay-color":"","overlay-opacity":"","overlay-gradient":""},"mobile":{"background-color":"","background-image":"","background-repeat":"repeat","background-position":"center center","background-size":"auto","background-attachment":"scroll","background-type":"","background-media":"","overlay-type":"","overlay-color":"","overlay-opacity":"","overlay-gradient":""}},"ast-content-background-meta":{"desktop":{"background-color":"var(--ast-global-color-5)","background-image":"","background-repeat":"repeat","background-position":"center center","background-size":"auto","background-attachment":"scroll","background-type":"","background-media":"","overlay-type":"","overlay-color":"","overlay-opacity":"","overlay-gradient":""},"tablet":{"background-color":"var(--ast-global-color-5)","background-image":"","background-repeat":"repeat","background-position":"center center","background-size":"auto","background-attachment":"scroll","background-type":"","background-media":"","overlay-type":"","overlay-color":"","overlay-opacity":"","overlay-gradient":""},"mobile":{"background-color":"var(--ast-global-color-5)","background-image":"","background-repeat":"repeat","background-position":"center center","background-size":"auto","background-attachment":"scroll","background-type":"","background-media":"","overlay-type":"","overlay-color":"","overlay-opacity":"","overlay-gradient":""}},"_joinchat":{"telephone":"+8617776015835"}},"product_brand":[],"product_cat":[71,140,149,150,152,157,58],"product_tag":[414,415,79,416,81,80,77,78,214],"class_list":{"0":"post-2922","1":"product","2":"type-product","3":"status-publish","4":"has-post-thumbnail","6":"product_cat-15000-puff","7":"product_cat-big-puffs-disposable-vapes","8":"product_cat-buy-disposable-vapes-in-austria","9":"product_cat-buy-disposable-vapes-in-belgium","10":"product_cat-buy-disposable-vapes-in-cermany","11":"product_cat-buy-disposable-vapes-in-portugal","12":"product_cat-fumot-vape","13":"product_tag-15k-tornado-vape","14":"product_tag-15k-vape","15":"product_tag-fumot-15k","16":"product_tag-fumot-vape-15000","17":"product_tag-randm-15000","18":"product_tag-randm-15k","19":"product_tag-randm-tornado-15000","20":"product_tag-randm-vape","21":"product_tag-tornado-vape-15000","22":"desktop-align-left","23":"tablet-align-left","24":"mobile-align-left","26":"first","27":"instock","28":"sale","29":"shipping-taxable","30":"purchasable","31":"product-type-simple"},"acf":[],"uagb_featured_image_src":{"full":["https:\/\/vapestornado.com\/wp-content\/uploads\/2024\/12\/RandM-15000-Tornado-Vape-Wholesale.jpg",1182,1182,false],"thumbnail":["https:\/\/vapestornado.com\/wp-content\/uploads\/2024\/12\/RandM-15000-Tornado-Vape-Wholesale-150x150.jpg",150,150,true],"medium":["https:\/\/vapestornado.com\/wp-content\/uploads\/2024\/12\/RandM-15000-Tornado-Vape-Wholesale-300x300.jpg",300,300,true],"medium_large":["https:\/\/vapestornado.com\/wp-content\/uploads\/2024\/12\/RandM-15000-Tornado-Vape-Wholesale-768x768.jpg",768,768,true],"large":["https:\/\/vapestornado.com\/wp-content\/uploads\/2024\/12\/RandM-15000-Tornado-Vape-Wholesale-1024x1024.jpg",1024,1024,true],"1536x1536":["https:\/\/vapestornado.com\/wp-content\/uploads\/2024\/12\/RandM-15000-Tornado-Vape-Wholesale.jpg",1182,1182,false],"2048x2048":["https:\/\/vapestornado.com\/wp-content\/uploads\/2024\/12\/RandM-15000-Tornado-Vape-Wholesale.jpg",1182,1182,false],"trp-custom-language-flag":["https:\/\/vapestornado.com\/wp-content\/uploads\/2024\/12\/RandM-15000-Tornado-Vape-Wholesale.jpg",12,12,false],"woocommerce_thumbnail":["https:\/\/vapestornado.com\/wp-content\/uploads\/2024\/12\/RandM-15000-Tornado-Vape-Wholesale-300x300.jpg",300,300,true],"woocommerce_single":["https:\/\/vapestornado.com\/wp-content\/uploads\/2024\/12\/RandM-15000-Tornado-Vape-Wholesale-600x600.jpg",600,600,true],"woocommerce_gallery_thumbnail":["https:\/\/vapestornado.com\/wp-content\/uploads\/2024\/12\/RandM-15000-Tornado-Vape-Wholesale-100x100.jpg",100,100,true]},"uagb_author_info":{"display_name":"ESAMY","author_link":"https:\/\/vapestornado.com\/da\/author\/"},"uagb_comment_info":1,"uagb_excerpt":"Best RandM Tornado 15000 Puffs Flavours Lowest Price Fumot RandM 15000 Puffs Disposable Vape Wholesale RandM Tornado 15000 Rechargeable Disposable Vape Bulk Buy Price Add Amy's whatsapp get right reply and vape vape coupon! WhatsApp: +86 17776015835 &nbsp;","_links":{"self":[{"href":"https:\/\/vapestornado.com\/da\/wp-json\/wp\/v2\/product\/2922","targetHints":{"allow":["GET"]}}],"collection":[{"href":"https:\/\/vapestornado.com\/da\/wp-json\/wp\/v2\/product"}],"about":[{"href":"https:\/\/vapestornado.com\/da\/wp-json\/wp\/v2\/types\/product"}],"replies":[{"embeddable":true,"href":"https:\/\/vapestornado.com\/da\/wp-json\/wp\/v2\/comments?post=2922"}],"wp:featuredmedia":[{"embeddable":true,"href":"https:\/\/vapestornado.com\/da\/wp-json\/wp\/v2\/media\/2929"}],"wp:attachment":[{"href":"https:\/\/vapestornado.com\/da\/wp-json\/wp\/v2\/media?parent=2922"}],"wp:term":[{"taxonomy":"product_brand","embeddable":true,"href":"https:\/\/vapestornado.com\/da\/wp-json\/wp\/v2\/product_brand?post=2922"},{"taxonomy":"product_cat","embeddable":true,"href":"https:\/\/vapestornado.com\/da\/wp-json\/wp\/v2\/product_cat?post=2922"},{"taxonomy":"product_tag","embeddable":true,"href":"https:\/\/vapestornado.com\/da\/wp-json\/wp\/v2\/product_tag?post=2922"}],"curies":[{"name":"wp","href":"https:\/\/api.w.org\/{rel}","templated":true}]}}