{"id":2776,"date":"2024-11-12T09:55:46","date_gmt":"2024-11-12T09:55:46","guid":{"rendered":"https:\/\/vapestornado.com\/?page_id=2776"},"modified":"2024-11-12T09:55:48","modified_gmt":"2024-11-12T09:55:48","slug":"terms-conditions","status":"publish","type":"page","link":"https:\/\/vapestornado.com\/da\/terms-conditions\/","title":{"rendered":"Vilk\u00e5r Betingelser"},"content":{"rendered":"<p>Velkommen til vapestornado! Ved at tilg\u00e5 og bruge vores hjemmeside accepterer du at overholde f\u00f8lgende vilk\u00e5r og betingelser samt g\u00e6ldende love. Hvis du ikke er enig i disse vilk\u00e5r, bedes du undlade at bruge vores side. Ved at foretage et k\u00f8b p\u00e5 vores hjemmeside accepterer du Vilk\u00e5rene.<\/p>\n\n\n\n<p><strong>Internationale ordrer<\/strong><\/p>\n\n\n\n<p>vapestornado er baseret i Hongkong og opererer globalt. Kunder, der handler hos os og sender til lande uden for Hongkong, vil blive betragtet som internationale kunder. S\u00f8rg for at du forst\u00e5r dit lands regler vedr\u00f8rende besiddelse, import, eksport og brug af vaporizer-produkter, f\u00f8r du foretager et k\u00f8b. Yderligere politikker for specifikke lande er beskrevet i vores forsendelses-, retur- og garantipolitikker.<\/p>\n\n\n\n<p><strong>Ophavsret<\/strong><\/p>\n\n\n\n<p>Alt indhold p\u00e5 dette websted, inklusive tekst, grafik og kode, er ophavsretligt beskyttet som et kollektivt v\u00e6rk under ophavsretslove. Dette kollektive v\u00e6rk omfatter v\u00e6rker licenseret til vapestornado. Ophavsret 2022, vapestornado. Alle rettigheder forbeholdes. Du m\u00e5 elektronisk kopiere og udskrive dele af dette websted med det ene form\u00e5l at placere en ordre hos vapestornado eller k\u00f8be vapestornado-produkter. Enhver anden brug, herunder reproduktion, distribution, visning eller transmission af webstedets indhold, er strengt forbudt uden udtrykkelig tilladelse fra vapestornado Inc.<\/p>\n\n\n\n<p><strong>Varem\u00e6rker<\/strong><\/p>\n\n\n\n<p>Alle varem\u00e6rker, servicem\u00e6rker og handelsnavne, der anvendes p\u00e5 webstedet, er varem\u00e6rker eller registrerede varem\u00e6rker tilh\u00f8rende vapestornado.<\/p>\n\n\n\n<p><strong>Ansvarsfraskrivelse for garanti<\/strong><\/p>\n\n\n\n<p>Vores websted og de materialer og produkter, der leveres, tilbydes \u201csom de er\u201d uden garantier af nogen art, hverken udtrykkelige eller underforst\u00e5ede. vapestornado fraskriver sig alle garantier, herunder salgbarhed, egnethed til et bestemt form\u00e5l og ikke-kr\u00e6nkelse. Vi garanterer ikke, at webstedets funktioner vil v\u00e6re uafbrudte eller fejlfrie, eller at eventuelle defekter vil blive rettet. Vi garanterer heller ikke n\u00f8jagtigheden, aktualiteten eller p\u00e5lideligheden af materialer p\u00e5 webstedet.<\/p>\n\n\n\n<p><strong>Ansvarsbegr\u00e6nsning<\/strong><\/p>\n\n\n\n<p>vapestornado er ikke ansvarlig for nogen specielle eller f\u00f8lgeskader som f\u00f8lge af brugen af materialer p\u00e5 dette websted eller produkternes ydeevne, selvom der er blevet gjort opm\u00e6rksom p\u00e5 muligheden for s\u00e5danne skader. Nogle jurisdiktioner tillader ikke begr\u00e6nsninger p\u00e5 garantier eller udelukkelser af ansvar for f\u00f8lgeskader, s\u00e5 disse begr\u00e6nsninger g\u00e6lder muligvis ikke for dig.<\/p>\n\n\n\n<p><strong>Opsigelse<\/strong><\/p>\n\n\n\n<p>Disse vilk\u00e5r og betingelser g\u00e6lder for dig, n\u00e5r du f\u00e5r adgang til webstedet eller gennemf\u00f8rer eventuelle registrerings- eller shoppingprocesser. vapestornado kan til enhver tid opsige disse vilk\u00e5r og betingelser, eller en del heraf, uden varsel, uanset \u00e5rsag. Visse bestemmelser, herunder Ophavsret, Varem\u00e6rker, Ansvarsfraskrivelse, Ansvarsbegr\u00e6nsning, Skadesl\u00f8sholdelse og Diverse, skal overleve opsigelsen.<\/p>\n\n\n\n<p><strong>Meddelelse<\/strong><\/p>\n\n\n\n<p>vapestornado kan give dig meddelelse via e-mail, en generel meddelelse p\u00e5 webstedet eller andre p\u00e5lidelige metoder ved hj\u00e6lp af de kontaktoplysninger, du har angivet.<\/p>\n\n\n\n<p><strong>Diverse<\/strong><\/p>\n\n\n\n<p>Din brug af dette websted er underlagt lovgivningen i Danmark uden hensyntagen til valg af lovbestemmelser. Enhver retssag relateret til dette websted skal f\u00f8res ved domstolene i Danmark. Alle krav relateret til webstedet skal indgives inden for et \u00e5r efter, at kravet opstod. vapestornados manglende h\u00e5ndh\u00e6velse af en bestemmelse i disse vilk\u00e5r fritager ikke for rettigheder. vapestornado kan overdrage sine rettigheder og pligter i henhold til denne aftale uden varsel.<\/p>\n\n\n\n<p><strong>Brug af webstedet<\/strong><\/p>\n\n\n\n<p>Chikane i enhver form p\u00e5 webstedet er forbudt. Du m\u00e5 ikke uploade st\u00f8dende indhold eller anmode andre om kommercielle tjenester. vapestornado forbeholder sig retten til at blokere eller fjerne upassende indhold efter eget sk\u00f8n.<\/p>\n\n\n\n<p><strong>Ansvarsfraskrivelse for deltagelse<\/strong><\/p>\n\n\n\n<p>vapestornado er ikke ansvarlig for brugergenereret indhold p\u00e5 webstedet. Vi fungerer som en kanal for distribution og forbeholder os retten til at fjerne alt st\u00f8dende materiale.<\/p>\n\n\n\n<p><strong>Brug af produkter<\/strong><\/p>\n\n\n\n<p>vapestornado h\u00e6vder ikke, at vores produkter er effektive til en bestemt brug. Ved at k\u00f8be vores produkter accepterer du at bruge dem p\u00e5 egen risiko. Nikotinprodukter er kun beregnet til voksne. Kontakt venligst en l\u00e6ge, f\u00f8r du bruger nikotinprodukter.<\/p>\n\n\n\n<p><strong>Skadesl\u00f8sholdelse<\/strong><\/p>\n\n\n\n<p>Du accepterer at holde vapestornado og dets tjenesteudbydere skadesl\u00f8se fra tab, udgifter, skader og omkostninger, der opst\u00e5r som f\u00f8lge af enhver overtr\u00e6delse af disse vilk\u00e5r eller aktiviteter relateret til din konto.<\/p>\n\n\n\n<p><strong>Tredjepartslinks<\/strong><\/p>\n\n\n\n<p>vapestornado kan linke til tredjepartswebsteder af hensyn til bes\u00f8gende. Vi har ingen kontrol over disse websteder og er ikke ansvarlige for deres praksis.<\/p>\n\n\n\n<p><strong>Ansvarsfraskrivelse for produkter<\/strong><\/p>\n\n\n\n<p>Visse produkter kan have specifikke ansvarsfraskrivelser vedr\u00f8rende berettigelse til ombytning eller tilbagebetaling. L\u00e6s venligst alle ansvarsfraskrivelser for produkter, f\u00f8r du k\u00f8ber. Ved at acceptere vores vilk\u00e5r og betingelser ved kassen bekr\u00e6fter du, at du har l\u00e6st og forst\u00e5et alle ansvarsfraskrivelser for produkter.<\/p>\n\n\n\n<p>Tak, fordi du valgte vapestornado!<\/p>","protected":false},"excerpt":{"rendered":"<p>Velkommen til vapestornado! Ved at tilg\u00e5 og bruge vores hjemmeside accepterer du at overholde f\u00f8lgende vilk\u00e5r og betingelser, sammen med g\u00e6ldende love. Hvis du ikke er enig i disse vilk\u00e5r, bedes du undlade at bruge vores side. Ved at foretage et k\u00f8b p\u00e5 vores hjemmeside accepterer du vilk\u00e5rene<\/p>","protected":false},"author":1,"featured_media":0,"parent":0,"menu_order":0,"comment_status":"closed","ping_status":"closed","template":"","meta":{"_acf_changed":false,"_uag_custom_page_level_css":"","_lmt_disableupdate":"","_lmt_disable":"","_monsterinsights_skip_tracking":false,"_monsterinsights_sitenote_active":false,"_monsterinsights_sitenote_note":"","_monsterinsights_sitenote_category":0,"site-sidebar-layout":"default","site-content-layout":"","ast-site-content-layout":"default","site-content-style":"default","site-sidebar-style":"default","ast-global-header-display":"","ast-banner-title-visibility":"","ast-main-header-display":"","ast-hfb-above-header-display":"","ast-hfb-below-header-display":"","ast-hfb-mobile-header-display":"","site-post-title":"","ast-breadcrumbs-content":"","ast-featured-img":"","footer-sml-layout":"","ast-disable-related-posts":"","theme-transparent-header-meta":"","adv-header-id-meta":"","stick-header-meta":"","header-above-stick-meta":"","header-main-stick-meta":"","header-below-stick-meta":"","astra-migrate-meta-layouts":"set","ast-page-background-enabled":"default","ast-page-background-meta":{"desktop":{"background-color":"","background-image":"","background-repeat":"repeat","background-position":"center center","background-size":"auto","background-attachment":"scroll","background-type":"","background-media":"","overlay-type":"","overlay-color":"","overlay-opacity":"","overlay-gradient":""},"tablet":{"background-color":"","background-image":"","background-repeat":"repeat","background-position":"center center","background-size":"auto","background-attachment":"scroll","background-type":"","background-media":"","overlay-type":"","overlay-color":"","overlay-opacity":"","overlay-gradient":""},"mobile":{"background-color":"","background-image":"","background-repeat":"repeat","background-position":"center center","background-size":"auto","background-attachment":"scroll","background-type":"","background-media":"","overlay-type":"","overlay-color":"","overlay-opacity":"","overlay-gradient":""}},"ast-content-background-meta":{"desktop":{"background-color":"var(--ast-global-color-5)","background-image":"","background-repeat":"repeat","background-position":"center center","background-size":"auto","background-attachment":"scroll","background-type":"","background-media":"","overlay-type":"","overlay-color":"","overlay-opacity":"","overlay-gradient":""},"tablet":{"background-color":"var(--ast-global-color-5)","background-image":"","background-repeat":"repeat","background-position":"center center","background-size":"auto","background-attachment":"scroll","background-type":"","background-media":"","overlay-type":"","overlay-color":"","overlay-opacity":"","overlay-gradient":""},"mobile":{"background-color":"var(--ast-global-color-5)","background-image":"","background-repeat":"repeat","background-position":"center center","background-size":"auto","background-attachment":"scroll","background-type":"","background-media":"","overlay-type":"","overlay-color":"","overlay-opacity":"","overlay-gradient":""}},"_joinchat":[],"footnotes":""},"class_list":["post-2776","page","type-page","status-publish","hentry"],"acf":[],"uagb_featured_image_src":{"full":false,"thumbnail":false,"medium":false,"medium_large":false,"large":false,"1536x1536":false,"2048x2048":false,"trp-custom-language-flag":false,"woocommerce_thumbnail":false,"woocommerce_single":false,"woocommerce_gallery_thumbnail":false},"uagb_author_info":{"display_name":"yannazhan@gmail.com","author_link":"https:\/\/vapestornado.com\/da\/author\/yannazhangmail-com\/"},"uagb_comment_info":0,"uagb_excerpt":"Welcome to vapestornado! By accessing and using our website, you agree to comply with the following terms and conditions, along with applicable laws. If you do not agree with these terms, please do not use our site. By making a purchase on our website, you agree to the Terms &amp; Conditions below, as well as&hellip;","_links":{"self":[{"href":"https:\/\/vapestornado.com\/da\/wp-json\/wp\/v2\/pages\/2776","targetHints":{"allow":["GET"]}}],"collection":[{"href":"https:\/\/vapestornado.com\/da\/wp-json\/wp\/v2\/pages"}],"about":[{"href":"https:\/\/vapestornado.com\/da\/wp-json\/wp\/v2\/types\/page"}],"author":[{"embeddable":true,"href":"https:\/\/vapestornado.com\/da\/wp-json\/wp\/v2\/users\/1"}],"replies":[{"embeddable":true,"href":"https:\/\/vapestornado.com\/da\/wp-json\/wp\/v2\/comments?post=2776"}],"version-history":[{"count":1,"href":"https:\/\/vapestornado.com\/da\/wp-json\/wp\/v2\/pages\/2776\/revisions"}],"predecessor-version":[{"id":2777,"href":"https:\/\/vapestornado.com\/da\/wp-json\/wp\/v2\/pages\/2776\/revisions\/2777"}],"wp:attachment":[{"href":"https:\/\/vapestornado.com\/da\/wp-json\/wp\/v2\/media?parent=2776"}],"curies":[{"name":"wp","href":"https:\/\/api.w.org\/{rel}","templated":true}]}}