{"id":2772,"date":"2024-11-12T09:48:42","date_gmt":"2024-11-12T09:48:42","guid":{"rendered":"https:\/\/vapestornado.com\/?page_id=2772"},"modified":"2024-11-12T09:52:13","modified_gmt":"2024-11-12T09:52:13","slug":"vapestornado-shipping-policy","status":"publish","type":"page","link":"https:\/\/vapestornado.com\/da\/vapestornado-shipping-policy\/","title":{"rendered":"vapestornado forsendelsespolitik"},"content":{"rendered":"<ol class=\"wp-block-list\">\n<li><strong>Behandling og leveringstider:<\/strong><br>Ordrer behandles og afsendes inden for 1-3 hverdage. Leveringstider varierer typisk fra 7-15 hverdage. Bem\u00e6rk, at vi ikke sender i weekender.<\/li>\n\n\n\n<li><strong>Sporingsinformation:<\/strong><br>N\u00e5r din ordre er afsendt, modtager du en e-mail med sporingsinformation. Spor din forsendelse ved hj\u00e6lp af det medf\u00f8lgende sporingsnummer p\u00e5 <a href=\"https:\/\/www.17track.net\/en\" target=\"_blank\" rel=\"noopener\">https:\/\/www.17track.net\/en<\/a>. Tillad venligst 1-2 dage efter afsendelse, f\u00f8r sporingsopdateringer vises.<\/li>\n\n\n\n<li><strong>Annullering af ordre eller adresse\u00e6ndringer:<\/strong><br>Du kan annullere eller opdatere leveringsadressen n\u00e5r som helst, f\u00f8r din ordre afsendes. Men n\u00e5r den er afsendt, kan vi ikke behandle refusioner eller adresse\u00e6ndringer.<\/li>\n\n\n\n<li><strong>Levering med betalt told (DDP):<\/strong><br>For udvalgte lande tilbyder vi DDP-forsendelse, hvilket betyder, at du ikke beh\u00f8ver at h\u00e5ndtere toldbehandling eller betale told.<ul><li><strong>Danmark<\/strong> \u2013 UPS Express<\/li><li><strong>UK<\/strong> \u2013 Lokal DPD Express<\/li><li><strong>Europa<\/strong> \u2013 UPS Express\/DPD Express\/DHL Express<\/li><\/ul><strong>Lande, der er berettiget til DDP i Europa<\/strong> omfatter: Tyskland, Belgien, Luxembourg, Holland, Tjekkiet, Polen, Kroatien, Slovakiet, Slovenien, Finland, Danmark, Sverige, \u00d8strig, Frankrig, Italien, Ungarn, Bulgarien, Litauen, Estland, Letland, Gr\u00e6kenland, Irland, Portugal og Spanien.<\/li>\n\n\n\n<li><strong>Bem\u00e6rk venligst:<\/strong> For forsendelser til Finland, Sverige, Danmark, Norge, Island, Schweiz og Serbien er der risiko for sekund\u00e6r toldbehandling. Hvis varer beslagl\u00e6gges af lokale toldmyndigheder under inspektion, d\u00e6kker toldklareringsforsikringen ikke tabet.<\/li>\n<\/ol>\n\n\n\n<p>Tak fordi du har valgt vapestornado til dine vaping-behov!<\/p>\n\n\n\n<hr class=\"wp-block-separator has-alpha-channel-opacity\"\/>\n\n\n\n<p><strong>Puff Leveringstider for specifikke lande<\/strong><\/p>\n\n\n\n<figure class=\"wp-block-table\"><table class=\"has-fixed-layout\"><thead><tr><th>Land<\/th><th>Forsendelsesmetode<\/th><th>Leveringstid<\/th><\/tr><\/thead><tbody><tr><td>Danmark<\/td><td>Lokal UPS Ground<\/td><td>10-15 dage<\/td><\/tr><tr><td>UK<\/td><td>Lokal DPD Express<\/td><td>7-12 dage<\/td><\/tr><tr><td>Tyskland<\/td><td>UPS\/DPD\/DHL<\/td><td>8-13 dage<\/td><\/tr><tr><td>Frankrig<\/td><td>UPS\/DPD\/DHL<\/td><td>8-13 dage<\/td><\/tr><tr><td>Belgien<\/td><td>UPS\/DPD\/DHL<\/td><td>8-13 dage<\/td><\/tr><tr><td>Luxembourg<\/td><td>UPS\/DPD\/DHL<\/td><td>8-13 dage<\/td><\/tr><tr><td>Holland<\/td><td>UPS\/DPD\/DHL<\/td><td>8-13 dage<\/td><\/tr><tr><td>Tjekkiet<\/td><td>UPS\/DPD\/DHL<\/td><td>8-13 dage<\/td><\/tr><tr><td>Polen<\/td><td>UPS\/DPD\/DHL<\/td><td>8-13 dage<\/td><\/tr><tr><td>Kroatien<\/td><td>UPS\/DPD\/DHL<\/td><td>8-13 dage<\/td><\/tr><tr><td>Slovakiet<\/td><td>UPS\/DPD\/DHL<\/td><td>8-13 dage<\/td><\/tr><tr><td>Slovenien<\/td><td>UPS\/DPD\/DHL<\/td><td>8-13 dage<\/td><\/tr><tr><td>Finland<\/td><td>UPS\/DPD\/DHL<\/td><td>8-13 dage<\/td><\/tr><tr><td>Danmark<\/td><td>UPS\/DPD\/DHL<\/td><td>8-13 dage<\/td><\/tr><tr><td>Sverige<\/td><td>UPS\/DPD\/DHL<\/td><td>8-13 dage<\/td><\/tr><tr><td>\u00d8strig<\/td><td>UPS\/DPD\/DHL<\/td><td>8-13 dage<\/td><\/tr><tr><td>Italien<\/td><td>UPS\/DPD\/DHL<\/td><td>8-13 dage<\/td><\/tr><tr><td>Ungarn<\/td><td>UPS\/DPD\/DHL<\/td><td>8-13 dage<\/td><\/tr><tr><td>Litauen<\/td><td>UPS\/DPD\/DHL<\/td><td>8-13 dage<\/td><\/tr><tr><td>Estland<\/td><td>UPS\/DPD\/DHL<\/td><td>8-13 dage<\/td><\/tr><tr><td>Letland<\/td><td>UPS\/DPD\/DHL<\/td><td>8-13 dage<\/td><\/tr><tr><td>Gr\u00e6kenland<\/td><td>UPS\/DPD\/DHL<\/td><td>8-13 dage<\/td><\/tr><tr><td>Irland<\/td><td>UPS\/DPD\/DHL<\/td><td>8-13 dage<\/td><\/tr><tr><td>Portugal<\/td><td>UPS\/DPD\/DHL<\/td><td>8-13 dage<\/td><\/tr><tr><td>Spanien<\/td><td>UPS\/DPD\/DHL<\/td><td>8-13 dage<\/td><\/tr><tr><td>UAE (Dubai)<\/td><td>Dubai dedikeret linje<\/td><td>12-18 dage<\/td><\/tr><tr><td>Sydafrika<\/td><td>Sydafrika dedikeret linje<\/td><td>15-25 dage<\/td><\/tr><tr><td>Vietnam<\/td><td>Vietnam dedikeret linje<\/td><td>3-5 dage<\/td><\/tr><tr><td>Vest Malaysia<\/td><td>Malaysia dedikeret linje<\/td><td>4-8 dage<\/td><\/tr><\/tbody><\/table><\/figure>\n\n\n\n<p><\/p>","protected":false},"excerpt":{"rendered":"<p>Tak fordi du valgte vapestornado til dine vaping behov! Puff Forsendelsestider for specifikke lande Land Forsendelsesmetode Forsendelsestid Danmark Lokal UPS Ground 10-15 dage Storbritannien Lokal DPD Express 7-12 dage Tyskland UPS\/DPD\/DHL 8-13 dage Frankrig UPS\/DPD\/DHL 8-13 dage Belgien UPS\/DPD\/DHL 8-13 dage Luxembourg UPS\/DPD\/DHL 8-13 dage Holland UPS\/DPD\/DHL 8-13 dage Tjekkiet UPS\/DPD\/DHL [\u2026]<\/p>","protected":false},"author":1,"featured_media":0,"parent":0,"menu_order":0,"comment_status":"closed","ping_status":"closed","template":"","meta":{"_acf_changed":false,"_uag_custom_page_level_css":"","_lmt_disableupdate":"","_lmt_disable":"","_monsterinsights_skip_tracking":false,"_monsterinsights_sitenote_active":false,"_monsterinsights_sitenote_note":"","_monsterinsights_sitenote_category":0,"site-sidebar-layout":"default","site-content-layout":"","ast-site-content-layout":"default","site-content-style":"default","site-sidebar-style":"default","ast-global-header-display":"","ast-banner-title-visibility":"","ast-main-header-display":"","ast-hfb-above-header-display":"","ast-hfb-below-header-display":"","ast-hfb-mobile-header-display":"","site-post-title":"","ast-breadcrumbs-content":"","ast-featured-img":"","footer-sml-layout":"","ast-disable-related-posts":"","theme-transparent-header-meta":"","adv-header-id-meta":"","stick-header-meta":"","header-above-stick-meta":"","header-main-stick-meta":"","header-below-stick-meta":"","astra-migrate-meta-layouts":"set","ast-page-background-enabled":"default","ast-page-background-meta":{"desktop":{"background-color":"","background-image":"","background-repeat":"repeat","background-position":"center center","background-size":"auto","background-attachment":"scroll","background-type":"","background-media":"","overlay-type":"","overlay-color":"","overlay-opacity":"","overlay-gradient":""},"tablet":{"background-color":"","background-image":"","background-repeat":"repeat","background-position":"center center","background-size":"auto","background-attachment":"scroll","background-type":"","background-media":"","overlay-type":"","overlay-color":"","overlay-opacity":"","overlay-gradient":""},"mobile":{"background-color":"","background-image":"","background-repeat":"repeat","background-position":"center center","background-size":"auto","background-attachment":"scroll","background-type":"","background-media":"","overlay-type":"","overlay-color":"","overlay-opacity":"","overlay-gradient":""}},"ast-content-background-meta":{"desktop":{"background-color":"var(--ast-global-color-5)","background-image":"","background-repeat":"repeat","background-position":"center center","background-size":"auto","background-attachment":"scroll","background-type":"","background-media":"","overlay-type":"","overlay-color":"","overlay-opacity":"","overlay-gradient":""},"tablet":{"background-color":"var(--ast-global-color-5)","background-image":"","background-repeat":"repeat","background-position":"center center","background-size":"auto","background-attachment":"scroll","background-type":"","background-media":"","overlay-type":"","overlay-color":"","overlay-opacity":"","overlay-gradient":""},"mobile":{"background-color":"var(--ast-global-color-5)","background-image":"","background-repeat":"repeat","background-position":"center center","background-size":"auto","background-attachment":"scroll","background-type":"","background-media":"","overlay-type":"","overlay-color":"","overlay-opacity":"","overlay-gradient":""}},"_joinchat":[],"footnotes":""},"class_list":["post-2772","page","type-page","status-publish","hentry"],"acf":[],"uagb_featured_image_src":{"full":false,"thumbnail":false,"medium":false,"medium_large":false,"large":false,"1536x1536":false,"2048x2048":false,"trp-custom-language-flag":false,"woocommerce_thumbnail":false,"woocommerce_single":false,"woocommerce_gallery_thumbnail":false},"uagb_author_info":{"display_name":"yannazhan@gmail.com","author_link":"https:\/\/vapestornado.com\/da\/author\/yannazhangmail-com\/"},"uagb_comment_info":0,"uagb_excerpt":"Thank you for choosing vapestornado for your vaping needs! Puff Shipping Times for Specific Countries Country Shipping Method Shipping Time USA Local UPS Ground 10-15 Days UK Local DPD Express 7-12 Days Germany UPS\/DPD\/DHL 8-13 Days France UPS\/DPD\/DHL 8-13 Days Belgium UPS\/DPD\/DHL 8-13 Days Luxembourg UPS\/DPD\/DHL 8-13 Days Netherlands UPS\/DPD\/DHL 8-13 Days Czech Republic UPS\/DPD\/DHL&hellip;","_links":{"self":[{"href":"https:\/\/vapestornado.com\/da\/wp-json\/wp\/v2\/pages\/2772","targetHints":{"allow":["GET"]}}],"collection":[{"href":"https:\/\/vapestornado.com\/da\/wp-json\/wp\/v2\/pages"}],"about":[{"href":"https:\/\/vapestornado.com\/da\/wp-json\/wp\/v2\/types\/page"}],"author":[{"embeddable":true,"href":"https:\/\/vapestornado.com\/da\/wp-json\/wp\/v2\/users\/1"}],"replies":[{"embeddable":true,"href":"https:\/\/vapestornado.com\/da\/wp-json\/wp\/v2\/comments?post=2772"}],"version-history":[{"count":3,"href":"https:\/\/vapestornado.com\/da\/wp-json\/wp\/v2\/pages\/2772\/revisions"}],"predecessor-version":[{"id":2775,"href":"https:\/\/vapestornado.com\/da\/wp-json\/wp\/v2\/pages\/2772\/revisions\/2775"}],"wp:attachment":[{"href":"https:\/\/vapestornado.com\/da\/wp-json\/wp\/v2\/media?parent=2772"}],"curies":[{"name":"wp","href":"https:\/\/api.w.org\/{rel}","templated":true}]}}