{"id":4858,"date":"2026-02-04T08:09:21","date_gmt":"2026-02-04T08:09:21","guid":{"rendered":"https:\/\/vapestornado.com\/?post_type=product&#038;p=4858"},"modified":"2026-02-04T08:17:33","modified_gmt":"2026-02-04T08:17:33","slug":"bang-box-160k-puff-160000-new-long-lasting-disposable-vaper-4-in-1-flavor","status":"publish","type":"product","link":"https:\/\/vapestornado.com\/cs\/product\/bang-box-160k-puff-160000-new-long-lasting-disposable-vaper-4-in-1-flavor\/","title":{"rendered":"BANG BOX 160k Puff 160000 Nov\u00fd dlouhotrvaj\u00edc\u00ed jednor\u00e1zov\u00fd vaporiz\u00e9r 4 v 1 p\u0159\u00edchu\u0165"},"content":{"rendered":"<h1 data-start=\"0\" data-end=\"87\">BANG BOX 160k Puff 160000 Nov\u00fd dlouhotrvaj\u00edc\u00ed jednor\u00e1zov\u00fd vaporiz\u00e9r 4 v 1 p\u0159\u00edchu\u0165<\/h1>\n<p data-start=\"246\" data-end=\"609\">Ten <strong data-start=\"250\" data-end=\"267\">BANG BOX 160k<\/strong> je navr\u017een pro kupuj\u00edc\u00ed, kte\u0159\u00ed cht\u011bj\u00ed \u0161k\u00e1lovatelnost, rychlost a jasnou hodnotu. S re\u00e1ln\u00fdm <strong data-start=\"340\" data-end=\"364\">BANG BOX 160000 puff<\/strong> v\u00fdstupem tento <strong data-start=\"378\" data-end=\"392\">vaporiz\u00e9r 160k<\/strong> pou\u017e\u00edv\u00e1 syst\u00e9m 4\u00d720ml e-tekutiny a stabiln\u00ed s\u00ed\u0165ovou c\u00edvku, kter\u00e1 udr\u017euje chu\u0165 konzistentn\u00ed od prvn\u00edho potahu po posledn\u00ed. Je to <strong data-start=\"511\" data-end=\"543\">Dlouhotrvaj\u00edc\u00ed jednor\u00e1zov\u00fd vaporiz\u00e9r<\/strong> navr\u017eeno pro reg\u00e1ly s vysok\u00fdm obratem v jak\u00e9mkoli <strong data-start=\"586\" data-end=\"608\">e cigaretami<\/strong>.<\/p>\n<p data-start=\"611\" data-end=\"1063\">Digit\u00e1ln\u00ed displej zobrazuje stav oleje a baterie v re\u00e1ln\u00e9m \u010dase, co\u017e sni\u017euje nespr\u00e1vn\u00e9 pou\u017eit\u00ed a probl\u00e9my po prodeji. Tento <strong data-start=\"720\" data-end=\"758\">Dob\u00edjec\u00ed baterie 650 mAh Type-C<\/strong> je p\u0159izp\u016fsoben objemu kapaliny, tak\u017ee u\u017eivatel\u00e9 spot\u0159ebuj\u00ed olej bez poklesu v\u00fdkonu. Tento <strong data-start=\"840\" data-end=\"868\">4 v 1 nastaviteln\u00e9 p\u0159ep\u00edn\u00e1n\u00ed p\u0159\u00edchut\u00ed<\/strong> design umo\u017e\u0148uje z\u00e1kazn\u00edk\u016fm p\u0159ep\u00ednat profily na po\u017e\u00e1d\u00e1n\u00ed, co\u017e \u010din\u00ed tento <strong data-start=\"937\" data-end=\"970\">p\u0159ep\u00ednac\u00ed jednor\u00e1zov\u00fd vaporiz\u00e9r s p\u0159\u00edchut\u00ed<\/strong> kter\u00fd podporuje opakovan\u00e9 n\u00e1kupy\u2014a z\u00e1rove\u0148 udr\u017euje <strong data-start=\"1016\" data-end=\"1036\">levn\u00e9 ceny vaporiz\u00e9r\u016f<\/strong> v\u00fdhodu pro velkoobchodn\u00edky.<\/p>\n<p data-start=\"1065\" data-end=\"1271\">Tento model je ur\u010den pro denn\u00ed u\u017eivatele ve v\u011bku 25\u201335 let, kte\u0159\u00ed dbaj\u00ed na v\u00fdkon, jasnost a volbu. Pokud hled\u00e1te vysoce kapacitn\u00ed jednor\u00e1zovou n\u00e1pl\u0148, kter\u00e1 se rychle prod\u00e1v\u00e1 a vrac\u00ed m\u00e9n\u011b, <strong data-start=\"1240\" data-end=\"1257\">BANG BOX 160k<\/strong> vyhovuje pr\u00e1ci.<\/p>\n<p data-start=\"1273\" data-end=\"1375\">\u00a0<strong data-start=\"1299\" data-end=\"1375\">Kontaktujte n\u00e1s nyn\u00ed pro velkoobchodn\u00ed ceny BANG BOX 160k.<\/strong><\/p>\n<p><strong><span style=\"color: #ff0000;\">P\u0159idejte si Amy na WhatsApp pro rychlou odpov\u011b\u010f a kup\u00f3n na vapky!<\/span><\/strong><\/p>\n<p><img fetchpriority=\"high\" decoding=\"async\" class=\"size-full wp-image-2932\" src=\"https:\/\/vapestornado.com\/wp-content\/uploads\/2024\/12\/Vape-Wholesale.jpg\" alt=\"Velkoobchod s vape\" width=\"229\" height=\"300\" \/><\/p>\n<h3><a href=\"https:\/\/wa.me\/8617776015835\" target=\"_blank\" rel=\"noopener\"><span style=\"color: #ff0000;\"><strong>WhatsApp: +86 17776015835<\/strong><\/span><\/a><\/h3>\n<h2><strong>BANG BOX 160k Puf\u016f Kl\u00ed\u010dov\u00e9 vlastnosti produktu<\/strong><\/h2>\n<ul>\n<li data-start=\"1429\" data-end=\"1531\">\n<p data-start=\"1431\" data-end=\"1531\"><strong data-start=\"1431\" data-end=\"1455\">V\u00fdstup 160000 puf\u016f:<\/strong> Vysokokapacitn\u00ed konstrukce podporuje dlouh\u00e9 cykly a silnou retenci v maloobchod\u011b.<\/p>\n<\/li>\n<li data-start=\"1532\" data-end=\"1626\">\n<p data-start=\"1534\" data-end=\"1626\"><strong data-start=\"1534\" data-end=\"1560\">Syst\u00e9m 4\u00d720ml E-Juice:<\/strong> Velk\u00fd objem tekutiny udr\u017euje hloubku chuti p\u0159i dlouhodob\u00e9m pou\u017e\u00edv\u00e1n\u00ed.<\/p>\n<\/li>\n<li data-start=\"1627\" data-end=\"1697\">\n<p data-start=\"1629\" data-end=\"1697\"><strong data-start=\"1629\" data-end=\"1643\">S\u00ed\u0165ov\u00e1 c\u00edvka:<\/strong> Rovnom\u011brn\u00e9 vyt\u00e1p\u011bn\u00ed zaji\u0161\u0165uje \u010dist\u00fd plyn a stabiln\u00ed chu\u0165.<\/p>\n<\/li>\n<li data-start=\"1698\" data-end=\"1774\">\n<p data-start=\"1700\" data-end=\"1774\"><strong data-start=\"1700\" data-end=\"1720\">Digit\u00e1ln\u00ed displej:<\/strong> Pr\u016fhledn\u00e9 indik\u00e1tory oleje a baterie sni\u017euj\u00ed u\u017eivatelsk\u00e9 chyby.<\/p>\n<\/li>\n<li data-start=\"1775\" data-end=\"1870\">\n<p data-start=\"1777\" data-end=\"1870\"><strong data-start=\"1777\" data-end=\"1808\">Dob\u00edjen\u00ed Type-C 650mAh:<\/strong> Nap\u00e1jec\u00ed syst\u00e9m navr\u017een tak, aby spot\u0159eboval tekutinu, nikoli selhal d\u0159\u00edve.<\/p>\n<\/li>\n<li data-start=\"1871\" data-end=\"1957\">\n<p data-start=\"1873\" data-end=\"1957\"><strong data-start=\"1873\" data-end=\"1902\">4-v-1 Nastaviteln\u00e1 chu\u0165:<\/strong> Jednoduch\u00e9 p\u0159ep\u00edn\u00e1n\u00ed zvy\u0161uje denn\u00ed pou\u017eit\u00ed a atraktivitu na polici.<\/p>\n<\/li>\n<\/ul>\n<h2 class=\"product-title\"><strong>Seznam p\u0159\u00edchut\u00ed BANG BOX 160k Puf\u016f<\/strong><\/h2>\n<h2 data-start=\"1964\" data-end=\"2014\"><\/h2>\n<ol data-start=\"2016\" data-end=\"2780\">\n<li data-start=\"2016\" data-end=\"2093\">\n<p data-start=\"2019\" data-end=\"2093\">Citron Limeta \/ Vodn\u00ed meloun Led \/ \u010cern\u00fd led Dra\u010d\u00ed ovoce Jahoda \/ L\u00e1ska 66<\/p>\n<\/li>\n<li data-start=\"2094\" data-end=\"2171\">\n<p data-start=\"2097\" data-end=\"2171\">Vanilkov\u00e1 Cola \/ Citron Broskev \/ Jahoda Malina T\u0159e\u0161e\u0148 Led \/ Hroznov\u00fd Led<\/p>\n<\/li>\n<li data-start=\"2172\" data-end=\"2240\">\n<p data-start=\"2175\" data-end=\"2240\">Hroznov\u00fd Led \/ Lychee Led \/ Broskev Bobule \/ Kiwi Passion Fruit Guava<\/p>\n<\/li>\n<li data-start=\"2241\" data-end=\"2310\">\n<p data-start=\"2244\" data-end=\"2310\">Vodn\u00ed meloun Led \/ Jahoda Mango \/ Bor\u016fvka Led \/ Perliv\u00e1 T\u0159e\u0161e\u0148<\/p>\n<\/li>\n<li data-start=\"2311\" data-end=\"2389\">\n<p data-start=\"2314\" data-end=\"2389\">Jahoda Vodn\u00ed meloun \/ Red Bull \/ \u0160\u0165avnat\u00e1 broskev Led \/ Grapefruit osv\u011b\u017een\u00ed<\/p>\n<\/li>\n<li data-start=\"2390\" data-end=\"2459\">\n<p data-start=\"2393\" data-end=\"2459\">Lemon Lime \/ Jahodov\u00fd led \/ Malina Watermelon \/ Mango Peach<\/p>\n<\/li>\n<li data-start=\"2460\" data-end=\"2537\">\n<p data-start=\"2463\" data-end=\"2537\">Kysel\u00e9 Mango Ananas \/ Citron Cola Soda \/ Peach Berry \/ Jahodov\u00fd Ban\u00e1n<\/p>\n<\/li>\n<li data-start=\"2538\" data-end=\"2619\">\n<p data-start=\"2541\" data-end=\"2619\">Jahodov\u00e9 Mango \/ Jahodov\u00e1 Vanilkov\u00e1 Cola \/ Modr\u00fd Razz Led \/ Jahodov\u00e9 Kiwi<\/p>\n<\/li>\n<li data-start=\"2620\" data-end=\"2699\">\n<p data-start=\"2623\" data-end=\"2699\">T\u0159e\u0161e\u0148 Brusinka \/ Trojit\u00e1 bobule \/ Jahodov\u00e9 Pitaya \/ Watermelon Bubblegum<\/p>\n<\/li>\n<li data-start=\"2700\" data-end=\"2780\">\n<p data-start=\"2704\" data-end=\"2780\">Jahodov\u00e1 Watermelon \/ R\u016f\u017eov\u00e1 Limon\u00e1da \/ Trojit\u00fd Medovn\u00edk \/ \u010cern\u00fd Drak Led<\/p>\n<\/li>\n<\/ol>\n<figure id=\"attachment_4853\" aria-describedby=\"caption-attachment-4853\" style=\"width: 300px\" class=\"wp-caption alignnone\"><img decoding=\"async\" class=\"size-medium wp-image-4853\" src=\"https:\/\/vapestornado.com\/wp-content\/uploads\/2026\/02\/Bang-Box-160K-Puffs-4-Flavor-Disposable-Vape-Wholesale-300x300.png\" alt=\"Bang Box 160K Puffs 4 P\u0159\u00edchut\u011b Jednor\u00e1zov\u00fd Vaporiz\u00e9r Velkoobchod\" width=\"300\" height=\"300\" srcset=\"https:\/\/vapestornado.com\/wp-content\/uploads\/2026\/02\/Bang-Box-160K-Puffs-4-Flavor-Disposable-Vape-Wholesale-300x300.png 300w, https:\/\/vapestornado.com\/wp-content\/uploads\/2026\/02\/Bang-Box-160K-Puffs-4-Flavor-Disposable-Vape-Wholesale-150x150.png 150w, https:\/\/vapestornado.com\/wp-content\/uploads\/2026\/02\/Bang-Box-160K-Puffs-4-Flavor-Disposable-Vape-Wholesale-768x768.png 768w, https:\/\/vapestornado.com\/wp-content\/uploads\/2026\/02\/Bang-Box-160K-Puffs-4-Flavor-Disposable-Vape-Wholesale-12x12.png 12w, https:\/\/vapestornado.com\/wp-content\/uploads\/2026\/02\/Bang-Box-160K-Puffs-4-Flavor-Disposable-Vape-Wholesale-600x600.png 600w, https:\/\/vapestornado.com\/wp-content\/uploads\/2026\/02\/Bang-Box-160K-Puffs-4-Flavor-Disposable-Vape-Wholesale-100x100.png 100w, https:\/\/vapestornado.com\/wp-content\/uploads\/2026\/02\/Bang-Box-160K-Puffs-4-Flavor-Disposable-Vape-Wholesale.png 800w\" sizes=\"(max-width: 300px) 100vw, 300px\" \/><figcaption id=\"caption-attachment-4853\" class=\"wp-caption-text\">Bang Box 160K Puffs 4 P\u0159\u00edchut\u011b Jednor\u00e1zov\u00fd Vaporiz\u00e9r Velkoobchod<\/figcaption><\/figure>\n<figure id=\"attachment_4854\" aria-describedby=\"caption-attachment-4854\" style=\"width: 300px\" class=\"wp-caption alignnone\"><img decoding=\"async\" class=\"size-medium wp-image-4854\" src=\"https:\/\/vapestornado.com\/wp-content\/uploads\/2026\/02\/Bang-Box-160K-Puffs-4-in-1-Disposable-Vape-Packing-300x300.png\" alt=\"Bang Box 160K Puffs 4 v 1 Jednor\u00e1zov\u00fd Vaporiz\u00e9r Balen\u00ed\" width=\"300\" height=\"300\" srcset=\"https:\/\/vapestornado.com\/wp-content\/uploads\/2026\/02\/Bang-Box-160K-Puffs-4-in-1-Disposable-Vape-Packing-300x300.png 300w, https:\/\/vapestornado.com\/wp-content\/uploads\/2026\/02\/Bang-Box-160K-Puffs-4-in-1-Disposable-Vape-Packing-150x150.png 150w, https:\/\/vapestornado.com\/wp-content\/uploads\/2026\/02\/Bang-Box-160K-Puffs-4-in-1-Disposable-Vape-Packing-768x768.png 768w, https:\/\/vapestornado.com\/wp-content\/uploads\/2026\/02\/Bang-Box-160K-Puffs-4-in-1-Disposable-Vape-Packing-12x12.png 12w, https:\/\/vapestornado.com\/wp-content\/uploads\/2026\/02\/Bang-Box-160K-Puffs-4-in-1-Disposable-Vape-Packing-600x600.png 600w, https:\/\/vapestornado.com\/wp-content\/uploads\/2026\/02\/Bang-Box-160K-Puffs-4-in-1-Disposable-Vape-Packing-100x100.png 100w, https:\/\/vapestornado.com\/wp-content\/uploads\/2026\/02\/Bang-Box-160K-Puffs-4-in-1-Disposable-Vape-Packing.png 800w\" sizes=\"(max-width: 300px) 100vw, 300px\" \/><figcaption id=\"caption-attachment-4854\" class=\"wp-caption-text\">Bang Box 160K Puffs 4 v 1 Jednor\u00e1zov\u00fd Vaporiz\u00e9r Balen\u00ed<\/figcaption><\/figure>\n<h2 data-start=\"2787\" data-end=\"2826\">Pro\u010d Velkoobchodn\u00edci Vol\u00ed BANG BOX 160k<\/h2>\n<ul data-start=\"2828\" data-end=\"3057\">\n<li data-start=\"2828\" data-end=\"2882\">\n<p data-start=\"2830\" data-end=\"2882\">M\u00e9n\u011b v\u00fdm\u011bn d\u00edky skute\u010dn\u00e9mu dlouh\u00e9mu \u017eivotnosti designu<\/p>\n<\/li>\n<li data-start=\"2883\" data-end=\"2940\">\n<p data-start=\"2885\" data-end=\"2940\">Vy\u0161\u0161\u00ed konverze s p\u0159ep\u00edn\u00e1n\u00edm p\u0159\u00edchut\u00ed v jednom za\u0159\u00edzen\u00ed<\/p>\n<\/li>\n<li data-start=\"2941\" data-end=\"3002\">\n<p data-start=\"2943\" data-end=\"3002\">Ni\u017e\u0161\u00ed riziko po prodeji d\u00edky viditeln\u00fdm \u00farovn\u00edm oleje a baterie<\/p>\n<\/li>\n<li data-start=\"3003\" data-end=\"3057\">\n<p data-start=\"3005\" data-end=\"3057\">Siln\u00e1 podpora mar\u017ee s konkurenceschopnou jednotkovou cenou<\/p>\n<\/li>\n<\/ul>\n<div class=\"flex-shrink-0 flex flex-col relative items-end\">\n<div class=\"pt-0\">\n<div class=\"gizmo-bot-avatar flex h-8 w-8 items-center justify-center overflow-hidden rounded-full\">\n<div class=\"relative p-1 rounded-sm flex items-center justify-center bg-token-main-surface-primary text-token-text-primary h-8 w-8\">\n<h2 data-start=\"1200\" data-end=\"1487\">Vapes Tornado \u2013 V\u00e1\u0161 velkoobchodn\u00ed online obchod s vaporiz\u00e9ry pro obl\u00edben\u00e9 vaporiz\u00e9ry<\/h2>\n<p data-start=\"72\" data-end=\"396\"><strong data-start=\"72\" data-end=\"89\">Vapes Tornado<\/strong> je velkoobchodn\u00ed online obchod s vaporiz\u00e9ry zam\u011b\u0159en\u00fd na Evropu, dod\u00e1vaj\u00edc\u00ed pe\u010dliv\u011b vybranou \u0159adu <strong data-start=\"178\" data-end=\"195\">obl\u00edben\u00fdch vaporiz\u00e9r\u016f<\/strong> pro profesion\u00e1ln\u00ed kupce. Spolupracujeme s maloobchodn\u00edky, distributory a online obchody po cel\u00e9 EU, kte\u0159\u00ed pot\u0159ebuj\u00ed stabiln\u00ed dod\u00e1vky, jasn\u00e9 informace o produktech a zna\u010dky, kter\u00e9 z\u00e1kazn\u00edci ji\u017e znaj\u00ed a d\u016fv\u011b\u0159uj\u00ed jim.<\/p>\n<p data-start=\"398\" data-end=\"687\">Spolupracujeme s d\u016fv\u011bryhodn\u00fdmi zna\u010dkami, jako jsou <strong data-start=\"247\" data-end=\"352\"><a href=\"https:\/\/vapestornado.com\/cs\/product\/randm-12000-puffs-fumot-digital-disposable-vape-wholesale-price\/\">Fumot VAPE<\/a>, <a href=\"https:\/\/vapestornado.com\/cs\/product\/original-wga-ultra-35k-35000-puff-rechargeable-crystal-disposable-nicotine-vape-best-discount-price\/\">WGA VAPE<\/a>, <a href=\"https:\/\/vapestornado.com\/cs\/product\/vozol-gear-shisha-25k-25000-puffs-best-dtl-disposable-vape-hookah-cheap-price\/\">VOZOL BAR VAPE<\/a>, <\/strong><strong data-start=\"247\" data-end=\"352\">Elf Bar Vape, WASPE Vape, <a href=\"https:\/\/vapestornado.com\/cs\/product\/uzy-150k-puffs-6-in-1-flavor-switch-disposable-vape-pen-wholesale\/\">UZY Vape<\/a>, Bang Vape, Razz Bar Vape, \u00a0a Stag Bar Vape<\/strong>, vybran\u00e9 pro konzistentn\u00ed kvalitu a silnou popt\u00e1vku na evropsk\u00e9m trhu.<\/p>\n<h4 data-start=\"1080\" data-end=\"1120\">Vyrobeno pro velkoobchod evropsk\u00fdch vap\u00e9r\u016f<\/h4>\n<p data-start=\"1121\" data-end=\"1189\">Vapes Tornado je strukturov\u00e1no kolem skute\u010dn\u00fdch pot\u0159eb velkoobchodn\u00edk\u016f v EU:<\/p>\n<ul data-start=\"1190\" data-end=\"1400\">\n<li data-start=\"1190\" data-end=\"1239\">\n<p data-start=\"1192\" data-end=\"1239\">Konkurenceschopn\u00e9 velkoobchodn\u00ed ceny pro velk\u00e9 objedn\u00e1vky<\/p>\n<\/li>\n<li data-start=\"1240\" data-end=\"1289\">\n<p data-start=\"1242\" data-end=\"1289\">P\u0159ehledn\u00e9 popisy produkt\u016f a specifikace<\/p>\n<\/li>\n<li data-start=\"1290\" data-end=\"1330\">\n<p data-start=\"1292\" data-end=\"1330\">Rychl\u00e1, spolehliv\u00e1 logistika orientovan\u00e1 na EU<\/p>\n<\/li>\n<li data-start=\"1331\" data-end=\"1400\">\n<p data-start=\"1333\" data-end=\"1400\">Katalog zam\u011b\u0159en\u00fd na <strong data-start=\"1356\" data-end=\"1373\">obl\u00edben\u00fdch vaporiz\u00e9r\u016f<\/strong>, ne na p\u0159et\u00ed\u017een\u00e9 SKU<\/p>\n<\/li>\n<\/ul>\n<h2 data-start=\"2064\" data-end=\"2115\">\u010casto kladen\u00e9 ot\u00e1zky o BANG BOX 160k Jednor\u00e1zov\u00e9m Vaporiz\u00e9ru<\/h2>\n<p data-start=\"3105\" data-end=\"3252\"><strong data-start=\"3105\" data-end=\"3163\">1. Je BANG BOX 160k vhodn\u00fd pro velkoobchodn\u00ed objedn\u00e1vky?<\/strong><br data-start=\"3163\" data-end=\"3166\" \/>Ano, je navr\u017een pro hromadnou distribuci s stabiln\u00edm v\u00fdkonem a n\u00edzkou m\u00edrou vr\u00e1cen\u00ed.<\/p>\n<p data-start=\"3254\" data-end=\"3377\"><strong data-start=\"3254\" data-end=\"3300\">2. Jak funguje syst\u00e9m p\u0159\u00edchut\u00ed 4 v 1?<\/strong><br data-start=\"3300\" data-end=\"3303\" \/>U\u017eivatel\u00e9 mohou p\u0159ep\u00ednat mezi \u010dty\u0159mi p\u0159ednastaven\u00fdmi p\u0159\u00edchut\u011bmi v jednom za\u0159\u00edzen\u00ed bez m\u00edch\u00e1n\u00ed.<\/p>\n<p data-start=\"3379\" data-end=\"3502\"><strong data-start=\"3379\" data-end=\"3441\">3. Podporuje model BANG BOX 160000 puff dob\u00edjen\u00ed?<\/strong><br data-start=\"3441\" data-end=\"3444\" \/>Ano, obsahuje <strong data-start=\"3463\" data-end=\"3501\">Dob\u00edjec\u00ed baterie 650 mAh Type-C<\/strong>.<\/p>\n<p data-start=\"3504\" data-end=\"3637\"><strong data-start=\"3504\" data-end=\"3558\">4. Co \u010din\u00ed tento jednor\u00e1zov\u00fd vaporiz\u00e9r dlouhotrvaj\u00edc\u00edm?<\/strong><br data-start=\"3558\" data-end=\"3561\" \/>Odpov\u00eddaj\u00edc\u00ed baterie, velk\u00e9 mno\u017estv\u00ed e-\u0161\u0165\u00e1vy a s\u00ed\u0165ov\u00e1 c\u00edvka prodlu\u017euj\u00ed pou\u017eitelnou \u017eivotnost.<\/p>\n<p data-start=\"3639\" data-end=\"3787\"><strong data-start=\"3639\" data-end=\"3707\">5. Je tento produkt vhodn\u00fd pro obchod s elektronick\u00fdmi cigaretami v Evrop\u011b?<\/strong><br data-start=\"3707\" data-end=\"3710\" \/>Ano, jeho jasn\u00fd displej, vysok\u00e1 kapacita a \u0161k\u00e1la p\u0159\u00edchut\u00ed odpov\u00eddaj\u00ed maloobchodn\u00ed popt\u00e1vce EU.<\/p>\n<\/div>\n<\/div>\n<\/div>\n<\/div>","protected":false},"excerpt":{"rendered":"<div class=\"flex max-w-full flex-col grow\">\n<div class=\"min-h-8 text-message relative flex w-full flex-col items-end gap-2 text-start break-words whitespace-normal [.text-message+&amp;]:mt-1\" dir=\"auto\" data-message-author-role=\"assistant\" data-message-id=\"2a9d6edf-5b3a-41c0-afc9-caef2e4c2c3b\" data-message-model-slug=\"gpt-5-2\">\n<div class=\"flex w-full flex-col gap-1 empty:hidden first:pt-[1px]\">\n<div class=\"markdown prose dark:prose-invert w-full break-words light markdown-new-styling\">\n<p data-start=\"4300\" data-end=\"4384\">BANG BOX 160K Jednor\u00e1zov\u00fd vaporiz\u00e9r 160000 Puffs 4-v-1 p\u0159ep\u00edn\u00e1n\u00ed p\u0159\u00edchut\u00ed<br \/>\nBANG BOX 160000 Puff Dlouhotrvaj\u00edc\u00ed jednor\u00e1zov\u00fd vaporiz\u00e9r pro velkoobchod<br \/>\nBANG BOX 160K P\u0159ep\u00edn\u00e1n\u00ed p\u0159\u00edchut\u00ed Jednor\u00e1zov\u00fd vaporiz\u00e9r Levn\u00e1 cena EU dod\u00e1vka<\/p>\n<\/div>\n<\/div>\n<\/div>\n<\/div>\n<p><strong>P\u0159idejte si Amy na Whatsapp, abyste z\u00edskali spr\u00e1vnou odpov\u011b\u010f a slevu!<\/strong><\/p>\n<p><img fetchpriority=\"high\" decoding=\"async\" class=\"size-full wp-image-2932\" src=\"https:\/\/vapestornado.com\/wp-content\/uploads\/2024\/12\/Vape-Wholesale.jpg\" alt=\"Velkoobchod s vape\" width=\"229\" height=\"300\" \/><\/p>\n<h3><a href=\"https:\/\/wa.me\/8617776015835\"><span style=\"color: #ff0000;\"><strong>WhatsApp: +86 17776015835<\/strong><\/span><\/a><\/h3>","protected":false},"featured_media":4857,"comment_status":"open","ping_status":"closed","template":"","meta":{"_acf_changed":false,"_uag_custom_page_level_css":"","_lmt_disableupdate":"no","_lmt_disable":"","_monsterinsights_skip_tracking":false,"_monsterinsights_sitenote_active":false,"_monsterinsights_sitenote_note":"","_monsterinsights_sitenote_category":0,"site-sidebar-layout":"default","site-content-layout":"","ast-site-content-layout":"default","site-content-style":"default","site-sidebar-style":"default","ast-global-header-display":"","ast-banner-title-visibility":"","ast-main-header-display":"","ast-hfb-above-header-display":"","ast-hfb-below-header-display":"","ast-hfb-mobile-header-display":"","site-post-title":"","ast-breadcrumbs-content":"","ast-featured-img":"","footer-sml-layout":"","ast-disable-related-posts":"","theme-transparent-header-meta":"default","adv-header-id-meta":"","stick-header-meta":"","header-above-stick-meta":"","header-main-stick-meta":"","header-below-stick-meta":"","astra-migrate-meta-layouts":"set","ast-page-background-enabled":"default","ast-page-background-meta":{"desktop":{"background-color":"","background-image":"","background-repeat":"repeat","background-position":"center center","background-size":"auto","background-attachment":"scroll","background-type":"","background-media":"","overlay-type":"","overlay-color":"","overlay-opacity":"","overlay-gradient":""},"tablet":{"background-color":"","background-image":"","background-repeat":"repeat","background-position":"center center","background-size":"auto","background-attachment":"scroll","background-type":"","background-media":"","overlay-type":"","overlay-color":"","overlay-opacity":"","overlay-gradient":""},"mobile":{"background-color":"","background-image":"","background-repeat":"repeat","background-position":"center center","background-size":"auto","background-attachment":"scroll","background-type":"","background-media":"","overlay-type":"","overlay-color":"","overlay-opacity":"","overlay-gradient":""}},"ast-content-background-meta":{"desktop":{"background-color":"var(--ast-global-color-5)","background-image":"","background-repeat":"repeat","background-position":"center center","background-size":"auto","background-attachment":"scroll","background-type":"","background-media":"","overlay-type":"","overlay-color":"","overlay-opacity":"","overlay-gradient":""},"tablet":{"background-color":"var(--ast-global-color-5)","background-image":"","background-repeat":"repeat","background-position":"center center","background-size":"auto","background-attachment":"scroll","background-type":"","background-media":"","overlay-type":"","overlay-color":"","overlay-opacity":"","overlay-gradient":""},"mobile":{"background-color":"var(--ast-global-color-5)","background-image":"","background-repeat":"repeat","background-position":"center center","background-size":"auto","background-attachment":"scroll","background-type":"","background-media":"","overlay-type":"","overlay-color":"","overlay-opacity":"","overlay-gradient":""}},"_joinchat":[]},"product_brand":[],"product_cat":[64,152,153,154,156,158,141,492,357,144,146],"product_tag":[576,575,578,426,579,549,580,577],"class_list":{"0":"post-4858","1":"product","2":"type-product","3":"status-publish","4":"has-post-thumbnail","6":"product_cat-bangbox-vape","7":"product_cat-buy-disposable-vapes-in-cermany","8":"product_cat-buy-disposable-vapes-in-italy","9":"product_cat-buy-disposable-vapes-in-netherlands","10":"product_cat-buy-disposable-vapes-in-poland","11":"product_cat-buy-disposable-vapes-in-spain","12":"product_cat-crystal-disposable-vapes","13":"product_cat-eu-warehouse","14":"product_cat-flavor-adjustable-vape","15":"product_cat-low-nicotine-disposable-vapes","16":"product_cat-rechargeable-disposable-vapes","17":"product_tag-bang-box-160000-puff","18":"product_tag-bang-box-160k","19":"product_tag-e-cigarettes-store","20":"product_tag-flavor-switch-disposable-vape","21":"product_tag-long-lasting-disposable-vape","22":"product_tag-vape-cheap-price","23":"product_tag-vape-wholesale-spain","24":"product_tag-vaper-160k","25":"desktop-align-left","26":"tablet-align-left","27":"mobile-align-left","29":"first","30":"instock","31":"sale","32":"shipping-taxable","33":"purchasable","34":"product-type-simple"},"acf":[],"uagb_featured_image_src":{"full":["https:\/\/vapestornado.com\/wp-content\/uploads\/2026\/02\/Bang-Box-160K-Puffs-4-in-1.webp",1000,1000,false],"thumbnail":["https:\/\/vapestornado.com\/wp-content\/uploads\/2026\/02\/Bang-Box-160K-Puffs-4-in-1-150x150.webp",150,150,true],"medium":["https:\/\/vapestornado.com\/wp-content\/uploads\/2026\/02\/Bang-Box-160K-Puffs-4-in-1-300x300.webp",300,300,true],"medium_large":["https:\/\/vapestornado.com\/wp-content\/uploads\/2026\/02\/Bang-Box-160K-Puffs-4-in-1-768x768.webp",768,768,true],"large":["https:\/\/vapestornado.com\/wp-content\/uploads\/2026\/02\/Bang-Box-160K-Puffs-4-in-1.webp",1000,1000,false],"1536x1536":["https:\/\/vapestornado.com\/wp-content\/uploads\/2026\/02\/Bang-Box-160K-Puffs-4-in-1.webp",1000,1000,false],"2048x2048":["https:\/\/vapestornado.com\/wp-content\/uploads\/2026\/02\/Bang-Box-160K-Puffs-4-in-1.webp",1000,1000,false],"trp-custom-language-flag":["https:\/\/vapestornado.com\/wp-content\/uploads\/2026\/02\/Bang-Box-160K-Puffs-4-in-1-12x12.webp",12,12,true],"woocommerce_thumbnail":["https:\/\/vapestornado.com\/wp-content\/uploads\/2026\/02\/Bang-Box-160K-Puffs-4-in-1-300x300.webp",300,300,true],"woocommerce_single":["https:\/\/vapestornado.com\/wp-content\/uploads\/2026\/02\/Bang-Box-160K-Puffs-4-in-1-600x600.webp",600,600,true],"woocommerce_gallery_thumbnail":["https:\/\/vapestornado.com\/wp-content\/uploads\/2026\/02\/Bang-Box-160K-Puffs-4-in-1-100x100.webp",100,100,true]},"uagb_author_info":{"display_name":"ESAMY","author_link":"https:\/\/vapestornado.com\/cs\/author\/"},"uagb_comment_info":0,"uagb_excerpt":"BANG BOX 160K Disposable Vape 160000 Puffs 4-in-1 Flavor Switch BANG BOX 160000 Puff Long Lasting Disposable Vaper for Wholesale BANG BOX 160K Flavor Switch Disposable Vape Cheap Price EU Supply Add Amy's whatsapp to get right reply and discount price! WhatsApp: +86 17776015835","_links":{"self":[{"href":"https:\/\/vapestornado.com\/cs\/wp-json\/wp\/v2\/product\/4858","targetHints":{"allow":["GET"]}}],"collection":[{"href":"https:\/\/vapestornado.com\/cs\/wp-json\/wp\/v2\/product"}],"about":[{"href":"https:\/\/vapestornado.com\/cs\/wp-json\/wp\/v2\/types\/product"}],"replies":[{"embeddable":true,"href":"https:\/\/vapestornado.com\/cs\/wp-json\/wp\/v2\/comments?post=4858"}],"wp:featuredmedia":[{"embeddable":true,"href":"https:\/\/vapestornado.com\/cs\/wp-json\/wp\/v2\/media\/4857"}],"wp:attachment":[{"href":"https:\/\/vapestornado.com\/cs\/wp-json\/wp\/v2\/media?parent=4858"}],"wp:term":[{"taxonomy":"product_brand","embeddable":true,"href":"https:\/\/vapestornado.com\/cs\/wp-json\/wp\/v2\/product_brand?post=4858"},{"taxonomy":"product_cat","embeddable":true,"href":"https:\/\/vapestornado.com\/cs\/wp-json\/wp\/v2\/product_cat?post=4858"},{"taxonomy":"product_tag","embeddable":true,"href":"https:\/\/vapestornado.com\/cs\/wp-json\/wp\/v2\/product_tag?post=4858"}],"curies":[{"name":"wp","href":"https:\/\/api.w.org\/{rel}","templated":true}]}}