{"id":4842,"date":"2026-01-24T09:54:19","date_gmt":"2026-01-24T09:54:19","guid":{"rendered":"https:\/\/vapestornado.com\/?post_type=product&#038;p=4842"},"modified":"2026-01-24T10:03:36","modified_gmt":"2026-01-24T10:03:36","slug":"aivono-avn-mate-120k-puffs-double-flaovr-disposable-e-cigarette-adjust-flavor","status":"publish","type":"product","link":"https:\/\/vapestornado.com\/cs\/product\/aivono-avn-mate-120k-puffs-double-flaovr-disposable-e-cigarette-adjust-flavor\/","title":{"rendered":"AIVONO AVN MATE 120k Puffs Dvojit\u00e1 p\u0159\u00edchu\u0165 Jednor\u00e1zov\u00e1 elektronick\u00e1 cigareta Nastavit p\u0159\u00edchu\u0165"},"content":{"rendered":"<h1 data-start=\"0\" data-end=\"87\">AIVONO AVN MATE 120k Puffs Dvojit\u00e1 p\u0159\u00edchu\u0165 Jednor\u00e1zov\u00e1 elektronick\u00e1 cigareta Nastavit p\u0159\u00edchu\u0165<\/h1>\n<p data-start=\"276\" data-end=\"608\">Ten <strong data-start=\"280\" data-end=\"304\">AIVONO AVN MATE 120k<\/strong> je navr\u017een pro velkoobchodn\u00edky, kte\u0159\u00ed pot\u0159ebuj\u00ed vysoce kapacitn\u00ed, vysoce hodnotn\u00fd jednor\u00e1zov\u00fd vaporiz\u00e9r, kter\u00fd se rychle prod\u00e1v\u00e1 na konkuren\u010dn\u00edch evropsk\u00fdch trz\u00edch. S skute\u010dn\u00fdm <strong data-start=\"439\" data-end=\"464\">120 000 pot\u00e1hnut\u00ed \u017eivotnost\u00ed<\/strong>, designem p\u0159ep\u00edn\u00e1n\u00ed dvou p\u0159\u00edchut\u00ed a chytr\u00fdm displejem, tento p\u0159\u00edstroj c\u00edl\u00ed na u\u017eivatele, kte\u0159\u00ed cht\u011bj\u00ed rozmanitost, odolnost a viditeln\u00fd v\u00fdkon v jednom za\u0159\u00edzen\u00ed.<\/p>\n<p data-start=\"610\" data-end=\"976\">Navr\u017een jako <strong data-start=\"624\" data-end=\"662\">2 v 1 Jednor\u00e1zov\u00fd vaporiz\u00e9r s dvojitou p\u0159\u00edchut\u00ed<\/strong>, AIVONO AVN MATE 120000 umo\u017e\u0148uje u\u017eivatel\u016fm okam\u017eit\u011b p\u0159ep\u00ednat mezi dv\u011bma p\u0159\u00edchut\u011bmi bez v\u00fdm\u011bny za\u0159\u00edzen\u00ed. Tento syst\u00e9m nastaviteln\u00e9 p\u0159\u00edchut\u011b zvy\u0161uje dobu pou\u017e\u00edv\u00e1n\u00ed a zlep\u0161uje spokojenost z\u00e1kazn\u00edk\u016f, co\u017e \u010din\u00ed z n\u011bj silnou volbu pro <strong data-start=\"887\" data-end=\"911\">velkoobchod s vaporiz\u00e9ry v \u010cesk\u00e9 republice<\/strong> kupuj\u00edc\u00ed hledaj\u00edc\u00ed odli\u0161en\u00ed na trhu <strong data-start=\"952\" data-end=\"975\">n\u00edzkou velkoobchodn\u00ed cenu<\/strong>.<\/p>\n<p data-start=\"978\" data-end=\"1308\">Velk\u00e9m <strong data-start=\"986\" data-end=\"1012\">kapacita 36ml e-liquidu<\/strong>, spojen\u00e9m se stabiln\u00edm <strong data-start=\"1037\" data-end=\"1050\">1.0\u03a9 j\u00e1drem<\/strong>, zaji\u0161\u0165uje konzistentn\u00ed v\u00fdstup p\u00e1ry a chuti po celou dobu pot\u00e1hnut\u00ed. <strong data-start=\"1127\" data-end=\"1179\">Dob\u00edjec\u00ed baterie 850mAh s nab\u00edjen\u00edm Type-C<\/strong> je p\u0159izp\u016fsobena objemu oleje, tak\u017ee u\u017eivatel\u00e9 mohou dokon\u010dit tekutinu bez ztr\u00e1ty v\u00fdkonu\u2014sni\u017euje st\u00ed\u017enosti a vr\u00e1cen\u00ed zbo\u017e\u00ed na maloobchodn\u00ed \u00farovni.<\/p>\n<p data-start=\"1310\" data-end=\"1559\">Vestav\u011bn\u00fd <strong data-start=\"1323\" data-end=\"1337\">LED displej<\/strong> jasn\u011b zobrazuje stav baterie a e-tekutiny, \u010d\u00edm\u017e tento model \u0159ad\u00ed mezi pr\u00e9miov\u00e9 <strong data-start=\"1420\" data-end=\"1440\">vape s obrazovkou<\/strong> a z\u00e1rove\u0148 zachov\u00e1v\u00e1 jednoduchost provozu. Kompaktn\u00ed rozm\u011bry tak\u00e9 pom\u00e1haj\u00ed prodejc\u016fm optimalizovat prostor na polici a efektivitu hromadn\u00e9 p\u0159epravy.<\/p>\n<p data-start=\"1561\" data-end=\"1812\">Pro distributory hledaj\u00edc\u00ed spolehliv\u00fd <strong data-start=\"1597\" data-end=\"1612\">AIVONO vaporiz\u00e9r<\/strong> s potenci\u00e1lem opakovan\u00fdch objedn\u00e1vek, AVN MATE 120k nab\u00edz\u00ed v\u00fdkon, rozmanitost p\u0159\u00edchut\u00ed a ceny p\u0159\u00e1telsk\u00e9 k mar\u017ei.<br data-start=\"1733\" data-end=\"1736\" \/><strong data-start=\"1739\" data-end=\"1812\">Kontaktujte n\u00e1s nyn\u00ed pro velkoobchod s vapem za n\u00edzkou cenu a hromadnou dod\u00e1vku v \u010cesk\u00e9 republice.<\/strong><\/p>\n<p><strong><span style=\"color: #ff0000;\">P\u0159idejte si Amy na WhatsApp pro rychlou odpov\u011b\u010f a kup\u00f3n na vapky!<\/span><\/strong><\/p>\n<p><img fetchpriority=\"high\" decoding=\"async\" class=\"size-full wp-image-2932\" src=\"https:\/\/vapestornado.com\/wp-content\/uploads\/2024\/12\/Vape-Wholesale.jpg\" alt=\"Velkoobchod s vape\" width=\"229\" height=\"300\" \/><\/p>\n<h3><a href=\"https:\/\/wa.me\/8617776015835\" target=\"_blank\" rel=\"noopener\"><span style=\"color: #ff0000;\"><strong>WhatsApp: +86 17776015835<\/strong><\/span><\/a><\/h3>\n<h2><strong>AIVONO AVN MATE 120k Funkce produktu pro 120000 pota\u017een\u00ed<\/strong><\/h2>\n<div>\n<ul>\n<li data-start=\"1887\" data-end=\"1985\">\n<p data-start=\"1889\" data-end=\"1985\"><strong data-start=\"1889\" data-end=\"1907\">120 000 Puf\u016f:<\/strong> Skute\u010dn\u00e1 struktura vysok\u00e9ho po\u010dtu pota\u017een\u00ed navr\u017eena pro dlouhodob\u00e9 pou\u017eit\u00ed a m\u00e9n\u011b v\u00fdm\u011bn.<\/p>\n<\/li>\n<li data-start=\"1986\" data-end=\"2096\">\n<p data-start=\"1988\" data-end=\"2096\"><strong data-start=\"1988\" data-end=\"2018\">Syst\u00e9m dvou p\u0159\u00edchut\u00ed 2 v 1:<\/strong> Dv\u011b p\u0159\u00edchut\u011b v jednom za\u0159\u00edzen\u00ed s okam\u017eit\u00fdm p\u0159ep\u00edn\u00e1n\u00edm pro vy\u0161\u0161\u00ed udr\u017een\u00ed u\u017eivatel\u016f.<\/p>\n<\/li>\n<li data-start=\"2097\" data-end=\"2203\">\n<p data-start=\"2099\" data-end=\"2203\"><strong data-start=\"2099\" data-end=\"2126\">Kapacita e-tekutiny 36 ml:<\/strong> Velk\u00fd objem oleje podporuje stabiln\u00ed v\u00fdkon po celou dobu \u017eivotnosti pota\u017een\u00ed.<\/p>\n<\/li>\n<li data-start=\"2204\" data-end=\"2301\">\n<p data-start=\"2206\" data-end=\"2301\"><strong data-start=\"2206\" data-end=\"2227\">Chytr\u00e1 LED obrazovka:<\/strong> Zobrazen\u00ed stavu baterie a oleje v re\u00e1ln\u00e9m \u010dase zlep\u0161uje pou\u017eitelnost a d\u016fv\u011bru v produkt.<\/p>\n<\/li>\n<li data-start=\"2302\" data-end=\"2419\">\n<p data-start=\"2304\" data-end=\"2419\"><strong data-start=\"2304\" data-end=\"2343\">Dob\u00edjec\u00ed baterie 850mAh s Type-C:<\/strong> Vyv\u00e1\u017een\u00fd syst\u00e9m nap\u00e1jen\u00ed zaji\u0161\u0165uje \u00faplnou spot\u0159ebu e-tekutiny bez p\u0159eru\u0161en\u00ed.<\/p>\n<\/li>\n<\/ul>\n<figure id=\"attachment_4838\" aria-describedby=\"caption-attachment-4838\" style=\"width: 162px\" class=\"wp-caption alignnone\"><img decoding=\"async\" class=\"size-medium wp-image-4838\" src=\"https:\/\/vapestornado.com\/wp-content\/uploads\/2026\/01\/AIVONO-AVN-MATE-120k-120000-Puffs-Disposable-Vape-Low-Price-162x300.webp\" alt=\"AIVONO AVN MATE 120k Jednor\u00e1zov\u00fd vaporiz\u00e9r za n\u00edzkou cenu s 120000 pota\u017een\u00edmi\" width=\"162\" height=\"300\" srcset=\"https:\/\/vapestornado.com\/wp-content\/uploads\/2026\/01\/AIVONO-AVN-MATE-120k-120000-Puffs-Disposable-Vape-Low-Price-162x300.webp 162w, https:\/\/vapestornado.com\/wp-content\/uploads\/2026\/01\/AIVONO-AVN-MATE-120k-120000-Puffs-Disposable-Vape-Low-Price-552x1024.webp 552w, https:\/\/vapestornado.com\/wp-content\/uploads\/2026\/01\/AIVONO-AVN-MATE-120k-120000-Puffs-Disposable-Vape-Low-Price-768x1425.webp 768w, https:\/\/vapestornado.com\/wp-content\/uploads\/2026\/01\/AIVONO-AVN-MATE-120k-120000-Puffs-Disposable-Vape-Low-Price-6x12.webp 6w, https:\/\/vapestornado.com\/wp-content\/uploads\/2026\/01\/AIVONO-AVN-MATE-120k-120000-Puffs-Disposable-Vape-Low-Price-600x1113.webp 600w, https:\/\/vapestornado.com\/wp-content\/uploads\/2026\/01\/AIVONO-AVN-MATE-120k-120000-Puffs-Disposable-Vape-Low-Price.webp 800w\" sizes=\"(max-width: 162px) 100vw, 162px\" \/><figcaption id=\"caption-attachment-4838\" class=\"wp-caption-text\">AIVONO AVN MATE 120k Jednor\u00e1zov\u00fd vaporiz\u00e9r za n\u00edzkou cenu s 120000 pota\u017een\u00edmi<\/figcaption><\/figure>\n<\/div>\n<h2 class=\"product-title\"><strong>Seznam p\u0159\u00edchut\u00ed AIVONO AVN MATE 120k<\/strong><\/h2>\n<ol data-start=\"2475\" data-end=\"2828\">\n<li data-start=\"2475\" data-end=\"2508\">\n<p data-start=\"2478\" data-end=\"2508\">Cherry Cola + Watermelon Ice<\/p>\n<\/li>\n<li data-start=\"2509\" data-end=\"2554\">\n<p data-start=\"2512\" data-end=\"2554\">Kiwi Passion Fruit Guava + Blueberry Ice<\/p>\n<\/li>\n<li data-start=\"2555\" data-end=\"2584\">\n<p data-start=\"2558\" data-end=\"2584\">Duha Bonb\u00f3n + Pan\u00e1k Modr\u00fd<\/p>\n<\/li>\n<li data-start=\"2585\" data-end=\"2617\">\n<p data-start=\"2588\" data-end=\"2617\">Energetick\u00fd N\u00e1poj + Trojit\u00e9 Mango<\/p>\n<\/li>\n<li data-start=\"2618\" data-end=\"2653\">\n<p data-start=\"2621\" data-end=\"2653\">Jahoda Ban\u00e1n + R\u016f\u017eov\u00e1 Lemongrass<\/p>\n<\/li>\n<li data-start=\"2654\" data-end=\"2691\">\n<p data-start=\"2657\" data-end=\"2691\">Bor\u016fvka Malina + Citr\u00f3n M\u00e1ta<\/p>\n<\/li>\n<li data-start=\"2692\" data-end=\"2734\">\n<p data-start=\"2695\" data-end=\"2734\">Jahoda Meloun + Ananas Ice<\/p>\n<\/li>\n<li data-start=\"2735\" data-end=\"2768\">\n<p data-start=\"2738\" data-end=\"2768\">Ananas Pomaran\u010d Limeta + M\u00e1ta<\/p>\n<\/li>\n<li data-start=\"2769\" data-end=\"2796\">\n<p data-start=\"2772\" data-end=\"2796\">Citr\u00f3n Limeta + Hroznov\u00e9 Ice<\/p>\n<\/li>\n<li data-start=\"2797\" data-end=\"2828\">\n<p data-start=\"2801\" data-end=\"2828\">\u017delatinov\u00e9 Medv\u00eddky + Sm\u00ed\u0161en\u00e9 Bobule<\/p>\n<h2 data-start=\"2835\" data-end=\"2886\">Pro\u010d Velkoobchodn\u00ed Kupuj\u00edc\u00ed Vol\u00ed AIVONO AVN MATE 120k<\/h2>\n<ul data-start=\"2888\" data-end=\"3159\">\n<li data-start=\"2888\" data-end=\"2950\">\n<p data-start=\"2890\" data-end=\"2950\">Dvouchutn\u00fd design zvy\u0161uje atraktivitu na polici a opakovan\u00e9 n\u00e1kupy<\/p>\n<\/li>\n<li data-start=\"2951\" data-end=\"3020\">\n<p data-start=\"2953\" data-end=\"3020\">Vysok\u00fd po\u010det puch\u00fd\u0159k\u016f sni\u017euje frekvenci v\u00fdm\u011bny a riziko po prodeji<\/p>\n<\/li>\n<li data-start=\"3021\" data-end=\"3091\">\n<p data-start=\"3023\" data-end=\"3091\">Chytr\u00e1 obrazovka p\u0159id\u00e1v\u00e1 pr\u00e9miovou hodnotu bez v\u00fdrazn\u00e9ho zv\u00fd\u0161en\u00ed n\u00e1klad\u016f<\/p>\n<\/li>\n<li data-start=\"3092\" data-end=\"3159\">\n<p data-start=\"3094\" data-end=\"3159\">Ide\u00e1ln\u00ed pro <strong data-start=\"3104\" data-end=\"3128\">velkoobchod s vaporiz\u00e9ry v \u010cesk\u00e9 republice<\/strong> a distribu\u010dn\u00ed kan\u00e1ly EU<\/p>\n<\/li>\n<\/ul>\n<\/li>\n<\/ol>\n<div class=\"flex-shrink-0 flex flex-col relative items-end\">\n<div class=\"pt-0\">\n<div class=\"gizmo-bot-avatar flex h-8 w-8 items-center justify-center overflow-hidden rounded-full\">\n<div class=\"relative p-1 rounded-sm flex items-center justify-center bg-token-main-surface-primary text-token-text-primary h-8 w-8\">\n<h2 data-start=\"1200\" data-end=\"1487\">Vapes Tornado \u2013 V\u00e1\u0161 velkoobchodn\u00ed online obchod s vaporiz\u00e9ry pro obl\u00edben\u00e9 vaporiz\u00e9ry<\/h2>\n<p data-start=\"72\" data-end=\"396\"><strong data-start=\"72\" data-end=\"89\">Vapes Tornado<\/strong> je velkoobchodn\u00ed online obchod s vaporiz\u00e9ry zam\u011b\u0159en\u00fd na Evropu, dod\u00e1vaj\u00edc\u00ed pe\u010dliv\u011b vybranou \u0159adu <strong data-start=\"178\" data-end=\"195\">obl\u00edben\u00fdch vaporiz\u00e9r\u016f<\/strong> pro profesion\u00e1ln\u00ed kupce. Spolupracujeme s maloobchodn\u00edky, distributory a online obchody po cel\u00e9 EU, kte\u0159\u00ed pot\u0159ebuj\u00ed stabiln\u00ed dod\u00e1vky, jasn\u00e9 informace o produktech a zna\u010dky, kter\u00e9 z\u00e1kazn\u00edci ji\u017e znaj\u00ed a d\u016fv\u011b\u0159uj\u00ed jim.<\/p>\n<p data-start=\"398\" data-end=\"687\">Spolupracujeme s d\u016fv\u011bryhodn\u00fdmi zna\u010dkami, jako jsou <strong data-start=\"247\" data-end=\"352\"><a href=\"https:\/\/vapestornado.com\/cs\/product\/randm-12000-puffs-fumot-digital-disposable-vape-wholesale-price\/\">Fumot VAPE<\/a>, <a href=\"https:\/\/vapestornado.com\/cs\/product\/original-wga-ultra-35k-35000-puff-rechargeable-crystal-disposable-nicotine-vape-best-discount-price\/\">WGA VAPE<\/a>, <a href=\"https:\/\/vapestornado.com\/cs\/product\/vozol-gear-shisha-25k-25000-puffs-best-dtl-disposable-vape-hookah-cheap-price\/\">VOZOL BAR VAPE<\/a>, <\/strong><strong data-start=\"247\" data-end=\"352\">Elf Bar Vape, WASPE Vape, <a href=\"https:\/\/vapestornado.com\/cs\/product\/uzy-150k-puffs-6-in-1-flavor-switch-disposable-vape-pen-wholesale\/\">UZY Vape<\/a>, Bang Vape, Razz Bar Vape, \u00a0a Stag Bar Vape<\/strong>, vybran\u00e9 pro konzistentn\u00ed kvalitu a silnou popt\u00e1vku na evropsk\u00e9m trhu.<\/p>\n<h4 data-start=\"1080\" data-end=\"1120\">Vyrobeno pro velkoobchod evropsk\u00fdch vap\u00e9r\u016f<\/h4>\n<p data-start=\"1121\" data-end=\"1189\">Vapes Tornado je strukturov\u00e1no kolem skute\u010dn\u00fdch pot\u0159eb velkoobchodn\u00edk\u016f v EU:<\/p>\n<ul data-start=\"1190\" data-end=\"1400\">\n<li data-start=\"1190\" data-end=\"1239\">\n<p data-start=\"1192\" data-end=\"1239\">Konkurenceschopn\u00e9 velkoobchodn\u00ed ceny pro velk\u00e9 objedn\u00e1vky<\/p>\n<\/li>\n<li data-start=\"1240\" data-end=\"1289\">\n<p data-start=\"1242\" data-end=\"1289\">P\u0159ehledn\u00e9 popisy produkt\u016f a specifikace<\/p>\n<\/li>\n<li data-start=\"1290\" data-end=\"1330\">\n<p data-start=\"1292\" data-end=\"1330\">Rychl\u00e1, spolehliv\u00e1 logistika orientovan\u00e1 na EU<\/p>\n<\/li>\n<li data-start=\"1331\" data-end=\"1400\">\n<p data-start=\"1333\" data-end=\"1400\">Katalog zam\u011b\u0159en\u00fd na <strong data-start=\"1356\" data-end=\"1373\">obl\u00edben\u00fdch vaporiz\u00e9r\u016f<\/strong>, ne na p\u0159et\u00ed\u017een\u00e9 SKU<\/p>\n<\/li>\n<\/ul>\n<h2 data-start=\"2064\" data-end=\"2115\">\u010casto kladen\u00e9 ot\u00e1zky o AIVONO AVN MATE 120k Puffs Jednor\u00e1zov\u00e9m Vaporiz\u00e9ru<\/h2>\n<p data-start=\"3198\" data-end=\"3373\"><strong data-start=\"3198\" data-end=\"3260\">1. Je AIVONO AVN MATE 120k skute\u010dn\u011b za 120 000 pot\u00e1hnut\u00ed?<\/strong><br data-start=\"3260\" data-end=\"3263\" \/>Ano, je navr\u017een s odpov\u00eddaj\u00edc\u00ed bateri\u00ed a syst\u00e9mem oleje, kter\u00fd podporuje cel\u00fd rozsah pot\u00e1hnut\u00ed p\u0159i norm\u00e1ln\u00edm pou\u017e\u00edv\u00e1n\u00ed.<\/p>\n<p data-start=\"3375\" data-end=\"3514\"><strong data-start=\"3375\" data-end=\"3419\">2. Jak funguje syst\u00e9m dvou chut\u00ed?<\/strong><br data-start=\"3419\" data-end=\"3422\" \/>U\u017eivatel\u00e9 mohou p\u0159ep\u00ednat mezi dv\u011bma chut\u011bmi zabudovan\u00fdmi ve stejn\u00e9m za\u0159\u00edzen\u00ed bez m\u00edch\u00e1n\u00ed nebo dopl\u0148ov\u00e1n\u00ed.<\/p>\n<p data-start=\"3516\" data-end=\"3619\"><strong data-start=\"3516\" data-end=\"3562\">3. Je to dob\u00edjec\u00ed jednor\u00e1zov\u00fd vaporiz\u00e9r?<\/strong><br data-start=\"3562\" data-end=\"3565\" \/>Ano, m\u00e1 nab\u00edjec\u00ed baterii typu C o kapacit\u011b 850mAh.<\/p>\n<p data-start=\"3621\" data-end=\"3727\"><strong data-start=\"3621\" data-end=\"3666\">4. Jak\u00e9 s\u00edly nikotinu jsou k dispozici?<\/strong><br data-start=\"3666\" data-end=\"3669\" \/>Za\u0159\u00edzen\u00ed je k dispozici v <strong data-start=\"3696\" data-end=\"3726\">mo\u017enosti nikotinu 2% a 5%<\/strong>.<\/p>\n<p data-start=\"3729\" data-end=\"3888\"><strong data-start=\"3729\" data-end=\"3789\">5. Je to vhodn\u00e9 pro velkoobchodn\u00ed distribuci v \u010cesk\u00e9 republice?<\/strong><br data-start=\"3789\" data-end=\"3792\" \/>Ano, design, ceny a struktura p\u0159\u00edchut\u00ed jsou dob\u0159e p\u0159izp\u016fsobeny velkoobchodn\u00edmu trhu v \u010cesk\u00e9 republice.<\/p>\n<\/div>\n<\/div>\n<\/div>\n<\/div>","protected":false},"excerpt":{"rendered":"<div class=\"flex max-w-full flex-col grow\">\n<div class=\"min-h-8 text-message relative flex w-full flex-col items-end gap-2 text-start break-words whitespace-normal [.text-message+&amp;]:mt-1\" dir=\"auto\" data-message-author-role=\"assistant\" data-message-id=\"2a9d6edf-5b3a-41c0-afc9-caef2e4c2c3b\" data-message-model-slug=\"gpt-5-2\">\n<div class=\"flex w-full flex-col gap-1 empty:hidden first:pt-[1px]\">\n<div class=\"markdown prose dark:prose-invert w-full break-words light markdown-new-styling\">\n<p data-start=\"4127\" data-end=\"4213\"><strong data-start=\"4127\" data-end=\"4211\">AIVONO AVN MATE 120k Jednor\u00e1zov\u00fd vaporiz\u00e9r s dvojitou p\u0159\u00edchut\u00ed a displejem pro velkoobchod v \u010cesk\u00e9 republice<\/strong><\/p>\n<p data-start=\"4217\" data-end=\"4296\"><strong data-start=\"4217\" data-end=\"4294\">AIVONO AVN MATE 120000 pot\u00e1hnut\u00ed 2 v 1 Jednor\u00e1zov\u00fd vaporiz\u00e9r za n\u00edzkou cenu Velkoobchodn\u00ed z\u00e1soby<\/strong><\/p>\n<p data-start=\"4300\" data-end=\"4384\"><strong data-start=\"4300\" data-end=\"4384\">AIVONO AVN MATE 120k Nastaviteln\u00fd p\u0159\u00edchut\u011bn\u00fd jednor\u00e1zov\u00fd e-cigaret pro velkoobchod s vaporiz\u00e9ry<\/strong><\/p>\n<\/div>\n<\/div>\n<\/div>\n<\/div>\n<p><strong>P\u0159idejte si Amy na Whatsapp, abyste z\u00edskali spr\u00e1vnou odpov\u011b\u010f a slevu!<\/strong><\/p>\n<p><img fetchpriority=\"high\" decoding=\"async\" class=\"size-full wp-image-2932\" src=\"https:\/\/vapestornado.com\/wp-content\/uploads\/2024\/12\/Vape-Wholesale.jpg\" alt=\"Velkoobchod s vape\" width=\"229\" height=\"300\" \/><\/p>\n<h3><a href=\"https:\/\/wa.me\/8617776015835\"><span style=\"color: #ff0000;\"><strong>WhatsApp: +86 17776015835<\/strong><\/span><\/a><\/h3>","protected":false},"featured_media":4837,"comment_status":"open","ping_status":"closed","template":"","meta":{"_acf_changed":false,"_uag_custom_page_level_css":"","_lmt_disableupdate":"no","_lmt_disable":"","_monsterinsights_skip_tracking":false,"_monsterinsights_sitenote_active":false,"_monsterinsights_sitenote_note":"","_monsterinsights_sitenote_category":0,"site-sidebar-layout":"default","site-content-layout":"","ast-site-content-layout":"default","site-content-style":"default","site-sidebar-style":"default","ast-global-header-display":"","ast-banner-title-visibility":"","ast-main-header-display":"","ast-hfb-above-header-display":"","ast-hfb-below-header-display":"","ast-hfb-mobile-header-display":"","site-post-title":"","ast-breadcrumbs-content":"","ast-featured-img":"","footer-sml-layout":"","ast-disable-related-posts":"","theme-transparent-header-meta":"default","adv-header-id-meta":"","stick-header-meta":"","header-above-stick-meta":"","header-main-stick-meta":"","header-below-stick-meta":"","astra-migrate-meta-layouts":"set","ast-page-background-enabled":"default","ast-page-background-meta":{"desktop":{"background-color":"","background-image":"","background-repeat":"repeat","background-position":"center center","background-size":"auto","background-attachment":"scroll","background-type":"","background-media":"","overlay-type":"","overlay-color":"","overlay-opacity":"","overlay-gradient":""},"tablet":{"background-color":"","background-image":"","background-repeat":"repeat","background-position":"center center","background-size":"auto","background-attachment":"scroll","background-type":"","background-media":"","overlay-type":"","overlay-color":"","overlay-opacity":"","overlay-gradient":""},"mobile":{"background-color":"","background-image":"","background-repeat":"repeat","background-position":"center center","background-size":"auto","background-attachment":"scroll","background-type":"","background-media":"","overlay-type":"","overlay-color":"","overlay-opacity":"","overlay-gradient":""}},"ast-content-background-meta":{"desktop":{"background-color":"var(--ast-global-color-5)","background-image":"","background-repeat":"repeat","background-position":"center center","background-size":"auto","background-attachment":"scroll","background-type":"","background-media":"","overlay-type":"","overlay-color":"","overlay-opacity":"","overlay-gradient":""},"tablet":{"background-color":"var(--ast-global-color-5)","background-image":"","background-repeat":"repeat","background-position":"center center","background-size":"auto","background-attachment":"scroll","background-type":"","background-media":"","overlay-type":"","overlay-color":"","overlay-opacity":"","overlay-gradient":""},"mobile":{"background-color":"var(--ast-global-color-5)","background-image":"","background-repeat":"repeat","background-position":"center center","background-size":"auto","background-attachment":"scroll","background-type":"","background-media":"","overlay-type":"","overlay-color":"","overlay-opacity":"","overlay-gradient":""}},"_joinchat":[]},"product_brand":[],"product_cat":[347,176,150,152,153,158,141,142,492,144,146],"product_tag":[567,563,562,564,195,566,565,522,269],"class_list":{"0":"post-4842","1":"product","2":"type-product","3":"status-publish","4":"has-post-thumbnail","6":"product_cat-120000-puff","7":"product_cat-aivono-vape","8":"product_cat-buy-disposable-vapes-in-belgium","9":"product_cat-buy-disposable-vapes-in-cermany","10":"product_cat-buy-disposable-vapes-in-italy","11":"product_cat-buy-disposable-vapes-in-spain","12":"product_cat-crystal-disposable-vapes","13":"product_cat-digital-box-disposable-vapes","14":"product_cat-eu-warehouse","15":"product_cat-low-nicotine-disposable-vapes","16":"product_cat-rechargeable-disposable-vapes","17":"product_tag-2-in-1-flavor","18":"product_tag-aivono-avn-mate-120000","19":"product_tag-aivono-avn-mate-120k","20":"product_tag-aivono-vape","21":"product_tag-dual-flavor-disposable-vape","22":"product_tag-puff-120k","23":"product_tag-vape-wholesale-at-low-price","24":"product_tag-vape-wholesale-italy","25":"product_tag-vape-with-screen","26":"desktop-align-left","27":"tablet-align-left","28":"mobile-align-left","30":"first","31":"instock","32":"sale","33":"shipping-taxable","34":"purchasable","35":"product-type-simple"},"acf":[],"uagb_featured_image_src":{"full":["https:\/\/vapestornado.com\/wp-content\/uploads\/2026\/01\/AIVONO-AVN-MATE-120k-120000-Puffs-Disposable-Vape-Double-Flaovr.webp",800,800,false],"thumbnail":["https:\/\/vapestornado.com\/wp-content\/uploads\/2026\/01\/AIVONO-AVN-MATE-120k-120000-Puffs-Disposable-Vape-Double-Flaovr-150x150.webp",150,150,true],"medium":["https:\/\/vapestornado.com\/wp-content\/uploads\/2026\/01\/AIVONO-AVN-MATE-120k-120000-Puffs-Disposable-Vape-Double-Flaovr-300x300.webp",300,300,true],"medium_large":["https:\/\/vapestornado.com\/wp-content\/uploads\/2026\/01\/AIVONO-AVN-MATE-120k-120000-Puffs-Disposable-Vape-Double-Flaovr-768x768.webp",768,768,true],"large":["https:\/\/vapestornado.com\/wp-content\/uploads\/2026\/01\/AIVONO-AVN-MATE-120k-120000-Puffs-Disposable-Vape-Double-Flaovr.webp",800,800,false],"1536x1536":["https:\/\/vapestornado.com\/wp-content\/uploads\/2026\/01\/AIVONO-AVN-MATE-120k-120000-Puffs-Disposable-Vape-Double-Flaovr.webp",800,800,false],"2048x2048":["https:\/\/vapestornado.com\/wp-content\/uploads\/2026\/01\/AIVONO-AVN-MATE-120k-120000-Puffs-Disposable-Vape-Double-Flaovr.webp",800,800,false],"trp-custom-language-flag":["https:\/\/vapestornado.com\/wp-content\/uploads\/2026\/01\/AIVONO-AVN-MATE-120k-120000-Puffs-Disposable-Vape-Double-Flaovr-12x12.webp",12,12,true],"woocommerce_thumbnail":["https:\/\/vapestornado.com\/wp-content\/uploads\/2026\/01\/AIVONO-AVN-MATE-120k-120000-Puffs-Disposable-Vape-Double-Flaovr-300x300.webp",300,300,true],"woocommerce_single":["https:\/\/vapestornado.com\/wp-content\/uploads\/2026\/01\/AIVONO-AVN-MATE-120k-120000-Puffs-Disposable-Vape-Double-Flaovr-600x600.webp",600,600,true],"woocommerce_gallery_thumbnail":["https:\/\/vapestornado.com\/wp-content\/uploads\/2026\/01\/AIVONO-AVN-MATE-120k-120000-Puffs-Disposable-Vape-Double-Flaovr-100x100.webp",100,100,true]},"uagb_author_info":{"display_name":"ESAMY","author_link":"https:\/\/vapestornado.com\/cs\/author\/"},"uagb_comment_info":0,"uagb_excerpt":"AIVONO AVN MATE 120k Dual Flavor Disposable Vape with Screen for Italy Wholesale AIVONO AVN MATE 120000 Puffs 2 in 1 Disposable Vape Low Price Bulk Supply AIVONO AVN MATE 120k Adjustable Flavor Disposable E-Cigarette for Vape Wholesale Add Amy's whatsapp to get right reply and discount price! WhatsApp: +86 17776015835","_links":{"self":[{"href":"https:\/\/vapestornado.com\/cs\/wp-json\/wp\/v2\/product\/4842","targetHints":{"allow":["GET"]}}],"collection":[{"href":"https:\/\/vapestornado.com\/cs\/wp-json\/wp\/v2\/product"}],"about":[{"href":"https:\/\/vapestornado.com\/cs\/wp-json\/wp\/v2\/types\/product"}],"replies":[{"embeddable":true,"href":"https:\/\/vapestornado.com\/cs\/wp-json\/wp\/v2\/comments?post=4842"}],"wp:featuredmedia":[{"embeddable":true,"href":"https:\/\/vapestornado.com\/cs\/wp-json\/wp\/v2\/media\/4837"}],"wp:attachment":[{"href":"https:\/\/vapestornado.com\/cs\/wp-json\/wp\/v2\/media?parent=4842"}],"wp:term":[{"taxonomy":"product_brand","embeddable":true,"href":"https:\/\/vapestornado.com\/cs\/wp-json\/wp\/v2\/product_brand?post=4842"},{"taxonomy":"product_cat","embeddable":true,"href":"https:\/\/vapestornado.com\/cs\/wp-json\/wp\/v2\/product_cat?post=4842"},{"taxonomy":"product_tag","embeddable":true,"href":"https:\/\/vapestornado.com\/cs\/wp-json\/wp\/v2\/product_tag?post=4842"}],"curies":[{"name":"wp","href":"https:\/\/api.w.org\/{rel}","templated":true}]}}