{"id":4833,"date":"2026-01-23T08:34:14","date_gmt":"2026-01-23T08:34:14","guid":{"rendered":"https:\/\/vapestornado.com\/?post_type=product&#038;p=4833"},"modified":"2026-01-23T08:50:43","modified_gmt":"2026-01-23T08:50:43","slug":"waspe-crystal-180k-180000-puffs-disposable-vapes-pen-8-in-1-flavor-bulk-buy","status":"publish","type":"product","link":"https:\/\/vapestornado.com\/cs\/product\/waspe-crystal-180k-180000-puffs-disposable-vapes-pen-8-in-1-flavor-bulk-buy\/","title":{"rendered":"WASPE Crystal 180k 180000 Pot\u00e1hnut\u00ed Jednor\u00e1zov\u00e9 Vaporiz\u00e9ry Pero 8 v 1 P\u0159\u00edchu\u0165 Velkoobchod"},"content":{"rendered":"<h1 data-start=\"0\" data-end=\"87\">WASPE Crystal 180K Puf Jednor\u00e1zov\u00e9 Vape Pero \u2013 8-v-1 P\u0159enosn\u00e1 s\u00edla p\u0159\u00edchut\u00ed ve velk\u00e9m mno\u017estv\u00ed<\/h1>\n<p data-start=\"275\" data-end=\"612\">Ten <strong data-start=\"279\" data-end=\"326\">WASPE Crystal 180K Puf Jednor\u00e1zov\u00e9 Vape Pero<\/strong> je navr\u017eeno pro velkoobchodn\u00edky, kte\u0159\u00ed cht\u011bj\u00ed maxim\u00e1ln\u00ed dopad na polici a dlouhodob\u00fd obrat. Nab\u00edz\u00ed a\u017e <strong data-start=\"423\" data-end=\"440\">180 000 puf\u016f<\/strong>, tento p\u0159\u00edstroj pat\u0159\u00ed do kategorie ultra vysok\u00e9 kapacity, ur\u010den\u00e9 pro t\u011b\u017ek\u00e9 u\u017eivatele a velkoobchodn\u00edky, kte\u0159\u00ed oce\u0148uj\u00ed odolnost, konzistenci a jasn\u00e9 ukazatele v\u00fdkonu.<\/p>\n<p data-start=\"614\" data-end=\"934\">Poh\u00e1n\u011bno <strong data-start=\"627\" data-end=\"657\">\u010dty\u0159n\u00e1sobn\u00fd syst\u00e9m mesh c\u00edvky 1.0\u03a9<\/strong>, WASPE Crystal 180k udr\u017euje stabiln\u00ed v\u00fdstup chuti po cel\u00e9 sv\u00e9 \u017eivotnosti. The <strong data-start=\"745\" data-end=\"771\">68ml kapacita e-liquidu<\/strong> sp\u00e1rovan\u00fd s <strong data-start=\"786\" data-end=\"824\">Dob\u00edjec\u00ed baterie 650 mAh Type-C<\/strong> zaji\u0161\u0165uje stabiln\u00ed produkci par bez p\u0159ed\u010dasn\u00e9ho poklesu, sni\u017euje st\u00ed\u017enosti z\u00e1kazn\u00edk\u016f a opakovan\u00e9 v\u00fdm\u011bny.<\/p>\n<p data-start=\"936\" data-end=\"1299\">\u010c\u00edm se <strong data-start=\"950\" data-end=\"974\">WASPE Crystal 180000<\/strong> odli\u0161uje se sv\u00fdm <strong data-start=\"988\" data-end=\"1023\">8-v-1 nastaviteln\u00e9 syst\u00e9m p\u0159\u00edchut\u00ed<\/strong>, kter\u00fd umo\u017e\u0148uje u\u017eivatel\u016fm p\u0159ep\u00ednat p\u0159\u00edchut\u011b v jednom za\u0159\u00edzen\u00ed. Spolu s <strong data-start=\"1089\" data-end=\"1109\">chytr\u00e1 LED obrazovka<\/strong> kter\u00fd zobrazuje \u00farove\u0148 baterie a oleje, tento vape s displejem nab\u00edz\u00ed transparentnost, kontrolu a pr\u00e9miov\u00fd u\u017eivatelsk\u00fd z\u00e1\u017eitek\u2014kl\u00ed\u010dov\u00e9 faktory pro opakovan\u00fd prodej na trhu Velkoobchodn\u00edch Jednor\u00e1zov\u00fdch Vape.<\/p>\n<p data-start=\"1301\" data-end=\"1593\">Dostupn\u00e9 v <strong data-start=\"1314\" data-end=\"1349\">Mo\u017enosti nikotinu 0%, 2% a 5%<\/strong>, <strong data-start=\"1355\" data-end=\"1394\">WASPE 180k Puff Jednor\u00e1zov\u00e1 Vape Pero<\/strong> vyhovuje v\u00edce evropsk\u00fdm trh\u016fm a preferenc\u00edm z\u00e1kazn\u00edk\u016f. Jeho pevn\u00e1 konstrukce, velk\u00fd form\u00e1t a modern\u00ed krystalick\u00fd design z n\u011bj \u010din\u00ed siln\u00e9ho hr\u00e1\u010de pro velkoobchodn\u00edky hledaj\u00edc\u00ed objemov\u00e9 objedn\u00e1vky a rychlou rotaci.<\/p>\n<p data-start=\"1595\" data-end=\"1722\"><strong data-start=\"1598\" data-end=\"1722\">Velkoobchodn\u00edci a vap\u00e9\u0159i: zajist\u011bte si z\u00e1sobu WASPE Crystal 180k nyn\u00ed a posilte svou kategorii jednor\u00e1zov\u00fdch za\u0159\u00edzen\u00ed s vysok\u00fdm po\u010dtem pota\u017een\u00ed s d\u016fv\u011brou.<\/strong><\/p>\n<p><strong><span style=\"color: #ff0000;\">P\u0159idejte si Amy na WhatsApp pro rychlou odpov\u011b\u010f a kup\u00f3n na vapky!<\/span><\/strong><\/p>\n<p><img fetchpriority=\"high\" decoding=\"async\" class=\"size-full wp-image-2932\" src=\"https:\/\/vapestornado.com\/wp-content\/uploads\/2024\/12\/Vape-Wholesale.jpg\" alt=\"Velkoobchod s vape\" width=\"229\" height=\"300\" \/><\/p>\n<h3><a href=\"https:\/\/wa.me\/8617776015835\" target=\"_blank\" rel=\"noopener\"><span style=\"color: #ff0000;\"><strong>WhatsApp: +86 17776015835<\/strong><\/span><\/a><\/h3>\n<p>&nbsp;<\/p>\n<h2><strong>WASPE Crystal 180k Potenci\u00e1l Produktov\u00e9 Vlastnosti<\/strong><\/h2>\n<ul>\n<li data-start=\"1774\" data-end=\"1894\">\n<p data-start=\"1776\" data-end=\"1894\"><strong data-start=\"1776\" data-end=\"1801\">Kapacita 180 000 pota\u017een\u00ed<\/strong> \u2013 Navr\u017eeno pro dlouhodob\u00e9 pou\u017eit\u00ed, minimalizuje v\u00fdm\u011bny a maximalizuje spokojenost z\u00e1kazn\u00edk\u016f.<\/p>\n<\/li>\n<li data-start=\"1895\" data-end=\"2012\">\n<p data-start=\"1897\" data-end=\"2012\"><strong data-start=\"1897\" data-end=\"1932\">8-v-1 Nastaviteln\u00fd Syst\u00e9m P\u0159\u00edchut\u00ed<\/strong> \u2013 V\u00edce mo\u017enost\u00ed p\u0159\u00edchut\u00ed v jednom za\u0159\u00edzen\u00ed zvy\u0161uje zapojen\u00ed a opakovan\u00e9 pou\u017eit\u00ed.<\/p>\n<\/li>\n<li data-start=\"2013\" data-end=\"2111\">\n<p data-start=\"2015\" data-end=\"2111\"><strong data-start=\"2015\" data-end=\"2043\">\u010cty\u0159n\u00e1sobn\u00e1 s\u00ed\u0165ov\u00e1 c\u00edvka (1.0\u03a9 \u00d74)<\/strong> \u2013 Zaji\u0161\u0165uje rovnom\u011brn\u00e9 zah\u0159\u00edv\u00e1n\u00ed, hust\u00fd vapor a konzistentn\u00ed chu\u0165ov\u00fd v\u00fdstup.<\/p>\n<\/li>\n<li data-start=\"2112\" data-end=\"2212\">\n<p data-start=\"2114\" data-end=\"2212\"><strong data-start=\"2114\" data-end=\"2140\">Kapacita 68 ml E-Liquidu<\/strong> \u2013 Podporuje skute\u010dn\u00fd dlouhodob\u00fd v\u00fdkon bez \u010dast\u00fdch p\u0159eru\u0161en\u00ed.<\/p>\n<\/li>\n<li data-start=\"2213\" data-end=\"2305\">\n<p data-start=\"2215\" data-end=\"2305\"><strong data-start=\"2215\" data-end=\"2235\">Chytr\u00e1 LED obrazovka<\/strong> \u2013 Jasn\u011b zobrazuje \u00farove\u0148 baterie a oleje pro lep\u0161\u00ed kontrolu pou\u017e\u00edv\u00e1n\u00ed.<\/p>\n<\/li>\n<li data-start=\"2306\" data-end=\"2403\">\n<p data-start=\"2308\" data-end=\"2403\"><strong data-start=\"2308\" data-end=\"2346\">650mAh dob\u00edjec\u00ed baterie typu C<\/strong> \u2013 Spolehliv\u00fd p\u0159enos energie s rychl\u00fdm, univerz\u00e1ln\u00edm nab\u00edjen\u00edm.<\/p>\n<\/li>\n<\/ul>\n<figure id=\"attachment_4827\" aria-describedby=\"caption-attachment-4827\" style=\"width: 300px\" class=\"wp-caption alignnone\"><img decoding=\"async\" class=\"size-medium wp-image-4827\" src=\"https:\/\/vapestornado.com\/wp-content\/uploads\/2026\/01\/WASPE-Crystal-180k-Puff-Disposable-Vape-Pen-300x300.webp\" alt=\"Waspe Crystal 180k Puff Jednor\u00e1zov\u00e9 Vape Pero\" width=\"300\" height=\"300\" srcset=\"https:\/\/vapestornado.com\/wp-content\/uploads\/2026\/01\/WASPE-Crystal-180k-Puff-Disposable-Vape-Pen-300x300.webp 300w, https:\/\/vapestornado.com\/wp-content\/uploads\/2026\/01\/WASPE-Crystal-180k-Puff-Disposable-Vape-Pen-150x150.webp 150w, https:\/\/vapestornado.com\/wp-content\/uploads\/2026\/01\/WASPE-Crystal-180k-Puff-Disposable-Vape-Pen-768x768.webp 768w, https:\/\/vapestornado.com\/wp-content\/uploads\/2026\/01\/WASPE-Crystal-180k-Puff-Disposable-Vape-Pen-12x12.webp 12w, https:\/\/vapestornado.com\/wp-content\/uploads\/2026\/01\/WASPE-Crystal-180k-Puff-Disposable-Vape-Pen-600x600.webp 600w, https:\/\/vapestornado.com\/wp-content\/uploads\/2026\/01\/WASPE-Crystal-180k-Puff-Disposable-Vape-Pen-100x100.webp 100w, https:\/\/vapestornado.com\/wp-content\/uploads\/2026\/01\/WASPE-Crystal-180k-Puff-Disposable-Vape-Pen.webp 800w\" sizes=\"(max-width: 300px) 100vw, 300px\" \/><figcaption id=\"caption-attachment-4827\" class=\"wp-caption-text\">Waspe Crystal 180k Puff Jednor\u00e1zov\u00e9 Vape Pero<\/figcaption><\/figure>\n<figure id=\"attachment_4830\" aria-describedby=\"caption-attachment-4830\" style=\"width: 300px\" class=\"wp-caption alignnone\"><img decoding=\"async\" class=\"size-medium wp-image-4830\" src=\"https:\/\/vapestornado.com\/wp-content\/uploads\/2026\/01\/WASPE-Crystal-180k-Puffs-Bulk-Buy-Price-300x300.webp\" alt=\"Velkoobchodn\u00ed cena WASPE Crystal 180k Puff\" width=\"300\" height=\"300\" srcset=\"https:\/\/vapestornado.com\/wp-content\/uploads\/2026\/01\/WASPE-Crystal-180k-Puffs-Bulk-Buy-Price-300x300.webp 300w, https:\/\/vapestornado.com\/wp-content\/uploads\/2026\/01\/WASPE-Crystal-180k-Puffs-Bulk-Buy-Price-150x150.webp 150w, https:\/\/vapestornado.com\/wp-content\/uploads\/2026\/01\/WASPE-Crystal-180k-Puffs-Bulk-Buy-Price-768x768.webp 768w, https:\/\/vapestornado.com\/wp-content\/uploads\/2026\/01\/WASPE-Crystal-180k-Puffs-Bulk-Buy-Price-12x12.webp 12w, https:\/\/vapestornado.com\/wp-content\/uploads\/2026\/01\/WASPE-Crystal-180k-Puffs-Bulk-Buy-Price-600x600.webp 600w, https:\/\/vapestornado.com\/wp-content\/uploads\/2026\/01\/WASPE-Crystal-180k-Puffs-Bulk-Buy-Price-100x100.webp 100w, https:\/\/vapestornado.com\/wp-content\/uploads\/2026\/01\/WASPE-Crystal-180k-Puffs-Bulk-Buy-Price.webp 800w\" sizes=\"(max-width: 300px) 100vw, 300px\" \/><figcaption id=\"caption-attachment-4830\" class=\"wp-caption-text\">Velkoobchodn\u00ed cena WASPE Crystal 180k Puff<\/figcaption><\/figure>\n<figure id=\"attachment_4826\" aria-describedby=\"caption-attachment-4826\" style=\"width: 300px\" class=\"wp-caption alignnone\"><img loading=\"lazy\" decoding=\"async\" class=\"size-medium wp-image-4826\" src=\"https:\/\/vapestornado.com\/wp-content\/uploads\/2026\/01\/Waspe-Crystal-180k-Puff-8-in-1-Flavor-Adjustable-Disposable-Vape-300x300.webp\" alt=\"Waspe Crystal 180k Puff 8 v 1 Nastaviteln\u00e1 P\u0159\u00edchu\u0165 Jednor\u00e1zov\u00e9 Vape\" width=\"300\" height=\"300\" srcset=\"https:\/\/vapestornado.com\/wp-content\/uploads\/2026\/01\/Waspe-Crystal-180k-Puff-8-in-1-Flavor-Adjustable-Disposable-Vape-300x300.webp 300w, https:\/\/vapestornado.com\/wp-content\/uploads\/2026\/01\/Waspe-Crystal-180k-Puff-8-in-1-Flavor-Adjustable-Disposable-Vape-150x150.webp 150w, https:\/\/vapestornado.com\/wp-content\/uploads\/2026\/01\/Waspe-Crystal-180k-Puff-8-in-1-Flavor-Adjustable-Disposable-Vape-768x768.webp 768w, https:\/\/vapestornado.com\/wp-content\/uploads\/2026\/01\/Waspe-Crystal-180k-Puff-8-in-1-Flavor-Adjustable-Disposable-Vape-12x12.webp 12w, https:\/\/vapestornado.com\/wp-content\/uploads\/2026\/01\/Waspe-Crystal-180k-Puff-8-in-1-Flavor-Adjustable-Disposable-Vape-600x600.webp 600w, https:\/\/vapestornado.com\/wp-content\/uploads\/2026\/01\/Waspe-Crystal-180k-Puff-8-in-1-Flavor-Adjustable-Disposable-Vape-100x100.webp 100w, https:\/\/vapestornado.com\/wp-content\/uploads\/2026\/01\/Waspe-Crystal-180k-Puff-8-in-1-Flavor-Adjustable-Disposable-Vape.webp 843w\" sizes=\"(max-width: 300px) 100vw, 300px\" \/><figcaption id=\"caption-attachment-4826\" class=\"wp-caption-text\">Waspe Crystal 180k Puff 8 v 1 Nastaviteln\u00e1 P\u0159\u00edchu\u0165 Jednor\u00e1zov\u00e9 Vape<\/figcaption><\/figure>\n<div><\/div>\n<h2 class=\"product-title\"><strong>Seznam p\u0159\u00edchut\u00ed WASPE Crystal 180k Puff<\/strong><\/h2>\n<p>1. Melounov\u00e1 ledov\u00e1 &amp; Citronov\u00e1 limetka &amp; Kysel\u00e1 manga ledov\u00e1 &amp; Kiwi meloun led<br \/>\n2. Bor\u016fvkov\u00e1 ledov\u00e1 &amp; T\u0159e\u0161\u0148ov\u00e1 cola &amp; Jahodov\u00e1 vanilka &amp; Citronov\u00e1 t\u0159e\u0161e\u0148<br \/>\n3. Red Bull Ice &amp; Jahodov\u00fd Ice &amp; Sour Fcuking Fab &amp; Cola Ice<br \/>\n4. Hroznov\u00fd Ice &amp; Jahodov\u00fd Kiwi &amp; Melounov\u00fd Ice &amp; Blue Rancher<br \/>\n5. Melounov\u00e1 Passion Fruit &amp; Kysel\u00e1 Mango Ananas &amp; Ban\u00e1nov\u00e9 Toffee Candy &amp; Jahodov\u00e9 Bobule<br \/>\n6. Jahodov\u00fd Meloun &amp; Chladiv\u00e1 M\u00e1ta &amp; Blue Razz Ice &amp; \u010cernorybice Ice<br \/>\n7. Ostru\u017einov\u00fd Ice &amp; Dvojit\u00e1 Jablko &amp; \u010cern\u00fd Drak Ice &amp; Jahodov\u00fd Kiwi<br \/>\n8. Jahodov\u00fd Red Bull &amp; T\u0159e\u0161\u0148ov\u00e1 Cola &amp; T\u0159e\u0161\u0148ov\u00e1 Lemon &amp; Tropick\u00e9 Ovoce<br \/>\n9. Sm\u00ed\u0161en\u00e9 Bobule &amp; Lemon Lime &amp; Blueberry Raspberry &amp; Zelen\u00e9 Jablko<br \/>\n10. Jahodovo-Raspberry T\u0159e\u0161\u0148ov\u00e9 &amp; Jahodov\u00fd Meloun &amp; Kiwi Meloun &amp; Lemon Lime<br \/>\n11. Jahodovo-Ban\u00e1nov\u00e9 &amp; Mango Broskev &amp; Trojice Bobul\u00ed &amp; Jahodovo-Ananasov\u00e9<br \/>\n12. Blue Razz Lemonade &amp; T\u0159e\u0161\u0148ov\u00e1 Lemon &amp; Blueberry Ice &amp; Melounov\u00e9 Broskev<\/p>\n<div class=\"flex-shrink-0 flex flex-col relative items-end\">\n<div class=\"pt-0\">\n<div class=\"gizmo-bot-avatar flex h-8 w-8 items-center justify-center overflow-hidden rounded-full\">\n<div class=\"relative p-1 rounded-sm flex items-center justify-center bg-token-main-surface-primary text-token-text-primary h-8 w-8\">\n<h2 data-start=\"1200\" data-end=\"1487\">Vapes Tornado \u2013 V\u00e1\u0161 velkoobchodn\u00ed online obchod s vaporiz\u00e9ry pro obl\u00edben\u00e9 vaporiz\u00e9ry<\/h2>\n<p data-start=\"72\" data-end=\"396\"><strong data-start=\"72\" data-end=\"89\">Vapes Tornado<\/strong> je velkoobchodn\u00ed online obchod s vaporiz\u00e9ry zam\u011b\u0159en\u00fd na Evropu, dod\u00e1vaj\u00edc\u00ed pe\u010dliv\u011b vybranou \u0159adu <strong data-start=\"178\" data-end=\"195\">obl\u00edben\u00fdch vaporiz\u00e9r\u016f<\/strong> pro profesion\u00e1ln\u00ed kupce. Spolupracujeme s maloobchodn\u00edky, distributory a online obchody po cel\u00e9 EU, kte\u0159\u00ed pot\u0159ebuj\u00ed stabiln\u00ed dod\u00e1vky, jasn\u00e9 informace o produktech a zna\u010dky, kter\u00e9 z\u00e1kazn\u00edci ji\u017e znaj\u00ed a d\u016fv\u011b\u0159uj\u00ed jim.<\/p>\n<p data-start=\"398\" data-end=\"687\">Spolupracujeme s d\u016fv\u011bryhodn\u00fdmi zna\u010dkami, jako jsou <strong data-start=\"247\" data-end=\"352\"><a href=\"https:\/\/vapestornado.com\/cs\/product\/randm-12000-puffs-fumot-digital-disposable-vape-wholesale-price\/\">Fumot VAPE<\/a>, <a href=\"https:\/\/vapestornado.com\/cs\/product\/original-wga-ultra-35k-35000-puff-rechargeable-crystal-disposable-nicotine-vape-best-discount-price\/\">WGA VAPE<\/a>, <a href=\"https:\/\/vapestornado.com\/cs\/product\/vozol-gear-shisha-25k-25000-puffs-best-dtl-disposable-vape-hookah-cheap-price\/\">VOZOL BAR VAPE<\/a>, <\/strong><strong data-start=\"247\" data-end=\"352\">Elf Bar Vape, WASPE Vape, <a href=\"https:\/\/vapestornado.com\/cs\/product\/uzy-150k-puffs-6-in-1-flavor-switch-disposable-vape-pen-wholesale\/\">UZY Vape<\/a>, Bang Vape, Razz Bar Vape, \u00a0a Stag Bar Vape<\/strong>, vybran\u00e9 pro konzistentn\u00ed kvalitu a silnou popt\u00e1vku na evropsk\u00e9m trhu.<\/p>\n<h4 data-start=\"1080\" data-end=\"1120\">Vyrobeno pro velkoobchod evropsk\u00fdch vap\u00e9r\u016f<\/h4>\n<p data-start=\"1121\" data-end=\"1189\">Vapes Tornado je strukturov\u00e1no kolem skute\u010dn\u00fdch pot\u0159eb velkoobchodn\u00edk\u016f v EU:<\/p>\n<ul data-start=\"1190\" data-end=\"1400\">\n<li data-start=\"1190\" data-end=\"1239\">\n<p data-start=\"1192\" data-end=\"1239\">Konkurenceschopn\u00e9 velkoobchodn\u00ed ceny pro velk\u00e9 objedn\u00e1vky<\/p>\n<\/li>\n<li data-start=\"1240\" data-end=\"1289\">\n<p data-start=\"1242\" data-end=\"1289\">P\u0159ehledn\u00e9 popisy produkt\u016f a specifikace<\/p>\n<\/li>\n<li data-start=\"1290\" data-end=\"1330\">\n<p data-start=\"1292\" data-end=\"1330\">Rychl\u00e1, spolehliv\u00e1 logistika orientovan\u00e1 na EU<\/p>\n<\/li>\n<li data-start=\"1331\" data-end=\"1400\">\n<p data-start=\"1333\" data-end=\"1400\">Katalog zam\u011b\u0159en\u00fd na <strong data-start=\"1356\" data-end=\"1373\">obl\u00edben\u00fdch vaporiz\u00e9r\u016f<\/strong>, ne na p\u0159et\u00ed\u017een\u00e9 SKU<\/p>\n<\/li>\n<\/ul>\n<h2 data-start=\"2064\" data-end=\"2115\">\u010casto kladen\u00e9 ot\u00e1zky oWASPE Crystal 180k Puffs Disposable Vape<\/h2>\n<p data-start=\"3376\" data-end=\"3516\"><strong data-start=\"3376\" data-end=\"3425\">1. Jak dlouho vydr\u017e\u00ed WASPE Crystal 180k?<\/strong><br data-start=\"3425\" data-end=\"3428\" \/>Pou\u017eit\u00ed z\u00e1vis\u00ed na zvyklostech, ale je navr\u017een pro dlouhodob\u00e9 pou\u017eit\u00ed s a\u017e 180 000 pot\u00e1hnut\u00edmi.<\/p>\n<p data-start=\"3518\" data-end=\"3650\"><strong data-start=\"3518\" data-end=\"3557\">2. Mohou u\u017eivatel\u00e9 snadno m\u011bnit p\u0159\u00edchut\u011b?<\/strong><br data-start=\"3557\" data-end=\"3560\" \/>Ano, syst\u00e9m 8-v-1 nastaviteln\u00e9 p\u0159\u00edchut\u011b umo\u017e\u0148uje jednoduchou zm\u011bnu p\u0159\u00edchut\u011b v jednom za\u0159\u00edzen\u00ed.<\/p>\n<p data-start=\"3652\" data-end=\"3763\"><strong data-start=\"3652\" data-end=\"3700\">3. Je WASPE Crystal 180000 dob\u00edjec\u00ed?<\/strong><br data-start=\"3700\" data-end=\"3703\" \/>Ano, m\u00e1 baterii 650mAh s rychl\u00fdm nab\u00edjen\u00edm Type-C.<\/p>\n<p data-start=\"3765\" data-end=\"3898\"><strong data-start=\"3765\" data-end=\"3821\">4. Ukazuje za\u0159\u00edzen\u00ed stav baterie a e-liquidu?<\/strong><br data-start=\"3821\" data-end=\"3824\" \/>Ano, vestav\u011bn\u00e1 LED obrazovka jasn\u011b zobrazuje hladinu oleje i baterie.<\/p>\n<p data-start=\"3900\" data-end=\"4056\"><strong data-start=\"3900\" data-end=\"3954\">5. Je to vhodn\u00e9 pro velkoobchodn\u00ed a hromadn\u00e9 objedn\u00e1vky?<\/strong><br data-start=\"3954\" data-end=\"3957\" \/>Ur\u010dit\u011b, je navr\u017eeno speci\u00e1ln\u011b pro velkoobchodn\u00ed n\u00e1kup jednor\u00e1zov\u00fdch vaporiz\u00e9r\u016f a distribuci ve velk\u00e9m objemu.<\/p>\n<\/div>\n<\/div>\n<\/div>\n<\/div>","protected":false},"excerpt":{"rendered":"<div class=\"flex max-w-full flex-col grow\">\n<div class=\"min-h-8 text-message relative flex w-full flex-col items-end gap-2 text-start break-words whitespace-normal [.text-message+&amp;]:mt-1\" dir=\"auto\" data-message-author-role=\"assistant\" data-message-id=\"2a9d6edf-5b3a-41c0-afc9-caef2e4c2c3b\" data-message-model-slug=\"gpt-5-2\">\n<div class=\"flex w-full flex-col gap-1 empty:hidden first:pt-[1px]\">\n<div class=\"markdown prose dark:prose-invert w-full break-words light markdown-new-styling\">\n<ul>\n<li data-start=\"4315\" data-end=\"4401\">\n<p data-start=\"4318\" data-end=\"4401\"><strong data-start=\"4318\" data-end=\"4399\">WASPE Crystal 180K Puf Jednor\u00e1zov\u00e1 Vape \u2013 8-v-1 P\u0159enosn\u00e1 s\u00edla p\u0159\u00edchut\u00ed pro velkoobchodn\u00edky<\/strong><\/p>\n<\/li>\n<li data-start=\"4402\" data-end=\"4487\">\n<p data-start=\"4405\" data-end=\"4487\"><strong data-start=\"4405\" data-end=\"4485\">WASPE Crystal 180000 Puf Vape s displejem | Vysoce kapacitn\u00ed velkoobchodn\u00ed volba<\/strong><\/p>\n<\/li>\n<li data-start=\"4488\" data-end=\"4567\">\n<p data-start=\"4491\" data-end=\"4567\"><strong data-start=\"4491\" data-end=\"4567\">WASPE 180k Puf Jednor\u00e1zov\u00e1 Vape Pero \u2013 Navr\u017eeno pro objem, ur\u010den\u00e9 k prodeji<\/strong><\/p>\n<\/li>\n<\/ul>\n<\/div>\n<\/div>\n<\/div>\n<\/div>\n<p><strong>P\u0159idejte si Amy na Whatsapp, abyste z\u00edskali spr\u00e1vnou odpov\u011b\u010f a slevu!<\/strong><\/p>\n<p><img fetchpriority=\"high\" decoding=\"async\" class=\"size-full wp-image-2932\" src=\"https:\/\/vapestornado.com\/wp-content\/uploads\/2024\/12\/Vape-Wholesale.jpg\" alt=\"Velkoobchod s vape\" width=\"229\" height=\"300\" \/><\/p>\n<h3><a href=\"https:\/\/wa.me\/8617776015835\"><span style=\"color: #ff0000;\"><strong>WhatsApp: +86 17776015835<\/strong><\/span><\/a><\/h3>","protected":false},"featured_media":4832,"comment_status":"open","ping_status":"closed","template":"","meta":{"_acf_changed":false,"_uag_custom_page_level_css":"","_lmt_disableupdate":"no","_lmt_disable":"","_monsterinsights_skip_tracking":false,"_monsterinsights_sitenote_active":false,"_monsterinsights_sitenote_note":"","_monsterinsights_sitenote_category":0,"site-sidebar-layout":"default","site-content-layout":"","ast-site-content-layout":"default","site-content-style":"default","site-sidebar-style":"default","ast-global-header-display":"","ast-banner-title-visibility":"","ast-main-header-display":"","ast-hfb-above-header-display":"","ast-hfb-below-header-display":"","ast-hfb-mobile-header-display":"","site-post-title":"","ast-breadcrumbs-content":"","ast-featured-img":"","footer-sml-layout":"","ast-disable-related-posts":"","theme-transparent-header-meta":"default","adv-header-id-meta":"","stick-header-meta":"","header-above-stick-meta":"","header-main-stick-meta":"","header-below-stick-meta":"","astra-migrate-meta-layouts":"set","ast-page-background-enabled":"default","ast-page-background-meta":{"desktop":{"background-color":"","background-image":"","background-repeat":"repeat","background-position":"center center","background-size":"auto","background-attachment":"scroll","background-type":"","background-media":"","overlay-type":"","overlay-color":"","overlay-opacity":"","overlay-gradient":""},"tablet":{"background-color":"","background-image":"","background-repeat":"repeat","background-position":"center center","background-size":"auto","background-attachment":"scroll","background-type":"","background-media":"","overlay-type":"","overlay-color":"","overlay-opacity":"","overlay-gradient":""},"mobile":{"background-color":"","background-image":"","background-repeat":"repeat","background-position":"center center","background-size":"auto","background-attachment":"scroll","background-type":"","background-media":"","overlay-type":"","overlay-color":"","overlay-opacity":"","overlay-gradient":""}},"ast-content-background-meta":{"desktop":{"background-color":"var(--ast-global-color-5)","background-image":"","background-repeat":"repeat","background-position":"center center","background-size":"auto","background-attachment":"scroll","background-type":"","background-media":"","overlay-type":"","overlay-color":"","overlay-opacity":"","overlay-gradient":""},"tablet":{"background-color":"var(--ast-global-color-5)","background-image":"","background-repeat":"repeat","background-position":"center center","background-size":"auto","background-attachment":"scroll","background-type":"","background-media":"","overlay-type":"","overlay-color":"","overlay-opacity":"","overlay-gradient":""},"mobile":{"background-color":"var(--ast-global-color-5)","background-image":"","background-repeat":"repeat","background-position":"center center","background-size":"auto","background-attachment":"scroll","background-type":"","background-media":"","overlay-type":"","overlay-color":"","overlay-opacity":"","overlay-gradient":""}},"_joinchat":[]},"product_brand":[],"product_cat":[150,152,153,158,141,142,492,144,146,60],"product_tag":[561,560,269,559,558,557],"class_list":{"0":"post-4833","1":"product","2":"type-product","3":"status-publish","4":"has-post-thumbnail","6":"product_cat-buy-disposable-vapes-in-belgium","7":"product_cat-buy-disposable-vapes-in-cermany","8":"product_cat-buy-disposable-vapes-in-italy","9":"product_cat-buy-disposable-vapes-in-spain","10":"product_cat-crystal-disposable-vapes","11":"product_cat-digital-box-disposable-vapes","12":"product_cat-eu-warehouse","13":"product_cat-low-nicotine-disposable-vapes","14":"product_cat-rechargeable-disposable-vapes","15":"product_cat-waspe-fihp-vape","16":"product_tag-disposable-vapes-bulk-buy","17":"product_tag-disposable-vapes-pen","18":"product_tag-vape-with-screen","19":"product_tag-waspe-180k-puff","20":"product_tag-waspe-crystal-180000","21":"product_tag-waspe-crystal-180k","22":"desktop-align-left","23":"tablet-align-left","24":"mobile-align-left","26":"first","27":"instock","28":"sale","29":"shipping-taxable","30":"purchasable","31":"product-type-simple"},"acf":[],"uagb_featured_image_src":{"full":["https:\/\/vapestornado.com\/wp-content\/uploads\/2026\/01\/WASPE-Crystal-180000-Puffs-Multi-Flavor-Disposable-Vapes.webp",800,800,false],"thumbnail":["https:\/\/vapestornado.com\/wp-content\/uploads\/2026\/01\/WASPE-Crystal-180000-Puffs-Multi-Flavor-Disposable-Vapes-150x150.webp",150,150,true],"medium":["https:\/\/vapestornado.com\/wp-content\/uploads\/2026\/01\/WASPE-Crystal-180000-Puffs-Multi-Flavor-Disposable-Vapes-300x300.webp",300,300,true],"medium_large":["https:\/\/vapestornado.com\/wp-content\/uploads\/2026\/01\/WASPE-Crystal-180000-Puffs-Multi-Flavor-Disposable-Vapes-768x768.webp",768,768,true],"large":["https:\/\/vapestornado.com\/wp-content\/uploads\/2026\/01\/WASPE-Crystal-180000-Puffs-Multi-Flavor-Disposable-Vapes.webp",800,800,false],"1536x1536":["https:\/\/vapestornado.com\/wp-content\/uploads\/2026\/01\/WASPE-Crystal-180000-Puffs-Multi-Flavor-Disposable-Vapes.webp",800,800,false],"2048x2048":["https:\/\/vapestornado.com\/wp-content\/uploads\/2026\/01\/WASPE-Crystal-180000-Puffs-Multi-Flavor-Disposable-Vapes.webp",800,800,false],"trp-custom-language-flag":["https:\/\/vapestornado.com\/wp-content\/uploads\/2026\/01\/WASPE-Crystal-180000-Puffs-Multi-Flavor-Disposable-Vapes-12x12.webp",12,12,true],"woocommerce_thumbnail":["https:\/\/vapestornado.com\/wp-content\/uploads\/2026\/01\/WASPE-Crystal-180000-Puffs-Multi-Flavor-Disposable-Vapes-300x300.webp",300,300,true],"woocommerce_single":["https:\/\/vapestornado.com\/wp-content\/uploads\/2026\/01\/WASPE-Crystal-180000-Puffs-Multi-Flavor-Disposable-Vapes-600x600.webp",600,600,true],"woocommerce_gallery_thumbnail":["https:\/\/vapestornado.com\/wp-content\/uploads\/2026\/01\/WASPE-Crystal-180000-Puffs-Multi-Flavor-Disposable-Vapes-100x100.webp",100,100,true]},"uagb_author_info":{"display_name":"ESAMY","author_link":"https:\/\/vapestornado.com\/cs\/author\/"},"uagb_comment_info":0,"uagb_excerpt":"WASPE Crystal 180K Puff Disposable Vape \u2013 8-in-1 Flavor Power for Bulk Buyers WASPE Crystal 180000 Puffs Vape with Screen | High-Capacity Wholesale Choice WASPE 180k Puff Disposable Vape Pen \u2013 Built for Volume, Designed to Sell Add Amy's whatsapp to get right reply and discount price! WhatsApp: +86 17776015835","_links":{"self":[{"href":"https:\/\/vapestornado.com\/cs\/wp-json\/wp\/v2\/product\/4833","targetHints":{"allow":["GET"]}}],"collection":[{"href":"https:\/\/vapestornado.com\/cs\/wp-json\/wp\/v2\/product"}],"about":[{"href":"https:\/\/vapestornado.com\/cs\/wp-json\/wp\/v2\/types\/product"}],"replies":[{"embeddable":true,"href":"https:\/\/vapestornado.com\/cs\/wp-json\/wp\/v2\/comments?post=4833"}],"wp:featuredmedia":[{"embeddable":true,"href":"https:\/\/vapestornado.com\/cs\/wp-json\/wp\/v2\/media\/4832"}],"wp:attachment":[{"href":"https:\/\/vapestornado.com\/cs\/wp-json\/wp\/v2\/media?parent=4833"}],"wp:term":[{"taxonomy":"product_brand","embeddable":true,"href":"https:\/\/vapestornado.com\/cs\/wp-json\/wp\/v2\/product_brand?post=4833"},{"taxonomy":"product_cat","embeddable":true,"href":"https:\/\/vapestornado.com\/cs\/wp-json\/wp\/v2\/product_cat?post=4833"},{"taxonomy":"product_tag","embeddable":true,"href":"https:\/\/vapestornado.com\/cs\/wp-json\/wp\/v2\/product_tag?post=4833"}],"curies":[{"name":"wp","href":"https:\/\/api.w.org\/{rel}","templated":true}]}}